{"id":8,"date":"2020-12-15T09:36:11","date_gmt":"2020-12-15T08:36:11","guid":{"rendered":"https:\/\/van-graaf-live.pluspol-networks.de\/pl\/?page_id=8"},"modified":"2026-02-02T13:56:14","modified_gmt":"2026-02-02T12:56:14","slug":"fakty","status":"publish","type":"page","link":"https:\/\/www.vangraaf.com\/pl\/przedsiebiorstwo\/fakty\/","title":{"rendered":"Fakty"},"content":{"rendered":"<div class=\"wpb-content-wrapper\">[vc_row bwd_tbc4vd_show_weekday=&#8221;&#8221; full_width=&#8221;stretch_row_content_no_spaces&#8221;][vc_column]<div class=\"keyvisual\" data-aos=\"fade-up\" ><img loading=\"lazy\" decoding=\"async\" width=\"1440\" height=\"480\" src=\"https:\/\/www.vangraaf.com\/pl\/wp-content\/uploads\/sites\/10\/2020\/12\/Unternehmen_Fakten_Banner_WP.jpeg\" class=\"vc_single_image-img\" alt=\"\" srcset=\"https:\/\/www.vangraaf.com\/pl\/wp-content\/uploads\/sites\/10\/2020\/12\/Unternehmen_Fakten_Banner_WP.jpeg 1440w, https:\/\/www.vangraaf.com\/pl\/wp-content\/uploads\/sites\/10\/2020\/12\/Unternehmen_Fakten_Banner_WP-300x100.jpeg 300w, https:\/\/www.vangraaf.com\/pl\/wp-content\/uploads\/sites\/10\/2020\/12\/Unternehmen_Fakten_Banner_WP-1024x341.jpeg 1024w, https:\/\/www.vangraaf.com\/pl\/wp-content\/uploads\/sites\/10\/2020\/12\/Unternehmen_Fakten_Banner_WP-768x256.jpeg 768w, https:\/\/www.vangraaf.com\/pl\/wp-content\/uploads\/sites\/10\/2020\/12\/Unternehmen_Fakten_Banner_WP-1200x400.jpeg 1200w, https:\/\/www.vangraaf.com\/pl\/wp-content\/uploads\/sites\/10\/2020\/12\/Unternehmen_Fakten_Banner_WP-992x331.jpeg 992w, https:\/\/www.vangraaf.com\/pl\/wp-content\/uploads\/sites\/10\/2020\/12\/Unternehmen_Fakten_Banner_WP-480x160.jpeg 480w, https:\/\/www.vangraaf.com\/pl\/wp-content\/uploads\/sites\/10\/2020\/12\/Unternehmen_Fakten_Banner_WP-690x230.jpeg 690w\" sizes=\"(max-width: 1440px) 100vw, 1440px\" \/><\/div>\n        <div class=\"headlines headlines--center\" data-aos=\"fade-up\">\n            <div class=\"vc_row\">\n                <div class=\"vc_col-md-10 vc_col-md-offset-1 vc_col-lg-10 vc_col-lg-offset-1\"><span class=\"h6\">Fakty<\/span><h1 class=\"h2\">Liczby i Filie<\/h1><\/div>\n            <\/div>\n        <\/div>[vc_column_text]\r\n<p style=\"text-align: center\">Ponad 400 pracownic <span class=\"nobr\">i pracownik\u00f3w,<\/span> ponad 200 marek odzie\u017cowych, 15 lokalizacji w ca\u0142ej Europie &#8211; <span class=\"nobr\">to w skr\u00f3cie<\/span> najwa\u017cniejsze informacje o <span class=\"nobr\">VAN GRAAF.<\/span><\/p>\r\n[\/vc_column_text][\/vc_column][\/vc_row][vc_row][vc_column]<ul class=\"vg-element chess-board chess-board--4 chess-board--4--layout-2\" data-aos=\"fade-up\" aria-label=\"Teaser\"><li class=\"chess-board__item  chess-board__item--lightbox\"><a href=\"#lightbox\" class=\"chess-board__item__link js-lightbox js-chess-board\" data-lightbox-template=\"text\" data-lightbox-headline=\"Pracownicy\" data-lightbox-content=\"&lt;h4&gt;Pracownicy&lt;\/h4&gt;&lt;p&gt;Blisko 400 pe\u0142nych zapa\u0142u konsultantek i konsultant\u00f3w dla najwy\u017cszego zadowolenia naszych klientek i klient\u00f3w.&lt;\/p&gt;\" data-lightbox-hide-for-sm=\"true\"  aria-expanded=\"false\"><div class=\"chess-board__item__image\"><img loading=\"lazy\" decoding=\"async\" width=\"400\" height=\"400\" src=\"https:\/\/www.vangraaf.com\/pl\/wp-content\/uploads\/sites\/10\/2020\/12\/Unternehmen_Fakten_Chess_1Begeisterung_WP.jpg\" class=\"attachment-full size-full\" alt=\"\" srcset=\"https:\/\/www.vangraaf.com\/pl\/wp-content\/uploads\/sites\/10\/2020\/12\/Unternehmen_Fakten_Chess_1Begeisterung_WP.jpg 400w, https:\/\/www.vangraaf.com\/pl\/wp-content\/uploads\/sites\/10\/2020\/12\/Unternehmen_Fakten_Chess_1Begeisterung_WP-300x300.jpg 300w, https:\/\/www.vangraaf.com\/pl\/wp-content\/uploads\/sites\/10\/2020\/12\/Unternehmen_Fakten_Chess_1Begeisterung_WP-150x150.jpg 150w, https:\/\/www.vangraaf.com\/pl\/wp-content\/uploads\/sites\/10\/2020\/12\/Unternehmen_Fakten_Chess_1Begeisterung_WP-280x280.jpg 280w\" sizes=\"(max-width: 400px) 100vw, 400px\" \/><\/div><div class=\"chess-board__item__content\"><div class=\"chess-board__item__content__inner\"><div class=\"chess-board__item__content__inner__overflow\"><h4 class=\"\">Pracownicy<\/h4><\/div><\/div><span class=\"show-more\"><\/span><\/div><\/a><div id=\"chess-board-4-item-accordion69fb0dd2d5e8f\" class=\"chess-board__item__accordion\" role=\"region\"><div class=\"chess-board__item__accordion__inner\"><p>Blisko 400 pe\u0142nych zapa\u0142u konsultantek i konsultant\u00f3w dla najwy\u017cszego zadowolenia naszych klientek i klient\u00f3w.<\/p><\/div><\/div><\/li><li class=\"chess-board__item revert chess-board__item--lightbox\"><a href=\"#lightbox\" class=\"chess-board__item__link js-lightbox js-chess-board\" data-lightbox-template=\"text\" data-lightbox-headline=\"Filie\" data-lightbox-content=\"&lt;h4&gt;Filie&lt;\/h4&gt;&lt;p&gt;15 stacjonarnych Dom\u00f3w Mody w 5 europejskich krajach &lt;span class=&quot;nobr&quot;&gt;i 2 sklepy&lt;\/span&gt; internetowe VAN GRAAF, oferuj\u0105ce najmodniejsze kolekcje mi\u0119dzynarodowych marek.&lt;\/p&gt;\" data-lightbox-hide-for-sm=\"true\"  aria-expanded=\"false\"><div class=\"chess-board__item__content\"><div class=\"chess-board__item__content__inner\"><div class=\"chess-board__item__content__inner__overflow\"><h4 class=\"\">Filie<\/h4><\/div><\/div><span class=\"show-more\"><\/span><\/div><div class=\"chess-board__item__image\"><img loading=\"lazy\" decoding=\"async\" width=\"300\" height=\"300\" src=\"https:\/\/www.vangraaf.com\/pl\/wp-content\/uploads\/sites\/10\/2020\/12\/Unternehmen_Startseite_Architektur_VG_WP-1.jpg\" class=\"attachment-full size-full\" alt=\"\" srcset=\"https:\/\/www.vangraaf.com\/pl\/wp-content\/uploads\/sites\/10\/2020\/12\/Unternehmen_Startseite_Architektur_VG_WP-1.jpg 300w, https:\/\/www.vangraaf.com\/pl\/wp-content\/uploads\/sites\/10\/2020\/12\/Unternehmen_Startseite_Architektur_VG_WP-1-150x150.jpg 150w\" sizes=\"(max-width: 300px) 100vw, 300px\" \/><\/div><\/a><div id=\"chess-board-4-item-accordion69fb0dd2d63ad\" class=\"chess-board__item__accordion\" role=\"region\"><div class=\"chess-board__item__accordion__inner\"><p>15 stacjonarnych Dom\u00f3w Mody w 5 europejskich krajach <span class=\"nobr\">i 2 sklepy<\/span> internetowe VAN GRAAF, oferuj\u0105ce najmodniejsze kolekcje mi\u0119dzynarodowych marek.<\/p><\/div><\/div><\/li><li class=\"chess-board__item revert chess-board__item--lightbox\"><a href=\"#lightbox\" class=\"chess-board__item__link js-lightbox js-chess-board\" data-lightbox-template=\"text\" data-lightbox-headline=\"Marki\" data-lightbox-content=\"&lt;h4&gt;Marki&lt;\/h4&gt;&lt;p&gt;Blisko 200 mi\u0119dzynarodowych marek odzie\u017cowych gwarantuj\u0105cych jako\u015b\u0107, r\u00f3\u017cnorodno\u015b\u0107 i zgodno\u015b\u0107 &lt;span class=&quot;nobr&quot;&gt;z najnowszymi&lt;\/span&gt; trendami.&lt;\/p&gt;\" data-lightbox-hide-for-sm=\"true\"  aria-expanded=\"false\"><div class=\"chess-board__item__image\"><img loading=\"lazy\" decoding=\"async\" width=\"300\" height=\"300\" src=\"https:\/\/www.vangraaf.com\/pl\/wp-content\/uploads\/sites\/10\/2020\/12\/Unternehmen_Fakten_Chess_3Modelabels_WP.jpg\" class=\"attachment-full size-full\" alt=\"\" srcset=\"https:\/\/www.vangraaf.com\/pl\/wp-content\/uploads\/sites\/10\/2020\/12\/Unternehmen_Fakten_Chess_3Modelabels_WP.jpg 300w, https:\/\/www.vangraaf.com\/pl\/wp-content\/uploads\/sites\/10\/2020\/12\/Unternehmen_Fakten_Chess_3Modelabels_WP-150x150.jpg 150w\" sizes=\"(max-width: 300px) 100vw, 300px\" \/><\/div><div class=\"chess-board__item__content\"><div class=\"chess-board__item__content__inner\"><div class=\"chess-board__item__content__inner__overflow\"><h4 class=\"\">Marki<\/h4><\/div><\/div><span class=\"show-more\"><\/span><\/div><\/a><div id=\"chess-board-4-item-accordion69fb0dd2d671c\" class=\"chess-board__item__accordion\" role=\"region\"><div class=\"chess-board__item__accordion__inner\"><p>Blisko 200 mi\u0119dzynarodowych marek odzie\u017cowych gwarantuj\u0105cych jako\u015b\u0107, r\u00f3\u017cnorodno\u015b\u0107 i zgodno\u015b\u0107 <span class=\"nobr\">z najnowszymi<\/span> trendami.<\/p><\/div><\/div><\/li><li class=\"chess-board__item  chess-board__item--lightbox\"><a href=\"#lightbox\" class=\"chess-board__item__link js-lightbox js-chess-board\" data-lightbox-template=\"text\" data-lightbox-headline=\"Historia\" data-lightbox-content=\"&lt;h4&gt;Historia&lt;\/h4&gt;&lt;p&gt;Od dw\u00f3ch pokole\u0144 VAN GRAAF pozostaje firm\u0105 rodzinn\u0105.&lt;\/p&gt;\" data-lightbox-hide-for-sm=\"true\"  aria-expanded=\"false\"><div class=\"chess-board__item__content\"><div class=\"chess-board__item__content__inner\"><div class=\"chess-board__item__content__inner__overflow\"><h4 class=\"\">Historia<\/h4><\/div><\/div><span class=\"show-more\"><\/span><\/div><div class=\"chess-board__item__image\"><img loading=\"lazy\" decoding=\"async\" width=\"300\" height=\"300\" src=\"https:\/\/www.vangraaf.com\/pl\/wp-content\/uploads\/sites\/10\/2020\/12\/Unternehmen_Fakten_Chess_4Generationen_WP.jpg\" class=\"attachment-full size-full\" alt=\"\" srcset=\"https:\/\/www.vangraaf.com\/pl\/wp-content\/uploads\/sites\/10\/2020\/12\/Unternehmen_Fakten_Chess_4Generationen_WP.jpg 300w, https:\/\/www.vangraaf.com\/pl\/wp-content\/uploads\/sites\/10\/2020\/12\/Unternehmen_Fakten_Chess_4Generationen_WP-150x150.jpg 150w\" sizes=\"(max-width: 300px) 100vw, 300px\" \/><\/div><\/a><div id=\"chess-board-4-item-accordion69fb0dd2d6ac8\" class=\"chess-board__item__accordion\" role=\"region\"><div class=\"chess-board__item__accordion__inner\"><p>Od dw\u00f3ch pokole\u0144 VAN GRAAF pozostaje firm\u0105 rodzinn\u0105.<\/p><\/div><\/div><\/li><\/ul>[\/vc_column][\/vc_row][vc_row bwd_tbc4vd_show_weekday=&#8221;&#8221; full_width=&#8221;stretch_row_content_no_spaces&#8221;][vc_column]\n            <div class=\"vg-element topic-slider topic-slider--left topic-slider--dark\" style=\"--season-color-1: #ededed; --season-color-2: #002045\" data-aos=\"fade-up\">\n                <div class=\"topic-slider__inner\">\n                    <div class=\"content_wrap\">\n                        <div class=\"vc_row\">\n                            <div class=\"vc_col-md-12 vc_col-lg-10 vc_col-lg-offset-1\">\n                                <div class=\"vc_row\">\n                                    <div class=\"vc_col-sm-6\"><div class=\"topic-slider__image-wrap\"><div class=\"topic-slider__slider-wrap\"><div class=\"js-topic-slider\"><div class=\"topic-slider__slider__item\"><img loading=\"lazy\" decoding=\"async\" width=\"544\" height=\"711\" src=\"https:\/\/www.vangraaf.com\/pl\/wp-content\/uploads\/sites\/10\/2020\/12\/PL_Unternehmen_Online_Shop_ViceVersa_WP.jpg\" class=\"vc_single_image-img attachment-full\" alt=\"\" title=\"PL_Unternehmen_Online_Shop_ViceVersa_WP\" srcset=\"https:\/\/www.vangraaf.com\/pl\/wp-content\/uploads\/sites\/10\/2020\/12\/PL_Unternehmen_Online_Shop_ViceVersa_WP.jpg 544w, https:\/\/www.vangraaf.com\/pl\/wp-content\/uploads\/sites\/10\/2020\/12\/PL_Unternehmen_Online_Shop_ViceVersa_WP-230x300.jpg 230w, https:\/\/www.vangraaf.com\/pl\/wp-content\/uploads\/sites\/10\/2020\/12\/PL_Unternehmen_Online_Shop_ViceVersa_WP-480x627.jpg 480w\" sizes=\"(max-width: 544px) 100vw, 544px\" \/><\/div><\/div><\/div><\/div><\/div><div class=\"vc_col-sm-6 vc_col-md-5 vc_col-md-offset-1\"><div class=\"topic-slider__content\"><span class=\"h4\">VANGRAAF.COM<\/span><p>Moda, lifestyle i najwy\u017csza jako\u015b\u0107 us\u0142ug dost\u0119pna przez ca\u0142\u0105 dob\u0119 w sklepach internetowych VANGRAAF.COM <span class=\"nobr\">w <a href=\"https:\/\/www.vangraaf.com\/de\/\" target=\"_blank\" rel=\"noopener noreferrer\">Niemczech<\/a> i <a href=\"https:\/\/www.vangraaf.com\/pl\/\" target=\"_blank\" rel=\"noopener noreferrer\">Polsce.<\/a><\/span><\/p>\n<\/div><\/div>\n                                <\/div>\n                            <\/div>\n                        <\/div>\n                    <\/div>\n                <\/div>\n            <\/div>[\/vc_column][\/vc_row][vc_row][vc_column]\n        <div class=\"headlines headlines--center\" data-aos=\"fade-up\">\n            <div class=\"vc_row\">\n                <div class=\"vc_col-md-10 vc_col-md-offset-1 vc_col-lg-10 vc_col-lg-offset-1\"><h2 class=\"h2\">Nasze lokalizacje w Europie<\/h2><\/div>\n            <\/div>\n        <\/div><div data-leaflet-options=\"{&quot;marker&quot;:{&quot;3703&quot;:{&quot;title&quot;:&quot;Budapeszt, Allee&quot;,&quot;lat&quot;:&quot;47.47537715&quot;,&quot;long&quot;:&quot;19.04934103&quot;,&quot;category&quot;:&quot;vg&quot;,&quot;tooltip&quot;:&quot;&lt;strong&gt;Budapeszt, Allee&lt;\\\/strong&gt;&lt;p&gt;Salon sprzeda\\u017cy&lt;\\\/p&gt;&lt;p&gt;&lt;a class=\\&quot;button\\&quot; href=\\&quot;https:\\\/\\\/www.vangraaf.com\\\/hu\\\/divathazaink\\\/budapest-allee\\\/\\&quot;&gt;Lokalizacja&lt;\\\/a&gt;&lt;\\\/p&gt;&quot;},&quot;3704&quot;:{&quot;title&quot;:&quot;Budapeszt, \\u00c1rk\\u00e1d&quot;,&quot;lat&quot;:&quot;47.5030067&quot;,&quot;long&quot;:&quot;19.14136971&quot;,&quot;category&quot;:&quot;vg&quot;,&quot;tooltip&quot;:&quot;&lt;strong&gt;Budapeszt, \\u00c1rk\\u00e1d&lt;\\\/strong&gt;&lt;p&gt;Salon sprzeda\\u017cy&lt;\\\/p&gt;&lt;p&gt;&lt;a class=\\&quot;button\\&quot; href=\\&quot;https:\\\/\\\/www.vangraaf.com\\\/hu\\\/divathazaink\\\/budapest-arkad\\\/\\&quot;&gt;Lokalizacja&lt;\\\/a&gt;&lt;\\\/p&gt;&quot;},&quot;3705&quot;:{&quot;title&quot;:&quot;Gda\\u0144sk&quot;,&quot;lat&quot;:&quot;54.3493276&quot;,&quot;long&quot;:&quot;18.6442557&quot;,&quot;category&quot;:&quot;vg&quot;,&quot;tooltip&quot;:&quot;&lt;strong&gt;Gda\\u0144sk&lt;\\\/strong&gt;&lt;p&gt;Salon sprzeda\\u017cy&lt;\\\/p&gt;&lt;p&gt;&lt;a class=\\&quot;button\\&quot; href=\\&quot;https:\\\/\\\/www.vangraaf.com\\\/pl\\\/salony\\\/nasze-filie\\\/gdansk\\\/\\&quot;&gt;Lokalizacja&lt;\\\/a&gt;&lt;\\\/p&gt;&quot;},&quot;3706&quot;:{&quot;title&quot;:&quot;Gdynia&quot;,&quot;lat&quot;:&quot;54.5050165&quot;,&quot;long&quot;:&quot;18.5319454&quot;,&quot;category&quot;:&quot;vg&quot;,&quot;tooltip&quot;:&quot;&lt;strong&gt;Gdynia&lt;\\\/strong&gt;&lt;p&gt;Salon sprzeda\\u017cy&lt;\\\/p&gt;&lt;p&gt;&lt;a class=\\&quot;button\\&quot; href=\\&quot;https:\\\/\\\/www.vangraaf.com\\\/pl\\\/salony\\\/nasze-filie\\\/gdynia\\\/\\&quot;&gt;Lokalizacja&lt;\\\/a&gt;&lt;\\\/p&gt;&quot;},&quot;3708&quot;:{&quot;title&quot;:&quot;Katowice Silesia City Center&quot;,&quot;lat&quot;:&quot;50.270513&quot;,&quot;long&quot;:&quot;19.0047342&quot;,&quot;category&quot;:&quot;vg&quot;,&quot;tooltip&quot;:&quot;&lt;strong&gt;Katowice Silesia City Center&lt;\\\/strong&gt;&lt;p&gt;Salon sprzeda\\u017cy&lt;\\\/p&gt;&lt;p&gt;&lt;a class=\\&quot;button\\&quot; href=\\&quot;https:\\\/\\\/www.vangraaf.com\\\/pl\\\/salony\\\/nasze-filie\\\/katowice\\\/\\&quot;&gt;Lokalizacja&lt;\\\/a&gt;&lt;\\\/p&gt;&quot;},&quot;3709&quot;:{&quot;title&quot;:&quot;\\u0141\\u00f3d\\u017a&quot;,&quot;lat&quot;:&quot;51.7792577&quot;,&quot;long&quot;:&quot;19.4447859&quot;,&quot;category&quot;:&quot;vg&quot;,&quot;tooltip&quot;:&quot;&lt;strong&gt;\\u0141\\u00f3d\\u017a&lt;\\\/strong&gt;&lt;p&gt;Salon sprzeda\\u017cy&lt;\\\/p&gt;&lt;p&gt;&lt;a class=\\&quot;button\\&quot; href=\\&quot;https:\\\/\\\/www.vangraaf.com\\\/pl\\\/salony\\\/nasze-filie\\\/lodz\\\/\\&quot;&gt;Lokalizacja&lt;\\\/a&gt;&lt;\\\/p&gt;&quot;},&quot;3711&quot;:{&quot;title&quot;:&quot;Pozna\\u0144, Stary Browar&quot;,&quot;lat&quot;:&quot;52.4012985&quot;,&quot;long&quot;:&quot;16.9277759&quot;,&quot;category&quot;:&quot;vg&quot;,&quot;tooltip&quot;:&quot;&lt;strong&gt;Pozna\\u0144, Stary Browar&lt;\\\/strong&gt;&lt;p&gt;Salon sprzeda\\u017cy&lt;\\\/p&gt;&lt;p&gt;&lt;a class=\\&quot;button\\&quot; href=\\&quot;https:\\\/\\\/www.vangraaf.com\\\/pl\\\/salony\\\/nasze-filie\\\/poznan-stary-browar\\\/\\&quot;&gt;Lokalizacja&lt;\\\/a&gt;&lt;\\\/p&gt;&quot;},&quot;3717&quot;:{&quot;title&quot;:&quot;Ryga&quot;,&quot;lat&quot;:&quot;56.9244304&quot;,&quot;long&quot;:&quot;24.1721953&quot;,&quot;category&quot;:&quot;vg&quot;,&quot;tooltip&quot;:&quot;&lt;strong&gt;Ryga&lt;\\\/strong&gt;&lt;p&gt;Salon sprzeda\\u017cy&lt;\\\/p&gt;&lt;p&gt;&lt;a class=\\&quot;button\\&quot; href=\\&quot;https:\\\/\\\/www.vangraaf.com\\\/lv\\\/par-mums\\\/riga\\\/\\&quot;&gt;Lokalizacja&lt;\\\/a&gt;&lt;\\\/p&gt;&quot;},&quot;3722&quot;:{&quot;title&quot;:&quot;Sopot&quot;,&quot;lat&quot;:&quot;54.44455297892016&quot;,&quot;long&quot;:&quot;18.567380152994758&quot;,&quot;category&quot;:&quot;vg&quot;,&quot;tooltip&quot;:&quot;&lt;strong&gt;Sopot&lt;\\\/strong&gt;&lt;p&gt;Outlet&lt;\\\/p&gt;&lt;p&gt;&lt;a class=\\&quot;button\\&quot; href=\\&quot;https:\\\/\\\/www.vangraaf.com\\\/pl\\\/salony\\\/nasze-filie\\\/sopot-outlet\\\/\\&quot;&gt;Lokalizacja&lt;\\\/a&gt;&lt;\\\/p&gt;&quot;},&quot;3713&quot;:{&quot;title&quot;:&quot;Spreitenbach ko\\u0142o Zurichu&quot;,&quot;lat&quot;:&quot;47.42360321&quot;,&quot;long&quot;:&quot;8.37162911&quot;,&quot;category&quot;:&quot;vg&quot;,&quot;tooltip&quot;:&quot;&lt;strong&gt;Spreitenbach ko\\u0142o Zurichu&lt;\\\/strong&gt;&lt;p&gt;Salon sprzeda\\u017cy&lt;\\\/p&gt;&lt;p&gt;&lt;a class=\\&quot;button\\&quot; href=\\&quot;https:\\\/\\\/www.vangraaf.com\\\/ch\\\/haus\\\/spreitenbach\\\/\\&quot;&gt;Lokalizacja&lt;\\\/a&gt;&lt;\\\/p&gt;&quot;},&quot;3714&quot;:{&quot;title&quot;:&quot;Szczecin&quot;,&quot;lat&quot;:&quot;53.4277687&quot;,&quot;long&quot;:&quot;14.5511149&quot;,&quot;category&quot;:&quot;vg&quot;,&quot;tooltip&quot;:&quot;&lt;strong&gt;Szczecin&lt;\\\/strong&gt;&lt;p&gt;Salon sprzeda\\u017cy&lt;\\\/p&gt;&lt;p&gt;&lt;a class=\\&quot;button\\&quot; href=\\&quot;https:\\\/\\\/www.vangraaf.com\\\/pl\\\/salony\\\/nasze-filie\\\/szczecin\\\/\\&quot;&gt;Lokalizacja&lt;\\\/a&gt;&lt;\\\/p&gt;&quot;},&quot;3721&quot;:{&quot;title&quot;:&quot;Warszawa, Galeria M\\u0142ociny&quot;,&quot;lat&quot;:&quot;52.288160&quot;,&quot;long&quot;:&quot;20.928220&quot;,&quot;category&quot;:&quot;vg&quot;,&quot;tooltip&quot;:&quot;&lt;strong&gt;Warszawa, Galeria M\\u0142ociny&lt;\\\/strong&gt;&lt;p&gt;Salon sprzeda\\u017cy&lt;\\\/p&gt;&lt;p&gt;&lt;a class=\\&quot;button\\&quot; href=\\&quot;https:\\\/\\\/www.vangraaf.com\\\/pl\\\/salony\\\/nasze-filie\\\/warszawa-galerii-mlociny\\\/\\&quot;&gt;Lokalizacja&lt;\\\/a&gt;&lt;\\\/p&gt;&quot;},&quot;3715&quot;:{&quot;title&quot;:&quot;Warszawa, Z\\u0142ote Tarasy&quot;,&quot;lat&quot;:&quot;52.2307089&quot;,&quot;long&quot;:&quot;21.0021248&quot;,&quot;category&quot;:&quot;vg&quot;,&quot;tooltip&quot;:&quot;&lt;strong&gt;Warszawa, Z\\u0142ote Tarasy&lt;\\\/strong&gt;&lt;p&gt;Salon sprzeda\\u017cy&lt;\\\/p&gt;&lt;p&gt;&lt;a class=\\&quot;button\\&quot; href=\\&quot;https:\\\/\\\/www.vangraaf.com\\\/pl\\\/salony\\\/nasze-filie\\\/warszawa-zlote-tarasy\\\/\\&quot;&gt;Lokalizacja&lt;\\\/a&gt;&lt;\\\/p&gt;&quot;}},&quot;zoom&quot;:&quot;5&quot;,&quot;center&quot;:{&quot;lat&quot;:&quot;52.28356418760388&quot;,&quot;long&quot;:&quot;15.087167930000023&quot;}}\" data-uc-options=\"{&quot;serviceName&quot;:&quot;OpenStreetMap&quot;,&quot;serviceID&quot;:&quot;j7Igy6o8D&quot;,&quot;description&quot;:&quot;Wykorzystujemy serwisy zewn\\u0119trznych us\\u0142ugodawc\\u00f3w, aby wprowadza\\u0107 dane kart. Ten serwis mo\\u017ce gromadzi\\u0107 dane o Twoich aktywno\\u015bciach. Przeczytaj szczeg\\u00f3\\u0142owe informacje i wyra\\u017a zgod\\u0119 na korzystanie z serwisu, aby udost\\u0119pnia\\u0107 kart\\u0119.&quot;}\"><div id=\"leaflet\"><\/div><\/div>[\/vc_column][\/vc_row]<\/div>","protected":false},"excerpt":{"rendered":"[vc_row bwd_tbc4vd_show_weekday=&#8221;&#8221; full_width=&#8221;stretch_row_content_no_spaces&#8221;][vc_column][vc_column_text] Ponad 400 pracownic i pracownik\u00f3w, ponad 200 marek odzie\u017cowych, 15 lokalizacji w ca\u0142ej Europie &#8211; to w skr\u00f3cie najwa\u017cniejsze informacje o VAN GRAAF. [\/vc_column_text][\/vc_column][\/vc_row][vc_row][vc_column][\/vc_column][\/vc_row][vc_row bwd_tbc4vd_show_weekday=&#8221;&#8221; full_width=&#8221;stretch_row_content_no_spaces&#8221;][vc_column][\/vc_column][\/vc_row][vc_row][vc_column][\/vc_column][\/vc_row]","protected":false},"author":6,"featured_media":0,"parent":6,"menu_order":0,"comment_status":"closed","ping_status":"closed","template":"","meta":{"_acf_changed":false,"inline_featured_image":false,"footnotes":""},"class_list":["post-8","page","type-page","status-publish","hentry"],"acf":[],"yoast_head":"<!-- This site is optimized with the Yoast SEO plugin v27.2 - https:\/\/yoast.com\/product\/yoast-seo-wordpress\/ -->\n<title>VAN GRAAF Polska - Fakty<\/title>\n<meta name=\"description\" content=\"Ponad 800 pracownic i pracownik\u00f3w, ponad 200 marek odzie\u017cowych, 16 lokalizacji w ca\u0142ej Europie - to w skr\u00f3cie najwa\u017cniejsze informacje o VAN GRAAF.\" \/>\n<meta name=\"robots\" content=\"index, follow, max-snippet:-1, max-image-preview:large, max-video-preview:-1\" \/>\n<link rel=\"canonical\" href=\"https:\/\/www.vangraaf.com\/pl\/przedsiebiorstwo\/fakty\/\" \/>\n<meta property=\"og:locale\" content=\"pl_PL\" \/>\n<meta property=\"og:type\" content=\"article\" \/>\n<meta property=\"og:title\" content=\"VAN GRAAF Polska - Fakty\" \/>\n<meta property=\"og:description\" content=\"Ponad 800 pracownic i pracownik\u00f3w, ponad 200 marek odzie\u017cowych, 16 lokalizacji w ca\u0142ej Europie - to w skr\u00f3cie najwa\u017cniejsze informacje o VAN GRAAF.\" \/>\n<meta property=\"og:url\" content=\"https:\/\/www.vangraaf.com\/pl\/przedsiebiorstwo\/fakty\/\" \/>\n<meta property=\"og:site_name\" content=\"VAN GRAAF Polska\" \/>\n<meta property=\"article:modified_time\" content=\"2026-02-02T12:56:14+00:00\" \/>\n<meta name=\"twitter:card\" content=\"summary_large_image\" \/>\n<meta name=\"twitter:label1\" content=\"Szacowany czas czytania\" \/>\n\t<meta name=\"twitter:data1\" content=\"1 minuta\" \/>\n<script type=\"application\/ld+json\" class=\"yoast-schema-graph\">{\"@context\":\"https:\/\/schema.org\",\"@graph\":[{\"@type\":\"WebPage\",\"@id\":\"https:\/\/www.vangraaf.com\/pl\/przedsiebiorstwo\/fakty\/\",\"url\":\"https:\/\/www.vangraaf.com\/pl\/przedsiebiorstwo\/fakty\/\",\"name\":\"VAN GRAAF Polska - Fakty\",\"isPartOf\":{\"@id\":\"https:\/\/www.vangraaf.com\/pl\/#website\"},\"datePublished\":\"2020-12-15T08:36:11+00:00\",\"dateModified\":\"2026-02-02T12:56:14+00:00\",\"description\":\"Ponad 800 pracownic i pracownik\u00f3w, ponad 200 marek odzie\u017cowych, 16 lokalizacji w ca\u0142ej Europie - to w skr\u00f3cie najwa\u017cniejsze informacje o VAN GRAAF.\",\"breadcrumb\":{\"@id\":\"https:\/\/www.vangraaf.com\/pl\/przedsiebiorstwo\/fakty\/#breadcrumb\"},\"inLanguage\":\"pl-PL\",\"potentialAction\":[{\"@type\":\"ReadAction\",\"target\":[\"https:\/\/www.vangraaf.com\/pl\/przedsiebiorstwo\/fakty\/\"]}]},{\"@type\":\"BreadcrumbList\",\"@id\":\"https:\/\/www.vangraaf.com\/pl\/przedsiebiorstwo\/fakty\/#breadcrumb\",\"itemListElement\":[{\"@type\":\"ListItem\",\"position\":1,\"name\":\"Startseite\",\"item\":\"https:\/\/www.vangraaf.com\/pl\/\"},{\"@type\":\"ListItem\",\"position\":2,\"name\":\"Przedsi\u0119biorstwo\",\"item\":\"https:\/\/www.vangraaf.com\/pl\/przedsiebiorstwo\/\"},{\"@type\":\"ListItem\",\"position\":3,\"name\":\"Fakty\"}]},{\"@type\":\"WebSite\",\"@id\":\"https:\/\/www.vangraaf.com\/pl\/#website\",\"url\":\"https:\/\/www.vangraaf.com\/pl\/\",\"name\":\"VAN GRAAF\",\"description\":\"VAN GRAAF\",\"potentialAction\":[{\"@type\":\"SearchAction\",\"target\":{\"@type\":\"EntryPoint\",\"urlTemplate\":\"https:\/\/www.vangraaf.com\/pl\/?s={search_term_string}\"},\"query-input\":{\"@type\":\"PropertyValueSpecification\",\"valueRequired\":true,\"valueName\":\"search_term_string\"}}],\"inLanguage\":\"pl-PL\"}]}<\/script>\n<!-- \/ Yoast SEO plugin. -->","yoast_head_json":{"title":"VAN GRAAF Polska - Fakty","description":"Ponad 800 pracownic i pracownik\u00f3w, ponad 200 marek odzie\u017cowych, 16 lokalizacji w ca\u0142ej Europie - to w skr\u00f3cie najwa\u017cniejsze informacje o VAN GRAAF.","robots":{"index":"index","follow":"follow","max-snippet":"max-snippet:-1","max-image-preview":"max-image-preview:large","max-video-preview":"max-video-preview:-1"},"canonical":"https:\/\/www.vangraaf.com\/pl\/przedsiebiorstwo\/fakty\/","og_locale":"pl_PL","og_type":"article","og_title":"VAN GRAAF Polska - Fakty","og_description":"Ponad 800 pracownic i pracownik\u00f3w, ponad 200 marek odzie\u017cowych, 16 lokalizacji w ca\u0142ej Europie - to w skr\u00f3cie najwa\u017cniejsze informacje o VAN GRAAF.","og_url":"https:\/\/www.vangraaf.com\/pl\/przedsiebiorstwo\/fakty\/","og_site_name":"VAN GRAAF Polska","article_modified_time":"2026-02-02T12:56:14+00:00","twitter_card":"summary_large_image","twitter_misc":{"Szacowany czas czytania":"1 minuta"},"schema":{"@context":"https:\/\/schema.org","@graph":[{"@type":"WebPage","@id":"https:\/\/www.vangraaf.com\/pl\/przedsiebiorstwo\/fakty\/","url":"https:\/\/www.vangraaf.com\/pl\/przedsiebiorstwo\/fakty\/","name":"VAN GRAAF Polska - Fakty","isPartOf":{"@id":"https:\/\/www.vangraaf.com\/pl\/#website"},"datePublished":"2020-12-15T08:36:11+00:00","dateModified":"2026-02-02T12:56:14+00:00","description":"Ponad 800 pracownic i pracownik\u00f3w, ponad 200 marek odzie\u017cowych, 16 lokalizacji w ca\u0142ej Europie - to w skr\u00f3cie najwa\u017cniejsze informacje o VAN GRAAF.","breadcrumb":{"@id":"https:\/\/www.vangraaf.com\/pl\/przedsiebiorstwo\/fakty\/#breadcrumb"},"inLanguage":"pl-PL","potentialAction":[{"@type":"ReadAction","target":["https:\/\/www.vangraaf.com\/pl\/przedsiebiorstwo\/fakty\/"]}]},{"@type":"BreadcrumbList","@id":"https:\/\/www.vangraaf.com\/pl\/przedsiebiorstwo\/fakty\/#breadcrumb","itemListElement":[{"@type":"ListItem","position":1,"name":"Startseite","item":"https:\/\/www.vangraaf.com\/pl\/"},{"@type":"ListItem","position":2,"name":"Przedsi\u0119biorstwo","item":"https:\/\/www.vangraaf.com\/pl\/przedsiebiorstwo\/"},{"@type":"ListItem","position":3,"name":"Fakty"}]},{"@type":"WebSite","@id":"https:\/\/www.vangraaf.com\/pl\/#website","url":"https:\/\/www.vangraaf.com\/pl\/","name":"VAN GRAAF","description":"VAN GRAAF","potentialAction":[{"@type":"SearchAction","target":{"@type":"EntryPoint","urlTemplate":"https:\/\/www.vangraaf.com\/pl\/?s={search_term_string}"},"query-input":{"@type":"PropertyValueSpecification","valueRequired":true,"valueName":"search_term_string"}}],"inLanguage":"pl-PL"}]}},"_links":{"self":[{"href":"https:\/\/www.vangraaf.com\/pl\/wp-json\/wp\/v2\/pages\/8","targetHints":{"allow":["GET"]}}],"collection":[{"href":"https:\/\/www.vangraaf.com\/pl\/wp-json\/wp\/v2\/pages"}],"about":[{"href":"https:\/\/www.vangraaf.com\/pl\/wp-json\/wp\/v2\/types\/page"}],"author":[{"embeddable":true,"href":"https:\/\/www.vangraaf.com\/pl\/wp-json\/wp\/v2\/users\/6"}],"replies":[{"embeddable":true,"href":"https:\/\/www.vangraaf.com\/pl\/wp-json\/wp\/v2\/comments?post=8"}],"version-history":[{"count":31,"href":"https:\/\/www.vangraaf.com\/pl\/wp-json\/wp\/v2\/pages\/8\/revisions"}],"predecessor-version":[{"id":1312,"href":"https:\/\/www.vangraaf.com\/pl\/wp-json\/wp\/v2\/pages\/8\/revisions\/1312"}],"up":[{"embeddable":true,"href":"https:\/\/www.vangraaf.com\/pl\/wp-json\/wp\/v2\/pages\/6"}],"wp:attachment":[{"href":"https:\/\/www.vangraaf.com\/pl\/wp-json\/wp\/v2\/media?parent=8"}],"curies":[{"name":"wp","href":"https:\/\/api.w.org\/{rel}","templated":true}]}}