{"id":6,"date":"2020-12-15T09:35:49","date_gmt":"2020-12-15T08:35:49","guid":{"rendered":"https:\/\/van-graaf-live.pluspol-networks.de\/pl\/?page_id=6"},"modified":"2026-01-06T16:48:33","modified_gmt":"2026-01-06T15:48:33","slug":"przedsiebiorstwo","status":"publish","type":"page","link":"https:\/\/www.vangraaf.com\/pl\/przedsiebiorstwo\/","title":{"rendered":"Przedsi\u0119biorstwo"},"content":{"rendered":"<div class=\"wpb-content-wrapper\">[vc_row bwd_tbc4vd_show_weekday=&#8221;&#8221; full_width=&#8221;stretch_row_content_no_spaces&#8221;][vc_column]<div class=\"keyvisual\" data-aos=\"fade-up\" ><img loading=\"lazy\" decoding=\"async\" width=\"1440\" height=\"480\" src=\"https:\/\/www.vangraaf.com\/pl\/wp-content\/uploads\/sites\/10\/2020\/12\/Unternehmen_Startseite_Banner_Prag_WP.jpg\" class=\"vc_single_image-img\" alt=\"\" srcset=\"https:\/\/www.vangraaf.com\/pl\/wp-content\/uploads\/sites\/10\/2020\/12\/Unternehmen_Startseite_Banner_Prag_WP.jpg 1440w, https:\/\/www.vangraaf.com\/pl\/wp-content\/uploads\/sites\/10\/2020\/12\/Unternehmen_Startseite_Banner_Prag_WP-300x100.jpg 300w, https:\/\/www.vangraaf.com\/pl\/wp-content\/uploads\/sites\/10\/2020\/12\/Unternehmen_Startseite_Banner_Prag_WP-1024x341.jpg 1024w, https:\/\/www.vangraaf.com\/pl\/wp-content\/uploads\/sites\/10\/2020\/12\/Unternehmen_Startseite_Banner_Prag_WP-768x256.jpg 768w, https:\/\/www.vangraaf.com\/pl\/wp-content\/uploads\/sites\/10\/2020\/12\/Unternehmen_Startseite_Banner_Prag_WP-1200x400.jpg 1200w, https:\/\/www.vangraaf.com\/pl\/wp-content\/uploads\/sites\/10\/2020\/12\/Unternehmen_Startseite_Banner_Prag_WP-992x331.jpg 992w, https:\/\/www.vangraaf.com\/pl\/wp-content\/uploads\/sites\/10\/2020\/12\/Unternehmen_Startseite_Banner_Prag_WP-480x160.jpg 480w\" sizes=\"(max-width: 1440px) 100vw, 1440px\" \/><\/div>\n        <div class=\"headlines headlines--center\" data-aos=\"fade-up\">\n            <div class=\"vc_row\">\n                <div class=\"vc_col-md-10 vc_col-md-offset-1 vc_col-lg-10 vc_col-lg-offset-1\"><span class=\"h6\">VAN GRAAF<\/span><h1 class=\"h2\">Witamy w VAN GRAAF<\/h1><\/div>\n            <\/div>\n        <\/div>[vc_column_text]\r\n<p style=\"text-align: center\">Appealing quality &#8211; w ca\u0142ej Europie! <span class=\"nobr\">VAN GRAAF<\/span> od momentu powstania w 2001 roku, rozwin\u0105\u0142 si\u0119 w jedn\u0105 z wiod\u0105cych <span class=\"nobr\">i dzia\u0142aj\u0105cych<\/span> na terenie Europy, sp\u00f3\u0142ek bran\u017cy modowej. Opr\u00f3cz 15 sklep\u00f3w stacjonarnych: w Polsce, Czechach, Szwajcarii, na \u0141otwie <span class=\"nobr\">i W\u0119grzech;<\/span> sklepy internetowe <span class=\"nobr\">w Niemczech<\/span> <span class=\"nobr\">i Polsce<\/span> tak\u017ce sta\u0142y si\u0119 cz\u0119\u015bci\u0105 efektywnej <span class=\"nobr\">i wielokana\u0142owej<\/span> sprzeda\u017cy. Przedsi\u0119biorstwo powzi\u0119\u0142o znacz\u0105ce kroki <span class=\"nobr\">w kierunku<\/span> cyfrowej przysz\u0142o\u015bci <span class=\"nobr\">i jest<\/span> <span class=\"nobr\">przygotowane na to,<\/span> aby sprosta\u0107 obecnym <span class=\"nobr\">i przysz\u0142ym<\/span> wyzwaniom spo\u0142ecznym, ekologicznym i gospodarczym.<\/p>\r\n[\/vc_column_text][\/vc_column][\/vc_row][vc_row bwd_tbc4vd_show_weekday=&#8221;&#8221; full_width=&#8221;stretch_row_content_no_spaces&#8221;][vc_column]<div class=\"vice-versa-teaser vice-versa-teaser--dark\" style=\"--season-color: #ededed\" data-aos=\"fade-up\"><div class=\"vice-versa-teaser__inner\">\n                        <div class=\"content_wrap\"><div class=\"vg-element vice-versa-teaser__item vice-versa-teaser__item--left\"><div class=\"vc_row vc_row-flex\"><div class=\"vc_col-xs-12 vc_col-sm-6\"><div class=\"vice-versa-teaser__item__image-wrap\"><a class=\"\" href=\"https:\/\/www.vangraaf.com\/pl\/przedsiebiorstwo\/fakty\/\" target=\"_self\" rel=\"\" style=\"\"><img loading=\"lazy\" decoding=\"async\" width=\"557\" height=\"737\" src=\"https:\/\/www.vangraaf.com\/pl\/wp-content\/uploads\/sites\/10\/2020\/12\/Unternehmen_Startseite_Fakten_WP.jpg\" class=\"attachment-van-graaf-vice-versa-teaser size-van-graaf-vice-versa-teaser\" alt=\"\" srcset=\"https:\/\/www.vangraaf.com\/pl\/wp-content\/uploads\/sites\/10\/2020\/12\/Unternehmen_Startseite_Fakten_WP.jpg 557w, https:\/\/www.vangraaf.com\/pl\/wp-content\/uploads\/sites\/10\/2020\/12\/Unternehmen_Startseite_Fakten_WP-227x300.jpg 227w, https:\/\/www.vangraaf.com\/pl\/wp-content\/uploads\/sites\/10\/2020\/12\/Unternehmen_Startseite_Fakten_WP-480x635.jpg 480w\" sizes=\"(max-width: 557px) 100vw, 557px\" \/><\/a><\/div><\/div><div class=\"vice-versa-teaser__item__content-wrap vc_col-xs-12 vc_col-sm-6 vc_col-md-4 vc_col-md-offset-1\"><div class=\"vice-versa-teaser__item__content\"><h3>Fakty<\/h3><p>Ponad 400 pracownic i pracownik\u00f3w, ponad 200 marek odzie\u017cowych, <span class=\"nobr\">17 lokalizacji<\/span> w ca\u0142ej Europie - to w skr\u00f3cie najwa\u017cniejsze informacje o VAN GRAAF. <\/p><a class=\"button button--dark\" href=\"https:\/\/www.vangraaf.com\/pl\/przedsiebiorstwo\/fakty\/\" target=\"_self\" rel=\"\" style=\"\">Wi\u0119cej informacji<\/a><\/div><\/div><\/div><\/div><div class=\"vg-element vice-versa-teaser__item vice-versa-teaser__item--right\"><div class=\"vc_row vc_row-flex\"><div class=\"vc_col-xs-12 vc_col-sm-6 vc_col-sm-push-6\"><div class=\"vice-versa-teaser__item__image-wrap\"><a class=\"\" href=\"https:\/\/www.vangraaf.com\/pl\/kariera\/\" target=\"_blank\" rel=\"\" style=\"\"><img loading=\"lazy\" decoding=\"async\" width=\"555\" height=\"735\" src=\"https:\/\/www.vangraaf.com\/pl\/wp-content\/uploads\/sites\/10\/2020\/12\/Karriere.jpg\" class=\"attachment-van-graaf-vice-versa-teaser size-van-graaf-vice-versa-teaser\" alt=\"\" srcset=\"https:\/\/www.vangraaf.com\/pl\/wp-content\/uploads\/sites\/10\/2020\/12\/Karriere.jpg 555w, https:\/\/www.vangraaf.com\/pl\/wp-content\/uploads\/sites\/10\/2020\/12\/Karriere-227x300.jpg 227w, https:\/\/www.vangraaf.com\/pl\/wp-content\/uploads\/sites\/10\/2020\/12\/Karriere-480x636.jpg 480w\" sizes=\"(max-width: 555px) 100vw, 555px\" \/><\/a><\/div><\/div><div class=\"vice-versa-teaser__item__content-wrap vc_col-xs-12 vc_col-sm-6 vc_col-md-4 vc_col-md-offset-1 vc_col-sm-pull-6\"><div class=\"vice-versa-teaser__item__content\"><h3>Kariera<\/h3><p>Z pasj\u0105 do mody i ludzi: przed naszymi pracownicami i pracownikami stoj\u0105 du\u017ce mo\u017cliwo\u015bci rozwoju i kariery - od Gda\u0144ska po Budapeszt, od os\u00f3b pracuj\u0105cych <span class=\"nobr\">w niepe\u0142nym<\/span> wymiarze godzin <span class=\"nobr\">po stanowiska kierownicze,<\/span> od ekspertek <span class=\"nobr\">i ekspert\u00f3w<\/span> <span class=\"nobr\">w dziedzinie<\/span> mody <span class=\"nobr\">a\u017c po talenty organizacyjne.<\/span><\/p><a class=\"button button--dark\" href=\"https:\/\/www.vangraaf.com\/pl\/kariera\/\" target=\"_blank\" rel=\"\" style=\"\">Wi\u0119cej informacji<\/a><\/div><\/div><\/div><\/div><div class=\"vg-element vice-versa-teaser__item vice-versa-teaser__item--left\"><div class=\"vc_row vc_row-flex\"><div class=\"vc_col-xs-12 vc_col-sm-6\"><div class=\"vice-versa-teaser__item__image-wrap\"><a class=\"\" href=\"https:\/\/www.vangraaf.com\/pl\/przedsiebiorstwo\/zrownowazony-rozwoj\/\" target=\"_self\" rel=\"\" style=\"\"><img loading=\"lazy\" decoding=\"async\" width=\"544\" height=\"711\" src=\"https:\/\/www.vangraaf.com\/pl\/wp-content\/uploads\/sites\/10\/2021\/05\/nachhaltigkeit_Baeume_viceversa.jpg\" class=\"attachment-van-graaf-vice-versa-teaser size-van-graaf-vice-versa-teaser\" alt=\"Widok z do\u0142u na wysokie drzewa w lesie, z zielonymi li\u015b\u0107mi i niebem w tle.\" srcset=\"https:\/\/www.vangraaf.com\/pl\/wp-content\/uploads\/sites\/10\/2021\/05\/nachhaltigkeit_Baeume_viceversa.jpg 544w, https:\/\/www.vangraaf.com\/pl\/wp-content\/uploads\/sites\/10\/2021\/05\/nachhaltigkeit_Baeume_viceversa-230x300.jpg 230w, https:\/\/www.vangraaf.com\/pl\/wp-content\/uploads\/sites\/10\/2021\/05\/nachhaltigkeit_Baeume_viceversa-480x627.jpg 480w\" sizes=\"(max-width: 544px) 100vw, 544px\" \/><\/a><\/div><\/div><div class=\"vice-versa-teaser__item__content-wrap vc_col-xs-12 vc_col-sm-6 vc_col-md-4 vc_col-md-offset-1\"><div class=\"vice-versa-teaser__item__content\"><h3>Zr\u00f3wnowa\u017cony rozw\u00f3j  <\/h3><p>Powa\u017cnie traktujemy nasz\u0105 spo\u0142eczn\u0105 odpowiedzialno\u015b\u0107 dlatego zobowi\u0105zujemy <span class=\"nobr\">si\u0119 do spo\u0142ecznie<\/span> <span class=\"nobr\">i ekologicznie<\/span> zr\u00f3wnowa\u017conej produkcji oraz <span class=\"nobr\">do zarz\u0105dzania<\/span> recyklingiem naszego asortymentu. <\/p><a class=\"button button--dark\" href=\"https:\/\/www.vangraaf.com\/pl\/przedsiebiorstwo\/zrownowazony-rozwoj\/\" target=\"_self\" rel=\"\" style=\"\">Wi\u0119cej informacji<\/a><\/div><\/div><\/div><\/div><\/div><\/div><\/div>[\/vc_column][\/vc_row][vc_row][vc_column]<ul class=\"vg-element chess-board chess-board--4 chess-board--4--layout-2\" data-aos=\"fade-up\" aria-label=\"Teaser\"><li class=\"chess-board__item \"><a class=\"chess-board__item__link\" href=\"https:\/\/www.vangraaf.com\/pl\/przedsiebiorstwo\/grupa-przedsiebiorstw\/\" target=\"_self\" rel=\"\" style=\"\"><div class=\"chess-board__item__image\"><img loading=\"lazy\" decoding=\"async\" width=\"300\" height=\"300\" src=\"https:\/\/www.vangraaf.com\/pl\/wp-content\/uploads\/sites\/10\/2020\/12\/Unternehmen_Startseite_Unternehmensgruppe_VG_WP.jpg\" class=\"attachment-full size-full\" alt=\"\" srcset=\"https:\/\/www.vangraaf.com\/pl\/wp-content\/uploads\/sites\/10\/2020\/12\/Unternehmen_Startseite_Unternehmensgruppe_VG_WP.jpg 300w, https:\/\/www.vangraaf.com\/pl\/wp-content\/uploads\/sites\/10\/2020\/12\/Unternehmen_Startseite_Unternehmensgruppe_VG_WP-150x150.jpg 150w\" sizes=\"(max-width: 300px) 100vw, 300px\" \/><\/div><div class=\"chess-board__item__content\"><div class=\"chess-board__item__content__inner\"><div class=\"chess-board__item__content__inner__overflow\"><h4 class=\"\">Grupa przedsi\u0119biorstw <\/h4><\/div><\/div><span class=\"show-more\"><\/span><\/div><\/a><\/li><li class=\"chess-board__item revert\"><a class=\"chess-board__item__link\" href=\"https:\/\/www.vangraaf.com\/pl\/przedsiebiorstwo\/historia\/\" target=\"_self\" rel=\"\" style=\"\"><div class=\"chess-board__item__content\"><div class=\"chess-board__item__content__inner\"><div class=\"chess-board__item__content__inner__overflow\"><h4 class=\"\">Historia <\/h4><\/div><\/div><span class=\"show-more\"><\/span><\/div><div class=\"chess-board__item__image\"><img loading=\"lazy\" decoding=\"async\" width=\"300\" height=\"300\" src=\"https:\/\/www.vangraaf.com\/pl\/wp-content\/uploads\/sites\/10\/2020\/12\/Unternehmen_Startseite_Historie_WP.jpg\" class=\"attachment-full size-full\" alt=\"\" srcset=\"https:\/\/www.vangraaf.com\/pl\/wp-content\/uploads\/sites\/10\/2020\/12\/Unternehmen_Startseite_Historie_WP.jpg 300w, https:\/\/www.vangraaf.com\/pl\/wp-content\/uploads\/sites\/10\/2020\/12\/Unternehmen_Startseite_Historie_WP-150x150.jpg 150w\" sizes=\"(max-width: 300px) 100vw, 300px\" \/><\/div><\/a><\/li><li class=\"chess-board__item revert\"><a class=\"chess-board__item__link\" href=\"https:\/\/www.vangraaf.com\/pl\/przedsiebiorstwo\/ekspert-w-dziedzinie-mody\/\" target=\"_self\" rel=\"\" style=\"\"><div class=\"chess-board__item__image\"><img loading=\"lazy\" decoding=\"async\" width=\"400\" height=\"400\" src=\"https:\/\/www.vangraaf.com\/pl\/wp-content\/uploads\/sites\/10\/2020\/12\/Unternehmen_Startseite_Modekompetenz_WP.jpg\" class=\"attachment-full size-full\" alt=\"\" srcset=\"https:\/\/www.vangraaf.com\/pl\/wp-content\/uploads\/sites\/10\/2020\/12\/Unternehmen_Startseite_Modekompetenz_WP.jpg 400w, https:\/\/www.vangraaf.com\/pl\/wp-content\/uploads\/sites\/10\/2020\/12\/Unternehmen_Startseite_Modekompetenz_WP-300x300.jpg 300w, https:\/\/www.vangraaf.com\/pl\/wp-content\/uploads\/sites\/10\/2020\/12\/Unternehmen_Startseite_Modekompetenz_WP-150x150.jpg 150w, https:\/\/www.vangraaf.com\/pl\/wp-content\/uploads\/sites\/10\/2020\/12\/Unternehmen_Startseite_Modekompetenz_WP-280x280.jpg 280w\" sizes=\"(max-width: 400px) 100vw, 400px\" \/><\/div><div class=\"chess-board__item__content\"><div class=\"chess-board__item__content__inner\"><div class=\"chess-board__item__content__inner__overflow\"><h4 class=\"\">Ekspert w dziedzinie mody <\/h4><\/div><\/div><span class=\"show-more\"><\/span><\/div><\/a><\/li><li class=\"chess-board__item \"><a class=\"chess-board__item__link\" href=\"https:\/\/www.vangraaf.com\/pl\/przedsiebiorstwo\/architektura\/\" target=\"_self\" rel=\"\" style=\"\"><div class=\"chess-board__item__content\"><div class=\"chess-board__item__content__inner\"><div class=\"chess-board__item__content__inner__overflow\"><h4 class=\"\">Architektura <\/h4><\/div><\/div><span class=\"show-more\"><\/span><\/div><div class=\"chess-board__item__image\"><img loading=\"lazy\" decoding=\"async\" width=\"300\" height=\"300\" src=\"https:\/\/www.vangraaf.com\/pl\/wp-content\/uploads\/sites\/10\/2020\/12\/Unternehmen_Startseite_Architektur_VG_WP.jpg\" class=\"attachment-full size-full\" alt=\"\" srcset=\"https:\/\/www.vangraaf.com\/pl\/wp-content\/uploads\/sites\/10\/2020\/12\/Unternehmen_Startseite_Architektur_VG_WP.jpg 300w, https:\/\/www.vangraaf.com\/pl\/wp-content\/uploads\/sites\/10\/2020\/12\/Unternehmen_Startseite_Architektur_VG_WP-150x150.jpg 150w\" sizes=\"(max-width: 300px) 100vw, 300px\" \/><\/div><\/a><\/li><\/ul>[\/vc_column][\/vc_row]<\/div>","protected":false},"excerpt":{"rendered":"[vc_row bwd_tbc4vd_show_weekday=&#8221;&#8221; full_width=&#8221;stretch_row_content_no_spaces&#8221;][vc_column][vc_column_text] Appealing quality &#8211; w ca\u0142ej Europie! VAN GRAAF od momentu powstania w 2001 roku, rozwin\u0105\u0142 si\u0119 w jedn\u0105 z wiod\u0105cych i dzia\u0142aj\u0105cych na terenie Europy, sp\u00f3\u0142ek bran\u017cy modowej. Opr\u00f3cz 15 sklep\u00f3w stacjonarnych: w Polsce, Czechach, Szwajcarii, na \u0141otwie i W\u0119grzech; sklepy internetowe w Niemczech i Polsce tak\u017ce sta\u0142y si\u0119 cz\u0119\u015bci\u0105 efektywnej i [&hellip;]","protected":false},"author":6,"featured_media":0,"parent":0,"menu_order":0,"comment_status":"closed","ping_status":"closed","template":"","meta":{"_acf_changed":false,"inline_featured_image":false,"footnotes":""},"class_list":["post-6","page","type-page","status-publish","hentry"],"acf":[],"yoast_head":"<!-- This site is optimized with the Yoast SEO plugin v27.2 - https:\/\/yoast.com\/product\/yoast-seo-wordpress\/ -->\n<title>VAN GRAAF Polska \u2013 Przedsi\u0119biorstwo<\/title>\n<meta name=\"description\" content=\"VAN GRAAF od momentu powstania w 2001 roku, rozwin\u0105\u0142 si\u0119 w jedn\u0105 z wiod\u0105cych i dzia\u0142aj\u0105cych na terenie Europy, sp\u00f3\u0142ek bran\u017cy modowej.\" \/>\n<meta name=\"robots\" content=\"index, follow, max-snippet:-1, max-image-preview:large, max-video-preview:-1\" \/>\n<link rel=\"canonical\" href=\"https:\/\/www.vangraaf.com\/pl\/przedsiebiorstwo\/\" \/>\n<meta property=\"og:locale\" content=\"pl_PL\" \/>\n<meta property=\"og:type\" content=\"article\" \/>\n<meta property=\"og:title\" content=\"VAN GRAAF Polska \u2013 Przedsi\u0119biorstwo\" \/>\n<meta property=\"og:description\" content=\"VAN GRAAF od momentu powstania w 2001 roku, rozwin\u0105\u0142 si\u0119 w jedn\u0105 z wiod\u0105cych i dzia\u0142aj\u0105cych na terenie Europy, sp\u00f3\u0142ek bran\u017cy modowej.\" \/>\n<meta property=\"og:url\" content=\"https:\/\/www.vangraaf.com\/pl\/przedsiebiorstwo\/\" \/>\n<meta property=\"og:site_name\" content=\"VAN GRAAF Polska\" \/>\n<meta property=\"article:modified_time\" content=\"2026-01-06T15:48:33+00:00\" \/>\n<meta name=\"twitter:card\" content=\"summary_large_image\" \/>\n<meta name=\"twitter:label1\" content=\"Szacowany czas czytania\" \/>\n\t<meta name=\"twitter:data1\" content=\"1 minuta\" \/>\n<script type=\"application\/ld+json\" class=\"yoast-schema-graph\">{\"@context\":\"https:\/\/schema.org\",\"@graph\":[{\"@type\":\"WebPage\",\"@id\":\"https:\/\/www.vangraaf.com\/pl\/przedsiebiorstwo\/\",\"url\":\"https:\/\/www.vangraaf.com\/pl\/przedsiebiorstwo\/\",\"name\":\"VAN GRAAF Polska \u2013 Przedsi\u0119biorstwo\",\"isPartOf\":{\"@id\":\"https:\/\/www.vangraaf.com\/pl\/#website\"},\"datePublished\":\"2020-12-15T08:35:49+00:00\",\"dateModified\":\"2026-01-06T15:48:33+00:00\",\"description\":\"VAN GRAAF od momentu powstania w 2001 roku, rozwin\u0105\u0142 si\u0119 w jedn\u0105 z wiod\u0105cych i dzia\u0142aj\u0105cych na terenie Europy, sp\u00f3\u0142ek bran\u017cy modowej.\",\"breadcrumb\":{\"@id\":\"https:\/\/www.vangraaf.com\/pl\/przedsiebiorstwo\/#breadcrumb\"},\"inLanguage\":\"pl-PL\",\"potentialAction\":[{\"@type\":\"ReadAction\",\"target\":[\"https:\/\/www.vangraaf.com\/pl\/przedsiebiorstwo\/\"]}]},{\"@type\":\"BreadcrumbList\",\"@id\":\"https:\/\/www.vangraaf.com\/pl\/przedsiebiorstwo\/#breadcrumb\",\"itemListElement\":[{\"@type\":\"ListItem\",\"position\":1,\"name\":\"Startseite\",\"item\":\"https:\/\/www.vangraaf.com\/pl\/\"},{\"@type\":\"ListItem\",\"position\":2,\"name\":\"Przedsi\u0119biorstwo\"}]},{\"@type\":\"WebSite\",\"@id\":\"https:\/\/www.vangraaf.com\/pl\/#website\",\"url\":\"https:\/\/www.vangraaf.com\/pl\/\",\"name\":\"VAN GRAAF\",\"description\":\"VAN GRAAF\",\"potentialAction\":[{\"@type\":\"SearchAction\",\"target\":{\"@type\":\"EntryPoint\",\"urlTemplate\":\"https:\/\/www.vangraaf.com\/pl\/?s={search_term_string}\"},\"query-input\":{\"@type\":\"PropertyValueSpecification\",\"valueRequired\":true,\"valueName\":\"search_term_string\"}}],\"inLanguage\":\"pl-PL\"}]}<\/script>\n<!-- \/ Yoast SEO plugin. -->","yoast_head_json":{"title":"VAN GRAAF Polska \u2013 Przedsi\u0119biorstwo","description":"VAN GRAAF od momentu powstania w 2001 roku, rozwin\u0105\u0142 si\u0119 w jedn\u0105 z wiod\u0105cych i dzia\u0142aj\u0105cych na terenie Europy, sp\u00f3\u0142ek bran\u017cy modowej.","robots":{"index":"index","follow":"follow","max-snippet":"max-snippet:-1","max-image-preview":"max-image-preview:large","max-video-preview":"max-video-preview:-1"},"canonical":"https:\/\/www.vangraaf.com\/pl\/przedsiebiorstwo\/","og_locale":"pl_PL","og_type":"article","og_title":"VAN GRAAF Polska \u2013 Przedsi\u0119biorstwo","og_description":"VAN GRAAF od momentu powstania w 2001 roku, rozwin\u0105\u0142 si\u0119 w jedn\u0105 z wiod\u0105cych i dzia\u0142aj\u0105cych na terenie Europy, sp\u00f3\u0142ek bran\u017cy modowej.","og_url":"https:\/\/www.vangraaf.com\/pl\/przedsiebiorstwo\/","og_site_name":"VAN GRAAF Polska","article_modified_time":"2026-01-06T15:48:33+00:00","twitter_card":"summary_large_image","twitter_misc":{"Szacowany czas czytania":"1 minuta"},"schema":{"@context":"https:\/\/schema.org","@graph":[{"@type":"WebPage","@id":"https:\/\/www.vangraaf.com\/pl\/przedsiebiorstwo\/","url":"https:\/\/www.vangraaf.com\/pl\/przedsiebiorstwo\/","name":"VAN GRAAF Polska \u2013 Przedsi\u0119biorstwo","isPartOf":{"@id":"https:\/\/www.vangraaf.com\/pl\/#website"},"datePublished":"2020-12-15T08:35:49+00:00","dateModified":"2026-01-06T15:48:33+00:00","description":"VAN GRAAF od momentu powstania w 2001 roku, rozwin\u0105\u0142 si\u0119 w jedn\u0105 z wiod\u0105cych i dzia\u0142aj\u0105cych na terenie Europy, sp\u00f3\u0142ek bran\u017cy modowej.","breadcrumb":{"@id":"https:\/\/www.vangraaf.com\/pl\/przedsiebiorstwo\/#breadcrumb"},"inLanguage":"pl-PL","potentialAction":[{"@type":"ReadAction","target":["https:\/\/www.vangraaf.com\/pl\/przedsiebiorstwo\/"]}]},{"@type":"BreadcrumbList","@id":"https:\/\/www.vangraaf.com\/pl\/przedsiebiorstwo\/#breadcrumb","itemListElement":[{"@type":"ListItem","position":1,"name":"Startseite","item":"https:\/\/www.vangraaf.com\/pl\/"},{"@type":"ListItem","position":2,"name":"Przedsi\u0119biorstwo"}]},{"@type":"WebSite","@id":"https:\/\/www.vangraaf.com\/pl\/#website","url":"https:\/\/www.vangraaf.com\/pl\/","name":"VAN GRAAF","description":"VAN GRAAF","potentialAction":[{"@type":"SearchAction","target":{"@type":"EntryPoint","urlTemplate":"https:\/\/www.vangraaf.com\/pl\/?s={search_term_string}"},"query-input":{"@type":"PropertyValueSpecification","valueRequired":true,"valueName":"search_term_string"}}],"inLanguage":"pl-PL"}]}},"_links":{"self":[{"href":"https:\/\/www.vangraaf.com\/pl\/wp-json\/wp\/v2\/pages\/6","targetHints":{"allow":["GET"]}}],"collection":[{"href":"https:\/\/www.vangraaf.com\/pl\/wp-json\/wp\/v2\/pages"}],"about":[{"href":"https:\/\/www.vangraaf.com\/pl\/wp-json\/wp\/v2\/types\/page"}],"author":[{"embeddable":true,"href":"https:\/\/www.vangraaf.com\/pl\/wp-json\/wp\/v2\/users\/6"}],"replies":[{"embeddable":true,"href":"https:\/\/www.vangraaf.com\/pl\/wp-json\/wp\/v2\/comments?post=6"}],"version-history":[{"count":28,"href":"https:\/\/www.vangraaf.com\/pl\/wp-json\/wp\/v2\/pages\/6\/revisions"}],"predecessor-version":[{"id":1306,"href":"https:\/\/www.vangraaf.com\/pl\/wp-json\/wp\/v2\/pages\/6\/revisions\/1306"}],"wp:attachment":[{"href":"https:\/\/www.vangraaf.com\/pl\/wp-json\/wp\/v2\/media?parent=6"}],"curies":[{"name":"wp","href":"https:\/\/api.w.org\/{rel}","templated":true}]}}