{"id":543,"date":"2022-02-15T10:22:19","date_gmt":"2022-02-15T09:22:19","guid":{"rendered":"https:\/\/www.vangraaf.com\/pl\/?page_id=543"},"modified":"2024-01-12T16:20:30","modified_gmt":"2024-01-12T15:20:30","slug":"join-our-team","status":"publish","type":"page","link":"https:\/\/www.vangraaf.com\/pl\/kariera\/o-nas\/join-our-team\/","title":{"rendered":"Join our team"},"content":{"rendered":"<div class=\"wpb-content-wrapper\">[vc_row bwd_tbc4vd_show_weekday=&#8221;&#8221; full_width=&#8221;stretch_row_content_no_spaces&#8221;][vc_column]<div class=\"keyvisual\" data-aos=\"fade-up\" ><img loading=\"lazy\" decoding=\"async\" width=\"1440\" height=\"480\" src=\"https:\/\/www.vangraaf.com\/pl\/wp-content\/uploads\/sites\/10\/2022\/03\/M10_M_Portraits_Buero_026-2.jpg\" class=\"vc_single_image-img keyvisual__image--big\" alt=\"\" srcset=\"https:\/\/www.vangraaf.com\/pl\/wp-content\/uploads\/sites\/10\/2022\/03\/M10_M_Portraits_Buero_026-2.jpg 1440w, https:\/\/www.vangraaf.com\/pl\/wp-content\/uploads\/sites\/10\/2022\/03\/M10_M_Portraits_Buero_026-2-300x100.jpg 300w, https:\/\/www.vangraaf.com\/pl\/wp-content\/uploads\/sites\/10\/2022\/03\/M10_M_Portraits_Buero_026-2-1024x341.jpg 1024w, https:\/\/www.vangraaf.com\/pl\/wp-content\/uploads\/sites\/10\/2022\/03\/M10_M_Portraits_Buero_026-2-768x256.jpg 768w, https:\/\/www.vangraaf.com\/pl\/wp-content\/uploads\/sites\/10\/2022\/03\/M10_M_Portraits_Buero_026-2-1200x400.jpg 1200w, https:\/\/www.vangraaf.com\/pl\/wp-content\/uploads\/sites\/10\/2022\/03\/M10_M_Portraits_Buero_026-2-992x331.jpg 992w, https:\/\/www.vangraaf.com\/pl\/wp-content\/uploads\/sites\/10\/2022\/03\/M10_M_Portraits_Buero_026-2-480x160.jpg 480w, https:\/\/www.vangraaf.com\/pl\/wp-content\/uploads\/sites\/10\/2022\/03\/M10_M_Portraits_Buero_026-2-690x230.jpg 690w\" sizes=\"(max-width: 1440px) 100vw, 1440px\" \/><img loading=\"lazy\" decoding=\"async\" width=\"768\" height=\"250\" src=\"https:\/\/www.vangraaf.com\/pl\/wp-content\/uploads\/sites\/10\/2022\/03\/M10_M_Portraits_Buero_026_Mobile.jpg\" class=\"vc_single_image-img keyvisual__image--small\" alt=\"\" srcset=\"https:\/\/www.vangraaf.com\/pl\/wp-content\/uploads\/sites\/10\/2022\/03\/M10_M_Portraits_Buero_026_Mobile.jpg 768w, https:\/\/www.vangraaf.com\/pl\/wp-content\/uploads\/sites\/10\/2022\/03\/M10_M_Portraits_Buero_026_Mobile-300x98.jpg 300w, https:\/\/www.vangraaf.com\/pl\/wp-content\/uploads\/sites\/10\/2022\/03\/M10_M_Portraits_Buero_026_Mobile-480x156.jpg 480w, https:\/\/www.vangraaf.com\/pl\/wp-content\/uploads\/sites\/10\/2022\/03\/M10_M_Portraits_Buero_026_Mobile-690x225.jpg 690w\" sizes=\"(max-width: 768px) 100vw, 768px\" \/><\/div>\n        <div class=\"headlines headlines--center\" data-aos=\"fade-up\">\n            <div class=\"vc_row\">\n                <div class=\"vc_col-md-10 vc_col-md-offset-1 vc_col-lg-10 vc_col-lg-offset-1\"><h1 class=\"h2\">Co zyskasz, pracuj\u0105c z nami?<\/h1><\/div>\n            <\/div>\n        <\/div>[vc_column_text]\u2192 Str\u00f3j s\u0142u\u017cbowy o warto\u015bci do 4800 PLN\/rok, skompletowany spo\u015br\u00f3d naszych marek w VAN GRAAF\r\n\u2192 Happy Shopping: atrakcyjny rabat 20% na ca\u0142y asortyment dla Ciebie i Twoich najbli\u017cszych\r\n\u2192 Onboarding, szkolenia dla pracownik\u00f3w, Talent Program: u nas rozwiniesz sw\u00f3j potencja\u0142 zawodowy i osobisty\r\n\u2192 Wyzwania, odpowiedzialno\u015b\u0107, praca zespo\u0142owa: oferujemy doskona\u0142e warunki do rozwoju kariery\r\n\u2192 Kultura organizacyjna oparta na wzajemnym zaufaniu, szacunku i pasji\r\n\r\nTu odkryjesz <a href=\"https:\/\/www.vangraaf.com\/pl\/kariera\/o-nas\/benefity\/\">wszystkie<\/a> zalety pracy w VAN GRAAF.[\/vc_column_text][\/vc_column][\/vc_row][vc_row bwd_tbc4vd_show_weekday=&#8221;&#8221;][vc_column]\n        <div class=\"headlines headlines--center\" data-aos=\"fade-up\">\n            <div class=\"vc_row\">\n                <div class=\"vc_col-md-10 vc_col-md-offset-1 vc_col-lg-10 vc_col-lg-offset-1\"><h2 class=\"h2\">Zaaplikuj jeszcze dzi\u015b!<\/h2><\/div>\n            <\/div>\n        <\/div><div class=\"vg-element job-teaser\" data-aos=\"fade-up\"><div class=\"job-teaser__slider vc_row js-job-slider\"><div class=\"vc_col-md-4 job-teaser__slider__item job-teaser__slider__item--n1\"><a class=\"\" href=\"https:\/\/www.vangraaf.com\/pl\/kariera\/praca-i-kariera\/oferty-pracy\/Sprzedawca-km-pl-j4965.html\" target=\"_self\" rel=\"\" style=\"\"><span class=\"h6\">Z do\u015bwiadczeniem zawodowym<\/span><h3>Sprzedawca (k\/m) <\/h3><p>Szczecin<\/p><\/a><\/div><div class=\"vc_col-md-4 job-teaser__slider__item job-teaser__slider__item--n2\"><a class=\"\" href=\"https:\/\/www.vangraaf.com\/pl\/kariera\/praca-i-kariera\/oferty-pracy\/Junior-Store-Manager-km-pl-j3998.html\" target=\"_self\" rel=\"\" style=\"\"><span class=\"h6\">Stanowisko kierownicze<\/span><h3>Junior Store Manager (k\/m)<\/h3><p>wszystkie filie<\/p><\/a><\/div><div class=\"vc_col-md-4 job-teaser__slider__item job-teaser__slider__item--n3 job-teaser__slider__item--last\"><a class=\"\" href=\"https:\/\/www.vangraaf.com\/pl\/kariera\/praca-i-kariera\/oferty-pracy\/\" target=\"_self\" rel=\"\" style=\"\"><h3>Odkryj wszystkie oferty pracy w VAN GRAAF<\/h3><\/a><\/div><\/div><\/div>[\/vc_column][\/vc_row]<\/div>","protected":false},"excerpt":{"rendered":"[vc_row bwd_tbc4vd_show_weekday=&#8221;&#8221; full_width=&#8221;stretch_row_content_no_spaces&#8221;][vc_column][vc_column_text]\u2192 Str\u00f3j s\u0142u\u017cbowy o warto\u015bci do 4800 PLN\/rok, skompletowany spo\u015br\u00f3d naszych marek w VAN GRAAF \u2192 Happy Shopping: atrakcyjny rabat 20% na ca\u0142y asortyment dla Ciebie i Twoich najbli\u017cszych \u2192 Onboarding, szkolenia dla pracownik\u00f3w, Talent Program: u nas rozwiniesz sw\u00f3j potencja\u0142 zawodowy i osobisty \u2192 Wyzwania, odpowiedzialno\u015b\u0107, praca zespo\u0142owa: oferujemy doskona\u0142e warunki do [&hellip;]","protected":false},"author":6,"featured_media":0,"parent":517,"menu_order":0,"comment_status":"closed","ping_status":"closed","template":"","meta":{"_acf_changed":false,"inline_featured_image":false,"footnotes":""},"class_list":["post-543","page","type-page","status-publish","hentry"],"acf":[],"yoast_head":"<!-- This site is optimized with the Yoast SEO plugin v27.2 - https:\/\/yoast.com\/product\/yoast-seo-wordpress\/ -->\n<title>Join our Team VAN GRAAF<\/title>\n<meta name=\"robots\" content=\"index, follow, max-snippet:-1, max-image-preview:large, max-video-preview:-1\" \/>\n<link rel=\"canonical\" href=\"https:\/\/www.vangraaf.com\/pl\/kariera\/o-nas\/join-our-team\/\" \/>\n<meta property=\"og:locale\" content=\"pl_PL\" \/>\n<meta property=\"og:type\" content=\"article\" \/>\n<meta property=\"og:title\" content=\"Join our Team VAN GRAAF\" \/>\n<meta property=\"og:description\" content=\"[vc_row bwd_tbc4vd_show_weekday=&#8221;&#8221; full_width=&#8221;stretch_row_content_no_spaces&#8221;][vc_column][vc_column_text]\u2192 Str\u00f3j s\u0142u\u017cbowy o warto\u015bci do 4800 PLN\/rok, skompletowany spo\u015br\u00f3d naszych marek w VAN GRAAF \u2192 Happy Shopping: atrakcyjny rabat 20% na ca\u0142y asortyment dla Ciebie i Twoich najbli\u017cszych \u2192 Onboarding, szkolenia dla pracownik\u00f3w, Talent Program: u nas rozwiniesz sw\u00f3j potencja\u0142 zawodowy i osobisty \u2192 Wyzwania, odpowiedzialno\u015b\u0107, praca zespo\u0142owa: oferujemy doskona\u0142e warunki do [&hellip;]\" \/>\n<meta property=\"og:url\" content=\"https:\/\/www.vangraaf.com\/pl\/kariera\/o-nas\/join-our-team\/\" \/>\n<meta property=\"og:site_name\" content=\"VAN GRAAF Polska\" \/>\n<meta property=\"article:modified_time\" content=\"2024-01-12T15:20:30+00:00\" \/>\n<meta name=\"twitter:card\" content=\"summary_large_image\" \/>\n<meta name=\"twitter:label1\" content=\"Szacowany czas czytania\" \/>\n\t<meta name=\"twitter:data1\" content=\"1 minuta\" \/>\n<script type=\"application\/ld+json\" class=\"yoast-schema-graph\">{\"@context\":\"https:\/\/schema.org\",\"@graph\":[{\"@type\":\"WebPage\",\"@id\":\"https:\/\/www.vangraaf.com\/pl\/kariera\/o-nas\/join-our-team\/\",\"url\":\"https:\/\/www.vangraaf.com\/pl\/kariera\/o-nas\/join-our-team\/\",\"name\":\"Join our Team VAN GRAAF\",\"isPartOf\":{\"@id\":\"https:\/\/www.vangraaf.com\/pl\/#website\"},\"datePublished\":\"2022-02-15T09:22:19+00:00\",\"dateModified\":\"2024-01-12T15:20:30+00:00\",\"breadcrumb\":{\"@id\":\"https:\/\/www.vangraaf.com\/pl\/kariera\/o-nas\/join-our-team\/#breadcrumb\"},\"inLanguage\":\"pl-PL\",\"potentialAction\":[{\"@type\":\"ReadAction\",\"target\":[\"https:\/\/www.vangraaf.com\/pl\/kariera\/o-nas\/join-our-team\/\"]}]},{\"@type\":\"BreadcrumbList\",\"@id\":\"https:\/\/www.vangraaf.com\/pl\/kariera\/o-nas\/join-our-team\/#breadcrumb\",\"itemListElement\":[{\"@type\":\"ListItem\",\"position\":1,\"name\":\"Startseite\",\"item\":\"https:\/\/www.vangraaf.com\/pl\/\"},{\"@type\":\"ListItem\",\"position\":2,\"name\":\"Kariera\",\"item\":\"https:\/\/www.vangraaf.com\/pl\/kariera\/\"},{\"@type\":\"ListItem\",\"position\":3,\"name\":\"O nas\",\"item\":\"https:\/\/www.vangraaf.com\/pl\/kariera\/o-nas\/\"},{\"@type\":\"ListItem\",\"position\":4,\"name\":\"Join our team\"}]},{\"@type\":\"WebSite\",\"@id\":\"https:\/\/www.vangraaf.com\/pl\/#website\",\"url\":\"https:\/\/www.vangraaf.com\/pl\/\",\"name\":\"VAN GRAAF\",\"description\":\"VAN GRAAF\",\"potentialAction\":[{\"@type\":\"SearchAction\",\"target\":{\"@type\":\"EntryPoint\",\"urlTemplate\":\"https:\/\/www.vangraaf.com\/pl\/?s={search_term_string}\"},\"query-input\":{\"@type\":\"PropertyValueSpecification\",\"valueRequired\":true,\"valueName\":\"search_term_string\"}}],\"inLanguage\":\"pl-PL\"}]}<\/script>\n<!-- \/ Yoast SEO plugin. -->","yoast_head_json":{"title":"Join our Team VAN GRAAF","robots":{"index":"index","follow":"follow","max-snippet":"max-snippet:-1","max-image-preview":"max-image-preview:large","max-video-preview":"max-video-preview:-1"},"canonical":"https:\/\/www.vangraaf.com\/pl\/kariera\/o-nas\/join-our-team\/","og_locale":"pl_PL","og_type":"article","og_title":"Join our Team VAN GRAAF","og_description":"[vc_row bwd_tbc4vd_show_weekday=&#8221;&#8221; full_width=&#8221;stretch_row_content_no_spaces&#8221;][vc_column][vc_column_text]\u2192 Str\u00f3j s\u0142u\u017cbowy o warto\u015bci do 4800 PLN\/rok, skompletowany spo\u015br\u00f3d naszych marek w VAN GRAAF \u2192 Happy Shopping: atrakcyjny rabat 20% na ca\u0142y asortyment dla Ciebie i Twoich najbli\u017cszych \u2192 Onboarding, szkolenia dla pracownik\u00f3w, Talent Program: u nas rozwiniesz sw\u00f3j potencja\u0142 zawodowy i osobisty \u2192 Wyzwania, odpowiedzialno\u015b\u0107, praca zespo\u0142owa: oferujemy doskona\u0142e warunki do [&hellip;]","og_url":"https:\/\/www.vangraaf.com\/pl\/kariera\/o-nas\/join-our-team\/","og_site_name":"VAN GRAAF Polska","article_modified_time":"2024-01-12T15:20:30+00:00","twitter_card":"summary_large_image","twitter_misc":{"Szacowany czas czytania":"1 minuta"},"schema":{"@context":"https:\/\/schema.org","@graph":[{"@type":"WebPage","@id":"https:\/\/www.vangraaf.com\/pl\/kariera\/o-nas\/join-our-team\/","url":"https:\/\/www.vangraaf.com\/pl\/kariera\/o-nas\/join-our-team\/","name":"Join our Team VAN GRAAF","isPartOf":{"@id":"https:\/\/www.vangraaf.com\/pl\/#website"},"datePublished":"2022-02-15T09:22:19+00:00","dateModified":"2024-01-12T15:20:30+00:00","breadcrumb":{"@id":"https:\/\/www.vangraaf.com\/pl\/kariera\/o-nas\/join-our-team\/#breadcrumb"},"inLanguage":"pl-PL","potentialAction":[{"@type":"ReadAction","target":["https:\/\/www.vangraaf.com\/pl\/kariera\/o-nas\/join-our-team\/"]}]},{"@type":"BreadcrumbList","@id":"https:\/\/www.vangraaf.com\/pl\/kariera\/o-nas\/join-our-team\/#breadcrumb","itemListElement":[{"@type":"ListItem","position":1,"name":"Startseite","item":"https:\/\/www.vangraaf.com\/pl\/"},{"@type":"ListItem","position":2,"name":"Kariera","item":"https:\/\/www.vangraaf.com\/pl\/kariera\/"},{"@type":"ListItem","position":3,"name":"O nas","item":"https:\/\/www.vangraaf.com\/pl\/kariera\/o-nas\/"},{"@type":"ListItem","position":4,"name":"Join our team"}]},{"@type":"WebSite","@id":"https:\/\/www.vangraaf.com\/pl\/#website","url":"https:\/\/www.vangraaf.com\/pl\/","name":"VAN GRAAF","description":"VAN GRAAF","potentialAction":[{"@type":"SearchAction","target":{"@type":"EntryPoint","urlTemplate":"https:\/\/www.vangraaf.com\/pl\/?s={search_term_string}"},"query-input":{"@type":"PropertyValueSpecification","valueRequired":true,"valueName":"search_term_string"}}],"inLanguage":"pl-PL"}]}},"_links":{"self":[{"href":"https:\/\/www.vangraaf.com\/pl\/wp-json\/wp\/v2\/pages\/543","targetHints":{"allow":["GET"]}}],"collection":[{"href":"https:\/\/www.vangraaf.com\/pl\/wp-json\/wp\/v2\/pages"}],"about":[{"href":"https:\/\/www.vangraaf.com\/pl\/wp-json\/wp\/v2\/types\/page"}],"author":[{"embeddable":true,"href":"https:\/\/www.vangraaf.com\/pl\/wp-json\/wp\/v2\/users\/6"}],"replies":[{"embeddable":true,"href":"https:\/\/www.vangraaf.com\/pl\/wp-json\/wp\/v2\/comments?post=543"}],"version-history":[{"count":10,"href":"https:\/\/www.vangraaf.com\/pl\/wp-json\/wp\/v2\/pages\/543\/revisions"}],"predecessor-version":[{"id":1201,"href":"https:\/\/www.vangraaf.com\/pl\/wp-json\/wp\/v2\/pages\/543\/revisions\/1201"}],"up":[{"embeddable":true,"href":"https:\/\/www.vangraaf.com\/pl\/wp-json\/wp\/v2\/pages\/517"}],"wp:attachment":[{"href":"https:\/\/www.vangraaf.com\/pl\/wp-json\/wp\/v2\/media?parent=543"}],"curies":[{"name":"wp","href":"https:\/\/api.w.org\/{rel}","templated":true}]}}