{"id":541,"date":"2022-02-15T10:20:41","date_gmt":"2022-02-15T09:20:41","guid":{"rendered":"https:\/\/www.vangraaf.com\/pl\/?page_id=541"},"modified":"2025-01-21T16:32:27","modified_gmt":"2025-01-21T15:32:27","slug":"o-firmie","status":"publish","type":"page","link":"https:\/\/www.vangraaf.com\/pl\/kariera\/o-nas\/o-firmie\/","title":{"rendered":"O Firmie"},"content":{"rendered":"<div class=\"wpb-content-wrapper\">[vc_row bwd_tbc4vd_show_weekday=&#8221;&#8221; full_width=&#8221;stretch_row_content_no_spaces&#8221;][vc_column]<div class=\"keyvisual\" data-aos=\"fade-up\" ><img loading=\"lazy\" decoding=\"async\" width=\"1440\" height=\"480\" src=\"https:\/\/www.vangraaf.com\/pl\/wp-content\/uploads\/sites\/10\/2022\/03\/DasUnternehmen_VG.jpg\" class=\"vc_single_image-img\" alt=\"\" srcset=\"https:\/\/www.vangraaf.com\/pl\/wp-content\/uploads\/sites\/10\/2022\/03\/DasUnternehmen_VG.jpg 1440w, https:\/\/www.vangraaf.com\/pl\/wp-content\/uploads\/sites\/10\/2022\/03\/DasUnternehmen_VG-300x100.jpg 300w, https:\/\/www.vangraaf.com\/pl\/wp-content\/uploads\/sites\/10\/2022\/03\/DasUnternehmen_VG-1024x341.jpg 1024w, https:\/\/www.vangraaf.com\/pl\/wp-content\/uploads\/sites\/10\/2022\/03\/DasUnternehmen_VG-768x256.jpg 768w, https:\/\/www.vangraaf.com\/pl\/wp-content\/uploads\/sites\/10\/2022\/03\/DasUnternehmen_VG-1200x400.jpg 1200w, https:\/\/www.vangraaf.com\/pl\/wp-content\/uploads\/sites\/10\/2022\/03\/DasUnternehmen_VG-992x331.jpg 992w, https:\/\/www.vangraaf.com\/pl\/wp-content\/uploads\/sites\/10\/2022\/03\/DasUnternehmen_VG-480x160.jpg 480w, https:\/\/www.vangraaf.com\/pl\/wp-content\/uploads\/sites\/10\/2022\/03\/DasUnternehmen_VG-690x230.jpg 690w\" sizes=\"(max-width: 1440px) 100vw, 1440px\" \/><\/div>\n        <div class=\"headlines headlines--center\" data-aos=\"fade-up\">\n            <div class=\"vc_row\">\n                <div class=\"vc_col-md-10 vc_col-md-offset-1 vc_col-lg-10 vc_col-lg-offset-1\"><span class=\"h6\">Jeste\u015bmy VAN GRAAF<\/span><h1 class=\"h2\">Fakty i lokalizacje<\/h1><\/div>\n            <\/div>\n        <\/div>[vc_column_text]\r\n<p style=\"text-align: left\">VAN GRAAF <span class=\"nobr\">to nasz \u015bwiat<\/span> mody. Ponad 200 ekskluzywnych marek odzie\u017cowych <span class=\"nobr\">pod jednym<\/span> dachem \u2013 <span class=\"nobr\">to robi wra\u017cenie<\/span> <span class=\"nobr\">na klientach!<\/span><\/p>\r\n<p style=\"text-align: left\">Pod egid\u0105 <span class=\"nobr\">Peek &amp; Cloppenburg KG Hamburg<\/span> 15 stacjonarnych sklep\u00f3w VAN GRAAF <span class=\"nobr\">z sukcesem<\/span> dzia\u0142a <span class=\"nobr\">w Polsce,<\/span> Szwajcarii, <span class=\"nobr\">na \u0141otwie,<\/span> W\u0119grzech <span class=\"nobr\">oraz w Czechach.<\/span> Nasza wizja <span class=\"nobr\">jest niezmienna<\/span> <span class=\"nobr\">od lat: chcemy<\/span> wykorzystywa\u0107 strategi\u0119 <span class=\"nobr\">omni channel,<\/span> tak aby by\u0107 najepsz\u0105 platform\u0105 sprzeda\u017cow\u0105, dost\u0119pn\u0105 <span class=\"nobr\">dla klient\u00f3w<\/span> zar\u00f3wno offline, <span class=\"nobr\">jak i online<\/span> (sklep internetowy VANGRAAF.COM <span class=\"nobr\">w Polsce i Niemczech).<\/span><\/p>\r\n<p style=\"text-align: left\">Je\u015bli chcesz dowiedzie\u0107 <span class=\"nobr\">si\u0119 wi\u0119cej<\/span> <span class=\"nobr\">o naszej<\/span> historii, grupie przedsi\u0119biorstw <span class=\"nobr\">oraz o tym, co nas wyr\u00f3\u017cnia<\/span> <span class=\"nobr\">na tle konkurencji,<\/span> zajrzyj <a href=\"https:\/\/www.vangraaf.com\/pl\/przedsiebiorstwo\/\" target=\"_blank\" rel=\"noopener\">tu<\/a>.<\/p>\r\n[\/vc_column_text][\/vc_column][\/vc_row][vc_row][vc_column]<div data-leaflet-options=\"{&quot;marker&quot;:{&quot;3703&quot;:{&quot;title&quot;:&quot;Budapeszt, Allee&quot;,&quot;lat&quot;:&quot;47.47537715&quot;,&quot;long&quot;:&quot;19.04934103&quot;,&quot;category&quot;:&quot;vg&quot;,&quot;tooltip&quot;:&quot;&lt;strong&gt;Budapeszt, Allee&lt;\\\/strong&gt;&lt;p&gt;Allee&lt;br \\\/&gt;\\r\\nV\\u00e1li u. 3&lt;br \\\/&gt;\\r\\nHU-1117 Budapest&lt;\\\/p&gt;&quot;},&quot;3704&quot;:{&quot;title&quot;:&quot;Budapeszt, \\u00c1rk\\u00e1d&quot;,&quot;lat&quot;:&quot;47.5030067&quot;,&quot;long&quot;:&quot;19.14136971&quot;,&quot;category&quot;:&quot;vg&quot;,&quot;tooltip&quot;:&quot;&lt;strong&gt;Budapeszt, \\u00c1rk\\u00e1d&lt;\\\/strong&gt;&lt;p&gt;\\u00c1rk\\u00e1d2&lt;br \\\/&gt;\\r\\nKerepesi \\u00fat 61&lt;br \\\/&gt;\\r\\nHU-1106 Budapest&lt;\\\/p&gt;&quot;},&quot;3705&quot;:{&quot;title&quot;:&quot;Gda\\u0144sk&quot;,&quot;lat&quot;:&quot;54.3493276&quot;,&quot;long&quot;:&quot;18.6442557&quot;,&quot;category&quot;:&quot;vg&quot;,&quot;tooltip&quot;:&quot;&lt;strong&gt;Gda\\u0144sk&lt;\\\/strong&gt;&lt;p&gt;Ul. Targ Sienny 7&lt;br \\\/&gt;\\r\\n80-806 Gda\\u0144sk&lt;\\\/p&gt;&quot;},&quot;3706&quot;:{&quot;title&quot;:&quot;Gdynia&quot;,&quot;lat&quot;:&quot;54.5050165&quot;,&quot;long&quot;:&quot;18.5319454&quot;,&quot;category&quot;:&quot;vg&quot;,&quot;tooltip&quot;:&quot;&lt;strong&gt;Gdynia&lt;\\\/strong&gt;&lt;p&gt;Ul. Kazimierza G\\u00f3rskiego 2&lt;br \\\/&gt;\\r\\n81-304 Gdynia&lt;\\\/p&gt;&quot;},&quot;3708&quot;:{&quot;title&quot;:&quot;Katowice Silesia City Center&quot;,&quot;lat&quot;:&quot;50.270513&quot;,&quot;long&quot;:&quot;19.0047342&quot;,&quot;category&quot;:&quot;vg&quot;,&quot;tooltip&quot;:&quot;&lt;strong&gt;Katowice Silesia City Center&lt;\\\/strong&gt;&lt;p&gt;Ul. Chorzowska 107&lt;br \\\/&gt;\\r\\n40-101 Katowice&lt;\\\/p&gt;&quot;},&quot;3707&quot;:{&quot;title&quot;:&quot;Krak\\u00f3w&quot;,&quot;lat&quot;:&quot;50.087115&quot;,&quot;long&quot;:&quot;19.977557&quot;,&quot;category&quot;:&quot;vg&quot;,&quot;tooltip&quot;:&quot;&lt;strong&gt;Krak\\u00f3w&lt;\\\/strong&gt;&lt;p&gt;al. Gen. T. Bora-Komorowskiego 41&lt;br \\\/&gt;\\r\\n31-876 Krak\\u00f3w&lt;\\\/p&gt;&quot;},&quot;3709&quot;:{&quot;title&quot;:&quot;\\u0141\\u00f3d\\u017a&quot;,&quot;lat&quot;:&quot;51.7792577&quot;,&quot;long&quot;:&quot;19.4447859&quot;,&quot;category&quot;:&quot;vg&quot;,&quot;tooltip&quot;:&quot;&lt;strong&gt;\\u0141\\u00f3d\\u017a&lt;\\\/strong&gt;&lt;p&gt;Ul. Karskiego 5&lt;br \\\/&gt;\\r\\n91-071 \\u0141\\u00f3d\\u017a&lt;\\\/p&gt;&quot;},&quot;3710&quot;:{&quot;title&quot;:&quot;Pozna\\u0144, Posnania&quot;,&quot;lat&quot;:&quot;52.39808223632361&quot;,&quot;long&quot;:&quot;16.94810108747227&quot;,&quot;category&quot;:&quot;vg&quot;,&quot;tooltip&quot;:&quot;&lt;strong&gt;Pozna\\u0144, Posnania&lt;\\\/strong&gt;&lt;p&gt;Ul. Pleszewska 1&lt;br \\\/&gt;\\r\\n61-136 Pozna\\u0144&lt;\\\/p&gt;&quot;},&quot;3711&quot;:{&quot;title&quot;:&quot;Pozna\\u0144, Stary Browar&quot;,&quot;lat&quot;:&quot;52.4012985&quot;,&quot;long&quot;:&quot;16.9277759&quot;,&quot;category&quot;:&quot;vg&quot;,&quot;tooltip&quot;:&quot;&lt;strong&gt;Pozna\\u0144, Stary Browar&lt;\\\/strong&gt;&lt;p&gt;Ul. P\\u00f3\\u0142wiejska 42&lt;br \\\/&gt;\\r\\n61-888 Pozna\\u0144&lt;\\\/p&gt;&quot;},&quot;3717&quot;:{&quot;title&quot;:&quot;Ryga&quot;,&quot;lat&quot;:&quot;56.9244304&quot;,&quot;long&quot;:&quot;24.1721953&quot;,&quot;category&quot;:&quot;vg&quot;,&quot;tooltip&quot;:&quot;&lt;strong&gt;Ryga&lt;\\\/strong&gt;&lt;p&gt;Maskavas iela 257&lt;br \\\/&gt;\\r\\nLV-1019 R\\u00eega&lt;\\\/p&gt;&quot;},&quot;3722&quot;:{&quot;title&quot;:&quot;Sopot&quot;,&quot;lat&quot;:&quot;54.44455297892016&quot;,&quot;long&quot;:&quot;18.567380152994758&quot;,&quot;category&quot;:&quot;vg&quot;,&quot;tooltip&quot;:&quot;&lt;strong&gt;Sopot&lt;\\\/strong&gt;&lt;p&gt;ul. Bohater\\u00f3w Monte Cassino 61&lt;br \\\/&gt;\\r\\nSopot 81-767&lt;\\\/p&gt;&quot;},&quot;3713&quot;:{&quot;title&quot;:&quot;Spreitenbach ko\\u0142o Zurichu&quot;,&quot;lat&quot;:&quot;47.42360321&quot;,&quot;long&quot;:&quot;8.37162911&quot;,&quot;category&quot;:&quot;vg&quot;,&quot;tooltip&quot;:&quot;&lt;strong&gt;Spreitenbach ko\\u0142o Zurichu&lt;\\\/strong&gt;&lt;p&gt;Industriestrasse&lt;br \\\/&gt;\\r\\nCH-8957 Spreitenbach&lt;\\\/p&gt;&quot;},&quot;3714&quot;:{&quot;title&quot;:&quot;Szczecin&quot;,&quot;lat&quot;:&quot;53.4277687&quot;,&quot;long&quot;:&quot;14.5511149&quot;,&quot;category&quot;:&quot;vg&quot;,&quot;tooltip&quot;:&quot;&lt;strong&gt;Szczecin&lt;\\\/strong&gt;&lt;p&gt;Al. Niepodleg\\u0142o\\u015bci 36&lt;br \\\/&gt;\\r\\n70-404 Szczecin&lt;\\\/p&gt;&quot;},&quot;3721&quot;:{&quot;title&quot;:&quot;Warszawa, Galeria M\\u0142ociny&quot;,&quot;lat&quot;:&quot;52.288160&quot;,&quot;long&quot;:&quot;20.928220&quot;,&quot;category&quot;:&quot;vg&quot;,&quot;tooltip&quot;:&quot;&lt;strong&gt;Warszawa, Galeria M\\u0142ociny&lt;\\\/strong&gt;&lt;p&gt;Galerii M\\u0142ociny&lt;br \\\/&gt;\\r\\nZgrupowania AK \\&quot;Kampinos\\&quot; 15&lt;br \\\/&gt;\\r\\n01-943 Warszawa&lt;\\\/p&gt;&quot;},&quot;3715&quot;:{&quot;title&quot;:&quot;Warszawa, Z\\u0142ote Tarasy&quot;,&quot;lat&quot;:&quot;52.2307089&quot;,&quot;long&quot;:&quot;21.0021248&quot;,&quot;category&quot;:&quot;vg&quot;,&quot;tooltip&quot;:&quot;&lt;strong&gt;Warszawa, Z\\u0142ote Tarasy&lt;\\\/strong&gt;&lt;p&gt;Ul. Z\\u0142ota 59&lt;br \\\/&gt;\\r\\n00-120 Warszawa &lt;\\\/p&gt;&quot;},&quot;3716&quot;:{&quot;title&quot;:&quot;Wroc\\u0142aw&quot;,&quot;lat&quot;:&quot;51.1083488&quot;,&quot;long&quot;:&quot;17.0404282&quot;,&quot;category&quot;:&quot;vg&quot;,&quot;tooltip&quot;:&quot;&lt;strong&gt;Wroc\\u0142aw&lt;\\\/strong&gt;&lt;p&gt;Plac Dominika\\u0144ski 3&lt;br \\\/&gt;\\r\\n50-159 Wroc\\u0142aw&lt;\\\/p&gt;&quot;}},&quot;zoom&quot;:&quot;4&quot;}\" data-uc-options=\"{&quot;serviceName&quot;:&quot;OpenStreetMap&quot;,&quot;serviceID&quot;:&quot;j7Igy6o8D&quot;,&quot;description&quot;:&quot;Wykorzystujemy serwisy zewn\\u0119trznych us\\u0142ugodawc\\u00f3w, aby wprowadza\\u0107 dane kart. Ten serwis mo\\u017ce gromadzi\\u0107 dane o Twoich aktywno\\u015bciach. Przeczytaj szczeg\\u00f3\\u0142owe informacje i wyra\\u017a zgod\\u0119 na korzystanie z serwisu, aby udost\\u0119pnia\\u0107 kart\\u0119.&quot;}\"><div id=\"leaflet\"><\/div><\/div>[\/vc_column][\/vc_row][vc_row bwd_tbc4vd_show_weekday=&#8221;&#8221; full_width=&#8221;stretch_row_content_no_spaces&#8221;][vc_column]\n        <div class=\"headlines headlines--center\" data-aos=\"fade-up\">\n            <div class=\"vc_row\">\n                <div class=\"vc_col-md-10 vc_col-md-offset-1 vc_col-lg-10 vc_col-lg-offset-1\"><h2 class=\"h2\">Wi\u0119cej o VAN GRAAF<\/h2><\/div>\n            <\/div>\n        <\/div>[vc_row_inner bwd_tbc4vd_show_weekday=&#8221;&#8221; row_design=&#8221;row_square_background&#8221;][vc_column_inner width=&#8221;1\/3&#8243;]<div class=\"vg-element cta-teaser cta-teaser--center\" data-aos=\"fade-up\"><div class=\"cta-teaser__image\"><a class=\"\" href=\"https:\/\/www.vangraaf.com\/pl\/kariera\/kontakt\/\" target=\"_self\" rel=\"\" style=\"\"><img loading=\"lazy\" decoding=\"async\" width=\"380\" height=\"254\" src=\"https:\/\/www.vangraaf.com\/pl\/wp-content\/uploads\/sites\/10\/2022\/03\/Foto_Anna-Czuprynska.jpg\" class=\"vc_single_image-img attachment-full\" alt=\"\" title=\"Anna Czuprynska\" srcset=\"https:\/\/www.vangraaf.com\/pl\/wp-content\/uploads\/sites\/10\/2022\/03\/Foto_Anna-Czuprynska.jpg 380w, https:\/\/www.vangraaf.com\/pl\/wp-content\/uploads\/sites\/10\/2022\/03\/Foto_Anna-Czuprynska-300x201.jpg 300w\" sizes=\"(max-width: 380px) 100vw, 380px\" \/><\/a><\/div><div class=\"cta-teaser__text\"><h3>Kontakt<\/h3><p>Masz pytania dotycz\u0105ce rozpocz\u0119cia pracy w VAN GRAAF? Skontaktuj si\u0119 bezpo\u015brednio z Ann\u0105: +48 22 222 1090<\/p><a class=\"button\" href=\"https:\/\/www.vangraaf.com\/pl\/kariera\/kontakt\/\" target=\"_self\" rel=\"\" style=\"\">Wy\u015blij wiadomo\u015b\u0107 e-mail<\/a><\/div><\/div>[\/vc_column_inner][vc_column_inner width=&#8221;1\/3&#8243;]<div class=\"vg-element cta-teaser cta-teaser--center\" data-aos=\"fade-up\"><div class=\"cta-teaser__image\"><a class=\"\" href=\"https:\/\/www.vangraaf.com\/pl\/kariera\/o-nas\/wspolpraca\/\" target=\"_self\" rel=\"\" style=\"\"><img loading=\"lazy\" decoding=\"async\" width=\"380\" height=\"254\" src=\"https:\/\/www.vangraaf.com\/pl\/wp-content\/uploads\/sites\/10\/2022\/03\/M7_D_Wir_Headerbild_Gruppe_030-2.jpg\" class=\"vc_single_image-img attachment-full\" alt=\"\" title=\"O nas_ser\" srcset=\"https:\/\/www.vangraaf.com\/pl\/wp-content\/uploads\/sites\/10\/2022\/03\/M7_D_Wir_Headerbild_Gruppe_030-2.jpg 380w, https:\/\/www.vangraaf.com\/pl\/wp-content\/uploads\/sites\/10\/2022\/03\/M7_D_Wir_Headerbild_Gruppe_030-2-300x201.jpg 300w\" sizes=\"(max-width: 380px) 100vw, 380px\" \/><\/a><\/div><div class=\"cta-teaser__text\"><h3>Wsp\u00f3\u0142praca<\/h3><p>\u0141\u0105czy nas zami\u0142owanie do mody i ludzi. Dowiedz si\u0119 wi\u0119cej o kulturze pracy w VAN GRAAF.<\/p><a class=\"button\" href=\"https:\/\/www.vangraaf.com\/pl\/kariera\/o-nas\/wspolpraca\/\" target=\"_self\" rel=\"\" style=\"\">Dowiedz si\u0119 wi\u0119cej<\/a><\/div><\/div>[\/vc_column_inner][vc_column_inner width=&#8221;1\/3&#8243;]<div class=\"vg-element cta-teaser cta-teaser--center\" data-aos=\"fade-up\"><div class=\"cta-teaser__image\"><a class=\"\" href=\"https:\/\/www.vangraaf.com\/pl\/kariera\/kontakt\/\" target=\"_self\" rel=\"\" style=\"\"><img loading=\"lazy\" decoding=\"async\" width=\"380\" height=\"254\" src=\"https:\/\/www.vangraaf.com\/pl\/wp-content\/uploads\/sites\/10\/2022\/03\/Foto_Sylwia-Szymanska.jpg\" class=\"vc_single_image-img attachment-full\" alt=\"\" title=\"Sylwia Szymanska\" srcset=\"https:\/\/www.vangraaf.com\/pl\/wp-content\/uploads\/sites\/10\/2022\/03\/Foto_Sylwia-Szymanska.jpg 380w, https:\/\/www.vangraaf.com\/pl\/wp-content\/uploads\/sites\/10\/2022\/03\/Foto_Sylwia-Szymanska-300x201.jpg 300w\" sizes=\"(max-width: 380px) 100vw, 380px\" \/><\/a><\/div><div class=\"cta-teaser__text\"><h3>Kontakt<\/h3><p>Masz pytania dotycz\u0105ce rozpocz\u0119cia pracy w VAN GRAAF? Skontaktuj si\u0119 bezpo\u015brednio z Sylwi\u0105: +48 22 222 1092<\/p><a class=\"button\" href=\"https:\/\/www.vangraaf.com\/pl\/kariera\/kontakt\/\" target=\"_self\" rel=\"\" style=\"\">Wy\u015blij wiadomo\u015b\u0107 e-mail<\/a><\/div><\/div>[\/vc_column_inner][\/vc_row_inner][\/vc_column][\/vc_row]<\/div>","protected":false},"excerpt":{"rendered":"[vc_row bwd_tbc4vd_show_weekday=&#8221;&#8221; full_width=&#8221;stretch_row_content_no_spaces&#8221;][vc_column][vc_column_text] VAN GRAAF to nasz \u015bwiat mody. Ponad 200 ekskluzywnych marek odzie\u017cowych pod jednym dachem \u2013 to robi wra\u017cenie na klientach! Pod egid\u0105 Peek &amp; Cloppenburg KG Hamburg 15 stacjonarnych sklep\u00f3w VAN GRAAF z sukcesem dzia\u0142a w Polsce, Szwajcarii, na \u0141otwie, W\u0119grzech oraz w Czechach. Nasza wizja jest niezmienna od lat: chcemy wykorzystywa\u0107 [&hellip;]","protected":false},"author":6,"featured_media":0,"parent":517,"menu_order":0,"comment_status":"closed","ping_status":"closed","template":"","meta":{"_acf_changed":false,"inline_featured_image":false,"footnotes":""},"class_list":["post-541","page","type-page","status-publish","hentry"],"acf":[],"yoast_head":"<!-- This site is optimized with the Yoast SEO plugin v27.2 - https:\/\/yoast.com\/product\/yoast-seo-wordpress\/ -->\n<title>Fakty i lokalizacje I VAN GRAAF<\/title>\n<meta name=\"description\" content=\"Naszym domem jest Europa: sklepy VAN GRAAF znajduj\u0105 si\u0119 w 17 lokalizacjach w Polsce, Czechach, Szwajcarii, na W\u0119grzech i na \u0141otwie.\" \/>\n<meta name=\"robots\" content=\"index, follow, max-snippet:-1, max-image-preview:large, max-video-preview:-1\" \/>\n<link rel=\"canonical\" href=\"https:\/\/www.vangraaf.com\/pl\/kariera\/o-nas\/o-firmie\/\" \/>\n<meta property=\"og:locale\" content=\"pl_PL\" \/>\n<meta property=\"og:type\" content=\"article\" \/>\n<meta property=\"og:title\" content=\"Fakty i lokalizacje I VAN GRAAF\" \/>\n<meta property=\"og:description\" content=\"Naszym domem jest Europa: sklepy VAN GRAAF znajduj\u0105 si\u0119 w 17 lokalizacjach w Polsce, Czechach, Szwajcarii, na W\u0119grzech i na \u0141otwie.\" \/>\n<meta property=\"og:url\" content=\"https:\/\/www.vangraaf.com\/pl\/kariera\/o-nas\/o-firmie\/\" \/>\n<meta property=\"og:site_name\" content=\"VAN GRAAF Polska\" \/>\n<meta property=\"article:modified_time\" content=\"2025-01-21T15:32:27+00:00\" \/>\n<meta name=\"twitter:card\" content=\"summary_large_image\" \/>\n<meta name=\"twitter:label1\" content=\"Szacowany czas czytania\" \/>\n\t<meta name=\"twitter:data1\" content=\"2 minuty\" \/>\n<script type=\"application\/ld+json\" class=\"yoast-schema-graph\">{\"@context\":\"https:\/\/schema.org\",\"@graph\":[{\"@type\":\"WebPage\",\"@id\":\"https:\/\/www.vangraaf.com\/pl\/kariera\/o-nas\/o-firmie\/\",\"url\":\"https:\/\/www.vangraaf.com\/pl\/kariera\/o-nas\/o-firmie\/\",\"name\":\"Fakty i lokalizacje I VAN GRAAF\",\"isPartOf\":{\"@id\":\"https:\/\/www.vangraaf.com\/pl\/#website\"},\"datePublished\":\"2022-02-15T09:20:41+00:00\",\"dateModified\":\"2025-01-21T15:32:27+00:00\",\"description\":\"Naszym domem jest Europa: sklepy VAN GRAAF znajduj\u0105 si\u0119 w 17 lokalizacjach w Polsce, Czechach, Szwajcarii, na W\u0119grzech i na \u0141otwie.\",\"breadcrumb\":{\"@id\":\"https:\/\/www.vangraaf.com\/pl\/kariera\/o-nas\/o-firmie\/#breadcrumb\"},\"inLanguage\":\"pl-PL\",\"potentialAction\":[{\"@type\":\"ReadAction\",\"target\":[\"https:\/\/www.vangraaf.com\/pl\/kariera\/o-nas\/o-firmie\/\"]}]},{\"@type\":\"BreadcrumbList\",\"@id\":\"https:\/\/www.vangraaf.com\/pl\/kariera\/o-nas\/o-firmie\/#breadcrumb\",\"itemListElement\":[{\"@type\":\"ListItem\",\"position\":1,\"name\":\"Startseite\",\"item\":\"https:\/\/www.vangraaf.com\/pl\/\"},{\"@type\":\"ListItem\",\"position\":2,\"name\":\"Kariera\",\"item\":\"https:\/\/www.vangraaf.com\/pl\/kariera\/\"},{\"@type\":\"ListItem\",\"position\":3,\"name\":\"O nas\",\"item\":\"https:\/\/www.vangraaf.com\/pl\/kariera\/o-nas\/\"},{\"@type\":\"ListItem\",\"position\":4,\"name\":\"O Firmie\"}]},{\"@type\":\"WebSite\",\"@id\":\"https:\/\/www.vangraaf.com\/pl\/#website\",\"url\":\"https:\/\/www.vangraaf.com\/pl\/\",\"name\":\"VAN GRAAF\",\"description\":\"VAN GRAAF\",\"potentialAction\":[{\"@type\":\"SearchAction\",\"target\":{\"@type\":\"EntryPoint\",\"urlTemplate\":\"https:\/\/www.vangraaf.com\/pl\/?s={search_term_string}\"},\"query-input\":{\"@type\":\"PropertyValueSpecification\",\"valueRequired\":true,\"valueName\":\"search_term_string\"}}],\"inLanguage\":\"pl-PL\"}]}<\/script>\n<!-- \/ Yoast SEO plugin. -->","yoast_head_json":{"title":"Fakty i lokalizacje I VAN GRAAF","description":"Naszym domem jest Europa: sklepy VAN GRAAF znajduj\u0105 si\u0119 w 17 lokalizacjach w Polsce, Czechach, Szwajcarii, na W\u0119grzech i na \u0141otwie.","robots":{"index":"index","follow":"follow","max-snippet":"max-snippet:-1","max-image-preview":"max-image-preview:large","max-video-preview":"max-video-preview:-1"},"canonical":"https:\/\/www.vangraaf.com\/pl\/kariera\/o-nas\/o-firmie\/","og_locale":"pl_PL","og_type":"article","og_title":"Fakty i lokalizacje I VAN GRAAF","og_description":"Naszym domem jest Europa: sklepy VAN GRAAF znajduj\u0105 si\u0119 w 17 lokalizacjach w Polsce, Czechach, Szwajcarii, na W\u0119grzech i na \u0141otwie.","og_url":"https:\/\/www.vangraaf.com\/pl\/kariera\/o-nas\/o-firmie\/","og_site_name":"VAN GRAAF Polska","article_modified_time":"2025-01-21T15:32:27+00:00","twitter_card":"summary_large_image","twitter_misc":{"Szacowany czas czytania":"2 minuty"},"schema":{"@context":"https:\/\/schema.org","@graph":[{"@type":"WebPage","@id":"https:\/\/www.vangraaf.com\/pl\/kariera\/o-nas\/o-firmie\/","url":"https:\/\/www.vangraaf.com\/pl\/kariera\/o-nas\/o-firmie\/","name":"Fakty i lokalizacje I VAN GRAAF","isPartOf":{"@id":"https:\/\/www.vangraaf.com\/pl\/#website"},"datePublished":"2022-02-15T09:20:41+00:00","dateModified":"2025-01-21T15:32:27+00:00","description":"Naszym domem jest Europa: sklepy VAN GRAAF znajduj\u0105 si\u0119 w 17 lokalizacjach w Polsce, Czechach, Szwajcarii, na W\u0119grzech i na \u0141otwie.","breadcrumb":{"@id":"https:\/\/www.vangraaf.com\/pl\/kariera\/o-nas\/o-firmie\/#breadcrumb"},"inLanguage":"pl-PL","potentialAction":[{"@type":"ReadAction","target":["https:\/\/www.vangraaf.com\/pl\/kariera\/o-nas\/o-firmie\/"]}]},{"@type":"BreadcrumbList","@id":"https:\/\/www.vangraaf.com\/pl\/kariera\/o-nas\/o-firmie\/#breadcrumb","itemListElement":[{"@type":"ListItem","position":1,"name":"Startseite","item":"https:\/\/www.vangraaf.com\/pl\/"},{"@type":"ListItem","position":2,"name":"Kariera","item":"https:\/\/www.vangraaf.com\/pl\/kariera\/"},{"@type":"ListItem","position":3,"name":"O nas","item":"https:\/\/www.vangraaf.com\/pl\/kariera\/o-nas\/"},{"@type":"ListItem","position":4,"name":"O Firmie"}]},{"@type":"WebSite","@id":"https:\/\/www.vangraaf.com\/pl\/#website","url":"https:\/\/www.vangraaf.com\/pl\/","name":"VAN GRAAF","description":"VAN GRAAF","potentialAction":[{"@type":"SearchAction","target":{"@type":"EntryPoint","urlTemplate":"https:\/\/www.vangraaf.com\/pl\/?s={search_term_string}"},"query-input":{"@type":"PropertyValueSpecification","valueRequired":true,"valueName":"search_term_string"}}],"inLanguage":"pl-PL"}]}},"_links":{"self":[{"href":"https:\/\/www.vangraaf.com\/pl\/wp-json\/wp\/v2\/pages\/541","targetHints":{"allow":["GET"]}}],"collection":[{"href":"https:\/\/www.vangraaf.com\/pl\/wp-json\/wp\/v2\/pages"}],"about":[{"href":"https:\/\/www.vangraaf.com\/pl\/wp-json\/wp\/v2\/types\/page"}],"author":[{"embeddable":true,"href":"https:\/\/www.vangraaf.com\/pl\/wp-json\/wp\/v2\/users\/6"}],"replies":[{"embeddable":true,"href":"https:\/\/www.vangraaf.com\/pl\/wp-json\/wp\/v2\/comments?post=541"}],"version-history":[{"count":14,"href":"https:\/\/www.vangraaf.com\/pl\/wp-json\/wp\/v2\/pages\/541\/revisions"}],"predecessor-version":[{"id":1245,"href":"https:\/\/www.vangraaf.com\/pl\/wp-json\/wp\/v2\/pages\/541\/revisions\/1245"}],"up":[{"embeddable":true,"href":"https:\/\/www.vangraaf.com\/pl\/wp-json\/wp\/v2\/pages\/517"}],"wp:attachment":[{"href":"https:\/\/www.vangraaf.com\/pl\/wp-json\/wp\/v2\/media?parent=541"}],"curies":[{"name":"wp","href":"https:\/\/api.w.org\/{rel}","templated":true}]}}