{"id":539,"date":"2022-02-15T10:20:23","date_gmt":"2022-02-15T09:20:23","guid":{"rendered":"https:\/\/www.vangraaf.com\/pl\/?page_id=539"},"modified":"2026-05-07T11:53:56","modified_gmt":"2026-05-07T09:53:56","slug":"benefity","status":"publish","type":"page","link":"https:\/\/www.vangraaf.com\/pl\/kariera\/o-nas\/benefity\/","title":{"rendered":"Benefity"},"content":{"rendered":"<div class=\"wpb-content-wrapper\">[vc_row bwd_tbc4vd_show_weekday=&#8221;&#8221; full_width=&#8221;stretch_row_content_no_spaces&#8221;][vc_column]<div class=\"keyvisual\" data-aos=\"fade-up\" ><img loading=\"lazy\" decoding=\"async\" width=\"1440\" height=\"480\" src=\"https:\/\/www.vangraaf.com\/pl\/wp-content\/uploads\/sites\/10\/2022\/03\/M7_B_Wir_Headerbild_Gruppe_042.jpg\" class=\"vc_single_image-img\" alt=\"\" srcset=\"https:\/\/www.vangraaf.com\/pl\/wp-content\/uploads\/sites\/10\/2022\/03\/M7_B_Wir_Headerbild_Gruppe_042.jpg 1440w, https:\/\/www.vangraaf.com\/pl\/wp-content\/uploads\/sites\/10\/2022\/03\/M7_B_Wir_Headerbild_Gruppe_042-300x100.jpg 300w, https:\/\/www.vangraaf.com\/pl\/wp-content\/uploads\/sites\/10\/2022\/03\/M7_B_Wir_Headerbild_Gruppe_042-1024x341.jpg 1024w, https:\/\/www.vangraaf.com\/pl\/wp-content\/uploads\/sites\/10\/2022\/03\/M7_B_Wir_Headerbild_Gruppe_042-768x256.jpg 768w, https:\/\/www.vangraaf.com\/pl\/wp-content\/uploads\/sites\/10\/2022\/03\/M7_B_Wir_Headerbild_Gruppe_042-1200x400.jpg 1200w, https:\/\/www.vangraaf.com\/pl\/wp-content\/uploads\/sites\/10\/2022\/03\/M7_B_Wir_Headerbild_Gruppe_042-992x331.jpg 992w, https:\/\/www.vangraaf.com\/pl\/wp-content\/uploads\/sites\/10\/2022\/03\/M7_B_Wir_Headerbild_Gruppe_042-480x160.jpg 480w, https:\/\/www.vangraaf.com\/pl\/wp-content\/uploads\/sites\/10\/2022\/03\/M7_B_Wir_Headerbild_Gruppe_042-690x230.jpg 690w\" sizes=\"(max-width: 1440px) 100vw, 1440px\" \/><\/div>\n        <div class=\"headlines headlines--center\" data-aos=\"fade-up\">\n            <div class=\"vc_row\">\n                <div class=\"vc_col-md-10 vc_col-md-offset-1 vc_col-lg-10 vc_col-lg-offset-1\"><span class=\"h6\">Z jakich benefit\u00f3w skorzystasz?<\/span><h1 class=\"h2\">Benefity w VAN GRAAF<\/h1><\/div>\n            <\/div>\n        <\/div><div class=\"vg-element icon-teaser icon-teaser--right\" data-aos=\"fade-up\"><div class=\"vc_row icon-teaser__items\"><div class=\"icon-teaser__item vc_col-md-4\"><div class=\"icon-teaser__item__inner\"><div class=\"icon-teaser__item__icon\"><img loading=\"lazy\" decoding=\"async\" width=\"1\" height=\"1\" src=\"https:\/\/www.vangraaf.com\/pl\/wp-content\/uploads\/sites\/10\/2022\/03\/mitarbeiterrabatte.svg\" class=\"attachment-full size-full\" alt=\"\" \/><\/div><div class=\"icon-teaser__item__content\"><h4>Rabaty pracownicze<\/h4><p>Atrakcyjne zni\u017cki na ca\u0142y asortyment dla Ciebie i Twojej rodziny<\/p><\/div><\/div><\/div><div class=\"icon-teaser__item vc_col-md-4\"><div class=\"icon-teaser__item__inner\"><div class=\"icon-teaser__item__icon\"><img loading=\"lazy\" decoding=\"async\" width=\"1\" height=\"1\" src=\"https:\/\/www.vangraaf.com\/pl\/wp-content\/uploads\/sites\/10\/2022\/03\/outfit.svg\" class=\"attachment-full size-full\" alt=\"\" \/><\/div><div class=\"icon-teaser__item__content\"><h4>Tw\u00f3j outfit<\/h4><p>Skompletuj, dwa razy w roku, sw\u00f3j str\u00f3j s\u0142u\u017cbowy spo\u015br\u00f3d wszystkich marek w VAN GRAAF<\/p><\/div><\/div><\/div><div class=\"icon-teaser__item vc_col-md-4\"><div class=\"icon-teaser__item__inner\"><div class=\"icon-teaser__item__icon\"><img loading=\"lazy\" decoding=\"async\" width=\"1\" height=\"1\" src=\"https:\/\/www.vangraaf.com\/pl\/wp-content\/uploads\/sites\/10\/2022\/03\/unternehmenskultur.svg\" class=\"attachment-full size-full\" alt=\"\" \/><\/div><div class=\"icon-teaser__item__content\"><h4>Kultura organizacyjna<\/h4><p>\u0141\u0105czy nas zami\u0142owanie do mody i ludzi. <\/p><\/div><\/div><\/div><div class=\"icon-teaser__item vc_col-md-4\"><div class=\"icon-teaser__item__inner\"><div class=\"icon-teaser__item__icon\"><img loading=\"lazy\" decoding=\"async\" width=\"1\" height=\"1\" src=\"https:\/\/www.vangraaf.com\/pl\/wp-content\/uploads\/sites\/10\/2022\/03\/weiterbildungsprogramme-1.svg\" class=\"attachment-full size-full\" alt=\"\" \/><\/div><div class=\"icon-teaser__item__content\"><h4>Fit For Leadership<\/h4><p>Nasz program Fit For Leadership pozwoli Ci si\u0119 rozwija\u0107 zawodowo.<\/p><\/div><\/div><\/div><div class=\"icon-teaser__item vc_col-md-4\"><div class=\"icon-teaser__item__inner\"><div class=\"icon-teaser__item__icon\"><img loading=\"lazy\" decoding=\"async\" width=\"1\" height=\"1\" src=\"https:\/\/www.vangraaf.com\/pl\/wp-content\/uploads\/sites\/10\/2022\/03\/onboarding.svg\" class=\"attachment-full size-full\" alt=\"\" \/><\/div><div class=\"icon-teaser__item__content\"><h4>Onboarding<\/h4><p>Pocz\u0105tek Twojej kariery w \u015bwiecie VAN GRAAF.<\/p><\/div><\/div><\/div><div class=\"icon-teaser__item vc_col-md-4\"><div class=\"icon-teaser__item__inner\"><div class=\"icon-teaser__item__icon\"><img loading=\"lazy\" decoding=\"async\" width=\"1\" height=\"1\" src=\"https:\/\/www.vangraaf.com\/pl\/wp-content\/uploads\/sites\/10\/2022\/03\/holiday.svg\" class=\"attachment-full size-full\" alt=\"\" \/><\/div><div class=\"icon-teaser__item__content\"><h4>Premia urlopowa<\/h4><p>Twoja premia na letni odpoczynek!<\/p><\/div><\/div><\/div><div class=\"icon-teaser__item vc_col-md-4\"><div class=\"icon-teaser__item__inner\"><div class=\"icon-teaser__item__icon\"><img loading=\"lazy\" decoding=\"async\" width=\"1\" height=\"1\" src=\"https:\/\/www.vangraaf.com\/pl\/wp-content\/uploads\/sites\/10\/2022\/03\/healthy.svg\" class=\"attachment-full size-full\" alt=\"\" \/><\/div><div class=\"icon-teaser__item__content\"><h4>Owoce i napoje<\/h4><p> \u015awie\u017ce owoce, kawa, herbata i woda dla Ciebie<\/p><\/div><\/div><\/div><div class=\"icon-teaser__item vc_col-md-4\"><div class=\"icon-teaser__item__inner\"><div class=\"icon-teaser__item__icon\"><img loading=\"lazy\" decoding=\"async\" width=\"1\" height=\"1\" src=\"https:\/\/www.vangraaf.com\/pl\/wp-content\/uploads\/sites\/10\/2022\/03\/hantel.svg\" class=\"attachment-full size-full\" alt=\"\" \/><\/div><div class=\"icon-teaser__item__content\"><h4>Karta Multisport<\/h4><p>Skorzystaj z dofinansowania karty MULTISPORT i b\u0105d\u017a fit.<\/p><\/div><\/div><\/div><div class=\"icon-teaser__item vc_col-md-4\"><div class=\"icon-teaser__item__inner\"><div class=\"icon-teaser__item__icon\"><img loading=\"lazy\" decoding=\"async\" width=\"1\" height=\"1\" src=\"https:\/\/www.vangraaf.com\/pl\/wp-content\/uploads\/sites\/10\/2022\/03\/arztkoffer.svg\" class=\"attachment-full size-full\" alt=\"\" \/><\/div><div class=\"icon-teaser__item__content\"><h4>Prywatna opieka medyczna<\/h4><p>Twoje zdrowie jest dla nas wa\u017cne, zadbaj o siebie i swoich najbli\u017cszych! <\/p><\/div><\/div><\/div><div class=\"icon-teaser__item vc_col-md-4\"><div class=\"icon-teaser__item__inner\"><div class=\"icon-teaser__item__icon\"><img loading=\"lazy\" decoding=\"async\" width=\"1\" height=\"1\" src=\"https:\/\/www.vangraaf.com\/pl\/wp-content\/uploads\/sites\/10\/2022\/03\/puc-laeuft.svg\" class=\"attachment-full size-full\" alt=\"\" \/><\/div><div class=\"icon-teaser__item__content\"><h4>Firmowe dru\u017cyny sportowe<\/h4><p>Bieg uliczny a mo\u017ce triatlon - dru\u017cyna VAN GRAAF jest w formie! <\/p><\/div><\/div><\/div><div class=\"icon-teaser__item vc_col-md-4\"><div class=\"icon-teaser__item__inner\"><div class=\"icon-teaser__item__icon\"><img loading=\"lazy\" decoding=\"async\" width=\"1\" height=\"1\" src=\"https:\/\/www.vangraaf.com\/pl\/wp-content\/uploads\/sites\/10\/2022\/03\/zentraler-arbeitsplatz.svg\" class=\"attachment-full size-full\" alt=\"\" \/><\/div><div class=\"icon-teaser__item__content\"><h4>Dogodna lokalizacja miejsca pracy<\/h4><p>Nasze sklepy znajduj\u0105 si\u0119 w znanych galeriach handlowych.<\/p><\/div><\/div><\/div><div class=\"icon-teaser__item vc_col-md-4\"><div class=\"icon-teaser__item__inner\"><div class=\"icon-teaser__item__icon\"><img loading=\"lazy\" decoding=\"async\" width=\"1\" height=\"1\" src=\"https:\/\/www.vangraaf.com\/pl\/wp-content\/uploads\/sites\/10\/2022\/03\/wir-feiern.svg\" class=\"attachment-full size-full\" alt=\"\" \/><\/div><div class=\"icon-teaser__item__content\"><h4>Integracja<\/h4><p>Wsp\u00f3lnie \u015bwi\u0119tujemy nasze sukcesy podczas spotka\u0144 integracyjnych.<\/p><\/div><\/div><\/div><div class=\"icon-teaser__item vc_col-md-4\"><div class=\"icon-teaser__item__inner\"><div class=\"icon-teaser__item__icon\"><img loading=\"lazy\" decoding=\"async\" width=\"1\" height=\"1\" src=\"https:\/\/www.vangraaf.com\/pl\/wp-content\/uploads\/sites\/10\/2023\/04\/HappySmiley_white_version2.svg\" class=\"attachment-full size-full\" alt=\"\" \/><\/div><div class=\"icon-teaser__item__content\"><h4>Hire a friend <\/h4><p>Zapro\u015b swoich znajomych do pracy w VAN GRAAF.\n<\/p><\/div><\/div><\/div><div class=\"icon-teaser__item vc_col-md-4\"><div class=\"icon-teaser__item__inner\"><div class=\"icon-teaser__item__icon\"><img loading=\"lazy\" decoding=\"async\" width=\"300\" height=\"300\" src=\"https:\/\/www.vangraaf.com\/pl\/wp-content\/uploads\/sites\/10\/2025\/09\/Karriere_Benefits_Icon_Jubilaeumspraemie.png\" class=\"attachment-full size-full\" alt=\"\" srcset=\"https:\/\/www.vangraaf.com\/pl\/wp-content\/uploads\/sites\/10\/2025\/09\/Karriere_Benefits_Icon_Jubilaeumspraemie.png 300w, https:\/\/www.vangraaf.com\/pl\/wp-content\/uploads\/sites\/10\/2025\/09\/Karriere_Benefits_Icon_Jubilaeumspraemie-150x150.png 150w, https:\/\/www.vangraaf.com\/pl\/wp-content\/uploads\/sites\/10\/2025\/09\/Karriere_Benefits_Icon_Jubilaeumspraemie-280x280.png 280w\" sizes=\"(max-width: 300px) 100vw, 300px\" \/><\/div><div class=\"icon-teaser__item__content\"><h4>Nagroda jubileuszowa<\/h4><p>Twoja nagroda za sta\u017c pracy z nami!<\/p><\/div><\/div><\/div><\/div><\/div>[\/vc_column][\/vc_row][vc_row][vc_column]\n        <div class=\"headlines headlines--center\" data-aos=\"fade-up\">\n            <div class=\"vc_row\">\n                <div class=\"vc_col-md-10 vc_col-md-offset-1 vc_col-lg-10 vc_col-lg-offset-1\"><h2 class=\"h2\">Zaaplikuj jeszcze dzi\u015b!<\/h2><\/div>\n            <\/div>\n        <\/div><div class=\"vg-element job-teaser\" data-aos=\"fade-up\"><div class=\"job-teaser__slider vc_row js-job-slider\"><div class=\"vc_col-md-4 job-teaser__slider__item job-teaser__slider__item--n1\"><a class=\"\" href=\"https:\/\/www.vangraaf.com\/pl\/kariera\/praca-i-kariera\/oferty-pracy\/Floor-Manager-km-pl-j5911.html\" target=\"_self\" rel=\"\" style=\"\"><span class=\"h6\">Stanowisko kierownicze<\/span><h3>Floor Manager (k\/m)<\/h3><p>Gda\u0144sk - Forum Gda\u0144sk<\/p><\/a><\/div><div class=\"vc_col-md-4 job-teaser__slider__item job-teaser__slider__item--n2\"><a class=\"\" href=\"https:\/\/www.vangraaf.com\/pl\/kariera\/praca-i-kariera\/oferty-pracy\/Deputy-Floor-Manager-km-pl-j6000.html\" target=\"_blank\" rel=\"\" style=\"\"><span class=\"h6\">Stanowisko kierownicze<\/span><h3>Deputy Floor Manager (k\/m)<\/h3><p>Pozna\u0144 - Posnania<\/p><\/a><\/div><div class=\"vc_col-md-4 job-teaser__slider__item job-teaser__slider__item--n3\"><a class=\"\" href=\"https:\/\/www.vangraaf.com\/pl\/kariera\/praca-i-kariera\/oferty-pracy\/Store-Manager-km-pl-j6014.html\" target=\"_self\" rel=\"\" style=\"\"><span class=\"h6\">Stanowisko kierownicze<\/span><h3>Store Manager (k\/m)<\/h3><p>\u0141\u00f3d\u017a-Manufaktura<\/p><\/a><\/div><div class=\"vc_col-md-4 job-teaser__slider__item job-teaser__slider__item--n1 job-teaser__slider__item--last\"><a class=\"\" href=\"https:\/\/www.vangraaf.com\/pl\/kariera\/praca-i-kariera\/oferty-pracy\/\" target=\"_self\" rel=\"\" style=\"\"><h3>Odkryj wszystkie oferty pracy w VAN GRAAF<\/h3><\/a><\/div><\/div><\/div>[\/vc_column][\/vc_row]<\/div>","protected":false},"excerpt":{"rendered":"[vc_row bwd_tbc4vd_show_weekday=&#8221;&#8221; full_width=&#8221;stretch_row_content_no_spaces&#8221;][vc_column][\/vc_column][\/vc_row][vc_row][vc_column][\/vc_column][\/vc_row]","protected":false},"author":6,"featured_media":0,"parent":517,"menu_order":0,"comment_status":"closed","ping_status":"closed","template":"","meta":{"_acf_changed":false,"inline_featured_image":false,"footnotes":""},"class_list":["post-539","page","type-page","status-publish","hentry"],"acf":[],"yoast_head":"<!-- This site is optimized with the Yoast SEO plugin v27.2 - https:\/\/yoast.com\/product\/yoast-seo-wordpress\/ -->\n<title>Benefity | VAN GRAAF<\/title>\n<meta name=\"description\" content=\"Przekonaj si\u0119, dlaczego praca w VAN GRAAF jest wyj\u0105tkowa?\" \/>\n<meta name=\"robots\" content=\"index, follow, max-snippet:-1, max-image-preview:large, max-video-preview:-1\" \/>\n<link rel=\"canonical\" href=\"https:\/\/www.vangraaf.com\/pl\/kariera\/o-nas\/benefity\/\" \/>\n<meta property=\"og:locale\" content=\"pl_PL\" \/>\n<meta property=\"og:type\" content=\"article\" \/>\n<meta property=\"og:title\" content=\"Benefity | VAN GRAAF\" \/>\n<meta property=\"og:description\" content=\"Przekonaj si\u0119, dlaczego praca w VAN GRAAF jest wyj\u0105tkowa?\" \/>\n<meta property=\"og:url\" content=\"https:\/\/www.vangraaf.com\/pl\/kariera\/o-nas\/benefity\/\" \/>\n<meta property=\"og:site_name\" content=\"VAN GRAAF Polska\" \/>\n<meta property=\"article:modified_time\" content=\"2026-05-07T09:53:56+00:00\" \/>\n<meta name=\"twitter:card\" content=\"summary_large_image\" \/>\n<meta name=\"twitter:label1\" content=\"Szacowany czas czytania\" \/>\n\t<meta name=\"twitter:data1\" content=\"1 minuta\" \/>\n<script type=\"application\/ld+json\" class=\"yoast-schema-graph\">{\"@context\":\"https:\/\/schema.org\",\"@graph\":[{\"@type\":\"WebPage\",\"@id\":\"https:\/\/www.vangraaf.com\/pl\/kariera\/o-nas\/benefity\/\",\"url\":\"https:\/\/www.vangraaf.com\/pl\/kariera\/o-nas\/benefity\/\",\"name\":\"Benefity | VAN GRAAF\",\"isPartOf\":{\"@id\":\"https:\/\/www.vangraaf.com\/pl\/#website\"},\"datePublished\":\"2022-02-15T09:20:23+00:00\",\"dateModified\":\"2026-05-07T09:53:56+00:00\",\"description\":\"Przekonaj si\u0119, dlaczego praca w VAN GRAAF jest wyj\u0105tkowa?\",\"breadcrumb\":{\"@id\":\"https:\/\/www.vangraaf.com\/pl\/kariera\/o-nas\/benefity\/#breadcrumb\"},\"inLanguage\":\"pl-PL\",\"potentialAction\":[{\"@type\":\"ReadAction\",\"target\":[\"https:\/\/www.vangraaf.com\/pl\/kariera\/o-nas\/benefity\/\"]}]},{\"@type\":\"BreadcrumbList\",\"@id\":\"https:\/\/www.vangraaf.com\/pl\/kariera\/o-nas\/benefity\/#breadcrumb\",\"itemListElement\":[{\"@type\":\"ListItem\",\"position\":1,\"name\":\"Startseite\",\"item\":\"https:\/\/www.vangraaf.com\/pl\/\"},{\"@type\":\"ListItem\",\"position\":2,\"name\":\"Kariera\",\"item\":\"https:\/\/www.vangraaf.com\/pl\/kariera\/\"},{\"@type\":\"ListItem\",\"position\":3,\"name\":\"O nas\",\"item\":\"https:\/\/www.vangraaf.com\/pl\/kariera\/o-nas\/\"},{\"@type\":\"ListItem\",\"position\":4,\"name\":\"Benefity\"}]},{\"@type\":\"WebSite\",\"@id\":\"https:\/\/www.vangraaf.com\/pl\/#website\",\"url\":\"https:\/\/www.vangraaf.com\/pl\/\",\"name\":\"VAN GRAAF\",\"description\":\"VAN GRAAF\",\"potentialAction\":[{\"@type\":\"SearchAction\",\"target\":{\"@type\":\"EntryPoint\",\"urlTemplate\":\"https:\/\/www.vangraaf.com\/pl\/?s={search_term_string}\"},\"query-input\":{\"@type\":\"PropertyValueSpecification\",\"valueRequired\":true,\"valueName\":\"search_term_string\"}}],\"inLanguage\":\"pl-PL\"}]}<\/script>\n<!-- \/ Yoast SEO plugin. -->","yoast_head_json":{"title":"Benefity | VAN GRAAF","description":"Przekonaj si\u0119, dlaczego praca w VAN GRAAF jest wyj\u0105tkowa?","robots":{"index":"index","follow":"follow","max-snippet":"max-snippet:-1","max-image-preview":"max-image-preview:large","max-video-preview":"max-video-preview:-1"},"canonical":"https:\/\/www.vangraaf.com\/pl\/kariera\/o-nas\/benefity\/","og_locale":"pl_PL","og_type":"article","og_title":"Benefity | VAN GRAAF","og_description":"Przekonaj si\u0119, dlaczego praca w VAN GRAAF jest wyj\u0105tkowa?","og_url":"https:\/\/www.vangraaf.com\/pl\/kariera\/o-nas\/benefity\/","og_site_name":"VAN GRAAF Polska","article_modified_time":"2026-05-07T09:53:56+00:00","twitter_card":"summary_large_image","twitter_misc":{"Szacowany czas czytania":"1 minuta"},"schema":{"@context":"https:\/\/schema.org","@graph":[{"@type":"WebPage","@id":"https:\/\/www.vangraaf.com\/pl\/kariera\/o-nas\/benefity\/","url":"https:\/\/www.vangraaf.com\/pl\/kariera\/o-nas\/benefity\/","name":"Benefity | VAN GRAAF","isPartOf":{"@id":"https:\/\/www.vangraaf.com\/pl\/#website"},"datePublished":"2022-02-15T09:20:23+00:00","dateModified":"2026-05-07T09:53:56+00:00","description":"Przekonaj si\u0119, dlaczego praca w VAN GRAAF jest wyj\u0105tkowa?","breadcrumb":{"@id":"https:\/\/www.vangraaf.com\/pl\/kariera\/o-nas\/benefity\/#breadcrumb"},"inLanguage":"pl-PL","potentialAction":[{"@type":"ReadAction","target":["https:\/\/www.vangraaf.com\/pl\/kariera\/o-nas\/benefity\/"]}]},{"@type":"BreadcrumbList","@id":"https:\/\/www.vangraaf.com\/pl\/kariera\/o-nas\/benefity\/#breadcrumb","itemListElement":[{"@type":"ListItem","position":1,"name":"Startseite","item":"https:\/\/www.vangraaf.com\/pl\/"},{"@type":"ListItem","position":2,"name":"Kariera","item":"https:\/\/www.vangraaf.com\/pl\/kariera\/"},{"@type":"ListItem","position":3,"name":"O nas","item":"https:\/\/www.vangraaf.com\/pl\/kariera\/o-nas\/"},{"@type":"ListItem","position":4,"name":"Benefity"}]},{"@type":"WebSite","@id":"https:\/\/www.vangraaf.com\/pl\/#website","url":"https:\/\/www.vangraaf.com\/pl\/","name":"VAN GRAAF","description":"VAN GRAAF","potentialAction":[{"@type":"SearchAction","target":{"@type":"EntryPoint","urlTemplate":"https:\/\/www.vangraaf.com\/pl\/?s={search_term_string}"},"query-input":{"@type":"PropertyValueSpecification","valueRequired":true,"valueName":"search_term_string"}}],"inLanguage":"pl-PL"}]}},"_links":{"self":[{"href":"https:\/\/www.vangraaf.com\/pl\/wp-json\/wp\/v2\/pages\/539","targetHints":{"allow":["GET"]}}],"collection":[{"href":"https:\/\/www.vangraaf.com\/pl\/wp-json\/wp\/v2\/pages"}],"about":[{"href":"https:\/\/www.vangraaf.com\/pl\/wp-json\/wp\/v2\/types\/page"}],"author":[{"embeddable":true,"href":"https:\/\/www.vangraaf.com\/pl\/wp-json\/wp\/v2\/users\/6"}],"replies":[{"embeddable":true,"href":"https:\/\/www.vangraaf.com\/pl\/wp-json\/wp\/v2\/comments?post=539"}],"version-history":[{"count":34,"href":"https:\/\/www.vangraaf.com\/pl\/wp-json\/wp\/v2\/pages\/539\/revisions"}],"predecessor-version":[{"id":1319,"href":"https:\/\/www.vangraaf.com\/pl\/wp-json\/wp\/v2\/pages\/539\/revisions\/1319"}],"up":[{"embeddable":true,"href":"https:\/\/www.vangraaf.com\/pl\/wp-json\/wp\/v2\/pages\/517"}],"wp:attachment":[{"href":"https:\/\/www.vangraaf.com\/pl\/wp-json\/wp\/v2\/media?parent=539"}],"curies":[{"name":"wp","href":"https:\/\/api.w.org\/{rel}","templated":true}]}}