{"id":537,"date":"2022-02-15T10:20:10","date_gmt":"2022-02-15T09:20:10","guid":{"rendered":"https:\/\/www.vangraaf.com\/pl\/?page_id=537"},"modified":"2023-02-15T10:27:56","modified_gmt":"2023-02-15T09:27:56","slug":"odpowiedzialnosc","status":"publish","type":"page","link":"https:\/\/www.vangraaf.com\/pl\/kariera\/o-nas\/odpowiedzialnosc\/","title":{"rendered":"Odpowiedzialno\u015b\u0107"},"content":{"rendered":"<div class=\"wpb-content-wrapper\">[vc_row bwd_tbc4vd_show_weekday=&#8221;&#8221; full_width=&#8221;stretch_row_content_no_spaces&#8221;][vc_column]<div class=\"keyvisual\" data-aos=\"fade-up\" ><img loading=\"lazy\" decoding=\"async\" width=\"1440\" height=\"480\" src=\"https:\/\/www.vangraaf.com\/pl\/wp-content\/uploads\/sites\/10\/2022\/03\/M7_D_Wir_Headerbild_Gruppe_030.jpg\" class=\"vc_single_image-img keyvisual__image--big\" alt=\"\" srcset=\"https:\/\/www.vangraaf.com\/pl\/wp-content\/uploads\/sites\/10\/2022\/03\/M7_D_Wir_Headerbild_Gruppe_030.jpg 1440w, https:\/\/www.vangraaf.com\/pl\/wp-content\/uploads\/sites\/10\/2022\/03\/M7_D_Wir_Headerbild_Gruppe_030-300x100.jpg 300w, https:\/\/www.vangraaf.com\/pl\/wp-content\/uploads\/sites\/10\/2022\/03\/M7_D_Wir_Headerbild_Gruppe_030-1024x341.jpg 1024w, https:\/\/www.vangraaf.com\/pl\/wp-content\/uploads\/sites\/10\/2022\/03\/M7_D_Wir_Headerbild_Gruppe_030-768x256.jpg 768w, https:\/\/www.vangraaf.com\/pl\/wp-content\/uploads\/sites\/10\/2022\/03\/M7_D_Wir_Headerbild_Gruppe_030-1200x400.jpg 1200w, https:\/\/www.vangraaf.com\/pl\/wp-content\/uploads\/sites\/10\/2022\/03\/M7_D_Wir_Headerbild_Gruppe_030-992x331.jpg 992w, https:\/\/www.vangraaf.com\/pl\/wp-content\/uploads\/sites\/10\/2022\/03\/M7_D_Wir_Headerbild_Gruppe_030-480x160.jpg 480w, https:\/\/www.vangraaf.com\/pl\/wp-content\/uploads\/sites\/10\/2022\/03\/M7_D_Wir_Headerbild_Gruppe_030-690x230.jpg 690w\" sizes=\"(max-width: 1440px) 100vw, 1440px\" \/><img loading=\"lazy\" decoding=\"async\" width=\"768\" height=\"250\" src=\"https:\/\/www.vangraaf.com\/pl\/wp-content\/uploads\/sites\/10\/2022\/03\/M7_D_Wir_Headerbild_Gruppe_030-1.jpg\" class=\"vc_single_image-img keyvisual__image--small\" alt=\"\" srcset=\"https:\/\/www.vangraaf.com\/pl\/wp-content\/uploads\/sites\/10\/2022\/03\/M7_D_Wir_Headerbild_Gruppe_030-1.jpg 768w, https:\/\/www.vangraaf.com\/pl\/wp-content\/uploads\/sites\/10\/2022\/03\/M7_D_Wir_Headerbild_Gruppe_030-1-300x98.jpg 300w, https:\/\/www.vangraaf.com\/pl\/wp-content\/uploads\/sites\/10\/2022\/03\/M7_D_Wir_Headerbild_Gruppe_030-1-480x156.jpg 480w, https:\/\/www.vangraaf.com\/pl\/wp-content\/uploads\/sites\/10\/2022\/03\/M7_D_Wir_Headerbild_Gruppe_030-1-690x225.jpg 690w\" sizes=\"(max-width: 768px) 100vw, 768px\" \/><\/div>\n        <div class=\"headlines headlines--center\" data-aos=\"fade-up\">\n            <div class=\"vc_row\">\n                <div class=\"vc_col-md-10 vc_col-md-offset-1 vc_col-lg-10 vc_col-lg-offset-1\"><span class=\"h6\">Nasze inicjatywy jako pracodawcy<\/span><h1 class=\"h2\">Przejmij odpowiedzialno\u015b\u0107<\/h1><\/div>\n            <\/div>\n        <\/div>[vc_column_text]Jako rodzinna firma mamy odpowiedzialno\u015b\u0107 wpisan\u0105 <span class=\"nobr\">w nasz<\/span>\u0105 kultur\u0119 organizacyjn\u0105. <span class=\"nobr\">W VAN GRAAF<\/span> dzia\u0142amy <span class=\"nobr\">w spos\u00f3b<\/span> przejrzysty, <span class=\"nobr\">a decyzje<\/span> podejmujemy <span class=\"nobr\">z my\u015bl\u0105<\/span> <span class=\"nobr\">o przysz\u0142o\u015bci.<\/span>\r\n\r\nZaufanie <span class=\"nobr\">i odpowiedzialno\u015b\u0107<\/span> stanowi\u0105 podstaw\u0119 naszej <a href=\"https:\/\/www.vangraaf.com\/pl\/kariera\/o-nas\/wspolpraca\/\">wsp\u00f3\u0142pracy<\/a>, kt\u00f3rej rozw\u00f3j aktywnie wspieramy.\r\n\r\nW VAN GRAAF jeste\u015bmy entuzjastycznie nastawieni <span class=\"nobr\">do naszej<\/span> pracy, ka\u017cdy dzie\u0144 <span class=\"nobr\">to nowe<\/span> wyzwania. Jeste\u015bmy odpowiedzialni <span class=\"nobr\">za to, aby stworzy\u0107<\/span> takie \u015brodowisko pracy, <span class=\"nobr\">w kt\u00f3rym<\/span> ka\u017cdy poczuje si\u0119 doceniony <span class=\"nobr\">i b\u0119dzie<\/span> <span class=\"nobr\">m\u00f3g\u0142 si\u0119 rozwija\u0107.<\/span> K\u0142adziemy nacisk <span class=\"nobr\">nie tylko<\/span> <span class=\"nobr\">na kultur\u0119<\/span> zarz\u0105dzania <span class=\"nobr\">i feedbacku,<\/span> istotne <span class=\"nobr\">s\u0105 dla nas r\u00f3wnie\u017c<\/span> <a href=\"https:\/\/www.vangraaf.com\/pl\/kariera\/o-nas\/benefity\/\">dodatkowe \u015bwiadczenia<\/a>.\r\n\r\nW VAN GRAAF chcemy kszta\u0142towa\u0107 przysz\u0142o\u015b\u0107 <span class=\"nobr\">w spos\u00f3b<\/span> zr\u00f3wnowa\u017cony.\r\n\r\nDzi\u0119ki indywidualnemu programowi <a href=\"https:\/\/www.vangraaf.com\/pl\/kariera\/o-nas\/rozwoj-zawodowy\/\">doskonalenia zawodowego<\/a> mo\u017cemy obecnie zapewni\u0107 naszym pracownikom osobisty rozw\u00f3j, umacniaj\u0105c <span class=\"nobr\">ich pozycj\u0119<\/span> <span class=\"nobr\">w firmie.<\/span>\r\n\r\nNaszym celem <span class=\"nobr\">jest zr\u00f3wnowa\u017cona<\/span> wydajno\u015b\u0107 firmy. Jeste\u015bmy \u015bwiadomi ogromnej <span class=\"nobr\">roli zr\u00f3wnowa\u017conego<\/span> rozwoju. Zdajemy sobie spraw\u0119 <span class=\"nobr\">z tego, jak\u0105 odpowiedzialno\u015b\u0107<\/span> ponosimy wobec naszego spo\u0142ecze\u0144stwa <span class=\"nobr\">i \u015brodowiska<\/span> naturalnego.\r\n\r\n<a href=\"https:\/\/www.vangraaf.com\/pl\/przedsiebiorstwo\/zrownowazony-rozwoj\/\">Tutaj<\/a> dowiesz <span class=\"nobr\">si\u0119 wi\u0119cej<\/span> <span class=\"nobr\">o inicjatywach<\/span> <span class=\"nobr\">na rzecz<\/span> zr\u00f3wnowa\u017conego rozwoju <span class=\"nobr\">w naszym<\/span> \u0142a\u0144cuchu warto\u015bci.[\/vc_column_text][\/vc_column][\/vc_row][vc_row bwd_tbc4vd_show_weekday=&#8221;&#8221; full_width=&#8221;stretch_row_content_no_spaces&#8221;][vc_column]\n        <div class=\"headlines headlines--center\" data-aos=\"fade-up\">\n            <div class=\"vc_row\">\n                <div class=\"vc_col-md-10 vc_col-md-offset-1 vc_col-lg-10 vc_col-lg-offset-1\"><h2 class=\"h2\">Wi\u0119cej o VAN GRAAF<\/h2><\/div>\n            <\/div>\n        <\/div>[vc_row_inner bwd_tbc4vd_show_weekday=&#8221;&#8221; row_design=&#8221;row_square_background&#8221;][vc_column_inner width=&#8221;1\/3&#8243;]<div class=\"vg-element cta-teaser cta-teaser--center\" data-aos=\"fade-up\"><div class=\"cta-teaser__image\"><a class=\"\" href=\"https:\/\/www.vangraaf.com\/pl\/kariera\/o-nas\/rozwoj-zawodowy\/\" target=\"_self\" rel=\"\" style=\"\"><img loading=\"lazy\" decoding=\"async\" width=\"380\" height=\"254\" src=\"https:\/\/www.vangraaf.com\/pl\/wp-content\/uploads\/sites\/10\/2022\/03\/M12_D_GRUPPE_PORTRAIT_TRAINER_025-2.jpg\" class=\"vc_single_image-img attachment-full\" alt=\"\" title=\"Rozwoj zawodowy_Service\" srcset=\"https:\/\/www.vangraaf.com\/pl\/wp-content\/uploads\/sites\/10\/2022\/03\/M12_D_GRUPPE_PORTRAIT_TRAINER_025-2.jpg 380w, https:\/\/www.vangraaf.com\/pl\/wp-content\/uploads\/sites\/10\/2022\/03\/M12_D_GRUPPE_PORTRAIT_TRAINER_025-2-300x201.jpg 300w\" sizes=\"(max-width: 380px) 100vw, 380px\" \/><\/a><\/div><div class=\"cta-teaser__text\"><h3>Rozw\u00f3j zawodowy<\/h3><p>Postaw na rozw\u00f3j zawodowy! Nasze programy szkoleniowe przygotuj\u0105 Ci\u0119 do pracy w VAN GRAAF.<\/p><a class=\"button\" href=\"https:\/\/www.vangraaf.com\/pl\/kariera\/o-nas\/rozwoj-zawodowy\/\" target=\"_self\" rel=\"\" style=\"\">Dowiedz si\u0119 wi\u0119cej<\/a><\/div><\/div>[\/vc_column_inner][vc_column_inner width=&#8221;1\/3&#8243;]<div class=\"vg-element cta-teaser cta-teaser--center\" data-aos=\"fade-up\"><div class=\"cta-teaser__image\"><a class=\"\" href=\"https:\/\/www.vangraaf.com\/pl\/kariera\/o-nas\/o-firmie\/\" target=\"_self\" rel=\"\" style=\"\"><img loading=\"lazy\" decoding=\"async\" width=\"380\" height=\"254\" src=\"https:\/\/www.vangraaf.com\/pl\/wp-content\/uploads\/sites\/10\/2022\/03\/DasUnternehmen_VG-1.jpg\" class=\"vc_single_image-img attachment-full\" alt=\"\" title=\"O Firmie_ser\" srcset=\"https:\/\/www.vangraaf.com\/pl\/wp-content\/uploads\/sites\/10\/2022\/03\/DasUnternehmen_VG-1.jpg 380w, https:\/\/www.vangraaf.com\/pl\/wp-content\/uploads\/sites\/10\/2022\/03\/DasUnternehmen_VG-1-300x201.jpg 300w\" sizes=\"(max-width: 380px) 100vw, 380px\" \/><\/a><\/div><div class=\"cta-teaser__text\"><h3>Firma<\/h3><p>VAN GRAAF to odnosz\u0105ca sukcesy mi\u0119dzynarodowa firma z bogat\u0105 histori\u0105. Dowiedz si\u0119 o nas wi\u0119cej.<\/p><a class=\"button\" href=\"https:\/\/www.vangraaf.com\/pl\/kariera\/o-nas\/o-firmie\/\" target=\"_self\" rel=\"\" style=\"\">Dowiedz si\u0119 wi\u0119cej<\/a><\/div><\/div>[\/vc_column_inner][vc_column_inner width=&#8221;1\/3&#8243;]<div class=\"vg-element cta-teaser cta-teaser--center\" data-aos=\"fade-up\"><div class=\"cta-teaser__image\"><a class=\"\" href=\"https:\/\/www.vangraaf.com\/pl\/kariera\/praca-i-kariera\/oferty-pracy\/\" target=\"_self\" rel=\"\" style=\"\"><img loading=\"lazy\" decoding=\"async\" width=\"380\" height=\"254\" src=\"https:\/\/www.vangraaf.com\/pl\/wp-content\/uploads\/sites\/10\/2022\/03\/M10_M_Portraits_Buero_026-1.jpg\" class=\"vc_single_image-img attachment-full\" alt=\"\" title=\"Kariera_ser\" srcset=\"https:\/\/www.vangraaf.com\/pl\/wp-content\/uploads\/sites\/10\/2022\/03\/M10_M_Portraits_Buero_026-1.jpg 380w, https:\/\/www.vangraaf.com\/pl\/wp-content\/uploads\/sites\/10\/2022\/03\/M10_M_Portraits_Buero_026-1-300x201.jpg 300w\" sizes=\"(max-width: 380px) 100vw, 380px\" \/><\/a><\/div><div class=\"cta-teaser__text\"><h3>Oferty pracy<\/h3><p>Chcesz zrobi\u0107 kolejny krok w karierze? Oferujemy wiele mo\u017cliwo\u015bci. Znajd\u017a swoj\u0105 wymarzon\u0105 prac\u0119 w VAN GRAAF.<\/p><a class=\"button button--primary\" href=\"https:\/\/www.vangraaf.com\/pl\/kariera\/praca-i-kariera\/oferty-pracy\/\" target=\"_self\" rel=\"\" style=\"\">Szukaj ofert pracy<\/a><\/div><\/div>[\/vc_column_inner][\/vc_row_inner][\/vc_column][\/vc_row]<\/div>","protected":false},"excerpt":{"rendered":"[vc_row bwd_tbc4vd_show_weekday=&#8221;&#8221; full_width=&#8221;stretch_row_content_no_spaces&#8221;][vc_column][vc_column_text]Jako rodzinna firma mamy odpowiedzialno\u015b\u0107 wpisan\u0105 w nasz\u0105 kultur\u0119 organizacyjn\u0105. W VAN GRAAF dzia\u0142amy w spos\u00f3b przejrzysty, a decyzje podejmujemy z my\u015bl\u0105 o przysz\u0142o\u015bci. Zaufanie i odpowiedzialno\u015b\u0107 stanowi\u0105 podstaw\u0119 naszej wsp\u00f3\u0142pracy, kt\u00f3rej rozw\u00f3j aktywnie wspieramy. W VAN GRAAF jeste\u015bmy entuzjastycznie nastawieni do naszej pracy, ka\u017cdy dzie\u0144 to nowe wyzwania. Jeste\u015bmy odpowiedzialni za to, [&hellip;]","protected":false},"author":6,"featured_media":0,"parent":517,"menu_order":0,"comment_status":"closed","ping_status":"closed","template":"","meta":{"_acf_changed":false,"inline_featured_image":false,"footnotes":""},"class_list":["post-537","page","type-page","status-publish","hentry"],"acf":[],"yoast_head":"<!-- This site is optimized with the Yoast SEO plugin v27.2 - https:\/\/yoast.com\/product\/yoast-seo-wordpress\/ -->\n<title>Nasza odpowiedzialno\u015b\u0107 jako pracodawcy I VAN GRAAF<\/title>\n<meta name=\"description\" content=\"Jako rodzinna firma mamy odpowiedzialno\u015b\u0107 wpisan\u0105 w nasz\u0105 kultur\u0119 organizacyjn\u0105. Dowiedz si\u0119 wi\u0119cej o naszych inicjatywach!\" \/>\n<meta name=\"robots\" content=\"index, follow, max-snippet:-1, max-image-preview:large, max-video-preview:-1\" \/>\n<link rel=\"canonical\" href=\"https:\/\/www.vangraaf.com\/pl\/kariera\/o-nas\/odpowiedzialnosc\/\" \/>\n<meta property=\"og:locale\" content=\"pl_PL\" \/>\n<meta property=\"og:type\" content=\"article\" \/>\n<meta property=\"og:title\" content=\"Nasza odpowiedzialno\u015b\u0107 jako pracodawcy I VAN GRAAF\" \/>\n<meta property=\"og:description\" content=\"Jako rodzinna firma mamy odpowiedzialno\u015b\u0107 wpisan\u0105 w nasz\u0105 kultur\u0119 organizacyjn\u0105. Dowiedz si\u0119 wi\u0119cej o naszych inicjatywach!\" \/>\n<meta property=\"og:url\" content=\"https:\/\/www.vangraaf.com\/pl\/kariera\/o-nas\/odpowiedzialnosc\/\" \/>\n<meta property=\"og:site_name\" content=\"VAN GRAAF Polska\" \/>\n<meta property=\"article:modified_time\" content=\"2023-02-15T09:27:56+00:00\" \/>\n<meta name=\"twitter:card\" content=\"summary_large_image\" \/>\n<meta name=\"twitter:label1\" content=\"Szacowany czas czytania\" \/>\n\t<meta name=\"twitter:data1\" content=\"2 minuty\" \/>\n<script type=\"application\/ld+json\" class=\"yoast-schema-graph\">{\"@context\":\"https:\/\/schema.org\",\"@graph\":[{\"@type\":\"WebPage\",\"@id\":\"https:\/\/www.vangraaf.com\/pl\/kariera\/o-nas\/odpowiedzialnosc\/\",\"url\":\"https:\/\/www.vangraaf.com\/pl\/kariera\/o-nas\/odpowiedzialnosc\/\",\"name\":\"Nasza odpowiedzialno\u015b\u0107 jako pracodawcy I VAN GRAAF\",\"isPartOf\":{\"@id\":\"https:\/\/www.vangraaf.com\/pl\/#website\"},\"datePublished\":\"2022-02-15T09:20:10+00:00\",\"dateModified\":\"2023-02-15T09:27:56+00:00\",\"description\":\"Jako rodzinna firma mamy odpowiedzialno\u015b\u0107 wpisan\u0105 w nasz\u0105 kultur\u0119 organizacyjn\u0105. Dowiedz si\u0119 wi\u0119cej o naszych inicjatywach!\",\"breadcrumb\":{\"@id\":\"https:\/\/www.vangraaf.com\/pl\/kariera\/o-nas\/odpowiedzialnosc\/#breadcrumb\"},\"inLanguage\":\"pl-PL\",\"potentialAction\":[{\"@type\":\"ReadAction\",\"target\":[\"https:\/\/www.vangraaf.com\/pl\/kariera\/o-nas\/odpowiedzialnosc\/\"]}]},{\"@type\":\"BreadcrumbList\",\"@id\":\"https:\/\/www.vangraaf.com\/pl\/kariera\/o-nas\/odpowiedzialnosc\/#breadcrumb\",\"itemListElement\":[{\"@type\":\"ListItem\",\"position\":1,\"name\":\"Startseite\",\"item\":\"https:\/\/www.vangraaf.com\/pl\/\"},{\"@type\":\"ListItem\",\"position\":2,\"name\":\"Kariera\",\"item\":\"https:\/\/www.vangraaf.com\/pl\/kariera\/\"},{\"@type\":\"ListItem\",\"position\":3,\"name\":\"O nas\",\"item\":\"https:\/\/www.vangraaf.com\/pl\/kariera\/o-nas\/\"},{\"@type\":\"ListItem\",\"position\":4,\"name\":\"Odpowiedzialno\u015b\u0107\"}]},{\"@type\":\"WebSite\",\"@id\":\"https:\/\/www.vangraaf.com\/pl\/#website\",\"url\":\"https:\/\/www.vangraaf.com\/pl\/\",\"name\":\"VAN GRAAF\",\"description\":\"VAN GRAAF\",\"potentialAction\":[{\"@type\":\"SearchAction\",\"target\":{\"@type\":\"EntryPoint\",\"urlTemplate\":\"https:\/\/www.vangraaf.com\/pl\/?s={search_term_string}\"},\"query-input\":{\"@type\":\"PropertyValueSpecification\",\"valueRequired\":true,\"valueName\":\"search_term_string\"}}],\"inLanguage\":\"pl-PL\"}]}<\/script>\n<!-- \/ Yoast SEO plugin. -->","yoast_head_json":{"title":"Nasza odpowiedzialno\u015b\u0107 jako pracodawcy I VAN GRAAF","description":"Jako rodzinna firma mamy odpowiedzialno\u015b\u0107 wpisan\u0105 w nasz\u0105 kultur\u0119 organizacyjn\u0105. Dowiedz si\u0119 wi\u0119cej o naszych inicjatywach!","robots":{"index":"index","follow":"follow","max-snippet":"max-snippet:-1","max-image-preview":"max-image-preview:large","max-video-preview":"max-video-preview:-1"},"canonical":"https:\/\/www.vangraaf.com\/pl\/kariera\/o-nas\/odpowiedzialnosc\/","og_locale":"pl_PL","og_type":"article","og_title":"Nasza odpowiedzialno\u015b\u0107 jako pracodawcy I VAN GRAAF","og_description":"Jako rodzinna firma mamy odpowiedzialno\u015b\u0107 wpisan\u0105 w nasz\u0105 kultur\u0119 organizacyjn\u0105. Dowiedz si\u0119 wi\u0119cej o naszych inicjatywach!","og_url":"https:\/\/www.vangraaf.com\/pl\/kariera\/o-nas\/odpowiedzialnosc\/","og_site_name":"VAN GRAAF Polska","article_modified_time":"2023-02-15T09:27:56+00:00","twitter_card":"summary_large_image","twitter_misc":{"Szacowany czas czytania":"2 minuty"},"schema":{"@context":"https:\/\/schema.org","@graph":[{"@type":"WebPage","@id":"https:\/\/www.vangraaf.com\/pl\/kariera\/o-nas\/odpowiedzialnosc\/","url":"https:\/\/www.vangraaf.com\/pl\/kariera\/o-nas\/odpowiedzialnosc\/","name":"Nasza odpowiedzialno\u015b\u0107 jako pracodawcy I VAN GRAAF","isPartOf":{"@id":"https:\/\/www.vangraaf.com\/pl\/#website"},"datePublished":"2022-02-15T09:20:10+00:00","dateModified":"2023-02-15T09:27:56+00:00","description":"Jako rodzinna firma mamy odpowiedzialno\u015b\u0107 wpisan\u0105 w nasz\u0105 kultur\u0119 organizacyjn\u0105. Dowiedz si\u0119 wi\u0119cej o naszych inicjatywach!","breadcrumb":{"@id":"https:\/\/www.vangraaf.com\/pl\/kariera\/o-nas\/odpowiedzialnosc\/#breadcrumb"},"inLanguage":"pl-PL","potentialAction":[{"@type":"ReadAction","target":["https:\/\/www.vangraaf.com\/pl\/kariera\/o-nas\/odpowiedzialnosc\/"]}]},{"@type":"BreadcrumbList","@id":"https:\/\/www.vangraaf.com\/pl\/kariera\/o-nas\/odpowiedzialnosc\/#breadcrumb","itemListElement":[{"@type":"ListItem","position":1,"name":"Startseite","item":"https:\/\/www.vangraaf.com\/pl\/"},{"@type":"ListItem","position":2,"name":"Kariera","item":"https:\/\/www.vangraaf.com\/pl\/kariera\/"},{"@type":"ListItem","position":3,"name":"O nas","item":"https:\/\/www.vangraaf.com\/pl\/kariera\/o-nas\/"},{"@type":"ListItem","position":4,"name":"Odpowiedzialno\u015b\u0107"}]},{"@type":"WebSite","@id":"https:\/\/www.vangraaf.com\/pl\/#website","url":"https:\/\/www.vangraaf.com\/pl\/","name":"VAN GRAAF","description":"VAN GRAAF","potentialAction":[{"@type":"SearchAction","target":{"@type":"EntryPoint","urlTemplate":"https:\/\/www.vangraaf.com\/pl\/?s={search_term_string}"},"query-input":{"@type":"PropertyValueSpecification","valueRequired":true,"valueName":"search_term_string"}}],"inLanguage":"pl-PL"}]}},"_links":{"self":[{"href":"https:\/\/www.vangraaf.com\/pl\/wp-json\/wp\/v2\/pages\/537","targetHints":{"allow":["GET"]}}],"collection":[{"href":"https:\/\/www.vangraaf.com\/pl\/wp-json\/wp\/v2\/pages"}],"about":[{"href":"https:\/\/www.vangraaf.com\/pl\/wp-json\/wp\/v2\/types\/page"}],"author":[{"embeddable":true,"href":"https:\/\/www.vangraaf.com\/pl\/wp-json\/wp\/v2\/users\/6"}],"replies":[{"embeddable":true,"href":"https:\/\/www.vangraaf.com\/pl\/wp-json\/wp\/v2\/comments?post=537"}],"version-history":[{"count":13,"href":"https:\/\/www.vangraaf.com\/pl\/wp-json\/wp\/v2\/pages\/537\/revisions"}],"predecessor-version":[{"id":1125,"href":"https:\/\/www.vangraaf.com\/pl\/wp-json\/wp\/v2\/pages\/537\/revisions\/1125"}],"up":[{"embeddable":true,"href":"https:\/\/www.vangraaf.com\/pl\/wp-json\/wp\/v2\/pages\/517"}],"wp:attachment":[{"href":"https:\/\/www.vangraaf.com\/pl\/wp-json\/wp\/v2\/media?parent=537"}],"curies":[{"name":"wp","href":"https:\/\/api.w.org\/{rel}","templated":true}]}}