{"id":535,"date":"2022-02-15T10:19:11","date_gmt":"2022-02-15T09:19:11","guid":{"rendered":"https:\/\/www.vangraaf.com\/pl\/?page_id=535"},"modified":"2025-09-23T18:16:42","modified_gmt":"2025-09-23T16:16:42","slug":"rozwoj-zawodowy","status":"publish","type":"page","link":"https:\/\/www.vangraaf.com\/pl\/kariera\/o-nas\/rozwoj-zawodowy\/","title":{"rendered":"Rozw\u00f3j zawodowy"},"content":{"rendered":"<div class=\"wpb-content-wrapper\">[vc_row bwd_tbc4vd_show_weekday=&#8221;&#8221; full_width=&#8221;stretch_row_content_no_spaces&#8221;][vc_column]<div class=\"keyvisual\" data-aos=\"fade-up\" ><img loading=\"lazy\" decoding=\"async\" width=\"1440\" height=\"480\" src=\"https:\/\/www.vangraaf.com\/pl\/wp-content\/uploads\/sites\/10\/2022\/03\/M12_D_GRUPPE_PORTRAIT_TRAINER_025.jpg\" class=\"vc_single_image-img\" alt=\"\" srcset=\"https:\/\/www.vangraaf.com\/pl\/wp-content\/uploads\/sites\/10\/2022\/03\/M12_D_GRUPPE_PORTRAIT_TRAINER_025.jpg 1440w, https:\/\/www.vangraaf.com\/pl\/wp-content\/uploads\/sites\/10\/2022\/03\/M12_D_GRUPPE_PORTRAIT_TRAINER_025-300x100.jpg 300w, https:\/\/www.vangraaf.com\/pl\/wp-content\/uploads\/sites\/10\/2022\/03\/M12_D_GRUPPE_PORTRAIT_TRAINER_025-1024x341.jpg 1024w, https:\/\/www.vangraaf.com\/pl\/wp-content\/uploads\/sites\/10\/2022\/03\/M12_D_GRUPPE_PORTRAIT_TRAINER_025-768x256.jpg 768w, https:\/\/www.vangraaf.com\/pl\/wp-content\/uploads\/sites\/10\/2022\/03\/M12_D_GRUPPE_PORTRAIT_TRAINER_025-1200x400.jpg 1200w, https:\/\/www.vangraaf.com\/pl\/wp-content\/uploads\/sites\/10\/2022\/03\/M12_D_GRUPPE_PORTRAIT_TRAINER_025-992x331.jpg 992w, https:\/\/www.vangraaf.com\/pl\/wp-content\/uploads\/sites\/10\/2022\/03\/M12_D_GRUPPE_PORTRAIT_TRAINER_025-480x160.jpg 480w, https:\/\/www.vangraaf.com\/pl\/wp-content\/uploads\/sites\/10\/2022\/03\/M12_D_GRUPPE_PORTRAIT_TRAINER_025-690x230.jpg 690w\" sizes=\"(max-width: 1440px) 100vw, 1440px\" \/><\/div>\n        <div class=\"headlines headlines--center\" data-aos=\"fade-up\">\n            <div class=\"vc_row\">\n                <div class=\"vc_col-md-10 vc_col-md-offset-1 vc_col-lg-10 vc_col-lg-offset-1\"><span class=\"h6\">Rozw\u00f3j potencja\u0142u i kreowanie przysz\u0142o\u015bci<\/span><h1 class=\"h2\">Postaw na rozw\u00f3j zawodowy!<\/h1><\/div>\n            <\/div>\n        <\/div>[vc_column_text]\r\n<p style=\"text-align: center\">W VAN GRAAF stawiamy <span class=\"nobr\">na rozw\u00f3j<\/span> osobisty pracownik\u00f3w. Nasza bogata oferta szkole\u0144 zar\u00f3wno stacjonarnych, <span class=\"nobr\">jak i online<\/span> obejmuje kursy dla pracownik\u00f3w Dzia\u0142u Sprzeda\u017cy, Logistyki, Dekoracji <span class=\"nobr\">oraz kadry<\/span> kierowniczej.<\/p>\r\n[\/vc_column_text][vc_column_text]\r\n<h3>Oferta szkoleniowa<\/h3>\r\nChcemy obs\u0142ugiwa\u0107 naszych klient\u00f3w na najwy\u017cszym poziomie. Onboarding, doradztwo <span class=\"nobr\">i zami\u0142owanie<\/span> <span class=\"nobr\">do mody to podstawa<\/span> naszego sukcesu. Podczas pierwszego szkolenia przeka\u017cemy <span class=\"nobr\">Ci praktyczn\u0105<\/span> <span class=\"nobr\">i niezb\u0119dn\u0105<\/span> wiedz\u0119. Przygotujemy <span class=\"nobr\">Ci\u0119 do rozpocz\u0119cia<\/span> pracy <span class=\"nobr\">w bran\u017cy<\/span> modowej.\r\n\r\nKolejne szkolenia sprzeda\u017cowe (Sales Training) to dawka wiedzy z zakresu technik sprzeda\u017cy, rozwoju osobistego i umiej\u0119tno\u015bci mi\u0119kkich \u2013 takich jak znajomo\u015b\u0107 typ\u00f3w osobowo\u015bci, komunikacja, wsp\u00f3\u0142praca czy rozwi\u0105zywanie konflikt\u00f3w. To kompetencje, kt\u00f3re wspieraj\u0105 efektywn\u0105 prac\u0119 zespo\u0142ow\u0105 i wzmacniaj\u0105 kultur\u0119 organizacyjn\u0105.\r\n\r\n<strong>Programy szkole\u0144 <span class=\"nobr\">dla kadry<\/span> kierowniczej (Leadership Trainings)<\/strong> umo\u017cliwiaj\u0105 naszym mened\u017cerom \u015bwiadomy rozw\u00f3j zar\u00f3wno kompetencji mi\u0119kkich, <span class=\"nobr\">jak i kierowniczych.<\/span> <span class=\"nobr\">O wysoki<\/span> poziom szkole\u0144 dbaj\u0105 <span class=\"nobr\">nasi trenerzy,<\/span> <span class=\"nobr\">a uczestnicy<\/span> doceniaj\u0105 r\u00f3wnie\u017c mo\u017cliwo\u015b\u0107 wymiany do\u015bwiadcze\u0144 mi\u0119dzy sob\u0105.[\/vc_column_text][vc_column_text]\r\n<h3>Talent Program<\/h3>\r\nW VAN GRAAF rozwiniemy Tw\u00f3j potencja\u0142. Stawiamy wysokie wymagania, <span class=\"nobr\">ale oferujemy<\/span> <span class=\"nobr\">Ci doskona\u0142e<\/span> mo\u017cliwo\u015bci rozwoju. Nieskomplikowana struktura organizacyjna <span class=\"nobr\">i proces<\/span> szybkiego podejmowania decyzji stwarzaj\u0105 korzystne warunki <span class=\"nobr\">do wykazania<\/span> w\u0142asnej inicjatywy <span class=\"nobr\">i przej\u0119cia<\/span> odpowiedzialno\u015bci. <span class=\"nobr\">Na ka\u017cdym<\/span> etapie <span class=\"nobr\">tego procesu<\/span> mo\u017cesz liczy\u0107 <span class=\"nobr\">na wsparcie<\/span> kadry kierowniczej <span class=\"nobr\">i Dzia\u0142u<\/span> Personalnego.\r\n\r\nJe\u015bli drzemie <span class=\"nobr\">w Tobie<\/span> potencja\u0142, masz talent <span class=\"nobr\">i wykazujesz<\/span> zdolno\u015bci przyw\u00f3dcze, program <strong>Fit for Leadership<\/strong> <span class=\"nobr\">da Ci szans\u0119<\/span> rozwoju <span class=\"nobr\">oraz doskonalenia<\/span> kompetencji kierowniczych. Dzi\u0119ki niemu przygotujemy <span class=\"nobr\">Ci\u0119 na kolejny<\/span> krok <span class=\"nobr\">w karierze.<\/span> Zdob\u0119dziesz wiedz\u0119 <span class=\"nobr\">z zakresu<\/span> obs\u0142ugi klienta, towaroznawstwa <span class=\"nobr\">i najnowszych<\/span> trend\u00f3w <span class=\"nobr\">w modzie.<\/span>[\/vc_column_text][\/vc_column][\/vc_row][vc_row][vc_column]<div class=\"quote-teaser quote-teaser--light\" style=\"--bg-image: url(https:\/\/www.vangraaf.com\/pl\/wp-content\/uploads\/sites\/10\/2022\/03\/M3_C_Schueler_075-1200x542.jpg); --season-color: #002045\" data-aos=\"fade-up\"><div class=\"vc_row vc_row-flex\"><div class=\"vc_col-sm-6 vc_col-sm-offset-6\"><div class=\"quote-teaser__content\"><img loading=\"lazy\" decoding=\"async\" width=\"768\" height=\"650\" src=\"https:\/\/www.vangraaf.com\/pl\/wp-content\/uploads\/sites\/10\/2022\/03\/M3_C_Schueler_075_MO.jpg\" class=\"quote-teaser__content__image\" alt=\"\" srcset=\"https:\/\/www.vangraaf.com\/pl\/wp-content\/uploads\/sites\/10\/2022\/03\/M3_C_Schueler_075_MO.jpg 768w, https:\/\/www.vangraaf.com\/pl\/wp-content\/uploads\/sites\/10\/2022\/03\/M3_C_Schueler_075_MO-300x254.jpg 300w, https:\/\/www.vangraaf.com\/pl\/wp-content\/uploads\/sites\/10\/2022\/03\/M3_C_Schueler_075_MO-480x406.jpg 480w, https:\/\/www.vangraaf.com\/pl\/wp-content\/uploads\/sites\/10\/2022\/03\/M3_C_Schueler_075_MO-690x584.jpg 690w\" sizes=\"(max-width: 768px) 100vw, 768px\" \/><div class=\"quote-teaser__content__quote\">Ceni\u0119 sobie m\u00f3j dotychczasowy, indywidualny rozw\u00f3j oraz perspektyw\u0119 rozwoju na przysz\u0142o\u015b\u0107<\/div><div class=\"quote-teaser__content__author\"><p>Paulina, Dekorator<\/p>\n<\/div><a class=\"button button--light\" href=\"https:\/\/www.vangraaf.com\/pl\/kariera\/praca-i-kariera\/oferty-pracy\/\" target=\"_self\" rel=\"\" style=\"\">Do\u0142\u0105cz do zespo\u0142u!<\/a><\/div><\/div><\/div><\/div>[\/vc_column][\/vc_row][vc_row bwd_tbc4vd_show_weekday=&#8221;&#8221; full_width=&#8221;stretch_row_content_no_spaces&#8221;][vc_column]\n        <div class=\"headlines headlines--center\" data-aos=\"fade-up\">\n            <div class=\"vc_row\">\n                <div class=\"vc_col-md-10 vc_col-md-offset-1 vc_col-lg-10 vc_col-lg-offset-1\"><h2 class=\"h2\">Wi\u0119cej o VAN GRAAF<\/h2><\/div>\n            <\/div>\n        <\/div>[vc_row_inner bwd_tbc4vd_show_weekday=&#8221;&#8221; row_design=&#8221;row_square_background&#8221;][vc_column_inner width=&#8221;1\/3&#8243;]<div class=\"vg-element cta-teaser cta-teaser--center\" data-aos=\"fade-up\"><div class=\"cta-teaser__image\"><a class=\"\" href=\"https:\/\/www.vangraaf.com\/pl\/kariera\/o-nas\/odpowiedzialnosc\/\" target=\"_self\" rel=\"\" style=\"\"><img loading=\"lazy\" decoding=\"async\" width=\"380\" height=\"254\" src=\"https:\/\/www.vangraaf.com\/pl\/wp-content\/uploads\/sites\/10\/2022\/03\/M7_D_Wir_Headerbild_Gruppe_030-2.jpg\" class=\"vc_single_image-img attachment-full\" alt=\"\" title=\"O nas_ser\" srcset=\"https:\/\/www.vangraaf.com\/pl\/wp-content\/uploads\/sites\/10\/2022\/03\/M7_D_Wir_Headerbild_Gruppe_030-2.jpg 380w, https:\/\/www.vangraaf.com\/pl\/wp-content\/uploads\/sites\/10\/2022\/03\/M7_D_Wir_Headerbild_Gruppe_030-2-300x201.jpg 300w\" sizes=\"(max-width: 380px) 100vw, 380px\" \/><\/a><\/div><div class=\"cta-teaser__text\"><h3>Odpowie\u00addzialno\u015b\u0107<\/h3><p>Jako rodzinna firma mamy odpowiedzialno\u015b\u0107 wpisan\u0105 w nasz\u0105 kultur\u0119 organizacyjn\u0105.<\/p><a class=\"button\" href=\"https:\/\/www.vangraaf.com\/pl\/kariera\/o-nas\/odpowiedzialnosc\/\" target=\"_self\" rel=\"\" style=\"\">Dowiedz si\u0119 wi\u0119cej<\/a><\/div><\/div>[\/vc_column_inner][vc_column_inner width=&#8221;1\/3&#8243;]<div class=\"vg-element cta-teaser cta-teaser--center\" data-aos=\"fade-up\"><div class=\"cta-teaser__image\"><a class=\"\" href=\"https:\/\/www.vangraaf.com\/pl\/kariera\/o-nas\/o-firmie\/\" target=\"_self\" rel=\"\" style=\"\"><img loading=\"lazy\" decoding=\"async\" width=\"380\" height=\"254\" src=\"https:\/\/www.vangraaf.com\/pl\/wp-content\/uploads\/sites\/10\/2022\/03\/DasUnternehmen_VG-1.jpg\" class=\"vc_single_image-img attachment-full\" alt=\"\" title=\"O Firmie_ser\" srcset=\"https:\/\/www.vangraaf.com\/pl\/wp-content\/uploads\/sites\/10\/2022\/03\/DasUnternehmen_VG-1.jpg 380w, https:\/\/www.vangraaf.com\/pl\/wp-content\/uploads\/sites\/10\/2022\/03\/DasUnternehmen_VG-1-300x201.jpg 300w\" sizes=\"(max-width: 380px) 100vw, 380px\" \/><\/a><\/div><div class=\"cta-teaser__text\"><h3>Firma<\/h3><p>VAN GRAAF to odnosz\u0105ca sukcesy mi\u0119dzynarodowa firma z bogat\u0105 histori\u0105. Dowiedz si\u0119 o nas wi\u0119cej.<\/p><a class=\"button\" href=\"https:\/\/www.vangraaf.com\/pl\/kariera\/o-nas\/o-firmie\/\" target=\"_self\" rel=\"\" style=\"\">Dowiedz si\u0119 wi\u0119cej<\/a><\/div><\/div>[\/vc_column_inner][vc_column_inner width=&#8221;1\/3&#8243;]<div class=\"vg-element cta-teaser cta-teaser--center\" data-aos=\"fade-up\"><div class=\"cta-teaser__image\"><a class=\"\" href=\"https:\/\/www.vangraaf.com\/pl\/kariera\/praca-i-kariera\/oferty-pracy\/\" target=\"_self\" rel=\"\" style=\"\"><img loading=\"lazy\" decoding=\"async\" width=\"380\" height=\"254\" src=\"https:\/\/www.vangraaf.com\/pl\/wp-content\/uploads\/sites\/10\/2022\/03\/M10_M_Portraits_Buero_026-1.jpg\" class=\"vc_single_image-img attachment-full\" alt=\"\" title=\"Kariera_ser\" srcset=\"https:\/\/www.vangraaf.com\/pl\/wp-content\/uploads\/sites\/10\/2022\/03\/M10_M_Portraits_Buero_026-1.jpg 380w, https:\/\/www.vangraaf.com\/pl\/wp-content\/uploads\/sites\/10\/2022\/03\/M10_M_Portraits_Buero_026-1-300x201.jpg 300w\" sizes=\"(max-width: 380px) 100vw, 380px\" \/><\/a><\/div><div class=\"cta-teaser__text\"><h3>Oferty pracy<\/h3><p>Chcesz zrobi\u0107 kolejny krok w karierze? Oferujemy wiele mo\u017cliwo\u015bci. Znajd\u017a swoj\u0105 wymarzon\u0105 prac\u0119 w VAN GRAAF.<\/p><a class=\"button button--primary\" href=\"https:\/\/www.vangraaf.com\/pl\/kariera\/praca-i-kariera\/oferty-pracy\/\" target=\"_self\" rel=\"\" style=\"\">Szukaj ofert pracy<\/a><\/div><\/div>[\/vc_column_inner][\/vc_row_inner][\/vc_column][\/vc_row]<\/div>","protected":false},"excerpt":{"rendered":"[vc_row bwd_tbc4vd_show_weekday=&#8221;&#8221; full_width=&#8221;stretch_row_content_no_spaces&#8221;][vc_column][vc_column_text] W VAN GRAAF stawiamy na rozw\u00f3j osobisty pracownik\u00f3w. Nasza bogata oferta szkole\u0144 zar\u00f3wno stacjonarnych, jak i online obejmuje kursy dla pracownik\u00f3w Dzia\u0142u Sprzeda\u017cy, Logistyki, Dekoracji oraz kadry kierowniczej. [\/vc_column_text][vc_column_text] Oferta szkoleniowa Chcemy obs\u0142ugiwa\u0107 naszych klient\u00f3w na najwy\u017cszym poziomie. Onboarding, doradztwo i zami\u0142owanie do mody to podstawa naszego sukcesu. Podczas pierwszego szkolenia przeka\u017cemy [&hellip;]","protected":false},"author":6,"featured_media":0,"parent":517,"menu_order":0,"comment_status":"closed","ping_status":"closed","template":"","meta":{"_acf_changed":false,"inline_featured_image":false,"footnotes":""},"class_list":["post-535","page","type-page","status-publish","hentry"],"acf":[],"yoast_head":"<!-- This site is optimized with the Yoast SEO plugin v27.2 - https:\/\/yoast.com\/product\/yoast-seo-wordpress\/ -->\n<title>Tw\u00f3j rozw\u00f3j w VAN GRAAF<\/title>\n<meta name=\"description\" content=\"Postaw na rozw\u00f3j zawodowy! Nasze programy szkoleniowe przygotuj\u0105 Ci\u0119 do pracy w VAN GRAAF\" \/>\n<meta name=\"robots\" content=\"index, follow, max-snippet:-1, max-image-preview:large, max-video-preview:-1\" \/>\n<link rel=\"canonical\" href=\"https:\/\/www.vangraaf.com\/pl\/kariera\/o-nas\/rozwoj-zawodowy\/\" \/>\n<meta property=\"og:locale\" content=\"pl_PL\" \/>\n<meta property=\"og:type\" content=\"article\" \/>\n<meta property=\"og:title\" content=\"Tw\u00f3j rozw\u00f3j w VAN GRAAF\" \/>\n<meta property=\"og:description\" content=\"Postaw na rozw\u00f3j zawodowy! Nasze programy szkoleniowe przygotuj\u0105 Ci\u0119 do pracy w VAN GRAAF\" \/>\n<meta property=\"og:url\" content=\"https:\/\/www.vangraaf.com\/pl\/kariera\/o-nas\/rozwoj-zawodowy\/\" \/>\n<meta property=\"og:site_name\" content=\"VAN GRAAF Polska\" \/>\n<meta property=\"article:modified_time\" content=\"2025-09-23T16:16:42+00:00\" \/>\n<meta name=\"twitter:card\" content=\"summary_large_image\" \/>\n<meta name=\"twitter:label1\" content=\"Szacowany czas czytania\" \/>\n\t<meta name=\"twitter:data1\" content=\"2 minuty\" \/>\n<script type=\"application\/ld+json\" class=\"yoast-schema-graph\">{\"@context\":\"https:\/\/schema.org\",\"@graph\":[{\"@type\":\"WebPage\",\"@id\":\"https:\/\/www.vangraaf.com\/pl\/kariera\/o-nas\/rozwoj-zawodowy\/\",\"url\":\"https:\/\/www.vangraaf.com\/pl\/kariera\/o-nas\/rozwoj-zawodowy\/\",\"name\":\"Tw\u00f3j rozw\u00f3j w VAN GRAAF\",\"isPartOf\":{\"@id\":\"https:\/\/www.vangraaf.com\/pl\/#website\"},\"datePublished\":\"2022-02-15T09:19:11+00:00\",\"dateModified\":\"2025-09-23T16:16:42+00:00\",\"description\":\"Postaw na rozw\u00f3j zawodowy! Nasze programy szkoleniowe przygotuj\u0105 Ci\u0119 do pracy w VAN GRAAF\",\"breadcrumb\":{\"@id\":\"https:\/\/www.vangraaf.com\/pl\/kariera\/o-nas\/rozwoj-zawodowy\/#breadcrumb\"},\"inLanguage\":\"pl-PL\",\"potentialAction\":[{\"@type\":\"ReadAction\",\"target\":[\"https:\/\/www.vangraaf.com\/pl\/kariera\/o-nas\/rozwoj-zawodowy\/\"]}]},{\"@type\":\"BreadcrumbList\",\"@id\":\"https:\/\/www.vangraaf.com\/pl\/kariera\/o-nas\/rozwoj-zawodowy\/#breadcrumb\",\"itemListElement\":[{\"@type\":\"ListItem\",\"position\":1,\"name\":\"Startseite\",\"item\":\"https:\/\/www.vangraaf.com\/pl\/\"},{\"@type\":\"ListItem\",\"position\":2,\"name\":\"Kariera\",\"item\":\"https:\/\/www.vangraaf.com\/pl\/kariera\/\"},{\"@type\":\"ListItem\",\"position\":3,\"name\":\"O nas\",\"item\":\"https:\/\/www.vangraaf.com\/pl\/kariera\/o-nas\/\"},{\"@type\":\"ListItem\",\"position\":4,\"name\":\"Rozw\u00f3j zawodowy\"}]},{\"@type\":\"WebSite\",\"@id\":\"https:\/\/www.vangraaf.com\/pl\/#website\",\"url\":\"https:\/\/www.vangraaf.com\/pl\/\",\"name\":\"VAN GRAAF\",\"description\":\"VAN GRAAF\",\"potentialAction\":[{\"@type\":\"SearchAction\",\"target\":{\"@type\":\"EntryPoint\",\"urlTemplate\":\"https:\/\/www.vangraaf.com\/pl\/?s={search_term_string}\"},\"query-input\":{\"@type\":\"PropertyValueSpecification\",\"valueRequired\":true,\"valueName\":\"search_term_string\"}}],\"inLanguage\":\"pl-PL\"}]}<\/script>\n<!-- \/ Yoast SEO plugin. -->","yoast_head_json":{"title":"Tw\u00f3j rozw\u00f3j w VAN GRAAF","description":"Postaw na rozw\u00f3j zawodowy! Nasze programy szkoleniowe przygotuj\u0105 Ci\u0119 do pracy w VAN GRAAF","robots":{"index":"index","follow":"follow","max-snippet":"max-snippet:-1","max-image-preview":"max-image-preview:large","max-video-preview":"max-video-preview:-1"},"canonical":"https:\/\/www.vangraaf.com\/pl\/kariera\/o-nas\/rozwoj-zawodowy\/","og_locale":"pl_PL","og_type":"article","og_title":"Tw\u00f3j rozw\u00f3j w VAN GRAAF","og_description":"Postaw na rozw\u00f3j zawodowy! Nasze programy szkoleniowe przygotuj\u0105 Ci\u0119 do pracy w VAN GRAAF","og_url":"https:\/\/www.vangraaf.com\/pl\/kariera\/o-nas\/rozwoj-zawodowy\/","og_site_name":"VAN GRAAF Polska","article_modified_time":"2025-09-23T16:16:42+00:00","twitter_card":"summary_large_image","twitter_misc":{"Szacowany czas czytania":"2 minuty"},"schema":{"@context":"https:\/\/schema.org","@graph":[{"@type":"WebPage","@id":"https:\/\/www.vangraaf.com\/pl\/kariera\/o-nas\/rozwoj-zawodowy\/","url":"https:\/\/www.vangraaf.com\/pl\/kariera\/o-nas\/rozwoj-zawodowy\/","name":"Tw\u00f3j rozw\u00f3j w VAN GRAAF","isPartOf":{"@id":"https:\/\/www.vangraaf.com\/pl\/#website"},"datePublished":"2022-02-15T09:19:11+00:00","dateModified":"2025-09-23T16:16:42+00:00","description":"Postaw na rozw\u00f3j zawodowy! Nasze programy szkoleniowe przygotuj\u0105 Ci\u0119 do pracy w VAN GRAAF","breadcrumb":{"@id":"https:\/\/www.vangraaf.com\/pl\/kariera\/o-nas\/rozwoj-zawodowy\/#breadcrumb"},"inLanguage":"pl-PL","potentialAction":[{"@type":"ReadAction","target":["https:\/\/www.vangraaf.com\/pl\/kariera\/o-nas\/rozwoj-zawodowy\/"]}]},{"@type":"BreadcrumbList","@id":"https:\/\/www.vangraaf.com\/pl\/kariera\/o-nas\/rozwoj-zawodowy\/#breadcrumb","itemListElement":[{"@type":"ListItem","position":1,"name":"Startseite","item":"https:\/\/www.vangraaf.com\/pl\/"},{"@type":"ListItem","position":2,"name":"Kariera","item":"https:\/\/www.vangraaf.com\/pl\/kariera\/"},{"@type":"ListItem","position":3,"name":"O nas","item":"https:\/\/www.vangraaf.com\/pl\/kariera\/o-nas\/"},{"@type":"ListItem","position":4,"name":"Rozw\u00f3j zawodowy"}]},{"@type":"WebSite","@id":"https:\/\/www.vangraaf.com\/pl\/#website","url":"https:\/\/www.vangraaf.com\/pl\/","name":"VAN GRAAF","description":"VAN GRAAF","potentialAction":[{"@type":"SearchAction","target":{"@type":"EntryPoint","urlTemplate":"https:\/\/www.vangraaf.com\/pl\/?s={search_term_string}"},"query-input":{"@type":"PropertyValueSpecification","valueRequired":true,"valueName":"search_term_string"}}],"inLanguage":"pl-PL"}]}},"_links":{"self":[{"href":"https:\/\/www.vangraaf.com\/pl\/wp-json\/wp\/v2\/pages\/535","targetHints":{"allow":["GET"]}}],"collection":[{"href":"https:\/\/www.vangraaf.com\/pl\/wp-json\/wp\/v2\/pages"}],"about":[{"href":"https:\/\/www.vangraaf.com\/pl\/wp-json\/wp\/v2\/types\/page"}],"author":[{"embeddable":true,"href":"https:\/\/www.vangraaf.com\/pl\/wp-json\/wp\/v2\/users\/6"}],"replies":[{"embeddable":true,"href":"https:\/\/www.vangraaf.com\/pl\/wp-json\/wp\/v2\/comments?post=535"}],"version-history":[{"count":24,"href":"https:\/\/www.vangraaf.com\/pl\/wp-json\/wp\/v2\/pages\/535\/revisions"}],"predecessor-version":[{"id":1279,"href":"https:\/\/www.vangraaf.com\/pl\/wp-json\/wp\/v2\/pages\/535\/revisions\/1279"}],"up":[{"embeddable":true,"href":"https:\/\/www.vangraaf.com\/pl\/wp-json\/wp\/v2\/pages\/517"}],"wp:attachment":[{"href":"https:\/\/www.vangraaf.com\/pl\/wp-json\/wp\/v2\/media?parent=535"}],"curies":[{"name":"wp","href":"https:\/\/api.w.org\/{rel}","templated":true}]}}