{"id":533,"date":"2022-02-15T10:18:48","date_gmt":"2022-02-15T09:18:48","guid":{"rendered":"https:\/\/www.vangraaf.com\/pl\/?page_id=533"},"modified":"2025-09-22T16:18:29","modified_gmt":"2025-09-22T14:18:29","slug":"wspolpraca","status":"publish","type":"page","link":"https:\/\/www.vangraaf.com\/pl\/kariera\/o-nas\/wspolpraca\/","title":{"rendered":"Wsp\u00f3\u0142praca"},"content":{"rendered":"<div class=\"wpb-content-wrapper\">[vc_row bwd_tbc4vd_show_weekday=&#8221;&#8221; full_width=&#8221;stretch_row_content_no_spaces&#8221; row_spacing=&#8221;row_less_space&#8221;][vc_column]<div class=\"keyvisual\" data-aos=\"fade-up\" ><img loading=\"lazy\" decoding=\"async\" width=\"1440\" height=\"480\" src=\"https:\/\/www.vangraaf.com\/pl\/wp-content\/uploads\/sites\/10\/2022\/03\/M7_D_Wir_Headerbild_Gruppe_030.jpg\" class=\"vc_single_image-img keyvisual__image--big\" alt=\"\" srcset=\"https:\/\/www.vangraaf.com\/pl\/wp-content\/uploads\/sites\/10\/2022\/03\/M7_D_Wir_Headerbild_Gruppe_030.jpg 1440w, https:\/\/www.vangraaf.com\/pl\/wp-content\/uploads\/sites\/10\/2022\/03\/M7_D_Wir_Headerbild_Gruppe_030-300x100.jpg 300w, https:\/\/www.vangraaf.com\/pl\/wp-content\/uploads\/sites\/10\/2022\/03\/M7_D_Wir_Headerbild_Gruppe_030-1024x341.jpg 1024w, https:\/\/www.vangraaf.com\/pl\/wp-content\/uploads\/sites\/10\/2022\/03\/M7_D_Wir_Headerbild_Gruppe_030-768x256.jpg 768w, https:\/\/www.vangraaf.com\/pl\/wp-content\/uploads\/sites\/10\/2022\/03\/M7_D_Wir_Headerbild_Gruppe_030-1200x400.jpg 1200w, https:\/\/www.vangraaf.com\/pl\/wp-content\/uploads\/sites\/10\/2022\/03\/M7_D_Wir_Headerbild_Gruppe_030-992x331.jpg 992w, https:\/\/www.vangraaf.com\/pl\/wp-content\/uploads\/sites\/10\/2022\/03\/M7_D_Wir_Headerbild_Gruppe_030-480x160.jpg 480w, https:\/\/www.vangraaf.com\/pl\/wp-content\/uploads\/sites\/10\/2022\/03\/M7_D_Wir_Headerbild_Gruppe_030-690x230.jpg 690w\" sizes=\"(max-width: 1440px) 100vw, 1440px\" \/><img loading=\"lazy\" decoding=\"async\" width=\"768\" height=\"250\" src=\"https:\/\/www.vangraaf.com\/pl\/wp-content\/uploads\/sites\/10\/2022\/03\/M7_D_Wir_Headerbild_Gruppe_030-1.jpg\" class=\"vc_single_image-img keyvisual__image--small\" alt=\"\" srcset=\"https:\/\/www.vangraaf.com\/pl\/wp-content\/uploads\/sites\/10\/2022\/03\/M7_D_Wir_Headerbild_Gruppe_030-1.jpg 768w, https:\/\/www.vangraaf.com\/pl\/wp-content\/uploads\/sites\/10\/2022\/03\/M7_D_Wir_Headerbild_Gruppe_030-1-300x98.jpg 300w, https:\/\/www.vangraaf.com\/pl\/wp-content\/uploads\/sites\/10\/2022\/03\/M7_D_Wir_Headerbild_Gruppe_030-1-480x156.jpg 480w, https:\/\/www.vangraaf.com\/pl\/wp-content\/uploads\/sites\/10\/2022\/03\/M7_D_Wir_Headerbild_Gruppe_030-1-690x225.jpg 690w\" sizes=\"(max-width: 768px) 100vw, 768px\" \/><\/div>\n        <div class=\"headlines headlines--center\" data-aos=\"fade-up\">\n            <div class=\"vc_row\">\n                <div class=\"vc_col-md-10 vc_col-md-offset-1 vc_col-lg-10 vc_col-lg-offset-1\"><span class=\"h6\">Wsp\u00f3lna droga do sukcesu<\/span><h1 class=\"h2\">Z zami\u0142owania do mody i ludzi<\/h1><\/div>\n            <\/div>\n        <\/div>[vc_column_text]\r\n<p style=\"text-align: center\">Wsp\u00f3\u0142praca <span class=\"nobr\">w naszej<\/span> rodzinnej firmie opiera <span class=\"nobr\">si\u0119 na pe\u0142nym<\/span> zaufaniu <span class=\"nobr\">i szacunku<\/span> wobec siebie. Wsp\u00f3lne warto\u015bci, kt\u00f3rymi kierujemy <span class=\"nobr\">si\u0119 na co dzie\u0144<\/span> <span class=\"nobr\">to fundamenty<\/span> naszego dzia\u0142ania. Praca sprawia nam przyjemno\u015b\u0107, <span class=\"nobr\">jest nasz\u0105<\/span> pasj\u0105, dzi\u0119ki <span class=\"nobr\">temu razem<\/span> osi\u0105gamy za\u0142o\u017cone cele.<\/p>\r\n[\/vc_column_text][vc_tta_accordion collapsible_all=&#8221;true&#8221;][vc_tta_section title=&#8221;Nasza pasja do mody i ludzi owocuje sukcesem&#8221; tab_id=&#8221;1646315157206-509d4bdc-9556&#8243;][vc_column_text]\r\n<ul>\r\n \t<li>\u0141\u0105czy nas zami\u0142owanie do mody i ludzi;<\/li>\r\n \t<li>Nasze cele osi\u0105gamy dynamicznie i konsekwentnie;<\/li>\r\n \t<li>Motywujemy innych oraz samych siebie do dzia\u0142ania.<\/li>\r\n<\/ul>\r\n[\/vc_column_text][\/vc_tta_section][vc_tta_section title=&#8221;Zaufanie i odpowiedzialno\u015b\u0107&#8221; tab_id=&#8221;1646315157216-bebf1c8b-9413&#8243;][vc_column_text]\r\n<ul>\r\n \t<li>Stawiamy na kompetencje i zaanga\u017cowanie wszystkich pracownik\u00f3w;<\/li>\r\n \t<li>Znamy nasze mocne strony i przejmujemy odpowiedzialno\u015b\u0107;<\/li>\r\n \t<li>Liczymy na gotowo\u015b\u0107 do podejmowania wyzwa\u0144 przez ka\u017cdego pracownika i udzielamy mu wsparcia.<\/li>\r\n<\/ul>\r\n[\/vc_column_text][\/vc_tta_section][vc_tta_section title=&#8221;Pro\u015bciej znaczy lepiej \u2013 ka\u017cdego dnia&#8221; tab_id=&#8221;1646315203824-df6dde16-d2f1&#8243;][vc_column_text]\r\n<ul>\r\n \t<li>Koncentrujemy si\u0119 na priorytetach;<\/li>\r\n \t<li>Podejmuj\u0105c decyzj\u0119 mamy na uwadze dobro ca\u0142ej firmy;<\/li>\r\n \t<li>Podejmujemy jednoznaczne decyzje i konsekwentnie je realizujemy.<\/li>\r\n<\/ul>\r\n[\/vc_column_text][\/vc_tta_section][\/vc_tta_accordion][\/vc_column][\/vc_row][vc_row][vc_column][vc_column_text]\r\n<h3>Kultura feedbacku<\/h3>\r\nKonstruktywny feedback jest dla nas szczeg\u00f3lnie wa\u017cny. Przynajmniej dwa razy w roku po\u015bwi\u0119camy czas na wnikliw\u0105 i indywidualn\u0105 rozmow\u0119 pracownik\u00f3w ze swoimi bezpo\u015brednimi prze\u0142o\u017conymi. Nasz dialog One2One dotycz\u0105cy informacji zwrotnych promuje otwart\u0105 i pe\u0142n\u0105 szacunku rozmow\u0119 i jest wa\u017cn\u0105 cz\u0119\u015bci\u0105 naszej kultury w firmie. To dobra okazja do wyra\u017cenia pochwa\u0142y, poruszenia kwestii dalszego rozwoju, wsp\u00f3\u0142pracy oraz sugestii ewentualnych zmian.[\/vc_column_text][vc_column_text]\r\n<h3>Model zarz\u0105dzania<\/h3>\r\nCech\u0105 wiarygodnego zarz\u0105dzania <span class=\"nobr\">jest autentyczno\u015b\u0107.<\/span> Nasz program <span class=\"nobr\">dla kadry<\/span> kierowniczej \u201eHIGH FIVE\u201c przybli\u017ca metody post\u0119powania <span class=\"nobr\">i stwarza<\/span> r\u00f3wnocze\u015bnie przestrze\u0144 <span class=\"nobr\">do osobistego<\/span> <span class=\"nobr\">i zawodowego rozwoju.<\/span> Dzi\u0119ki niemu nadasz swojemu stylowi zarz\u0105dzania odpowiedni kierunek, zach\u0119ci <span class=\"nobr\">Ci\u0119 do samorefleksji<\/span> <span class=\"nobr\">na temat<\/span> w\u0142asnego zachowania <span class=\"nobr\">i pozwoli<\/span> rozwin\u0105\u0107 kompetencje przyw\u00f3dcze. Popracujesz <span class=\"nobr\">nad swoimi<\/span> s\u0142abymi stronami <span class=\"nobr\">oraz utwierdzisz<\/span> <span class=\"nobr\">si\u0119 w przekonaniu<\/span> <span class=\"nobr\">o swoich<\/span> atutach. <span class=\"nobr\">W VAN GRAAF<\/span> wsp\u00f3lnie kszta\u0142tujemy model zarz\u0105dzania: Autentyczny. Indywidualny. Zorientowany <span class=\"nobr\">na przysz\u0142o\u015b\u0107.<\/span>[\/vc_column_text][\/vc_column][\/vc_row][vc_row bwd_tbc4vd_show_weekday=&#8221;&#8221; full_width=&#8221;stretch_row_content_no_spaces&#8221;][vc_column]\n        <div class=\"headlines headlines--center\" data-aos=\"fade-up\">\n            <div class=\"vc_row\">\n                <div class=\"vc_col-md-10 vc_col-md-offset-1 vc_col-lg-10 vc_col-lg-offset-1\"><h2 class=\"h2\">Wi\u0119cej o VAN GRAAF<\/h2><\/div>\n            <\/div>\n        <\/div>[vc_row_inner bwd_tbc4vd_show_weekday=&#8221;&#8221; row_design=&#8221;row_square_background&#8221;][vc_column_inner width=&#8221;1\/3&#8243;]<div class=\"vg-element cta-teaser cta-teaser--center\" data-aos=\"fade-up\"><div class=\"cta-teaser__image\"><a class=\"\" href=\"https:\/\/www.vangraaf.com\/pl\/kariera\/o-nas\/odpowiedzialnosc\/\" target=\"_self\" rel=\"\" style=\"\"><img loading=\"lazy\" decoding=\"async\" width=\"380\" height=\"254\" src=\"https:\/\/www.vangraaf.com\/pl\/wp-content\/uploads\/sites\/10\/2022\/03\/M7_D_Wir_Headerbild_Gruppe_030-2.jpg\" class=\"vc_single_image-img attachment-full\" alt=\"\" title=\"O nas_ser\" srcset=\"https:\/\/www.vangraaf.com\/pl\/wp-content\/uploads\/sites\/10\/2022\/03\/M7_D_Wir_Headerbild_Gruppe_030-2.jpg 380w, https:\/\/www.vangraaf.com\/pl\/wp-content\/uploads\/sites\/10\/2022\/03\/M7_D_Wir_Headerbild_Gruppe_030-2-300x201.jpg 300w\" sizes=\"(max-width: 380px) 100vw, 380px\" \/><\/a><\/div><div class=\"cta-teaser__text\"><h3>Odpowie\u00addzialno\u015b\u0107<\/h3><p>Jako rodzinna firma mamy odpowiedzialno\u015b\u0107 wpisan\u0105 w nasz\u0105 kultur\u0119 organizacyjn\u0105.<\/p><a class=\"button\" href=\"https:\/\/www.vangraaf.com\/pl\/kariera\/o-nas\/odpowiedzialnosc\/\" target=\"_self\" rel=\"\" style=\"\">Dowiedz si\u0119 wi\u0119cej<\/a><\/div><\/div>[\/vc_column_inner][vc_column_inner width=&#8221;1\/3&#8243;]<div class=\"vg-element cta-teaser cta-teaser--center\" data-aos=\"fade-up\"><div class=\"cta-teaser__image\"><a class=\"\" href=\"https:\/\/www.vangraaf.com\/pl\/kariera\/o-nas\/o-firmie\/\" target=\"_self\" rel=\"\" style=\"\"><img loading=\"lazy\" decoding=\"async\" width=\"380\" height=\"254\" src=\"https:\/\/www.vangraaf.com\/pl\/wp-content\/uploads\/sites\/10\/2022\/03\/DasUnternehmen_VG-1.jpg\" class=\"vc_single_image-img attachment-full\" alt=\"\" title=\"O Firmie_ser\" srcset=\"https:\/\/www.vangraaf.com\/pl\/wp-content\/uploads\/sites\/10\/2022\/03\/DasUnternehmen_VG-1.jpg 380w, https:\/\/www.vangraaf.com\/pl\/wp-content\/uploads\/sites\/10\/2022\/03\/DasUnternehmen_VG-1-300x201.jpg 300w\" sizes=\"(max-width: 380px) 100vw, 380px\" \/><\/a><\/div><div class=\"cta-teaser__text\"><h3>Firma<\/h3><p>VAN GRAAF to odnosz\u0105ca sukcesy mi\u0119dzynarodowa firma z bogat\u0105 histori\u0105. Dowiedz si\u0119 o nas wi\u0119cej.<\/p><a class=\"button\" href=\"https:\/\/www.vangraaf.com\/pl\/kariera\/o-nas\/o-firmie\/\" target=\"_self\" rel=\"\" style=\"\">Dowiedz si\u0119 wi\u0119cej<\/a><\/div><\/div>[\/vc_column_inner][vc_column_inner width=&#8221;1\/3&#8243;]<div class=\"vg-element cta-teaser cta-teaser--center\" data-aos=\"fade-up\"><div class=\"cta-teaser__image\"><a class=\"\" href=\"https:\/\/www.vangraaf.com\/pl\/kariera\/praca-i-kariera\/oferty-pracy\/\" target=\"_self\" rel=\"\" style=\"\"><img loading=\"lazy\" decoding=\"async\" width=\"380\" height=\"254\" src=\"https:\/\/www.vangraaf.com\/pl\/wp-content\/uploads\/sites\/10\/2022\/03\/M10_M_Portraits_Buero_026-1.jpg\" class=\"vc_single_image-img attachment-full\" alt=\"\" title=\"Kariera_ser\" srcset=\"https:\/\/www.vangraaf.com\/pl\/wp-content\/uploads\/sites\/10\/2022\/03\/M10_M_Portraits_Buero_026-1.jpg 380w, https:\/\/www.vangraaf.com\/pl\/wp-content\/uploads\/sites\/10\/2022\/03\/M10_M_Portraits_Buero_026-1-300x201.jpg 300w\" sizes=\"(max-width: 380px) 100vw, 380px\" \/><\/a><\/div><div class=\"cta-teaser__text\"><h3>Wszystkie oferty pracy<\/h3><p>Chcesz zrobi\u0107 kolejny krok w karierze? Oferujemy wiele mo\u017cliwo\u015bci. Znajd\u017a swoj\u0105 wymarzon\u0105 prac\u0119 w VAN GRAAF.<\/p><a class=\"button button--primary\" href=\"https:\/\/www.vangraaf.com\/pl\/kariera\/praca-i-kariera\/oferty-pracy\/\" target=\"_self\" rel=\"\" style=\"\">Oferty pracy<\/a><\/div><\/div>[\/vc_column_inner][\/vc_row_inner][\/vc_column][\/vc_row]<\/div>","protected":false},"excerpt":{"rendered":"[vc_row bwd_tbc4vd_show_weekday=&#8221;&#8221; full_width=&#8221;stretch_row_content_no_spaces&#8221; row_spacing=&#8221;row_less_space&#8221;][vc_column][vc_column_text] Wsp\u00f3\u0142praca w naszej rodzinnej firmie opiera si\u0119 na pe\u0142nym zaufaniu i szacunku wobec siebie. Wsp\u00f3lne warto\u015bci, kt\u00f3rymi kierujemy si\u0119 na co dzie\u0144 to fundamenty naszego dzia\u0142ania. Praca sprawia nam przyjemno\u015b\u0107, jest nasz\u0105 pasj\u0105, dzi\u0119ki temu razem osi\u0105gamy za\u0142o\u017cone cele. [\/vc_column_text][vc_tta_accordion collapsible_all=&#8221;true&#8221;][vc_tta_section title=&#8221;Nasza pasja do mody i ludzi owocuje sukcesem&#8221; tab_id=&#8221;1646315157206-509d4bdc-9556&#8243;][vc_column_text] \u0141\u0105czy [&hellip;]","protected":false},"author":6,"featured_media":0,"parent":517,"menu_order":0,"comment_status":"closed","ping_status":"closed","template":"","meta":{"_acf_changed":false,"inline_featured_image":false,"footnotes":""},"class_list":["post-533","page","type-page","status-publish","hentry"],"acf":[],"yoast_head":"<!-- This site is optimized with the Yoast SEO plugin v27.2 - https:\/\/yoast.com\/product\/yoast-seo-wordpress\/ -->\n<title>Wsp\u00f3\u0142praca I VAN GRAAF<\/title>\n<meta name=\"description\" content=\"Chcesz pracowa\u0107 w VAN GRAAF? Poznaj nasz\u0105 firm\u0119 i aplikuj jeszcze dzisiaj!\" \/>\n<meta name=\"robots\" content=\"index, follow, max-snippet:-1, max-image-preview:large, max-video-preview:-1\" \/>\n<link rel=\"canonical\" href=\"https:\/\/www.vangraaf.com\/pl\/kariera\/o-nas\/wspolpraca\/\" \/>\n<meta property=\"og:locale\" content=\"pl_PL\" \/>\n<meta property=\"og:type\" content=\"article\" \/>\n<meta property=\"og:title\" content=\"Wsp\u00f3\u0142praca I VAN GRAAF\" \/>\n<meta property=\"og:description\" content=\"Chcesz pracowa\u0107 w VAN GRAAF? Poznaj nasz\u0105 firm\u0119 i aplikuj jeszcze dzisiaj!\" \/>\n<meta property=\"og:url\" content=\"https:\/\/www.vangraaf.com\/pl\/kariera\/o-nas\/wspolpraca\/\" \/>\n<meta property=\"og:site_name\" content=\"VAN GRAAF Polska\" \/>\n<meta property=\"article:modified_time\" content=\"2025-09-22T14:18:29+00:00\" \/>\n<meta name=\"twitter:card\" content=\"summary_large_image\" \/>\n<meta name=\"twitter:label1\" content=\"Szacowany czas czytania\" \/>\n\t<meta name=\"twitter:data1\" content=\"4 minuty\" \/>\n<script type=\"application\/ld+json\" class=\"yoast-schema-graph\">{\"@context\":\"https:\/\/schema.org\",\"@graph\":[{\"@type\":\"WebPage\",\"@id\":\"https:\/\/www.vangraaf.com\/pl\/kariera\/o-nas\/wspolpraca\/\",\"url\":\"https:\/\/www.vangraaf.com\/pl\/kariera\/o-nas\/wspolpraca\/\",\"name\":\"Wsp\u00f3\u0142praca I VAN GRAAF\",\"isPartOf\":{\"@id\":\"https:\/\/www.vangraaf.com\/pl\/#website\"},\"datePublished\":\"2022-02-15T09:18:48+00:00\",\"dateModified\":\"2025-09-22T14:18:29+00:00\",\"description\":\"Chcesz pracowa\u0107 w VAN GRAAF? Poznaj nasz\u0105 firm\u0119 i aplikuj jeszcze dzisiaj!\",\"breadcrumb\":{\"@id\":\"https:\/\/www.vangraaf.com\/pl\/kariera\/o-nas\/wspolpraca\/#breadcrumb\"},\"inLanguage\":\"pl-PL\",\"potentialAction\":[{\"@type\":\"ReadAction\",\"target\":[\"https:\/\/www.vangraaf.com\/pl\/kariera\/o-nas\/wspolpraca\/\"]}]},{\"@type\":\"BreadcrumbList\",\"@id\":\"https:\/\/www.vangraaf.com\/pl\/kariera\/o-nas\/wspolpraca\/#breadcrumb\",\"itemListElement\":[{\"@type\":\"ListItem\",\"position\":1,\"name\":\"Startseite\",\"item\":\"https:\/\/www.vangraaf.com\/pl\/\"},{\"@type\":\"ListItem\",\"position\":2,\"name\":\"Kariera\",\"item\":\"https:\/\/www.vangraaf.com\/pl\/kariera\/\"},{\"@type\":\"ListItem\",\"position\":3,\"name\":\"O nas\",\"item\":\"https:\/\/www.vangraaf.com\/pl\/kariera\/o-nas\/\"},{\"@type\":\"ListItem\",\"position\":4,\"name\":\"Wsp\u00f3\u0142praca\"}]},{\"@type\":\"WebSite\",\"@id\":\"https:\/\/www.vangraaf.com\/pl\/#website\",\"url\":\"https:\/\/www.vangraaf.com\/pl\/\",\"name\":\"VAN GRAAF\",\"description\":\"VAN GRAAF\",\"potentialAction\":[{\"@type\":\"SearchAction\",\"target\":{\"@type\":\"EntryPoint\",\"urlTemplate\":\"https:\/\/www.vangraaf.com\/pl\/?s={search_term_string}\"},\"query-input\":{\"@type\":\"PropertyValueSpecification\",\"valueRequired\":true,\"valueName\":\"search_term_string\"}}],\"inLanguage\":\"pl-PL\"}]}<\/script>\n<!-- \/ Yoast SEO plugin. -->","yoast_head_json":{"title":"Wsp\u00f3\u0142praca I VAN GRAAF","description":"Chcesz pracowa\u0107 w VAN GRAAF? Poznaj nasz\u0105 firm\u0119 i aplikuj jeszcze dzisiaj!","robots":{"index":"index","follow":"follow","max-snippet":"max-snippet:-1","max-image-preview":"max-image-preview:large","max-video-preview":"max-video-preview:-1"},"canonical":"https:\/\/www.vangraaf.com\/pl\/kariera\/o-nas\/wspolpraca\/","og_locale":"pl_PL","og_type":"article","og_title":"Wsp\u00f3\u0142praca I VAN GRAAF","og_description":"Chcesz pracowa\u0107 w VAN GRAAF? Poznaj nasz\u0105 firm\u0119 i aplikuj jeszcze dzisiaj!","og_url":"https:\/\/www.vangraaf.com\/pl\/kariera\/o-nas\/wspolpraca\/","og_site_name":"VAN GRAAF Polska","article_modified_time":"2025-09-22T14:18:29+00:00","twitter_card":"summary_large_image","twitter_misc":{"Szacowany czas czytania":"4 minuty"},"schema":{"@context":"https:\/\/schema.org","@graph":[{"@type":"WebPage","@id":"https:\/\/www.vangraaf.com\/pl\/kariera\/o-nas\/wspolpraca\/","url":"https:\/\/www.vangraaf.com\/pl\/kariera\/o-nas\/wspolpraca\/","name":"Wsp\u00f3\u0142praca I VAN GRAAF","isPartOf":{"@id":"https:\/\/www.vangraaf.com\/pl\/#website"},"datePublished":"2022-02-15T09:18:48+00:00","dateModified":"2025-09-22T14:18:29+00:00","description":"Chcesz pracowa\u0107 w VAN GRAAF? Poznaj nasz\u0105 firm\u0119 i aplikuj jeszcze dzisiaj!","breadcrumb":{"@id":"https:\/\/www.vangraaf.com\/pl\/kariera\/o-nas\/wspolpraca\/#breadcrumb"},"inLanguage":"pl-PL","potentialAction":[{"@type":"ReadAction","target":["https:\/\/www.vangraaf.com\/pl\/kariera\/o-nas\/wspolpraca\/"]}]},{"@type":"BreadcrumbList","@id":"https:\/\/www.vangraaf.com\/pl\/kariera\/o-nas\/wspolpraca\/#breadcrumb","itemListElement":[{"@type":"ListItem","position":1,"name":"Startseite","item":"https:\/\/www.vangraaf.com\/pl\/"},{"@type":"ListItem","position":2,"name":"Kariera","item":"https:\/\/www.vangraaf.com\/pl\/kariera\/"},{"@type":"ListItem","position":3,"name":"O nas","item":"https:\/\/www.vangraaf.com\/pl\/kariera\/o-nas\/"},{"@type":"ListItem","position":4,"name":"Wsp\u00f3\u0142praca"}]},{"@type":"WebSite","@id":"https:\/\/www.vangraaf.com\/pl\/#website","url":"https:\/\/www.vangraaf.com\/pl\/","name":"VAN GRAAF","description":"VAN GRAAF","potentialAction":[{"@type":"SearchAction","target":{"@type":"EntryPoint","urlTemplate":"https:\/\/www.vangraaf.com\/pl\/?s={search_term_string}"},"query-input":{"@type":"PropertyValueSpecification","valueRequired":true,"valueName":"search_term_string"}}],"inLanguage":"pl-PL"}]}},"_links":{"self":[{"href":"https:\/\/www.vangraaf.com\/pl\/wp-json\/wp\/v2\/pages\/533","targetHints":{"allow":["GET"]}}],"collection":[{"href":"https:\/\/www.vangraaf.com\/pl\/wp-json\/wp\/v2\/pages"}],"about":[{"href":"https:\/\/www.vangraaf.com\/pl\/wp-json\/wp\/v2\/types\/page"}],"author":[{"embeddable":true,"href":"https:\/\/www.vangraaf.com\/pl\/wp-json\/wp\/v2\/users\/6"}],"replies":[{"embeddable":true,"href":"https:\/\/www.vangraaf.com\/pl\/wp-json\/wp\/v2\/comments?post=533"}],"version-history":[{"count":24,"href":"https:\/\/www.vangraaf.com\/pl\/wp-json\/wp\/v2\/pages\/533\/revisions"}],"predecessor-version":[{"id":1278,"href":"https:\/\/www.vangraaf.com\/pl\/wp-json\/wp\/v2\/pages\/533\/revisions\/1278"}],"up":[{"embeddable":true,"href":"https:\/\/www.vangraaf.com\/pl\/wp-json\/wp\/v2\/pages\/517"}],"wp:attachment":[{"href":"https:\/\/www.vangraaf.com\/pl\/wp-json\/wp\/v2\/media?parent=533"}],"curies":[{"name":"wp","href":"https:\/\/api.w.org\/{rel}","templated":true}]}}