{"id":531,"date":"2022-02-15T10:18:31","date_gmt":"2022-02-15T09:18:31","guid":{"rendered":"https:\/\/www.vangraaf.com\/pl\/?page_id=531"},"modified":"2022-07-29T12:27:41","modified_gmt":"2022-07-29T10:27:41","slug":"jak-sie-ubrac-na-rozmowe-kwalifikacyjna","status":"publish","type":"page","link":"https:\/\/www.vangraaf.com\/pl\/kariera\/aplikacja\/jak-sie-ubrac-na-rozmowe-kwalifikacyjna\/","title":{"rendered":"Jak si\u0119 ubra\u0107 na rozmow\u0119 kwalifikacyjn\u0105"},"content":{"rendered":"<div class=\"wpb-content-wrapper\">[vc_row bwd_tbc4vd_show_weekday=&#8221;&#8221; full_width=&#8221;stretch_row_content_no_spaces&#8221;][vc_column]<div class=\"keyvisual\" data-aos=\"fade-up\" ><img loading=\"lazy\" decoding=\"async\" width=\"1440\" height=\"480\" src=\"https:\/\/www.vangraaf.com\/pl\/wp-content\/uploads\/sites\/10\/2022\/03\/M2_B_Azubis_im_Verkauf_010.jpg\" class=\"vc_single_image-img\" alt=\"\" srcset=\"https:\/\/www.vangraaf.com\/pl\/wp-content\/uploads\/sites\/10\/2022\/03\/M2_B_Azubis_im_Verkauf_010.jpg 1440w, https:\/\/www.vangraaf.com\/pl\/wp-content\/uploads\/sites\/10\/2022\/03\/M2_B_Azubis_im_Verkauf_010-300x100.jpg 300w, https:\/\/www.vangraaf.com\/pl\/wp-content\/uploads\/sites\/10\/2022\/03\/M2_B_Azubis_im_Verkauf_010-1024x341.jpg 1024w, https:\/\/www.vangraaf.com\/pl\/wp-content\/uploads\/sites\/10\/2022\/03\/M2_B_Azubis_im_Verkauf_010-768x256.jpg 768w, https:\/\/www.vangraaf.com\/pl\/wp-content\/uploads\/sites\/10\/2022\/03\/M2_B_Azubis_im_Verkauf_010-1200x400.jpg 1200w, https:\/\/www.vangraaf.com\/pl\/wp-content\/uploads\/sites\/10\/2022\/03\/M2_B_Azubis_im_Verkauf_010-992x331.jpg 992w, https:\/\/www.vangraaf.com\/pl\/wp-content\/uploads\/sites\/10\/2022\/03\/M2_B_Azubis_im_Verkauf_010-480x160.jpg 480w, https:\/\/www.vangraaf.com\/pl\/wp-content\/uploads\/sites\/10\/2022\/03\/M2_B_Azubis_im_Verkauf_010-690x230.jpg 690w\" sizes=\"(max-width: 1440px) 100vw, 1440px\" \/><\/div>\n        <div class=\"headlines headlines--center\" data-aos=\"fade-up\">\n            <div class=\"vc_row\">\n                <div class=\"vc_col-md-10 vc_col-md-offset-1 vc_col-lg-10 vc_col-lg-offset-1\"><span class=\"h6\">Wskaz\u00f3wki, kt\u00f3re pomog\u0105 Ci stworzy\u0107 perfekcyjny look na rozmow\u0119 kwalifikacyjn\u0105<\/span><h1 class=\"h2\">Str\u00f3j na rozmow\u0119 kwalifikacyjn\u0105<\/h1><\/div>\n            <\/div>\n        <\/div>[vc_column_text]\r\n<p style=\"text-align: center\">Odpowiedni ubi\u00f3r <span class=\"nobr\">jest niezwykle<\/span> wa\u017cny zar\u00f3wno podczas osobistej, <span class=\"nobr\">jak i wirtualnej<\/span> rozmowy kwalifikacyjnej.<\/p>\r\n<p style=\"text-align: center\">To czy str\u00f3j powinien <span class=\"nobr\">by\u0107 mniej<\/span> lub bardziej oficjalny <span class=\"nobr\">i stylowy<\/span> zale\u017cy <span class=\"nobr\">od bran\u017cy<\/span> <span class=\"nobr\">i przysz\u0142ego<\/span> pracodawcy. Ubiegasz <span class=\"nobr\">si\u0119 o prac\u0119<\/span> <span class=\"nobr\">w bran\u017cy<\/span> modowej? Wybierz lu\u017an\u0105 stylizacj\u0119, kt\u00f3ra jednak b\u0119dzie zgodna <span class=\"nobr\">z obowi\u0105zuj\u0105cymi<\/span> trendami. Je\u015bli szukasz pracy <span class=\"nobr\">w tradycyjnych<\/span> sektorach, takich <span class=\"nobr\">jak banki<\/span> <span class=\"nobr\">lub firmy<\/span> ubezpieczeniowe, postaw raczej <span class=\"nobr\">na klasyczny,<\/span> <span class=\"nobr\">oficjalny outfit.<\/span><\/p>\r\n[\/vc_column_text][\/vc_column][\/vc_row][vc_row][vc_column][vc_column_text]\r\n<h3>Najlepsze wskaz\u00f3wki stylizacyjne<\/h3>\r\nDowiedz si\u0119, jaki dress code obowi\u0105zuje <span class=\"nobr\">w danej<\/span> bran\u017cy. Sprawd\u017a dodatkowo stron\u0119 <span class=\"nobr\">dot. kariery<\/span> <span class=\"nobr\">i social<\/span> media firmy, <span class=\"nobr\">w kt\u00f3rej<\/span> chcesz pracowa\u0107. Wyb\u00f3r odpowiedniego dress code\u2019u uwarunkowany <span class=\"nobr\">jest tak\u017ce<\/span> stanowiskiem, <span class=\"nobr\">o kt\u00f3re<\/span> <span class=\"nobr\">si\u0119 ubiegasz.<\/span> Ubi\u00f3r <span class=\"nobr\">w pracy,<\/span> kt\u00f3ra wymaga cz\u0119stego kontaktu <span class=\"nobr\">z klientami<\/span> <span class=\"nobr\">lub na stanowisku<\/span> kierowniczym powinien <span class=\"nobr\">by\u0107 raczej<\/span> klasyczny. <span class=\"nobr\">W ramach<\/span> obowi\u0105zuj\u0105cego dress code\u2019u skompletuj ubrania, <span class=\"nobr\">w kt\u00f3rych<\/span> dobrze <span class=\"nobr\">si\u0119 czujesz,<\/span> <span class=\"nobr\">aby w trakcie<\/span> rozmowy kwalifikacyjnej przekona\u0107 pracodawc\u0119 pewno\u015bci\u0105 siebie <span class=\"nobr\">i autentyczno\u015bci\u0105.<\/span>[\/vc_column_text][vc_row_inner][vc_column_inner]<div class=\"vg-element image-text-teaser image-text-teaser--left image-text-teaser--dark\" style=\"--season-color: #ffffff\" data-aos=\"fade-up\"><div class=\"vc_row vc_row-flex\"><div class=\"image-text-teaser__image hide-for-sm-only vc_col-sm-12 vc_col-md-4\"><img loading=\"lazy\" decoding=\"async\" width=\"599\" height=\"549\" src=\"https:\/\/www.vangraaf.com\/pl\/wp-content\/uploads\/sites\/10\/2022\/03\/Man_Business_Favorit.jpg\" class=\"vc_single_image-img\" alt=\"\" srcset=\"https:\/\/www.vangraaf.com\/pl\/wp-content\/uploads\/sites\/10\/2022\/03\/Man_Business_Favorit.jpg 599w, https:\/\/www.vangraaf.com\/pl\/wp-content\/uploads\/sites\/10\/2022\/03\/Man_Business_Favorit-300x275.jpg 300w, https:\/\/www.vangraaf.com\/pl\/wp-content\/uploads\/sites\/10\/2022\/03\/Man_Business_Favorit-480x440.jpg 480w\" sizes=\"(max-width: 599px) 100vw, 599px\" \/><\/div><div class=\"vc_col-sm-12 vc_col-md-8\"><div class=\"image-text-teaser__content-wrapper\"><div class=\"image-text-teaser__content\"><h3>Dress code business attire: klasyczny i oficjalny<\/h3><p>Chcesz pracowa\u0107 na stanowisku, gdzie obowi\u0105zuje oficjalny <span class=\"nobr\">i klasyczny<\/span> dress code? Idealny <span class=\"nobr\">w tym przypadku<\/span> b\u0119dzie tradycyjny, <span class=\"nobr\">ale modny<\/span> str\u00f3j. Kobiety mog\u0105 za\u0142o\u017cy\u0107 typow\u0105 garsonk\u0119, dopasowan\u0105 sukienk\u0119 <a href=\"https:\/\/www.vangraaf.com\/pl\/cat\/201001009\/sukienki-biznesowe\/\" target=\"_blank\" rel=\"noopener\">biznesow\u0105<\/a> <span class=\"nobr\">lub eleganckie<\/span> spodnie <span class=\"nobr\">i bluzk\u0119.<\/span><\/p>\n<p>Dla m\u0119\u017cczyzn polecamy klasyczny <a href=\"https:\/\/www.vangraaf.com\/pl\/cat\/101007\/garnitury\/\" target=\"_blank\" rel=\"noopener\">garnitur<\/a>, koszul\u0119 <span class=\"nobr\">z d\u0142ugim<\/span> r\u0119kawem <span class=\"nobr\">oraz krawat.<\/span><\/p>\n<\/div><\/div><\/div><\/div><\/div>[\/vc_column_inner][\/vc_row_inner][vc_row_inner][vc_column_inner]<div class=\"vg-element image-text-teaser image-text-teaser--right image-text-teaser--dark\" style=\"--season-color: #ffffff\" data-aos=\"fade-up\"><div class=\"vc_row vc_row-flex\"><div class=\"image-text-teaser__image hide-for-sm-only vc_col-sm-12 vc_col-sm-push-8 vc_col-md-4 vc_col-md-push-8\"><img loading=\"lazy\" decoding=\"async\" width=\"599\" height=\"549\" src=\"https:\/\/www.vangraaf.com\/pl\/wp-content\/uploads\/sites\/10\/2022\/03\/Female_Smart-Casual_Favorit.jpg\" class=\"vc_single_image-img\" alt=\"\" srcset=\"https:\/\/www.vangraaf.com\/pl\/wp-content\/uploads\/sites\/10\/2022\/03\/Female_Smart-Casual_Favorit.jpg 599w, https:\/\/www.vangraaf.com\/pl\/wp-content\/uploads\/sites\/10\/2022\/03\/Female_Smart-Casual_Favorit-300x275.jpg 300w, https:\/\/www.vangraaf.com\/pl\/wp-content\/uploads\/sites\/10\/2022\/03\/Female_Smart-Casual_Favorit-480x440.jpg 480w\" sizes=\"(max-width: 599px) 100vw, 599px\" \/><\/div><div class=\"vc_col-sm-12 vc_col-sm-pull-0 vc_col-md-8 vc_col-md-pull-4\"><div class=\"image-text-teaser__content-wrapper\"><div class=\"image-text-teaser__content\"><h3>Business casual i smart casual<\/h3><p>W handlu <span class=\"nobr\">i sektorze<\/span> IT obowi\u0105zuje lu\u017aniejszy dress code. Pomi\u0119dzy subteln\u0105 elegancj\u0105 <span class=\"nobr\">i sportowym<\/span> stylem istnieje <span class=\"nobr\">du\u017ce pole do popisu.<\/span> Skompletuj m\u0142odzie\u017cowy <span class=\"nobr\">i \u015bwie\u017cy<\/span> look. <span class=\"nobr\">Dla pan\u00f3w<\/span> proponujemy sportow\u0105 <a href=\"https:\/\/www.vangraaf.com\/pl\/cat\/101007003\/marynarki-garniturowe\/\" target=\"_blank\" rel=\"noopener\">marynark\u0119<\/a> <span class=\"nobr\">lub sweter<\/span> <span class=\"nobr\">i chinosy<\/span> albo ciemne d\u017cinsy. Panie mog\u0105 za\u0142o\u017cy\u0107 spodnie <span class=\"nobr\">z materia\u0142u<\/span> <span class=\"nobr\">lub sp\u00f3dnic\u0119<\/span> <span class=\"nobr\">z wysokogatunkowej,<\/span> cienkiej dzianiny <span class=\"nobr\">lub stylowy<\/span> <a href=\"https:\/\/www.vangraaf.com\/pl\/cat\/101007\/garnitury\/\" target=\"_blank\" rel=\"noopener\">blezer<\/a>.<\/p>\n<\/div><\/div><\/div><\/div><\/div>[\/vc_column_inner][\/vc_row_inner][vc_row_inner][vc_column_inner]<div class=\"vg-element image-text-teaser image-text-teaser--left image-text-teaser--dark\" style=\"--season-color: #ffffff\" data-aos=\"fade-up\"><div class=\"vc_row vc_row-flex\"><div class=\"image-text-teaser__image hide-for-sm-only vc_col-sm-12 vc_col-md-4\"><img loading=\"lazy\" decoding=\"async\" width=\"599\" height=\"549\" src=\"https:\/\/www.vangraaf.com\/pl\/wp-content\/uploads\/sites\/10\/2022\/03\/Man_Casual_Favorit.jpg\" class=\"vc_single_image-img\" alt=\"\" srcset=\"https:\/\/www.vangraaf.com\/pl\/wp-content\/uploads\/sites\/10\/2022\/03\/Man_Casual_Favorit.jpg 599w, https:\/\/www.vangraaf.com\/pl\/wp-content\/uploads\/sites\/10\/2022\/03\/Man_Casual_Favorit-300x275.jpg 300w, https:\/\/www.vangraaf.com\/pl\/wp-content\/uploads\/sites\/10\/2022\/03\/Man_Casual_Favorit-480x440.jpg 480w\" sizes=\"(max-width: 599px) 100vw, 599px\" \/><\/div><div class=\"vc_col-sm-12 vc_col-md-8\"><div class=\"image-text-teaser__content-wrapper\"><div class=\"image-text-teaser__content\"><h3>Dress code casual<\/h3><p>W firmie, <span class=\"nobr\">w kt\u00f3rej<\/span> chcesz pracowa\u0107, obowi\u0105zuje mniej formalny dress code? <span class=\"nobr\">Na wi\u0119ksz\u0105<\/span> swobod\u0119 <span class=\"nobr\">mog\u0105 pozwoli\u0107<\/span> sobie osoby pracuj\u0105ce <span class=\"nobr\">w bran\u017cach<\/span> kreatywnych. Wa\u017cne, <span class=\"nobr\">aby ubi\u00f3r<\/span> <span class=\"nobr\">by\u0142 schludny<\/span> <span class=\"nobr\">i stylowy.<\/span> <span class=\"nobr\">Dla kobiet<\/span> polecamy za\u0142o\u017cenie ulubionej, kolorowej <a href=\"https:\/\/www.vangraaf.com\/pl\/cat\/201001003\/sukienki-codzienne\/\" target=\"_blank\" rel=\"noopener\">sukienki<\/a> <span class=\"nobr\">i kurtki<\/span> d\u017cinsowej. M\u0119\u017cczy\u017ani <span class=\"nobr\">mog\u0105 ubra\u0107<\/span> wysokogatunkow\u0105 koszulk\u0119 <span class=\"nobr\">i marynark\u0119<\/span> <span class=\"nobr\">oraz <a href=\"https:\/\/www.vangraaf.com\/pl\/cat\/101010001\/swetry\/\" target=\"_blank\" rel=\"noopener\">sweter<\/a><\/span> <span class=\"nobr\">lub modn\u0105<\/span> koszul\u0119 <span class=\"nobr\">o <a href=\"https:\/\/www.vangraaf.com\/pl\/cat\/101001\/koszule\/?filter.hemdKragenform=st%C3%B3jka\" target=\"_blank\" rel=\"noopener\">fasonie slim fit<\/a><\/span> <span class=\"nobr\">z ko\u0142nierzykiem<\/span> mao.<\/p>\n<p>Szukasz idealnej stylizacji <span class=\"nobr\">na rozmow\u0119<\/span> kwalifikacyjn\u0105? Znajd\u017a odpowiedni look <span class=\"nobr\">na <u><a href=\"https:\/\/www.vangraaf.com\/pl\/cat\/2\/kobiety\/\" target=\"_blank\" rel=\"noopener\">VANGRAAF.COM<\/a><\/u>!<\/span> <span class=\"nobr\">W naszych<\/span> <u><a href=\"https:\/\/www.vangraaf.com\/pl\/salony\/nasze-filie\/\" target=\"_blank\" rel=\"noopener\">sklepach stacjonarnych<\/a><\/u> mo\u017cesz tak\u017ce skorzysta\u0107 <span class=\"nobr\">z osobistego<\/span> doradztwa <span class=\"nobr\">w zakresie<\/span> perfekcyjnej stylizacji.<\/p>\n<\/div><\/div><\/div><\/div><\/div>[\/vc_column_inner][\/vc_row_inner][\/vc_column][\/vc_row][vc_row bwd_tbc4vd_show_weekday=&#8221;&#8221; full_width=&#8221;stretch_row_content_no_spaces&#8221;][vc_column]\n        <div class=\"headlines headlines--center\" data-aos=\"fade-up\">\n            <div class=\"vc_row\">\n                <div class=\"vc_col-md-10 vc_col-md-offset-1 vc_col-lg-10 vc_col-lg-offset-1\"><h2 class=\"h2\">Twoja aplikacja nas zainteresowa\u0142a<\/h2><\/div>\n            <\/div>\n        <\/div>[vc_row_inner bwd_tbc4vd_show_weekday=&#8221;&#8221; row_design=&#8221;row_square_background&#8221;][vc_column_inner width=&#8221;1\/3&#8243;]<div class=\"vg-element cta-teaser cta-teaser--center\" data-aos=\"fade-up\"><div class=\"cta-teaser__image\"><a class=\"\" href=\"https:\/\/www.vangraaf.com\/pl\/kariera\/kontakt\/\" target=\"_self\" rel=\"\" style=\"\"><img loading=\"lazy\" decoding=\"async\" width=\"380\" height=\"254\" src=\"https:\/\/www.vangraaf.com\/pl\/wp-content\/uploads\/sites\/10\/2022\/03\/Foto_Anna-Czuprynska.jpg\" class=\"vc_single_image-img attachment-full\" alt=\"\" title=\"Anna Czuprynska\" srcset=\"https:\/\/www.vangraaf.com\/pl\/wp-content\/uploads\/sites\/10\/2022\/03\/Foto_Anna-Czuprynska.jpg 380w, https:\/\/www.vangraaf.com\/pl\/wp-content\/uploads\/sites\/10\/2022\/03\/Foto_Anna-Czuprynska-300x201.jpg 300w\" sizes=\"(max-width: 380px) 100vw, 380px\" \/><\/a><\/div><div class=\"cta-teaser__text\"><h3>Kontakt<\/h3><p>Masz pytania dotycz\u0105ce rozpocz\u0119cia pracy w VAN GRAAF? Skontaktuj si\u0119 bezpo\u015brednio z Ann\u0105: +48 22 222 1090<\/p><a class=\"button\" href=\"https:\/\/www.vangraaf.com\/pl\/kariera\/kontakt\/\" target=\"_self\" rel=\"\" style=\"\">Wy\u015blij wiadomo\u015b\u0107 e-mail<\/a><\/div><\/div>[\/vc_column_inner][vc_column_inner width=&#8221;1\/3&#8243;]<div class=\"vg-element cta-teaser cta-teaser--center\" data-aos=\"fade-up\"><div class=\"cta-teaser__image\"><a class=\"\" href=\"https:\/\/www.vangraaf.com\/pl\/kariera\/aplikacja\/rady-dla-kandydatow\/\" target=\"_self\" rel=\"\" style=\"\"><img loading=\"lazy\" decoding=\"async\" width=\"380\" height=\"254\" src=\"https:\/\/www.vangraaf.com\/pl\/wp-content\/uploads\/sites\/10\/2022\/03\/M3_C_Schueler_054-2.jpg\" class=\"vc_single_image-img attachment-full\" alt=\"\" title=\"Rady dla kandydat\u00f3w_ser\" srcset=\"https:\/\/www.vangraaf.com\/pl\/wp-content\/uploads\/sites\/10\/2022\/03\/M3_C_Schueler_054-2.jpg 380w, https:\/\/www.vangraaf.com\/pl\/wp-content\/uploads\/sites\/10\/2022\/03\/M3_C_Schueler_054-2-300x201.jpg 300w\" sizes=\"(max-width: 380px) 100vw, 380px\" \/><\/a><\/div><div class=\"cta-teaser__text\"><h3>Rady dla kandydat\u00f3w<\/h3><p>Chcesz pracowa\u0107 w VAN GRAAF? \u2013 Prze\u015blij nam swoj\u0105 aplikacj\u0119! To pierwszy krok, aby rozpocz\u0105\u0107 u nas karier\u0119.<\/p><a class=\"button\" href=\"https:\/\/www.vangraaf.com\/pl\/kariera\/aplikacja\/rady-dla-kandydatow\/\" target=\"_self\" rel=\"\" style=\"\">Dowiedz si\u0119 wi\u0119cej<\/a><\/div><\/div>[\/vc_column_inner][vc_column_inner width=&#8221;1\/3&#8243;]<div class=\"vg-element cta-teaser cta-teaser--center\" data-aos=\"fade-up\"><div class=\"cta-teaser__image\"><a class=\"\" href=\"https:\/\/www.vangraaf.com\/pl\/kariera\/kontakt\/\" target=\"_self\" rel=\"\" style=\"\"><img loading=\"lazy\" decoding=\"async\" width=\"380\" height=\"254\" src=\"https:\/\/www.vangraaf.com\/pl\/wp-content\/uploads\/sites\/10\/2022\/03\/Foto_Sylwia-Szymanska.jpg\" class=\"vc_single_image-img attachment-full\" alt=\"\" title=\"Sylwia Szymanska\" srcset=\"https:\/\/www.vangraaf.com\/pl\/wp-content\/uploads\/sites\/10\/2022\/03\/Foto_Sylwia-Szymanska.jpg 380w, https:\/\/www.vangraaf.com\/pl\/wp-content\/uploads\/sites\/10\/2022\/03\/Foto_Sylwia-Szymanska-300x201.jpg 300w\" sizes=\"(max-width: 380px) 100vw, 380px\" \/><\/a><\/div><div class=\"cta-teaser__text\"><h3>Kontakt<\/h3><p>Masz pytania dotycz\u0105ce rozpocz\u0119cia pracy w VAN GRAAF? Skontaktuj si\u0119 bezpo\u015brednio z Sylwi\u0105: +48 22 222 1092<\/p><a class=\"button\" href=\"https:\/\/www.vangraaf.com\/pl\/kariera\/kontakt\/\" target=\"_self\" rel=\"\" style=\"\">Wy\u015blij wiadomo\u015b\u0107 e-mail<\/a><\/div><\/div>[\/vc_column_inner][\/vc_row_inner][\/vc_column][\/vc_row]<\/div>","protected":false},"excerpt":{"rendered":"[vc_row bwd_tbc4vd_show_weekday=&#8221;&#8221; full_width=&#8221;stretch_row_content_no_spaces&#8221;][vc_column][vc_column_text] Odpowiedni ubi\u00f3r jest niezwykle wa\u017cny zar\u00f3wno podczas osobistej, jak i wirtualnej rozmowy kwalifikacyjnej. To czy str\u00f3j powinien by\u0107 mniej lub bardziej oficjalny i stylowy zale\u017cy od bran\u017cy i przysz\u0142ego pracodawcy. Ubiegasz si\u0119 o prac\u0119 w bran\u017cy modowej? Wybierz lu\u017an\u0105 stylizacj\u0119, kt\u00f3ra jednak b\u0119dzie zgodna z obowi\u0105zuj\u0105cymi trendami. Je\u015bli szukasz pracy w tradycyjnych [&hellip;]","protected":false},"author":6,"featured_media":0,"parent":515,"menu_order":0,"comment_status":"closed","ping_status":"closed","template":"","meta":{"_acf_changed":false,"inline_featured_image":false,"footnotes":""},"class_list":["post-531","page","type-page","status-publish","hentry"],"acf":[],"yoast_head":"<!-- This site is optimized with the Yoast SEO plugin v27.2 - https:\/\/yoast.com\/product\/yoast-seo-wordpress\/ -->\n<title>Tw\u00f3j str\u00f3j na rozmow\u0119 kwalifikacyjn\u0105 | VAN GRAAF<\/title>\n<meta name=\"description\" content=\"Szukasz idealnej stylizacji na rozmow\u0119 kwalifikacyjn\u0105? Oto kilka porad! Wszystkie informacje znajduj\u0105 si\u0119 tutaj.\" \/>\n<meta name=\"robots\" content=\"index, follow, max-snippet:-1, max-image-preview:large, max-video-preview:-1\" \/>\n<link rel=\"canonical\" href=\"https:\/\/www.vangraaf.com\/pl\/kariera\/aplikacja\/jak-sie-ubrac-na-rozmowe-kwalifikacyjna\/\" \/>\n<meta property=\"og:locale\" content=\"pl_PL\" \/>\n<meta property=\"og:type\" content=\"article\" \/>\n<meta property=\"og:title\" content=\"Tw\u00f3j str\u00f3j na rozmow\u0119 kwalifikacyjn\u0105 | VAN GRAAF\" \/>\n<meta property=\"og:description\" content=\"Szukasz idealnej stylizacji na rozmow\u0119 kwalifikacyjn\u0105? Oto kilka porad! Wszystkie informacje znajduj\u0105 si\u0119 tutaj.\" \/>\n<meta property=\"og:url\" content=\"https:\/\/www.vangraaf.com\/pl\/kariera\/aplikacja\/jak-sie-ubrac-na-rozmowe-kwalifikacyjna\/\" \/>\n<meta property=\"og:site_name\" content=\"VAN GRAAF Polska\" \/>\n<meta property=\"article:modified_time\" content=\"2022-07-29T10:27:41+00:00\" \/>\n<meta name=\"twitter:card\" content=\"summary_large_image\" \/>\n<meta name=\"twitter:label1\" content=\"Szacowany czas czytania\" \/>\n\t<meta name=\"twitter:data1\" content=\"4 minuty\" \/>\n<script type=\"application\/ld+json\" class=\"yoast-schema-graph\">{\"@context\":\"https:\/\/schema.org\",\"@graph\":[{\"@type\":\"WebPage\",\"@id\":\"https:\/\/www.vangraaf.com\/pl\/kariera\/aplikacja\/jak-sie-ubrac-na-rozmowe-kwalifikacyjna\/\",\"url\":\"https:\/\/www.vangraaf.com\/pl\/kariera\/aplikacja\/jak-sie-ubrac-na-rozmowe-kwalifikacyjna\/\",\"name\":\"Tw\u00f3j str\u00f3j na rozmow\u0119 kwalifikacyjn\u0105 | VAN GRAAF\",\"isPartOf\":{\"@id\":\"https:\/\/www.vangraaf.com\/pl\/#website\"},\"datePublished\":\"2022-02-15T09:18:31+00:00\",\"dateModified\":\"2022-07-29T10:27:41+00:00\",\"description\":\"Szukasz idealnej stylizacji na rozmow\u0119 kwalifikacyjn\u0105? Oto kilka porad! Wszystkie informacje znajduj\u0105 si\u0119 tutaj.\",\"breadcrumb\":{\"@id\":\"https:\/\/www.vangraaf.com\/pl\/kariera\/aplikacja\/jak-sie-ubrac-na-rozmowe-kwalifikacyjna\/#breadcrumb\"},\"inLanguage\":\"pl-PL\",\"potentialAction\":[{\"@type\":\"ReadAction\",\"target\":[\"https:\/\/www.vangraaf.com\/pl\/kariera\/aplikacja\/jak-sie-ubrac-na-rozmowe-kwalifikacyjna\/\"]}]},{\"@type\":\"BreadcrumbList\",\"@id\":\"https:\/\/www.vangraaf.com\/pl\/kariera\/aplikacja\/jak-sie-ubrac-na-rozmowe-kwalifikacyjna\/#breadcrumb\",\"itemListElement\":[{\"@type\":\"ListItem\",\"position\":1,\"name\":\"Startseite\",\"item\":\"https:\/\/www.vangraaf.com\/pl\/\"},{\"@type\":\"ListItem\",\"position\":2,\"name\":\"Kariera\",\"item\":\"https:\/\/www.vangraaf.com\/pl\/kariera\/\"},{\"@type\":\"ListItem\",\"position\":3,\"name\":\"Aplikacja\",\"item\":\"https:\/\/www.vangraaf.com\/pl\/kariera\/aplikacja\/\"},{\"@type\":\"ListItem\",\"position\":4,\"name\":\"Jak si\u0119 ubra\u0107 na rozmow\u0119 kwalifikacyjn\u0105\"}]},{\"@type\":\"WebSite\",\"@id\":\"https:\/\/www.vangraaf.com\/pl\/#website\",\"url\":\"https:\/\/www.vangraaf.com\/pl\/\",\"name\":\"VAN GRAAF\",\"description\":\"VAN GRAAF\",\"potentialAction\":[{\"@type\":\"SearchAction\",\"target\":{\"@type\":\"EntryPoint\",\"urlTemplate\":\"https:\/\/www.vangraaf.com\/pl\/?s={search_term_string}\"},\"query-input\":{\"@type\":\"PropertyValueSpecification\",\"valueRequired\":true,\"valueName\":\"search_term_string\"}}],\"inLanguage\":\"pl-PL\"}]}<\/script>\n<!-- \/ Yoast SEO plugin. -->","yoast_head_json":{"title":"Tw\u00f3j str\u00f3j na rozmow\u0119 kwalifikacyjn\u0105 | VAN GRAAF","description":"Szukasz idealnej stylizacji na rozmow\u0119 kwalifikacyjn\u0105? Oto kilka porad! Wszystkie informacje znajduj\u0105 si\u0119 tutaj.","robots":{"index":"index","follow":"follow","max-snippet":"max-snippet:-1","max-image-preview":"max-image-preview:large","max-video-preview":"max-video-preview:-1"},"canonical":"https:\/\/www.vangraaf.com\/pl\/kariera\/aplikacja\/jak-sie-ubrac-na-rozmowe-kwalifikacyjna\/","og_locale":"pl_PL","og_type":"article","og_title":"Tw\u00f3j str\u00f3j na rozmow\u0119 kwalifikacyjn\u0105 | VAN GRAAF","og_description":"Szukasz idealnej stylizacji na rozmow\u0119 kwalifikacyjn\u0105? Oto kilka porad! Wszystkie informacje znajduj\u0105 si\u0119 tutaj.","og_url":"https:\/\/www.vangraaf.com\/pl\/kariera\/aplikacja\/jak-sie-ubrac-na-rozmowe-kwalifikacyjna\/","og_site_name":"VAN GRAAF Polska","article_modified_time":"2022-07-29T10:27:41+00:00","twitter_card":"summary_large_image","twitter_misc":{"Szacowany czas czytania":"4 minuty"},"schema":{"@context":"https:\/\/schema.org","@graph":[{"@type":"WebPage","@id":"https:\/\/www.vangraaf.com\/pl\/kariera\/aplikacja\/jak-sie-ubrac-na-rozmowe-kwalifikacyjna\/","url":"https:\/\/www.vangraaf.com\/pl\/kariera\/aplikacja\/jak-sie-ubrac-na-rozmowe-kwalifikacyjna\/","name":"Tw\u00f3j str\u00f3j na rozmow\u0119 kwalifikacyjn\u0105 | VAN GRAAF","isPartOf":{"@id":"https:\/\/www.vangraaf.com\/pl\/#website"},"datePublished":"2022-02-15T09:18:31+00:00","dateModified":"2022-07-29T10:27:41+00:00","description":"Szukasz idealnej stylizacji na rozmow\u0119 kwalifikacyjn\u0105? Oto kilka porad! Wszystkie informacje znajduj\u0105 si\u0119 tutaj.","breadcrumb":{"@id":"https:\/\/www.vangraaf.com\/pl\/kariera\/aplikacja\/jak-sie-ubrac-na-rozmowe-kwalifikacyjna\/#breadcrumb"},"inLanguage":"pl-PL","potentialAction":[{"@type":"ReadAction","target":["https:\/\/www.vangraaf.com\/pl\/kariera\/aplikacja\/jak-sie-ubrac-na-rozmowe-kwalifikacyjna\/"]}]},{"@type":"BreadcrumbList","@id":"https:\/\/www.vangraaf.com\/pl\/kariera\/aplikacja\/jak-sie-ubrac-na-rozmowe-kwalifikacyjna\/#breadcrumb","itemListElement":[{"@type":"ListItem","position":1,"name":"Startseite","item":"https:\/\/www.vangraaf.com\/pl\/"},{"@type":"ListItem","position":2,"name":"Kariera","item":"https:\/\/www.vangraaf.com\/pl\/kariera\/"},{"@type":"ListItem","position":3,"name":"Aplikacja","item":"https:\/\/www.vangraaf.com\/pl\/kariera\/aplikacja\/"},{"@type":"ListItem","position":4,"name":"Jak si\u0119 ubra\u0107 na rozmow\u0119 kwalifikacyjn\u0105"}]},{"@type":"WebSite","@id":"https:\/\/www.vangraaf.com\/pl\/#website","url":"https:\/\/www.vangraaf.com\/pl\/","name":"VAN GRAAF","description":"VAN GRAAF","potentialAction":[{"@type":"SearchAction","target":{"@type":"EntryPoint","urlTemplate":"https:\/\/www.vangraaf.com\/pl\/?s={search_term_string}"},"query-input":{"@type":"PropertyValueSpecification","valueRequired":true,"valueName":"search_term_string"}}],"inLanguage":"pl-PL"}]}},"_links":{"self":[{"href":"https:\/\/www.vangraaf.com\/pl\/wp-json\/wp\/v2\/pages\/531","targetHints":{"allow":["GET"]}}],"collection":[{"href":"https:\/\/www.vangraaf.com\/pl\/wp-json\/wp\/v2\/pages"}],"about":[{"href":"https:\/\/www.vangraaf.com\/pl\/wp-json\/wp\/v2\/types\/page"}],"author":[{"embeddable":true,"href":"https:\/\/www.vangraaf.com\/pl\/wp-json\/wp\/v2\/users\/6"}],"replies":[{"embeddable":true,"href":"https:\/\/www.vangraaf.com\/pl\/wp-json\/wp\/v2\/comments?post=531"}],"version-history":[{"count":18,"href":"https:\/\/www.vangraaf.com\/pl\/wp-json\/wp\/v2\/pages\/531\/revisions"}],"predecessor-version":[{"id":1032,"href":"https:\/\/www.vangraaf.com\/pl\/wp-json\/wp\/v2\/pages\/531\/revisions\/1032"}],"up":[{"embeddable":true,"href":"https:\/\/www.vangraaf.com\/pl\/wp-json\/wp\/v2\/pages\/515"}],"wp:attachment":[{"href":"https:\/\/www.vangraaf.com\/pl\/wp-json\/wp\/v2\/media?parent=531"}],"curies":[{"name":"wp","href":"https:\/\/api.w.org\/{rel}","templated":true}]}}