{"id":529,"date":"2022-02-15T10:17:59","date_gmt":"2022-02-15T09:17:59","guid":{"rendered":"https:\/\/www.vangraaf.com\/pl\/?page_id=529"},"modified":"2023-02-15T10:21:50","modified_gmt":"2023-02-15T09:21:50","slug":"rady-dla-kandydatow","status":"publish","type":"page","link":"https:\/\/www.vangraaf.com\/pl\/kariera\/aplikacja\/rady-dla-kandydatow\/","title":{"rendered":"Rady dla kandydat\u00f3w"},"content":{"rendered":"<div class=\"wpb-content-wrapper\">[vc_row bwd_tbc4vd_show_weekday=&#8221;&#8221; full_width=&#8221;stretch_row_content_no_spaces&#8221;][vc_column]<div class=\"keyvisual\" data-aos=\"fade-up\" ><img loading=\"lazy\" decoding=\"async\" width=\"1440\" height=\"480\" src=\"https:\/\/www.vangraaf.com\/pl\/wp-content\/uploads\/sites\/10\/2022\/03\/M3_C_Schueler_054.jpg\" class=\"vc_single_image-img\" alt=\"\" srcset=\"https:\/\/www.vangraaf.com\/pl\/wp-content\/uploads\/sites\/10\/2022\/03\/M3_C_Schueler_054.jpg 1440w, https:\/\/www.vangraaf.com\/pl\/wp-content\/uploads\/sites\/10\/2022\/03\/M3_C_Schueler_054-300x100.jpg 300w, https:\/\/www.vangraaf.com\/pl\/wp-content\/uploads\/sites\/10\/2022\/03\/M3_C_Schueler_054-1024x341.jpg 1024w, https:\/\/www.vangraaf.com\/pl\/wp-content\/uploads\/sites\/10\/2022\/03\/M3_C_Schueler_054-768x256.jpg 768w, https:\/\/www.vangraaf.com\/pl\/wp-content\/uploads\/sites\/10\/2022\/03\/M3_C_Schueler_054-1200x400.jpg 1200w, https:\/\/www.vangraaf.com\/pl\/wp-content\/uploads\/sites\/10\/2022\/03\/M3_C_Schueler_054-992x331.jpg 992w, https:\/\/www.vangraaf.com\/pl\/wp-content\/uploads\/sites\/10\/2022\/03\/M3_C_Schueler_054-480x160.jpg 480w, https:\/\/www.vangraaf.com\/pl\/wp-content\/uploads\/sites\/10\/2022\/03\/M3_C_Schueler_054-690x230.jpg 690w\" sizes=\"(max-width: 1440px) 100vw, 1440px\" \/><\/div>\n        <div class=\"headlines headlines--center\" data-aos=\"fade-up\">\n            <div class=\"vc_row\">\n                <div class=\"vc_col-md-10 vc_col-md-offset-1 vc_col-lg-10 vc_col-lg-offset-1\"><span class=\"h6\">Proces rekrutacyjny<\/span><h1 class=\"h2\">Twoja aplikacja o prac\u0119 w VAN GRAAF<\/h1><\/div>\n            <\/div>\n        <\/div>[vc_column_text]Chcesz pracowa\u0107 <span class=\"nobr\">w VAN GRAAF? \u2013<\/span> Prze\u015blij <span class=\"nobr\">nam swoj\u0105<\/span> aplikacj\u0119! <span class=\"nobr\">To pierwszy<\/span> <span class=\"nobr\">i najwa\u017cniejszy<\/span> <span class=\"nobr\">krok, aby rozpocz\u0105\u0107<\/span> karier\u0119 <span class=\"nobr\">w naszej<\/span> firmie. Starannie napisany \u017cyciorys <span class=\"nobr\">to Twoja<\/span> wizyt\u00f3wka, kt\u00f3ra powinna zrobi\u0107 <span class=\"nobr\">na nas dobre<\/span> wra\u017cenie. <span class=\"nobr\">W nast\u0119pnym<\/span> etapie zadzwonimy <span class=\"nobr\">do Ciebie<\/span> <span class=\"nobr\">i zaprosimy<\/span> <span class=\"nobr\">na osobist\u0105<\/span> rozmow\u0119, <span class=\"nobr\">aby m\u00f3c pozna\u0107<\/span> <span class=\"nobr\">Ci\u0119 bli\u017cej.<\/span> Ujednolicony proces rekrutacyjny zapewnia wszystkim kandydatom r\u00f3wne szanse.\r\n\r\nOto kilka wskaz\u00f3wek, dzi\u0119ki kt\u00f3rym Twoje szanse <span class=\"nobr\">w procesie<\/span> rekrutacyjnym wzrosn\u0105.[\/vc_column_text][vc_tta_accordion collapsible_all=&#8221;true&#8221;][vc_tta_section title=&#8221;Przygotuj si\u0119 do rozmowy&#8221; tab_id=&#8221;1646304848036-be1067f3-fd71&#8243;][vc_column_text]Zanim przes\u0142a\u0142a(e)\u015b nam swoj\u0105 aplikacj\u0119, <span class=\"nobr\">z pewno\u015bci\u0105<\/span> sprawdzi\u0142a(e)\u015b informacje <span class=\"nobr\">o naszej<\/span> firmie. Przed rozmow\u0105 kwalifikacyjn\u0105 dowiedz <span class=\"nobr\">si\u0119 wi\u0119cej<\/span> <span class=\"nobr\">o naszym<\/span> przedsi\u0119biorstwie, odwied\u017a <span class=\"nobr\">nasz <\/span><a href=\"https:\/\/www.vangraaf.com\/pl\/salony\/nasze-filie\" target=\"_blank\" rel=\"noopener\"><span class=\"nobr\">sklep<\/span> stacjonarny<\/a> <span class=\"nobr\">lub zajrzyj<\/span> <span class=\"nobr\">na stron\u0119<\/span> internetow\u0105 <a href=\"https:\/\/www.vangraaf.com\/pl\/cat\/1\/mezczyzni\/\" target=\"_blank\" rel=\"noopener\">sklepu online<\/a>. Aktualno\u015bci znajdziesz tak\u017ce <span class=\"nobr\">na profilu<\/span> VAN GRAAF <span class=\"nobr\">na Facebooku<\/span> lub Instagramie.\r\n\r\nZadaj sobie pytanie, dlaczego ubiegasz <span class=\"nobr\">si\u0119 w\u0142a\u015bnie<\/span> <span class=\"nobr\">o takie<\/span> stanowisko pracy? <span class=\"nobr\">Co podoba<\/span> <span class=\"nobr\">Ci si\u0119 w opisanym<\/span> zakresie obowi\u0105zk\u00f3w? Dlaczego pasujesz <span class=\"nobr\">do naszego<\/span> profilu? Doceniamy pytania kandydat\u00f3w. Zastan\u00f3w <span class=\"nobr\">si\u0119, co jeszcze<\/span> chcesz wiedzie\u0107 <span class=\"nobr\">o VAN GRAAF<\/span> <span class=\"nobr\">i danym<\/span> stanowisku pracy.[\/vc_column_text][\/vc_tta_section][vc_tta_section title=&#8221;Perfekcyjna stylizacja&#8221; tab_id=&#8221;1646304848042-a0d383f6-ead7&#8243;][vc_column_text]Jeste\u015bmy firm\u0105 <span class=\"nobr\">z bran\u017cy<\/span> fashion, dlatego stylowy <span class=\"nobr\">i gustowny<\/span> ubi\u00f3r odgrywa niezwykle wa\u017cn\u0105 rol\u0119. Tutaj znajdziesz porady stylizacyjne dotycz\u0105ce idealnego stroju <span class=\"nobr\">na <a href=\"https:\/\/www.vangraaf.com\/pl\/kariera\/aplikacja\/jak-sie-ubrac-na-rozmowe-kwalifikacyjna\/\">rozmow\u0119 kwalifikacyjn\u0105<\/a>.<\/span>[\/vc_column_text][\/vc_tta_section][vc_tta_section title=&#8221;Przekonuj\u0105ca rozmowa&#8221; tab_id=&#8221;1646310819270-74fb119d-603e&#8221;][vc_column_text]Twoja aplikacja o prac\u0119 <span class=\"nobr\">w VAN GRAAF<\/span> wyda\u0142a <span class=\"nobr\">nam si\u0119 interesuj\u0105ca.<\/span> Chcieliby\u015bmy spotka\u0107 <span class=\"nobr\">si\u0119 osobi\u015bcie<\/span> <span class=\"nobr\">i pozna\u0107<\/span> Twoje kompetencje zawodowe. Podczas rozmowy poprosimy <span class=\"nobr\">Ci\u0119 o przedstawienie<\/span> <span class=\"nobr\">si\u0119, a tak\u017ce<\/span> zadamy pytania dotycz\u0105ce Twojej osobowo\u015bci, przebiegu kariery zawodowej <span class=\"nobr\">i sposobu<\/span> pracy. Twoja osobowo\u015b\u0107, autentyczno\u015b\u0107, szczero\u015b\u0107 <span class=\"nobr\">oraz \u015bwiadomo\u015b\u0107<\/span> w\u0142asnych umiej\u0119tno\u015bci <span class=\"nobr\">to cechy,<\/span> kt\u00f3re <span class=\"nobr\">do nas przemawiaj\u0105.<\/span> Oczywi\u015bcie mo\u017cesz odczuwa\u0107 trem\u0119 podczas interview, <span class=\"nobr\">ale jest ona jego nieod\u0142\u0105cznym<\/span> elementem <span class=\"nobr\">i nie jest \u017ale odbierana.<\/span>\r\nDla nas jest wa\u017cne, aby przekaza\u0107 <span class=\"nobr\">Ci kompletne<\/span> informacje <span class=\"nobr\">o firmie<\/span> VAN GRAAF, zespole <span class=\"nobr\">i przysz\u0142ych<\/span> obowi\u0105zkach. Odpowiemy tak\u017ce <span class=\"nobr\">na Twoje<\/span> pytania.[\/vc_column_text][\/vc_tta_section][\/vc_tta_accordion][\/vc_column][\/vc_row][vc_row bwd_tbc4vd_show_weekday=&#8221;&#8221; full_width=&#8221;stretch_row_content_no_spaces&#8221;][vc_column]\n        <div class=\"headlines headlines--center\" data-aos=\"fade-up\">\n            <div class=\"vc_row\">\n                <div class=\"vc_col-md-10 vc_col-md-offset-1 vc_col-lg-10 vc_col-lg-offset-1\"><h2 class=\"h2\">Twoja aplikacja nas zainteresowa\u0142a<\/h2><\/div>\n            <\/div>\n        <\/div>[vc_row_inner bwd_tbc4vd_show_weekday=&#8221;&#8221; row_design=&#8221;row_square_background&#8221;][vc_column_inner width=&#8221;1\/3&#8243;]<div class=\"vg-element cta-teaser cta-teaser--center\" data-aos=\"fade-up\"><div class=\"cta-teaser__image\"><a class=\"\" href=\"https:\/\/www.vangraaf.com\/pl\/kariera\/kontakt\/\" target=\"_self\" rel=\"\" style=\"\"><img loading=\"lazy\" decoding=\"async\" width=\"380\" height=\"254\" src=\"https:\/\/www.vangraaf.com\/pl\/wp-content\/uploads\/sites\/10\/2022\/03\/Foto_Anna-Czuprynska.jpg\" class=\"vc_single_image-img attachment-full\" alt=\"\" title=\"Anna Czuprynska\" srcset=\"https:\/\/www.vangraaf.com\/pl\/wp-content\/uploads\/sites\/10\/2022\/03\/Foto_Anna-Czuprynska.jpg 380w, https:\/\/www.vangraaf.com\/pl\/wp-content\/uploads\/sites\/10\/2022\/03\/Foto_Anna-Czuprynska-300x201.jpg 300w\" sizes=\"(max-width: 380px) 100vw, 380px\" \/><\/a><\/div><div class=\"cta-teaser__text\"><h3>Kontakt<\/h3><p>Masz pytania dotycz\u0105ce rozpocz\u0119cia pracy w VAN GRAAF? Skontaktuj si\u0119 bezpo\u015brednio z Ann\u0105: +48 22 222 1090<\/p><a class=\"button\" href=\"https:\/\/www.vangraaf.com\/pl\/kariera\/kontakt\/\" target=\"_self\" rel=\"\" style=\"\">Wy\u015blij wiadomo\u015b\u0107 e-mail<\/a><\/div><\/div>[\/vc_column_inner][vc_column_inner width=&#8221;1\/3&#8243;]<div class=\"vg-element cta-teaser cta-teaser--center\" data-aos=\"fade-up\"><div class=\"cta-teaser__image\"><a class=\"\" href=\"https:\/\/www.vangraaf.com\/pl\/kariera\/aplikacja\/rady-dla-kandydatow\/\" target=\"_self\" rel=\"\" style=\"\"><img loading=\"lazy\" decoding=\"async\" width=\"380\" height=\"254\" src=\"https:\/\/www.vangraaf.com\/pl\/wp-content\/uploads\/sites\/10\/2022\/03\/M11_F_PORTRAITS_TRAINER_034_1-1.jpg\" class=\"vc_single_image-img attachment-full\" alt=\"\" title=\"Proces rekrutacyjny_ser\" srcset=\"https:\/\/www.vangraaf.com\/pl\/wp-content\/uploads\/sites\/10\/2022\/03\/M11_F_PORTRAITS_TRAINER_034_1-1.jpg 380w, https:\/\/www.vangraaf.com\/pl\/wp-content\/uploads\/sites\/10\/2022\/03\/M11_F_PORTRAITS_TRAINER_034_1-1-300x201.jpg 300w\" sizes=\"(max-width: 380px) 100vw, 380px\" \/><\/a><\/div><div class=\"cta-teaser__text\"><h3>Proces rekrutacyjny<\/h3><p>Chcesz aplikowa\u0107 do VAN GRAAF? Oto kilka niezb\u0119dnych informacji, dotycz\u0105cych procesu rekrutacyjnego.<\/p><a class=\"button\" href=\"https:\/\/www.vangraaf.com\/pl\/kariera\/aplikacja\/rady-dla-kandydatow\/\" target=\"_self\" rel=\"\" style=\"\">Dowiedz si\u0119 wi\u0119cej<\/a><\/div><\/div>[\/vc_column_inner][vc_column_inner width=&#8221;1\/3&#8243;]<div class=\"vg-element cta-teaser cta-teaser--center\" data-aos=\"fade-up\"><div class=\"cta-teaser__image\"><a class=\"\" href=\"https:\/\/www.vangraaf.com\/pl\/kariera\/kontakt\/\" target=\"_self\" rel=\"\" style=\"\"><img loading=\"lazy\" decoding=\"async\" width=\"380\" height=\"254\" src=\"https:\/\/www.vangraaf.com\/pl\/wp-content\/uploads\/sites\/10\/2022\/03\/Foto_Sylwia-Szymanska.jpg\" class=\"vc_single_image-img attachment-full\" alt=\"\" title=\"Sylwia Szymanska\" srcset=\"https:\/\/www.vangraaf.com\/pl\/wp-content\/uploads\/sites\/10\/2022\/03\/Foto_Sylwia-Szymanska.jpg 380w, https:\/\/www.vangraaf.com\/pl\/wp-content\/uploads\/sites\/10\/2022\/03\/Foto_Sylwia-Szymanska-300x201.jpg 300w\" sizes=\"(max-width: 380px) 100vw, 380px\" \/><\/a><\/div><div class=\"cta-teaser__text\"><h3>Kontakt<\/h3><p>Masz pytania dotycz\u0105ce rozpocz\u0119cia pracy w VAN GRAAF? Skontaktuj si\u0119 bezpo\u015brednio z Sylwi\u0105: +48 22 222 1092<\/p><a class=\"button\" href=\"https:\/\/www.vangraaf.com\/pl\/kariera\/kontakt\/\" target=\"_self\" rel=\"\" style=\"\">Wy\u015blij wiadomo\u015b\u0107 e-mail<\/a><\/div><\/div>[\/vc_column_inner][\/vc_row_inner][\/vc_column][\/vc_row]<\/div>","protected":false},"excerpt":{"rendered":"[vc_row bwd_tbc4vd_show_weekday=&#8221;&#8221; full_width=&#8221;stretch_row_content_no_spaces&#8221;][vc_column][vc_column_text]Chcesz pracowa\u0107 w VAN GRAAF? \u2013 Prze\u015blij nam swoj\u0105 aplikacj\u0119! To pierwszy i najwa\u017cniejszy krok, aby rozpocz\u0105\u0107 karier\u0119 w naszej firmie. Starannie napisany \u017cyciorys to Twoja wizyt\u00f3wka, kt\u00f3ra powinna zrobi\u0107 na nas dobre wra\u017cenie. W nast\u0119pnym etapie zadzwonimy do Ciebie i zaprosimy na osobist\u0105 rozmow\u0119, aby m\u00f3c pozna\u0107 Ci\u0119 bli\u017cej. Ujednolicony proces rekrutacyjny [&hellip;]","protected":false},"author":6,"featured_media":0,"parent":515,"menu_order":0,"comment_status":"closed","ping_status":"closed","template":"","meta":{"_acf_changed":false,"inline_featured_image":false,"footnotes":""},"class_list":["post-529","page","type-page","status-publish","hentry"],"acf":[],"yoast_head":"<!-- This site is optimized with the Yoast SEO plugin v27.2 - https:\/\/yoast.com\/product\/yoast-seo-wordpress\/ -->\n<title>Twoja aplikacja o prac\u0119 w VAN GRAAF<\/title>\n<meta name=\"description\" content=\"Szukasz ciekawej i ambitnej pracy w sprzeda\u017cy detalicznej? Aplikuj online do VAN GRAAF! Wszystkie informacje znajduj\u0105 si\u0119 tutaj.\" \/>\n<meta name=\"robots\" content=\"index, follow, max-snippet:-1, max-image-preview:large, max-video-preview:-1\" \/>\n<link rel=\"canonical\" href=\"https:\/\/www.vangraaf.com\/pl\/kariera\/aplikacja\/rady-dla-kandydatow\/\" \/>\n<meta property=\"og:locale\" content=\"pl_PL\" \/>\n<meta property=\"og:type\" content=\"article\" \/>\n<meta property=\"og:title\" content=\"Twoja aplikacja o prac\u0119 w VAN GRAAF\" \/>\n<meta property=\"og:description\" content=\"Szukasz ciekawej i ambitnej pracy w sprzeda\u017cy detalicznej? Aplikuj online do VAN GRAAF! Wszystkie informacje znajduj\u0105 si\u0119 tutaj.\" \/>\n<meta property=\"og:url\" content=\"https:\/\/www.vangraaf.com\/pl\/kariera\/aplikacja\/rady-dla-kandydatow\/\" \/>\n<meta property=\"og:site_name\" content=\"VAN GRAAF Polska\" \/>\n<meta property=\"article:modified_time\" content=\"2023-02-15T09:21:50+00:00\" \/>\n<meta name=\"twitter:card\" content=\"summary_large_image\" \/>\n<meta name=\"twitter:label1\" content=\"Szacowany czas czytania\" \/>\n\t<meta name=\"twitter:data1\" content=\"3 minuty\" \/>\n<script type=\"application\/ld+json\" class=\"yoast-schema-graph\">{\"@context\":\"https:\/\/schema.org\",\"@graph\":[{\"@type\":\"WebPage\",\"@id\":\"https:\/\/www.vangraaf.com\/pl\/kariera\/aplikacja\/rady-dla-kandydatow\/\",\"url\":\"https:\/\/www.vangraaf.com\/pl\/kariera\/aplikacja\/rady-dla-kandydatow\/\",\"name\":\"Twoja aplikacja o prac\u0119 w VAN GRAAF\",\"isPartOf\":{\"@id\":\"https:\/\/www.vangraaf.com\/pl\/#website\"},\"datePublished\":\"2022-02-15T09:17:59+00:00\",\"dateModified\":\"2023-02-15T09:21:50+00:00\",\"description\":\"Szukasz ciekawej i ambitnej pracy w sprzeda\u017cy detalicznej? Aplikuj online do VAN GRAAF! Wszystkie informacje znajduj\u0105 si\u0119 tutaj.\",\"breadcrumb\":{\"@id\":\"https:\/\/www.vangraaf.com\/pl\/kariera\/aplikacja\/rady-dla-kandydatow\/#breadcrumb\"},\"inLanguage\":\"pl-PL\",\"potentialAction\":[{\"@type\":\"ReadAction\",\"target\":[\"https:\/\/www.vangraaf.com\/pl\/kariera\/aplikacja\/rady-dla-kandydatow\/\"]}]},{\"@type\":\"BreadcrumbList\",\"@id\":\"https:\/\/www.vangraaf.com\/pl\/kariera\/aplikacja\/rady-dla-kandydatow\/#breadcrumb\",\"itemListElement\":[{\"@type\":\"ListItem\",\"position\":1,\"name\":\"Startseite\",\"item\":\"https:\/\/www.vangraaf.com\/pl\/\"},{\"@type\":\"ListItem\",\"position\":2,\"name\":\"Kariera\",\"item\":\"https:\/\/www.vangraaf.com\/pl\/kariera\/\"},{\"@type\":\"ListItem\",\"position\":3,\"name\":\"Aplikacja\",\"item\":\"https:\/\/www.vangraaf.com\/pl\/kariera\/aplikacja\/\"},{\"@type\":\"ListItem\",\"position\":4,\"name\":\"Rady dla kandydat\u00f3w\"}]},{\"@type\":\"WebSite\",\"@id\":\"https:\/\/www.vangraaf.com\/pl\/#website\",\"url\":\"https:\/\/www.vangraaf.com\/pl\/\",\"name\":\"VAN GRAAF\",\"description\":\"VAN GRAAF\",\"potentialAction\":[{\"@type\":\"SearchAction\",\"target\":{\"@type\":\"EntryPoint\",\"urlTemplate\":\"https:\/\/www.vangraaf.com\/pl\/?s={search_term_string}\"},\"query-input\":{\"@type\":\"PropertyValueSpecification\",\"valueRequired\":true,\"valueName\":\"search_term_string\"}}],\"inLanguage\":\"pl-PL\"}]}<\/script>\n<!-- \/ Yoast SEO plugin. -->","yoast_head_json":{"title":"Twoja aplikacja o prac\u0119 w VAN GRAAF","description":"Szukasz ciekawej i ambitnej pracy w sprzeda\u017cy detalicznej? Aplikuj online do VAN GRAAF! Wszystkie informacje znajduj\u0105 si\u0119 tutaj.","robots":{"index":"index","follow":"follow","max-snippet":"max-snippet:-1","max-image-preview":"max-image-preview:large","max-video-preview":"max-video-preview:-1"},"canonical":"https:\/\/www.vangraaf.com\/pl\/kariera\/aplikacja\/rady-dla-kandydatow\/","og_locale":"pl_PL","og_type":"article","og_title":"Twoja aplikacja o prac\u0119 w VAN GRAAF","og_description":"Szukasz ciekawej i ambitnej pracy w sprzeda\u017cy detalicznej? Aplikuj online do VAN GRAAF! Wszystkie informacje znajduj\u0105 si\u0119 tutaj.","og_url":"https:\/\/www.vangraaf.com\/pl\/kariera\/aplikacja\/rady-dla-kandydatow\/","og_site_name":"VAN GRAAF Polska","article_modified_time":"2023-02-15T09:21:50+00:00","twitter_card":"summary_large_image","twitter_misc":{"Szacowany czas czytania":"3 minuty"},"schema":{"@context":"https:\/\/schema.org","@graph":[{"@type":"WebPage","@id":"https:\/\/www.vangraaf.com\/pl\/kariera\/aplikacja\/rady-dla-kandydatow\/","url":"https:\/\/www.vangraaf.com\/pl\/kariera\/aplikacja\/rady-dla-kandydatow\/","name":"Twoja aplikacja o prac\u0119 w VAN GRAAF","isPartOf":{"@id":"https:\/\/www.vangraaf.com\/pl\/#website"},"datePublished":"2022-02-15T09:17:59+00:00","dateModified":"2023-02-15T09:21:50+00:00","description":"Szukasz ciekawej i ambitnej pracy w sprzeda\u017cy detalicznej? Aplikuj online do VAN GRAAF! Wszystkie informacje znajduj\u0105 si\u0119 tutaj.","breadcrumb":{"@id":"https:\/\/www.vangraaf.com\/pl\/kariera\/aplikacja\/rady-dla-kandydatow\/#breadcrumb"},"inLanguage":"pl-PL","potentialAction":[{"@type":"ReadAction","target":["https:\/\/www.vangraaf.com\/pl\/kariera\/aplikacja\/rady-dla-kandydatow\/"]}]},{"@type":"BreadcrumbList","@id":"https:\/\/www.vangraaf.com\/pl\/kariera\/aplikacja\/rady-dla-kandydatow\/#breadcrumb","itemListElement":[{"@type":"ListItem","position":1,"name":"Startseite","item":"https:\/\/www.vangraaf.com\/pl\/"},{"@type":"ListItem","position":2,"name":"Kariera","item":"https:\/\/www.vangraaf.com\/pl\/kariera\/"},{"@type":"ListItem","position":3,"name":"Aplikacja","item":"https:\/\/www.vangraaf.com\/pl\/kariera\/aplikacja\/"},{"@type":"ListItem","position":4,"name":"Rady dla kandydat\u00f3w"}]},{"@type":"WebSite","@id":"https:\/\/www.vangraaf.com\/pl\/#website","url":"https:\/\/www.vangraaf.com\/pl\/","name":"VAN GRAAF","description":"VAN GRAAF","potentialAction":[{"@type":"SearchAction","target":{"@type":"EntryPoint","urlTemplate":"https:\/\/www.vangraaf.com\/pl\/?s={search_term_string}"},"query-input":{"@type":"PropertyValueSpecification","valueRequired":true,"valueName":"search_term_string"}}],"inLanguage":"pl-PL"}]}},"_links":{"self":[{"href":"https:\/\/www.vangraaf.com\/pl\/wp-json\/wp\/v2\/pages\/529","targetHints":{"allow":["GET"]}}],"collection":[{"href":"https:\/\/www.vangraaf.com\/pl\/wp-json\/wp\/v2\/pages"}],"about":[{"href":"https:\/\/www.vangraaf.com\/pl\/wp-json\/wp\/v2\/types\/page"}],"author":[{"embeddable":true,"href":"https:\/\/www.vangraaf.com\/pl\/wp-json\/wp\/v2\/users\/6"}],"replies":[{"embeddable":true,"href":"https:\/\/www.vangraaf.com\/pl\/wp-json\/wp\/v2\/comments?post=529"}],"version-history":[{"count":11,"href":"https:\/\/www.vangraaf.com\/pl\/wp-json\/wp\/v2\/pages\/529\/revisions"}],"predecessor-version":[{"id":1121,"href":"https:\/\/www.vangraaf.com\/pl\/wp-json\/wp\/v2\/pages\/529\/revisions\/1121"}],"up":[{"embeddable":true,"href":"https:\/\/www.vangraaf.com\/pl\/wp-json\/wp\/v2\/pages\/515"}],"wp:attachment":[{"href":"https:\/\/www.vangraaf.com\/pl\/wp-json\/wp\/v2\/media?parent=529"}],"curies":[{"name":"wp","href":"https:\/\/api.w.org\/{rel}","templated":true}]}}