{"id":527,"date":"2022-02-15T10:17:41","date_gmt":"2022-02-15T09:17:41","guid":{"rendered":"https:\/\/www.vangraaf.com\/pl\/?page_id=527"},"modified":"2023-02-15T10:19:50","modified_gmt":"2023-02-15T09:19:50","slug":"proces-rekrutacyjny","status":"publish","type":"page","link":"https:\/\/www.vangraaf.com\/pl\/kariera\/aplikacja\/proces-rekrutacyjny\/","title":{"rendered":"Proces rekrutacyjny"},"content":{"rendered":"<div class=\"wpb-content-wrapper\">[vc_row bwd_tbc4vd_show_weekday=&#8221;&#8221; full_width=&#8221;stretch_row_content_no_spaces&#8221;][vc_column]<div class=\"keyvisual\" data-aos=\"fade-up\" ><img loading=\"lazy\" decoding=\"async\" width=\"1440\" height=\"480\" src=\"https:\/\/www.vangraaf.com\/pl\/wp-content\/uploads\/sites\/10\/2022\/03\/M11_F_PORTRAITS_TRAINER_034_1-2.jpg\" class=\"vc_single_image-img\" alt=\"\" srcset=\"https:\/\/www.vangraaf.com\/pl\/wp-content\/uploads\/sites\/10\/2022\/03\/M11_F_PORTRAITS_TRAINER_034_1-2.jpg 1440w, https:\/\/www.vangraaf.com\/pl\/wp-content\/uploads\/sites\/10\/2022\/03\/M11_F_PORTRAITS_TRAINER_034_1-2-300x100.jpg 300w, https:\/\/www.vangraaf.com\/pl\/wp-content\/uploads\/sites\/10\/2022\/03\/M11_F_PORTRAITS_TRAINER_034_1-2-1024x341.jpg 1024w, https:\/\/www.vangraaf.com\/pl\/wp-content\/uploads\/sites\/10\/2022\/03\/M11_F_PORTRAITS_TRAINER_034_1-2-768x256.jpg 768w, https:\/\/www.vangraaf.com\/pl\/wp-content\/uploads\/sites\/10\/2022\/03\/M11_F_PORTRAITS_TRAINER_034_1-2-1200x400.jpg 1200w, https:\/\/www.vangraaf.com\/pl\/wp-content\/uploads\/sites\/10\/2022\/03\/M11_F_PORTRAITS_TRAINER_034_1-2-992x331.jpg 992w, https:\/\/www.vangraaf.com\/pl\/wp-content\/uploads\/sites\/10\/2022\/03\/M11_F_PORTRAITS_TRAINER_034_1-2-480x160.jpg 480w, https:\/\/www.vangraaf.com\/pl\/wp-content\/uploads\/sites\/10\/2022\/03\/M11_F_PORTRAITS_TRAINER_034_1-2-690x230.jpg 690w\" sizes=\"(max-width: 1440px) 100vw, 1440px\" \/><\/div>\n        <div class=\"headlines headlines--center\" data-aos=\"fade-up\">\n            <div class=\"vc_row\">\n                <div class=\"vc_col-md-10 vc_col-md-offset-1 vc_col-lg-10 vc_col-lg-offset-1\"><span class=\"h6\">Proces rekrutacyjny w VAN GRAAF<\/span><h1 class=\"h2\">Proces rekrutacyjny<\/h1><\/div>\n            <\/div>\n        <\/div>[vc_column_text]\r\n<p style=\"text-align: center;\">Proces rekrutacyjny <span class=\"nobr\">to przede<\/span> wszystkim <span class=\"nobr\">czas po\u015bwi\u0119cony<\/span> <span class=\"nobr\">na wzajemn<\/span>e poznanie <span class=\"nobr\">si\u0119. Ty jeste\u015b<\/span> <span class=\"nobr\">w centrum<\/span> uwagi: chcemy <span class=\"nobr\">nie tylko<\/span> <span class=\"nobr\">Ci\u0119 pozna\u0107,<\/span> <span class=\"nobr\">ale tak\u017ce<\/span> pom\u00f3c Ci zrozumie\u0107 Twoje przysz\u0142e zadania oraz kultur\u0119 VAN GRAAF. Uproszczony, <span class=\"nobr\">ale przemy\u015blany<\/span> <span class=\"nobr\">i dopasowany<\/span> <span class=\"nobr\">do stanowiska,<\/span> proces rekrutacyjny pozwala <span class=\"nobr\">nam skupi\u0107<\/span> si\u0119 na tym, <span class=\"nobr\">co naprawd\u0119<\/span> wa\u017cne: <span class=\"nobr\">na Tobie<\/span> <span class=\"nobr\">i Twojej<\/span> potencjalnej przysz\u0142o\u015bci <span class=\"nobr\">w VAN GRAAF.<\/span>\r\n<span class=\"nobr\">Oto jak wygl\u0105daj\u0105<\/span> poszczeg\u00f3lne etapy rekrutacji.<\/p>\r\n[\/vc_column_text][\/vc_column][\/vc_row][vc_row][vc_column width=&#8221;1\/3&#8243;][vc_column_text]\r\n<p style=\"text-align: center;\"><img loading=\"lazy\" decoding=\"async\" class=\"size-full wp-image-872 aligncenter\" src=\"https:\/\/www.vangraaf.com\/pl\/wp-content\/uploads\/sites\/10\/2022\/03\/Ausbildungssuche_300.png\" alt=\"\" width=\"125\" height=\"125\" srcset=\"https:\/\/www.vangraaf.com\/pl\/wp-content\/uploads\/sites\/10\/2022\/03\/Ausbildungssuche_300.png 600w, https:\/\/www.vangraaf.com\/pl\/wp-content\/uploads\/sites\/10\/2022\/03\/Ausbildungssuche_300-300x300.png 300w, https:\/\/www.vangraaf.com\/pl\/wp-content\/uploads\/sites\/10\/2022\/03\/Ausbildungssuche_300-150x150.png 150w, https:\/\/www.vangraaf.com\/pl\/wp-content\/uploads\/sites\/10\/2022\/03\/Ausbildungssuche_300-480x480.png 480w, https:\/\/www.vangraaf.com\/pl\/wp-content\/uploads\/sites\/10\/2022\/03\/Ausbildungssuche_300-280x280.png 280w\" sizes=\"(max-width: 125px) 100vw, 125px\" \/>\r\n<strong>Oferty pracy<\/strong>\r\nZnajd\u017a swoj\u0105 wymarzon\u0105 prac\u0119 w\u015br\u00f3d naszych <a href=\"https:\/\/www.vangraaf.com\/pl\/kariera\/praca-i-kariera\/oferty-pracy\/\">aktualnych ofert<\/a>. Brak interesuj\u0105cego Ci\u0119 wakatu? Wy\u015blij do nas aplikacj\u0119 spontaniczn\u0105 lub subskrybuj <a href=\"https:\/\/www.vangraaf.com\/pl\/kariera\/praca-i-kariera\/oferty-pracy\/jobalert-pl.html\">Job-Alarm<\/a>!<\/p>\r\n[\/vc_column_text][\/vc_column][vc_column width=&#8221;1\/3&#8243;][vc_column_text]\r\n<p style=\"text-align: center;\"><img loading=\"lazy\" decoding=\"async\" class=\"size-full wp-image-874 aligncenter\" src=\"https:\/\/www.vangraaf.com\/pl\/wp-content\/uploads\/sites\/10\/2022\/03\/Onlinebewerben_300.png\" alt=\"\" width=\"125\" height=\"125\" srcset=\"https:\/\/www.vangraaf.com\/pl\/wp-content\/uploads\/sites\/10\/2022\/03\/Onlinebewerben_300.png 600w, https:\/\/www.vangraaf.com\/pl\/wp-content\/uploads\/sites\/10\/2022\/03\/Onlinebewerben_300-300x300.png 300w, https:\/\/www.vangraaf.com\/pl\/wp-content\/uploads\/sites\/10\/2022\/03\/Onlinebewerben_300-150x150.png 150w, https:\/\/www.vangraaf.com\/pl\/wp-content\/uploads\/sites\/10\/2022\/03\/Onlinebewerben_300-480x480.png 480w, https:\/\/www.vangraaf.com\/pl\/wp-content\/uploads\/sites\/10\/2022\/03\/Onlinebewerben_300-280x280.png 280w\" sizes=\"(max-width: 125px) 100vw, 125px\" \/>\r\n<strong>Aplikacja online<\/strong>\r\nWybierz interesuj\u0105ce Ci\u0119 stanowisko, wype\u0142nij formularz i prze\u015blij do nas swoj\u0105 kompletn\u0105 aplikacj\u0119. W razie pyta\u0144 skontaktuj si\u0119 z <a href=\"https:\/\/www.vangraaf.com\/pl\/kariera\/kontakt\/\">Dzia\u0142em HR<\/a>.<\/p>\r\n[\/vc_column_text][\/vc_column][vc_column width=&#8221;1\/3&#8243;][vc_column_text]\r\n<p style=\"text-align: center;\"><img loading=\"lazy\" decoding=\"async\" class=\"size-full wp-image-876 aligncenter\" src=\"https:\/\/www.vangraaf.com\/pl\/wp-content\/uploads\/sites\/10\/2022\/03\/Sichtung_300.png\" alt=\"\" width=\"125\" height=\"125\" srcset=\"https:\/\/www.vangraaf.com\/pl\/wp-content\/uploads\/sites\/10\/2022\/03\/Sichtung_300.png 600w, https:\/\/www.vangraaf.com\/pl\/wp-content\/uploads\/sites\/10\/2022\/03\/Sichtung_300-300x300.png 300w, https:\/\/www.vangraaf.com\/pl\/wp-content\/uploads\/sites\/10\/2022\/03\/Sichtung_300-150x150.png 150w, https:\/\/www.vangraaf.com\/pl\/wp-content\/uploads\/sites\/10\/2022\/03\/Sichtung_300-480x480.png 480w, https:\/\/www.vangraaf.com\/pl\/wp-content\/uploads\/sites\/10\/2022\/03\/Sichtung_300-280x280.png 280w\" sizes=\"(max-width: 125px) 100vw, 125px\" \/>\r\n<strong>Rozpatrzenie Twojej aplikacji<\/strong>\r\nWnikliwie przegl\u0105damy nades\u0142ane cv. W ci\u0105gu kilku dni otrzymasz od nas informacj\u0119 zwrotn\u0105.<\/p>\r\n[\/vc_column_text][\/vc_column][\/vc_row][vc_row][vc_column width=&#8221;1\/3&#8243;][vc_column_text]\r\n<p style=\"text-align: center;\"><img loading=\"lazy\" decoding=\"async\" class=\"size-full wp-image-887 aligncenter\" src=\"https:\/\/www.vangraaf.com\/pl\/wp-content\/uploads\/sites\/10\/2021\/05\/Telefoninterview_300.png\" alt=\"\" width=\"125\" height=\"125\" srcset=\"https:\/\/www.vangraaf.com\/pl\/wp-content\/uploads\/sites\/10\/2021\/05\/Telefoninterview_300.png 600w, https:\/\/www.vangraaf.com\/pl\/wp-content\/uploads\/sites\/10\/2021\/05\/Telefoninterview_300-300x300.png 300w, https:\/\/www.vangraaf.com\/pl\/wp-content\/uploads\/sites\/10\/2021\/05\/Telefoninterview_300-150x150.png 150w, https:\/\/www.vangraaf.com\/pl\/wp-content\/uploads\/sites\/10\/2021\/05\/Telefoninterview_300-480x480.png 480w, https:\/\/www.vangraaf.com\/pl\/wp-content\/uploads\/sites\/10\/2021\/05\/Telefoninterview_300-280x280.png 280w\" sizes=\"(max-width: 125px) 100vw, 125px\" \/>\r\n<strong>Rozmowa telefoniczna<\/strong>\r\nZadzwonimy do Ciebie, aby przekaza\u0107 najwa\u017cniejsze informacje dotycz\u0105ce stanowiska pracy oraz odpowiedzie\u0107 na Twoje pytania.<\/p>\r\n[\/vc_column_text][\/vc_column][vc_column width=&#8221;1\/3&#8243;][vc_column_text]\r\n<p style=\"text-align: center;\"><img loading=\"lazy\" decoding=\"async\" class=\"size-full wp-image-873 aligncenter\" src=\"https:\/\/www.vangraaf.com\/pl\/wp-content\/uploads\/sites\/10\/2022\/03\/Gespraech_300.png\" alt=\"\" width=\"125\" height=\"125\" srcset=\"https:\/\/www.vangraaf.com\/pl\/wp-content\/uploads\/sites\/10\/2022\/03\/Gespraech_300.png 600w, https:\/\/www.vangraaf.com\/pl\/wp-content\/uploads\/sites\/10\/2022\/03\/Gespraech_300-300x300.png 300w, https:\/\/www.vangraaf.com\/pl\/wp-content\/uploads\/sites\/10\/2022\/03\/Gespraech_300-150x150.png 150w, https:\/\/www.vangraaf.com\/pl\/wp-content\/uploads\/sites\/10\/2022\/03\/Gespraech_300-480x480.png 480w, https:\/\/www.vangraaf.com\/pl\/wp-content\/uploads\/sites\/10\/2022\/03\/Gespraech_300-280x280.png 280w\" sizes=\"(max-width: 125px) 100vw, 125px\" \/>\r\n<strong>Rozmowa kwalifikacyjna ze Store Managerem<\/strong>\r\nPodczas rozmowy mamy okazj\u0119 lepiej si\u0119 pozna\u0107, opowiadamy o naszym zespole oraz przekazujemy Ci szczeg\u00f3\u0142owe informacje dotycz\u0105ce pracy w VAN GRAAF.<\/p>\r\n[\/vc_column_text][\/vc_column][vc_column width=&#8221;1\/3&#8243;][vc_column_text]\r\n<p style=\"text-align: center;\"><img loading=\"lazy\" decoding=\"async\" class=\"size-full wp-image-877 aligncenter\" src=\"https:\/\/www.vangraaf.com\/pl\/wp-content\/uploads\/sites\/10\/2022\/03\/Zusage_300.png\" alt=\"\" width=\"125\" height=\"125\" srcset=\"https:\/\/www.vangraaf.com\/pl\/wp-content\/uploads\/sites\/10\/2022\/03\/Zusage_300.png 600w, https:\/\/www.vangraaf.com\/pl\/wp-content\/uploads\/sites\/10\/2022\/03\/Zusage_300-300x300.png 300w, https:\/\/www.vangraaf.com\/pl\/wp-content\/uploads\/sites\/10\/2022\/03\/Zusage_300-150x150.png 150w, https:\/\/www.vangraaf.com\/pl\/wp-content\/uploads\/sites\/10\/2022\/03\/Zusage_300-480x480.png 480w, https:\/\/www.vangraaf.com\/pl\/wp-content\/uploads\/sites\/10\/2022\/03\/Zusage_300-280x280.png 280w\" sizes=\"(max-width: 125px) 100vw, 125px\" \/>\r\n<strong>Zatrudnienie \u2013 gratulacje!<\/strong>\r\nWitamy w VAN GRAAF! Cieszymy si\u0119, \u017ce do\u0142\u0105czysz do naszego zespo\u0142u!<\/p>\r\n[\/vc_column_text][\/vc_column][\/vc_row][vc_row bwd_tbc4vd_show_weekday=&#8221;&#8221; full_width=&#8221;stretch_row_content_no_spaces&#8221;][vc_column]\n        <div class=\"headlines headlines--center\" data-aos=\"fade-up\">\n            <div class=\"vc_row\">\n                <div class=\"vc_col-md-10 vc_col-md-offset-1 vc_col-lg-10 vc_col-lg-offset-1\"><h2 class=\"h2\">Twoja aplikacja nas zainteresowa\u0142a<\/h2><\/div>\n            <\/div>\n        <\/div>[vc_row_inner bwd_tbc4vd_show_weekday=&#8221;&#8221; row_design=&#8221;row_square_background&#8221;][vc_column_inner width=&#8221;1\/3&#8243;]<div class=\"vg-element cta-teaser cta-teaser--center\" data-aos=\"fade-up\"><div class=\"cta-teaser__image\"><a class=\"\" href=\"https:\/\/www.vangraaf.com\/pl\/kariera\/kontakt\/\" target=\"_self\" rel=\"\" style=\"\"><img loading=\"lazy\" decoding=\"async\" width=\"380\" height=\"254\" src=\"https:\/\/www.vangraaf.com\/pl\/wp-content\/uploads\/sites\/10\/2022\/03\/Foto_Anna-Czuprynska.jpg\" class=\"vc_single_image-img attachment-full\" alt=\"\" title=\"Anna Czuprynska\" srcset=\"https:\/\/www.vangraaf.com\/pl\/wp-content\/uploads\/sites\/10\/2022\/03\/Foto_Anna-Czuprynska.jpg 380w, https:\/\/www.vangraaf.com\/pl\/wp-content\/uploads\/sites\/10\/2022\/03\/Foto_Anna-Czuprynska-300x201.jpg 300w\" sizes=\"(max-width: 380px) 100vw, 380px\" \/><\/a><\/div><div class=\"cta-teaser__text\"><h3>Kontakt<\/h3><p>Masz pytania dotycz\u0105ce rozpocz\u0119cia pracy w VAN GRAAF? Skontaktuj si\u0119 bezpo\u015brednio z Ann\u0105: +48 22 222 1090<\/p><a class=\"button\" href=\"https:\/\/www.vangraaf.com\/pl\/kariera\/kontakt\/\" target=\"_self\" rel=\"\" style=\"\">Wy\u015blij wiadomo\u015b\u0107 e-mail<\/a><\/div><\/div>[\/vc_column_inner][vc_column_inner width=&#8221;1\/3&#8243;]<div class=\"vg-element cta-teaser cta-teaser--center\" data-aos=\"fade-up\"><div class=\"cta-teaser__image\"><a class=\"\" href=\"https:\/\/www.vangraaf.com\/pl\/kariera\/aplikacja\/rady-dla-kandydatow\/\" target=\"_self\" rel=\"\" style=\"\"><img loading=\"lazy\" decoding=\"async\" width=\"380\" height=\"254\" src=\"https:\/\/www.vangraaf.com\/pl\/wp-content\/uploads\/sites\/10\/2022\/03\/M3_C_Schueler_054-2.jpg\" class=\"vc_single_image-img attachment-full\" alt=\"\" title=\"Rady dla kandydat\u00f3w_ser\" srcset=\"https:\/\/www.vangraaf.com\/pl\/wp-content\/uploads\/sites\/10\/2022\/03\/M3_C_Schueler_054-2.jpg 380w, https:\/\/www.vangraaf.com\/pl\/wp-content\/uploads\/sites\/10\/2022\/03\/M3_C_Schueler_054-2-300x201.jpg 300w\" sizes=\"(max-width: 380px) 100vw, 380px\" \/><\/a><\/div><div class=\"cta-teaser__text\"><h3>Rady dla kandydat\u00f3w<\/h3><p>Chcesz pracowa\u0107 w VAN GRAAF? \u2013 Prze\u015blij nam swoj\u0105 aplikacj\u0119! To pierwszy krok, aby rozpocz\u0105\u0107 u nas karier\u0119.<\/p><a class=\"button\" href=\"https:\/\/www.vangraaf.com\/pl\/kariera\/aplikacja\/rady-dla-kandydatow\/\" target=\"_self\" rel=\"\" style=\"\">Dowiedz si\u0119 wi\u0119cej<\/a><\/div><\/div>[\/vc_column_inner][vc_column_inner width=&#8221;1\/3&#8243;]<div class=\"vg-element cta-teaser cta-teaser--center\" data-aos=\"fade-up\"><div class=\"cta-teaser__image\"><a class=\"\" href=\"https:\/\/www.vangraaf.com\/pl\/kariera\/kontakt\/\" target=\"_self\" rel=\"\" style=\"\"><img loading=\"lazy\" decoding=\"async\" width=\"380\" height=\"254\" src=\"https:\/\/www.vangraaf.com\/pl\/wp-content\/uploads\/sites\/10\/2022\/03\/Foto_Sylwia-Szymanska.jpg\" class=\"vc_single_image-img attachment-full\" alt=\"\" title=\"Sylwia Szymanska\" srcset=\"https:\/\/www.vangraaf.com\/pl\/wp-content\/uploads\/sites\/10\/2022\/03\/Foto_Sylwia-Szymanska.jpg 380w, https:\/\/www.vangraaf.com\/pl\/wp-content\/uploads\/sites\/10\/2022\/03\/Foto_Sylwia-Szymanska-300x201.jpg 300w\" sizes=\"(max-width: 380px) 100vw, 380px\" \/><\/a><\/div><div class=\"cta-teaser__text\"><h3>Kontakt<\/h3><p>Masz pytania dotycz\u0105ce rozpocz\u0119cia pracy w VAN GRAAF? Skontaktuj si\u0119 bezpo\u015brednio z Sylwi\u0105: +48 22 222 1092<\/p><a class=\"button\" href=\"https:\/\/www.vangraaf.com\/pl\/kariera\/kontakt\/\" target=\"_self\" rel=\"\" style=\"\">Wy\u015blij wiadomo\u015b\u0107 e-mail<\/a><\/div><\/div>[\/vc_column_inner][\/vc_row_inner][\/vc_column][\/vc_row]<\/div>","protected":false},"excerpt":{"rendered":"[vc_row bwd_tbc4vd_show_weekday=&#8221;&#8221; full_width=&#8221;stretch_row_content_no_spaces&#8221;][vc_column][vc_column_text] Proces rekrutacyjny to przede wszystkim czas po\u015bwi\u0119cony na wzajemne poznanie si\u0119. Ty jeste\u015b w centrum uwagi: chcemy nie tylko Ci\u0119 pozna\u0107, ale tak\u017ce pom\u00f3c Ci zrozumie\u0107 Twoje przysz\u0142e zadania oraz kultur\u0119 VAN GRAAF. Uproszczony, ale przemy\u015blany i dopasowany do stanowiska, proces rekrutacyjny pozwala nam skupi\u0107 si\u0119 na tym, co naprawd\u0119 wa\u017cne: na [&hellip;]","protected":false},"author":6,"featured_media":0,"parent":515,"menu_order":0,"comment_status":"closed","ping_status":"closed","template":"","meta":{"_acf_changed":false,"inline_featured_image":false,"footnotes":""},"class_list":["post-527","page","type-page","status-publish","hentry"],"acf":[],"yoast_head":"<!-- This site is optimized with the Yoast SEO plugin v27.2 - https:\/\/yoast.com\/product\/yoast-seo-wordpress\/ -->\n<title>Proces rekrutacyjny | VAN GRAAF<\/title>\n<meta name=\"description\" content=\"Chcesz aplikowa\u0107 do VAN GRAAF? Przeka\u017cemy Ci niezb\u0119dne informacje na temat procesu rekrutacyjnego w naszej firmie.\" \/>\n<meta name=\"robots\" content=\"index, follow, max-snippet:-1, max-image-preview:large, max-video-preview:-1\" \/>\n<link rel=\"canonical\" href=\"https:\/\/www.vangraaf.com\/pl\/kariera\/aplikacja\/proces-rekrutacyjny\/\" \/>\n<meta property=\"og:locale\" content=\"pl_PL\" \/>\n<meta property=\"og:type\" content=\"article\" \/>\n<meta property=\"og:title\" content=\"Proces rekrutacyjny | VAN GRAAF\" \/>\n<meta property=\"og:description\" content=\"Chcesz aplikowa\u0107 do VAN GRAAF? Przeka\u017cemy Ci niezb\u0119dne informacje na temat procesu rekrutacyjnego w naszej firmie.\" \/>\n<meta property=\"og:url\" content=\"https:\/\/www.vangraaf.com\/pl\/kariera\/aplikacja\/proces-rekrutacyjny\/\" \/>\n<meta property=\"og:site_name\" content=\"VAN GRAAF Polska\" \/>\n<meta property=\"article:modified_time\" content=\"2023-02-15T09:19:50+00:00\" \/>\n<meta property=\"og:image\" content=\"https:\/\/www.vangraaf.com\/pl\/wp-content\/uploads\/sites\/10\/2022\/03\/Ausbildungssuche_300.png\" \/>\n<meta name=\"twitter:card\" content=\"summary_large_image\" \/>\n<meta name=\"twitter:label1\" content=\"Szacowany czas czytania\" \/>\n\t<meta name=\"twitter:data1\" content=\"3 minuty\" \/>\n<script type=\"application\/ld+json\" class=\"yoast-schema-graph\">{\"@context\":\"https:\/\/schema.org\",\"@graph\":[{\"@type\":\"WebPage\",\"@id\":\"https:\/\/www.vangraaf.com\/pl\/kariera\/aplikacja\/proces-rekrutacyjny\/\",\"url\":\"https:\/\/www.vangraaf.com\/pl\/kariera\/aplikacja\/proces-rekrutacyjny\/\",\"name\":\"Proces rekrutacyjny | VAN GRAAF\",\"isPartOf\":{\"@id\":\"https:\/\/www.vangraaf.com\/pl\/#website\"},\"primaryImageOfPage\":{\"@id\":\"https:\/\/www.vangraaf.com\/pl\/kariera\/aplikacja\/proces-rekrutacyjny\/#primaryimage\"},\"image\":{\"@id\":\"https:\/\/www.vangraaf.com\/pl\/kariera\/aplikacja\/proces-rekrutacyjny\/#primaryimage\"},\"thumbnailUrl\":\"https:\/\/www.vangraaf.com\/pl\/wp-content\/uploads\/sites\/10\/2022\/03\/Ausbildungssuche_300.png\",\"datePublished\":\"2022-02-15T09:17:41+00:00\",\"dateModified\":\"2023-02-15T09:19:50+00:00\",\"description\":\"Chcesz aplikowa\u0107 do VAN GRAAF? Przeka\u017cemy Ci niezb\u0119dne informacje na temat procesu rekrutacyjnego w naszej firmie.\",\"breadcrumb\":{\"@id\":\"https:\/\/www.vangraaf.com\/pl\/kariera\/aplikacja\/proces-rekrutacyjny\/#breadcrumb\"},\"inLanguage\":\"pl-PL\",\"potentialAction\":[{\"@type\":\"ReadAction\",\"target\":[\"https:\/\/www.vangraaf.com\/pl\/kariera\/aplikacja\/proces-rekrutacyjny\/\"]}]},{\"@type\":\"ImageObject\",\"inLanguage\":\"pl-PL\",\"@id\":\"https:\/\/www.vangraaf.com\/pl\/kariera\/aplikacja\/proces-rekrutacyjny\/#primaryimage\",\"url\":\"https:\/\/www.vangraaf.com\/pl\/wp-content\/uploads\/sites\/10\/2022\/03\/Ausbildungssuche_300.png\",\"contentUrl\":\"https:\/\/www.vangraaf.com\/pl\/wp-content\/uploads\/sites\/10\/2022\/03\/Ausbildungssuche_300.png\",\"width\":600,\"height\":600},{\"@type\":\"BreadcrumbList\",\"@id\":\"https:\/\/www.vangraaf.com\/pl\/kariera\/aplikacja\/proces-rekrutacyjny\/#breadcrumb\",\"itemListElement\":[{\"@type\":\"ListItem\",\"position\":1,\"name\":\"Startseite\",\"item\":\"https:\/\/www.vangraaf.com\/pl\/\"},{\"@type\":\"ListItem\",\"position\":2,\"name\":\"Kariera\",\"item\":\"https:\/\/www.vangraaf.com\/pl\/kariera\/\"},{\"@type\":\"ListItem\",\"position\":3,\"name\":\"Aplikacja\",\"item\":\"https:\/\/www.vangraaf.com\/pl\/kariera\/aplikacja\/\"},{\"@type\":\"ListItem\",\"position\":4,\"name\":\"Proces rekrutacyjny\"}]},{\"@type\":\"WebSite\",\"@id\":\"https:\/\/www.vangraaf.com\/pl\/#website\",\"url\":\"https:\/\/www.vangraaf.com\/pl\/\",\"name\":\"VAN GRAAF\",\"description\":\"VAN GRAAF\",\"potentialAction\":[{\"@type\":\"SearchAction\",\"target\":{\"@type\":\"EntryPoint\",\"urlTemplate\":\"https:\/\/www.vangraaf.com\/pl\/?s={search_term_string}\"},\"query-input\":{\"@type\":\"PropertyValueSpecification\",\"valueRequired\":true,\"valueName\":\"search_term_string\"}}],\"inLanguage\":\"pl-PL\"}]}<\/script>\n<!-- \/ Yoast SEO plugin. -->","yoast_head_json":{"title":"Proces rekrutacyjny | VAN GRAAF","description":"Chcesz aplikowa\u0107 do VAN GRAAF? Przeka\u017cemy Ci niezb\u0119dne informacje na temat procesu rekrutacyjnego w naszej firmie.","robots":{"index":"index","follow":"follow","max-snippet":"max-snippet:-1","max-image-preview":"max-image-preview:large","max-video-preview":"max-video-preview:-1"},"canonical":"https:\/\/www.vangraaf.com\/pl\/kariera\/aplikacja\/proces-rekrutacyjny\/","og_locale":"pl_PL","og_type":"article","og_title":"Proces rekrutacyjny | VAN GRAAF","og_description":"Chcesz aplikowa\u0107 do VAN GRAAF? Przeka\u017cemy Ci niezb\u0119dne informacje na temat procesu rekrutacyjnego w naszej firmie.","og_url":"https:\/\/www.vangraaf.com\/pl\/kariera\/aplikacja\/proces-rekrutacyjny\/","og_site_name":"VAN GRAAF Polska","article_modified_time":"2023-02-15T09:19:50+00:00","og_image":[{"url":"https:\/\/www.vangraaf.com\/pl\/wp-content\/uploads\/sites\/10\/2022\/03\/Ausbildungssuche_300.png","type":"","width":"","height":""}],"twitter_card":"summary_large_image","twitter_misc":{"Szacowany czas czytania":"3 minuty"},"schema":{"@context":"https:\/\/schema.org","@graph":[{"@type":"WebPage","@id":"https:\/\/www.vangraaf.com\/pl\/kariera\/aplikacja\/proces-rekrutacyjny\/","url":"https:\/\/www.vangraaf.com\/pl\/kariera\/aplikacja\/proces-rekrutacyjny\/","name":"Proces rekrutacyjny | VAN GRAAF","isPartOf":{"@id":"https:\/\/www.vangraaf.com\/pl\/#website"},"primaryImageOfPage":{"@id":"https:\/\/www.vangraaf.com\/pl\/kariera\/aplikacja\/proces-rekrutacyjny\/#primaryimage"},"image":{"@id":"https:\/\/www.vangraaf.com\/pl\/kariera\/aplikacja\/proces-rekrutacyjny\/#primaryimage"},"thumbnailUrl":"https:\/\/www.vangraaf.com\/pl\/wp-content\/uploads\/sites\/10\/2022\/03\/Ausbildungssuche_300.png","datePublished":"2022-02-15T09:17:41+00:00","dateModified":"2023-02-15T09:19:50+00:00","description":"Chcesz aplikowa\u0107 do VAN GRAAF? Przeka\u017cemy Ci niezb\u0119dne informacje na temat procesu rekrutacyjnego w naszej firmie.","breadcrumb":{"@id":"https:\/\/www.vangraaf.com\/pl\/kariera\/aplikacja\/proces-rekrutacyjny\/#breadcrumb"},"inLanguage":"pl-PL","potentialAction":[{"@type":"ReadAction","target":["https:\/\/www.vangraaf.com\/pl\/kariera\/aplikacja\/proces-rekrutacyjny\/"]}]},{"@type":"ImageObject","inLanguage":"pl-PL","@id":"https:\/\/www.vangraaf.com\/pl\/kariera\/aplikacja\/proces-rekrutacyjny\/#primaryimage","url":"https:\/\/www.vangraaf.com\/pl\/wp-content\/uploads\/sites\/10\/2022\/03\/Ausbildungssuche_300.png","contentUrl":"https:\/\/www.vangraaf.com\/pl\/wp-content\/uploads\/sites\/10\/2022\/03\/Ausbildungssuche_300.png","width":600,"height":600},{"@type":"BreadcrumbList","@id":"https:\/\/www.vangraaf.com\/pl\/kariera\/aplikacja\/proces-rekrutacyjny\/#breadcrumb","itemListElement":[{"@type":"ListItem","position":1,"name":"Startseite","item":"https:\/\/www.vangraaf.com\/pl\/"},{"@type":"ListItem","position":2,"name":"Kariera","item":"https:\/\/www.vangraaf.com\/pl\/kariera\/"},{"@type":"ListItem","position":3,"name":"Aplikacja","item":"https:\/\/www.vangraaf.com\/pl\/kariera\/aplikacja\/"},{"@type":"ListItem","position":4,"name":"Proces rekrutacyjny"}]},{"@type":"WebSite","@id":"https:\/\/www.vangraaf.com\/pl\/#website","url":"https:\/\/www.vangraaf.com\/pl\/","name":"VAN GRAAF","description":"VAN GRAAF","potentialAction":[{"@type":"SearchAction","target":{"@type":"EntryPoint","urlTemplate":"https:\/\/www.vangraaf.com\/pl\/?s={search_term_string}"},"query-input":{"@type":"PropertyValueSpecification","valueRequired":true,"valueName":"search_term_string"}}],"inLanguage":"pl-PL"}]}},"_links":{"self":[{"href":"https:\/\/www.vangraaf.com\/pl\/wp-json\/wp\/v2\/pages\/527","targetHints":{"allow":["GET"]}}],"collection":[{"href":"https:\/\/www.vangraaf.com\/pl\/wp-json\/wp\/v2\/pages"}],"about":[{"href":"https:\/\/www.vangraaf.com\/pl\/wp-json\/wp\/v2\/types\/page"}],"author":[{"embeddable":true,"href":"https:\/\/www.vangraaf.com\/pl\/wp-json\/wp\/v2\/users\/6"}],"replies":[{"embeddable":true,"href":"https:\/\/www.vangraaf.com\/pl\/wp-json\/wp\/v2\/comments?post=527"}],"version-history":[{"count":17,"href":"https:\/\/www.vangraaf.com\/pl\/wp-json\/wp\/v2\/pages\/527\/revisions"}],"predecessor-version":[{"id":1120,"href":"https:\/\/www.vangraaf.com\/pl\/wp-json\/wp\/v2\/pages\/527\/revisions\/1120"}],"up":[{"embeddable":true,"href":"https:\/\/www.vangraaf.com\/pl\/wp-json\/wp\/v2\/pages\/515"}],"wp:attachment":[{"href":"https:\/\/www.vangraaf.com\/pl\/wp-json\/wp\/v2\/media?parent=527"}],"curies":[{"name":"wp","href":"https:\/\/api.w.org\/{rel}","templated":true}]}}