{"id":525,"date":"2022-02-15T10:17:15","date_gmt":"2022-02-15T09:17:15","guid":{"rendered":"https:\/\/www.vangraaf.com\/pl\/?page_id=525"},"modified":"2023-02-15T10:10:58","modified_gmt":"2023-02-15T09:10:58","slug":"aplikacja-spontaniczna","status":"publish","type":"page","link":"https:\/\/www.vangraaf.com\/pl\/kariera\/praca-i-kariera\/aplikacja-spontaniczna\/","title":{"rendered":"Aplikacja spontaniczna"},"content":{"rendered":"<div class=\"wpb-content-wrapper\">[vc_row bwd_tbc4vd_show_weekday=&#8221;&#8221; full_width=&#8221;stretch_row_content_no_spaces&#8221;][vc_column]<div class=\"keyvisual\" data-aos=\"fade-up\" ><img loading=\"lazy\" decoding=\"async\" width=\"1440\" height=\"480\" src=\"https:\/\/www.vangraaf.com\/pl\/wp-content\/uploads\/sites\/10\/2022\/03\/M9_E_VK_ZENTRALEE-COMMERCE_134.jpg\" class=\"vc_single_image-img\" alt=\"\" srcset=\"https:\/\/www.vangraaf.com\/pl\/wp-content\/uploads\/sites\/10\/2022\/03\/M9_E_VK_ZENTRALEE-COMMERCE_134.jpg 1440w, https:\/\/www.vangraaf.com\/pl\/wp-content\/uploads\/sites\/10\/2022\/03\/M9_E_VK_ZENTRALEE-COMMERCE_134-300x100.jpg 300w, https:\/\/www.vangraaf.com\/pl\/wp-content\/uploads\/sites\/10\/2022\/03\/M9_E_VK_ZENTRALEE-COMMERCE_134-1024x341.jpg 1024w, https:\/\/www.vangraaf.com\/pl\/wp-content\/uploads\/sites\/10\/2022\/03\/M9_E_VK_ZENTRALEE-COMMERCE_134-768x256.jpg 768w, https:\/\/www.vangraaf.com\/pl\/wp-content\/uploads\/sites\/10\/2022\/03\/M9_E_VK_ZENTRALEE-COMMERCE_134-1200x400.jpg 1200w, https:\/\/www.vangraaf.com\/pl\/wp-content\/uploads\/sites\/10\/2022\/03\/M9_E_VK_ZENTRALEE-COMMERCE_134-992x331.jpg 992w, https:\/\/www.vangraaf.com\/pl\/wp-content\/uploads\/sites\/10\/2022\/03\/M9_E_VK_ZENTRALEE-COMMERCE_134-480x160.jpg 480w, https:\/\/www.vangraaf.com\/pl\/wp-content\/uploads\/sites\/10\/2022\/03\/M9_E_VK_ZENTRALEE-COMMERCE_134-690x230.jpg 690w\" sizes=\"(max-width: 1440px) 100vw, 1440px\" \/><\/div>\n        <div class=\"headlines headlines--center\" data-aos=\"fade-up\">\n            <div class=\"vc_row\">\n                <div class=\"vc_col-md-10 vc_col-md-offset-1 vc_col-lg-10 vc_col-lg-offset-1\"><span class=\"h6\">Twoja aplikacja spontaniczna w VAN GRAAF<\/span><h1 class=\"h2\">Aplikacja spontaniczna<\/h1><\/div>\n            <\/div>\n        <\/div>[vc_column_text]Chcia\u0142(a)by\u015b pracowa\u0107 <span class=\"nobr\">w VAN GRAAF,<\/span> ale nie ma aktualnie ofert pracy, kt\u00f3re <span class=\"nobr\">s\u0105 dla Ciebie<\/span> interesuj\u0105ce? <span class=\"nobr\">Wy\u015blij do nas spontanicznie<\/span> swoje cv! Mo\u017cliwe, <span class=\"nobr\">\u017ce ju\u017c jutro<\/span> pojawi <span class=\"nobr\">si\u0119 dla Ciebie<\/span> idealna oferta pracy <span class=\"nobr\">w jednym<\/span> <span class=\"nobr\">z naszych<\/span> <a href=\"https:\/\/www.vangraaf.com\/pl\/salony\/nasze-filie\/\" target=\"_blank\" rel=\"noopener\">sklep\u00f3w stacjonarnych<\/a>.\r\n\r\nRozpocznij karier\u0119 <span class=\"nobr\">w <a href=\"https:\/\/www.vangraaf.com\/pl\/kariera\/praca-i-kariera\/dzial-sprzedazy\/\">Dziale Sprzeda\u017cy<\/a><\/span> <span class=\"nobr\">i podziel<\/span> <span class=\"nobr\">si\u0119 swoj\u0105<\/span> znajomo\u015bci\u0105 trend\u00f3w obowi\u0105zuj\u0105cych <span class=\"nobr\">w modzie.<\/span> <span class=\"nobr\">Wyka\u017c si\u0119 swoj\u0105<\/span> kreatywno\u015bci\u0105 <span class=\"nobr\">i wyczuciem<\/span> <a href=\"https:\/\/www.vangraaf.com\/pl\/kariera\/praca-i-kariera\/dzial-dekoracji\/\">stylu <span class=\"nobr\">w dekoracji<\/span><\/a> <span class=\"nobr\">i stw\u00f3rz<\/span> przyjemne otoczenie <span class=\"nobr\">dla naszych<\/span> klient\u00f3w. <span class=\"nobr\">Interesujesz si\u0119 logistyk\u0105,<\/span> pracujesz <span class=\"nobr\">w spos\u00f3b<\/span> zorganizowany <span class=\"nobr\">i staranny?<\/span> Zaaplikuj <span class=\"nobr\">do <a href=\"https:\/\/www.vangraaf.com\/pl\/kariera\/praca-i-kariera\/dzial-logistyki\/\">Dzia\u0142u Logistyki<\/a>,<\/span> kt\u00f3rego pracownicy dbaj\u0105 <span class=\"nobr\">o sprawne<\/span> funkcjonowanie naszego sklepu!\r\n\r\nBrzmi ciekawie? Daj nam zna\u0107, <span class=\"nobr\">w kt\u00f3rym<\/span> dziale <span class=\"nobr\">w VAN GRAAF<\/span> chcia\u0142(a)by\u015b rozpocz\u0105\u0107 prac\u0119, napisz <span class=\"nobr\">nam o swoich<\/span> dotychczasowych do\u015bwiadczeniach oraz o tym, <span class=\"nobr\">w jakich<\/span> obszarach planujesz sw\u00f3j rozw\u00f3j zawodowy <span class=\"nobr\">w VAN GRAAF.<\/span>\r\n\r\n<a class=\"button button--primary\" href=\"https:\/\/www.vangraaf.com\/pl\/kariera\/praca-i-kariera\/oferty-pracy\/aplikacja-z-wasnej-inicjatywy--pl-f357.html\">Aplikuj teraz<\/a>[\/vc_column_text][\/vc_column][\/vc_row][vc_row bwd_tbc4vd_show_weekday=&#8221;&#8221; full_width=&#8221;stretch_row_content_no_spaces&#8221;][vc_column]\n        <div class=\"headlines headlines--center\" data-aos=\"fade-up\">\n            <div class=\"vc_row\">\n                <div class=\"vc_col-md-10 vc_col-md-offset-1 vc_col-lg-10 vc_col-lg-offset-1\"><h2 class=\"h2\">Twoja kariera w VAN GRAAF<\/h2><\/div>\n            <\/div>\n        <\/div>[vc_row_inner bwd_tbc4vd_show_weekday=&#8221;&#8221; row_design=&#8221;row_square_background&#8221;][vc_column_inner width=&#8221;1\/3&#8243;]<div class=\"vg-element cta-teaser cta-teaser--center\" data-aos=\"fade-up\"><div class=\"cta-teaser__image\"><a class=\"\" href=\"https:\/\/www.vangraaf.com\/pl\/kariera\/kontakt\/\" target=\"_self\" rel=\"\" style=\"\"><img loading=\"lazy\" decoding=\"async\" width=\"380\" height=\"254\" src=\"https:\/\/www.vangraaf.com\/pl\/wp-content\/uploads\/sites\/10\/2022\/03\/Foto_Anna-Czuprynska.jpg\" class=\"vc_single_image-img attachment-full\" alt=\"\" title=\"Anna Czuprynska\" srcset=\"https:\/\/www.vangraaf.com\/pl\/wp-content\/uploads\/sites\/10\/2022\/03\/Foto_Anna-Czuprynska.jpg 380w, https:\/\/www.vangraaf.com\/pl\/wp-content\/uploads\/sites\/10\/2022\/03\/Foto_Anna-Czuprynska-300x201.jpg 300w\" sizes=\"(max-width: 380px) 100vw, 380px\" \/><\/a><\/div><div class=\"cta-teaser__text\"><h3>Kontakt<\/h3><p>Masz pytania dotycz\u0105ce rozpocz\u0119cia pracy w VAN GRAAF? Skontaktuj si\u0119 bezpo\u015brednio z Ann\u0105: +48 22 222 1090<\/p><a class=\"button\" href=\"https:\/\/www.vangraaf.com\/pl\/kariera\/kontakt\/\" target=\"_self\" rel=\"\" style=\"\">Wy\u015blij wiadomo\u015b\u0107 e-mail<\/a><\/div><\/div>[\/vc_column_inner][vc_column_inner width=&#8221;1\/3&#8243;]<div class=\"vg-element cta-teaser cta-teaser--center\" data-aos=\"fade-up\"><div class=\"cta-teaser__image\"><a class=\"\" href=\"https:\/\/www.vangraaf.com\/pl\/kariera\/praca-i-kariera\/oferty-pracy\/\" target=\"_self\" rel=\"\" style=\"\"><img loading=\"lazy\" decoding=\"async\" width=\"380\" height=\"254\" src=\"https:\/\/www.vangraaf.com\/pl\/wp-content\/uploads\/sites\/10\/2022\/03\/M10_M_Portraits_Buero_026-1.jpg\" class=\"vc_single_image-img attachment-full\" alt=\"\" title=\"Kariera_ser\" srcset=\"https:\/\/www.vangraaf.com\/pl\/wp-content\/uploads\/sites\/10\/2022\/03\/M10_M_Portraits_Buero_026-1.jpg 380w, https:\/\/www.vangraaf.com\/pl\/wp-content\/uploads\/sites\/10\/2022\/03\/M10_M_Portraits_Buero_026-1-300x201.jpg 300w\" sizes=\"(max-width: 380px) 100vw, 380px\" \/><\/a><\/div><div class=\"cta-teaser__text\"><h3>Oferty pracy<\/h3><p>Chcesz zrobi\u0107 kolejny krok w karierze? Oferujemy wiele mo\u017cliwo\u015bci. Znajd\u017a swoj\u0105 wymarzon\u0105 prac\u0119 w VAN GRAAF.<\/p><a class=\"button button--primary\" href=\"https:\/\/www.vangraaf.com\/pl\/kariera\/praca-i-kariera\/oferty-pracy\/\" target=\"_self\" rel=\"\" style=\"\">Szukaj ofert pracy<\/a><\/div><\/div>[\/vc_column_inner][vc_column_inner width=&#8221;1\/3&#8243;]<div class=\"vg-element cta-teaser cta-teaser--center\" data-aos=\"fade-up\"><div class=\"cta-teaser__image\"><a class=\"\" href=\"https:\/\/www.vangraaf.com\/pl\/kariera\/kontakt\/\" target=\"_self\" rel=\"\" style=\"\"><img loading=\"lazy\" decoding=\"async\" width=\"380\" height=\"254\" src=\"https:\/\/www.vangraaf.com\/pl\/wp-content\/uploads\/sites\/10\/2022\/03\/Foto_Sylwia-Szymanska.jpg\" class=\"vc_single_image-img attachment-full\" alt=\"\" title=\"Sylwia Szymanska\" srcset=\"https:\/\/www.vangraaf.com\/pl\/wp-content\/uploads\/sites\/10\/2022\/03\/Foto_Sylwia-Szymanska.jpg 380w, https:\/\/www.vangraaf.com\/pl\/wp-content\/uploads\/sites\/10\/2022\/03\/Foto_Sylwia-Szymanska-300x201.jpg 300w\" sizes=\"(max-width: 380px) 100vw, 380px\" \/><\/a><\/div><div class=\"cta-teaser__text\"><h3>Kontakt<\/h3><p>Masz pytania dotycz\u0105ce rozpocz\u0119cia pracy w VAN GRAAF? Skontaktuj si\u0119 bezpo\u015brednio z Sylwi\u0105: +48 22 222 1092<\/p><a class=\"button\" href=\"https:\/\/www.vangraaf.com\/pl\/kariera\/kontakt\/\" target=\"_self\" rel=\"\" style=\"\">Wy\u015blij wiadomo\u015b\u0107 e-mail<\/a><\/div><\/div>[\/vc_column_inner][\/vc_row_inner][\/vc_column][\/vc_row]<\/div>","protected":false},"excerpt":{"rendered":"[vc_row bwd_tbc4vd_show_weekday=&#8221;&#8221; full_width=&#8221;stretch_row_content_no_spaces&#8221;][vc_column][vc_column_text]Chcia\u0142(a)by\u015b pracowa\u0107 w VAN GRAAF, ale nie ma aktualnie ofert pracy, kt\u00f3re s\u0105 dla Ciebie interesuj\u0105ce? Wy\u015blij do nas spontanicznie swoje cv! Mo\u017cliwe, \u017ce ju\u017c jutro pojawi si\u0119 dla Ciebie idealna oferta pracy w jednym z naszych sklep\u00f3w stacjonarnych. Rozpocznij karier\u0119 w Dziale Sprzeda\u017cy i podziel si\u0119 swoj\u0105 znajomo\u015bci\u0105 trend\u00f3w obowi\u0105zuj\u0105cych w modzie. [&hellip;]","protected":false},"author":6,"featured_media":0,"parent":513,"menu_order":0,"comment_status":"closed","ping_status":"closed","template":"","meta":{"_acf_changed":false,"inline_featured_image":false,"footnotes":""},"class_list":["post-525","page","type-page","status-publish","hentry"],"acf":[],"yoast_head":"<!-- This site is optimized with the Yoast SEO plugin v27.2 - https:\/\/yoast.com\/product\/yoast-seo-wordpress\/ -->\n<title>Aplikacja spontaniczna | VAN GRAAF<\/title>\n<meta name=\"description\" content=\"Brak odpowiedniej oferty pracy? Wy\u015blij do nas aplikacj\u0119 spontaniczn\u0105 i rozpocznij karier\u0119 w VAN GRAAF!\" \/>\n<meta name=\"robots\" content=\"index, follow, max-snippet:-1, max-image-preview:large, max-video-preview:-1\" \/>\n<link rel=\"canonical\" href=\"https:\/\/www.vangraaf.com\/pl\/kariera\/praca-i-kariera\/aplikacja-spontaniczna\/\" \/>\n<meta property=\"og:locale\" content=\"pl_PL\" \/>\n<meta property=\"og:type\" content=\"article\" \/>\n<meta property=\"og:title\" content=\"Aplikacja spontaniczna | VAN GRAAF\" \/>\n<meta property=\"og:description\" content=\"Brak odpowiedniej oferty pracy? Wy\u015blij do nas aplikacj\u0119 spontaniczn\u0105 i rozpocznij karier\u0119 w VAN GRAAF!\" \/>\n<meta property=\"og:url\" content=\"https:\/\/www.vangraaf.com\/pl\/kariera\/praca-i-kariera\/aplikacja-spontaniczna\/\" \/>\n<meta property=\"og:site_name\" content=\"VAN GRAAF Polska\" \/>\n<meta property=\"article:modified_time\" content=\"2023-02-15T09:10:58+00:00\" \/>\n<meta name=\"twitter:card\" content=\"summary_large_image\" \/>\n<meta name=\"twitter:label1\" content=\"Szacowany czas czytania\" \/>\n\t<meta name=\"twitter:data1\" content=\"2 minuty\" \/>\n<script type=\"application\/ld+json\" class=\"yoast-schema-graph\">{\"@context\":\"https:\/\/schema.org\",\"@graph\":[{\"@type\":\"WebPage\",\"@id\":\"https:\/\/www.vangraaf.com\/pl\/kariera\/praca-i-kariera\/aplikacja-spontaniczna\/\",\"url\":\"https:\/\/www.vangraaf.com\/pl\/kariera\/praca-i-kariera\/aplikacja-spontaniczna\/\",\"name\":\"Aplikacja spontaniczna | VAN GRAAF\",\"isPartOf\":{\"@id\":\"https:\/\/www.vangraaf.com\/pl\/#website\"},\"datePublished\":\"2022-02-15T09:17:15+00:00\",\"dateModified\":\"2023-02-15T09:10:58+00:00\",\"description\":\"Brak odpowiedniej oferty pracy? Wy\u015blij do nas aplikacj\u0119 spontaniczn\u0105 i rozpocznij karier\u0119 w VAN GRAAF!\",\"breadcrumb\":{\"@id\":\"https:\/\/www.vangraaf.com\/pl\/kariera\/praca-i-kariera\/aplikacja-spontaniczna\/#breadcrumb\"},\"inLanguage\":\"pl-PL\",\"potentialAction\":[{\"@type\":\"ReadAction\",\"target\":[\"https:\/\/www.vangraaf.com\/pl\/kariera\/praca-i-kariera\/aplikacja-spontaniczna\/\"]}]},{\"@type\":\"BreadcrumbList\",\"@id\":\"https:\/\/www.vangraaf.com\/pl\/kariera\/praca-i-kariera\/aplikacja-spontaniczna\/#breadcrumb\",\"itemListElement\":[{\"@type\":\"ListItem\",\"position\":1,\"name\":\"Startseite\",\"item\":\"https:\/\/www.vangraaf.com\/pl\/\"},{\"@type\":\"ListItem\",\"position\":2,\"name\":\"Kariera\",\"item\":\"https:\/\/www.vangraaf.com\/pl\/kariera\/\"},{\"@type\":\"ListItem\",\"position\":3,\"name\":\"Praca i kariera\",\"item\":\"https:\/\/www.vangraaf.com\/pl\/kariera\/praca-i-kariera\/\"},{\"@type\":\"ListItem\",\"position\":4,\"name\":\"Aplikacja spontaniczna\"}]},{\"@type\":\"WebSite\",\"@id\":\"https:\/\/www.vangraaf.com\/pl\/#website\",\"url\":\"https:\/\/www.vangraaf.com\/pl\/\",\"name\":\"VAN GRAAF\",\"description\":\"VAN GRAAF\",\"potentialAction\":[{\"@type\":\"SearchAction\",\"target\":{\"@type\":\"EntryPoint\",\"urlTemplate\":\"https:\/\/www.vangraaf.com\/pl\/?s={search_term_string}\"},\"query-input\":{\"@type\":\"PropertyValueSpecification\",\"valueRequired\":true,\"valueName\":\"search_term_string\"}}],\"inLanguage\":\"pl-PL\"}]}<\/script>\n<!-- \/ Yoast SEO plugin. -->","yoast_head_json":{"title":"Aplikacja spontaniczna | VAN GRAAF","description":"Brak odpowiedniej oferty pracy? Wy\u015blij do nas aplikacj\u0119 spontaniczn\u0105 i rozpocznij karier\u0119 w VAN GRAAF!","robots":{"index":"index","follow":"follow","max-snippet":"max-snippet:-1","max-image-preview":"max-image-preview:large","max-video-preview":"max-video-preview:-1"},"canonical":"https:\/\/www.vangraaf.com\/pl\/kariera\/praca-i-kariera\/aplikacja-spontaniczna\/","og_locale":"pl_PL","og_type":"article","og_title":"Aplikacja spontaniczna | VAN GRAAF","og_description":"Brak odpowiedniej oferty pracy? Wy\u015blij do nas aplikacj\u0119 spontaniczn\u0105 i rozpocznij karier\u0119 w VAN GRAAF!","og_url":"https:\/\/www.vangraaf.com\/pl\/kariera\/praca-i-kariera\/aplikacja-spontaniczna\/","og_site_name":"VAN GRAAF Polska","article_modified_time":"2023-02-15T09:10:58+00:00","twitter_card":"summary_large_image","twitter_misc":{"Szacowany czas czytania":"2 minuty"},"schema":{"@context":"https:\/\/schema.org","@graph":[{"@type":"WebPage","@id":"https:\/\/www.vangraaf.com\/pl\/kariera\/praca-i-kariera\/aplikacja-spontaniczna\/","url":"https:\/\/www.vangraaf.com\/pl\/kariera\/praca-i-kariera\/aplikacja-spontaniczna\/","name":"Aplikacja spontaniczna | VAN GRAAF","isPartOf":{"@id":"https:\/\/www.vangraaf.com\/pl\/#website"},"datePublished":"2022-02-15T09:17:15+00:00","dateModified":"2023-02-15T09:10:58+00:00","description":"Brak odpowiedniej oferty pracy? Wy\u015blij do nas aplikacj\u0119 spontaniczn\u0105 i rozpocznij karier\u0119 w VAN GRAAF!","breadcrumb":{"@id":"https:\/\/www.vangraaf.com\/pl\/kariera\/praca-i-kariera\/aplikacja-spontaniczna\/#breadcrumb"},"inLanguage":"pl-PL","potentialAction":[{"@type":"ReadAction","target":["https:\/\/www.vangraaf.com\/pl\/kariera\/praca-i-kariera\/aplikacja-spontaniczna\/"]}]},{"@type":"BreadcrumbList","@id":"https:\/\/www.vangraaf.com\/pl\/kariera\/praca-i-kariera\/aplikacja-spontaniczna\/#breadcrumb","itemListElement":[{"@type":"ListItem","position":1,"name":"Startseite","item":"https:\/\/www.vangraaf.com\/pl\/"},{"@type":"ListItem","position":2,"name":"Kariera","item":"https:\/\/www.vangraaf.com\/pl\/kariera\/"},{"@type":"ListItem","position":3,"name":"Praca i kariera","item":"https:\/\/www.vangraaf.com\/pl\/kariera\/praca-i-kariera\/"},{"@type":"ListItem","position":4,"name":"Aplikacja spontaniczna"}]},{"@type":"WebSite","@id":"https:\/\/www.vangraaf.com\/pl\/#website","url":"https:\/\/www.vangraaf.com\/pl\/","name":"VAN GRAAF","description":"VAN GRAAF","potentialAction":[{"@type":"SearchAction","target":{"@type":"EntryPoint","urlTemplate":"https:\/\/www.vangraaf.com\/pl\/?s={search_term_string}"},"query-input":{"@type":"PropertyValueSpecification","valueRequired":true,"valueName":"search_term_string"}}],"inLanguage":"pl-PL"}]}},"_links":{"self":[{"href":"https:\/\/www.vangraaf.com\/pl\/wp-json\/wp\/v2\/pages\/525","targetHints":{"allow":["GET"]}}],"collection":[{"href":"https:\/\/www.vangraaf.com\/pl\/wp-json\/wp\/v2\/pages"}],"about":[{"href":"https:\/\/www.vangraaf.com\/pl\/wp-json\/wp\/v2\/types\/page"}],"author":[{"embeddable":true,"href":"https:\/\/www.vangraaf.com\/pl\/wp-json\/wp\/v2\/users\/6"}],"replies":[{"embeddable":true,"href":"https:\/\/www.vangraaf.com\/pl\/wp-json\/wp\/v2\/comments?post=525"}],"version-history":[{"count":15,"href":"https:\/\/www.vangraaf.com\/pl\/wp-json\/wp\/v2\/pages\/525\/revisions"}],"predecessor-version":[{"id":1116,"href":"https:\/\/www.vangraaf.com\/pl\/wp-json\/wp\/v2\/pages\/525\/revisions\/1116"}],"up":[{"embeddable":true,"href":"https:\/\/www.vangraaf.com\/pl\/wp-json\/wp\/v2\/pages\/513"}],"wp:attachment":[{"href":"https:\/\/www.vangraaf.com\/pl\/wp-json\/wp\/v2\/media?parent=525"}],"curies":[{"name":"wp","href":"https:\/\/api.w.org\/{rel}","templated":true}]}}