{"id":523,"date":"2022-02-15T10:16:54","date_gmt":"2022-02-15T09:16:54","guid":{"rendered":"https:\/\/www.vangraaf.com\/pl\/?page_id=523"},"modified":"2025-10-06T15:20:49","modified_gmt":"2025-10-06T13:20:49","slug":"dzial-logistyki","status":"publish","type":"page","link":"https:\/\/www.vangraaf.com\/pl\/kariera\/praca-i-kariera\/dzial-logistyki\/","title":{"rendered":"Dzia\u0142 Logistyki"},"content":{"rendered":"<div class=\"wpb-content-wrapper\">[vc_row bwd_tbc4vd_show_weekday=&#8221;&#8221; full_width=&#8221;stretch_row_content_no_spaces&#8221;][vc_column]<div class=\"keyvisual\" data-aos=\"fade-up\" ><img loading=\"lazy\" decoding=\"async\" width=\"1440\" height=\"480\" src=\"https:\/\/www.vangraaf.com\/pl\/wp-content\/uploads\/sites\/10\/2022\/03\/M8_E_VK_Logistik_055.jpg\" class=\"vc_single_image-img\" alt=\"\" srcset=\"https:\/\/www.vangraaf.com\/pl\/wp-content\/uploads\/sites\/10\/2022\/03\/M8_E_VK_Logistik_055.jpg 1440w, https:\/\/www.vangraaf.com\/pl\/wp-content\/uploads\/sites\/10\/2022\/03\/M8_E_VK_Logistik_055-300x100.jpg 300w, https:\/\/www.vangraaf.com\/pl\/wp-content\/uploads\/sites\/10\/2022\/03\/M8_E_VK_Logistik_055-1024x341.jpg 1024w, https:\/\/www.vangraaf.com\/pl\/wp-content\/uploads\/sites\/10\/2022\/03\/M8_E_VK_Logistik_055-768x256.jpg 768w, https:\/\/www.vangraaf.com\/pl\/wp-content\/uploads\/sites\/10\/2022\/03\/M8_E_VK_Logistik_055-1200x400.jpg 1200w, https:\/\/www.vangraaf.com\/pl\/wp-content\/uploads\/sites\/10\/2022\/03\/M8_E_VK_Logistik_055-992x331.jpg 992w, https:\/\/www.vangraaf.com\/pl\/wp-content\/uploads\/sites\/10\/2022\/03\/M8_E_VK_Logistik_055-480x160.jpg 480w, https:\/\/www.vangraaf.com\/pl\/wp-content\/uploads\/sites\/10\/2022\/03\/M8_E_VK_Logistik_055-690x230.jpg 690w\" sizes=\"(max-width: 1440px) 100vw, 1440px\" \/><\/div>\n        <div class=\"headlines headlines--center\" data-aos=\"fade-up\">\n            <div class=\"vc_row\">\n                <div class=\"vc_col-md-10 vc_col-md-offset-1 vc_col-lg-10 vc_col-lg-offset-1\"><span class=\"h6\">ZA KULISAMI MODY<\/span><h1 class=\"h2\">Dzia\u0142 Logistyki<\/h1><\/div>\n            <\/div>\n        <\/div>[vc_column_text]\r\n<p style=\"text-align: center\">Lubisz, gdy wszystko dzia\u0142a jak w zegarku? Na stanowisku logistyka koordynujesz przep\u0142yw towar\u00f3w, dzi\u0119ki czemu sklep i klienci zawsze mog\u0105 liczy\u0107 na pe\u0142n\u0105 dost\u0119pno\u015b\u0107 asortymentu. Sprawd\u017a aktualn\u0105 ofert\u0119 naszego Dzia\u0142u Logistyki. Czekaj\u0105 na Ciebie ciekawe wyzwania i mo\u017cliwo\u015b\u0107 rozwoju zawodowego!<\/p>\r\n[\/vc_column_text][vc_column_text]\r\n<h3>Logistyk<\/h3>\r\nPracuj\u0105c <span class=\"nobr\">w obszarze<\/span> logistyki wewn\u0119trznej <span class=\"nobr\">w naszym<\/span> magazynie sklepowym, przyczyniasz <span class=\"nobr\">si\u0119 do sprawnego<\/span> funkcjonowania naszych proces\u00f3w logistycznych. Starannie <span class=\"nobr\">i profesjonalnie<\/span> wykonujesz powierzone zadania, <span class=\"nobr\">aby asortyment<\/span> <span class=\"nobr\">by\u0142 szybko<\/span> dost\u0119pny <span class=\"nobr\">dla naszych<\/span> klient\u00f3w. <strong>Praca logistyka<\/strong> <span class=\"nobr\">to r\u00f3wnie\u017c<\/span> przyjmowanie dostaw <span class=\"nobr\">i przeprowadzanie<\/span> kontroli stanu <span class=\"nobr\">i jako\u015bci.<\/span> Odpowiadasz <span class=\"nobr\">za przygotowanie<\/span> towaru <span class=\"nobr\">do sprzeda\u017cy,<\/span> przeceny <span class=\"nobr\">oraz wymian\u0119<\/span> towaru mi\u0119dzy filiami. Pomagasz kole\u017cankom <span class=\"nobr\">i kolegom<\/span> <span class=\"nobr\">z Dzia\u0142u<\/span> Sprzeda\u017cy <span class=\"nobr\">w uzupe\u0142nianiu<\/span> <span class=\"nobr\">i sortowaniu<\/span> towaru.[\/vc_column_text][vc_column_text]\r\n<h3>Technik<\/h3>\r\n<strong>Warszawa \/ Z\u0142ote Tarasy<\/strong>\r\nStanowisko Technika w VAN GRAAF to wiele r\u00f3\u017cnorodnych zada\u0144 i odpowiedzialno\u015bci. Dbasz o sprawne funkcjonowanie sklepu, w tym instalacji technicznych i elektrycznych. Samodzielnie wykonujesz drobne naprawy i prace konserwacyjne. Gdy konieczne s\u0105 przegl\u0105dy, wi\u0119ksze prace serwisowe lub budowlane \u2013 koordynujesz dzia\u0142ania firm zewn\u0119trznych i odpowiadasz za ich realizacj\u0119 zgodnie z wysokimi standardami jako\u015bci. Lubisz samodzielnie podejmowa\u0107 decyzje i dzia\u0142a\u0107 odpowiedzialnie? W takim razie ta rola b\u0119dzie dla Ciebie ciekawym i satysfakcjonuj\u0105cym wyzwaniem![\/vc_column_text][vc_column_text]\r\n<h3>Kierownik Dzia\u0142u Logistyki<\/h3>\r\n<strong>Warszawa \/ Z\u0142ote Tarasy<\/strong>\r\nMasz do\u015bwiadczenie w logistyce oraz zarz\u0105dzaniu zespo\u0142em? Stanowisko Kierownika Dzia\u0142u Logistyki b\u0119dzie dla Ciebie dobrym wyborem. W tej pracy odpowiadasz za obszar logistyki wewn\u0119trznej i odpowiedni stan techniczny filii. Tw\u00f3j talent organizacyjny i staranne wykonywanie obowi\u0105zk\u00f3w s\u0142u\u017cbowych zapewniaj\u0105 sprawny przebieg proces\u00f3w logistycznych. \u015aci\u015ble wsp\u00f3\u0142pracujesz ze swoim zespo\u0142em przy wykonywaniu codziennych zada\u0144. Motywujesz, rozpoznajesz i indywidualnie rozwijasz potencja\u0142 pracownik\u00f3w. W ramach naszego programu Leadership Training oferujemy profesjonalne szkolenia z zakresu rozwoju kompetencji zawodowych i mened\u017cerskich. \u0141\u0105czy <span class=\"nobr\">nas zami\u0142owanie<\/span> <span class=\"nobr\">do mody i ludzi.<\/span> Podziel nasz\u0105 pasj\u0119, do\u0142\u0105cz <span class=\"nobr\">do nas!<\/span>[\/vc_column_text][vc_column_text]<a class=\"button button--primary\" href=\"https:\/\/www.vangraaf.com\/pl\/kariera\/praca-i-kariera\/oferty-pracy\/\">Aplikuj teraz<\/a>[\/vc_column_text][vc_column_text]Chcia\u0142(a)by\u015b pracowa\u0107 <span class=\"nobr\">w VAN GRAAF,<\/span> <span class=\"nobr\">ale nie ma aktualnie<\/span> ofert pracy, kt\u00f3re <span class=\"nobr\">s\u0105 dla Ciebie<\/span> interesuj\u0105ce? Wy\u015blij <span class=\"nobr\">do nas <a href=\"https:\/\/www.vangraaf.com\/pl\/kariera\/praca-i-kariera\/aplikacja-spontaniczna\/\">aplikacj\u0119 spontaniczn\u0105<\/a>!<\/span> Mo\u017cliwe, <span class=\"nobr\">\u017ce ju\u017c jutro<\/span> pojawi <span class=\"nobr\">si\u0119 dla Ciebie<\/span> idealna oferta pracy <span class=\"nobr\">w jednym<\/span> <span class=\"nobr\">z naszych<\/span> sklep\u00f3w stacjonarnych.[\/vc_column_text][\/vc_column][\/vc_row][vc_row bwd_tbc4vd_show_weekday=&#8221;&#8221; full_width=&#8221;stretch_row_content_no_spaces&#8221;][vc_column]<div class=\"people-story-slider people-story-slider--dark\" style=\"--season-color: #ededed\" data-aos=\"fade-up\"><div class=\"content_wrap\"><div class=\"people-story-slider__slider js-people-story-slider\"><div class=\"people-story-slider__slider__item\"><div class=\"vc_row vc_row-flex\"><div class=\"vc_col-sm-6 people-story-slider__slider__item__image-wrap\"><img loading=\"lazy\" decoding=\"async\" width=\"768\" height=\"1022\" src=\"https:\/\/www.vangraaf.com\/pl\/wp-content\/uploads\/sites\/10\/2022\/03\/M8_A_VK_Logistik_024_VG.jpg\" class=\"attachment-full\" alt=\"\" title=\"Logistyk\" srcset=\"https:\/\/www.vangraaf.com\/pl\/wp-content\/uploads\/sites\/10\/2022\/03\/M8_A_VK_Logistik_024_VG.jpg 768w, https:\/\/www.vangraaf.com\/pl\/wp-content\/uploads\/sites\/10\/2022\/03\/M8_A_VK_Logistik_024_VG-225x300.jpg 225w, https:\/\/www.vangraaf.com\/pl\/wp-content\/uploads\/sites\/10\/2022\/03\/M8_A_VK_Logistik_024_VG-480x639.jpg 480w, https:\/\/www.vangraaf.com\/pl\/wp-content\/uploads\/sites\/10\/2022\/03\/M8_A_VK_Logistik_024_VG-690x918.jpg 690w\" sizes=\"(max-width: 768px) 100vw, 768px\" \/><\/div><div class=\"vc_col-sm-6 vc_col-md-4 vc_col-md-offset-1 people-story-slider__slider__item__content-wrap\"><div class=\"people-story-slider__slider__item__content\"><span class=\"h4\">Piotr, Logistyk <\/span><p>Praca w Dziale Logistyki w bran\u017cy fashion jest bardzo zr\u00f3\u017cnicowana. Jestem odpowiedzialny nie tylko za sprawny przep\u0142yw towar\u00f3w w sklepie, lecz r\u00f3wnie\u017c za kontrol\u0119 ich jako\u015bci. Wsp\u00f3\u0142pracujemy jako zesp\u00f3\u0142, aby wra\u017cenia klient\u00f3w by\u0142y zawsze pozytywne.<\/p>\n<div class=\"people-story-slider__slider__item__pagination\"><button class=\"slick-prev slick-arrow\" aria-label=\"Poprzedni\" type=\"button\">Poprzedni<\/button><button class=\"slick-next slick-arrow\" aria-label=\"Nast\u0119pny\" type=\"button\">Nast\u0119pny<\/button><\/div><\/div><\/div><\/div><\/div><div class=\"people-story-slider__slider__item\"><div class=\"vc_row vc_row-flex\"><div class=\"vc_col-sm-6 people-story-slider__slider__item__image-wrap\"><img loading=\"lazy\" decoding=\"async\" width=\"768\" height=\"1022\" src=\"https:\/\/www.vangraaf.com\/pl\/wp-content\/uploads\/sites\/10\/2022\/03\/M8_B_VK_Logistik_017_VG.jpg\" class=\"attachment-full\" alt=\"\" title=\"Kierownik Dzia\u0142u Logistyki\" srcset=\"https:\/\/www.vangraaf.com\/pl\/wp-content\/uploads\/sites\/10\/2022\/03\/M8_B_VK_Logistik_017_VG.jpg 768w, https:\/\/www.vangraaf.com\/pl\/wp-content\/uploads\/sites\/10\/2022\/03\/M8_B_VK_Logistik_017_VG-225x300.jpg 225w, https:\/\/www.vangraaf.com\/pl\/wp-content\/uploads\/sites\/10\/2022\/03\/M8_B_VK_Logistik_017_VG-480x639.jpg 480w, https:\/\/www.vangraaf.com\/pl\/wp-content\/uploads\/sites\/10\/2022\/03\/M8_B_VK_Logistik_017_VG-690x918.jpg 690w\" sizes=\"(max-width: 768px) 100vw, 768px\" \/><\/div><div class=\"vc_col-sm-6 vc_col-md-4 vc_col-md-offset-1 people-story-slider__slider__item__content-wrap\"><div class=\"people-story-slider__slider__item__content\"><span class=\"h4\">Iwona, Kierownik Dzia\u0142u Logistyki<\/span><p>Odpowiedzialno\u015b\u0107 za logistyk\u0119 wewn\u0119trzn\u0105 i infrastruktur\u0119 techniczn\u0105 sklepu to bardzo wymagaj\u0105ce zadanie. Dlatego w naszym zespole tak wa\u017cna jest zorganizowana wsp\u00f3\u0142praca. Razem dbamy o to, aby procesy przebiega\u0142y bez zak\u0142\u00f3ce\u0144. To wspania\u0142e do\u015bwiadczenie.  <\/p>\n<div class=\"people-story-slider__slider__item__pagination\"><button class=\"slick-prev slick-arrow\" aria-label=\"Poprzedni\" type=\"button\">Poprzedni<\/button><button class=\"slick-next slick-arrow\" aria-label=\"Nast\u0119pny\" type=\"button\">Nast\u0119pny<\/button><\/div><\/div><\/div><\/div><\/div><\/div><div class=\"people-story-slider__pagination\"><button class=\"slick-prev slick-arrow\" aria-label=\"Poprzedni\" type=\"button\">Poprzedni<\/button><button class=\"slick-next slick-arrow\" aria-label=\"Nast\u0119pny\" type=\"button\">Nast\u0119pny<\/button><\/div><\/div><\/div>[\/vc_column][\/vc_row][vc_row bwd_tbc4vd_show_weekday=&#8221;&#8221; full_width=&#8221;stretch_row_content_no_spaces&#8221;][vc_column]\n        <div class=\"headlines headlines--center\" data-aos=\"fade-up\">\n            <div class=\"vc_row\">\n                <div class=\"vc_col-md-10 vc_col-md-offset-1 vc_col-lg-10 vc_col-lg-offset-1\"><h2 class=\"h2\">Twoja kariera w VAN GRAAF<\/h2><\/div>\n            <\/div>\n        <\/div>[vc_row_inner bwd_tbc4vd_show_weekday=&#8221;&#8221; row_design=&#8221;row_square_background&#8221;][vc_column_inner width=&#8221;1\/3&#8243;]<div class=\"vg-element cta-teaser cta-teaser--center\" data-aos=\"fade-up\"><div class=\"cta-teaser__image\"><a class=\"\" href=\"https:\/\/www.vangraaf.com\/pl\/kariera\/kontakt\/\" target=\"_self\" rel=\"\" style=\"\"><img loading=\"lazy\" decoding=\"async\" width=\"380\" height=\"254\" src=\"https:\/\/www.vangraaf.com\/pl\/wp-content\/uploads\/sites\/10\/2022\/03\/Foto_Anna-Czuprynska.jpg\" class=\"vc_single_image-img attachment-full\" alt=\"\" title=\"Anna Czuprynska\" srcset=\"https:\/\/www.vangraaf.com\/pl\/wp-content\/uploads\/sites\/10\/2022\/03\/Foto_Anna-Czuprynska.jpg 380w, https:\/\/www.vangraaf.com\/pl\/wp-content\/uploads\/sites\/10\/2022\/03\/Foto_Anna-Czuprynska-300x201.jpg 300w\" sizes=\"(max-width: 380px) 100vw, 380px\" \/><\/a><\/div><div class=\"cta-teaser__text\"><h3>Kontakt<\/h3><p>Masz pytania dotycz\u0105ce rozpocz\u0119cia pracy w VAN GRAAF? Skontaktuj si\u0119 bezpo\u015brednio z Ann\u0105: +48 22 222 1090<\/p><a class=\"button\" href=\"https:\/\/www.vangraaf.com\/pl\/kariera\/kontakt\/\" target=\"_self\" rel=\"\" style=\"\">Wy\u015blij wiadomo\u015b\u0107 e-mail<\/a><\/div><\/div>[\/vc_column_inner][vc_column_inner width=&#8221;1\/3&#8243;]<div class=\"vg-element cta-teaser cta-teaser--center\" data-aos=\"fade-up\"><div class=\"cta-teaser__image\"><a class=\"\" href=\"https:\/\/www.vangraaf.com\/pl\/kariera\/o-nas\/benefity\/\" target=\"_self\" rel=\"\" style=\"\"><img loading=\"lazy\" decoding=\"async\" width=\"380\" height=\"254\" src=\"https:\/\/www.vangraaf.com\/pl\/wp-content\/uploads\/sites\/10\/2022\/03\/M7_B_Wir_Headerbild_Gruppe_042-2.jpg\" class=\"vc_single_image-img attachment-full\" alt=\"\" title=\"Benefity_ser\" srcset=\"https:\/\/www.vangraaf.com\/pl\/wp-content\/uploads\/sites\/10\/2022\/03\/M7_B_Wir_Headerbild_Gruppe_042-2.jpg 380w, https:\/\/www.vangraaf.com\/pl\/wp-content\/uploads\/sites\/10\/2022\/03\/M7_B_Wir_Headerbild_Gruppe_042-2-300x201.jpg 300w\" sizes=\"(max-width: 380px) 100vw, 380px\" \/><\/a><\/div><div class=\"cta-teaser__text\"><h3>Benefity<\/h3><p>Sprawd\u017a, jakie benefity oferujemy! Dowiedz si\u0119 wi\u0119cej o korzy\u015bciach z pracy w VAN GRAAF.<\/p><a class=\"button\" href=\"https:\/\/www.vangraaf.com\/pl\/kariera\/o-nas\/benefity\/\" target=\"_self\" rel=\"\" style=\"\">Nasze benefity<\/a><\/div><\/div>[\/vc_column_inner][vc_column_inner width=&#8221;1\/3&#8243;]<div class=\"vg-element cta-teaser cta-teaser--center\" data-aos=\"fade-up\"><div class=\"cta-teaser__image\"><a class=\"\" href=\"https:\/\/www.vangraaf.com\/pl\/kariera\/kontakt\/\" target=\"_self\" rel=\"\" style=\"\"><img loading=\"lazy\" decoding=\"async\" width=\"380\" height=\"254\" src=\"https:\/\/www.vangraaf.com\/pl\/wp-content\/uploads\/sites\/10\/2022\/03\/Foto_Sylwia-Szymanska.jpg\" class=\"vc_single_image-img attachment-full\" alt=\"\" title=\"Sylwia Szymanska\" srcset=\"https:\/\/www.vangraaf.com\/pl\/wp-content\/uploads\/sites\/10\/2022\/03\/Foto_Sylwia-Szymanska.jpg 380w, https:\/\/www.vangraaf.com\/pl\/wp-content\/uploads\/sites\/10\/2022\/03\/Foto_Sylwia-Szymanska-300x201.jpg 300w\" sizes=\"(max-width: 380px) 100vw, 380px\" \/><\/a><\/div><div class=\"cta-teaser__text\"><h3>Kontakt<\/h3><p>Masz pytania dotycz\u0105ce rozpocz\u0119cia pracy w VAN GRAAF? Skontaktuj si\u0119 bezpo\u015brednio z Sylwi\u0105: +48 22 222 1092<\/p><a class=\"button\" href=\"https:\/\/www.vangraaf.com\/pl\/kariera\/kontakt\/\" target=\"_self\" rel=\"\" style=\"\">Wy\u015blij wiadomo\u015b\u0107 e-mail<\/a><\/div><\/div>[\/vc_column_inner][\/vc_row_inner][\/vc_column][\/vc_row]<\/div>","protected":false},"excerpt":{"rendered":"[vc_row bwd_tbc4vd_show_weekday=&#8221;&#8221; full_width=&#8221;stretch_row_content_no_spaces&#8221;][vc_column][vc_column_text] Lubisz, gdy wszystko dzia\u0142a jak w zegarku? Na stanowisku logistyka koordynujesz przep\u0142yw towar\u00f3w, dzi\u0119ki czemu sklep i klienci zawsze mog\u0105 liczy\u0107 na pe\u0142n\u0105 dost\u0119pno\u015b\u0107 asortymentu. Sprawd\u017a aktualn\u0105 ofert\u0119 naszego Dzia\u0142u Logistyki. Czekaj\u0105 na Ciebie ciekawe wyzwania i mo\u017cliwo\u015b\u0107 rozwoju zawodowego! [\/vc_column_text][vc_column_text] Logistyk Pracuj\u0105c w obszarze logistyki wewn\u0119trznej w naszym magazynie sklepowym, przyczyniasz [&hellip;]","protected":false},"author":6,"featured_media":0,"parent":513,"menu_order":0,"comment_status":"closed","ping_status":"closed","template":"","meta":{"_acf_changed":false,"inline_featured_image":false,"footnotes":""},"class_list":["post-523","page","type-page","status-publish","hentry"],"acf":[],"yoast_head":"<!-- This site is optimized with the Yoast SEO plugin v27.2 - https:\/\/yoast.com\/product\/yoast-seo-wordpress\/ -->\n<title>Logistyk praca \u2013 sprawd\u017a ofert\u0119 pracy w VAN GRAAF<\/title>\n<meta name=\"description\" content=\"Praca jako logistyk to propozycja dla fachowc\u00f3w. Je\u015bli szukasz takiego zaj\u0119cia, sprawd\u017a ofert\u0119 pracy na stanowisku technik \/ logistyk w VAN GRAAF!\" \/>\n<meta name=\"robots\" content=\"index, follow, max-snippet:-1, max-image-preview:large, max-video-preview:-1\" \/>\n<link rel=\"canonical\" href=\"https:\/\/www.vangraaf.com\/pl\/kariera\/praca-i-kariera\/dzial-logistyki\/\" \/>\n<meta property=\"og:locale\" content=\"pl_PL\" \/>\n<meta property=\"og:type\" content=\"article\" \/>\n<meta property=\"og:title\" content=\"Logistyk praca \u2013 sprawd\u017a ofert\u0119 pracy w VAN GRAAF\" \/>\n<meta property=\"og:description\" content=\"Praca jako logistyk to propozycja dla fachowc\u00f3w. Je\u015bli szukasz takiego zaj\u0119cia, sprawd\u017a ofert\u0119 pracy na stanowisku technik \/ logistyk w VAN GRAAF!\" \/>\n<meta property=\"og:url\" content=\"https:\/\/www.vangraaf.com\/pl\/kariera\/praca-i-kariera\/dzial-logistyki\/\" \/>\n<meta property=\"og:site_name\" content=\"VAN GRAAF Polska\" \/>\n<meta property=\"article:modified_time\" content=\"2025-10-06T13:20:49+00:00\" \/>\n<meta name=\"twitter:card\" content=\"summary_large_image\" \/>\n<meta name=\"twitter:label1\" content=\"Szacowany czas czytania\" \/>\n\t<meta name=\"twitter:data1\" content=\"4 minuty\" \/>\n<script type=\"application\/ld+json\" class=\"yoast-schema-graph\">{\"@context\":\"https:\/\/schema.org\",\"@graph\":[{\"@type\":\"WebPage\",\"@id\":\"https:\/\/www.vangraaf.com\/pl\/kariera\/praca-i-kariera\/dzial-logistyki\/\",\"url\":\"https:\/\/www.vangraaf.com\/pl\/kariera\/praca-i-kariera\/dzial-logistyki\/\",\"name\":\"Logistyk praca \u2013 sprawd\u017a ofert\u0119 pracy w VAN GRAAF\",\"isPartOf\":{\"@id\":\"https:\/\/www.vangraaf.com\/pl\/#website\"},\"datePublished\":\"2022-02-15T09:16:54+00:00\",\"dateModified\":\"2025-10-06T13:20:49+00:00\",\"description\":\"Praca jako logistyk to propozycja dla fachowc\u00f3w. Je\u015bli szukasz takiego zaj\u0119cia, sprawd\u017a ofert\u0119 pracy na stanowisku technik \/ logistyk w VAN GRAAF!\",\"breadcrumb\":{\"@id\":\"https:\/\/www.vangraaf.com\/pl\/kariera\/praca-i-kariera\/dzial-logistyki\/#breadcrumb\"},\"inLanguage\":\"pl-PL\",\"potentialAction\":[{\"@type\":\"ReadAction\",\"target\":[\"https:\/\/www.vangraaf.com\/pl\/kariera\/praca-i-kariera\/dzial-logistyki\/\"]}]},{\"@type\":\"BreadcrumbList\",\"@id\":\"https:\/\/www.vangraaf.com\/pl\/kariera\/praca-i-kariera\/dzial-logistyki\/#breadcrumb\",\"itemListElement\":[{\"@type\":\"ListItem\",\"position\":1,\"name\":\"Startseite\",\"item\":\"https:\/\/www.vangraaf.com\/pl\/\"},{\"@type\":\"ListItem\",\"position\":2,\"name\":\"Kariera\",\"item\":\"https:\/\/www.vangraaf.com\/pl\/kariera\/\"},{\"@type\":\"ListItem\",\"position\":3,\"name\":\"Praca i kariera\",\"item\":\"https:\/\/www.vangraaf.com\/pl\/kariera\/praca-i-kariera\/\"},{\"@type\":\"ListItem\",\"position\":4,\"name\":\"Dzia\u0142 Logistyki\"}]},{\"@type\":\"WebSite\",\"@id\":\"https:\/\/www.vangraaf.com\/pl\/#website\",\"url\":\"https:\/\/www.vangraaf.com\/pl\/\",\"name\":\"VAN GRAAF\",\"description\":\"VAN GRAAF\",\"potentialAction\":[{\"@type\":\"SearchAction\",\"target\":{\"@type\":\"EntryPoint\",\"urlTemplate\":\"https:\/\/www.vangraaf.com\/pl\/?s={search_term_string}\"},\"query-input\":{\"@type\":\"PropertyValueSpecification\",\"valueRequired\":true,\"valueName\":\"search_term_string\"}}],\"inLanguage\":\"pl-PL\"}]}<\/script>\n<!-- \/ Yoast SEO plugin. -->","yoast_head_json":{"title":"Logistyk praca \u2013 sprawd\u017a ofert\u0119 pracy w VAN GRAAF","description":"Praca jako logistyk to propozycja dla fachowc\u00f3w. Je\u015bli szukasz takiego zaj\u0119cia, sprawd\u017a ofert\u0119 pracy na stanowisku technik \/ logistyk w VAN GRAAF!","robots":{"index":"index","follow":"follow","max-snippet":"max-snippet:-1","max-image-preview":"max-image-preview:large","max-video-preview":"max-video-preview:-1"},"canonical":"https:\/\/www.vangraaf.com\/pl\/kariera\/praca-i-kariera\/dzial-logistyki\/","og_locale":"pl_PL","og_type":"article","og_title":"Logistyk praca \u2013 sprawd\u017a ofert\u0119 pracy w VAN GRAAF","og_description":"Praca jako logistyk to propozycja dla fachowc\u00f3w. Je\u015bli szukasz takiego zaj\u0119cia, sprawd\u017a ofert\u0119 pracy na stanowisku technik \/ logistyk w VAN GRAAF!","og_url":"https:\/\/www.vangraaf.com\/pl\/kariera\/praca-i-kariera\/dzial-logistyki\/","og_site_name":"VAN GRAAF Polska","article_modified_time":"2025-10-06T13:20:49+00:00","twitter_card":"summary_large_image","twitter_misc":{"Szacowany czas czytania":"4 minuty"},"schema":{"@context":"https:\/\/schema.org","@graph":[{"@type":"WebPage","@id":"https:\/\/www.vangraaf.com\/pl\/kariera\/praca-i-kariera\/dzial-logistyki\/","url":"https:\/\/www.vangraaf.com\/pl\/kariera\/praca-i-kariera\/dzial-logistyki\/","name":"Logistyk praca \u2013 sprawd\u017a ofert\u0119 pracy w VAN GRAAF","isPartOf":{"@id":"https:\/\/www.vangraaf.com\/pl\/#website"},"datePublished":"2022-02-15T09:16:54+00:00","dateModified":"2025-10-06T13:20:49+00:00","description":"Praca jako logistyk to propozycja dla fachowc\u00f3w. Je\u015bli szukasz takiego zaj\u0119cia, sprawd\u017a ofert\u0119 pracy na stanowisku technik \/ logistyk w VAN GRAAF!","breadcrumb":{"@id":"https:\/\/www.vangraaf.com\/pl\/kariera\/praca-i-kariera\/dzial-logistyki\/#breadcrumb"},"inLanguage":"pl-PL","potentialAction":[{"@type":"ReadAction","target":["https:\/\/www.vangraaf.com\/pl\/kariera\/praca-i-kariera\/dzial-logistyki\/"]}]},{"@type":"BreadcrumbList","@id":"https:\/\/www.vangraaf.com\/pl\/kariera\/praca-i-kariera\/dzial-logistyki\/#breadcrumb","itemListElement":[{"@type":"ListItem","position":1,"name":"Startseite","item":"https:\/\/www.vangraaf.com\/pl\/"},{"@type":"ListItem","position":2,"name":"Kariera","item":"https:\/\/www.vangraaf.com\/pl\/kariera\/"},{"@type":"ListItem","position":3,"name":"Praca i kariera","item":"https:\/\/www.vangraaf.com\/pl\/kariera\/praca-i-kariera\/"},{"@type":"ListItem","position":4,"name":"Dzia\u0142 Logistyki"}]},{"@type":"WebSite","@id":"https:\/\/www.vangraaf.com\/pl\/#website","url":"https:\/\/www.vangraaf.com\/pl\/","name":"VAN GRAAF","description":"VAN GRAAF","potentialAction":[{"@type":"SearchAction","target":{"@type":"EntryPoint","urlTemplate":"https:\/\/www.vangraaf.com\/pl\/?s={search_term_string}"},"query-input":{"@type":"PropertyValueSpecification","valueRequired":true,"valueName":"search_term_string"}}],"inLanguage":"pl-PL"}]}},"_links":{"self":[{"href":"https:\/\/www.vangraaf.com\/pl\/wp-json\/wp\/v2\/pages\/523","targetHints":{"allow":["GET"]}}],"collection":[{"href":"https:\/\/www.vangraaf.com\/pl\/wp-json\/wp\/v2\/pages"}],"about":[{"href":"https:\/\/www.vangraaf.com\/pl\/wp-json\/wp\/v2\/types\/page"}],"author":[{"embeddable":true,"href":"https:\/\/www.vangraaf.com\/pl\/wp-json\/wp\/v2\/users\/6"}],"replies":[{"embeddable":true,"href":"https:\/\/www.vangraaf.com\/pl\/wp-json\/wp\/v2\/comments?post=523"}],"version-history":[{"count":22,"href":"https:\/\/www.vangraaf.com\/pl\/wp-json\/wp\/v2\/pages\/523\/revisions"}],"predecessor-version":[{"id":1300,"href":"https:\/\/www.vangraaf.com\/pl\/wp-json\/wp\/v2\/pages\/523\/revisions\/1300"}],"up":[{"embeddable":true,"href":"https:\/\/www.vangraaf.com\/pl\/wp-json\/wp\/v2\/pages\/513"}],"wp:attachment":[{"href":"https:\/\/www.vangraaf.com\/pl\/wp-json\/wp\/v2\/media?parent=523"}],"curies":[{"name":"wp","href":"https:\/\/api.w.org\/{rel}","templated":true}]}}