{"id":521,"date":"2022-02-15T10:16:22","date_gmt":"2022-02-15T09:16:22","guid":{"rendered":"https:\/\/www.vangraaf.com\/pl\/?page_id=521"},"modified":"2025-10-06T15:09:05","modified_gmt":"2025-10-06T13:09:05","slug":"dzial-dekoracji","status":"publish","type":"page","link":"https:\/\/www.vangraaf.com\/pl\/kariera\/praca-i-kariera\/dzial-dekoracji\/","title":{"rendered":"Dzia\u0142 Dekoracji"},"content":{"rendered":"<div class=\"wpb-content-wrapper\">[vc_row bwd_tbc4vd_show_weekday=&#8221;&#8221; full_width=&#8221;stretch_row_content_no_spaces&#8221;][vc_column]<div class=\"keyvisual\" data-aos=\"fade-up\" ><img loading=\"lazy\" decoding=\"async\" width=\"1440\" height=\"480\" src=\"https:\/\/www.vangraaf.com\/pl\/wp-content\/uploads\/sites\/10\/2022\/03\/M4_C_Berufserfahrene_083.jpg\" class=\"vc_single_image-img\" alt=\"\" srcset=\"https:\/\/www.vangraaf.com\/pl\/wp-content\/uploads\/sites\/10\/2022\/03\/M4_C_Berufserfahrene_083.jpg 1440w, https:\/\/www.vangraaf.com\/pl\/wp-content\/uploads\/sites\/10\/2022\/03\/M4_C_Berufserfahrene_083-300x100.jpg 300w, https:\/\/www.vangraaf.com\/pl\/wp-content\/uploads\/sites\/10\/2022\/03\/M4_C_Berufserfahrene_083-1024x341.jpg 1024w, https:\/\/www.vangraaf.com\/pl\/wp-content\/uploads\/sites\/10\/2022\/03\/M4_C_Berufserfahrene_083-768x256.jpg 768w, https:\/\/www.vangraaf.com\/pl\/wp-content\/uploads\/sites\/10\/2022\/03\/M4_C_Berufserfahrene_083-1200x400.jpg 1200w, https:\/\/www.vangraaf.com\/pl\/wp-content\/uploads\/sites\/10\/2022\/03\/M4_C_Berufserfahrene_083-992x331.jpg 992w, https:\/\/www.vangraaf.com\/pl\/wp-content\/uploads\/sites\/10\/2022\/03\/M4_C_Berufserfahrene_083-480x160.jpg 480w, https:\/\/www.vangraaf.com\/pl\/wp-content\/uploads\/sites\/10\/2022\/03\/M4_C_Berufserfahrene_083-690x230.jpg 690w\" sizes=\"(max-width: 1440px) 100vw, 1440px\" \/><\/div>\n        <div class=\"headlines headlines--center\" data-aos=\"fade-up\">\n            <div class=\"vc_row\">\n                <div class=\"vc_col-md-10 vc_col-md-offset-1 vc_col-lg-10 vc_col-lg-offset-1\"><span class=\"h6\">Kreowanie fascynuj\u0105cego \u015bwiata mody<\/span><h1 class=\"h2\">Dzia\u0142 Dekoracji<\/h1><\/div>\n            <\/div>\n        <\/div>[vc_column_text]\r\n<p style=\"text-align: center\">Jeste\u015b osob\u0105 kreatywn\u0105, lubisz mod\u0119 i masz wyczucie stylu? Interesujesz si\u0119 aran\u017cacj\u0105 wn\u0119trz i masz zdolno\u015bci manualne? Zapraszamy do Dzia\u0142u Dekoracji, gdzie mo\u017cesz realizowa\u0107 swoje pomys\u0142y i wywiera\u0107 na naszych klientach niezapomniane wra\u017cenia. Oferujemy najlepsze mo\u017cliwo\u015bci rozpocz\u0119cia kariery i rozwoju zawodowego.<\/p>\r\n[\/vc_column_text][vc_column_text]\r\n<h3>Dekorator<\/h3>\r\nObowi\u0105zki <span class=\"nobr\">na tym stanowisku<\/span> obejmuj\u0105 umiej\u0119tn\u0105 prezentacj\u0119 stylizacji, <span class=\"nobr\">jak r\u00f3wnie\u017c<\/span> aran\u017cacj\u0119 witryn sklepowych <span class=\"nobr\">oraz sal sprzeda\u017cy<\/span> ciekawymi <span class=\"nobr\">i niepowtarzalnymi<\/span> dekoracjami. Jako dekorator dbasz <span class=\"nobr\">o odpowiedni\u0105<\/span> prezentacj\u0119 towaru <span class=\"nobr\">i wprowadzasz<\/span> naszych klient\u00f3w <span class=\"nobr\">w fascynuj\u0105cy<\/span> \u015bwiat mody. Realizujesz w\u0142asne <span class=\"nobr\">i przedstawione<\/span> koncepcje, wykazuj\u0105c <span class=\"nobr\">si\u0119 kreatywno\u015bci\u0105<\/span> <span class=\"nobr\">i zdolno\u015bciami<\/span> manualnymi.[\/vc_column_text][vc_column_text]\r\n<h3>Kierownik Dzia\u0142u Dekoracji<\/h3>\r\n<strong>Warszawa \/ Z\u0142ote Tarasy<\/strong>\r\nJe\u017celi masz do\u015bwiadczenie w dziedzinie visual merchandisingu oraz wiedz\u0119 handlow\u0105 mo\u017cesz rozpocz\u0105\u0107 prac\u0119 w VAN GRAAF jako Kierownik Dzia\u0142u Dekoracji. Wraz ze swoim zespo\u0142em wdra\u017casz kreatywne koncepcje i tworzysz inspiruj\u0105c\u0105 przestrze\u0144 zakupow\u0105, kt\u00f3ra zachwyca naszych klient\u00f3w. Swoj\u0105 pasj\u0119 przekazujesz zespo\u0142owi, kt\u00f3rego potencja\u0142 rozpoznajesz i rozwijasz indywidualnie. W ramach naszego programu Leadership Training oferujemy profesjonalne szkolenia z zakresu rozwoju kompetencji zawodowych i mened\u017cerskich.\r\n\r\n<a class=\"button button--primary\" href=\"https:\/\/www.vangraaf.com\/pl\/kariera\/praca-i-kariera\/oferty-pracy\/\">Aplikuj teraz<\/a>\r\n\r\nChcia\u0142(a)by\u015b pracowa\u0107 <span class=\"nobr\">w VAN GRAAF,<\/span> <span class=\"nobr\">ale nie ma aktualnie<\/span> ofert pracy, kt\u00f3re <span class=\"nobr\">s\u0105 dla Ciebie<\/span> interesuj\u0105ce? Wy\u015blij <span class=\"nobr\">do nas <a href=\"https:\/\/www.vangraaf.com\/pl\/kariera\/aplikacja\/\">aplikacj\u0119 spontaniczn\u0105<\/a>!<\/span> Mo\u017cliwe, <span class=\"nobr\">\u017ce ju\u017c jutro<\/span> pojawi <span class=\"nobr\">si\u0119 dla Ciebie<\/span> idealna oferta pracy <span class=\"nobr\">w jednym<\/span> <span class=\"nobr\">z naszych<\/span> sklep\u00f3w stacjonarnych.[\/vc_column_text][\/vc_column][\/vc_row][vc_row bwd_tbc4vd_show_weekday=&#8221;&#8221; full_width=&#8221;stretch_row_content_no_spaces&#8221;][vc_column]<div class=\"people-story-slider people-story-slider--dark\" style=\"--season-color: #ededed\" data-aos=\"fade-up\"><div class=\"content_wrap\"><div class=\"people-story-slider__slider js-people-story-slider\"><div class=\"people-story-slider__slider__item\"><div class=\"vc_row vc_row-flex\"><div class=\"vc_col-sm-6 people-story-slider__slider__item__image-wrap\"><img loading=\"lazy\" decoding=\"async\" width=\"768\" height=\"1022\" src=\"https:\/\/www.vangraaf.com\/pl\/wp-content\/uploads\/sites\/10\/2022\/03\/M10_D_Portraits_Buero_056.jpg\" class=\"attachment-full\" alt=\"\" title=\"Dekorator\" srcset=\"https:\/\/www.vangraaf.com\/pl\/wp-content\/uploads\/sites\/10\/2022\/03\/M10_D_Portraits_Buero_056.jpg 768w, https:\/\/www.vangraaf.com\/pl\/wp-content\/uploads\/sites\/10\/2022\/03\/M10_D_Portraits_Buero_056-225x300.jpg 225w, https:\/\/www.vangraaf.com\/pl\/wp-content\/uploads\/sites\/10\/2022\/03\/M10_D_Portraits_Buero_056-480x639.jpg 480w, https:\/\/www.vangraaf.com\/pl\/wp-content\/uploads\/sites\/10\/2022\/03\/M10_D_Portraits_Buero_056-690x918.jpg 690w\" sizes=\"(max-width: 768px) 100vw, 768px\" \/><\/div><div class=\"vc_col-sm-6 vc_col-md-4 vc_col-md-offset-1 people-story-slider__slider__item__content-wrap\"><div class=\"people-story-slider__slider__item__content\"><span class=\"h4\">Ewa, Dekorator<\/span><p>Od zawsze wiedzia\u0142am, \u017ce chc\u0119 pracowa\u0107 kreatywnie i wykorzystywa\u0107 moje zdolno\u015bci manualne. Szczeg\u00f3lnie podoba mi si\u0119 to, \u017ce w VAN GRAAF mog\u0119 realizowa\u0107 w\u0142asne pomys\u0142y. Czuj\u0119 si\u0119 wyj\u0105tkowo za ka\u017cdym razem, gdy klienci chwal\u0105 dekoracje w naszym sklepie.<\/p>\n<div class=\"people-story-slider__slider__item__pagination\"><button class=\"slick-prev slick-arrow\" aria-label=\"Poprzedni\" type=\"button\">Poprzedni<\/button><button class=\"slick-next slick-arrow\" aria-label=\"Nast\u0119pny\" type=\"button\">Nast\u0119pny<\/button><\/div><\/div><\/div><\/div><\/div><div class=\"people-story-slider__slider__item\"><div class=\"vc_row vc_row-flex\"><div class=\"vc_col-sm-6 people-story-slider__slider__item__image-wrap\"><img loading=\"lazy\" decoding=\"async\" width=\"768\" height=\"1022\" src=\"https:\/\/www.vangraaf.com\/pl\/wp-content\/uploads\/sites\/10\/2022\/03\/M10_E_Portraits_Buero_032.jpg\" class=\"attachment-full\" alt=\"\" title=\"Kierownik Dzia\u0142u Dekoracji\" srcset=\"https:\/\/www.vangraaf.com\/pl\/wp-content\/uploads\/sites\/10\/2022\/03\/M10_E_Portraits_Buero_032.jpg 768w, https:\/\/www.vangraaf.com\/pl\/wp-content\/uploads\/sites\/10\/2022\/03\/M10_E_Portraits_Buero_032-225x300.jpg 225w, https:\/\/www.vangraaf.com\/pl\/wp-content\/uploads\/sites\/10\/2022\/03\/M10_E_Portraits_Buero_032-480x639.jpg 480w, https:\/\/www.vangraaf.com\/pl\/wp-content\/uploads\/sites\/10\/2022\/03\/M10_E_Portraits_Buero_032-690x918.jpg 690w\" sizes=\"(max-width: 768px) 100vw, 768px\" \/><\/div><div class=\"vc_col-sm-6 vc_col-md-4 vc_col-md-offset-1 people-story-slider__slider__item__content-wrap\"><div class=\"people-story-slider__slider__item__content\"><span class=\"h4\">Aleksander, Kierownik Dzia\u0142u Dekoracji <\/span><p>Obj\u0119cie stanowiska kierowniczego w dziale dekoracji by\u0142o dla mnie fascynuj\u0105cym do\u015bwiadczeniem, do kt\u00f3rego zosta\u0142em dobrze przygotowany w VAN GRAAF. Lubi\u0119 wciela\u0107 w \u017cycie kreatywne pomys\u0142y. Ekscytuje mnie dostrzeganie i promowanie talent\u00f3w. <\/p>\n<div class=\"people-story-slider__slider__item__pagination\"><button class=\"slick-prev slick-arrow\" aria-label=\"Poprzedni\" type=\"button\">Poprzedni<\/button><button class=\"slick-next slick-arrow\" aria-label=\"Nast\u0119pny\" type=\"button\">Nast\u0119pny<\/button><\/div><\/div><\/div><\/div><\/div><\/div><div class=\"people-story-slider__pagination\"><button class=\"slick-prev slick-arrow\" aria-label=\"Poprzedni\" type=\"button\">Poprzedni<\/button><button class=\"slick-next slick-arrow\" aria-label=\"Nast\u0119pny\" type=\"button\">Nast\u0119pny<\/button><\/div><\/div><\/div>[\/vc_column][\/vc_row][vc_row bwd_tbc4vd_show_weekday=&#8221;&#8221; full_width=&#8221;stretch_row_content_no_spaces&#8221;][vc_column]\n        <div class=\"headlines headlines--center\" data-aos=\"fade-up\">\n            <div class=\"vc_row\">\n                <div class=\"vc_col-md-10 vc_col-md-offset-1 vc_col-lg-10 vc_col-lg-offset-1\"><h2 class=\"h2\">Twoja kariera w VAN GRAAF<\/h2><\/div>\n            <\/div>\n        <\/div>[vc_row_inner bwd_tbc4vd_show_weekday=&#8221;&#8221; row_design=&#8221;row_square_background&#8221;][vc_column_inner width=&#8221;1\/3&#8243;]<div class=\"vg-element cta-teaser cta-teaser--center\" data-aos=\"fade-up\"><div class=\"cta-teaser__image\"><a class=\"\" href=\"https:\/\/www.vangraaf.com\/pl\/kariera\/kontakt\/\" target=\"_self\" rel=\"\" style=\"\"><img loading=\"lazy\" decoding=\"async\" width=\"380\" height=\"254\" src=\"https:\/\/www.vangraaf.com\/pl\/wp-content\/uploads\/sites\/10\/2022\/03\/Foto_Anna-Czuprynska.jpg\" class=\"vc_single_image-img attachment-full\" alt=\"\" title=\"Anna Czuprynska\" srcset=\"https:\/\/www.vangraaf.com\/pl\/wp-content\/uploads\/sites\/10\/2022\/03\/Foto_Anna-Czuprynska.jpg 380w, https:\/\/www.vangraaf.com\/pl\/wp-content\/uploads\/sites\/10\/2022\/03\/Foto_Anna-Czuprynska-300x201.jpg 300w\" sizes=\"(max-width: 380px) 100vw, 380px\" \/><\/a><\/div><div class=\"cta-teaser__text\"><h3>Kontakt<\/h3><p>Masz pytania dotycz\u0105ce rozpocz\u0119cia pracy w VAN GRAAF? Skontaktuj si\u0119 bezpo\u015brednio z Ann\u0105: +48 22 222 1090<\/p><a class=\"button\" href=\"https:\/\/www.vangraaf.com\/pl\/kariera\/kontakt\/\" target=\"_self\" rel=\"\" style=\"\">Wy\u015blij&shy; wiadomo\u015b\u0107 e-mail<\/a><\/div><\/div>[\/vc_column_inner][vc_column_inner width=&#8221;1\/3&#8243;]<div class=\"vg-element cta-teaser cta-teaser--center\" data-aos=\"fade-up\"><div class=\"cta-teaser__image\"><a class=\"\" href=\"https:\/\/www.vangraaf.com\/pl\/kariera\/o-nas\/wspolpraca\/\" target=\"_self\" rel=\"\" style=\"\"><img loading=\"lazy\" decoding=\"async\" width=\"380\" height=\"254\" src=\"https:\/\/www.vangraaf.com\/pl\/wp-content\/uploads\/sites\/10\/2022\/03\/M7_D_Wir_Headerbild_Gruppe_030-2.jpg\" class=\"vc_single_image-img attachment-full\" alt=\"\" title=\"O nas_ser\" srcset=\"https:\/\/www.vangraaf.com\/pl\/wp-content\/uploads\/sites\/10\/2022\/03\/M7_D_Wir_Headerbild_Gruppe_030-2.jpg 380w, https:\/\/www.vangraaf.com\/pl\/wp-content\/uploads\/sites\/10\/2022\/03\/M7_D_Wir_Headerbild_Gruppe_030-2-300x201.jpg 300w\" sizes=\"(max-width: 380px) 100vw, 380px\" \/><\/a><\/div><div class=\"cta-teaser__text\"><h3>Wsp\u00f3\u0142praca<\/h3><p>\u0141\u0105czy nas zami\u0142owanie do mody i ludzi. Dowiedz si\u0119 wi\u0119cej o kulturze pracy w VAN GRAAF.<\/p><a class=\"button\" href=\"https:\/\/www.vangraaf.com\/pl\/kariera\/o-nas\/wspolpraca\/\" target=\"_self\" rel=\"\" style=\"\">Dowiedz&shy; si\u0119 wi\u0119cej<\/a><\/div><\/div>[\/vc_column_inner][vc_column_inner width=&#8221;1\/3&#8243;]<div class=\"vg-element cta-teaser cta-teaser--center\" data-aos=\"fade-up\"><div class=\"cta-teaser__image\"><a class=\"\" href=\"https:\/\/www.vangraaf.com\/pl\/kariera\/kontakt\/\" target=\"_self\" rel=\"\" style=\"\"><img loading=\"lazy\" decoding=\"async\" width=\"380\" height=\"254\" src=\"https:\/\/www.vangraaf.com\/pl\/wp-content\/uploads\/sites\/10\/2022\/03\/Foto_Sylwia-Szymanska.jpg\" class=\"vc_single_image-img attachment-full\" alt=\"\" title=\"Sylwia Szymanska\" srcset=\"https:\/\/www.vangraaf.com\/pl\/wp-content\/uploads\/sites\/10\/2022\/03\/Foto_Sylwia-Szymanska.jpg 380w, https:\/\/www.vangraaf.com\/pl\/wp-content\/uploads\/sites\/10\/2022\/03\/Foto_Sylwia-Szymanska-300x201.jpg 300w\" sizes=\"(max-width: 380px) 100vw, 380px\" \/><\/a><\/div><div class=\"cta-teaser__text\"><h3>Kontakt<\/h3><p>Masz pytania dotycz\u0105ce rozpocz\u0119cia pracy w VAN GRAAF? Skontaktuj si\u0119 bezpo\u015brednio z Sylwi\u0105: +48 22 222 1092<\/p><a class=\"button\" href=\"https:\/\/www.vangraaf.com\/pl\/kariera\/kontakt\/\" target=\"_self\" rel=\"\" style=\"\">Wy\u015blij&shy; wiadomo\u015b\u0107 e-mail<\/a><\/div><\/div>[\/vc_column_inner][\/vc_row_inner][\/vc_column][\/vc_row]<\/div>","protected":false},"excerpt":{"rendered":"[vc_row bwd_tbc4vd_show_weekday=&#8221;&#8221; full_width=&#8221;stretch_row_content_no_spaces&#8221;][vc_column][vc_column_text] Jeste\u015b osob\u0105 kreatywn\u0105, lubisz mod\u0119 i masz wyczucie stylu? Interesujesz si\u0119 aran\u017cacj\u0105 wn\u0119trz i masz zdolno\u015bci manualne? Zapraszamy do Dzia\u0142u Dekoracji, gdzie mo\u017cesz realizowa\u0107 swoje pomys\u0142y i wywiera\u0107 na naszych klientach niezapomniane wra\u017cenia. Oferujemy najlepsze mo\u017cliwo\u015bci rozpocz\u0119cia kariery i rozwoju zawodowego. [\/vc_column_text][vc_column_text] Dekorator Obowi\u0105zki na tym stanowisku obejmuj\u0105 umiej\u0119tn\u0105 prezentacj\u0119 stylizacji, jak [&hellip;]","protected":false},"author":6,"featured_media":0,"parent":513,"menu_order":0,"comment_status":"closed","ping_status":"closed","template":"","meta":{"_acf_changed":false,"inline_featured_image":false,"footnotes":""},"class_list":["post-521","page","type-page","status-publish","hentry"],"acf":[],"yoast_head":"<!-- This site is optimized with the Yoast SEO plugin v27.2 - https:\/\/yoast.com\/product\/yoast-seo-wordpress\/ -->\n<title>Praca w Dziale Dekoracji w VAN GRAAF<\/title>\n<meta name=\"description\" content=\"Masz kreatywne pomys\u0142y i uwielbiasz mod\u0119? Rozpocznij swoj\u0105 karier\u0119 w Dziale Dekoracji w VAN GRAAF!\" \/>\n<meta name=\"robots\" content=\"index, follow, max-snippet:-1, max-image-preview:large, max-video-preview:-1\" \/>\n<link rel=\"canonical\" href=\"https:\/\/www.vangraaf.com\/pl\/kariera\/praca-i-kariera\/dzial-dekoracji\/\" \/>\n<meta property=\"og:locale\" content=\"pl_PL\" \/>\n<meta property=\"og:type\" content=\"article\" \/>\n<meta property=\"og:title\" content=\"Praca w Dziale Dekoracji w VAN GRAAF\" \/>\n<meta property=\"og:description\" content=\"Masz kreatywne pomys\u0142y i uwielbiasz mod\u0119? Rozpocznij swoj\u0105 karier\u0119 w Dziale Dekoracji w VAN GRAAF!\" \/>\n<meta property=\"og:url\" content=\"https:\/\/www.vangraaf.com\/pl\/kariera\/praca-i-kariera\/dzial-dekoracji\/\" \/>\n<meta property=\"og:site_name\" content=\"VAN GRAAF Polska\" \/>\n<meta property=\"article:modified_time\" content=\"2025-10-06T13:09:05+00:00\" \/>\n<meta name=\"twitter:card\" content=\"summary_large_image\" \/>\n<meta name=\"twitter:label1\" content=\"Szacowany czas czytania\" \/>\n\t<meta name=\"twitter:data1\" content=\"3 minuty\" \/>\n<script type=\"application\/ld+json\" class=\"yoast-schema-graph\">{\"@context\":\"https:\/\/schema.org\",\"@graph\":[{\"@type\":\"WebPage\",\"@id\":\"https:\/\/www.vangraaf.com\/pl\/kariera\/praca-i-kariera\/dzial-dekoracji\/\",\"url\":\"https:\/\/www.vangraaf.com\/pl\/kariera\/praca-i-kariera\/dzial-dekoracji\/\",\"name\":\"Praca w Dziale Dekoracji w VAN GRAAF\",\"isPartOf\":{\"@id\":\"https:\/\/www.vangraaf.com\/pl\/#website\"},\"datePublished\":\"2022-02-15T09:16:22+00:00\",\"dateModified\":\"2025-10-06T13:09:05+00:00\",\"description\":\"Masz kreatywne pomys\u0142y i uwielbiasz mod\u0119? Rozpocznij swoj\u0105 karier\u0119 w Dziale Dekoracji w VAN GRAAF!\",\"breadcrumb\":{\"@id\":\"https:\/\/www.vangraaf.com\/pl\/kariera\/praca-i-kariera\/dzial-dekoracji\/#breadcrumb\"},\"inLanguage\":\"pl-PL\",\"potentialAction\":[{\"@type\":\"ReadAction\",\"target\":[\"https:\/\/www.vangraaf.com\/pl\/kariera\/praca-i-kariera\/dzial-dekoracji\/\"]}]},{\"@type\":\"BreadcrumbList\",\"@id\":\"https:\/\/www.vangraaf.com\/pl\/kariera\/praca-i-kariera\/dzial-dekoracji\/#breadcrumb\",\"itemListElement\":[{\"@type\":\"ListItem\",\"position\":1,\"name\":\"Startseite\",\"item\":\"https:\/\/www.vangraaf.com\/pl\/\"},{\"@type\":\"ListItem\",\"position\":2,\"name\":\"Kariera\",\"item\":\"https:\/\/www.vangraaf.com\/pl\/kariera\/\"},{\"@type\":\"ListItem\",\"position\":3,\"name\":\"Praca i kariera\",\"item\":\"https:\/\/www.vangraaf.com\/pl\/kariera\/praca-i-kariera\/\"},{\"@type\":\"ListItem\",\"position\":4,\"name\":\"Dzia\u0142 Dekoracji\"}]},{\"@type\":\"WebSite\",\"@id\":\"https:\/\/www.vangraaf.com\/pl\/#website\",\"url\":\"https:\/\/www.vangraaf.com\/pl\/\",\"name\":\"VAN GRAAF\",\"description\":\"VAN GRAAF\",\"potentialAction\":[{\"@type\":\"SearchAction\",\"target\":{\"@type\":\"EntryPoint\",\"urlTemplate\":\"https:\/\/www.vangraaf.com\/pl\/?s={search_term_string}\"},\"query-input\":{\"@type\":\"PropertyValueSpecification\",\"valueRequired\":true,\"valueName\":\"search_term_string\"}}],\"inLanguage\":\"pl-PL\"}]}<\/script>\n<!-- \/ Yoast SEO plugin. -->","yoast_head_json":{"title":"Praca w Dziale Dekoracji w VAN GRAAF","description":"Masz kreatywne pomys\u0142y i uwielbiasz mod\u0119? Rozpocznij swoj\u0105 karier\u0119 w Dziale Dekoracji w VAN GRAAF!","robots":{"index":"index","follow":"follow","max-snippet":"max-snippet:-1","max-image-preview":"max-image-preview:large","max-video-preview":"max-video-preview:-1"},"canonical":"https:\/\/www.vangraaf.com\/pl\/kariera\/praca-i-kariera\/dzial-dekoracji\/","og_locale":"pl_PL","og_type":"article","og_title":"Praca w Dziale Dekoracji w VAN GRAAF","og_description":"Masz kreatywne pomys\u0142y i uwielbiasz mod\u0119? Rozpocznij swoj\u0105 karier\u0119 w Dziale Dekoracji w VAN GRAAF!","og_url":"https:\/\/www.vangraaf.com\/pl\/kariera\/praca-i-kariera\/dzial-dekoracji\/","og_site_name":"VAN GRAAF Polska","article_modified_time":"2025-10-06T13:09:05+00:00","twitter_card":"summary_large_image","twitter_misc":{"Szacowany czas czytania":"3 minuty"},"schema":{"@context":"https:\/\/schema.org","@graph":[{"@type":"WebPage","@id":"https:\/\/www.vangraaf.com\/pl\/kariera\/praca-i-kariera\/dzial-dekoracji\/","url":"https:\/\/www.vangraaf.com\/pl\/kariera\/praca-i-kariera\/dzial-dekoracji\/","name":"Praca w Dziale Dekoracji w VAN GRAAF","isPartOf":{"@id":"https:\/\/www.vangraaf.com\/pl\/#website"},"datePublished":"2022-02-15T09:16:22+00:00","dateModified":"2025-10-06T13:09:05+00:00","description":"Masz kreatywne pomys\u0142y i uwielbiasz mod\u0119? Rozpocznij swoj\u0105 karier\u0119 w Dziale Dekoracji w VAN GRAAF!","breadcrumb":{"@id":"https:\/\/www.vangraaf.com\/pl\/kariera\/praca-i-kariera\/dzial-dekoracji\/#breadcrumb"},"inLanguage":"pl-PL","potentialAction":[{"@type":"ReadAction","target":["https:\/\/www.vangraaf.com\/pl\/kariera\/praca-i-kariera\/dzial-dekoracji\/"]}]},{"@type":"BreadcrumbList","@id":"https:\/\/www.vangraaf.com\/pl\/kariera\/praca-i-kariera\/dzial-dekoracji\/#breadcrumb","itemListElement":[{"@type":"ListItem","position":1,"name":"Startseite","item":"https:\/\/www.vangraaf.com\/pl\/"},{"@type":"ListItem","position":2,"name":"Kariera","item":"https:\/\/www.vangraaf.com\/pl\/kariera\/"},{"@type":"ListItem","position":3,"name":"Praca i kariera","item":"https:\/\/www.vangraaf.com\/pl\/kariera\/praca-i-kariera\/"},{"@type":"ListItem","position":4,"name":"Dzia\u0142 Dekoracji"}]},{"@type":"WebSite","@id":"https:\/\/www.vangraaf.com\/pl\/#website","url":"https:\/\/www.vangraaf.com\/pl\/","name":"VAN GRAAF","description":"VAN GRAAF","potentialAction":[{"@type":"SearchAction","target":{"@type":"EntryPoint","urlTemplate":"https:\/\/www.vangraaf.com\/pl\/?s={search_term_string}"},"query-input":{"@type":"PropertyValueSpecification","valueRequired":true,"valueName":"search_term_string"}}],"inLanguage":"pl-PL"}]}},"_links":{"self":[{"href":"https:\/\/www.vangraaf.com\/pl\/wp-json\/wp\/v2\/pages\/521","targetHints":{"allow":["GET"]}}],"collection":[{"href":"https:\/\/www.vangraaf.com\/pl\/wp-json\/wp\/v2\/pages"}],"about":[{"href":"https:\/\/www.vangraaf.com\/pl\/wp-json\/wp\/v2\/types\/page"}],"author":[{"embeddable":true,"href":"https:\/\/www.vangraaf.com\/pl\/wp-json\/wp\/v2\/users\/6"}],"replies":[{"embeddable":true,"href":"https:\/\/www.vangraaf.com\/pl\/wp-json\/wp\/v2\/comments?post=521"}],"version-history":[{"count":19,"href":"https:\/\/www.vangraaf.com\/pl\/wp-json\/wp\/v2\/pages\/521\/revisions"}],"predecessor-version":[{"id":1299,"href":"https:\/\/www.vangraaf.com\/pl\/wp-json\/wp\/v2\/pages\/521\/revisions\/1299"}],"up":[{"embeddable":true,"href":"https:\/\/www.vangraaf.com\/pl\/wp-json\/wp\/v2\/pages\/513"}],"wp:attachment":[{"href":"https:\/\/www.vangraaf.com\/pl\/wp-json\/wp\/v2\/media?parent=521"}],"curies":[{"name":"wp","href":"https:\/\/api.w.org\/{rel}","templated":true}]}}