{"id":519,"date":"2022-02-15T10:16:00","date_gmt":"2022-02-15T09:16:00","guid":{"rendered":"https:\/\/www.vangraaf.com\/pl\/?page_id=519"},"modified":"2025-10-06T15:05:50","modified_gmt":"2025-10-06T13:05:50","slug":"dzial-sprzedazy","status":"publish","type":"page","link":"https:\/\/www.vangraaf.com\/pl\/kariera\/praca-i-kariera\/dzial-sprzedazy\/","title":{"rendered":"Dzia\u0142 Sprzeda\u017cy"},"content":{"rendered":"<div class=\"wpb-content-wrapper\">[vc_row bwd_tbc4vd_show_weekday=&#8221;&#8221; full_width=&#8221;stretch_row_content_no_spaces&#8221;][vc_column]<div class=\"keyvisual\" data-aos=\"fade-up\" ><img loading=\"lazy\" decoding=\"async\" width=\"1440\" height=\"480\" src=\"https:\/\/www.vangraaf.com\/pl\/wp-content\/uploads\/sites\/10\/2022\/03\/M1_F_Schueler_Eltern_Lehrer_003.jpg\" class=\"vc_single_image-img\" alt=\"\" srcset=\"https:\/\/www.vangraaf.com\/pl\/wp-content\/uploads\/sites\/10\/2022\/03\/M1_F_Schueler_Eltern_Lehrer_003.jpg 1440w, https:\/\/www.vangraaf.com\/pl\/wp-content\/uploads\/sites\/10\/2022\/03\/M1_F_Schueler_Eltern_Lehrer_003-300x100.jpg 300w, https:\/\/www.vangraaf.com\/pl\/wp-content\/uploads\/sites\/10\/2022\/03\/M1_F_Schueler_Eltern_Lehrer_003-1024x341.jpg 1024w, https:\/\/www.vangraaf.com\/pl\/wp-content\/uploads\/sites\/10\/2022\/03\/M1_F_Schueler_Eltern_Lehrer_003-768x256.jpg 768w, https:\/\/www.vangraaf.com\/pl\/wp-content\/uploads\/sites\/10\/2022\/03\/M1_F_Schueler_Eltern_Lehrer_003-1200x400.jpg 1200w, https:\/\/www.vangraaf.com\/pl\/wp-content\/uploads\/sites\/10\/2022\/03\/M1_F_Schueler_Eltern_Lehrer_003-992x331.jpg 992w, https:\/\/www.vangraaf.com\/pl\/wp-content\/uploads\/sites\/10\/2022\/03\/M1_F_Schueler_Eltern_Lehrer_003-480x160.jpg 480w, https:\/\/www.vangraaf.com\/pl\/wp-content\/uploads\/sites\/10\/2022\/03\/M1_F_Schueler_Eltern_Lehrer_003-690x230.jpg 690w\" sizes=\"(max-width: 1440px) 100vw, 1440px\" \/><\/div>\n        <div class=\"headlines headlines--center\" data-aos=\"fade-up\">\n            <div class=\"vc_row\">\n                <div class=\"vc_col-md-10 vc_col-md-offset-1 vc_col-lg-10 vc_col-lg-offset-1\"><span class=\"h6\">WYJ\u0104TKOWE DO\u015aWIADCZENIA ZAKUPOWE<\/span><h1 class=\"h2\">Dzia\u0142 Sprzeda\u017cy<\/h1><\/div>\n            <\/div>\n        <\/div>[vc_column_text]\r\n<p style=\"text-align: center\">Lubisz mod\u0119 i kontakt z lud\u017ami? My tak\u017ce! Jako sprzedawca w naszym zespole dzielisz si\u0119 z klientami swoj\u0105 pasj\u0105 do\r\nmody i tworzysz wyj\u0105tkow\u0105 atmosfer\u0119 podczas zakup\u00f3w. Zapraszamy do Dzia\u0142u Sprzeda\u017cy, gdzie czekaj\u0105 na Ciebie\r\nciekawe wyzwania, a my oferujemy najlepsze mo\u017cliwo\u015bci rozwoju zawodowego.<\/p>\r\n[\/vc_column_text][vc_column_text]\r\n<h3>Sprzedawca<\/h3>\r\nObejmuj\u0105c stanowisko sprzedawcy, masz codzienny kontakt z naszymi klientami. Jako znawca bran\u017cy fashion zadbasz o stylizacje na ka\u017cd\u0105 okazj\u0119 i doradzisz w kwestii marek, trend\u00f3w oraz naszego asortymentu. Jako sprzedawca kompleksowo obs\u0142uguj\u0105cy klienta towarzyszysz mu na ka\u017cdym etapie zakup\u00f3w \u2013 od powitania po finalizacj\u0119 transakcji \u2013 oraz informujesz o dost\u0119pnych korzy\u015bciach, takich jak aplikacja VAN GRAAF, karta klienta i Friends CLUB.[\/vc_column_text]\n        <div class=\"headlines headlines--center\" data-aos=\"fade-up\">\n            <div class=\"vc_row\">\n                <div class=\"vc_col-md-10 vc_col-md-offset-1 vc_col-lg-10 vc_col-lg-offset-1\"><h2 class=\"h2\">Stanowiska kierownicze w VAN GRAAF<\/h2><\/div>\n            <\/div>\n        <\/div>[vc_column_text]Chcesz pracowa\u0107 w bran\u017cy fashion, dzieli\u0107 si\u0119 swoj\u0105 pasj\u0105 i kierowa\u0107 zespo\u0142em? Aplikuj na stanowisko Junior Store Managera, Floor Managera oraz Deputy Floor Managera! To oferta dedykowana osobom z do\u015bwiadczeniem na stanowisku kierowniczym. W VAN GRAAF postawimy na Tw\u00f3j dalszy rozw\u00f3j osobisty i zawodowy. Czeka na Ciebie zesp\u00f3\u0142 zaanga\u017cowanych pracownik\u00f3w, kt\u00f3rych potencja\u0142 mo\u017cesz wykorzysta\u0107 i jednocze\u015bnie indywidualnie si\u0119 rozwija\u0107.[\/vc_column_text][vc_column_text]\r\n<h3>Floor Manager<\/h3>\r\nNa stanowisku Floor Managera odpowiadasz za codzienne motywowanie i anga\u017cowanie zespo\u0142u, tworz\u0105c inspiruj\u0105ce \u015brodowisko pracy. Analizujesz wyniki sprzeda\u017cy, obserwujesz aktualne trendy modowe i przekazujesz swoje rekomendacje do Dzia\u0142u Zakup\u00f3w. Blisko wsp\u00f3\u0142pracujesz ze Store Managerem oraz zespo\u0142ami Dekoracji i Logistyki, wsp\u00f3lnie dbaj\u0105c o optymalne funkcjonowanie sklepu i najwy\u017csz\u0105 jako\u015b\u0107 obs\u0142ugi klienta.[\/vc_column_text][vc_column_text]\r\n<h3>Deputy Floor Manager<\/h3>\r\nMasz do\u015bwiadczenie w zarz\u0105dzaniu zespo\u0142em i pasjonujesz si\u0119 mod\u0105? Do\u0142\u0105cz do nas jako Deputy Floor Manager! Na tym stanowisku wsp\u00f3\u0142tworzysz wyj\u0105tkowe do\u015bwiadczenia zakupowe, wspierasz kierownictwo w codziennym prowadzeniu sklepu i aktywnie przyczyniasz si\u0119 do realizacji cel\u00f3w sprzeda\u017cowych. Zapewniamy Ci wsparcie w dalszym rozwoju zawodowym i osobistym \u2013 razem zadbamy o Tw\u00f3j kolejny krok w karierze.[\/vc_column_text][vc_column_text]\r\n<h3>Perspektywy rozwoju zawodowego w VAN GRAAF<\/h3>\r\nW VAN GRAAF czeka na Ciebie wachlarz mo\u017cliwo\u015bci rozwoju \u2013 zar\u00f3wno zawodowego, jak i osobistego. Dzi\u0119ki naszym r\u00f3\u017cnorodnym programom szkoleniowym mo\u017cesz systematycznie poszerza\u0107 swoje kompetencje i przygotowa\u0107 si\u0119 do obj\u0119cia bardziej odpowiedzialnych funkcji. Je\u015bli sprawdzisz si\u0119 na stanowisku Floor Managera i masz odpowiednie kwalifikacje, otwieramy przed Tob\u0105 perspektyw\u0119 dalszego rozwoju \u2013 na przyk\u0142ad jako Junior Store Manager lub Store Manager w jednym z naszych sklep\u00f3w stacjonarnych. \u0141\u0105czy nas zami\u0142owanie do mody i ludzi. Podziel nasz\u0105 pasj\u0119, do\u0142\u0105cz do nas![\/vc_column_text][vc_column_text]<a class=\"button button--primary\" href=\"https:\/\/www.vangraaf.com\/pl\/kariera\/o-nas\/rozwoj-zawodowy\/\">Aplikuj teraz<\/a>[\/vc_column_text][vc_column_text]Chcia\u0142(a)by\u015b pracowa\u0107 <span class=\"nobr\">w VAN GRAAF,<\/span> <span class=\"nobr\">ale nie ma aktualnie<\/span> ofert pracy, kt\u00f3re <span class=\"nobr\">s\u0105 dla Ciebie<\/span> interesuj\u0105ce? Wy\u015blij <span class=\"nobr\">do nas <a href=\"https:\/\/www.vangraaf.com\/pl\/kariera\/aplikacja\/\">aplikacj\u0119<\/a><\/span> spontaniczn\u0105! Mo\u017cliwe, <span class=\"nobr\">\u017ce ju\u017c jutro<\/span> pojawi <span class=\"nobr\">si\u0119 dla Ciebie<\/span> idealna oferta pracy <span class=\"nobr\">w jednym<\/span> <span class=\"nobr\">z naszych<\/span> sklep\u00f3w stacjonarnych.[\/vc_column_text][\/vc_column][\/vc_row][vc_row bwd_tbc4vd_show_weekday=&#8221;&#8221; full_width=&#8221;stretch_row_content_no_spaces&#8221;][vc_column]<div class=\"people-story-slider people-story-slider--dark\" style=\"--season-color: #ededed\" data-aos=\"fade-up\"><div class=\"content_wrap\"><div class=\"people-story-slider__slider js-people-story-slider\"><div class=\"people-story-slider__slider__item\"><div class=\"vc_row vc_row-flex\"><div class=\"vc_col-sm-6 people-story-slider__slider__item__image-wrap\"><img loading=\"lazy\" decoding=\"async\" width=\"768\" height=\"1022\" src=\"https:\/\/www.vangraaf.com\/pl\/wp-content\/uploads\/sites\/10\/2022\/03\/M3_A_Schueler_099-1.jpg\" class=\"attachment-full\" alt=\"\" title=\"Doradca klienta\" srcset=\"https:\/\/www.vangraaf.com\/pl\/wp-content\/uploads\/sites\/10\/2022\/03\/M3_A_Schueler_099-1.jpg 768w, https:\/\/www.vangraaf.com\/pl\/wp-content\/uploads\/sites\/10\/2022\/03\/M3_A_Schueler_099-1-225x300.jpg 225w, https:\/\/www.vangraaf.com\/pl\/wp-content\/uploads\/sites\/10\/2022\/03\/M3_A_Schueler_099-1-480x639.jpg 480w, https:\/\/www.vangraaf.com\/pl\/wp-content\/uploads\/sites\/10\/2022\/03\/M3_A_Schueler_099-1-690x918.jpg 690w\" sizes=\"(max-width: 768px) 100vw, 768px\" \/><\/div><div class=\"vc_col-sm-6 vc_col-md-4 vc_col-md-offset-1 people-story-slider__slider__item__content-wrap\"><div class=\"people-story-slider__slider__item__content\"><span class=\"h4\">Marcin, Doradca klienta<\/span><p>Zawsze chcia\u0142em pracowa\u0107 z markami premium, a jako osoba pocz\u0105tkuj\u0105ca w bran\u017cy fashion musia\u0142em si\u0119 jeszcze wiele nauczy\u0107. Szkolenie wdra\u017caj\u0105ce naprawd\u0119 przygotowa\u0142o mnie do moich zada\u0144 i szybko uda\u0142o mi si\u0119 podj\u0105\u0107 prac\u0119 w zespole. <\/p>\n<div class=\"people-story-slider__slider__item__pagination\"><button class=\"slick-prev slick-arrow\" aria-label=\"Poprzedni\" type=\"button\">Poprzedni<\/button><button class=\"slick-next slick-arrow\" aria-label=\"Nast\u0119pny\" type=\"button\">Nast\u0119pny<\/button><\/div><\/div><\/div><\/div><\/div><div class=\"people-story-slider__slider__item\"><div class=\"vc_row vc_row-flex\"><div class=\"vc_col-sm-6 people-story-slider__slider__item__image-wrap\"><img loading=\"lazy\" decoding=\"async\" width=\"768\" height=\"1022\" src=\"https:\/\/www.vangraaf.com\/pl\/wp-content\/uploads\/sites\/10\/2022\/03\/M7_B_Wir_Headerbild_Gruppe_034-2.jpg\" class=\"attachment-full\" alt=\"\" title=\"Kierownik Dzia\u0142u Sprzeda\u017cy\" srcset=\"https:\/\/www.vangraaf.com\/pl\/wp-content\/uploads\/sites\/10\/2022\/03\/M7_B_Wir_Headerbild_Gruppe_034-2.jpg 768w, https:\/\/www.vangraaf.com\/pl\/wp-content\/uploads\/sites\/10\/2022\/03\/M7_B_Wir_Headerbild_Gruppe_034-2-225x300.jpg 225w, https:\/\/www.vangraaf.com\/pl\/wp-content\/uploads\/sites\/10\/2022\/03\/M7_B_Wir_Headerbild_Gruppe_034-2-480x639.jpg 480w, https:\/\/www.vangraaf.com\/pl\/wp-content\/uploads\/sites\/10\/2022\/03\/M7_B_Wir_Headerbild_Gruppe_034-2-690x918.jpg 690w\" sizes=\"(max-width: 768px) 100vw, 768px\" \/><\/div><div class=\"vc_col-sm-6 vc_col-md-4 vc_col-md-offset-1 people-story-slider__slider__item__content-wrap\"><div class=\"people-story-slider__slider__item__content\"><span class=\"h4\">Agnieszka, Kierownik Dzia\u0142u Sprzeda\u017cy <\/span><p>Opr\u00f3cz pasji do mody moj\u0105 najwi\u0119ksz\u0105 motywacj\u0105 jest m\u00f3j zesp\u00f3\u0142. Pracujemy razem w r\u00f3\u017cnych dzia\u0142ach, dlatego niezwykle wa\u017cna jest dla nas mnie dobra komunikacja i wsp\u00f3\u0142praca w zespole, aby stale inspirowa\u0107 naszych klient\u00f3w.<\/p>\n<div class=\"people-story-slider__slider__item__pagination\"><button class=\"slick-prev slick-arrow\" aria-label=\"Poprzedni\" type=\"button\">Poprzedni<\/button><button class=\"slick-next slick-arrow\" aria-label=\"Nast\u0119pny\" type=\"button\">Nast\u0119pny<\/button><\/div><\/div><\/div><\/div><\/div><\/div><div class=\"people-story-slider__pagination\"><button class=\"slick-prev slick-arrow\" aria-label=\"Poprzedni\" type=\"button\">Poprzedni<\/button><button class=\"slick-next slick-arrow\" aria-label=\"Nast\u0119pny\" type=\"button\">Nast\u0119pny<\/button><\/div><\/div><\/div>[\/vc_column][\/vc_row][vc_row bwd_tbc4vd_show_weekday=&#8221;&#8221; full_width=&#8221;stretch_row_content_no_spaces&#8221;][vc_column]\n        <div class=\"headlines headlines--center\" data-aos=\"fade-up\">\n            <div class=\"vc_row\">\n                <div class=\"vc_col-md-10 vc_col-md-offset-1 vc_col-lg-10 vc_col-lg-offset-1\"><h2 class=\"h2\">Twoja kariera w VAN GRAAF<\/h2><\/div>\n            <\/div>\n        <\/div>[vc_row_inner bwd_tbc4vd_show_weekday=&#8221;&#8221; row_design=&#8221;row_square_background&#8221;][vc_column_inner width=&#8221;1\/3&#8243;]<div class=\"vg-element cta-teaser cta-teaser--center\" data-aos=\"fade-up\"><div class=\"cta-teaser__image\"><a class=\"\" href=\"https:\/\/www.vangraaf.com\/pl\/kariera\/kontakt\/\" target=\"_self\" rel=\"\" style=\"\"><img loading=\"lazy\" decoding=\"async\" width=\"380\" height=\"254\" src=\"https:\/\/www.vangraaf.com\/pl\/wp-content\/uploads\/sites\/10\/2022\/03\/Foto_Anna-Czuprynska.jpg\" class=\"vc_single_image-img attachment-full\" alt=\"\" title=\"Anna Czuprynska\" srcset=\"https:\/\/www.vangraaf.com\/pl\/wp-content\/uploads\/sites\/10\/2022\/03\/Foto_Anna-Czuprynska.jpg 380w, https:\/\/www.vangraaf.com\/pl\/wp-content\/uploads\/sites\/10\/2022\/03\/Foto_Anna-Czuprynska-300x201.jpg 300w\" sizes=\"(max-width: 380px) 100vw, 380px\" \/><\/a><\/div><div class=\"cta-teaser__text\"><h3>Kontakt<\/h3><p>Masz pytania dotycz\u0105ce rozpocz\u0119cia pracy w VAN GRAAF? Skontaktuj si\u0119 bezpo\u015brednio z Ann\u0105: +48 22 222 1090<\/p><a class=\"button\" href=\"https:\/\/www.vangraaf.com\/pl\/kariera\/kontakt\/\" target=\"_self\" rel=\"\" style=\"\">Wy\u015blij wiadomo\u015b\u0107&shy; e-mail<\/a><\/div><\/div>[\/vc_column_inner][vc_column_inner width=&#8221;1\/3&#8243;]<div class=\"vg-element cta-teaser cta-teaser--center\" data-aos=\"fade-up\"><div class=\"cta-teaser__image\"><a class=\"\" href=\"https:\/\/www.vangraaf.com\/pl\/kariera\/o-nas\/rozwoj-zawodowy\/\" target=\"_self\" rel=\"\" style=\"\"><img loading=\"lazy\" decoding=\"async\" width=\"380\" height=\"254\" src=\"https:\/\/www.vangraaf.com\/pl\/wp-content\/uploads\/sites\/10\/2022\/03\/M12_D_GRUPPE_PORTRAIT_TRAINER_025-2.jpg\" class=\"vc_single_image-img attachment-full\" alt=\"\" title=\"Rozwoj zawodowy_Service\" srcset=\"https:\/\/www.vangraaf.com\/pl\/wp-content\/uploads\/sites\/10\/2022\/03\/M12_D_GRUPPE_PORTRAIT_TRAINER_025-2.jpg 380w, https:\/\/www.vangraaf.com\/pl\/wp-content\/uploads\/sites\/10\/2022\/03\/M12_D_GRUPPE_PORTRAIT_TRAINER_025-2-300x201.jpg 300w\" sizes=\"(max-width: 380px) 100vw, 380px\" \/><\/a><\/div><div class=\"cta-teaser__text\"><h3>Rozw\u00f3j zawodowy<\/h3><p>Postaw na rozw\u00f3j zawodowy! Nasze programy szkoleniowe przygotuj\u0105 Ci\u0119 do pracy w VAN GRAAF.<\/p><a class=\"button\" href=\"https:\/\/www.vangraaf.com\/pl\/kariera\/o-nas\/rozwoj-zawodowy\/\" target=\"_self\" rel=\"\" style=\"\">Dowiedz&shy; si\u0119 wi\u0119cej<\/a><\/div><\/div>[\/vc_column_inner][vc_column_inner width=&#8221;1\/3&#8243;]<div class=\"vg-element cta-teaser cta-teaser--center\" data-aos=\"fade-up\"><div class=\"cta-teaser__image\"><a class=\"\" href=\"https:\/\/www.vangraaf.com\/pl\/kariera\/kontakt\/\" target=\"_self\" rel=\"\" style=\"\"><img loading=\"lazy\" decoding=\"async\" width=\"380\" height=\"254\" src=\"https:\/\/www.vangraaf.com\/pl\/wp-content\/uploads\/sites\/10\/2022\/03\/Foto_Sylwia-Szymanska.jpg\" class=\"vc_single_image-img attachment-full\" alt=\"\" title=\"Sylwia Szymanska\" srcset=\"https:\/\/www.vangraaf.com\/pl\/wp-content\/uploads\/sites\/10\/2022\/03\/Foto_Sylwia-Szymanska.jpg 380w, https:\/\/www.vangraaf.com\/pl\/wp-content\/uploads\/sites\/10\/2022\/03\/Foto_Sylwia-Szymanska-300x201.jpg 300w\" sizes=\"(max-width: 380px) 100vw, 380px\" \/><\/a><\/div><div class=\"cta-teaser__text\"><h3>Kontakt<\/h3><p>Masz pytania dotycz\u0105ce rozpocz\u0119cia pracy w VAN GRAAF? Skontaktuj si\u0119 bezpo\u015brednio z Sylwi\u0105: +48 22 222 1092<\/p><a class=\"button\" href=\"https:\/\/www.vangraaf.com\/pl\/kariera\/kontakt\/\" target=\"_self\" rel=\"\" style=\"\">Wy\u015blij wiadomo\u015b\u0107&shy; e-mail<\/a><\/div><\/div>[\/vc_column_inner][\/vc_row_inner][\/vc_column][\/vc_row]<\/div>","protected":false},"excerpt":{"rendered":"[vc_row bwd_tbc4vd_show_weekday=&#8221;&#8221; full_width=&#8221;stretch_row_content_no_spaces&#8221;][vc_column][vc_column_text] Lubisz mod\u0119 i kontakt z lud\u017ami? My tak\u017ce! Jako sprzedawca w naszym zespole dzielisz si\u0119 z klientami swoj\u0105 pasj\u0105 do mody i tworzysz wyj\u0105tkow\u0105 atmosfer\u0119 podczas zakup\u00f3w. Zapraszamy do Dzia\u0142u Sprzeda\u017cy, gdzie czekaj\u0105 na Ciebie ciekawe wyzwania, a my oferujemy najlepsze mo\u017cliwo\u015bci rozwoju zawodowego. [\/vc_column_text][vc_column_text] Sprzedawca Obejmuj\u0105c stanowisko sprzedawcy, masz codzienny kontakt [&hellip;]","protected":false},"author":6,"featured_media":0,"parent":513,"menu_order":0,"comment_status":"closed","ping_status":"closed","template":"","meta":{"_acf_changed":false,"inline_featured_image":false,"footnotes":""},"class_list":["post-519","page","type-page","status-publish","hentry"],"acf":[],"yoast_head":"<!-- This site is optimized with the Yoast SEO plugin v27.2 - https:\/\/yoast.com\/product\/yoast-seo-wordpress\/ -->\n<title>Praca kasjer \/ sprzedawca Warszawa \u2013 do\u0142\u0105cz do VAN GRAAF!<\/title>\n<meta name=\"description\" content=\"Poszukiwany kasjer \/ sprzedawca Warszawa! Uwielbiasz mod\u0119? Lubisz kontakt z lud\u017ami? Sprawd\u017a ofert\u0119: praca jako kasjer \/ sprzedawca Warszawa w VAN GRAAF!\" \/>\n<meta name=\"robots\" content=\"index, follow, max-snippet:-1, max-image-preview:large, max-video-preview:-1\" \/>\n<link rel=\"canonical\" href=\"https:\/\/www.vangraaf.com\/pl\/kariera\/praca-i-kariera\/dzial-sprzedazy\/\" \/>\n<meta property=\"og:locale\" content=\"pl_PL\" \/>\n<meta property=\"og:type\" content=\"article\" \/>\n<meta property=\"og:title\" content=\"Praca kasjer \/ sprzedawca Warszawa \u2013 do\u0142\u0105cz do VAN GRAAF!\" \/>\n<meta property=\"og:description\" content=\"Poszukiwany kasjer \/ sprzedawca Warszawa! Uwielbiasz mod\u0119? Lubisz kontakt z lud\u017ami? Sprawd\u017a ofert\u0119: praca jako kasjer \/ sprzedawca Warszawa w VAN GRAAF!\" \/>\n<meta property=\"og:url\" content=\"https:\/\/www.vangraaf.com\/pl\/kariera\/praca-i-kariera\/dzial-sprzedazy\/\" \/>\n<meta property=\"og:site_name\" content=\"VAN GRAAF Polska\" \/>\n<meta property=\"article:modified_time\" content=\"2025-10-06T13:05:50+00:00\" \/>\n<meta name=\"twitter:card\" content=\"summary_large_image\" \/>\n<meta name=\"twitter:label1\" content=\"Szacowany czas czytania\" \/>\n\t<meta name=\"twitter:data1\" content=\"4 minuty\" \/>\n<script type=\"application\/ld+json\" class=\"yoast-schema-graph\">{\"@context\":\"https:\/\/schema.org\",\"@graph\":[{\"@type\":\"WebPage\",\"@id\":\"https:\/\/www.vangraaf.com\/pl\/kariera\/praca-i-kariera\/dzial-sprzedazy\/\",\"url\":\"https:\/\/www.vangraaf.com\/pl\/kariera\/praca-i-kariera\/dzial-sprzedazy\/\",\"name\":\"Praca kasjer \/ sprzedawca Warszawa \u2013 do\u0142\u0105cz do VAN GRAAF!\",\"isPartOf\":{\"@id\":\"https:\/\/www.vangraaf.com\/pl\/#website\"},\"datePublished\":\"2022-02-15T09:16:00+00:00\",\"dateModified\":\"2025-10-06T13:05:50+00:00\",\"description\":\"Poszukiwany kasjer \/ sprzedawca Warszawa! Uwielbiasz mod\u0119? Lubisz kontakt z lud\u017ami? Sprawd\u017a ofert\u0119: praca jako kasjer \/ sprzedawca Warszawa w VAN GRAAF!\",\"breadcrumb\":{\"@id\":\"https:\/\/www.vangraaf.com\/pl\/kariera\/praca-i-kariera\/dzial-sprzedazy\/#breadcrumb\"},\"inLanguage\":\"pl-PL\",\"potentialAction\":[{\"@type\":\"ReadAction\",\"target\":[\"https:\/\/www.vangraaf.com\/pl\/kariera\/praca-i-kariera\/dzial-sprzedazy\/\"]}]},{\"@type\":\"BreadcrumbList\",\"@id\":\"https:\/\/www.vangraaf.com\/pl\/kariera\/praca-i-kariera\/dzial-sprzedazy\/#breadcrumb\",\"itemListElement\":[{\"@type\":\"ListItem\",\"position\":1,\"name\":\"Startseite\",\"item\":\"https:\/\/www.vangraaf.com\/pl\/\"},{\"@type\":\"ListItem\",\"position\":2,\"name\":\"Kariera\",\"item\":\"https:\/\/www.vangraaf.com\/pl\/kariera\/\"},{\"@type\":\"ListItem\",\"position\":3,\"name\":\"Praca i kariera\",\"item\":\"https:\/\/www.vangraaf.com\/pl\/kariera\/praca-i-kariera\/\"},{\"@type\":\"ListItem\",\"position\":4,\"name\":\"Dzia\u0142 Sprzeda\u017cy\"}]},{\"@type\":\"WebSite\",\"@id\":\"https:\/\/www.vangraaf.com\/pl\/#website\",\"url\":\"https:\/\/www.vangraaf.com\/pl\/\",\"name\":\"VAN GRAAF\",\"description\":\"VAN GRAAF\",\"potentialAction\":[{\"@type\":\"SearchAction\",\"target\":{\"@type\":\"EntryPoint\",\"urlTemplate\":\"https:\/\/www.vangraaf.com\/pl\/?s={search_term_string}\"},\"query-input\":{\"@type\":\"PropertyValueSpecification\",\"valueRequired\":true,\"valueName\":\"search_term_string\"}}],\"inLanguage\":\"pl-PL\"}]}<\/script>\n<!-- \/ Yoast SEO plugin. -->","yoast_head_json":{"title":"Praca kasjer \/ sprzedawca Warszawa \u2013 do\u0142\u0105cz do VAN GRAAF!","description":"Poszukiwany kasjer \/ sprzedawca Warszawa! Uwielbiasz mod\u0119? Lubisz kontakt z lud\u017ami? Sprawd\u017a ofert\u0119: praca jako kasjer \/ sprzedawca Warszawa w VAN GRAAF!","robots":{"index":"index","follow":"follow","max-snippet":"max-snippet:-1","max-image-preview":"max-image-preview:large","max-video-preview":"max-video-preview:-1"},"canonical":"https:\/\/www.vangraaf.com\/pl\/kariera\/praca-i-kariera\/dzial-sprzedazy\/","og_locale":"pl_PL","og_type":"article","og_title":"Praca kasjer \/ sprzedawca Warszawa \u2013 do\u0142\u0105cz do VAN GRAAF!","og_description":"Poszukiwany kasjer \/ sprzedawca Warszawa! Uwielbiasz mod\u0119? Lubisz kontakt z lud\u017ami? Sprawd\u017a ofert\u0119: praca jako kasjer \/ sprzedawca Warszawa w VAN GRAAF!","og_url":"https:\/\/www.vangraaf.com\/pl\/kariera\/praca-i-kariera\/dzial-sprzedazy\/","og_site_name":"VAN GRAAF Polska","article_modified_time":"2025-10-06T13:05:50+00:00","twitter_card":"summary_large_image","twitter_misc":{"Szacowany czas czytania":"4 minuty"},"schema":{"@context":"https:\/\/schema.org","@graph":[{"@type":"WebPage","@id":"https:\/\/www.vangraaf.com\/pl\/kariera\/praca-i-kariera\/dzial-sprzedazy\/","url":"https:\/\/www.vangraaf.com\/pl\/kariera\/praca-i-kariera\/dzial-sprzedazy\/","name":"Praca kasjer \/ sprzedawca Warszawa \u2013 do\u0142\u0105cz do VAN GRAAF!","isPartOf":{"@id":"https:\/\/www.vangraaf.com\/pl\/#website"},"datePublished":"2022-02-15T09:16:00+00:00","dateModified":"2025-10-06T13:05:50+00:00","description":"Poszukiwany kasjer \/ sprzedawca Warszawa! Uwielbiasz mod\u0119? Lubisz kontakt z lud\u017ami? Sprawd\u017a ofert\u0119: praca jako kasjer \/ sprzedawca Warszawa w VAN GRAAF!","breadcrumb":{"@id":"https:\/\/www.vangraaf.com\/pl\/kariera\/praca-i-kariera\/dzial-sprzedazy\/#breadcrumb"},"inLanguage":"pl-PL","potentialAction":[{"@type":"ReadAction","target":["https:\/\/www.vangraaf.com\/pl\/kariera\/praca-i-kariera\/dzial-sprzedazy\/"]}]},{"@type":"BreadcrumbList","@id":"https:\/\/www.vangraaf.com\/pl\/kariera\/praca-i-kariera\/dzial-sprzedazy\/#breadcrumb","itemListElement":[{"@type":"ListItem","position":1,"name":"Startseite","item":"https:\/\/www.vangraaf.com\/pl\/"},{"@type":"ListItem","position":2,"name":"Kariera","item":"https:\/\/www.vangraaf.com\/pl\/kariera\/"},{"@type":"ListItem","position":3,"name":"Praca i kariera","item":"https:\/\/www.vangraaf.com\/pl\/kariera\/praca-i-kariera\/"},{"@type":"ListItem","position":4,"name":"Dzia\u0142 Sprzeda\u017cy"}]},{"@type":"WebSite","@id":"https:\/\/www.vangraaf.com\/pl\/#website","url":"https:\/\/www.vangraaf.com\/pl\/","name":"VAN GRAAF","description":"VAN GRAAF","potentialAction":[{"@type":"SearchAction","target":{"@type":"EntryPoint","urlTemplate":"https:\/\/www.vangraaf.com\/pl\/?s={search_term_string}"},"query-input":{"@type":"PropertyValueSpecification","valueRequired":true,"valueName":"search_term_string"}}],"inLanguage":"pl-PL"}]}},"_links":{"self":[{"href":"https:\/\/www.vangraaf.com\/pl\/wp-json\/wp\/v2\/pages\/519","targetHints":{"allow":["GET"]}}],"collection":[{"href":"https:\/\/www.vangraaf.com\/pl\/wp-json\/wp\/v2\/pages"}],"about":[{"href":"https:\/\/www.vangraaf.com\/pl\/wp-json\/wp\/v2\/types\/page"}],"author":[{"embeddable":true,"href":"https:\/\/www.vangraaf.com\/pl\/wp-json\/wp\/v2\/users\/6"}],"replies":[{"embeddable":true,"href":"https:\/\/www.vangraaf.com\/pl\/wp-json\/wp\/v2\/comments?post=519"}],"version-history":[{"count":23,"href":"https:\/\/www.vangraaf.com\/pl\/wp-json\/wp\/v2\/pages\/519\/revisions"}],"predecessor-version":[{"id":1296,"href":"https:\/\/www.vangraaf.com\/pl\/wp-json\/wp\/v2\/pages\/519\/revisions\/1296"}],"up":[{"embeddable":true,"href":"https:\/\/www.vangraaf.com\/pl\/wp-json\/wp\/v2\/pages\/513"}],"wp:attachment":[{"href":"https:\/\/www.vangraaf.com\/pl\/wp-json\/wp\/v2\/media?parent=519"}],"curies":[{"name":"wp","href":"https:\/\/api.w.org\/{rel}","templated":true}]}}