{"id":517,"date":"2022-02-15T10:14:55","date_gmt":"2022-02-15T09:14:55","guid":{"rendered":"https:\/\/www.vangraaf.com\/pl\/?page_id=517"},"modified":"2023-03-01T14:55:12","modified_gmt":"2023-03-01T13:55:12","slug":"o-nas","status":"publish","type":"page","link":"https:\/\/www.vangraaf.com\/pl\/kariera\/o-nas\/","title":{"rendered":"O nas"},"content":{"rendered":"<div class=\"wpb-content-wrapper\"><p>[vc_row bwd_tbc4vd_show_weekday=&#8221;&#8221; full_width=&#8221;stretch_row_content_no_spaces&#8221;][vc_column]<div class=\"keyvisual\" data-aos=\"fade-up\" ><img loading=\"lazy\" decoding=\"async\" width=\"1440\" height=\"480\" src=\"https:\/\/www.vangraaf.com\/pl\/wp-content\/uploads\/sites\/10\/2022\/03\/M7_D_Wir_Headerbild_Gruppe_030.jpg\" class=\"vc_single_image-img keyvisual__image--big\" alt=\"\" srcset=\"https:\/\/www.vangraaf.com\/pl\/wp-content\/uploads\/sites\/10\/2022\/03\/M7_D_Wir_Headerbild_Gruppe_030.jpg 1440w, https:\/\/www.vangraaf.com\/pl\/wp-content\/uploads\/sites\/10\/2022\/03\/M7_D_Wir_Headerbild_Gruppe_030-300x100.jpg 300w, https:\/\/www.vangraaf.com\/pl\/wp-content\/uploads\/sites\/10\/2022\/03\/M7_D_Wir_Headerbild_Gruppe_030-1024x341.jpg 1024w, https:\/\/www.vangraaf.com\/pl\/wp-content\/uploads\/sites\/10\/2022\/03\/M7_D_Wir_Headerbild_Gruppe_030-768x256.jpg 768w, https:\/\/www.vangraaf.com\/pl\/wp-content\/uploads\/sites\/10\/2022\/03\/M7_D_Wir_Headerbild_Gruppe_030-1200x400.jpg 1200w, https:\/\/www.vangraaf.com\/pl\/wp-content\/uploads\/sites\/10\/2022\/03\/M7_D_Wir_Headerbild_Gruppe_030-992x331.jpg 992w, https:\/\/www.vangraaf.com\/pl\/wp-content\/uploads\/sites\/10\/2022\/03\/M7_D_Wir_Headerbild_Gruppe_030-480x160.jpg 480w, https:\/\/www.vangraaf.com\/pl\/wp-content\/uploads\/sites\/10\/2022\/03\/M7_D_Wir_Headerbild_Gruppe_030-690x230.jpg 690w\" sizes=\"(max-width: 1440px) 100vw, 1440px\" \/><img loading=\"lazy\" decoding=\"async\" width=\"768\" height=\"250\" src=\"https:\/\/www.vangraaf.com\/pl\/wp-content\/uploads\/sites\/10\/2022\/03\/M7_D_Wir_Headerbild_Gruppe_030-1.jpg\" class=\"vc_single_image-img keyvisual__image--small\" alt=\"\" srcset=\"https:\/\/www.vangraaf.com\/pl\/wp-content\/uploads\/sites\/10\/2022\/03\/M7_D_Wir_Headerbild_Gruppe_030-1.jpg 768w, https:\/\/www.vangraaf.com\/pl\/wp-content\/uploads\/sites\/10\/2022\/03\/M7_D_Wir_Headerbild_Gruppe_030-1-300x98.jpg 300w, https:\/\/www.vangraaf.com\/pl\/wp-content\/uploads\/sites\/10\/2022\/03\/M7_D_Wir_Headerbild_Gruppe_030-1-480x156.jpg 480w, https:\/\/www.vangraaf.com\/pl\/wp-content\/uploads\/sites\/10\/2022\/03\/M7_D_Wir_Headerbild_Gruppe_030-1-690x225.jpg 690w\" sizes=\"(max-width: 768px) 100vw, 768px\" \/><\/div>\n        <div class=\"headlines headlines--center\" data-aos=\"fade-up\">\n            <div class=\"vc_row\">\n                <div class=\"vc_col-md-10 vc_col-md-offset-1 vc_col-lg-10 vc_col-lg-offset-1\"><span class=\"h6\">VAN GRAAF jako pracodawca<\/span><h1 class=\"h2\">Wsp\u00f3\u0142praca<\/h1><\/div>\n            <\/div>\n        <\/div>[vc_column_text]<\/p>\n<p style=\"text-align: center;\">VAN GRAAF <span class=\"nobr\">ma wiele<\/span> <span class=\"nobr\">do zaoferowania. <\/span>Nieskomplikowana struktura organizacyjna <span class=\"nobr\">i proces<\/span> szybkiego podejmowania decyzji <span class=\"nobr\">oraz konstruktywny<\/span> feedback stwarzaj\u0105 korzystne warunki <span class=\"nobr\">do wykazania<\/span> w\u0142asnej inicjatywy <span class=\"nobr\">i przej\u0119cia<\/span> odpowiedzialno\u015bci. Szczeg\u00f3lnie wa\u017cne <span class=\"nobr\">s\u0105 dla nas wsp\u00f3lne<\/span> warto\u015bci, takie <span class=\"nobr\">jak zaufanie,<\/span> szacunek <span class=\"nobr\">i szczero\u015b\u0107.<\/span> <span class=\"nobr\">To podstawa<\/span> udanej wsp\u00f3\u0142pracy.<\/p>\n<p>[\/vc_column_text][\/vc_column][\/vc_row][vc_row][vc_column]\n        <div class=\"vg-element promo-teaser promo-teaser--  promo-teaser--\" style=\"--season-color: #ffffff;\" data-aos=\"fade-up\">\n            <div class=\"vc_row vc_row-flex\">\n                <div class=\"vc_col-sm-6 promo-teaser__image\">\n                    <a class=\"\" href=\"https:\/\/www.vangraaf.com\/pl\/kariera\/o-nas\/wspolpraca\/\" target=\"_self\" rel=\"\" style=\"\"><img loading=\"lazy\" decoding=\"async\" width=\"599\" height=\"549\" src=\"https:\/\/www.vangraaf.com\/pl\/wp-content\/uploads\/sites\/10\/2022\/03\/M7_E_Wir_Headerbild_Gruppe_021.jpg\" class=\"vc_single_image-img\" alt=\"\" srcset=\"https:\/\/www.vangraaf.com\/pl\/wp-content\/uploads\/sites\/10\/2022\/03\/M7_E_Wir_Headerbild_Gruppe_021.jpg 599w, https:\/\/www.vangraaf.com\/pl\/wp-content\/uploads\/sites\/10\/2022\/03\/M7_E_Wir_Headerbild_Gruppe_021-300x275.jpg 300w, https:\/\/www.vangraaf.com\/pl\/wp-content\/uploads\/sites\/10\/2022\/03\/M7_E_Wir_Headerbild_Gruppe_021-480x440.jpg 480w\" sizes=\"(max-width: 599px) 100vw, 599px\" \/><\/a>\n                <\/div>\n                <div class=\"vc_col-sm-6\">\n                    <div class=\"promo-teaser__content-wrapper\">\n                        <div class=\"promo-teaser__content promo-teaser__content--center\"><h3>Wsp\u00f3\u0142praca<\/h3><p>\u0141\u0105czy nas zami\u0142owanie <span class=\"nobr\">do mody<\/span> <span class=\"nobr\">i ludzi.<\/span> Aktywnie promujemy ducha pracy zespo\u0142owej, <span class=\"nobr\">aby inspirowa\u0107<\/span> siebie <span class=\"nobr\">i innych.<\/span> Poprzez zarz\u0105dzanie ukierunkowane <span class=\"nobr\">na przysz\u0142o\u015b\u0107<\/span> tworzymy wsp\u00f3lnot\u0119, <span class=\"nobr\">w kt\u00f3rej<\/span> ka\u017cdy <span class=\"nobr\">mo\u017ce si\u0119 w pe\u0142ni rozwija\u0107.<\/span><\/p>\n<a class=\"button button--\" href=\"https:\/\/www.vangraaf.com\/pl\/kariera\/o-nas\/wspolpraca\/\" target=\"_self\" rel=\"\" style=\"\">Dowiedz si\u0119 wi\u0119cej<\/a><\/div>\n                    <\/div>\n                <\/div>\n            <\/div>\n        <\/div>[\/vc_column][\/vc_row][vc_row][vc_column width=&#8221;1\/3&#8243;]<div class=\"vg-element cta-teaser cta-teaser--center\" data-aos=\"fade-up\"><div class=\"cta-teaser__text\"><h3>Rozw\u00f3j zawodowy<\/h3><p>Tw\u00f3j rozw\u00f3j jest dla nas wa\u017cny. Dzi\u0119ki bogatej ofercie szkoleniowej rozwiniesz sw\u00f3j potencja\u0142 zawodowy i osobisty w VAN GRAAF.<\/p><a class=\"button\" href=\"https:\/\/www.vangraaf.com\/pl\/kariera\/o-nas\/rozwoj-zawodowy\/\" target=\"_self\" rel=\"\" style=\"\">Dowiedz si\u0119 wi\u0119cej<\/a><\/div><\/div>[\/vc_column][vc_column width=&#8221;1\/3&#8243;]<div class=\"vg-element cta-teaser cta-teaser--center\" data-aos=\"fade-up\"><div class=\"cta-teaser__text\"><h3>Odpowie\u00addzialno\u015b\u0107<\/h3><p>Chcemy kszta\u0142towa\u0107 przysz\u0142o\u015b\u0107 VAN GRAAF w zr\u00f3wnowa\u017cony spos\u00f3b. Jako rodzinna firma mamy odpowiedzialno\u015b\u0107 wpisan\u0105 w nasz\u0105 kultur\u0119 organizacyjn\u0105.<\/p><a class=\"button\" href=\"https:\/\/www.vangraaf.com\/pl\/kariera\/o-nas\/odpowiedzialnosc\/\" target=\"_self\" rel=\"\" style=\"\">Dowiedz si\u0119 wi\u0119cej<\/a><\/div><\/div>[\/vc_column][vc_column width=&#8221;1\/3&#8243;]<div class=\"vg-element cta-teaser cta-teaser--center\" data-aos=\"fade-up\"><div class=\"cta-teaser__text\"><h3>Benefity<\/h3><p>Niew\u0105tpliw\u0105 zalet\u0105 pracy w VAN GRAAF s\u0105 oferowane przez nas benefity. Sprawd\u017a, jakie oferujemy i dowiedz si\u0119 wi\u0119cej o korzy\u015bciach pracy u nas!<\/p><a class=\"button\" href=\"https:\/\/www.vangraaf.com\/pl\/kariera\/o-nas\/benefity\/\" target=\"_self\" rel=\"\" style=\"\">Dowiedz si\u0119 wi\u0119cej<\/a><\/div><\/div>[\/vc_column][\/vc_row][vc_row][vc_column]\n        <div class=\"headlines headlines--center\" data-aos=\"fade-up\">\n            <div class=\"vc_row\">\n                <div class=\"vc_col-md-10 vc_col-md-offset-1 vc_col-lg-10 vc_col-lg-offset-1\"><h2 class=\"h2\">O firmie<\/h2><\/div>\n            <\/div>\n        <\/div>[vc_column_text]<\/p>\n<p style=\"text-align: left;\">Nasza wizja jest niezmienna od lat: chcemy wykorzystywa\u0107 strategi\u0119 omni channel, tak aby by\u0107 najlepsz\u0105 platform\u0105 sprzeda\u017cow\u0105 <span class=\"nobr\">dla klient\u00f3w<\/span> <a href=\"https:\/\/www.vangraaf.com\/pl\/salony\/nasze-filie\/\" target=\"_blank\" rel=\"noopener\">zar\u00f3wno offline<\/a> (sklepy stacjonarne), <span class=\"nobr\">jak i <a href=\"https:\/\/www.vangraaf.com\/pl\/\" target=\"_blank\" rel=\"noopener\">online<\/a>.<\/span> Pod egid\u0105 <span class=\"nobr\">Peek&amp;Cloppenburg KG Hamburg<\/span> dzia\u0142a <span class=\"nobr\">na terenie<\/span> Europy 16 sklep\u00f3w stacjonarnych, <span class=\"nobr\">w kt\u00f3rych<\/span> zatrudnienie znajduje <span class=\"nobr\">ok. 1000 pracownik\u00f3w.<\/span> Klienci <span class=\"nobr\">mog\u0105 wybiera\u0107<\/span> spo\u015br\u00f3d 200 ekskluzywnych marek odzie\u017cowych, zgromadzonych <span class=\"nobr\">pod jednym<\/span> dachem \u2013 <span class=\"nobr\">to robi wra\u017cenie!<\/span> Dowiedz si\u0119 wi\u0119cej <span class=\"nobr\">o naszej<\/span> grupie <u><a href=\"https:\/\/www.vangraaf.com\/pl\/kariera\/o-nas\/o-firmie\/\">przedsi\u0119biorstw<\/a><\/u>.\u00a0<span class=\"nobr\"><br \/>\n<\/span><\/p>\n<p>[\/vc_column_text][\/vc_column][\/vc_row][vc_row][vc_column]<div class=\"quote-teaser quote-teaser--light\" style=\"--bg-image: url(https:\/\/www.vangraaf.com\/pl\/wp-content\/uploads\/sites\/10\/2022\/03\/M7_F_Wir_Headerbild_Gruppe_023-1200x542.jpg); --season-color: #002045\" data-aos=\"fade-up\"><div class=\"vc_row vc_row-flex\"><div class=\"vc_col-sm-6 vc_col-sm-offset-6\"><div class=\"quote-teaser__content\"><img loading=\"lazy\" decoding=\"async\" width=\"768\" height=\"650\" src=\"https:\/\/www.vangraaf.com\/pl\/wp-content\/uploads\/sites\/10\/2022\/03\/M7_F_Wir_Headerbild_Gruppe_023-1.jpg\" class=\"quote-teaser__content__image\" alt=\"\" srcset=\"https:\/\/www.vangraaf.com\/pl\/wp-content\/uploads\/sites\/10\/2022\/03\/M7_F_Wir_Headerbild_Gruppe_023-1.jpg 768w, https:\/\/www.vangraaf.com\/pl\/wp-content\/uploads\/sites\/10\/2022\/03\/M7_F_Wir_Headerbild_Gruppe_023-1-300x254.jpg 300w, https:\/\/www.vangraaf.com\/pl\/wp-content\/uploads\/sites\/10\/2022\/03\/M7_F_Wir_Headerbild_Gruppe_023-1-480x406.jpg 480w, https:\/\/www.vangraaf.com\/pl\/wp-content\/uploads\/sites\/10\/2022\/03\/M7_F_Wir_Headerbild_Gruppe_023-1-690x584.jpg 690w\" sizes=\"(max-width: 768px) 100vw, 768px\" \/><div class=\"quote-teaser__content__quote\">Rodzinna atmosfera , wzajemne uznanie i wsp\u00f3\u0142praca<\/div><div class=\"quote-teaser__content__author\"><p>Mateusz, Kierownik Dzia\u0142u Sprzeda\u017cy<\/p>\n<\/div><a class=\"button button--light\" href=\"https:\/\/www.vangraaf.com\/pl\/kariera\/praca-i-kariera\/oferty-pracy\/\" target=\"_self\" rel=\"\" style=\"\">Do\u0142\u0105cz do zespo\u0142u!<\/a><\/div><\/div><\/div><\/div>[\/vc_column][\/vc_row]<\/p>\n<\/div>","protected":false},"excerpt":{"rendered":"[vc_row bwd_tbc4vd_show_weekday=&#8221;&#8221; full_width=&#8221;stretch_row_content_no_spaces&#8221;][vc_column][vc_column_text] VAN GRAAF ma wiele do zaoferowania. Nieskomplikowana struktura organizacyjna i proces szybkiego podejmowania decyzji oraz konstruktywny feedback stwarzaj\u0105 korzystne warunki do wykazania w\u0142asnej inicjatywy i przej\u0119cia odpowiedzialno\u015bci. Szczeg\u00f3lnie wa\u017cne s\u0105 dla nas wsp\u00f3lne warto\u015bci, takie jak zaufanie, szacunek i szczero\u015b\u0107. To podstawa udanej wsp\u00f3\u0142pracy. [\/vc_column_text][\/vc_column][\/vc_row][vc_row][vc_column][\/vc_column][\/vc_row][vc_row][vc_column width=&#8221;1\/3&#8243;][\/vc_column][vc_column width=&#8221;1\/3&#8243;][\/vc_column][vc_column width=&#8221;1\/3&#8243;][\/vc_column][\/vc_row][vc_row][vc_column][vc_column_text] Nasza wizja jest niezmienna [&hellip;]","protected":false},"author":6,"featured_media":0,"parent":504,"menu_order":0,"comment_status":"closed","ping_status":"closed","template":"","meta":{"_acf_changed":false,"inline_featured_image":false,"footnotes":""},"class_list":["post-517","page","type-page","status-publish","hentry"],"acf":[],"yoast_head":"<!-- This site is optimized with the Yoast SEO plugin v27.2 - https:\/\/yoast.com\/product\/yoast-seo-wordpress\/ -->\n<title>Wsp\u00f3\u0142praca I VAN GRAAF<\/title>\n<meta name=\"description\" content=\"\u015awiat VAN GRAAF ma do zaoferowania! Aplikuj do nas i poznaj nasz\u0105 kultur\u0119! organizacyjn\u0105!\" \/>\n<meta name=\"robots\" content=\"index, follow, max-snippet:-1, max-image-preview:large, max-video-preview:-1\" \/>\n<link rel=\"canonical\" href=\"https:\/\/www.vangraaf.com\/pl\/kariera\/o-nas\/\" \/>\n<meta property=\"og:locale\" content=\"pl_PL\" \/>\n<meta property=\"og:type\" content=\"article\" \/>\n<meta property=\"og:title\" content=\"Wsp\u00f3\u0142praca I VAN GRAAF\" \/>\n<meta property=\"og:description\" content=\"\u015awiat VAN GRAAF ma do zaoferowania! Aplikuj do nas i poznaj nasz\u0105 kultur\u0119! organizacyjn\u0105!\" \/>\n<meta property=\"og:url\" content=\"https:\/\/www.vangraaf.com\/pl\/kariera\/o-nas\/\" \/>\n<meta property=\"og:site_name\" content=\"VAN GRAAF Polska\" \/>\n<meta property=\"article:modified_time\" content=\"2023-03-01T13:55:12+00:00\" \/>\n<meta name=\"twitter:card\" content=\"summary_large_image\" \/>\n<meta name=\"twitter:label1\" content=\"Szacowany czas czytania\" \/>\n\t<meta name=\"twitter:data1\" content=\"2 minuty\" \/>\n<script type=\"application\/ld+json\" class=\"yoast-schema-graph\">{\"@context\":\"https:\/\/schema.org\",\"@graph\":[{\"@type\":\"WebPage\",\"@id\":\"https:\/\/www.vangraaf.com\/pl\/kariera\/o-nas\/\",\"url\":\"https:\/\/www.vangraaf.com\/pl\/kariera\/o-nas\/\",\"name\":\"Wsp\u00f3\u0142praca I VAN GRAAF\",\"isPartOf\":{\"@id\":\"https:\/\/www.vangraaf.com\/pl\/#website\"},\"datePublished\":\"2022-02-15T09:14:55+00:00\",\"dateModified\":\"2023-03-01T13:55:12+00:00\",\"description\":\"\u015awiat VAN GRAAF ma do zaoferowania! Aplikuj do nas i poznaj nasz\u0105 kultur\u0119! organizacyjn\u0105!\",\"breadcrumb\":{\"@id\":\"https:\/\/www.vangraaf.com\/pl\/kariera\/o-nas\/#breadcrumb\"},\"inLanguage\":\"pl-PL\",\"potentialAction\":[{\"@type\":\"ReadAction\",\"target\":[\"https:\/\/www.vangraaf.com\/pl\/kariera\/o-nas\/\"]}]},{\"@type\":\"BreadcrumbList\",\"@id\":\"https:\/\/www.vangraaf.com\/pl\/kariera\/o-nas\/#breadcrumb\",\"itemListElement\":[{\"@type\":\"ListItem\",\"position\":1,\"name\":\"Startseite\",\"item\":\"https:\/\/www.vangraaf.com\/pl\/\"},{\"@type\":\"ListItem\",\"position\":2,\"name\":\"Kariera\",\"item\":\"https:\/\/www.vangraaf.com\/pl\/kariera\/\"},{\"@type\":\"ListItem\",\"position\":3,\"name\":\"O nas\"}]},{\"@type\":\"WebSite\",\"@id\":\"https:\/\/www.vangraaf.com\/pl\/#website\",\"url\":\"https:\/\/www.vangraaf.com\/pl\/\",\"name\":\"VAN GRAAF\",\"description\":\"VAN GRAAF\",\"potentialAction\":[{\"@type\":\"SearchAction\",\"target\":{\"@type\":\"EntryPoint\",\"urlTemplate\":\"https:\/\/www.vangraaf.com\/pl\/?s={search_term_string}\"},\"query-input\":{\"@type\":\"PropertyValueSpecification\",\"valueRequired\":true,\"valueName\":\"search_term_string\"}}],\"inLanguage\":\"pl-PL\"}]}<\/script>\n<!-- \/ Yoast SEO plugin. -->","yoast_head_json":{"title":"Wsp\u00f3\u0142praca I VAN GRAAF","description":"\u015awiat VAN GRAAF ma do zaoferowania! Aplikuj do nas i poznaj nasz\u0105 kultur\u0119! organizacyjn\u0105!","robots":{"index":"index","follow":"follow","max-snippet":"max-snippet:-1","max-image-preview":"max-image-preview:large","max-video-preview":"max-video-preview:-1"},"canonical":"https:\/\/www.vangraaf.com\/pl\/kariera\/o-nas\/","og_locale":"pl_PL","og_type":"article","og_title":"Wsp\u00f3\u0142praca I VAN GRAAF","og_description":"\u015awiat VAN GRAAF ma do zaoferowania! Aplikuj do nas i poznaj nasz\u0105 kultur\u0119! organizacyjn\u0105!","og_url":"https:\/\/www.vangraaf.com\/pl\/kariera\/o-nas\/","og_site_name":"VAN GRAAF Polska","article_modified_time":"2023-03-01T13:55:12+00:00","twitter_card":"summary_large_image","twitter_misc":{"Szacowany czas czytania":"2 minuty"},"schema":{"@context":"https:\/\/schema.org","@graph":[{"@type":"WebPage","@id":"https:\/\/www.vangraaf.com\/pl\/kariera\/o-nas\/","url":"https:\/\/www.vangraaf.com\/pl\/kariera\/o-nas\/","name":"Wsp\u00f3\u0142praca I VAN GRAAF","isPartOf":{"@id":"https:\/\/www.vangraaf.com\/pl\/#website"},"datePublished":"2022-02-15T09:14:55+00:00","dateModified":"2023-03-01T13:55:12+00:00","description":"\u015awiat VAN GRAAF ma do zaoferowania! Aplikuj do nas i poznaj nasz\u0105 kultur\u0119! organizacyjn\u0105!","breadcrumb":{"@id":"https:\/\/www.vangraaf.com\/pl\/kariera\/o-nas\/#breadcrumb"},"inLanguage":"pl-PL","potentialAction":[{"@type":"ReadAction","target":["https:\/\/www.vangraaf.com\/pl\/kariera\/o-nas\/"]}]},{"@type":"BreadcrumbList","@id":"https:\/\/www.vangraaf.com\/pl\/kariera\/o-nas\/#breadcrumb","itemListElement":[{"@type":"ListItem","position":1,"name":"Startseite","item":"https:\/\/www.vangraaf.com\/pl\/"},{"@type":"ListItem","position":2,"name":"Kariera","item":"https:\/\/www.vangraaf.com\/pl\/kariera\/"},{"@type":"ListItem","position":3,"name":"O nas"}]},{"@type":"WebSite","@id":"https:\/\/www.vangraaf.com\/pl\/#website","url":"https:\/\/www.vangraaf.com\/pl\/","name":"VAN GRAAF","description":"VAN GRAAF","potentialAction":[{"@type":"SearchAction","target":{"@type":"EntryPoint","urlTemplate":"https:\/\/www.vangraaf.com\/pl\/?s={search_term_string}"},"query-input":{"@type":"PropertyValueSpecification","valueRequired":true,"valueName":"search_term_string"}}],"inLanguage":"pl-PL"}]}},"_links":{"self":[{"href":"https:\/\/www.vangraaf.com\/pl\/wp-json\/wp\/v2\/pages\/517","targetHints":{"allow":["GET"]}}],"collection":[{"href":"https:\/\/www.vangraaf.com\/pl\/wp-json\/wp\/v2\/pages"}],"about":[{"href":"https:\/\/www.vangraaf.com\/pl\/wp-json\/wp\/v2\/types\/page"}],"author":[{"embeddable":true,"href":"https:\/\/www.vangraaf.com\/pl\/wp-json\/wp\/v2\/users\/6"}],"replies":[{"embeddable":true,"href":"https:\/\/www.vangraaf.com\/pl\/wp-json\/wp\/v2\/comments?post=517"}],"version-history":[{"count":19,"href":"https:\/\/www.vangraaf.com\/pl\/wp-json\/wp\/v2\/pages\/517\/revisions"}],"predecessor-version":[{"id":1130,"href":"https:\/\/www.vangraaf.com\/pl\/wp-json\/wp\/v2\/pages\/517\/revisions\/1130"}],"up":[{"embeddable":true,"href":"https:\/\/www.vangraaf.com\/pl\/wp-json\/wp\/v2\/pages\/504"}],"wp:attachment":[{"href":"https:\/\/www.vangraaf.com\/pl\/wp-json\/wp\/v2\/media?parent=517"}],"curies":[{"name":"wp","href":"https:\/\/api.w.org\/{rel}","templated":true}]}}