{"id":515,"date":"2022-02-15T10:14:22","date_gmt":"2022-02-15T09:14:22","guid":{"rendered":"https:\/\/www.vangraaf.com\/pl\/?page_id=515"},"modified":"2023-01-13T15:39:28","modified_gmt":"2023-01-13T14:39:28","slug":"aplikacja","status":"publish","type":"page","link":"https:\/\/www.vangraaf.com\/pl\/kariera\/aplikacja\/","title":{"rendered":"Aplikacja"},"content":{"rendered":"<div class=\"wpb-content-wrapper\">[vc_row bwd_tbc4vd_show_weekday=&#8221;&#8221; full_width=&#8221;stretch_row_content_no_spaces&#8221;][vc_column]<div class=\"keyvisual\" data-aos=\"fade-up\" ><img loading=\"lazy\" decoding=\"async\" width=\"1440\" height=\"480\" src=\"https:\/\/www.vangraaf.com\/pl\/wp-content\/uploads\/sites\/10\/2022\/03\/M11_B_PORTRAITS_TRAINER_004.jpg\" class=\"vc_single_image-img\" alt=\"\" srcset=\"https:\/\/www.vangraaf.com\/pl\/wp-content\/uploads\/sites\/10\/2022\/03\/M11_B_PORTRAITS_TRAINER_004.jpg 1440w, https:\/\/www.vangraaf.com\/pl\/wp-content\/uploads\/sites\/10\/2022\/03\/M11_B_PORTRAITS_TRAINER_004-300x100.jpg 300w, https:\/\/www.vangraaf.com\/pl\/wp-content\/uploads\/sites\/10\/2022\/03\/M11_B_PORTRAITS_TRAINER_004-1024x341.jpg 1024w, https:\/\/www.vangraaf.com\/pl\/wp-content\/uploads\/sites\/10\/2022\/03\/M11_B_PORTRAITS_TRAINER_004-768x256.jpg 768w, https:\/\/www.vangraaf.com\/pl\/wp-content\/uploads\/sites\/10\/2022\/03\/M11_B_PORTRAITS_TRAINER_004-1200x400.jpg 1200w, https:\/\/www.vangraaf.com\/pl\/wp-content\/uploads\/sites\/10\/2022\/03\/M11_B_PORTRAITS_TRAINER_004-992x331.jpg 992w, https:\/\/www.vangraaf.com\/pl\/wp-content\/uploads\/sites\/10\/2022\/03\/M11_B_PORTRAITS_TRAINER_004-480x160.jpg 480w, https:\/\/www.vangraaf.com\/pl\/wp-content\/uploads\/sites\/10\/2022\/03\/M11_B_PORTRAITS_TRAINER_004-690x230.jpg 690w\" sizes=\"(max-width: 1440px) 100vw, 1440px\" \/><\/div>\n        <div class=\"headlines headlines--center\" data-aos=\"fade-up\">\n            <div class=\"vc_row\">\n                <div class=\"vc_col-md-10 vc_col-md-offset-1 vc_col-lg-10 vc_col-lg-offset-1\"><span class=\"h6\">Twoja aplikacja do VAN GRAAF<\/span><h1 class=\"h2\">Aplikacja<\/h1><\/div>\n            <\/div>\n        <\/div>[vc_column_text]\r\n<p style=\"text-align: center;\">Proces rekrutacyjny <span class=\"nobr\">to przede<\/span> wszystkim <span class=\"nobr\">czas po\u015bwi\u0119cony<\/span> <span class=\"nobr\">na wzajemne<\/span> poznanie si\u0119. Jest to dla nas bardzo wa\u017cna cz\u0119\u015b\u0107 rozmowy kwalifikacyjnej. <span class=\"nobr\">Ty jeste\u015b<\/span> <span class=\"nobr\">w centrum<\/span> uwagi: chcemy <span class=\"nobr\">nie tylko<\/span> <span class=\"nobr\">Ci\u0119 pozna\u0107,<\/span> <span class=\"nobr\">ale tak\u017ce<\/span> pom\u00f3c <span class=\"nobr\">Ci zrozumie\u0107<\/span> Twoje przysz\u0142e zadania <span class=\"nobr\">oraz kultur\u0119<\/span> VAN GRAAF.<\/p>\r\n[\/vc_column_text][\/vc_column][\/vc_row][vc_row][vc_column]<div class=\"vice-versa-teaser vice-versa-teaser--dark\" style=\"--season-color: #ededed\" data-aos=\"fade-up\"><div class=\"vice-versa-teaser__inner\">\n                        <div class=\"content_wrap\"><div class=\"vg-element vice-versa-teaser__item vice-versa-teaser__item--left\"><div class=\"vc_row vc_row-flex\"><div class=\"vc_col-xs-12 vc_col-sm-6\"><div class=\"vice-versa-teaser__item__image-wrap\"><a class=\"\" href=\"https:\/\/www.vangraaf.com\/pl\/kariera\/aplikacja\/proces-rekrutacyjny\/\" target=\"_self\" rel=\"\" style=\"\"><img loading=\"lazy\" decoding=\"async\" width=\"555\" height=\"735\" src=\"https:\/\/www.vangraaf.com\/pl\/wp-content\/uploads\/sites\/10\/2022\/03\/M11_F_PORTRAITS_TRAINER_034_1.jpg\" class=\"attachment-van-graaf-vice-versa-teaser size-van-graaf-vice-versa-teaser\" alt=\"\" srcset=\"https:\/\/www.vangraaf.com\/pl\/wp-content\/uploads\/sites\/10\/2022\/03\/M11_F_PORTRAITS_TRAINER_034_1.jpg 555w, https:\/\/www.vangraaf.com\/pl\/wp-content\/uploads\/sites\/10\/2022\/03\/M11_F_PORTRAITS_TRAINER_034_1-227x300.jpg 227w, https:\/\/www.vangraaf.com\/pl\/wp-content\/uploads\/sites\/10\/2022\/03\/M11_F_PORTRAITS_TRAINER_034_1-480x636.jpg 480w\" sizes=\"(max-width: 555px) 100vw, 555px\" \/><\/a><\/div><\/div><div class=\"vice-versa-teaser__item__content-wrap vc_col-xs-12 vc_col-sm-6 vc_col-md-4 vc_col-md-offset-1\"><div class=\"vice-versa-teaser__item__content\"><h3>Proces rekrutacyjny <\/h3><p>Uproszczony, ale przemy\u015blany <span class=\"nobr\">i dopasowany<\/span> <span class=\"nobr\">do stanowiska,<\/span> proces rekrutacyjny pozwala <span class=\"nobr\">nam skupi\u0107 si\u0119 na tym,<\/span> <span class=\"nobr\">co naprawd\u0119<\/span> wa\u017cne: <span class=\"nobr\">na Tobie<\/span> <span class=\"nobr\">i Twojej<\/span> potencjalnej przysz\u0142o\u015bci <span class=\"nobr\">w VAN GRAAF.<\/span><\/p><a class=\"button button--dark\" href=\"https:\/\/www.vangraaf.com\/pl\/kariera\/aplikacja\/proces-rekrutacyjny\/\" target=\"_self\" rel=\"\" style=\"\">Dowiedz si\u0119 wi\u0119cej<\/a><\/div><\/div><\/div><\/div><div class=\"vg-element vice-versa-teaser__item vice-versa-teaser__item--right\"><div class=\"vc_row vc_row-flex\"><div class=\"vc_col-xs-12 vc_col-sm-6 vc_col-sm-push-6\"><div class=\"vice-versa-teaser__item__image-wrap\"><a class=\"\" href=\"https:\/\/www.vangraaf.com\/pl\/kariera\/aplikacja\/rady-dla-kandydatow\/\" target=\"_self\" rel=\"\" style=\"\"><img loading=\"lazy\" decoding=\"async\" width=\"555\" height=\"735\" src=\"https:\/\/www.vangraaf.com\/pl\/wp-content\/uploads\/sites\/10\/2022\/03\/M3_C_Schueler_054-1.jpg\" class=\"attachment-van-graaf-vice-versa-teaser size-van-graaf-vice-versa-teaser\" alt=\"\" srcset=\"https:\/\/www.vangraaf.com\/pl\/wp-content\/uploads\/sites\/10\/2022\/03\/M3_C_Schueler_054-1.jpg 555w, https:\/\/www.vangraaf.com\/pl\/wp-content\/uploads\/sites\/10\/2022\/03\/M3_C_Schueler_054-1-227x300.jpg 227w, https:\/\/www.vangraaf.com\/pl\/wp-content\/uploads\/sites\/10\/2022\/03\/M3_C_Schueler_054-1-480x636.jpg 480w\" sizes=\"(max-width: 555px) 100vw, 555px\" \/><\/a><\/div><\/div><div class=\"vice-versa-teaser__item__content-wrap vc_col-xs-12 vc_col-sm-6 vc_col-md-4 vc_col-md-offset-1 vc_col-sm-pull-6\"><div class=\"vice-versa-teaser__item__content\"><h3>Rady dla kandydat\u00f3w<\/h3><p>Aplikuj\u0105c online, robisz pierwszy <span class=\"nobr\">krok w kierunku<\/span> wymarzonej pracy <span class=\"nobr\">w VAN GRAAF.<\/span> Je\u015bli <span class=\"nobr\">do Ciebie<\/span> zadzwonimy <span class=\"nobr\">i zaprosimy<\/span> <span class=\"nobr\">na rozmow\u0119,<\/span> b\u0119dziesz mia\u0142\/a szans\u0119 <span class=\"nobr\">na zaprezentowanie<\/span> <span class=\"nobr\">si\u0119 nam osobi\u015bcie<\/span>. Udzielimy <span class=\"nobr\">Ci wszelkich<\/span>  informacji <span class=\"nobr\">i wskaz\u00f3wek,<\/span> kt\u00f3re sprawi\u0105, <span class=\"nobr\">\u017ce proces<\/span> rekrutacyjny b\u0119dzie przyjemno\u015bci\u0105 <span class=\"nobr\">dla obu stron.<\/span><\/p><a class=\"button button--dark\" href=\"https:\/\/www.vangraaf.com\/pl\/kariera\/aplikacja\/rady-dla-kandydatow\/\" target=\"_self\" rel=\"\" style=\"\">Dowiedz si\u0119 wi\u0119cej<\/a><\/div><\/div><\/div><\/div><div class=\"vg-element vice-versa-teaser__item vice-versa-teaser__item--left\"><div class=\"vc_row vc_row-flex\"><div class=\"vc_col-xs-12 vc_col-sm-6\"><div class=\"vice-versa-teaser__item__image-wrap\"><a class=\"\" href=\"https:\/\/www.vangraaf.com\/pl\/kariera\/aplikacja\/jak-sie-ubrac-na-rozmowe-kwalifikacyjna\/\" target=\"_self\" rel=\"\" style=\"\"><img loading=\"lazy\" decoding=\"async\" width=\"555\" height=\"735\" src=\"https:\/\/www.vangraaf.com\/pl\/wp-content\/uploads\/sites\/10\/2022\/03\/M2_B_Azubis_im_Verkauf_010-1.jpg\" class=\"attachment-van-graaf-vice-versa-teaser size-van-graaf-vice-versa-teaser\" alt=\"\" srcset=\"https:\/\/www.vangraaf.com\/pl\/wp-content\/uploads\/sites\/10\/2022\/03\/M2_B_Azubis_im_Verkauf_010-1.jpg 555w, https:\/\/www.vangraaf.com\/pl\/wp-content\/uploads\/sites\/10\/2022\/03\/M2_B_Azubis_im_Verkauf_010-1-227x300.jpg 227w, https:\/\/www.vangraaf.com\/pl\/wp-content\/uploads\/sites\/10\/2022\/03\/M2_B_Azubis_im_Verkauf_010-1-480x636.jpg 480w\" sizes=\"(max-width: 555px) 100vw, 555px\" \/><\/a><\/div><\/div><div class=\"vice-versa-teaser__item__content-wrap vc_col-xs-12 vc_col-sm-6 vc_col-md-4 vc_col-md-offset-1\"><div class=\"vice-versa-teaser__item__content\"><h3>Str\u00f3j na rozmow\u0119 kwalifikacyjn\u0105<\/h3><p>Odpowiedni ubi\u00f3r <span class=\"nobr\">jest niezwykle<\/span> wa\u017cny zar\u00f3wno podczas osobistej, <span class=\"nobr\">jak i wirtualnej<\/span> rozmowy kwalifikacyjnej. <span class=\"nobr\">Jaki dress<\/span> code obowi\u0105zuje <span class=\"nobr\">u nas?<\/span> <span class=\"nobr\">Oto wskaz\u00f3wki,<\/span> kt\u00f3re pomog\u0105 <span class=\"nobr\">Ci stworzy\u0107<\/span> perfekcyjny look <span class=\"nobr\">na rozmow\u0119<\/span> kwalifikacyjn\u0105.<\/p><a class=\"button button--dark\" href=\"https:\/\/www.vangraaf.com\/pl\/kariera\/aplikacja\/jak-sie-ubrac-na-rozmowe-kwalifikacyjna\/\" target=\"_self\" rel=\"\" style=\"\">Dowiedz si\u0119 wi\u0119cej<\/a><\/div><\/div><\/div><\/div><\/div><\/div><\/div>[\/vc_column][\/vc_row][vc_row][vc_column]<div class=\"quote-teaser quote-teaser--light\" style=\"--bg-image: url(https:\/\/www.vangraaf.com\/pl\/wp-content\/uploads\/sites\/10\/2022\/03\/M8_D_VK_Logistik_024-1200x542.jpg); --season-color: #002045\" data-aos=\"fade-up\"><div class=\"vc_row vc_row-flex\"><div class=\"vc_col-sm-6 vc_col-sm-offset-6\"><div class=\"quote-teaser__content\"><img loading=\"lazy\" decoding=\"async\" width=\"768\" height=\"650\" src=\"https:\/\/www.vangraaf.com\/pl\/wp-content\/uploads\/sites\/10\/2022\/03\/M8_D_VK_Logistik_024_mo.jpg\" class=\"quote-teaser__content__image\" alt=\"\" srcset=\"https:\/\/www.vangraaf.com\/pl\/wp-content\/uploads\/sites\/10\/2022\/03\/M8_D_VK_Logistik_024_mo.jpg 768w, https:\/\/www.vangraaf.com\/pl\/wp-content\/uploads\/sites\/10\/2022\/03\/M8_D_VK_Logistik_024_mo-300x254.jpg 300w, https:\/\/www.vangraaf.com\/pl\/wp-content\/uploads\/sites\/10\/2022\/03\/M8_D_VK_Logistik_024_mo-480x406.jpg 480w, https:\/\/www.vangraaf.com\/pl\/wp-content\/uploads\/sites\/10\/2022\/03\/M8_D_VK_Logistik_024_mo-690x584.jpg 690w\" sizes=\"(max-width: 768px) 100vw, 768px\" \/><div class=\"quote-teaser__content__quote\">Do\u0142\u0105cz do VAN GRAAF i rozpocznij ju\u017c dzi\u015b prac\u0119 w bran\u017cy fashion<\/div><div class=\"quote-teaser__content__author\"><p>Piotr, Pracownik Dzia\u0142u Logistyki<\/p>\n<\/div><a class=\"button button--light\" href=\"https:\/\/www.vangraaf.com\/pl\/kariera\/praca-i-kariera\/oferty-pracy\/\" target=\"_self\" rel=\"\" style=\"\">Do\u0142\u0105cz do zespo\u0142u!<\/a><\/div><\/div><\/div><\/div>[\/vc_column][\/vc_row]<\/div>","protected":false},"excerpt":{"rendered":"[vc_row bwd_tbc4vd_show_weekday=&#8221;&#8221; full_width=&#8221;stretch_row_content_no_spaces&#8221;][vc_column][vc_column_text] Proces rekrutacyjny to przede wszystkim czas po\u015bwi\u0119cony na wzajemne poznanie si\u0119. Jest to dla nas bardzo wa\u017cna cz\u0119\u015b\u0107 rozmowy kwalifikacyjnej. Ty jeste\u015b w centrum uwagi: chcemy nie tylko Ci\u0119 pozna\u0107, ale tak\u017ce pom\u00f3c Ci zrozumie\u0107 Twoje przysz\u0142e zadania oraz kultur\u0119 VAN GRAAF. [\/vc_column_text][\/vc_column][\/vc_row][vc_row][vc_column][\/vc_column][\/vc_row][vc_row][vc_column][\/vc_column][\/vc_row]","protected":false},"author":6,"featured_media":0,"parent":504,"menu_order":0,"comment_status":"closed","ping_status":"closed","template":"","meta":{"_acf_changed":false,"inline_featured_image":false,"footnotes":""},"class_list":["post-515","page","type-page","status-publish","hentry"],"acf":[],"yoast_head":"<!-- This site is optimized with the Yoast SEO plugin v27.2 - https:\/\/yoast.com\/product\/yoast-seo-wordpress\/ -->\n<title>Twoja aplikacja I VAN GRAAF<\/title>\n<meta name=\"description\" content=\"Chcesz aplikowa\u0107 do VAN GRAAF? Poni\u017cej znajdziesz niezb\u0119dne informacje na temat procesu rekrutacyjnego w naszej firmie.\" \/>\n<meta name=\"robots\" content=\"index, follow, max-snippet:-1, max-image-preview:large, max-video-preview:-1\" \/>\n<link rel=\"canonical\" href=\"https:\/\/www.vangraaf.com\/pl\/kariera\/aplikacja\/\" \/>\n<meta property=\"og:locale\" content=\"pl_PL\" \/>\n<meta property=\"og:type\" content=\"article\" \/>\n<meta property=\"og:title\" content=\"Twoja aplikacja I VAN GRAAF\" \/>\n<meta property=\"og:description\" content=\"Chcesz aplikowa\u0107 do VAN GRAAF? Poni\u017cej znajdziesz niezb\u0119dne informacje na temat procesu rekrutacyjnego w naszej firmie.\" \/>\n<meta property=\"og:url\" content=\"https:\/\/www.vangraaf.com\/pl\/kariera\/aplikacja\/\" \/>\n<meta property=\"og:site_name\" content=\"VAN GRAAF Polska\" \/>\n<meta property=\"article:modified_time\" content=\"2023-01-13T14:39:28+00:00\" \/>\n<meta name=\"twitter:card\" content=\"summary_large_image\" \/>\n<meta name=\"twitter:label1\" content=\"Szacowany czas czytania\" \/>\n\t<meta name=\"twitter:data1\" content=\"1 minuta\" \/>\n<script type=\"application\/ld+json\" class=\"yoast-schema-graph\">{\"@context\":\"https:\/\/schema.org\",\"@graph\":[{\"@type\":\"WebPage\",\"@id\":\"https:\/\/www.vangraaf.com\/pl\/kariera\/aplikacja\/\",\"url\":\"https:\/\/www.vangraaf.com\/pl\/kariera\/aplikacja\/\",\"name\":\"Twoja aplikacja I VAN GRAAF\",\"isPartOf\":{\"@id\":\"https:\/\/www.vangraaf.com\/pl\/#website\"},\"datePublished\":\"2022-02-15T09:14:22+00:00\",\"dateModified\":\"2023-01-13T14:39:28+00:00\",\"description\":\"Chcesz aplikowa\u0107 do VAN GRAAF? Poni\u017cej znajdziesz niezb\u0119dne informacje na temat procesu rekrutacyjnego w naszej firmie.\",\"breadcrumb\":{\"@id\":\"https:\/\/www.vangraaf.com\/pl\/kariera\/aplikacja\/#breadcrumb\"},\"inLanguage\":\"pl-PL\",\"potentialAction\":[{\"@type\":\"ReadAction\",\"target\":[\"https:\/\/www.vangraaf.com\/pl\/kariera\/aplikacja\/\"]}]},{\"@type\":\"BreadcrumbList\",\"@id\":\"https:\/\/www.vangraaf.com\/pl\/kariera\/aplikacja\/#breadcrumb\",\"itemListElement\":[{\"@type\":\"ListItem\",\"position\":1,\"name\":\"Startseite\",\"item\":\"https:\/\/www.vangraaf.com\/pl\/\"},{\"@type\":\"ListItem\",\"position\":2,\"name\":\"Kariera\",\"item\":\"https:\/\/www.vangraaf.com\/pl\/kariera\/\"},{\"@type\":\"ListItem\",\"position\":3,\"name\":\"Aplikacja\"}]},{\"@type\":\"WebSite\",\"@id\":\"https:\/\/www.vangraaf.com\/pl\/#website\",\"url\":\"https:\/\/www.vangraaf.com\/pl\/\",\"name\":\"VAN GRAAF\",\"description\":\"VAN GRAAF\",\"potentialAction\":[{\"@type\":\"SearchAction\",\"target\":{\"@type\":\"EntryPoint\",\"urlTemplate\":\"https:\/\/www.vangraaf.com\/pl\/?s={search_term_string}\"},\"query-input\":{\"@type\":\"PropertyValueSpecification\",\"valueRequired\":true,\"valueName\":\"search_term_string\"}}],\"inLanguage\":\"pl-PL\"}]}<\/script>\n<!-- \/ Yoast SEO plugin. -->","yoast_head_json":{"title":"Twoja aplikacja I VAN GRAAF","description":"Chcesz aplikowa\u0107 do VAN GRAAF? Poni\u017cej znajdziesz niezb\u0119dne informacje na temat procesu rekrutacyjnego w naszej firmie.","robots":{"index":"index","follow":"follow","max-snippet":"max-snippet:-1","max-image-preview":"max-image-preview:large","max-video-preview":"max-video-preview:-1"},"canonical":"https:\/\/www.vangraaf.com\/pl\/kariera\/aplikacja\/","og_locale":"pl_PL","og_type":"article","og_title":"Twoja aplikacja I VAN GRAAF","og_description":"Chcesz aplikowa\u0107 do VAN GRAAF? Poni\u017cej znajdziesz niezb\u0119dne informacje na temat procesu rekrutacyjnego w naszej firmie.","og_url":"https:\/\/www.vangraaf.com\/pl\/kariera\/aplikacja\/","og_site_name":"VAN GRAAF Polska","article_modified_time":"2023-01-13T14:39:28+00:00","twitter_card":"summary_large_image","twitter_misc":{"Szacowany czas czytania":"1 minuta"},"schema":{"@context":"https:\/\/schema.org","@graph":[{"@type":"WebPage","@id":"https:\/\/www.vangraaf.com\/pl\/kariera\/aplikacja\/","url":"https:\/\/www.vangraaf.com\/pl\/kariera\/aplikacja\/","name":"Twoja aplikacja I VAN GRAAF","isPartOf":{"@id":"https:\/\/www.vangraaf.com\/pl\/#website"},"datePublished":"2022-02-15T09:14:22+00:00","dateModified":"2023-01-13T14:39:28+00:00","description":"Chcesz aplikowa\u0107 do VAN GRAAF? Poni\u017cej znajdziesz niezb\u0119dne informacje na temat procesu rekrutacyjnego w naszej firmie.","breadcrumb":{"@id":"https:\/\/www.vangraaf.com\/pl\/kariera\/aplikacja\/#breadcrumb"},"inLanguage":"pl-PL","potentialAction":[{"@type":"ReadAction","target":["https:\/\/www.vangraaf.com\/pl\/kariera\/aplikacja\/"]}]},{"@type":"BreadcrumbList","@id":"https:\/\/www.vangraaf.com\/pl\/kariera\/aplikacja\/#breadcrumb","itemListElement":[{"@type":"ListItem","position":1,"name":"Startseite","item":"https:\/\/www.vangraaf.com\/pl\/"},{"@type":"ListItem","position":2,"name":"Kariera","item":"https:\/\/www.vangraaf.com\/pl\/kariera\/"},{"@type":"ListItem","position":3,"name":"Aplikacja"}]},{"@type":"WebSite","@id":"https:\/\/www.vangraaf.com\/pl\/#website","url":"https:\/\/www.vangraaf.com\/pl\/","name":"VAN GRAAF","description":"VAN GRAAF","potentialAction":[{"@type":"SearchAction","target":{"@type":"EntryPoint","urlTemplate":"https:\/\/www.vangraaf.com\/pl\/?s={search_term_string}"},"query-input":{"@type":"PropertyValueSpecification","valueRequired":true,"valueName":"search_term_string"}}],"inLanguage":"pl-PL"}]}},"_links":{"self":[{"href":"https:\/\/www.vangraaf.com\/pl\/wp-json\/wp\/v2\/pages\/515","targetHints":{"allow":["GET"]}}],"collection":[{"href":"https:\/\/www.vangraaf.com\/pl\/wp-json\/wp\/v2\/pages"}],"about":[{"href":"https:\/\/www.vangraaf.com\/pl\/wp-json\/wp\/v2\/types\/page"}],"author":[{"embeddable":true,"href":"https:\/\/www.vangraaf.com\/pl\/wp-json\/wp\/v2\/users\/6"}],"replies":[{"embeddable":true,"href":"https:\/\/www.vangraaf.com\/pl\/wp-json\/wp\/v2\/comments?post=515"}],"version-history":[{"count":17,"href":"https:\/\/www.vangraaf.com\/pl\/wp-json\/wp\/v2\/pages\/515\/revisions"}],"predecessor-version":[{"id":1077,"href":"https:\/\/www.vangraaf.com\/pl\/wp-json\/wp\/v2\/pages\/515\/revisions\/1077"}],"up":[{"embeddable":true,"href":"https:\/\/www.vangraaf.com\/pl\/wp-json\/wp\/v2\/pages\/504"}],"wp:attachment":[{"href":"https:\/\/www.vangraaf.com\/pl\/wp-json\/wp\/v2\/media?parent=515"}],"curies":[{"name":"wp","href":"https:\/\/api.w.org\/{rel}","templated":true}]}}