{"id":513,"date":"2022-02-15T10:13:05","date_gmt":"2022-02-15T09:13:05","guid":{"rendered":"https:\/\/www.vangraaf.com\/pl\/?page_id=513"},"modified":"2022-07-29T12:35:32","modified_gmt":"2022-07-29T10:35:32","slug":"praca-i-kariera","status":"publish","type":"page","link":"https:\/\/www.vangraaf.com\/pl\/kariera\/praca-i-kariera\/","title":{"rendered":"Praca i kariera"},"content":{"rendered":"<div class=\"wpb-content-wrapper\">[vc_row bwd_tbc4vd_show_weekday=&#8221;&#8221; full_width=&#8221;stretch_row_content_no_spaces&#8221;][vc_column]<div class=\"keyvisual\" data-aos=\"fade-up\" ><img loading=\"lazy\" decoding=\"async\" width=\"1440\" height=\"480\" src=\"https:\/\/www.vangraaf.com\/pl\/wp-content\/uploads\/sites\/10\/2022\/03\/M10_M_Portraits_Buero_026-2.jpg\" class=\"vc_single_image-img keyvisual__image--big\" alt=\"\" srcset=\"https:\/\/www.vangraaf.com\/pl\/wp-content\/uploads\/sites\/10\/2022\/03\/M10_M_Portraits_Buero_026-2.jpg 1440w, https:\/\/www.vangraaf.com\/pl\/wp-content\/uploads\/sites\/10\/2022\/03\/M10_M_Portraits_Buero_026-2-300x100.jpg 300w, https:\/\/www.vangraaf.com\/pl\/wp-content\/uploads\/sites\/10\/2022\/03\/M10_M_Portraits_Buero_026-2-1024x341.jpg 1024w, https:\/\/www.vangraaf.com\/pl\/wp-content\/uploads\/sites\/10\/2022\/03\/M10_M_Portraits_Buero_026-2-768x256.jpg 768w, https:\/\/www.vangraaf.com\/pl\/wp-content\/uploads\/sites\/10\/2022\/03\/M10_M_Portraits_Buero_026-2-1200x400.jpg 1200w, https:\/\/www.vangraaf.com\/pl\/wp-content\/uploads\/sites\/10\/2022\/03\/M10_M_Portraits_Buero_026-2-992x331.jpg 992w, https:\/\/www.vangraaf.com\/pl\/wp-content\/uploads\/sites\/10\/2022\/03\/M10_M_Portraits_Buero_026-2-480x160.jpg 480w, https:\/\/www.vangraaf.com\/pl\/wp-content\/uploads\/sites\/10\/2022\/03\/M10_M_Portraits_Buero_026-2-690x230.jpg 690w\" sizes=\"(max-width: 1440px) 100vw, 1440px\" \/><img loading=\"lazy\" decoding=\"async\" width=\"768\" height=\"250\" src=\"https:\/\/www.vangraaf.com\/pl\/wp-content\/uploads\/sites\/10\/2022\/03\/M10_M_Portraits_Buero_026_Mobile.jpg\" class=\"vc_single_image-img keyvisual__image--small\" alt=\"\" srcset=\"https:\/\/www.vangraaf.com\/pl\/wp-content\/uploads\/sites\/10\/2022\/03\/M10_M_Portraits_Buero_026_Mobile.jpg 768w, https:\/\/www.vangraaf.com\/pl\/wp-content\/uploads\/sites\/10\/2022\/03\/M10_M_Portraits_Buero_026_Mobile-300x98.jpg 300w, https:\/\/www.vangraaf.com\/pl\/wp-content\/uploads\/sites\/10\/2022\/03\/M10_M_Portraits_Buero_026_Mobile-480x156.jpg 480w, https:\/\/www.vangraaf.com\/pl\/wp-content\/uploads\/sites\/10\/2022\/03\/M10_M_Portraits_Buero_026_Mobile-690x225.jpg 690w\" sizes=\"(max-width: 768px) 100vw, 768px\" \/><\/div>\n        <div class=\"headlines headlines--center\" data-aos=\"fade-up\">\n            <div class=\"vc_row\">\n                <div class=\"vc_col-md-10 vc_col-md-offset-1 vc_col-lg-10 vc_col-lg-offset-1\"><span class=\"h6\">Pocz\u0105tek Twojej kariery w VAN GRAAF<\/span><h1 class=\"h2\">Praca i kariera<\/h1><\/div>\n            <\/div>\n        <\/div>[vc_column_text]\r\n<p style=\"text-align: center\">Interesujesz si\u0119 mod\u0105? \u015aledzisz najnowsze trendy? <span class=\"nobr\">W naszej<\/span> Firmie rozwiniesz swoj\u0105 pasj\u0119! Nieskomplikowana struktura organizacyjna <span class=\"nobr\">i proces<\/span> szybkiego podejmowania decyzji <span class=\"nobr\">oraz konstruktywny<\/span> feedback stwarzaj\u0105 korzystne warunki <span class=\"nobr\">do rozwoju<\/span> zawodowego<span class=\"nobr\"> i osobistego.<\/span>\r\nWystarczy <span class=\"nobr\">ch\u0119\u0107 do nauki,<\/span> ciekawo\u015b\u0107 i entuzjazm <span class=\"nobr\">dla kolorowego<\/span> \u015bwiata mody.<\/p>\r\n[\/vc_column_text][\/vc_column][\/vc_row][vc_row bwd_tbc4vd_show_weekday=&#8221;&#8221;][vc_column]\n        <div class=\"vg-element promo-teaser promo-teaser--  promo-teaser--\" style=\"--season-color: #ffffff;\" data-aos=\"fade-up\">\n            <div class=\"vc_row vc_row-flex\">\n                <div class=\"vc_col-sm-6 promo-teaser__image\">\n                    <a class=\"\" href=\"https:\/\/www.vangraaf.com\/pl\/kariera\/praca-i-kariera\/oferty-pracy\/\" target=\"_self\" rel=\"\" style=\"\"><img loading=\"lazy\" decoding=\"async\" width=\"599\" height=\"549\" src=\"https:\/\/www.vangraaf.com\/pl\/wp-content\/uploads\/sites\/10\/2022\/03\/M11_F_PORTRAITS_TRAINER_088.jpg\" class=\"vc_single_image-img\" alt=\"\" srcset=\"https:\/\/www.vangraaf.com\/pl\/wp-content\/uploads\/sites\/10\/2022\/03\/M11_F_PORTRAITS_TRAINER_088.jpg 599w, https:\/\/www.vangraaf.com\/pl\/wp-content\/uploads\/sites\/10\/2022\/03\/M11_F_PORTRAITS_TRAINER_088-300x275.jpg 300w, https:\/\/www.vangraaf.com\/pl\/wp-content\/uploads\/sites\/10\/2022\/03\/M11_F_PORTRAITS_TRAINER_088-480x440.jpg 480w\" sizes=\"(max-width: 599px) 100vw, 599px\" \/><\/a>\n                <\/div>\n                <div class=\"vc_col-sm-6\">\n                    <div class=\"promo-teaser__content-wrapper\">\n                        <div class=\"promo-teaser__content promo-teaser__content--center\"><h3>Oferty pracy<\/h3><p>W VAN GRAAF oferujemy <span class=\"nobr\">Ci wiele<\/span> mo\u017cliwo\u015bci: <span class=\"nobr\">w Dziale<\/span> Sprzeda\u017cy, Dziale Logistyki <span class=\"nobr\">lub w Dziale<\/span> Dekoracji &#8211; ciekawe wyzwania ka\u017cdego dnia!<\/p>\n<a class=\"button button--\" href=\"https:\/\/www.vangraaf.com\/pl\/kariera\/praca-i-kariera\/oferty-pracy\/\" target=\"_self\" rel=\"\" style=\"\">Dowiedz si\u0119 wi\u0119cej<\/a><\/div>\n                    <\/div>\n                <\/div>\n            <\/div>\n        <\/div>[\/vc_column][\/vc_row][vc_row][vc_column][vc_row_inner][vc_column_inner width=&#8221;1\/3&#8243;]<div class=\"vg-element cta-teaser cta-teaser--center\" data-aos=\"fade-up\"><div class=\"cta-teaser__image\"><a class=\"\" href=\"https:\/\/www.vangraaf.com\/pl\/kariera\/praca-i-kariera\/dzial-sprzedazy\/\" target=\"_self\" rel=\"\" style=\"\"><img loading=\"lazy\" decoding=\"async\" width=\"378\" height=\"565\" src=\"https:\/\/www.vangraaf.com\/pl\/wp-content\/uploads\/sites\/10\/2022\/03\/M1_F_Schueler_Eltern_Lehrer_003-1.jpg\" class=\"vc_single_image-img attachment-full\" alt=\"\" title=\"Dzia\u0142 Sprzeda\u017cy_CTA\" srcset=\"https:\/\/www.vangraaf.com\/pl\/wp-content\/uploads\/sites\/10\/2022\/03\/M1_F_Schueler_Eltern_Lehrer_003-1.jpg 378w, https:\/\/www.vangraaf.com\/pl\/wp-content\/uploads\/sites\/10\/2022\/03\/M1_F_Schueler_Eltern_Lehrer_003-1-201x300.jpg 201w\" sizes=\"(max-width: 378px) 100vw, 378px\" \/><\/a><\/div><div class=\"cta-teaser__text\"><h3>Dzia\u0142 Sprzeda\u017cy<\/h3><p>Uwielbiasz mod\u0119? My tak\u017ce! B\u0119dziesz codziennie dzieli\u0107 si\u0119 z naszymi klientami swoj\u0105 pasj\u0105 do mody, pomaga\u0107 im w doborze idealnego stroju i dba\u0107 o doskona\u0142\u0105 atmosfer\u0119 podczas zakup\u00f3w!<\/p><a class=\"button\" href=\"https:\/\/www.vangraaf.com\/pl\/kariera\/praca-i-kariera\/dzial-sprzedazy\/\" target=\"_self\" rel=\"\" style=\"\">Dowiedz&shy; si\u0119 wi\u0119cej<\/a><\/div><\/div>[\/vc_column_inner][vc_column_inner width=&#8221;1\/3&#8243;]<div class=\"vg-element cta-teaser cta-teaser--center\" data-aos=\"fade-up\"><div class=\"cta-teaser__image\"><a class=\"\" href=\"https:\/\/www.vangraaf.com\/pl\/kariera\/praca-i-kariera\/dzial-logistyki\/\" target=\"_self\" rel=\"\" style=\"\"><img loading=\"lazy\" decoding=\"async\" width=\"378\" height=\"565\" src=\"https:\/\/www.vangraaf.com\/pl\/wp-content\/uploads\/sites\/10\/2022\/03\/M8_E_VK_Logistik_055_1.jpg\" class=\"vc_single_image-img attachment-full\" alt=\"\" title=\"Logistyk i technik_CTA\" srcset=\"https:\/\/www.vangraaf.com\/pl\/wp-content\/uploads\/sites\/10\/2022\/03\/M8_E_VK_Logistik_055_1.jpg 378w, https:\/\/www.vangraaf.com\/pl\/wp-content\/uploads\/sites\/10\/2022\/03\/M8_E_VK_Logistik_055_1-201x300.jpg 201w\" sizes=\"(max-width: 378px) 100vw, 378px\" \/><\/a><\/div><div class=\"cta-teaser__text\"><h3>Logistyk i technik<\/h3><p>Lubisz prac\u0119 w logistyce? Jeste\u015b fachowcem i znasz si\u0119 na instalacjach technicznych? Jako pracownik lub kierownik \u2013 w naszym Dziale Logistyki czekaj\u0105 na Ciebie ciekawe wyzwania!<\/p><a class=\"button\" href=\"https:\/\/www.vangraaf.com\/pl\/kariera\/praca-i-kariera\/dzial-logistyki\/\" target=\"_self\" rel=\"\" style=\"\">Dowiedz&shy; si\u0119 wi\u0119cej<\/a><\/div><\/div>[\/vc_column_inner][vc_column_inner width=&#8221;1\/3&#8243;]<div class=\"vg-element cta-teaser cta-teaser--center\" data-aos=\"fade-up\"><div class=\"cta-teaser__image\"><a class=\"\" href=\"https:\/\/www.vangraaf.com\/pl\/kariera\/praca-i-kariera\/dzial-dekoracji\/\" target=\"_self\" rel=\"\" style=\"\"><img loading=\"lazy\" decoding=\"async\" width=\"378\" height=\"565\" src=\"https:\/\/www.vangraaf.com\/pl\/wp-content\/uploads\/sites\/10\/2022\/03\/M4_C_Berufserfahrene_083-1.jpg\" class=\"vc_single_image-img attachment-full\" alt=\"\" title=\"Dekorator_CTA\" srcset=\"https:\/\/www.vangraaf.com\/pl\/wp-content\/uploads\/sites\/10\/2022\/03\/M4_C_Berufserfahrene_083-1.jpg 378w, https:\/\/www.vangraaf.com\/pl\/wp-content\/uploads\/sites\/10\/2022\/03\/M4_C_Berufserfahrene_083-1-201x300.jpg 201w\" sizes=\"(max-width: 378px) 100vw, 378px\" \/><\/a><\/div><div class=\"cta-teaser__text\"><h3>Dekorator<\/h3><p>Jeste\u015b osob\u0105 kreatywn\u0105, lubisz mod\u0119 i masz wyczucie stylu? Interesujesz si\u0119 aran\u017cacj\u0105 wn\u0119trz i masz zdolno\u015bci manualne? Swoj\u0105 pasj\u0119 rozwiniesz w Dziale Dekoracji VAN GRAAF!<\/p><a class=\"button\" href=\"https:\/\/www.vangraaf.com\/pl\/kariera\/praca-i-kariera\/dzial-dekoracji\/\" target=\"_self\" rel=\"\" style=\"\">Dowiedz&shy; si\u0119 wi\u0119cej<\/a><\/div><\/div>[\/vc_column_inner][\/vc_row_inner][\/vc_column][\/vc_row][vc_row][vc_column]\n        <div class=\"vg-element promo-teaser promo-teaser--  promo-teaser--\" style=\"--season-color: #ffffff;\" data-aos=\"fade-up\">\n            <div class=\"vc_row vc_row-flex\">\n                <div class=\"vc_col-sm-6 promo-teaser__image\">\n                    <a class=\"\" href=\"https:\/\/www.vangraaf.com\/pl\/kariera\/praca-i-kariera\/aplikacja-spontaniczna\/\" target=\"_self\" rel=\"\" style=\"\"><img loading=\"lazy\" decoding=\"async\" width=\"599\" height=\"549\" src=\"https:\/\/www.vangraaf.com\/pl\/wp-content\/uploads\/sites\/10\/2022\/03\/M9_E_VK_ZENTRALEE-COMMERCE_134-1.jpg\" class=\"vc_single_image-img\" alt=\"\" srcset=\"https:\/\/www.vangraaf.com\/pl\/wp-content\/uploads\/sites\/10\/2022\/03\/M9_E_VK_ZENTRALEE-COMMERCE_134-1.jpg 599w, https:\/\/www.vangraaf.com\/pl\/wp-content\/uploads\/sites\/10\/2022\/03\/M9_E_VK_ZENTRALEE-COMMERCE_134-1-300x275.jpg 300w, https:\/\/www.vangraaf.com\/pl\/wp-content\/uploads\/sites\/10\/2022\/03\/M9_E_VK_ZENTRALEE-COMMERCE_134-1-480x440.jpg 480w\" sizes=\"(max-width: 599px) 100vw, 599px\" \/><\/a>\n                <\/div>\n                <div class=\"vc_col-sm-6\">\n                    <div class=\"promo-teaser__content-wrapper\">\n                        <div class=\"promo-teaser__content promo-teaser__content--center\"><h3>Aplikacja spontaniczna<\/h3><p>Chcia\u0142(a)by\u015b pracowa\u0107 <span class=\"nobr\">w VAN GRAAF,<\/span> ale nie ma aktualnie ofert pracy, kt\u00f3re <span class=\"nobr\">s\u0105 dla Ciebie<\/span> interesuj\u0105ce? Wy\u015blij <span class=\"nobr\">do nas spontanicznie<\/span> swoje cv! Mo\u017cliwe, <span class=\"nobr\">\u017ce ju\u017c jutro<\/span> pojawi <span class=\"nobr\">si\u0119 dla Ciebie<\/span> idealna oferta pracy <span class=\"nobr\">w jednym<\/span> <span class=\"nobr\">z naszych<\/span> sklep\u00f3w stacjonarnych.<\/p>\n<a class=\"button button--\" href=\"https:\/\/www.vangraaf.com\/pl\/kariera\/praca-i-kariera\/aplikacja-spontaniczna\/\" target=\"_self\" rel=\"\" style=\"\">Dowiedz si\u0119 wi\u0119cej<\/a><\/div>\n                    <\/div>\n                <\/div>\n            <\/div>\n        <\/div>[\/vc_column][\/vc_row][vc_row][vc_column]<div class=\"quote-teaser quote-teaser--light\" style=\"--bg-image: url(https:\/\/www.vangraaf.com\/pl\/wp-content\/uploads\/sites\/10\/2022\/03\/M7_C_Wir_Headerbild_Gruppe_018-1200x542.jpg); --season-color: #002045\" data-aos=\"fade-up\"><div class=\"vc_row vc_row-flex\"><div class=\"vc_col-sm-6 vc_col-sm-offset-6\"><div class=\"quote-teaser__content\"><img loading=\"lazy\" decoding=\"async\" width=\"768\" height=\"650\" src=\"https:\/\/www.vangraaf.com\/pl\/wp-content\/uploads\/sites\/10\/2022\/03\/M7_C_Wir_Headerbild_Gruppe_018-1.jpg\" class=\"quote-teaser__content__image\" alt=\"\" srcset=\"https:\/\/www.vangraaf.com\/pl\/wp-content\/uploads\/sites\/10\/2022\/03\/M7_C_Wir_Headerbild_Gruppe_018-1.jpg 768w, https:\/\/www.vangraaf.com\/pl\/wp-content\/uploads\/sites\/10\/2022\/03\/M7_C_Wir_Headerbild_Gruppe_018-1-300x254.jpg 300w, https:\/\/www.vangraaf.com\/pl\/wp-content\/uploads\/sites\/10\/2022\/03\/M7_C_Wir_Headerbild_Gruppe_018-1-480x406.jpg 480w, https:\/\/www.vangraaf.com\/pl\/wp-content\/uploads\/sites\/10\/2022\/03\/M7_C_Wir_Headerbild_Gruppe_018-1-690x584.jpg 690w\" sizes=\"(max-width: 768px) 100vw, 768px\" \/><div class=\"quote-teaser__content__quote\">Topowe marki, fajny zesp\u00f3\u0142 i pole do kreatywnego dzia\u0142ania.<\/div><div class=\"quote-teaser__content__author\"><p>Joanna, Doradca klienta<\/p>\n<\/div><a class=\"button button--light\" href=\"https:\/\/www.vangraaf.com\/pl\/kariera\/praca-i-kariera\/oferty-pracy\/\" target=\"_self\" rel=\"\" style=\"\">Do\u0142\u0105cz do zespo\u0142u!<\/a><\/div><\/div><\/div><\/div>[\/vc_column][\/vc_row]<\/div>","protected":false},"excerpt":{"rendered":"[vc_row bwd_tbc4vd_show_weekday=&#8221;&#8221; full_width=&#8221;stretch_row_content_no_spaces&#8221;][vc_column][vc_column_text] Interesujesz si\u0119 mod\u0105? \u015aledzisz najnowsze trendy? W naszej Firmie rozwiniesz swoj\u0105 pasj\u0119! Nieskomplikowana struktura organizacyjna i proces szybkiego podejmowania decyzji oraz konstruktywny feedback stwarzaj\u0105 korzystne warunki do rozwoju zawodowego i osobistego. Wystarczy ch\u0119\u0107 do nauki, ciekawo\u015b\u0107 i entuzjazm dla kolorowego \u015bwiata mody. [\/vc_column_text][\/vc_column][\/vc_row][vc_row bwd_tbc4vd_show_weekday=&#8221;&#8221;][vc_column][\/vc_column][\/vc_row][vc_row][vc_column][vc_row_inner][vc_column_inner width=&#8221;1\/3&#8243;][\/vc_column_inner][vc_column_inner width=&#8221;1\/3&#8243;][\/vc_column_inner][vc_column_inner width=&#8221;1\/3&#8243;][\/vc_column_inner][\/vc_row_inner][\/vc_column][\/vc_row][vc_row][vc_column][\/vc_column][\/vc_row][vc_row][vc_column][\/vc_column][\/vc_row]","protected":false},"author":6,"featured_media":0,"parent":504,"menu_order":0,"comment_status":"closed","ping_status":"closed","template":"","meta":{"_acf_changed":false,"inline_featured_image":false,"footnotes":""},"class_list":["post-513","page","type-page","status-publish","hentry"],"acf":[],"yoast_head":"<!-- This site is optimized with the Yoast SEO plugin v27.2 - https:\/\/yoast.com\/product\/yoast-seo-wordpress\/ -->\n<title>Aktualne oferty pracy w VAN GRAAF<\/title>\n<meta name=\"description\" content=\"Znajd\u017a swoj\u0105 wymarzon\u0105 prac\u0119 w VAN GRAAF! Dopiero zaczynasz swoj\u0105 karier\u0119 zawodow\u0105? A mo\u017ce masz ju\u017c do\u015bwiadczenie w bran\u017cy? Ch\u0119tnie z Tob\u0105 porozmawiamy o mo\u017cliwo\u015bciach rozwoju w naszej Firmie!\" \/>\n<meta name=\"robots\" content=\"index, follow, max-snippet:-1, max-image-preview:large, max-video-preview:-1\" \/>\n<link rel=\"canonical\" href=\"https:\/\/www.vangraaf.com\/pl\/kariera\/praca-i-kariera\/\" \/>\n<meta property=\"og:locale\" content=\"pl_PL\" \/>\n<meta property=\"og:type\" content=\"article\" \/>\n<meta property=\"og:title\" content=\"Aktualne oferty pracy w VAN GRAAF\" \/>\n<meta property=\"og:description\" content=\"Znajd\u017a swoj\u0105 wymarzon\u0105 prac\u0119 w VAN GRAAF! Dopiero zaczynasz swoj\u0105 karier\u0119 zawodow\u0105? A mo\u017ce masz ju\u017c do\u015bwiadczenie w bran\u017cy? Ch\u0119tnie z Tob\u0105 porozmawiamy o mo\u017cliwo\u015bciach rozwoju w naszej Firmie!\" \/>\n<meta property=\"og:url\" content=\"https:\/\/www.vangraaf.com\/pl\/kariera\/praca-i-kariera\/\" \/>\n<meta property=\"og:site_name\" content=\"VAN GRAAF Polska\" \/>\n<meta property=\"article:modified_time\" content=\"2022-07-29T10:35:32+00:00\" \/>\n<meta name=\"twitter:card\" content=\"summary_large_image\" \/>\n<meta name=\"twitter:label1\" content=\"Szacowany czas czytania\" \/>\n\t<meta name=\"twitter:data1\" content=\"3 minuty\" \/>\n<script type=\"application\/ld+json\" class=\"yoast-schema-graph\">{\"@context\":\"https:\/\/schema.org\",\"@graph\":[{\"@type\":\"WebPage\",\"@id\":\"https:\/\/www.vangraaf.com\/pl\/kariera\/praca-i-kariera\/\",\"url\":\"https:\/\/www.vangraaf.com\/pl\/kariera\/praca-i-kariera\/\",\"name\":\"Aktualne oferty pracy w VAN GRAAF\",\"isPartOf\":{\"@id\":\"https:\/\/www.vangraaf.com\/pl\/#website\"},\"datePublished\":\"2022-02-15T09:13:05+00:00\",\"dateModified\":\"2022-07-29T10:35:32+00:00\",\"description\":\"Znajd\u017a swoj\u0105 wymarzon\u0105 prac\u0119 w VAN GRAAF! Dopiero zaczynasz swoj\u0105 karier\u0119 zawodow\u0105? A mo\u017ce masz ju\u017c do\u015bwiadczenie w bran\u017cy? Ch\u0119tnie z Tob\u0105 porozmawiamy o mo\u017cliwo\u015bciach rozwoju w naszej Firmie!\",\"breadcrumb\":{\"@id\":\"https:\/\/www.vangraaf.com\/pl\/kariera\/praca-i-kariera\/#breadcrumb\"},\"inLanguage\":\"pl-PL\",\"potentialAction\":[{\"@type\":\"ReadAction\",\"target\":[\"https:\/\/www.vangraaf.com\/pl\/kariera\/praca-i-kariera\/\"]}]},{\"@type\":\"BreadcrumbList\",\"@id\":\"https:\/\/www.vangraaf.com\/pl\/kariera\/praca-i-kariera\/#breadcrumb\",\"itemListElement\":[{\"@type\":\"ListItem\",\"position\":1,\"name\":\"Startseite\",\"item\":\"https:\/\/www.vangraaf.com\/pl\/\"},{\"@type\":\"ListItem\",\"position\":2,\"name\":\"Kariera\",\"item\":\"https:\/\/www.vangraaf.com\/pl\/kariera\/\"},{\"@type\":\"ListItem\",\"position\":3,\"name\":\"Praca i kariera\"}]},{\"@type\":\"WebSite\",\"@id\":\"https:\/\/www.vangraaf.com\/pl\/#website\",\"url\":\"https:\/\/www.vangraaf.com\/pl\/\",\"name\":\"VAN GRAAF\",\"description\":\"VAN GRAAF\",\"potentialAction\":[{\"@type\":\"SearchAction\",\"target\":{\"@type\":\"EntryPoint\",\"urlTemplate\":\"https:\/\/www.vangraaf.com\/pl\/?s={search_term_string}\"},\"query-input\":{\"@type\":\"PropertyValueSpecification\",\"valueRequired\":true,\"valueName\":\"search_term_string\"}}],\"inLanguage\":\"pl-PL\"}]}<\/script>\n<!-- \/ Yoast SEO plugin. -->","yoast_head_json":{"title":"Aktualne oferty pracy w VAN GRAAF","description":"Znajd\u017a swoj\u0105 wymarzon\u0105 prac\u0119 w VAN GRAAF! Dopiero zaczynasz swoj\u0105 karier\u0119 zawodow\u0105? A mo\u017ce masz ju\u017c do\u015bwiadczenie w bran\u017cy? Ch\u0119tnie z Tob\u0105 porozmawiamy o mo\u017cliwo\u015bciach rozwoju w naszej Firmie!","robots":{"index":"index","follow":"follow","max-snippet":"max-snippet:-1","max-image-preview":"max-image-preview:large","max-video-preview":"max-video-preview:-1"},"canonical":"https:\/\/www.vangraaf.com\/pl\/kariera\/praca-i-kariera\/","og_locale":"pl_PL","og_type":"article","og_title":"Aktualne oferty pracy w VAN GRAAF","og_description":"Znajd\u017a swoj\u0105 wymarzon\u0105 prac\u0119 w VAN GRAAF! Dopiero zaczynasz swoj\u0105 karier\u0119 zawodow\u0105? A mo\u017ce masz ju\u017c do\u015bwiadczenie w bran\u017cy? Ch\u0119tnie z Tob\u0105 porozmawiamy o mo\u017cliwo\u015bciach rozwoju w naszej Firmie!","og_url":"https:\/\/www.vangraaf.com\/pl\/kariera\/praca-i-kariera\/","og_site_name":"VAN GRAAF Polska","article_modified_time":"2022-07-29T10:35:32+00:00","twitter_card":"summary_large_image","twitter_misc":{"Szacowany czas czytania":"3 minuty"},"schema":{"@context":"https:\/\/schema.org","@graph":[{"@type":"WebPage","@id":"https:\/\/www.vangraaf.com\/pl\/kariera\/praca-i-kariera\/","url":"https:\/\/www.vangraaf.com\/pl\/kariera\/praca-i-kariera\/","name":"Aktualne oferty pracy w VAN GRAAF","isPartOf":{"@id":"https:\/\/www.vangraaf.com\/pl\/#website"},"datePublished":"2022-02-15T09:13:05+00:00","dateModified":"2022-07-29T10:35:32+00:00","description":"Znajd\u017a swoj\u0105 wymarzon\u0105 prac\u0119 w VAN GRAAF! Dopiero zaczynasz swoj\u0105 karier\u0119 zawodow\u0105? A mo\u017ce masz ju\u017c do\u015bwiadczenie w bran\u017cy? Ch\u0119tnie z Tob\u0105 porozmawiamy o mo\u017cliwo\u015bciach rozwoju w naszej Firmie!","breadcrumb":{"@id":"https:\/\/www.vangraaf.com\/pl\/kariera\/praca-i-kariera\/#breadcrumb"},"inLanguage":"pl-PL","potentialAction":[{"@type":"ReadAction","target":["https:\/\/www.vangraaf.com\/pl\/kariera\/praca-i-kariera\/"]}]},{"@type":"BreadcrumbList","@id":"https:\/\/www.vangraaf.com\/pl\/kariera\/praca-i-kariera\/#breadcrumb","itemListElement":[{"@type":"ListItem","position":1,"name":"Startseite","item":"https:\/\/www.vangraaf.com\/pl\/"},{"@type":"ListItem","position":2,"name":"Kariera","item":"https:\/\/www.vangraaf.com\/pl\/kariera\/"},{"@type":"ListItem","position":3,"name":"Praca i kariera"}]},{"@type":"WebSite","@id":"https:\/\/www.vangraaf.com\/pl\/#website","url":"https:\/\/www.vangraaf.com\/pl\/","name":"VAN GRAAF","description":"VAN GRAAF","potentialAction":[{"@type":"SearchAction","target":{"@type":"EntryPoint","urlTemplate":"https:\/\/www.vangraaf.com\/pl\/?s={search_term_string}"},"query-input":{"@type":"PropertyValueSpecification","valueRequired":true,"valueName":"search_term_string"}}],"inLanguage":"pl-PL"}]}},"_links":{"self":[{"href":"https:\/\/www.vangraaf.com\/pl\/wp-json\/wp\/v2\/pages\/513","targetHints":{"allow":["GET"]}}],"collection":[{"href":"https:\/\/www.vangraaf.com\/pl\/wp-json\/wp\/v2\/pages"}],"about":[{"href":"https:\/\/www.vangraaf.com\/pl\/wp-json\/wp\/v2\/types\/page"}],"author":[{"embeddable":true,"href":"https:\/\/www.vangraaf.com\/pl\/wp-json\/wp\/v2\/users\/6"}],"replies":[{"embeddable":true,"href":"https:\/\/www.vangraaf.com\/pl\/wp-json\/wp\/v2\/comments?post=513"}],"version-history":[{"count":24,"href":"https:\/\/www.vangraaf.com\/pl\/wp-json\/wp\/v2\/pages\/513\/revisions"}],"predecessor-version":[{"id":948,"href":"https:\/\/www.vangraaf.com\/pl\/wp-json\/wp\/v2\/pages\/513\/revisions\/948"}],"up":[{"embeddable":true,"href":"https:\/\/www.vangraaf.com\/pl\/wp-json\/wp\/v2\/pages\/504"}],"wp:attachment":[{"href":"https:\/\/www.vangraaf.com\/pl\/wp-json\/wp\/v2\/media?parent=513"}],"curies":[{"name":"wp","href":"https:\/\/api.w.org\/{rel}","templated":true}]}}