{"id":506,"date":"2022-02-15T10:00:41","date_gmt":"2022-02-15T09:00:41","guid":{"rendered":"https:\/\/www.vangraaf.com\/pl\/?page_id=506"},"modified":"2022-07-29T12:59:31","modified_gmt":"2022-07-29T10:59:31","slug":"kontakt","status":"publish","type":"page","link":"https:\/\/www.vangraaf.com\/pl\/kariera\/kontakt\/","title":{"rendered":"Kontakt"},"content":{"rendered":"<div class=\"wpb-content-wrapper\">[vc_row bwd_tbc4vd_show_weekday=&#8221;&#8221; full_width=&#8221;stretch_row_content_no_spaces&#8221;][vc_column]<div class=\"keyvisual\" data-aos=\"fade-up\" ><img loading=\"lazy\" decoding=\"async\" width=\"1440\" height=\"480\" src=\"https:\/\/www.vangraaf.com\/pl\/wp-content\/uploads\/sites\/10\/2022\/03\/M10_M_Portraits_Buero_124.jpg\" class=\"vc_single_image-img keyvisual__image--big\" alt=\"\" srcset=\"https:\/\/www.vangraaf.com\/pl\/wp-content\/uploads\/sites\/10\/2022\/03\/M10_M_Portraits_Buero_124.jpg 1440w, https:\/\/www.vangraaf.com\/pl\/wp-content\/uploads\/sites\/10\/2022\/03\/M10_M_Portraits_Buero_124-300x100.jpg 300w, https:\/\/www.vangraaf.com\/pl\/wp-content\/uploads\/sites\/10\/2022\/03\/M10_M_Portraits_Buero_124-1024x341.jpg 1024w, https:\/\/www.vangraaf.com\/pl\/wp-content\/uploads\/sites\/10\/2022\/03\/M10_M_Portraits_Buero_124-768x256.jpg 768w, https:\/\/www.vangraaf.com\/pl\/wp-content\/uploads\/sites\/10\/2022\/03\/M10_M_Portraits_Buero_124-1200x400.jpg 1200w, https:\/\/www.vangraaf.com\/pl\/wp-content\/uploads\/sites\/10\/2022\/03\/M10_M_Portraits_Buero_124-992x331.jpg 992w, https:\/\/www.vangraaf.com\/pl\/wp-content\/uploads\/sites\/10\/2022\/03\/M10_M_Portraits_Buero_124-480x160.jpg 480w, https:\/\/www.vangraaf.com\/pl\/wp-content\/uploads\/sites\/10\/2022\/03\/M10_M_Portraits_Buero_124-690x230.jpg 690w\" sizes=\"(max-width: 1440px) 100vw, 1440px\" \/><img loading=\"lazy\" decoding=\"async\" width=\"768\" height=\"250\" src=\"https:\/\/www.vangraaf.com\/pl\/wp-content\/uploads\/sites\/10\/2022\/03\/M10_M_Portraits_Buero_124-1.jpg\" class=\"vc_single_image-img keyvisual__image--small\" alt=\"\" srcset=\"https:\/\/www.vangraaf.com\/pl\/wp-content\/uploads\/sites\/10\/2022\/03\/M10_M_Portraits_Buero_124-1.jpg 768w, https:\/\/www.vangraaf.com\/pl\/wp-content\/uploads\/sites\/10\/2022\/03\/M10_M_Portraits_Buero_124-1-300x98.jpg 300w, https:\/\/www.vangraaf.com\/pl\/wp-content\/uploads\/sites\/10\/2022\/03\/M10_M_Portraits_Buero_124-1-480x156.jpg 480w, https:\/\/www.vangraaf.com\/pl\/wp-content\/uploads\/sites\/10\/2022\/03\/M10_M_Portraits_Buero_124-1-690x225.jpg 690w\" sizes=\"(max-width: 768px) 100vw, 768px\" \/><\/div>\n        <div class=\"headlines headlines--center\" data-aos=\"fade-up\">\n            <div class=\"vc_row\">\n                <div class=\"vc_col-md-10 vc_col-md-offset-1 vc_col-lg-10 vc_col-lg-offset-1\"><span class=\"h6\">Bezpo\u015bredni kontakt do VAN GRAAF<\/span><h1 class=\"h2\">Kontakt<\/h1><\/div>\n            <\/div>\n        <\/div>[vc_column_text]\r\n<p style=\"text-align: center\">Masz pytania dotycz\u0105ce rozpocz\u0119cia pracy <span class=\"nobr\">w VAN GRAAF?<\/span> Czekamy <span class=\"nobr\">na wiadomo\u015b\u0107<\/span> <span class=\"nobr\">od Ciebie!<\/span> Prze\u015blij <span class=\"nobr\">nam informacje<\/span> <span class=\"nobr\">za pomoc\u0105<\/span> formularza kontaktowego <span class=\"nobr\">lub zadzwo\u0144<\/span> <span class=\"nobr\">do nas. Chcesz<\/span> <span class=\"nobr\">do nas zaaplikowa\u0107?<\/span> Skorzystaj <span class=\"nobr\">z formularza<\/span> <span class=\"nobr\">w zak\u0142adce<\/span> <a href=\"https:\/\/www.vangraaf.com\/pl\/kariera\/praca-i-kariera\/\">Oferty pracy<\/a>. Aplikacje z\u0142o\u017cone <span class=\"nobr\">za po\u015brednictwem<\/span> formularza kontaktowego <span class=\"nobr\">nie b\u0119d\u0105 uwzgl\u0119dniane.<\/span><\/p>\r\n[\/vc_column_text][\/vc_column][\/vc_row][vc_row][vc_column]\n<div class=\"wpcf7 no-js\" id=\"wpcf7-f508-o1\" lang=\"pl-PL\" dir=\"ltr\" data-wpcf7-id=\"508\">\n<div class=\"screen-reader-response\"><p role=\"status\" aria-live=\"polite\" aria-atomic=\"true\"><\/p> <ul><\/ul><\/div>\n<form action=\"\/pl\/wp-json\/wp\/v2\/pages\/506#wpcf7-f508-o1\" method=\"post\" class=\"wpcf7-form init wpcf7-acceptance-as-validation\" aria-label=\"Formularz kontaktowy\" novalidate=\"novalidate\" data-status=\"init\">\n<fieldset class=\"hidden-fields-container\"><input type=\"hidden\" name=\"_wpcf7\" value=\"508\" \/><input type=\"hidden\" name=\"_wpcf7_version\" value=\"6.1.5\" \/><input type=\"hidden\" name=\"_wpcf7_locale\" value=\"pl_PL\" \/><input type=\"hidden\" name=\"_wpcf7_unit_tag\" value=\"wpcf7-f508-o1\" \/><input type=\"hidden\" name=\"_wpcf7_container_post\" value=\"0\" \/><input type=\"hidden\" name=\"_wpcf7_posted_data_hash\" value=\"\" \/><input type=\"hidden\" name=\"_cf7a__timestamp\" value=\"fNbj7HrJh4jduE1NtNALAA==\" \/><input type=\"hidden\" name=\"_cf7a_version\" value=\"1.0\" \/><input type=\"hidden\" name=\"_cf7a_address\" value=\"\" \/><input type=\"hidden\" name=\"_cf7a_referer\" value=\"\" \/><input type=\"hidden\" name=\"_cf7a_protocol\" value=\"\" \/><input type=\"hidden\" name=\"_cf7a_bot_fingerprint\" value=\"fNbj7HrJh4jduE1NtNALAA==\" \/><input type=\"hidden\" name=\"_cf7a_bot_fingerprint_extras\" \/><input type=\"hidden\" name=\"_cf7a_append_on_submit\" \/>\n<\/fieldset>\n<div class=\"vc_row\">\n<div class=\"vc_col-sm-6\">\n<div class=\"form-element form-element--select\">\n<span class=\"wpcf7-form-control-wrap recipient\" data-name=\"recipient\"><select class=\"wpcf7-form-control wpcf7-contact_person_select wpcf7-validates-as-required\" required=\"true\" aria-required=\"true\" aria-invalid=\"false\" name=\"recipient\"><option value=\"\">Kontakt*<\/option><optgroup label=\"Pozosta\u0142e stanowiska\"><option value=\"845\">Anna Czupry\u0144ska<\/option><\/optgroup><optgroup label=\"Stanowiska kierownicze\"><option value=\"844\">Sylwia Szyma\u0144ska<\/option><\/optgroup><\/select><\/span>\n<\/div>\n<\/div>\n<\/div>\n\n<div class=\"vc_row\">\n<div class=\"vc_col-sm-6\">\n<div class=\"form-element form-element--input\">\n<span class=\"wpcf7-form-control-wrap\" data-name=\"firstname\"><input size=\"40\" maxlength=\"400\" class=\"wpcf7-form-control wpcf7-text wpcf7-validates-as-required\" id=\"firstname\" aria-required=\"true\" aria-invalid=\"false\" value=\"\" type=\"text\" name=\"firstname\" \/><\/span> <label for=\"firstname\">Imi\u0119*<\/label>\n<\/div>\n<\/div>\n<div class=\"vc_col-sm-6\">\n<div class=\"form-element form-element--input\">\n<span class=\"wpcf7-form-control-wrap\" data-name=\"lastname\"><input size=\"40\" maxlength=\"400\" class=\"wpcf7-form-control wpcf7-text wpcf7-validates-as-required\" id=\"lastname\" aria-required=\"true\" aria-invalid=\"false\" value=\"\" type=\"text\" name=\"lastname\" \/><\/span> <label for=\"lastname\">Nazwisko*<\/label>\n<\/div>\n<\/div>\n<\/div>\n\n<div class=\"vc_row\">\n<div class=\"vc_col-sm-6\">\n<div class=\"form-element form-element--input\">\n<span class=\"wpcf7-form-control-wrap\" data-name=\"email\"><input size=\"40\" maxlength=\"400\" class=\"wpcf7-form-control wpcf7-email wpcf7-validates-as-required wpcf7-text wpcf7-validates-as-email\" id=\"email\" aria-required=\"true\" aria-invalid=\"false\" value=\"\" type=\"email\" name=\"email\" \/><\/span> <label for=\"email\">E-mail*<\/label>\n<\/div>\n<\/div>\n<\/div>\n\n<div class=\"vc_row\">\n<div class=\"vc_col-sm-12\">\n<div class=\"form-element form-element--textarea\">\n<span class=\"wpcf7-form-control-wrap\" data-name=\"message\"><textarea cols=\"40\" rows=\"10\" maxlength=\"2000\" class=\"wpcf7-form-control wpcf7-textarea wpcf7-validates-as-required\" id=\"message\" aria-required=\"true\" aria-invalid=\"false\" name=\"message\"><\/textarea><\/span> <label for=\"message\">Twoja wiadomo\u015b\u0107*<\/label>\n<\/div>\n<\/div>\n<\/div>\n\n<div class=\"vc_row\">\n<div class=\"vc_col-sm-12\">\n<div class=\"form-element form-element--checkbox\">\n<span class=\"wpcf7-form-control-wrap\" data-name=\"privacy\"><span class=\"wpcf7-form-control wpcf7-acceptance\"><span class=\"wpcf7-list-item\"><input type=\"checkbox\" name=\"privacy\" value=\"1\" id=\"privacy\" aria-invalid=\"false\" \/><\/span><\/span><\/span> <label for=\"privacy\">* Zgadzam si\u0119 na przetwarzanie moich danych osobowych przez VAN&nbsp;GRAAF i przekazanie mojego zapytania za po\u015brednictwem poczty e-mail, telefonicznie i\/ lub drog\u0105 pocztow\u0105. Znam zasady <a href=\"\/pl\/polityka-prywatnosci\/\" target=\"_blank\">polityki prywatno\u015bci<\/a> VAN&nbsp;GRAAF i akceptuj\u0119 je.*<\/label>\n<\/div>\n<\/div>\n<\/div>\n\n<div class=\"vc_row\">\n<div class=\"vc_col-sm-12\">\n<small>Prosz\u0119 uzupe\u0142ni\u0107 wszystkie pola zaznaczone *<\/small>\n<\/div>\n<\/div>\n\n<div class=\"wpcf7-response-output\" aria-hidden=\"true\"><\/div>\n\n<div class=\"vc_row\">\n<div class=\"vc_col-sm-12 form__buttons\">\n<button id=\"submit\" type=\"submit\" class=\"wpcf7-form-control wpcf7-submit button\">Wy\u015blij<\/button>\n<\/div>\n<\/div>\n\n<span id=\"wpcf7-69fcac94b4be1-wrapper\" class=\"wpcf7-form-control-wrap credit-card-wrap\" ><input type=\"hidden\" name=\"credit-card-time-start\" value=\"1778166932\"><input type=\"hidden\" name=\"credit-card-time-check\" value=\"4\"><input id=\"wpcf7-69fcac94b4be1-field\"  class=\"wpcf7-form-control wpcf7-text\" type=\"text\" name=\"credit-card\" value=\"\" size=\"40\" tabindex=\"-1\" autocomplete=\"new-password\" \/><\/span>\n<\/form>\n<\/div>\n[\/vc_column][\/vc_row][vc_row][vc_column]<div class=\"vg-element contact-persons-teaser\" data-aos=\"fade-up\"><div class=\"vc_row\"><div class=\"vc_col-md-10 vc_col-md-offset-1\"><div class=\"contact-persons-teaser__items vc_row\"><div class=\"contact-persons-teaser__item vc_col-sm-6\"><div class=\"vc_row vc_row-flex\"><div class=\"vc_col-xs-4 contact-persons-teaser__item__image\"><img loading=\"lazy\" decoding=\"async\" width=\"280\" height=\"280\" src=\"https:\/\/www.vangraaf.com\/pl\/wp-content\/uploads\/sites\/10\/2022\/03\/Foto_Sylwia-Szymanska-1-280x280.jpg\" class=\"attachment-van-graaf-small-square-teaser size-van-graaf-small-square-teaser\" alt=\"\" srcset=\"https:\/\/www.vangraaf.com\/pl\/wp-content\/uploads\/sites\/10\/2022\/03\/Foto_Sylwia-Szymanska-1-280x280.jpg 280w, https:\/\/www.vangraaf.com\/pl\/wp-content\/uploads\/sites\/10\/2022\/03\/Foto_Sylwia-Szymanska-1-300x300.jpg 300w, https:\/\/www.vangraaf.com\/pl\/wp-content\/uploads\/sites\/10\/2022\/03\/Foto_Sylwia-Szymanska-1-150x150.jpg 150w, https:\/\/www.vangraaf.com\/pl\/wp-content\/uploads\/sites\/10\/2022\/03\/Foto_Sylwia-Szymanska-1.jpg 400w\" sizes=\"(max-width: 280px) 100vw, 280px\" \/><\/div><div class=\"vc_col-xs-8 contact-persons-teaser__item__text\"><div class=\"contact-persons-teaser__item__text__inner\"><span class=\"h4\">Stanowiska kierownicze <\/span><p><span class=\"contact-persons-teaser__item__name\">Sylwia Szyma\u0144ska<\/span><br\/><a class=\"contact-persons-teaser__item__phone\" href=\"tel:+48222221092\">+48 22 222 10 92<\/a><br\/><a class=\"contact-persons-teaser__item__email\" href=\"mailto:Sylwia.Szymanska@vangraaf.pl\">Wy\u015blij e-mail<\/a><\/p><\/div><\/div><\/div><\/div><div class=\"contact-persons-teaser__item vc_col-sm-6\"><div class=\"vc_row vc_row-flex\"><div class=\"vc_col-xs-4 contact-persons-teaser__item__image\"><img loading=\"lazy\" decoding=\"async\" width=\"280\" height=\"280\" src=\"https:\/\/www.vangraaf.com\/pl\/wp-content\/uploads\/sites\/10\/2022\/03\/Foto_Anna-Czuprynska-1-280x280.jpg\" class=\"attachment-van-graaf-small-square-teaser size-van-graaf-small-square-teaser\" alt=\"\" srcset=\"https:\/\/www.vangraaf.com\/pl\/wp-content\/uploads\/sites\/10\/2022\/03\/Foto_Anna-Czuprynska-1-280x280.jpg 280w, https:\/\/www.vangraaf.com\/pl\/wp-content\/uploads\/sites\/10\/2022\/03\/Foto_Anna-Czuprynska-1-300x300.jpg 300w, https:\/\/www.vangraaf.com\/pl\/wp-content\/uploads\/sites\/10\/2022\/03\/Foto_Anna-Czuprynska-1-150x150.jpg 150w, https:\/\/www.vangraaf.com\/pl\/wp-content\/uploads\/sites\/10\/2022\/03\/Foto_Anna-Czuprynska-1.jpg 400w\" sizes=\"(max-width: 280px) 100vw, 280px\" \/><\/div><div class=\"vc_col-xs-8 contact-persons-teaser__item__text\"><div class=\"contact-persons-teaser__item__text__inner\"><span class=\"h4\">Pozosta\u0142e stanowiska<\/span><p><span class=\"contact-persons-teaser__item__name\">Anna Czupry\u0144ska<\/span><br\/><a class=\"contact-persons-teaser__item__phone\" href=\"tel:+48222221090\">+48 22 222 10 90<\/a><br\/><a class=\"contact-persons-teaser__item__email\" href=\"mailto:Anna.Czuprynska@vangraaf.pl\">Wy\u015blij e-mail<\/a><\/p><\/div><\/div><\/div><\/div><\/div><\/div><\/div><\/div>[\/vc_column][\/vc_row]<\/div>","protected":false},"excerpt":{"rendered":"[vc_row bwd_tbc4vd_show_weekday=&#8221;&#8221; full_width=&#8221;stretch_row_content_no_spaces&#8221;][vc_column][vc_column_text] Masz pytania dotycz\u0105ce rozpocz\u0119cia pracy w VAN GRAAF? Czekamy na wiadomo\u015b\u0107 od Ciebie! Prze\u015blij nam informacje za pomoc\u0105 formularza kontaktowego lub zadzwo\u0144 do nas. Chcesz do nas zaaplikowa\u0107? Skorzystaj z formularza w zak\u0142adce Oferty pracy. Aplikacje z\u0142o\u017cone za po\u015brednictwem formularza kontaktowego nie b\u0119d\u0105 uwzgl\u0119dniane. [\/vc_column_text][\/vc_column][\/vc_row][vc_row][vc_column][\/vc_column][\/vc_row][vc_row][vc_column][\/vc_column][\/vc_row]","protected":false},"author":6,"featured_media":0,"parent":504,"menu_order":0,"comment_status":"closed","ping_status":"closed","template":"","meta":{"_acf_changed":false,"inline_featured_image":false,"footnotes":""},"class_list":["post-506","page","type-page","status-publish","hentry"],"acf":[],"yoast_head":"<!-- This site is optimized with the Yoast SEO plugin v27.2 - https:\/\/yoast.com\/product\/yoast-seo-wordpress\/ -->\n<title>Kontakt I VAN GRAAF<\/title>\n<meta name=\"description\" content=\"Chcesz uzyska\u0107 informacje o mo\u017cliwo\u015bci rozpocz\u0119cia kariery w VAN GRAAF? Tutaj znajdziesz bezpo\u015bredni kontakt do nas.\" \/>\n<meta name=\"robots\" content=\"index, follow, max-snippet:-1, max-image-preview:large, max-video-preview:-1\" \/>\n<link rel=\"canonical\" href=\"https:\/\/www.vangraaf.com\/pl\/kariera\/kontakt\/\" \/>\n<meta property=\"og:locale\" content=\"pl_PL\" \/>\n<meta property=\"og:type\" content=\"article\" \/>\n<meta property=\"og:title\" content=\"Kontakt I VAN GRAAF\" \/>\n<meta property=\"og:description\" content=\"Chcesz uzyska\u0107 informacje o mo\u017cliwo\u015bci rozpocz\u0119cia kariery w VAN GRAAF? Tutaj znajdziesz bezpo\u015bredni kontakt do nas.\" \/>\n<meta property=\"og:url\" content=\"https:\/\/www.vangraaf.com\/pl\/kariera\/kontakt\/\" \/>\n<meta property=\"og:site_name\" content=\"VAN GRAAF Polska\" \/>\n<meta property=\"article:modified_time\" content=\"2022-07-29T10:59:31+00:00\" \/>\n<meta name=\"twitter:card\" content=\"summary_large_image\" \/>\n<meta name=\"twitter:label1\" content=\"Szacowany czas czytania\" \/>\n\t<meta name=\"twitter:data1\" content=\"1 minuta\" \/>\n<script type=\"application\/ld+json\" class=\"yoast-schema-graph\">{\"@context\":\"https:\/\/schema.org\",\"@graph\":[{\"@type\":\"WebPage\",\"@id\":\"https:\/\/www.vangraaf.com\/pl\/kariera\/kontakt\/\",\"url\":\"https:\/\/www.vangraaf.com\/pl\/kariera\/kontakt\/\",\"name\":\"Kontakt I VAN GRAAF\",\"isPartOf\":{\"@id\":\"https:\/\/www.vangraaf.com\/pl\/#website\"},\"datePublished\":\"2022-02-15T09:00:41+00:00\",\"dateModified\":\"2022-07-29T10:59:31+00:00\",\"description\":\"Chcesz uzyska\u0107 informacje o mo\u017cliwo\u015bci rozpocz\u0119cia kariery w VAN GRAAF? Tutaj znajdziesz bezpo\u015bredni kontakt do nas.\",\"breadcrumb\":{\"@id\":\"https:\/\/www.vangraaf.com\/pl\/kariera\/kontakt\/#breadcrumb\"},\"inLanguage\":\"pl-PL\",\"potentialAction\":[{\"@type\":\"ReadAction\",\"target\":[\"https:\/\/www.vangraaf.com\/pl\/kariera\/kontakt\/\"]}]},{\"@type\":\"BreadcrumbList\",\"@id\":\"https:\/\/www.vangraaf.com\/pl\/kariera\/kontakt\/#breadcrumb\",\"itemListElement\":[{\"@type\":\"ListItem\",\"position\":1,\"name\":\"Startseite\",\"item\":\"https:\/\/www.vangraaf.com\/pl\/\"},{\"@type\":\"ListItem\",\"position\":2,\"name\":\"Kariera\",\"item\":\"https:\/\/www.vangraaf.com\/pl\/kariera\/\"},{\"@type\":\"ListItem\",\"position\":3,\"name\":\"Kontakt\"}]},{\"@type\":\"WebSite\",\"@id\":\"https:\/\/www.vangraaf.com\/pl\/#website\",\"url\":\"https:\/\/www.vangraaf.com\/pl\/\",\"name\":\"VAN GRAAF\",\"description\":\"VAN GRAAF\",\"potentialAction\":[{\"@type\":\"SearchAction\",\"target\":{\"@type\":\"EntryPoint\",\"urlTemplate\":\"https:\/\/www.vangraaf.com\/pl\/?s={search_term_string}\"},\"query-input\":{\"@type\":\"PropertyValueSpecification\",\"valueRequired\":true,\"valueName\":\"search_term_string\"}}],\"inLanguage\":\"pl-PL\"}]}<\/script>\n<!-- \/ Yoast SEO plugin. -->","yoast_head_json":{"title":"Kontakt I VAN GRAAF","description":"Chcesz uzyska\u0107 informacje o mo\u017cliwo\u015bci rozpocz\u0119cia kariery w VAN GRAAF? Tutaj znajdziesz bezpo\u015bredni kontakt do nas.","robots":{"index":"index","follow":"follow","max-snippet":"max-snippet:-1","max-image-preview":"max-image-preview:large","max-video-preview":"max-video-preview:-1"},"canonical":"https:\/\/www.vangraaf.com\/pl\/kariera\/kontakt\/","og_locale":"pl_PL","og_type":"article","og_title":"Kontakt I VAN GRAAF","og_description":"Chcesz uzyska\u0107 informacje o mo\u017cliwo\u015bci rozpocz\u0119cia kariery w VAN GRAAF? Tutaj znajdziesz bezpo\u015bredni kontakt do nas.","og_url":"https:\/\/www.vangraaf.com\/pl\/kariera\/kontakt\/","og_site_name":"VAN GRAAF Polska","article_modified_time":"2022-07-29T10:59:31+00:00","twitter_card":"summary_large_image","twitter_misc":{"Szacowany czas czytania":"1 minuta"},"schema":{"@context":"https:\/\/schema.org","@graph":[{"@type":"WebPage","@id":"https:\/\/www.vangraaf.com\/pl\/kariera\/kontakt\/","url":"https:\/\/www.vangraaf.com\/pl\/kariera\/kontakt\/","name":"Kontakt I VAN GRAAF","isPartOf":{"@id":"https:\/\/www.vangraaf.com\/pl\/#website"},"datePublished":"2022-02-15T09:00:41+00:00","dateModified":"2022-07-29T10:59:31+00:00","description":"Chcesz uzyska\u0107 informacje o mo\u017cliwo\u015bci rozpocz\u0119cia kariery w VAN GRAAF? Tutaj znajdziesz bezpo\u015bredni kontakt do nas.","breadcrumb":{"@id":"https:\/\/www.vangraaf.com\/pl\/kariera\/kontakt\/#breadcrumb"},"inLanguage":"pl-PL","potentialAction":[{"@type":"ReadAction","target":["https:\/\/www.vangraaf.com\/pl\/kariera\/kontakt\/"]}]},{"@type":"BreadcrumbList","@id":"https:\/\/www.vangraaf.com\/pl\/kariera\/kontakt\/#breadcrumb","itemListElement":[{"@type":"ListItem","position":1,"name":"Startseite","item":"https:\/\/www.vangraaf.com\/pl\/"},{"@type":"ListItem","position":2,"name":"Kariera","item":"https:\/\/www.vangraaf.com\/pl\/kariera\/"},{"@type":"ListItem","position":3,"name":"Kontakt"}]},{"@type":"WebSite","@id":"https:\/\/www.vangraaf.com\/pl\/#website","url":"https:\/\/www.vangraaf.com\/pl\/","name":"VAN GRAAF","description":"VAN GRAAF","potentialAction":[{"@type":"SearchAction","target":{"@type":"EntryPoint","urlTemplate":"https:\/\/www.vangraaf.com\/pl\/?s={search_term_string}"},"query-input":{"@type":"PropertyValueSpecification","valueRequired":true,"valueName":"search_term_string"}}],"inLanguage":"pl-PL"}]}},"_links":{"self":[{"href":"https:\/\/www.vangraaf.com\/pl\/wp-json\/wp\/v2\/pages\/506","targetHints":{"allow":["GET"]}}],"collection":[{"href":"https:\/\/www.vangraaf.com\/pl\/wp-json\/wp\/v2\/pages"}],"about":[{"href":"https:\/\/www.vangraaf.com\/pl\/wp-json\/wp\/v2\/types\/page"}],"author":[{"embeddable":true,"href":"https:\/\/www.vangraaf.com\/pl\/wp-json\/wp\/v2\/users\/6"}],"replies":[{"embeddable":true,"href":"https:\/\/www.vangraaf.com\/pl\/wp-json\/wp\/v2\/comments?post=506"}],"version-history":[{"count":10,"href":"https:\/\/www.vangraaf.com\/pl\/wp-json\/wp\/v2\/pages\/506\/revisions"}],"predecessor-version":[{"id":1045,"href":"https:\/\/www.vangraaf.com\/pl\/wp-json\/wp\/v2\/pages\/506\/revisions\/1045"}],"up":[{"embeddable":true,"href":"https:\/\/www.vangraaf.com\/pl\/wp-json\/wp\/v2\/pages\/504"}],"wp:attachment":[{"href":"https:\/\/www.vangraaf.com\/pl\/wp-json\/wp\/v2\/media?parent=506"}],"curies":[{"name":"wp","href":"https:\/\/api.w.org\/{rel}","templated":true}]}}