{"id":481,"date":"2021-12-21T15:16:25","date_gmt":"2021-12-21T14:16:25","guid":{"rendered":"https:\/\/www.vangraaf.com\/pl\/?page_id=481"},"modified":"2024-03-12T15:07:50","modified_gmt":"2024-03-12T14:07:50","slug":"czlowiek","status":"publish","type":"page","link":"https:\/\/www.vangraaf.com\/pl\/przedsiebiorstwo\/zrownowazony-rozwoj\/czlowiek\/","title":{"rendered":"Cz\u0142owiek"},"content":{"rendered":"<div class=\"wpb-content-wrapper\">[vc_row bwd_tbc4vd_show_weekday=&#8221;&#8221; full_width=&#8221;stretch_row_content_no_spaces&#8221;][vc_column]<div class=\"keyvisual\" data-aos=\"fade-up\" ><img loading=\"lazy\" decoding=\"async\" width=\"1440\" height=\"480\" src=\"https:\/\/www.vangraaf.com\/pl\/wp-content\/uploads\/sites\/10\/2022\/01\/M10_M_Portraits_Buero_026.jpg\" class=\"vc_single_image-img keyvisual__image--big\" alt=\"\" srcset=\"https:\/\/www.vangraaf.com\/pl\/wp-content\/uploads\/sites\/10\/2022\/01\/M10_M_Portraits_Buero_026.jpg 1440w, https:\/\/www.vangraaf.com\/pl\/wp-content\/uploads\/sites\/10\/2022\/01\/M10_M_Portraits_Buero_026-300x100.jpg 300w, https:\/\/www.vangraaf.com\/pl\/wp-content\/uploads\/sites\/10\/2022\/01\/M10_M_Portraits_Buero_026-1024x341.jpg 1024w, https:\/\/www.vangraaf.com\/pl\/wp-content\/uploads\/sites\/10\/2022\/01\/M10_M_Portraits_Buero_026-768x256.jpg 768w, https:\/\/www.vangraaf.com\/pl\/wp-content\/uploads\/sites\/10\/2022\/01\/M10_M_Portraits_Buero_026-1200x400.jpg 1200w, https:\/\/www.vangraaf.com\/pl\/wp-content\/uploads\/sites\/10\/2022\/01\/M10_M_Portraits_Buero_026-992x331.jpg 992w, https:\/\/www.vangraaf.com\/pl\/wp-content\/uploads\/sites\/10\/2022\/01\/M10_M_Portraits_Buero_026-480x160.jpg 480w\" sizes=\"(max-width: 1440px) 100vw, 1440px\" \/><img loading=\"lazy\" decoding=\"async\" width=\"768\" height=\"250\" src=\"https:\/\/www.vangraaf.com\/pl\/wp-content\/uploads\/sites\/10\/2022\/01\/M10_M_Portraits_Buero_026_Mo.jpg\" class=\"vc_single_image-img keyvisual__image--small\" alt=\"\" srcset=\"https:\/\/www.vangraaf.com\/pl\/wp-content\/uploads\/sites\/10\/2022\/01\/M10_M_Portraits_Buero_026_Mo.jpg 768w, https:\/\/www.vangraaf.com\/pl\/wp-content\/uploads\/sites\/10\/2022\/01\/M10_M_Portraits_Buero_026_Mo-300x98.jpg 300w, https:\/\/www.vangraaf.com\/pl\/wp-content\/uploads\/sites\/10\/2022\/01\/M10_M_Portraits_Buero_026_Mo-480x156.jpg 480w\" sizes=\"(max-width: 768px) 100vw, 768px\" \/><\/div>\n        <div class=\"headlines headlines--center\" data-aos=\"fade-up\">\n            <div class=\"vc_row\">\n                <div class=\"vc_col-md-10 vc_col-md-offset-1 vc_col-lg-10 vc_col-lg-offset-1\"><h1 class=\"h2\">Budowanie w oparciu o warto\u015bci. Przejmowanie odpowiedzialno\u015bci.<\/h1><\/div>\n            <\/div>\n        <\/div>[vc_column_text]\r\n<p style=\"text-align: left\">W VAN GRAAF, dzia\u0142aj\u0105cej globalnie firmie rodzinnej z tradycjami, wiemy, jak wa\u017cny jest etyczny spos\u00f3b post\u0119powania.\u00a0\u00a0 Wiemy, jak\u0105 rol\u0119 odgrywamy w spo\u0142ecze\u0144stwie i mamy \u015bwiadomo\u015b\u0107 odpowiedzialno\u015bci, jaka spoczywa na nas jako przedsi\u0119biorcach. Chcemy wywi\u0105zywa\u0107 si\u0119 z tego obowi\u0105zku \u2013 ka\u017cdego dnia oraz przy wszystkich decyzjach, jakie podejmujemy.<\/p>\r\n[\/vc_column_text][\/vc_column][\/vc_row][vc_row bwd_tbc4vd_show_weekday=&#8221;&#8221; el_class=&#8221;vg-padding&#8221;][vc_column]<div class=\"vg-element image-text-teaser image-text-teaser--right image-text-teaser--dark\" style=\"--season-color: #ffffff\" data-aos=\"fade-up\"><div class=\"vc_row vc_row-flex\"><div class=\"image-text-teaser__image vc_col-sm-4 vc_col-sm-push-8 vc_col-md-4 vc_col-md-push-8\"><a class=\"\" href=\"https:\/\/www.vangraaf.com\/pl\/wp-content\/uploads\/sites\/10\/2021\/05\/Code-of-Conduct-PC_VG_PL_2024_EXT_07.pdf\" target=\"_blank\" rel=\"\" style=\"\"><img loading=\"lazy\" decoding=\"async\" width=\"400\" height=\"400\" src=\"https:\/\/www.vangraaf.com\/pl\/wp-content\/uploads\/sites\/10\/2022\/01\/ImageTeaser_Miteinander_WP.jpg\" class=\"vc_single_image-img\" alt=\"\" srcset=\"https:\/\/www.vangraaf.com\/pl\/wp-content\/uploads\/sites\/10\/2022\/01\/ImageTeaser_Miteinander_WP.jpg 400w, https:\/\/www.vangraaf.com\/pl\/wp-content\/uploads\/sites\/10\/2022\/01\/ImageTeaser_Miteinander_WP-300x300.jpg 300w, https:\/\/www.vangraaf.com\/pl\/wp-content\/uploads\/sites\/10\/2022\/01\/ImageTeaser_Miteinander_WP-150x150.jpg 150w\" sizes=\"(max-width: 400px) 100vw, 400px\" \/><\/a><\/div><div class=\"vc_col-sm-8 vc_col-sm-pull-4 vc_col-md-8 vc_col-md-pull-4\"><div class=\"image-text-teaser__content-wrapper\"><div class=\"image-text-teaser__content\"><h3>Z szacunkiem, by dobrze dba\u0107 o siebie nawzajem.<\/h3><p>Na mocnym fundamencie warto\u015bci naszego przedsi\u0119biorstwa stworzylismy Kodeks Post\u0119powania, kt\u00f3ry stanowi wi\u0105\u017c\u0105c\u0105 podstaw\u0119 do dzia\u0142ania dla wszystkich pracownik\u00f3w i pracownic VAN GRAAF.\u00a0 Jeste\u015bmy przekonani, \u017ce warto\u015bci te s\u0105 ju\u017c od dawna wdrukowane w DNA naszej firmy oraz widoczne w tym, jak na co dzie\u0144 traktujemy siebie nawzajem.<\/p>\n<p>Kodeks Post\u0119powania pomaga nam w rozwi\u0105zywaniu problem\u00f3w moralnych i etycznych oraz umacnia nas we w\u0142a\u015bciwym dzia\u0142aniu w interesie firmy i spo\u0142ecze\u0144stwa &#8211; dzi\u015b i w przysz\u0142o\u015bci.<\/p>\n<a class=\"button button--\" href=\"https:\/\/www.vangraaf.com\/pl\/wp-content\/uploads\/sites\/10\/2021\/05\/Code-of-Conduct-PC_VG_PL_2024_EXT_07.pdf\" target=\"_blank\" rel=\"\" style=\"\">Dowiedz si\u0119 wi\u0119cej<\/a><\/div><\/div><\/div><\/div><\/div><div class=\"vg-element image-text-teaser image-text-teaser--left image-text-teaser--dark\" style=\"--season-color: #ffffff\" data-aos=\"fade-up\"><div class=\"vc_row vc_row-flex\"><div class=\"image-text-teaser__image vc_col-sm-4 vc_col-md-4\"><a class=\"\" href=\"https:\/\/www.vangraaf.com\/pl\/wp-content\/uploads\/sites\/10\/2021\/05\/Kodeks-poste\u0328powania-dla-dostawco\u0301w-uslug-i-partnero\u0301w-handlowych-firmy-VAN-GRAAF-GmbH-Sp.k_.pdf\" target=\"_blank\" rel=\"\" style=\"\"><img loading=\"lazy\" decoding=\"async\" width=\"400\" height=\"400\" src=\"https:\/\/www.vangraaf.com\/pl\/wp-content\/uploads\/sites\/10\/2021\/12\/ImageTeaser_Veranwortung_WP.jpg\" class=\"vc_single_image-img\" alt=\"\" srcset=\"https:\/\/www.vangraaf.com\/pl\/wp-content\/uploads\/sites\/10\/2021\/12\/ImageTeaser_Veranwortung_WP.jpg 400w, https:\/\/www.vangraaf.com\/pl\/wp-content\/uploads\/sites\/10\/2021\/12\/ImageTeaser_Veranwortung_WP-300x300.jpg 300w, https:\/\/www.vangraaf.com\/pl\/wp-content\/uploads\/sites\/10\/2021\/12\/ImageTeaser_Veranwortung_WP-150x150.jpg 150w\" sizes=\"(max-width: 400px) 100vw, 400px\" \/><\/a><\/div><div class=\"vc_col-sm-8 vc_col-md-8\"><div class=\"image-text-teaser__content-wrapper\"><div class=\"image-text-teaser__content\"><h3>Prowadzenie dzia\u0142alno\u015bci w spos\u00f3b bardziej sprawiedliwy dzi\u0119ki uczciwo\u015bci.<\/h3><p>Przyk\u0142adamy wag\u0119 do tego, by wszystkie nasze dzia\u0142ania cechowa\u0142a uczciwo\u015b\u0107, transparentno\u015b\u0107, niezawodno\u015b\u0107 oraz rzetelno\u015b\u0107. Tego samego oczekujemy r\u00f3wnie\u017c od naszych us\u0142ugodawc\u00f3w i partner\u00f3w biznesowych. Dlatego te\u017c zobowi\u0105zujemy ich do przestrzegania naszego Kodeksu Post\u0119powania we wszystkich obszarach i relacjach biznesowych. Dla nas w VAN GRAAF Kodeks Post\u0119powania jest wyrazem naszej wizji zr\u00f3wnowa\u017conego rozwoju oraz uczciwego prowadzenia dzia\u0142alno\u015bci. Zobowi\u0105zujemy si\u0119 przy tym do brania odpowiedzialno\u015bci pod wzgl\u0119dem spo\u0142ecznym i etycznym, co r\u00f3wnie\u017c gwarantujemy.<\/p>\n<a class=\"button button--\" href=\"https:\/\/www.vangraaf.com\/pl\/wp-content\/uploads\/sites\/10\/2021\/05\/Kodeks-poste\u0328powania-dla-dostawco\u0301w-uslug-i-partnero\u0301w-handlowych-firmy-VAN-GRAAF-GmbH-Sp.k_.pdf\" target=\"_blank\" rel=\"\" style=\"\">Dowiedz si\u0119 wi\u0119cej<\/a><\/div><\/div><\/div><\/div><\/div><div class=\"vg-element image-text-teaser image-text-teaser--right image-text-teaser--dark\" style=\"--season-color: #ffffff\" data-aos=\"fade-up\"><div class=\"vc_row vc_row-flex\"><div class=\"image-text-teaser__image vc_col-sm-4 vc_col-sm-push-8 vc_col-md-4 vc_col-md-push-8\"><img loading=\"lazy\" decoding=\"async\" width=\"400\" height=\"400\" src=\"https:\/\/www.vangraaf.com\/pl\/wp-content\/uploads\/sites\/10\/2021\/05\/ImageTeaser_Grundsaetze.jpg\" class=\"vc_single_image-img\" alt=\"\" srcset=\"https:\/\/www.vangraaf.com\/pl\/wp-content\/uploads\/sites\/10\/2021\/05\/ImageTeaser_Grundsaetze.jpg 400w, https:\/\/www.vangraaf.com\/pl\/wp-content\/uploads\/sites\/10\/2021\/05\/ImageTeaser_Grundsaetze-300x300.jpg 300w, https:\/\/www.vangraaf.com\/pl\/wp-content\/uploads\/sites\/10\/2021\/05\/ImageTeaser_Grundsaetze-150x150.jpg 150w\" sizes=\"(max-width: 400px) 100vw, 400px\" \/><\/div><div class=\"vc_col-sm-8 vc_col-sm-pull-4 vc_col-md-8 vc_col-md-pull-4\"><div class=\"image-text-teaser__content-wrapper\"><div class=\"image-text-teaser__content\"><h3>11 zasad, kt\u00f3re pomagaj\u0105 zmieni\u0107 \u015bwiat na lepsze.<\/h3><p>Globalne \u0142a\u0144cuchy dostaw s\u0105 obecnie niezwykle skomplikowane, a warunki pracy w zak\u0142adach produkcyjnych znajduj\u0105cych si\u0119 poza Europ\u0105 s\u0105 niepor\u00f3wnywalne z nasz\u0105 sytuacj\u0105. Ponosimy spo\u0142eczn\u0105 odpowiedzialno\u015b\u0107 za prac\u0119 tych os\u00f3b.\u00a0 W 2012 r. przyst\u0105pili\u015bmy do inicjatywy amfori BSCI. Inicjatywa dzia\u0142a zgodnie z naszymi wymogami etycznymi i pozwala zapewni\u0107 standardy socjalne w zak\u0142adach naszych producent\u00f3w. Organizacja amfori BSCI sformu\u0142owa\u0142a Kodeks Post\u0119powania, kt\u00f3ry obejmuje 11 obszar\u00f3w dzia\u0142a\u0144 spo\u0142ecznych. Akceptuj\u0105c Kodeks Post\u0119powania, nasi producenci zobowi\u0105zuj\u0105 si\u0119 m.in. do zapewnienia uczciwego wynagrodzenia oraz niezatrudniania dzieci, za\u015b przestrzeganie tych zasad jest regularnie kontrolowane w niezale\u017cny spos\u00f3b.<\/p>\n<\/div><\/div><\/div><\/div><\/div>[\/vc_column][\/vc_row][vc_row][vc_column][vc_row_inner][vc_column_inner][vc_column_text]\r\n<p style=\"text-align: center\"><strong>11 zasad brzmi nast\u0119puj\u0105co: <\/strong><\/p>\r\n[\/vc_column_text][\/vc_column_inner][\/vc_row_inner][vc_row_inner][vc_column_inner width=&#8221;1\/3&#8243;][vc_column_text]\r\n<ul>\r\n \t<li>Prawo do zrzeszania si\u0119 i prowadzenia negocjacji zbiorowych<\/li>\r\n \t<li>Zakaz dyskryminacji<\/li>\r\n \t<li>Uczciwe wynagrodzenie<\/li>\r\n \t<li>Przyzwoite godziny pracy<\/li>\r\n<\/ul>\r\n[\/vc_column_text][\/vc_column_inner][vc_column_inner width=&#8221;1\/3&#8243;][vc_column_text]\r\n<ul>\r\n \t<li>Bezpiecze\u0144stwo i higiena pracy<\/li>\r\n \t<li>Zakaz zatrudniania dzieci<\/li>\r\n \t<li>Szczeg\u00f3lna ochrona m\u0142odych pracownik\u00f3w i pracownic<\/li>\r\n<\/ul>\r\n[\/vc_column_text][\/vc_column_inner][vc_column_inner width=&#8221;1\/3&#8243;][vc_column_text]\r\n<ul>\r\n \t<li>Zakaz oferowania niestabilnych warunk\u00f3w pracy<\/li>\r\n \t<li>Zakaz pracy przymusowej<\/li>\r\n \t<li>Ochrona \u015brodowiska<\/li>\r\n \t<li>Etyczne post\u0119powanie w biznesie<\/li>\r\n<\/ul>\r\n[\/vc_column_text][\/vc_column_inner][\/vc_row_inner][vc_row_inner][vc_column_inner][vc_column_text]\r\n<p style=\"text-align: center\">Wi\u0119cej informacji o 11 zasadach mo\u017cna znale\u017a\u0107 <u>\u00a0tutaj.<\/u><\/p>\r\n[\/vc_column_text][\/vc_column_inner][\/vc_row_inner][\/vc_column][\/vc_row][vc_row bwd_tbc4vd_show_weekday=&#8221;&#8221; disable_element=&#8221;yes&#8221;][vc_column width=&#8221;1\/5&#8243;][\/vc_column][vc_column width=&#8221;1\/5&#8243;]<div class=\"vg-element cta-teaser cta-teaser--center\" data-aos=\"fade-up\"><div class=\"cta-teaser__image\"><a class=\"\" href=\"https:\/\/www.vangraaf.com\/pl\/przedsiebiorstwo\/zrownowazony-rozwoj\/strategia\/\" target=\"_self\" rel=\"\" style=\"\"><img loading=\"lazy\" decoding=\"async\" width=\"400\" height=\"400\" src=\"https:\/\/www.vangraaf.com\/pl\/wp-content\/uploads\/sites\/10\/2021\/05\/ImageTeaser_Strategie.jpg\" class=\"vc_single_image-img attachment-full\" alt=\"\" title=\"ImageTeaser_Strategie\" srcset=\"https:\/\/www.vangraaf.com\/pl\/wp-content\/uploads\/sites\/10\/2021\/05\/ImageTeaser_Strategie.jpg 400w, https:\/\/www.vangraaf.com\/pl\/wp-content\/uploads\/sites\/10\/2021\/05\/ImageTeaser_Strategie-300x300.jpg 300w, https:\/\/www.vangraaf.com\/pl\/wp-content\/uploads\/sites\/10\/2021\/05\/ImageTeaser_Strategie-150x150.jpg 150w\" sizes=\"(max-width: 400px) 100vw, 400px\" \/><\/a><\/div><div class=\"cta-teaser__text\"><a class=\"button\" href=\"https:\/\/www.vangraaf.com\/pl\/przedsiebiorstwo\/zrownowazony-rozwoj\/strategia\/\" target=\"_self\" rel=\"\" style=\"\">Strategia<\/a><\/div><\/div>[\/vc_column][vc_column width=&#8221;1\/5&#8243;]<div class=\"vg-element cta-teaser cta-teaser--center\" data-aos=\"fade-up\"><div class=\"cta-teaser__image\"><a class=\"\" href=\"https:\/\/www.vangraaf.com\/pl\/przedsiebiorstwo\/zrownowazony-rozwoj\/produkt\/\" target=\"_self\" rel=\"\" style=\"\">Produkt<\/a><\/div><div class=\"cta-teaser__text\"><a class=\"button\" href=\"https:\/\/www.vangraaf.com\/pl\/przedsiebiorstwo\/zrownowazony-rozwoj\/produkt\/\" target=\"_self\" rel=\"\" style=\"\">Produkt<\/a><\/div><\/div>[\/vc_column][vc_column width=&#8221;1\/5&#8243;]<div class=\"vg-element cta-teaser cta-teaser--center\" data-aos=\"fade-up\"><div class=\"cta-teaser__image\"><a class=\"\" href=\"https:\/\/www.vangraaf.com\/pl\/przedsiebiorstwo\/zrownowazony-rozwoj\/srodowisko-naturalne\/\" target=\"_self\" rel=\"\" style=\"\"><img loading=\"lazy\" decoding=\"async\" width=\"400\" height=\"400\" src=\"https:\/\/www.vangraaf.com\/pl\/wp-content\/uploads\/sites\/10\/2021\/05\/Imageteaser_Umwelt.jpg\" class=\"vc_single_image-img attachment-full\" alt=\"\" title=\"Imageteaser_Umwelt\" srcset=\"https:\/\/www.vangraaf.com\/pl\/wp-content\/uploads\/sites\/10\/2021\/05\/Imageteaser_Umwelt.jpg 400w, https:\/\/www.vangraaf.com\/pl\/wp-content\/uploads\/sites\/10\/2021\/05\/Imageteaser_Umwelt-300x300.jpg 300w, https:\/\/www.vangraaf.com\/pl\/wp-content\/uploads\/sites\/10\/2021\/05\/Imageteaser_Umwelt-150x150.jpg 150w\" sizes=\"(max-width: 400px) 100vw, 400px\" \/><\/a><\/div><div class=\"cta-teaser__text\"><a class=\"button\" href=\"https:\/\/www.vangraaf.com\/pl\/przedsiebiorstwo\/zrownowazony-rozwoj\/srodowisko-naturalne\/\" target=\"_self\" rel=\"\" style=\"\">\u015arodowisko&shy; naturalne<\/a><\/div><\/div>[\/vc_column][vc_column width=&#8221;1\/5&#8243;][\/vc_column][\/vc_row][vc_row bwd_tbc4vd_show_weekday=&#8221;&#8221; full_width=&#8221;stretch_row_content_no_spaces&#8221;][vc_column][vc_row_inner bwd_tbc4vd_show_weekday=&#8221;&#8221; row_design=&#8221;row_square_background&#8221;][vc_column_inner width=&#8221;1\/3&#8243;]<div class=\"vg-element cta-teaser cta-teaser--center\" data-aos=\"fade-up\"><div class=\"cta-teaser__image\"><a class=\"\" href=\"https:\/\/www.vangraaf.com\/pl\/przedsiebiorstwo\/zrownowazony-rozwoj\/strategia\/\" target=\"_self\" rel=\"\" style=\"\"><img loading=\"lazy\" decoding=\"async\" width=\"378\" height=\"252\" src=\"https:\/\/www.vangraaf.com\/pl\/wp-content\/uploads\/sites\/10\/2022\/08\/Strategie.jpg\" class=\"vc_single_image-img attachment-full\" alt=\"\" title=\"Strategie\" srcset=\"https:\/\/www.vangraaf.com\/pl\/wp-content\/uploads\/sites\/10\/2022\/08\/Strategie.jpg 378w, https:\/\/www.vangraaf.com\/pl\/wp-content\/uploads\/sites\/10\/2022\/08\/Strategie-300x200.jpg 300w\" sizes=\"(max-width: 378px) 100vw, 378px\" \/><\/a><\/div><div class=\"cta-teaser__text\"><h3>Strategia<\/h3><p>Ka\u017cdy projekt potrzebuje planu \u2013 w szczeg\u00f3lno\u015bci, je\u015bli chodzi o zr\u00f3wnowa\u017cony rozw\u00f3j.<\/p><a class=\"button\" href=\"https:\/\/www.vangraaf.com\/pl\/przedsiebiorstwo\/zrownowazony-rozwoj\/strategia\/\" target=\"_self\" rel=\"\" style=\"\">Wi\u0119cej informacji<\/a><\/div><\/div>[\/vc_column_inner][vc_column_inner width=&#8221;1\/3&#8243;]<div class=\"vg-element cta-teaser cta-teaser--center\" data-aos=\"fade-up\"><div class=\"cta-teaser__image\"><a class=\"\" href=\"https:\/\/www.vangraaf.com\/pl\/przedsiebiorstwo\/zrownowazony-rozwoj\/produkt\/\" target=\"_self\" rel=\"\" style=\"\"><img loading=\"lazy\" decoding=\"async\" width=\"378\" height=\"252\" src=\"https:\/\/www.vangraaf.com\/pl\/wp-content\/uploads\/sites\/10\/2021\/05\/UnsereProdukte_CTA_teaser_Seitenabschluss.jpg\" class=\"vc_single_image-img attachment-full\" alt=\"Osoba trzymaj\u0105ca stos z\u0142o\u017conych jeans\u00f3w w r\u00f3\u017cnych odcieniach niebieskiego.\" title=\"UnsereProdukte_CTA_teaser_Seitenabschluss\" srcset=\"https:\/\/www.vangraaf.com\/pl\/wp-content\/uploads\/sites\/10\/2021\/05\/UnsereProdukte_CTA_teaser_Seitenabschluss.jpg 378w, https:\/\/www.vangraaf.com\/pl\/wp-content\/uploads\/sites\/10\/2021\/05\/UnsereProdukte_CTA_teaser_Seitenabschluss-300x200.jpg 300w\" sizes=\"(max-width: 378px) 100vw, 378px\" \/><\/a><\/div><div class=\"cta-teaser__text\"><h3>Produkt<\/h3><p>Nasza produkcja i dzia\u0142ania maj\u0105 wp\u0142yw na ludzi \u017cyj\u0105cych wok\u00f3\u0142 nas oraz na nasz\u0105 planet\u0119.<\/p><a class=\"button\" href=\"https:\/\/www.vangraaf.com\/pl\/przedsiebiorstwo\/zrownowazony-rozwoj\/produkt\/\" target=\"_self\" rel=\"\" style=\"\">Wi\u0119cej informacji<\/a><\/div><\/div>[\/vc_column_inner][vc_column_inner width=&#8221;1\/3&#8243;]<div class=\"vg-element cta-teaser cta-teaser--center\" data-aos=\"fade-up\"><div class=\"cta-teaser__image\"><a class=\"\" href=\"https:\/\/www.vangraaf.com\/pl\/przedsiebiorstwo\/zrownowazony-rozwoj\/srodowisko-naturalne\/\" target=\"_self\" rel=\"\" style=\"\"><img loading=\"lazy\" decoding=\"async\" width=\"378\" height=\"252\" src=\"https:\/\/www.vangraaf.com\/pl\/wp-content\/uploads\/sites\/10\/2022\/08\/Umwelt.jpg\" class=\"vc_single_image-img attachment-full\" alt=\"\" title=\"Umwelt\" srcset=\"https:\/\/www.vangraaf.com\/pl\/wp-content\/uploads\/sites\/10\/2022\/08\/Umwelt.jpg 378w, https:\/\/www.vangraaf.com\/pl\/wp-content\/uploads\/sites\/10\/2022\/08\/Umwelt-300x200.jpg 300w\" sizes=\"(max-width: 378px) 100vw, 378px\" \/><\/a><\/div><div class=\"cta-teaser__text\"><h3>\u015arodowisko naturalne<\/h3><p>Wszyscy jeste\u015bmy cz\u0119\u015bci\u0105 natury, a oddzia\u0142ywaj\u0105c na klimat mamy wp\u0142yw na nasz\u0105 planet\u0119.<\/p><a class=\"button\" href=\"https:\/\/www.vangraaf.com\/pl\/przedsiebiorstwo\/zrownowazony-rozwoj\/srodowisko-naturalne\/\" target=\"_self\" rel=\"\" style=\"\">Wi\u0119cej informacji<\/a><\/div><\/div>[\/vc_column_inner][\/vc_row_inner][\/vc_column][\/vc_row]<\/div>","protected":false},"excerpt":{"rendered":"[vc_row bwd_tbc4vd_show_weekday=&#8221;&#8221; full_width=&#8221;stretch_row_content_no_spaces&#8221;][vc_column][vc_column_text] W VAN GRAAF, dzia\u0142aj\u0105cej globalnie firmie rodzinnej z tradycjami, wiemy, jak wa\u017cny jest etyczny spos\u00f3b post\u0119powania.\u00a0\u00a0 Wiemy, jak\u0105 rol\u0119 odgrywamy w spo\u0142ecze\u0144stwie i mamy \u015bwiadomo\u015b\u0107 odpowiedzialno\u015bci, jaka spoczywa na nas jako przedsi\u0119biorcach. Chcemy wywi\u0105zywa\u0107 si\u0119 z tego obowi\u0105zku \u2013 ka\u017cdego dnia oraz przy wszystkich decyzjach, jakie podejmujemy. [\/vc_column_text][\/vc_column][\/vc_row][vc_row bwd_tbc4vd_show_weekday=&#8221;&#8221; el_class=&#8221;vg-padding&#8221;][vc_column][\/vc_column][\/vc_row][vc_row][vc_column][vc_row_inner][vc_column_inner][vc_column_text] 11 zasad [&hellip;]","protected":false},"author":3,"featured_media":0,"parent":308,"menu_order":0,"comment_status":"closed","ping_status":"closed","template":"","meta":{"_acf_changed":false,"inline_featured_image":false,"footnotes":""},"class_list":["post-481","page","type-page","status-publish","hentry"],"acf":[],"yoast_head":"<!-- This site is optimized with the Yoast SEO plugin v27.2 - https:\/\/yoast.com\/product\/yoast-seo-wordpress\/ -->\n<title>VAN GRAAF Polska - Cz\u0142owiek<\/title>\n<meta name=\"description\" content=\"W VAN GRAAF, dzia\u0142aj\u0105cej globalnie firmie rodzinnej z tradycjami, wiemy, jak wa\u017cny jest etyczny spos\u00f3b post\u0119powania.\" \/>\n<meta name=\"robots\" content=\"index, follow, max-snippet:-1, max-image-preview:large, max-video-preview:-1\" \/>\n<link rel=\"canonical\" href=\"https:\/\/www.vangraaf.com\/pl\/przedsiebiorstwo\/zrownowazony-rozwoj\/czlowiek\/\" \/>\n<meta property=\"og:locale\" content=\"pl_PL\" \/>\n<meta property=\"og:type\" content=\"article\" \/>\n<meta property=\"og:title\" content=\"VAN GRAAF Polska - Cz\u0142owiek\" \/>\n<meta property=\"og:description\" content=\"W VAN GRAAF, dzia\u0142aj\u0105cej globalnie firmie rodzinnej z tradycjami, wiemy, jak wa\u017cny jest etyczny spos\u00f3b post\u0119powania.\" \/>\n<meta property=\"og:url\" content=\"https:\/\/www.vangraaf.com\/pl\/przedsiebiorstwo\/zrownowazony-rozwoj\/czlowiek\/\" \/>\n<meta property=\"og:site_name\" content=\"VAN GRAAF Polska\" \/>\n<meta property=\"article:modified_time\" content=\"2024-03-12T14:07:50+00:00\" \/>\n<meta name=\"twitter:card\" content=\"summary_large_image\" \/>\n<meta name=\"twitter:label1\" content=\"Szacowany czas czytania\" \/>\n\t<meta name=\"twitter:data1\" content=\"3 minuty\" \/>\n<script type=\"application\/ld+json\" class=\"yoast-schema-graph\">{\"@context\":\"https:\/\/schema.org\",\"@graph\":[{\"@type\":\"WebPage\",\"@id\":\"https:\/\/www.vangraaf.com\/pl\/przedsiebiorstwo\/zrownowazony-rozwoj\/czlowiek\/\",\"url\":\"https:\/\/www.vangraaf.com\/pl\/przedsiebiorstwo\/zrownowazony-rozwoj\/czlowiek\/\",\"name\":\"VAN GRAAF Polska - Cz\u0142owiek\",\"isPartOf\":{\"@id\":\"https:\/\/www.vangraaf.com\/pl\/#website\"},\"datePublished\":\"2021-12-21T14:16:25+00:00\",\"dateModified\":\"2024-03-12T14:07:50+00:00\",\"description\":\"W VAN GRAAF, dzia\u0142aj\u0105cej globalnie firmie rodzinnej z tradycjami, wiemy, jak wa\u017cny jest etyczny spos\u00f3b post\u0119powania.\",\"breadcrumb\":{\"@id\":\"https:\/\/www.vangraaf.com\/pl\/przedsiebiorstwo\/zrownowazony-rozwoj\/czlowiek\/#breadcrumb\"},\"inLanguage\":\"pl-PL\",\"potentialAction\":[{\"@type\":\"ReadAction\",\"target\":[\"https:\/\/www.vangraaf.com\/pl\/przedsiebiorstwo\/zrownowazony-rozwoj\/czlowiek\/\"]}]},{\"@type\":\"BreadcrumbList\",\"@id\":\"https:\/\/www.vangraaf.com\/pl\/przedsiebiorstwo\/zrownowazony-rozwoj\/czlowiek\/#breadcrumb\",\"itemListElement\":[{\"@type\":\"ListItem\",\"position\":1,\"name\":\"Startseite\",\"item\":\"https:\/\/www.vangraaf.com\/pl\/\"},{\"@type\":\"ListItem\",\"position\":2,\"name\":\"Przedsi\u0119biorstwo\",\"item\":\"https:\/\/www.vangraaf.com\/pl\/przedsiebiorstwo\/\"},{\"@type\":\"ListItem\",\"position\":3,\"name\":\"Zr\u00f3wnowa\u017cony rozw\u00f3j\",\"item\":\"https:\/\/www.vangraaf.com\/pl\/przedsiebiorstwo\/zrownowazony-rozwoj\/\"},{\"@type\":\"ListItem\",\"position\":4,\"name\":\"Cz\u0142owiek\"}]},{\"@type\":\"WebSite\",\"@id\":\"https:\/\/www.vangraaf.com\/pl\/#website\",\"url\":\"https:\/\/www.vangraaf.com\/pl\/\",\"name\":\"VAN GRAAF\",\"description\":\"VAN GRAAF\",\"potentialAction\":[{\"@type\":\"SearchAction\",\"target\":{\"@type\":\"EntryPoint\",\"urlTemplate\":\"https:\/\/www.vangraaf.com\/pl\/?s={search_term_string}\"},\"query-input\":{\"@type\":\"PropertyValueSpecification\",\"valueRequired\":true,\"valueName\":\"search_term_string\"}}],\"inLanguage\":\"pl-PL\"}]}<\/script>\n<!-- \/ Yoast SEO plugin. -->","yoast_head_json":{"title":"VAN GRAAF Polska - Cz\u0142owiek","description":"W VAN GRAAF, dzia\u0142aj\u0105cej globalnie firmie rodzinnej z tradycjami, wiemy, jak wa\u017cny jest etyczny spos\u00f3b post\u0119powania.","robots":{"index":"index","follow":"follow","max-snippet":"max-snippet:-1","max-image-preview":"max-image-preview:large","max-video-preview":"max-video-preview:-1"},"canonical":"https:\/\/www.vangraaf.com\/pl\/przedsiebiorstwo\/zrownowazony-rozwoj\/czlowiek\/","og_locale":"pl_PL","og_type":"article","og_title":"VAN GRAAF Polska - Cz\u0142owiek","og_description":"W VAN GRAAF, dzia\u0142aj\u0105cej globalnie firmie rodzinnej z tradycjami, wiemy, jak wa\u017cny jest etyczny spos\u00f3b post\u0119powania.","og_url":"https:\/\/www.vangraaf.com\/pl\/przedsiebiorstwo\/zrownowazony-rozwoj\/czlowiek\/","og_site_name":"VAN GRAAF Polska","article_modified_time":"2024-03-12T14:07:50+00:00","twitter_card":"summary_large_image","twitter_misc":{"Szacowany czas czytania":"3 minuty"},"schema":{"@context":"https:\/\/schema.org","@graph":[{"@type":"WebPage","@id":"https:\/\/www.vangraaf.com\/pl\/przedsiebiorstwo\/zrownowazony-rozwoj\/czlowiek\/","url":"https:\/\/www.vangraaf.com\/pl\/przedsiebiorstwo\/zrownowazony-rozwoj\/czlowiek\/","name":"VAN GRAAF Polska - Cz\u0142owiek","isPartOf":{"@id":"https:\/\/www.vangraaf.com\/pl\/#website"},"datePublished":"2021-12-21T14:16:25+00:00","dateModified":"2024-03-12T14:07:50+00:00","description":"W VAN GRAAF, dzia\u0142aj\u0105cej globalnie firmie rodzinnej z tradycjami, wiemy, jak wa\u017cny jest etyczny spos\u00f3b post\u0119powania.","breadcrumb":{"@id":"https:\/\/www.vangraaf.com\/pl\/przedsiebiorstwo\/zrownowazony-rozwoj\/czlowiek\/#breadcrumb"},"inLanguage":"pl-PL","potentialAction":[{"@type":"ReadAction","target":["https:\/\/www.vangraaf.com\/pl\/przedsiebiorstwo\/zrownowazony-rozwoj\/czlowiek\/"]}]},{"@type":"BreadcrumbList","@id":"https:\/\/www.vangraaf.com\/pl\/przedsiebiorstwo\/zrownowazony-rozwoj\/czlowiek\/#breadcrumb","itemListElement":[{"@type":"ListItem","position":1,"name":"Startseite","item":"https:\/\/www.vangraaf.com\/pl\/"},{"@type":"ListItem","position":2,"name":"Przedsi\u0119biorstwo","item":"https:\/\/www.vangraaf.com\/pl\/przedsiebiorstwo\/"},{"@type":"ListItem","position":3,"name":"Zr\u00f3wnowa\u017cony rozw\u00f3j","item":"https:\/\/www.vangraaf.com\/pl\/przedsiebiorstwo\/zrownowazony-rozwoj\/"},{"@type":"ListItem","position":4,"name":"Cz\u0142owiek"}]},{"@type":"WebSite","@id":"https:\/\/www.vangraaf.com\/pl\/#website","url":"https:\/\/www.vangraaf.com\/pl\/","name":"VAN GRAAF","description":"VAN GRAAF","potentialAction":[{"@type":"SearchAction","target":{"@type":"EntryPoint","urlTemplate":"https:\/\/www.vangraaf.com\/pl\/?s={search_term_string}"},"query-input":{"@type":"PropertyValueSpecification","valueRequired":true,"valueName":"search_term_string"}}],"inLanguage":"pl-PL"}]}},"_links":{"self":[{"href":"https:\/\/www.vangraaf.com\/pl\/wp-json\/wp\/v2\/pages\/481","targetHints":{"allow":["GET"]}}],"collection":[{"href":"https:\/\/www.vangraaf.com\/pl\/wp-json\/wp\/v2\/pages"}],"about":[{"href":"https:\/\/www.vangraaf.com\/pl\/wp-json\/wp\/v2\/types\/page"}],"author":[{"embeddable":true,"href":"https:\/\/www.vangraaf.com\/pl\/wp-json\/wp\/v2\/users\/3"}],"replies":[{"embeddable":true,"href":"https:\/\/www.vangraaf.com\/pl\/wp-json\/wp\/v2\/comments?post=481"}],"version-history":[{"count":19,"href":"https:\/\/www.vangraaf.com\/pl\/wp-json\/wp\/v2\/pages\/481\/revisions"}],"predecessor-version":[{"id":1208,"href":"https:\/\/www.vangraaf.com\/pl\/wp-json\/wp\/v2\/pages\/481\/revisions\/1208"}],"up":[{"embeddable":true,"href":"https:\/\/www.vangraaf.com\/pl\/wp-json\/wp\/v2\/pages\/308"}],"wp:attachment":[{"href":"https:\/\/www.vangraaf.com\/pl\/wp-json\/wp\/v2\/media?parent=481"}],"curies":[{"name":"wp","href":"https:\/\/api.w.org\/{rel}","templated":true}]}}