{"id":361,"date":"2021-06-07T00:00:41","date_gmt":"2021-06-06T22:00:41","guid":{"rendered":"https:\/\/www.vangraaf.com\/pl\/?page_id=361"},"modified":"2024-03-27T18:01:05","modified_gmt":"2024-03-27T17:01:05","slug":"srodowisko-naturalne","status":"publish","type":"page","link":"https:\/\/www.vangraaf.com\/pl\/przedsiebiorstwo\/zrownowazony-rozwoj\/srodowisko-naturalne\/","title":{"rendered":"\u015arodowisko naturalne"},"content":{"rendered":"<div class=\"wpb-content-wrapper\">[vc_row bwd_tbc4vd_show_weekday=&#8221;&#8221; full_width=&#8221;stretch_row_content_no_spaces&#8221;][vc_column]<div class=\"keyvisual\" data-aos=\"fade-up\" ><img loading=\"lazy\" decoding=\"async\" width=\"1440\" height=\"480\" src=\"https:\/\/www.vangraaf.com\/pl\/wp-content\/uploads\/sites\/10\/2021\/05\/Banner_Umwelt.jpg\" class=\"vc_single_image-img\" alt=\"\" srcset=\"https:\/\/www.vangraaf.com\/pl\/wp-content\/uploads\/sites\/10\/2021\/05\/Banner_Umwelt.jpg 1440w, https:\/\/www.vangraaf.com\/pl\/wp-content\/uploads\/sites\/10\/2021\/05\/Banner_Umwelt-300x100.jpg 300w, https:\/\/www.vangraaf.com\/pl\/wp-content\/uploads\/sites\/10\/2021\/05\/Banner_Umwelt-1024x341.jpg 1024w, https:\/\/www.vangraaf.com\/pl\/wp-content\/uploads\/sites\/10\/2021\/05\/Banner_Umwelt-768x256.jpg 768w, https:\/\/www.vangraaf.com\/pl\/wp-content\/uploads\/sites\/10\/2021\/05\/Banner_Umwelt-1200x400.jpg 1200w, https:\/\/www.vangraaf.com\/pl\/wp-content\/uploads\/sites\/10\/2021\/05\/Banner_Umwelt-992x331.jpg 992w, https:\/\/www.vangraaf.com\/pl\/wp-content\/uploads\/sites\/10\/2021\/05\/Banner_Umwelt-480x160.jpg 480w\" sizes=\"(max-width: 1440px) 100vw, 1440px\" \/><\/div>\n        <div class=\"headlines headlines--center\" data-aos=\"fade-up\">\n            <div class=\"vc_row\">\n                <div class=\"vc_col-md-10 vc_col-md-offset-1 vc_col-lg-10 vc_col-lg-offset-1\"><span class=\"h6\">\u015arodowisko naturalne<\/span><h1 class=\"h2\">Wyraz zaanga\u017cowania.\r<br\/>Pomiar sukcesu.<\/h1><\/div>\n            <\/div>\n        <\/div>[vc_column_text]Zr\u00f3wnowa\u017cony rozw\u00f3j jest <span class=\"nobr\">nie tylko<\/span> widoczny, lecz r\u00f3wnie\u017c <span class=\"nobr\">w wielu<\/span> obszarach mierzalny,<span class=\"nobr\"> jak na przyk\u0142ad<\/span> \u015blad CO<sub>2<\/sub> <span class=\"nobr\">lub zu\u017cycie<\/span> plastikowych opakowa\u0144. Firma <span class=\"nobr\">VAN GRAAF<\/span> pracuje <span class=\"nobr\">nad\u00a0wprowadzaniem<\/span> proekologicznych rozwi\u0105za\u0144, dlatego nasze torby <span class=\"nobr\">na zakupy<\/span> <span class=\"nobr\">w coraz<\/span> wi\u0119kszym stopniu <span class=\"nobr\">s\u0105 wytwarzane<\/span> <span class=\"nobr\">z nadaj\u0105cych<\/span> <span class=\"nobr\">si\u0119 do recyklingu<\/span> materia\u0142\u00f3w posiadaj\u0105cych certyfikat FSC.[\/vc_column_text][\/vc_column][\/vc_row][vc_row bwd_tbc4vd_show_weekday=&#8221;&#8221; full_width=&#8221;stretch_row_content_no_spaces&#8221;][vc_column]\n            <div class=\"vg-element topic-slider topic-slider--right topic-slider--dark\" style=\"--season-color-1: #ededed; --season-color-2: #002045\" data-aos=\"fade-up\">\n                <div class=\"topic-slider__inner\">\n                    <div class=\"content_wrap\">\n                        <div class=\"vc_row\">\n                            <div class=\"vc_col-md-12 vc_col-lg-10 vc_col-lg-offset-1\">\n                                <div class=\"vc_row\">\n                                    <div class=\"vc_col-sm-6 vc_col-sm-push-6 vc_col-md-push-5 vc_col-md-offset-1\"><div class=\"topic-slider__image-wrap\"><div class=\"topic-slider__slider-wrap\"><div class=\"js-topic-slider\"><div class=\"topic-slider__slider__item\"><img loading=\"lazy\" decoding=\"async\" width=\"427\" height=\"639\" src=\"https:\/\/www.vangraaf.com\/pl\/wp-content\/uploads\/sites\/10\/2021\/05\/TopicSlider_Footprints.jpg\" class=\"vc_single_image-img attachment-full\" alt=\"\" title=\"TopicSlider_Footprints\" srcset=\"https:\/\/www.vangraaf.com\/pl\/wp-content\/uploads\/sites\/10\/2021\/05\/TopicSlider_Footprints.jpg 427w, https:\/\/www.vangraaf.com\/pl\/wp-content\/uploads\/sites\/10\/2021\/05\/TopicSlider_Footprints-200x300.jpg 200w\" sizes=\"(max-width: 427px) 100vw, 427px\" \/><\/div><\/div><\/div><\/div><\/div><div class=\"vc_col-sm-6 vc_col-md-5 vc_col-sm-pull-6 vc_col-md-pull-7\"><div class=\"topic-slider__content\"><p style=\"text-align: left\"><strong>Mniejsze oddzia\u0142ywanie w przysz\u0142o\u015bci<\/strong><\/p>\n<p style=\"text-align: left\">Ka\u017cde dzia\u0142anie <span class=\"nobr\">i ka\u017cdy<\/span> krok, kt\u00f3ry podejmuje <span class=\"nobr\">VAN GRAAF,<\/span> oddzia\u0142ywuje <span class=\"nobr\">na \u015brodowisko<\/span> naturalne. Mo\u017cemy zmierzy\u0107 <span class=\"nobr\">ten wp\u0142yw.<\/span> Jego analiza pokazuje nam, <span class=\"nobr\">czy nasze<\/span> przedsi\u0119biorstwo zmniejsza swoje oddzia\u0142ywanie <span class=\"nobr\">na \u015brodowisk<\/span>o naturalne oraz wskazuje obszary dzia\u0142a\u0144, kt\u00f3re nale\u017cy jeszcze udoskonali\u0107. Obliczamy emisj\u0119 CO<sub>2<\/sub>, jak\u0105 wytwarzaj\u0105 nasza centrala <span class=\"nobr\">i centrum<\/span> logistyczne <span class=\"nobr\">w Hamburgu<\/span> oraz filie <span class=\"nobr\">w Niemczech.<\/span><\/p>\n<\/div><\/div>\n                                <\/div>\n                            <\/div>\n                        <\/div>\n                    <\/div>\n                <\/div>\n            <\/div>[\/vc_column][\/vc_row][vc_row][vc_column][vc_column_text]Na podstawie pozyskanych danych tworzymy bilans CO<sub>2<\/sub>, kt\u00f3ry stanowi podstaw\u0119 naszej strategii klimatycznej. Zwracamy szczeg\u00f3ln\u0105 uwag\u0119 na unikanie lub ograniczanie emisji CO2.[\/vc_column_text][\/vc_column][\/vc_row][vc_row bwd_tbc4vd_show_weekday=&#8221;&#8221; full_width=&#8221;stretch_row_content_no_spaces&#8221;][vc_column]\n            <div class=\"vg-element topic-slider topic-slider--left topic-slider--dark\" style=\"--season-color-1: #ededed; --season-color-2: #002045\" data-aos=\"fade-up\">\n                <div class=\"topic-slider__inner\">\n                    <div class=\"content_wrap\">\n                        <div class=\"vc_row\">\n                            <div class=\"vc_col-md-12 vc_col-lg-10 vc_col-lg-offset-1\">\n                                <div class=\"vc_row\">\n                                    <div class=\"vc_col-sm-6\"><div class=\"topic-slider__image-wrap\"><div class=\"topic-slider__slider-wrap\"><div class=\"js-topic-slider\"><div class=\"topic-slider__slider__item\"><img loading=\"lazy\" decoding=\"async\" width=\"427\" height=\"639\" src=\"https:\/\/www.vangraaf.com\/pl\/wp-content\/uploads\/sites\/10\/2021\/05\/Umwelt_TopicSlider_WP.jpg\" class=\"vc_single_image-img attachment-full\" alt=\"\" title=\"Umwelt_TopicSlider_WP\" srcset=\"https:\/\/www.vangraaf.com\/pl\/wp-content\/uploads\/sites\/10\/2021\/05\/Umwelt_TopicSlider_WP.jpg 427w, https:\/\/www.vangraaf.com\/pl\/wp-content\/uploads\/sites\/10\/2021\/05\/Umwelt_TopicSlider_WP-200x300.jpg 200w\" sizes=\"(max-width: 427px) 100vw, 427px\" \/><\/div><\/div><\/div><\/div><\/div><div class=\"vc_col-sm-6 vc_col-md-5 vc_col-md-offset-1\"><div class=\"topic-slider__content\"><p><strong>Papier zamiat plastiku.<\/strong><\/p>\n<p>Poniewa\u017c dobra jako\u015b\u0107 opakowania stanowi element naszych standard\u00f3w, produkty najlepszej jako\u015bci chcemy pakowa\u0107 bezpiecznie. Jednak decyduj\u0105c\u0105 kwesti\u0105 jest &#8222;jak&#8221;. Firma <span class=\"nobr\">VAN GRAAF<\/span> wyra\u017anie zredukowa\u0142a wykorzystanie plastikowych toreb. <span class=\"nobr\">W zamian<\/span> naszym klientkom <span class=\"nobr\">i klientom<\/span> oferujemy papierowe torby, kt\u00f3re <span class=\"nobr\">w 100%<\/span> nadaj\u0105\u00a0<span class=\"nobr\">si\u0119 do ponownego<\/span> przetworzenia <span class=\"nobr\">i posiadaj\u0105<\/span> certyfikat FSC. <\/p>\n<\/div><\/div>\n                                <\/div>\n                            <\/div>\n                        <\/div>\n                    <\/div>\n                <\/div>\n            <\/div>[\/vc_column][\/vc_row][vc_row][vc_column][vc_column_text]Oznacza <span class=\"nobr\">to, \u017ce drewno<\/span> wykorzystane <span class=\"nobr\">do produkcji<\/span> toreb pochodzi <span class=\"nobr\">z odpowiedzialnej,<\/span> zr\u00f3wnowa\u017conej gospodarki le\u015bnej. <span class=\"nobr\">W przypadku<\/span> zam\u00f3wie\u0144 <span class=\"nobr\">w sklepie<\/span> internetowym towar jest wysy\u0142any <span class=\"nobr\">w kartonach,<\/span> kt\u00f3re tak\u017ce posiadaj\u0105 certyfikat FSC.[\/vc_column_text][\/vc_column][\/vc_row][vc_row bwd_tbc4vd_show_weekday=&#8221;&#8221; disable_element=&#8221;yes&#8221;][vc_column width=&#8221;1\/5&#8243;][\/vc_column][vc_column width=&#8221;1\/5&#8243;]<div class=\"vg-element cta-teaser cta-teaser--center\" data-aos=\"fade-up\"><div class=\"cta-teaser__image\"><a class=\"\" href=\"https:\/\/www.vangraaf.com\/pl\/przedsiebiorstwo\/zrownowazony-rozwoj\/strategia\/\" target=\"_self\" rel=\"\" style=\"\"><img loading=\"lazy\" decoding=\"async\" width=\"400\" height=\"400\" src=\"https:\/\/www.vangraaf.com\/pl\/wp-content\/uploads\/sites\/10\/2021\/05\/ImageTeaser_Strategie.jpg\" class=\"vc_single_image-img attachment-full\" alt=\"\" title=\"ImageTeaser_Strategie\" srcset=\"https:\/\/www.vangraaf.com\/pl\/wp-content\/uploads\/sites\/10\/2021\/05\/ImageTeaser_Strategie.jpg 400w, https:\/\/www.vangraaf.com\/pl\/wp-content\/uploads\/sites\/10\/2021\/05\/ImageTeaser_Strategie-300x300.jpg 300w, https:\/\/www.vangraaf.com\/pl\/wp-content\/uploads\/sites\/10\/2021\/05\/ImageTeaser_Strategie-150x150.jpg 150w\" sizes=\"(max-width: 400px) 100vw, 400px\" \/><\/a><\/div><div class=\"cta-teaser__text\"><a class=\"button\" href=\"https:\/\/www.vangraaf.com\/pl\/przedsiebiorstwo\/zrownowazony-rozwoj\/strategia\/\" target=\"_self\" rel=\"\" style=\"\">Strategia<\/a><\/div><\/div>[\/vc_column][vc_column width=&#8221;1\/5&#8243;]<div class=\"vg-element cta-teaser cta-teaser--center\" data-aos=\"fade-up\"><div class=\"cta-teaser__image\"><a class=\"\" href=\"https:\/\/www.vangraaf.com\/pl\/przedsiebiorstwo\/zrownowazony-rozwoj\/produkt\/\" target=\"_self\" rel=\"\" style=\"\">Produkt<\/a><\/div><div class=\"cta-teaser__text\"><a class=\"button\" href=\"https:\/\/www.vangraaf.com\/pl\/przedsiebiorstwo\/zrownowazony-rozwoj\/produkt\/\" target=\"_self\" rel=\"\" style=\"\">Produkt<\/a><\/div><\/div>[\/vc_column][vc_column width=&#8221;1\/5&#8243;]<div class=\"vg-element cta-teaser cta-teaser--center\" data-aos=\"fade-up\"><div class=\"cta-teaser__image\"><a class=\"\" href=\"https:\/\/www.vangraaf.com\/pl\/przedsiebiorstwo\/zrownowazony-rozwoj\/czlowiek\/\" target=\"_self\" rel=\"\" style=\"\"><img loading=\"lazy\" decoding=\"async\" width=\"300\" height=\"300\" src=\"https:\/\/www.vangraaf.com\/pl\/wp-content\/uploads\/sites\/10\/2022\/04\/Mensch.jpg\" class=\"vc_single_image-img attachment-full\" alt=\"\" title=\"Mensch\" srcset=\"https:\/\/www.vangraaf.com\/pl\/wp-content\/uploads\/sites\/10\/2022\/04\/Mensch.jpg 300w, https:\/\/www.vangraaf.com\/pl\/wp-content\/uploads\/sites\/10\/2022\/04\/Mensch-150x150.jpg 150w, https:\/\/www.vangraaf.com\/pl\/wp-content\/uploads\/sites\/10\/2022\/04\/Mensch-280x280.jpg 280w\" sizes=\"(max-width: 300px) 100vw, 300px\" \/><\/a><\/div><div class=\"cta-teaser__text\"><a class=\"button\" href=\"https:\/\/www.vangraaf.com\/pl\/przedsiebiorstwo\/zrownowazony-rozwoj\/czlowiek\/\" target=\"_self\" rel=\"\" style=\"\">Cz\u0142owiek<\/a><\/div><\/div>[\/vc_column][vc_column width=&#8221;1\/5&#8243;][\/vc_column][\/vc_row][vc_row bwd_tbc4vd_show_weekday=&#8221;&#8221; full_width=&#8221;stretch_row_content_no_spaces&#8221;][vc_column][vc_row_inner bwd_tbc4vd_show_weekday=&#8221;&#8221; row_design=&#8221;row_square_background&#8221;][vc_column_inner width=&#8221;1\/3&#8243;]<div class=\"vg-element cta-teaser cta-teaser--center\" data-aos=\"fade-up\"><div class=\"cta-teaser__image\"><a class=\"\" href=\"https:\/\/www.vangraaf.com\/pl\/przedsiebiorstwo\/zrownowazony-rozwoj\/strategia\/\" target=\"_self\" rel=\"\" style=\"\"><img loading=\"lazy\" decoding=\"async\" width=\"378\" height=\"252\" src=\"https:\/\/www.vangraaf.com\/pl\/wp-content\/uploads\/sites\/10\/2022\/08\/Strategie.jpg\" class=\"vc_single_image-img attachment-full\" alt=\"\" title=\"Strategie\" srcset=\"https:\/\/www.vangraaf.com\/pl\/wp-content\/uploads\/sites\/10\/2022\/08\/Strategie.jpg 378w, https:\/\/www.vangraaf.com\/pl\/wp-content\/uploads\/sites\/10\/2022\/08\/Strategie-300x200.jpg 300w\" sizes=\"(max-width: 378px) 100vw, 378px\" \/><\/a><\/div><div class=\"cta-teaser__text\"><h3>Strategia<\/h3><p>Ka\u017cdy projekt potrzebuje planu \u2013 w szczeg\u00f3lno\u015bci, je\u015bli chodzi o zr\u00f3wnowa\u017cony rozw\u00f3j.<\/p><a class=\"button\" href=\"https:\/\/www.vangraaf.com\/pl\/przedsiebiorstwo\/zrownowazony-rozwoj\/strategia\/\" target=\"_self\" rel=\"\" style=\"\">Wi\u0119cej informacji<\/a><\/div><\/div>[\/vc_column_inner][vc_column_inner width=&#8221;1\/3&#8243;]<div class=\"vg-element cta-teaser cta-teaser--center\" data-aos=\"fade-up\"><div class=\"cta-teaser__image\"><a class=\"\" href=\"https:\/\/www.vangraaf.com\/pl\/przedsiebiorstwo\/zrownowazony-rozwoj\/produkt\/\" target=\"_self\" rel=\"\" style=\"\"><img loading=\"lazy\" decoding=\"async\" width=\"378\" height=\"252\" src=\"https:\/\/www.vangraaf.com\/pl\/wp-content\/uploads\/sites\/10\/2021\/05\/UnsereProdukte_CTA_teaser_Seitenabschluss.jpg\" class=\"vc_single_image-img attachment-full\" alt=\"Osoba trzymaj\u0105ca stos z\u0142o\u017conych jeans\u00f3w w r\u00f3\u017cnych odcieniach niebieskiego.\" title=\"UnsereProdukte_CTA_teaser_Seitenabschluss\" srcset=\"https:\/\/www.vangraaf.com\/pl\/wp-content\/uploads\/sites\/10\/2021\/05\/UnsereProdukte_CTA_teaser_Seitenabschluss.jpg 378w, https:\/\/www.vangraaf.com\/pl\/wp-content\/uploads\/sites\/10\/2021\/05\/UnsereProdukte_CTA_teaser_Seitenabschluss-300x200.jpg 300w\" sizes=\"(max-width: 378px) 100vw, 378px\" \/><\/a><\/div><div class=\"cta-teaser__text\"><h3>Produkt<\/h3><p>Nasza produkcja i dzia\u0142ania maj\u0105 wp\u0142yw na ludzi \u017cyj\u0105cych wok\u00f3\u0142 nas oraz na nasz\u0105 planet\u0119.<\/p><a class=\"button\" href=\"https:\/\/www.vangraaf.com\/pl\/przedsiebiorstwo\/zrownowazony-rozwoj\/produkt\/\" target=\"_self\" rel=\"\" style=\"\">Wi\u0119cej informacji<\/a><\/div><\/div>[\/vc_column_inner][vc_column_inner width=&#8221;1\/3&#8243;]<div class=\"vg-element cta-teaser cta-teaser--center\" data-aos=\"fade-up\"><div class=\"cta-teaser__image\"><a class=\"\" href=\"https:\/\/www.vangraaf.com\/pl\/przedsiebiorstwo\/zrownowazony-rozwoj\/czlowiek\/\" target=\"_self\" rel=\"\" style=\"\"><img loading=\"lazy\" decoding=\"async\" width=\"378\" height=\"252\" src=\"https:\/\/www.vangraaf.com\/pl\/wp-content\/uploads\/sites\/10\/2022\/08\/Mensch.jpg\" class=\"vc_single_image-img attachment-full\" alt=\"\" title=\"Mensch\" srcset=\"https:\/\/www.vangraaf.com\/pl\/wp-content\/uploads\/sites\/10\/2022\/08\/Mensch.jpg 378w, https:\/\/www.vangraaf.com\/pl\/wp-content\/uploads\/sites\/10\/2022\/08\/Mensch-300x200.jpg 300w\" sizes=\"(max-width: 378px) 100vw, 378px\" \/><\/a><\/div><div class=\"cta-teaser__text\"><h3>Cz\u0142owiek<\/h3><p>VAN GRAAF to rodzinna firma z tradycjami; dzia\u0142amy globalnie i etyczny spos\u00f3b post\u0119powania jest dla nas wa\u017cny.<\/p><a class=\"button\" href=\"https:\/\/www.vangraaf.com\/pl\/przedsiebiorstwo\/zrownowazony-rozwoj\/czlowiek\/\" target=\"_self\" rel=\"\" style=\"\">Wi\u0119cej informacji<\/a><\/div><\/div>[\/vc_column_inner][\/vc_row_inner][\/vc_column][\/vc_row]<\/div>","protected":false},"excerpt":{"rendered":"[vc_row bwd_tbc4vd_show_weekday=&#8221;&#8221; full_width=&#8221;stretch_row_content_no_spaces&#8221;][vc_column][vc_column_text]Zr\u00f3wnowa\u017cony rozw\u00f3j jest nie tylko widoczny, lecz r\u00f3wnie\u017c w wielu obszarach mierzalny, jak na przyk\u0142ad \u015blad CO2 lub zu\u017cycie plastikowych opakowa\u0144. Firma VAN GRAAF pracuje nad\u00a0wprowadzaniem proekologicznych rozwi\u0105za\u0144, dlatego nasze torby na zakupy w coraz wi\u0119kszym stopniu s\u0105 wytwarzane z nadaj\u0105cych si\u0119 do recyklingu materia\u0142\u00f3w posiadaj\u0105cych certyfikat FSC.[\/vc_column_text][\/vc_column][\/vc_row][vc_row bwd_tbc4vd_show_weekday=&#8221;&#8221; full_width=&#8221;stretch_row_content_no_spaces&#8221;][vc_column][\/vc_column][\/vc_row][vc_row][vc_column][vc_column_text]Na podstawie pozyskanych danych [&hellip;]","protected":false},"author":6,"featured_media":0,"parent":308,"menu_order":0,"comment_status":"closed","ping_status":"closed","template":"","meta":{"_acf_changed":false,"inline_featured_image":false,"footnotes":""},"class_list":["post-361","page","type-page","status-publish","hentry"],"acf":[],"yoast_head":"<!-- This site is optimized with the Yoast SEO plugin v27.2 - https:\/\/yoast.com\/product\/yoast-seo-wordpress\/ -->\n<title>VAN GRAAF Polska - Zr\u00f3wnowa\u017cony rozw\u00f3j \u015brodowisko naturalne<\/title>\n<meta name=\"description\" content=\"Zr\u00f3wnowa\u017cony rozw\u00f3j jest nie tylko widoczny, lecz r\u00f3wnie\u017c w wielu obszarach mierzalny, jak na przyk\u0142ad \u015blad CO2 lub zu\u017cycie plastikowych opakowa\u0144.\" \/>\n<meta name=\"robots\" content=\"index, follow, max-snippet:-1, max-image-preview:large, max-video-preview:-1\" \/>\n<link rel=\"canonical\" href=\"https:\/\/www.vangraaf.com\/pl\/przedsiebiorstwo\/zrownowazony-rozwoj\/srodowisko-naturalne\/\" \/>\n<meta property=\"og:locale\" content=\"pl_PL\" \/>\n<meta property=\"og:type\" content=\"article\" \/>\n<meta property=\"og:title\" content=\"VAN GRAAF Polska - Zr\u00f3wnowa\u017cony rozw\u00f3j \u015brodowisko naturalne\" \/>\n<meta property=\"og:description\" content=\"Zr\u00f3wnowa\u017cony rozw\u00f3j jest nie tylko widoczny, lecz r\u00f3wnie\u017c w wielu obszarach mierzalny, jak na przyk\u0142ad \u015blad CO2 lub zu\u017cycie plastikowych opakowa\u0144.\" \/>\n<meta property=\"og:url\" content=\"https:\/\/www.vangraaf.com\/pl\/przedsiebiorstwo\/zrownowazony-rozwoj\/srodowisko-naturalne\/\" \/>\n<meta property=\"og:site_name\" content=\"VAN GRAAF Polska\" \/>\n<meta property=\"article:modified_time\" content=\"2024-03-27T17:01:05+00:00\" \/>\n<meta name=\"twitter:card\" content=\"summary_large_image\" \/>\n<meta name=\"twitter:label1\" content=\"Szacowany czas czytania\" \/>\n\t<meta name=\"twitter:data1\" content=\"3 minuty\" \/>\n<script type=\"application\/ld+json\" class=\"yoast-schema-graph\">{\"@context\":\"https:\/\/schema.org\",\"@graph\":[{\"@type\":\"WebPage\",\"@id\":\"https:\/\/www.vangraaf.com\/pl\/przedsiebiorstwo\/zrownowazony-rozwoj\/srodowisko-naturalne\/\",\"url\":\"https:\/\/www.vangraaf.com\/pl\/przedsiebiorstwo\/zrownowazony-rozwoj\/srodowisko-naturalne\/\",\"name\":\"VAN GRAAF Polska - Zr\u00f3wnowa\u017cony rozw\u00f3j \u015brodowisko naturalne\",\"isPartOf\":{\"@id\":\"https:\/\/www.vangraaf.com\/pl\/#website\"},\"datePublished\":\"2021-06-06T22:00:41+00:00\",\"dateModified\":\"2024-03-27T17:01:05+00:00\",\"description\":\"Zr\u00f3wnowa\u017cony rozw\u00f3j jest nie tylko widoczny, lecz r\u00f3wnie\u017c w wielu obszarach mierzalny, jak na przyk\u0142ad \u015blad CO2 lub zu\u017cycie plastikowych opakowa\u0144.\",\"breadcrumb\":{\"@id\":\"https:\/\/www.vangraaf.com\/pl\/przedsiebiorstwo\/zrownowazony-rozwoj\/srodowisko-naturalne\/#breadcrumb\"},\"inLanguage\":\"pl-PL\",\"potentialAction\":[{\"@type\":\"ReadAction\",\"target\":[\"https:\/\/www.vangraaf.com\/pl\/przedsiebiorstwo\/zrownowazony-rozwoj\/srodowisko-naturalne\/\"]}]},{\"@type\":\"BreadcrumbList\",\"@id\":\"https:\/\/www.vangraaf.com\/pl\/przedsiebiorstwo\/zrownowazony-rozwoj\/srodowisko-naturalne\/#breadcrumb\",\"itemListElement\":[{\"@type\":\"ListItem\",\"position\":1,\"name\":\"Startseite\",\"item\":\"https:\/\/www.vangraaf.com\/pl\/\"},{\"@type\":\"ListItem\",\"position\":2,\"name\":\"Przedsi\u0119biorstwo\",\"item\":\"https:\/\/www.vangraaf.com\/pl\/przedsiebiorstwo\/\"},{\"@type\":\"ListItem\",\"position\":3,\"name\":\"Zr\u00f3wnowa\u017cony rozw\u00f3j\",\"item\":\"https:\/\/www.vangraaf.com\/pl\/przedsiebiorstwo\/zrownowazony-rozwoj\/\"},{\"@type\":\"ListItem\",\"position\":4,\"name\":\"\u015arodowisko naturalne\"}]},{\"@type\":\"WebSite\",\"@id\":\"https:\/\/www.vangraaf.com\/pl\/#website\",\"url\":\"https:\/\/www.vangraaf.com\/pl\/\",\"name\":\"VAN GRAAF\",\"description\":\"VAN GRAAF\",\"potentialAction\":[{\"@type\":\"SearchAction\",\"target\":{\"@type\":\"EntryPoint\",\"urlTemplate\":\"https:\/\/www.vangraaf.com\/pl\/?s={search_term_string}\"},\"query-input\":{\"@type\":\"PropertyValueSpecification\",\"valueRequired\":true,\"valueName\":\"search_term_string\"}}],\"inLanguage\":\"pl-PL\"}]}<\/script>\n<!-- \/ Yoast SEO plugin. -->","yoast_head_json":{"title":"VAN GRAAF Polska - Zr\u00f3wnowa\u017cony rozw\u00f3j \u015brodowisko naturalne","description":"Zr\u00f3wnowa\u017cony rozw\u00f3j jest nie tylko widoczny, lecz r\u00f3wnie\u017c w wielu obszarach mierzalny, jak na przyk\u0142ad \u015blad CO2 lub zu\u017cycie plastikowych opakowa\u0144.","robots":{"index":"index","follow":"follow","max-snippet":"max-snippet:-1","max-image-preview":"max-image-preview:large","max-video-preview":"max-video-preview:-1"},"canonical":"https:\/\/www.vangraaf.com\/pl\/przedsiebiorstwo\/zrownowazony-rozwoj\/srodowisko-naturalne\/","og_locale":"pl_PL","og_type":"article","og_title":"VAN GRAAF Polska - Zr\u00f3wnowa\u017cony rozw\u00f3j \u015brodowisko naturalne","og_description":"Zr\u00f3wnowa\u017cony rozw\u00f3j jest nie tylko widoczny, lecz r\u00f3wnie\u017c w wielu obszarach mierzalny, jak na przyk\u0142ad \u015blad CO2 lub zu\u017cycie plastikowych opakowa\u0144.","og_url":"https:\/\/www.vangraaf.com\/pl\/przedsiebiorstwo\/zrownowazony-rozwoj\/srodowisko-naturalne\/","og_site_name":"VAN GRAAF Polska","article_modified_time":"2024-03-27T17:01:05+00:00","twitter_card":"summary_large_image","twitter_misc":{"Szacowany czas czytania":"3 minuty"},"schema":{"@context":"https:\/\/schema.org","@graph":[{"@type":"WebPage","@id":"https:\/\/www.vangraaf.com\/pl\/przedsiebiorstwo\/zrownowazony-rozwoj\/srodowisko-naturalne\/","url":"https:\/\/www.vangraaf.com\/pl\/przedsiebiorstwo\/zrownowazony-rozwoj\/srodowisko-naturalne\/","name":"VAN GRAAF Polska - Zr\u00f3wnowa\u017cony rozw\u00f3j \u015brodowisko naturalne","isPartOf":{"@id":"https:\/\/www.vangraaf.com\/pl\/#website"},"datePublished":"2021-06-06T22:00:41+00:00","dateModified":"2024-03-27T17:01:05+00:00","description":"Zr\u00f3wnowa\u017cony rozw\u00f3j jest nie tylko widoczny, lecz r\u00f3wnie\u017c w wielu obszarach mierzalny, jak na przyk\u0142ad \u015blad CO2 lub zu\u017cycie plastikowych opakowa\u0144.","breadcrumb":{"@id":"https:\/\/www.vangraaf.com\/pl\/przedsiebiorstwo\/zrownowazony-rozwoj\/srodowisko-naturalne\/#breadcrumb"},"inLanguage":"pl-PL","potentialAction":[{"@type":"ReadAction","target":["https:\/\/www.vangraaf.com\/pl\/przedsiebiorstwo\/zrownowazony-rozwoj\/srodowisko-naturalne\/"]}]},{"@type":"BreadcrumbList","@id":"https:\/\/www.vangraaf.com\/pl\/przedsiebiorstwo\/zrownowazony-rozwoj\/srodowisko-naturalne\/#breadcrumb","itemListElement":[{"@type":"ListItem","position":1,"name":"Startseite","item":"https:\/\/www.vangraaf.com\/pl\/"},{"@type":"ListItem","position":2,"name":"Przedsi\u0119biorstwo","item":"https:\/\/www.vangraaf.com\/pl\/przedsiebiorstwo\/"},{"@type":"ListItem","position":3,"name":"Zr\u00f3wnowa\u017cony rozw\u00f3j","item":"https:\/\/www.vangraaf.com\/pl\/przedsiebiorstwo\/zrownowazony-rozwoj\/"},{"@type":"ListItem","position":4,"name":"\u015arodowisko naturalne"}]},{"@type":"WebSite","@id":"https:\/\/www.vangraaf.com\/pl\/#website","url":"https:\/\/www.vangraaf.com\/pl\/","name":"VAN GRAAF","description":"VAN GRAAF","potentialAction":[{"@type":"SearchAction","target":{"@type":"EntryPoint","urlTemplate":"https:\/\/www.vangraaf.com\/pl\/?s={search_term_string}"},"query-input":{"@type":"PropertyValueSpecification","valueRequired":true,"valueName":"search_term_string"}}],"inLanguage":"pl-PL"}]}},"_links":{"self":[{"href":"https:\/\/www.vangraaf.com\/pl\/wp-json\/wp\/v2\/pages\/361","targetHints":{"allow":["GET"]}}],"collection":[{"href":"https:\/\/www.vangraaf.com\/pl\/wp-json\/wp\/v2\/pages"}],"about":[{"href":"https:\/\/www.vangraaf.com\/pl\/wp-json\/wp\/v2\/types\/page"}],"author":[{"embeddable":true,"href":"https:\/\/www.vangraaf.com\/pl\/wp-json\/wp\/v2\/users\/6"}],"replies":[{"embeddable":true,"href":"https:\/\/www.vangraaf.com\/pl\/wp-json\/wp\/v2\/comments?post=361"}],"version-history":[{"count":22,"href":"https:\/\/www.vangraaf.com\/pl\/wp-json\/wp\/v2\/pages\/361\/revisions"}],"predecessor-version":[{"id":1211,"href":"https:\/\/www.vangraaf.com\/pl\/wp-json\/wp\/v2\/pages\/361\/revisions\/1211"}],"up":[{"embeddable":true,"href":"https:\/\/www.vangraaf.com\/pl\/wp-json\/wp\/v2\/pages\/308"}],"wp:attachment":[{"href":"https:\/\/www.vangraaf.com\/pl\/wp-json\/wp\/v2\/media?parent=361"}],"curies":[{"name":"wp","href":"https:\/\/api.w.org\/{rel}","templated":true}]}}