{"id":350,"date":"2021-06-07T00:00:24","date_gmt":"2021-06-06T22:00:24","guid":{"rendered":"https:\/\/www.vangraaf.com\/pl\/?page_id=350"},"modified":"2023-04-21T14:52:09","modified_gmt":"2023-04-21T12:52:09","slug":"strategia","status":"publish","type":"page","link":"https:\/\/www.vangraaf.com\/pl\/przedsiebiorstwo\/zrownowazony-rozwoj\/strategia\/","title":{"rendered":"Strategia"},"content":{"rendered":"<div class=\"wpb-content-wrapper\">[vc_row bwd_tbc4vd_show_weekday=&#8221;&#8221; full_width=&#8221;stretch_row_content_no_spaces&#8221;][vc_column]<div class=\"keyvisual\" data-aos=\"fade-up\" ><img loading=\"lazy\" decoding=\"async\" width=\"1440\" height=\"480\" src=\"https:\/\/www.vangraaf.com\/pl\/wp-content\/uploads\/sites\/10\/2021\/05\/Banner_Strategie.jpg\" class=\"vc_single_image-img\" alt=\"\" srcset=\"https:\/\/www.vangraaf.com\/pl\/wp-content\/uploads\/sites\/10\/2021\/05\/Banner_Strategie.jpg 1440w, https:\/\/www.vangraaf.com\/pl\/wp-content\/uploads\/sites\/10\/2021\/05\/Banner_Strategie-300x100.jpg 300w, https:\/\/www.vangraaf.com\/pl\/wp-content\/uploads\/sites\/10\/2021\/05\/Banner_Strategie-1024x341.jpg 1024w, https:\/\/www.vangraaf.com\/pl\/wp-content\/uploads\/sites\/10\/2021\/05\/Banner_Strategie-768x256.jpg 768w, https:\/\/www.vangraaf.com\/pl\/wp-content\/uploads\/sites\/10\/2021\/05\/Banner_Strategie-1200x400.jpg 1200w, https:\/\/www.vangraaf.com\/pl\/wp-content\/uploads\/sites\/10\/2021\/05\/Banner_Strategie-992x331.jpg 992w, https:\/\/www.vangraaf.com\/pl\/wp-content\/uploads\/sites\/10\/2021\/05\/Banner_Strategie-480x160.jpg 480w\" sizes=\"(max-width: 1440px) 100vw, 1440px\" \/><\/div>\n        <div class=\"headlines headlines--center\" data-aos=\"fade-up\">\n            <div class=\"vc_row\">\n                <div class=\"vc_col-md-10 vc_col-md-offset-1 vc_col-lg-10 vc_col-lg-offset-1\"><span class=\"h6\">Strategia<\/span><h1 class=\"h2\">Wsp\u00f3lne dzia\u0142anie. Wi\u0119cej przedsi\u0119wzi\u0119\u0107.<\/h1><\/div>\n            <\/div>\n        <\/div>[vc_column_text]W VAN GRAAF zr\u00f3wnowa\u017cony rozw\u00f3j odgrywa ogromn\u0105 rol\u0119 <span class=\"nobr\">w procesie<\/span> podejmowania wielu decyzji przez nasze zespo\u0142y.\r\n<ul>\r\n \t<li>Najwy\u017csze standardy jako\u015bci <span class=\"nobr\">s\u0105 dla nas niezwykle<\/span> wa\u017cne. One gwarantuj\u0105, <span class=\"nobr\">\u017ce nasz\u0105<\/span> odzie\u017c cechuje wyj\u0105tkowa trwa\u0142o\u015b\u0107. <span class=\"nobr\">Tym sposobem<\/span> przyczyniamy s<span class=\"nobr\">i\u0119 do mniejszego<\/span> zu\u017cycia energii <span class=\"nobr\">i wody.<\/span><\/li>\r\n \t<li>W coraz wi\u0119kszym stopniu wprowadzamy ekologiczne surowce.<\/li>\r\n \t<li>Wywieramy pozytywny wp\u0142yw <span class=\"nobr\">na miejscowe<\/span> warunki pracy <span class=\"nobr\">w naszych<\/span> zak\u0142adach produkcyjnych <span class=\"nobr\">i w ca\u0142ym<\/span> \u0142a\u0144cuchu dostaw oraz zapewniamy wy\u017cszy poziom sprawiedliwo\u015bci spo\u0142ecznej.<\/li>\r\n \t<li>Wykorzystuj\u0105c zwierz\u0119ce w\u0142\u00f3kna takie <span class=\"nobr\">jak we\u0142n\u0119<\/span> <span class=\"nobr\">lub kaszmir,<\/span> dbamy <span class=\"nobr\">o delikatne<\/span> pozyskiwanie runa zwierz\u0119cego.<\/li>\r\n \t<li>Zapewniamy, <span class=\"nobr\">\u017ce nasze<\/span> najwy\u017cszej jako\u015bci tekstylia <span class=\"nobr\">nie zawieraj\u0105<\/span> substancji szkodliwych oraz spe\u0142niaj\u0105 wszystkie, rygorystyczne wymagania prawne.<\/li>\r\n \t<li>Mamy zamiar zredukowa\u0107 \u015blad CO<sub>2<\/sub> <span class=\"nobr\">w odniesieniu<\/span> <span class=\"nobr\">do wszystkich<\/span> naszych dzia\u0142a\u0144 \u2013 poczynaj\u0105c <span class=\"nobr\">od produkcji<\/span> odzie\u017cy, <span class=\"nobr\">a\u017c do momentu,<\/span> pojawienia <span class=\"nobr\">si\u0119 jej w sklepie<\/span> stacjonarnym <span class=\"nobr\">VAN GRAAF,<\/span> <span class=\"nobr\">w kt\u00f3rym<\/span> nasze klientki <span class=\"nobr\">i nasi klienci<\/span> wk\u0142adaj\u0105 <span class=\"nobr\">j\u0105 do torby<\/span> <span class=\"nobr\">na zakupy<\/span> <span class=\"nobr\">lub wtedy,<\/span> <span class=\"nobr\">gdy umieszczaj\u0105<\/span> <span class=\"nobr\">j\u0105 w koszyku<\/span> zakup\u00f3w <span class=\"nobr\">w sklepie<\/span> internetowym.<\/li>\r\n \t<li>Nasze torby <span class=\"nobr\">na zakupy<\/span> <span class=\"nobr\">s\u0105 wyprodukowane<\/span> <span class=\"nobr\">z recyklingowanego<\/span> papieru <span class=\"nobr\">z certyfikatem<\/span> FSC.<\/li>\r\n<\/ul>\r\nNie jeste\u015bmy perfekcyjni <span class=\"nobr\">we wszystkim.<\/span> Uczymy <span class=\"nobr\">si\u0119 ka\u017cdego<\/span> dnia.\u00a0 Zr\u00f3wnowa\u017cony rozw\u00f3j jest dziedzin\u0105, kt\u00f3ra obejmuje ca\u0142e \u017cycie. <span class=\"nobr\">Z zaanga\u017cowaniem<\/span> <span class=\"nobr\">i szacunkiem<\/span> <span class=\"nobr\">do siebie<\/span> nawzajem <span class=\"nobr\">oraz \u015brodowiska,<\/span> <span class=\"nobr\">w kt\u00f3rym<\/span> \u017cyjemy, chcemy wprowadza\u0107 zmiany <span class=\"nobr\">w kierunku<\/span> zr\u00f3wnowa\u017conego rozwoju. Zdajemy sobie spraw\u0119 <span class=\"nobr\">z tego,<\/span> <span class=\"nobr\">\u017ce ka\u017cdego<\/span> dnia musimy <span class=\"nobr\">na nowo podejmowa\u0107<\/span> <span class=\"nobr\">to wyzwanie<\/span> <span class=\"nobr\">i jeszcze<\/span> lepiej <span class=\"nobr\">je realizowa\u0107.<\/span>[\/vc_column_text][vc_column_text]\r\n<p style=\"text-align: center\"><strong>Stylowy wygl\u0105d. \u015awiadomo\u015b\u0107 ponoszenia odpowiedzialno\u015bci.<\/strong><\/p>\r\n<p style=\"text-align: left\">Ziemia jest tylko jedna, tylko jedno \u015brodowisko <span class=\"nobr\">i tylko<\/span> jedna przysz\u0142o\u015b\u0107. Musimy obchodzi\u0107 <span class=\"nobr\">si\u0119 z nimi<\/span> wyj\u0105tkowo ostro\u017cnie.<\/p>\r\n<p style=\"text-align: left\">Celem VAN GRAAF jest po\u0142\u0105czenie stylowego wygl\u0105du oraz odpowiedzialnej postawy. Oferowane przez nas najwy\u017cszej jako\u015bci <a href=\"https:\/\/www.vangraaf.com\/pl\/przedsiebiorstwo\/zrownowazony-rozwoj\/produkt\/\">produkty<\/a>, powinny uosabia\u0107 sprawiedliwe podej\u015bcie do ludzi, zwierz\u0105t oraz \u015brodowiska naturalnego i optymalnie je chroni\u0107.<\/p>\r\n<p style=\"text-align: left\">Ca\u0142a firma wspiera zaanga\u017cowanie <span class=\"nobr\">na rzecz<\/span> zr\u00f3wnowa\u017conego rozwoju. Dzia\u0142amy wsp\u00f3lnie, inicjuj\u0105c <span class=\"nobr\">nowe projekty<\/span> maj\u0105ce <span class=\"nobr\">na celu ochron\u0119<\/span> \u015brodowiska naturalnego <span class=\"nobr\">i spo\u0142ecze\u0144stwa.<\/span><\/p>\r\n[\/vc_column_text][\/vc_column][\/vc_row][vc_row bwd_tbc4vd_show_weekday=&#8221;&#8221; disable_element=&#8221;yes&#8221;][vc_column width=&#8221;1\/5&#8243;][\/vc_column][vc_column width=&#8221;1\/5&#8243;]<div class=\"vg-element cta-teaser cta-teaser--center\" data-aos=\"fade-up\"><div class=\"cta-teaser__image\"><a class=\"\" href=\"https:\/\/www.vangraaf.com\/pl\/przedsiebiorstwo\/zrownowazony-rozwoj\/produkt\/\" target=\"_self\" rel=\"\" style=\"\">Produkt<\/a><\/div><div class=\"cta-teaser__text\"><a class=\"button\" href=\"https:\/\/www.vangraaf.com\/pl\/przedsiebiorstwo\/zrownowazony-rozwoj\/produkt\/\" target=\"_self\" rel=\"\" style=\"\">Produkt<\/a><\/div><\/div>[\/vc_column][vc_column width=&#8221;1\/5&#8243;]<div class=\"vg-element cta-teaser cta-teaser--center\" data-aos=\"fade-up\"><div class=\"cta-teaser__image\"><a class=\"\" href=\"https:\/\/www.vangraaf.com\/pl\/przedsiebiorstwo\/zrownowazony-rozwoj\/srodowisko-naturalne\/\" target=\"_self\" rel=\"\" style=\"\"><img loading=\"lazy\" decoding=\"async\" width=\"400\" height=\"400\" src=\"https:\/\/www.vangraaf.com\/pl\/wp-content\/uploads\/sites\/10\/2021\/05\/Imageteaser_Umwelt.jpg\" class=\"vc_single_image-img attachment-full\" alt=\"\" title=\"Imageteaser_Umwelt\" srcset=\"https:\/\/www.vangraaf.com\/pl\/wp-content\/uploads\/sites\/10\/2021\/05\/Imageteaser_Umwelt.jpg 400w, https:\/\/www.vangraaf.com\/pl\/wp-content\/uploads\/sites\/10\/2021\/05\/Imageteaser_Umwelt-300x300.jpg 300w, https:\/\/www.vangraaf.com\/pl\/wp-content\/uploads\/sites\/10\/2021\/05\/Imageteaser_Umwelt-150x150.jpg 150w\" sizes=\"(max-width: 400px) 100vw, 400px\" \/><\/a><\/div><div class=\"cta-teaser__text\"><a class=\"button\" href=\"https:\/\/www.vangraaf.com\/pl\/przedsiebiorstwo\/zrownowazony-rozwoj\/srodowisko-naturalne\/\" target=\"_self\" rel=\"\" style=\"\">\u015arodowisko&shy; naturalne<\/a><\/div><\/div>[\/vc_column][vc_column width=&#8221;1\/5&#8243;]<div class=\"vg-element cta-teaser cta-teaser--center\" data-aos=\"fade-up\"><div class=\"cta-teaser__image\"><a class=\"\" href=\"https:\/\/www.vangraaf.com\/pl\/przedsiebiorstwo\/zrownowazony-rozwoj\/czlowiek\/\" target=\"_self\" rel=\"\" style=\"\"><img loading=\"lazy\" decoding=\"async\" width=\"300\" height=\"300\" src=\"https:\/\/www.vangraaf.com\/pl\/wp-content\/uploads\/sites\/10\/2022\/04\/Mensch.jpg\" class=\"vc_single_image-img attachment-full\" alt=\"\" title=\"Mensch\" srcset=\"https:\/\/www.vangraaf.com\/pl\/wp-content\/uploads\/sites\/10\/2022\/04\/Mensch.jpg 300w, https:\/\/www.vangraaf.com\/pl\/wp-content\/uploads\/sites\/10\/2022\/04\/Mensch-150x150.jpg 150w, https:\/\/www.vangraaf.com\/pl\/wp-content\/uploads\/sites\/10\/2022\/04\/Mensch-280x280.jpg 280w\" sizes=\"(max-width: 300px) 100vw, 300px\" \/><\/a><\/div><div class=\"cta-teaser__text\"><a class=\"button\" href=\"https:\/\/www.vangraaf.com\/pl\/przedsiebiorstwo\/zrownowazony-rozwoj\/czlowiek\/\" target=\"_self\" rel=\"\" style=\"\">Cz\u0142owiek<\/a><\/div><\/div>[\/vc_column][vc_column width=&#8221;1\/5&#8243;][\/vc_column][\/vc_row][vc_row bwd_tbc4vd_show_weekday=&#8221;&#8221; full_width=&#8221;stretch_row_content_no_spaces&#8221;][vc_column][vc_row_inner bwd_tbc4vd_show_weekday=&#8221;&#8221; row_design=&#8221;row_square_background&#8221;][vc_column_inner width=&#8221;1\/3&#8243;]<div class=\"vg-element cta-teaser cta-teaser--center\" data-aos=\"fade-up\"><div class=\"cta-teaser__image\"><a class=\"\" href=\"https:\/\/www.vangraaf.com\/pl\/przedsiebiorstwo\/zrownowazony-rozwoj\/produkt\/\" target=\"_self\" rel=\"\" style=\"\"><img loading=\"lazy\" decoding=\"async\" width=\"378\" height=\"252\" src=\"https:\/\/www.vangraaf.com\/pl\/wp-content\/uploads\/sites\/10\/2021\/05\/UnsereProdukte_CTA_teaser_Seitenabschluss.jpg\" class=\"vc_single_image-img attachment-full\" alt=\"Osoba trzymaj\u0105ca stos z\u0142o\u017conych jeans\u00f3w w r\u00f3\u017cnych odcieniach niebieskiego.\" title=\"UnsereProdukte_CTA_teaser_Seitenabschluss\" srcset=\"https:\/\/www.vangraaf.com\/pl\/wp-content\/uploads\/sites\/10\/2021\/05\/UnsereProdukte_CTA_teaser_Seitenabschluss.jpg 378w, https:\/\/www.vangraaf.com\/pl\/wp-content\/uploads\/sites\/10\/2021\/05\/UnsereProdukte_CTA_teaser_Seitenabschluss-300x200.jpg 300w\" sizes=\"(max-width: 378px) 100vw, 378px\" \/><\/a><\/div><div class=\"cta-teaser__text\"><h3>Produkt<\/h3><p>Nasza produkcja i dzia\u0142ania maj\u0105 wp\u0142yw na ludzi \u017cyj\u0105cych wok\u00f3\u0142 nas oraz na nasz\u0105 planet\u0119.<\/p><a class=\"button\" href=\"https:\/\/www.vangraaf.com\/pl\/przedsiebiorstwo\/zrownowazony-rozwoj\/produkt\/\" target=\"_self\" rel=\"\" style=\"\">Wi\u0119cej informacji<\/a><\/div><\/div>[\/vc_column_inner][vc_column_inner width=&#8221;1\/3&#8243;]<div class=\"vg-element cta-teaser cta-teaser--center\" data-aos=\"fade-up\"><div class=\"cta-teaser__image\"><a class=\"\" href=\"https:\/\/www.vangraaf.com\/pl\/przedsiebiorstwo\/zrownowazony-rozwoj\/srodowisko-naturalne\/\" target=\"_self\" rel=\"\" style=\"\"><img loading=\"lazy\" decoding=\"async\" width=\"378\" height=\"252\" src=\"https:\/\/www.vangraaf.com\/pl\/wp-content\/uploads\/sites\/10\/2022\/08\/Umwelt.jpg\" class=\"vc_single_image-img attachment-full\" alt=\"\" title=\"Umwelt\" srcset=\"https:\/\/www.vangraaf.com\/pl\/wp-content\/uploads\/sites\/10\/2022\/08\/Umwelt.jpg 378w, https:\/\/www.vangraaf.com\/pl\/wp-content\/uploads\/sites\/10\/2022\/08\/Umwelt-300x200.jpg 300w\" sizes=\"(max-width: 378px) 100vw, 378px\" \/><\/a><\/div><div class=\"cta-teaser__text\"><h3>\u015arodowisko naturalne<\/h3><p>Wszyscy jeste\u015bmy cz\u0119\u015bci\u0105 natury, a oddzia\u0142ywaj\u0105c na klimat mamy wp\u0142yw na nasz\u0105 planet\u0119.<\/p><a class=\"button\" href=\"https:\/\/www.vangraaf.com\/pl\/przedsiebiorstwo\/zrownowazony-rozwoj\/srodowisko-naturalne\/\" target=\"_self\" rel=\"\" style=\"\">Wi\u0119cej informacji<\/a><\/div><\/div>[\/vc_column_inner][vc_column_inner width=&#8221;1\/3&#8243;]<div class=\"vg-element cta-teaser cta-teaser--center\" data-aos=\"fade-up\"><div class=\"cta-teaser__image\"><a class=\"\" href=\"https:\/\/www.vangraaf.com\/pl\/przedsiebiorstwo\/zrownowazony-rozwoj\/czlowiek\/\" target=\"_self\" rel=\"\" style=\"\"><img loading=\"lazy\" decoding=\"async\" width=\"378\" height=\"252\" src=\"https:\/\/www.vangraaf.com\/pl\/wp-content\/uploads\/sites\/10\/2022\/08\/Mensch.jpg\" class=\"vc_single_image-img attachment-full\" alt=\"\" title=\"Mensch\" srcset=\"https:\/\/www.vangraaf.com\/pl\/wp-content\/uploads\/sites\/10\/2022\/08\/Mensch.jpg 378w, https:\/\/www.vangraaf.com\/pl\/wp-content\/uploads\/sites\/10\/2022\/08\/Mensch-300x200.jpg 300w\" sizes=\"(max-width: 378px) 100vw, 378px\" \/><\/a><\/div><div class=\"cta-teaser__text\"><h3>Cz\u0142owiek<\/h3><p>VAN GRAAF to rodzinna firma z tradycjami; dzia\u0142amy globalnie i etyczny spos\u00f3b post\u0119powania jest dla nas wa\u017cny.<\/p><a class=\"button\" href=\"https:\/\/www.vangraaf.com\/pl\/przedsiebiorstwo\/zrownowazony-rozwoj\/czlowiek\/\" target=\"_self\" rel=\"\" style=\"\">Wi\u0119cej informacji<\/a><\/div><\/div>[\/vc_column_inner][\/vc_row_inner][\/vc_column][\/vc_row]<\/div>","protected":false},"excerpt":{"rendered":"[vc_row bwd_tbc4vd_show_weekday=&#8221;&#8221; full_width=&#8221;stretch_row_content_no_spaces&#8221;][vc_column][vc_column_text]W VAN GRAAF zr\u00f3wnowa\u017cony rozw\u00f3j odgrywa ogromn\u0105 rol\u0119 w procesie podejmowania wielu decyzji przez nasze zespo\u0142y. Najwy\u017csze standardy jako\u015bci s\u0105 dla nas niezwykle wa\u017cne. One gwarantuj\u0105, \u017ce nasz\u0105 odzie\u017c cechuje wyj\u0105tkowa trwa\u0142o\u015b\u0107. Tym sposobem przyczyniamy si\u0119 do mniejszego zu\u017cycia energii i wody. W coraz wi\u0119kszym stopniu wprowadzamy ekologiczne surowce. Wywieramy pozytywny wp\u0142yw na [&hellip;]","protected":false},"author":3,"featured_media":0,"parent":308,"menu_order":0,"comment_status":"closed","ping_status":"closed","template":"","meta":{"_acf_changed":false,"inline_featured_image":false,"footnotes":""},"class_list":["post-350","page","type-page","status-publish","hentry"],"acf":[],"yoast_head":"<!-- This site is optimized with the Yoast SEO plugin v27.2 - https:\/\/yoast.com\/product\/yoast-seo-wordpress\/ -->\n<title>VAN GRAAF Polska - Zr\u00f3wnowa\u017cony rozw\u00f3j strategia<\/title>\n<meta name=\"description\" content=\"W VAN GRAAF zr\u00f3wnowa\u017cony rozw\u00f3j odgrywa ogromn\u0105 rol\u0119 w procesie podejmowania wielu decyzji przez nasze zespo\u0142y.\" \/>\n<meta name=\"robots\" content=\"index, follow, max-snippet:-1, max-image-preview:large, max-video-preview:-1\" \/>\n<link rel=\"canonical\" href=\"https:\/\/www.vangraaf.com\/pl\/przedsiebiorstwo\/zrownowazony-rozwoj\/strategia\/\" \/>\n<meta property=\"og:locale\" content=\"pl_PL\" \/>\n<meta property=\"og:type\" content=\"article\" \/>\n<meta property=\"og:title\" content=\"VAN GRAAF Polska - Zr\u00f3wnowa\u017cony rozw\u00f3j strategia\" \/>\n<meta property=\"og:description\" content=\"W VAN GRAAF zr\u00f3wnowa\u017cony rozw\u00f3j odgrywa ogromn\u0105 rol\u0119 w procesie podejmowania wielu decyzji przez nasze zespo\u0142y.\" \/>\n<meta property=\"og:url\" content=\"https:\/\/www.vangraaf.com\/pl\/przedsiebiorstwo\/zrownowazony-rozwoj\/strategia\/\" \/>\n<meta property=\"og:site_name\" content=\"VAN GRAAF Polska\" \/>\n<meta property=\"article:modified_time\" content=\"2023-04-21T12:52:09+00:00\" \/>\n<meta name=\"twitter:card\" content=\"summary_large_image\" \/>\n<meta name=\"twitter:label1\" content=\"Szacowany czas czytania\" \/>\n\t<meta name=\"twitter:data1\" content=\"3 minuty\" \/>\n<script type=\"application\/ld+json\" class=\"yoast-schema-graph\">{\"@context\":\"https:\/\/schema.org\",\"@graph\":[{\"@type\":\"WebPage\",\"@id\":\"https:\/\/www.vangraaf.com\/pl\/przedsiebiorstwo\/zrownowazony-rozwoj\/strategia\/\",\"url\":\"https:\/\/www.vangraaf.com\/pl\/przedsiebiorstwo\/zrownowazony-rozwoj\/strategia\/\",\"name\":\"VAN GRAAF Polska - Zr\u00f3wnowa\u017cony rozw\u00f3j strategia\",\"isPartOf\":{\"@id\":\"https:\/\/www.vangraaf.com\/pl\/#website\"},\"datePublished\":\"2021-06-06T22:00:24+00:00\",\"dateModified\":\"2023-04-21T12:52:09+00:00\",\"description\":\"W VAN GRAAF zr\u00f3wnowa\u017cony rozw\u00f3j odgrywa ogromn\u0105 rol\u0119 w procesie podejmowania wielu decyzji przez nasze zespo\u0142y.\",\"breadcrumb\":{\"@id\":\"https:\/\/www.vangraaf.com\/pl\/przedsiebiorstwo\/zrownowazony-rozwoj\/strategia\/#breadcrumb\"},\"inLanguage\":\"pl-PL\",\"potentialAction\":[{\"@type\":\"ReadAction\",\"target\":[\"https:\/\/www.vangraaf.com\/pl\/przedsiebiorstwo\/zrownowazony-rozwoj\/strategia\/\"]}]},{\"@type\":\"BreadcrumbList\",\"@id\":\"https:\/\/www.vangraaf.com\/pl\/przedsiebiorstwo\/zrownowazony-rozwoj\/strategia\/#breadcrumb\",\"itemListElement\":[{\"@type\":\"ListItem\",\"position\":1,\"name\":\"Startseite\",\"item\":\"https:\/\/www.vangraaf.com\/pl\/\"},{\"@type\":\"ListItem\",\"position\":2,\"name\":\"Przedsi\u0119biorstwo\",\"item\":\"https:\/\/www.vangraaf.com\/pl\/przedsiebiorstwo\/\"},{\"@type\":\"ListItem\",\"position\":3,\"name\":\"Zr\u00f3wnowa\u017cony rozw\u00f3j\",\"item\":\"https:\/\/www.vangraaf.com\/pl\/przedsiebiorstwo\/zrownowazony-rozwoj\/\"},{\"@type\":\"ListItem\",\"position\":4,\"name\":\"Strategia\"}]},{\"@type\":\"WebSite\",\"@id\":\"https:\/\/www.vangraaf.com\/pl\/#website\",\"url\":\"https:\/\/www.vangraaf.com\/pl\/\",\"name\":\"VAN GRAAF\",\"description\":\"VAN GRAAF\",\"potentialAction\":[{\"@type\":\"SearchAction\",\"target\":{\"@type\":\"EntryPoint\",\"urlTemplate\":\"https:\/\/www.vangraaf.com\/pl\/?s={search_term_string}\"},\"query-input\":{\"@type\":\"PropertyValueSpecification\",\"valueRequired\":true,\"valueName\":\"search_term_string\"}}],\"inLanguage\":\"pl-PL\"}]}<\/script>\n<!-- \/ Yoast SEO plugin. -->","yoast_head_json":{"title":"VAN GRAAF Polska - Zr\u00f3wnowa\u017cony rozw\u00f3j strategia","description":"W VAN GRAAF zr\u00f3wnowa\u017cony rozw\u00f3j odgrywa ogromn\u0105 rol\u0119 w procesie podejmowania wielu decyzji przez nasze zespo\u0142y.","robots":{"index":"index","follow":"follow","max-snippet":"max-snippet:-1","max-image-preview":"max-image-preview:large","max-video-preview":"max-video-preview:-1"},"canonical":"https:\/\/www.vangraaf.com\/pl\/przedsiebiorstwo\/zrownowazony-rozwoj\/strategia\/","og_locale":"pl_PL","og_type":"article","og_title":"VAN GRAAF Polska - Zr\u00f3wnowa\u017cony rozw\u00f3j strategia","og_description":"W VAN GRAAF zr\u00f3wnowa\u017cony rozw\u00f3j odgrywa ogromn\u0105 rol\u0119 w procesie podejmowania wielu decyzji przez nasze zespo\u0142y.","og_url":"https:\/\/www.vangraaf.com\/pl\/przedsiebiorstwo\/zrownowazony-rozwoj\/strategia\/","og_site_name":"VAN GRAAF Polska","article_modified_time":"2023-04-21T12:52:09+00:00","twitter_card":"summary_large_image","twitter_misc":{"Szacowany czas czytania":"3 minuty"},"schema":{"@context":"https:\/\/schema.org","@graph":[{"@type":"WebPage","@id":"https:\/\/www.vangraaf.com\/pl\/przedsiebiorstwo\/zrownowazony-rozwoj\/strategia\/","url":"https:\/\/www.vangraaf.com\/pl\/przedsiebiorstwo\/zrownowazony-rozwoj\/strategia\/","name":"VAN GRAAF Polska - Zr\u00f3wnowa\u017cony rozw\u00f3j strategia","isPartOf":{"@id":"https:\/\/www.vangraaf.com\/pl\/#website"},"datePublished":"2021-06-06T22:00:24+00:00","dateModified":"2023-04-21T12:52:09+00:00","description":"W VAN GRAAF zr\u00f3wnowa\u017cony rozw\u00f3j odgrywa ogromn\u0105 rol\u0119 w procesie podejmowania wielu decyzji przez nasze zespo\u0142y.","breadcrumb":{"@id":"https:\/\/www.vangraaf.com\/pl\/przedsiebiorstwo\/zrownowazony-rozwoj\/strategia\/#breadcrumb"},"inLanguage":"pl-PL","potentialAction":[{"@type":"ReadAction","target":["https:\/\/www.vangraaf.com\/pl\/przedsiebiorstwo\/zrownowazony-rozwoj\/strategia\/"]}]},{"@type":"BreadcrumbList","@id":"https:\/\/www.vangraaf.com\/pl\/przedsiebiorstwo\/zrownowazony-rozwoj\/strategia\/#breadcrumb","itemListElement":[{"@type":"ListItem","position":1,"name":"Startseite","item":"https:\/\/www.vangraaf.com\/pl\/"},{"@type":"ListItem","position":2,"name":"Przedsi\u0119biorstwo","item":"https:\/\/www.vangraaf.com\/pl\/przedsiebiorstwo\/"},{"@type":"ListItem","position":3,"name":"Zr\u00f3wnowa\u017cony rozw\u00f3j","item":"https:\/\/www.vangraaf.com\/pl\/przedsiebiorstwo\/zrownowazony-rozwoj\/"},{"@type":"ListItem","position":4,"name":"Strategia"}]},{"@type":"WebSite","@id":"https:\/\/www.vangraaf.com\/pl\/#website","url":"https:\/\/www.vangraaf.com\/pl\/","name":"VAN GRAAF","description":"VAN GRAAF","potentialAction":[{"@type":"SearchAction","target":{"@type":"EntryPoint","urlTemplate":"https:\/\/www.vangraaf.com\/pl\/?s={search_term_string}"},"query-input":{"@type":"PropertyValueSpecification","valueRequired":true,"valueName":"search_term_string"}}],"inLanguage":"pl-PL"}]}},"_links":{"self":[{"href":"https:\/\/www.vangraaf.com\/pl\/wp-json\/wp\/v2\/pages\/350","targetHints":{"allow":["GET"]}}],"collection":[{"href":"https:\/\/www.vangraaf.com\/pl\/wp-json\/wp\/v2\/pages"}],"about":[{"href":"https:\/\/www.vangraaf.com\/pl\/wp-json\/wp\/v2\/types\/page"}],"author":[{"embeddable":true,"href":"https:\/\/www.vangraaf.com\/pl\/wp-json\/wp\/v2\/users\/3"}],"replies":[{"embeddable":true,"href":"https:\/\/www.vangraaf.com\/pl\/wp-json\/wp\/v2\/comments?post=350"}],"version-history":[{"count":27,"href":"https:\/\/www.vangraaf.com\/pl\/wp-json\/wp\/v2\/pages\/350\/revisions"}],"predecessor-version":[{"id":1155,"href":"https:\/\/www.vangraaf.com\/pl\/wp-json\/wp\/v2\/pages\/350\/revisions\/1155"}],"up":[{"embeddable":true,"href":"https:\/\/www.vangraaf.com\/pl\/wp-json\/wp\/v2\/pages\/308"}],"wp:attachment":[{"href":"https:\/\/www.vangraaf.com\/pl\/wp-json\/wp\/v2\/media?parent=350"}],"curies":[{"name":"wp","href":"https:\/\/api.w.org\/{rel}","templated":true}]}}