{"id":308,"date":"2021-06-07T00:00:40","date_gmt":"2021-06-06T22:00:40","guid":{"rendered":"https:\/\/www.vangraaf.com\/pl\/?page_id=308"},"modified":"2023-04-21T14:50:50","modified_gmt":"2023-04-21T12:50:50","slug":"zrownowazony-rozwoj","status":"publish","type":"page","link":"https:\/\/www.vangraaf.com\/pl\/przedsiebiorstwo\/zrownowazony-rozwoj\/","title":{"rendered":"Zr\u00f3wnowa\u017cony rozw\u00f3j"},"content":{"rendered":"<div class=\"wpb-content-wrapper\">[vc_row bwd_tbc4vd_show_weekday=&#8221;&#8221; full_width=&#8221;stretch_row_content_no_spaces&#8221;][vc_column]<div class=\"keyvisual\" data-aos=\"fade-up\" ><img loading=\"lazy\" decoding=\"async\" width=\"1440\" height=\"480\" src=\"https:\/\/www.vangraaf.com\/pl\/wp-content\/uploads\/sites\/10\/2021\/05\/Baeume_Banner-3.jpg\" class=\"vc_single_image-img\" alt=\"Widok z do\u0142u na wysokie drzewa w lesie z zielonymi li\u015b\u0107mi i jasnym niebem w tle.\" srcset=\"https:\/\/www.vangraaf.com\/pl\/wp-content\/uploads\/sites\/10\/2021\/05\/Baeume_Banner-3.jpg 1440w, https:\/\/www.vangraaf.com\/pl\/wp-content\/uploads\/sites\/10\/2021\/05\/Baeume_Banner-3-300x100.jpg 300w, https:\/\/www.vangraaf.com\/pl\/wp-content\/uploads\/sites\/10\/2021\/05\/Baeume_Banner-3-1024x341.jpg 1024w, https:\/\/www.vangraaf.com\/pl\/wp-content\/uploads\/sites\/10\/2021\/05\/Baeume_Banner-3-768x256.jpg 768w, https:\/\/www.vangraaf.com\/pl\/wp-content\/uploads\/sites\/10\/2021\/05\/Baeume_Banner-3-1200x400.jpg 1200w, https:\/\/www.vangraaf.com\/pl\/wp-content\/uploads\/sites\/10\/2021\/05\/Baeume_Banner-3-992x331.jpg 992w, https:\/\/www.vangraaf.com\/pl\/wp-content\/uploads\/sites\/10\/2021\/05\/Baeume_Banner-3-480x160.jpg 480w, https:\/\/www.vangraaf.com\/pl\/wp-content\/uploads\/sites\/10\/2021\/05\/Baeume_Banner-3-690x230.jpg 690w\" sizes=\"(max-width: 1440px) 100vw, 1440px\" \/><\/div>\n        <div class=\"headlines headlines--center\" data-aos=\"fade-up\">\n            <div class=\"vc_row\">\n                <div class=\"vc_col-md-10 vc_col-md-offset-1 vc_col-lg-10 vc_col-lg-offset-1\"><span class=\"h6\">Zr\u00f3wnowa\u017cony rozw\u00f3j<\/span><h1 class=\"h2\">Odpowiedzialny spos\u00f3b \u017cycia. Kreowanie zmian.<\/h1><\/div>\n            <\/div>\n        <\/div>[vc_column_text]\r\n<p style=\"text-align: center\">W VAN GRAAF zdajemy sobie doskonale spraw\u0119 z tego, jak wa\u017cne s\u0105 dzia\u0142ania uwzgl\u0119dniaj\u0105ce zr\u00f3wnowa\u017cony rozw\u00f3j oraz jak\u0105 rol\u0119 powinno odegra\u0107 nasze przedsi\u0119biorstwo na tym obszarze. Z tego powodu ju\u017c przed wieloma laty rozpocz\u0119li\u015bmy procesy zmierzaj\u0105ce do wprowadzenia koncepcji zr\u00f3wnowa\u017conego rozwoju. Jako firma rodzinna dzia\u0142aj\u0105ca na rynku mi\u0119dzynarodowym ponosimy odpowiedzialno\u015b\u0107 za nasze spo\u0142ecze\u0144stwo oraz \u015brodowisko naturalne \u2013 i pragniemy sprosta\u0107 tym wymogom. Ka\u017cdego dnia i zawsze lepiej, poniewa\u017c liczy si\u0119 ka\u017cdy krok.<\/p>\r\n<p style=\"text-align: center\"><strong>Nasza szansa na lepsz\u0105 przysz\u0142o\u015b\u0107.<\/strong><\/p>\r\n<p style=\"text-align: center\">Odpowiedzialna gospodarka jest dla nas szans\u0105. Szans\u0105 na to, aby granica pomi\u0119dzy bran\u017c\u0105 modow\u0105 i uczciwo\u015bci\u0105 nie by\u0142a nam oboj\u0119tna. Pomi\u0119dzy stylem, a bezpiecze\u0144stwem. Aby chroni\u0107 nasz\u0105 planet\u0119.<\/p>\r\n[\/vc_column_text][\/vc_column][\/vc_row][vc_row bwd_tbc4vd_show_weekday=&#8221;&#8221; el_class=&#8221;vg-padding&#8221;][vc_column]<div class=\"vg-element image-text-teaser image-text-teaser--left image-text-teaser--dark\" style=\"--season-color: #ffffff\" data-aos=\"fade-up\"><div class=\"vc_row vc_row-flex\"><div class=\"image-text-teaser__image vc_col-sm-4 vc_col-md-4\"><a class=\"\" href=\"https:\/\/www.vangraaf.com\/pl\/przedsiebiorstwo\/zrownowazony-rozwoj\/strategia\/\" target=\"_self\" rel=\"\" style=\"\"><img loading=\"lazy\" decoding=\"async\" width=\"400\" height=\"400\" src=\"https:\/\/www.vangraaf.com\/pl\/wp-content\/uploads\/sites\/10\/2021\/05\/ImageTeaser_Strategie.jpg\" class=\"vc_single_image-img\" alt=\"\" srcset=\"https:\/\/www.vangraaf.com\/pl\/wp-content\/uploads\/sites\/10\/2021\/05\/ImageTeaser_Strategie.jpg 400w, https:\/\/www.vangraaf.com\/pl\/wp-content\/uploads\/sites\/10\/2021\/05\/ImageTeaser_Strategie-300x300.jpg 300w, https:\/\/www.vangraaf.com\/pl\/wp-content\/uploads\/sites\/10\/2021\/05\/ImageTeaser_Strategie-150x150.jpg 150w\" sizes=\"(max-width: 400px) 100vw, 400px\" \/><\/a><\/div><div class=\"vc_col-sm-8 vc_col-md-8\"><div class=\"image-text-teaser__content-wrapper\"><div class=\"image-text-teaser__content\"><h3>Strategia<\/h3><p style=\"text-align: left\">Ka\u017cdy projekt potrzebuje planu \u2013 w szczeg\u00f3lno\u015bci, je\u015bli chodzi o zr\u00f3wnowa\u017cony rozw\u00f3j. Dowiedz si\u0119 wi\u0119cej o naszych dzia\u0142aniach.<\/p>\n<a class=\"button button--\" href=\"https:\/\/www.vangraaf.com\/pl\/przedsiebiorstwo\/zrownowazony-rozwoj\/strategia\/\" target=\"_self\" rel=\"\" style=\"\">Strategia<\/a><\/div><\/div><\/div><\/div><\/div><div class=\"vg-element image-text-teaser image-text-teaser--right image-text-teaser--dark\" style=\"--season-color: #ffffff\" data-aos=\"fade-up\"><div class=\"vc_row vc_row-flex\"><div class=\"image-text-teaser__image vc_col-sm-4 vc_col-sm-push-8 vc_col-md-4 vc_col-md-push-8\"><a class=\"\" href=\"https:\/\/www.vangraaf.com\/pl\/przedsiebiorstwo\/zrownowazony-rozwoj\/produkt\/\" target=\"_self\" rel=\"\" style=\"\"><img loading=\"lazy\" decoding=\"async\" width=\"400\" height=\"400\" src=\"https:\/\/www.vangraaf.com\/pl\/wp-content\/uploads\/sites\/10\/2021\/05\/Baeume_Teaser.jpg\" class=\"vc_single_image-img\" alt=\"Widok z lotu ptaka na g\u0119sty las iglasty.\" srcset=\"https:\/\/www.vangraaf.com\/pl\/wp-content\/uploads\/sites\/10\/2021\/05\/Baeume_Teaser.jpg 400w, https:\/\/www.vangraaf.com\/pl\/wp-content\/uploads\/sites\/10\/2021\/05\/Baeume_Teaser-300x300.jpg 300w, https:\/\/www.vangraaf.com\/pl\/wp-content\/uploads\/sites\/10\/2021\/05\/Baeume_Teaser-150x150.jpg 150w, https:\/\/www.vangraaf.com\/pl\/wp-content\/uploads\/sites\/10\/2021\/05\/Baeume_Teaser-280x280.jpg 280w\" sizes=\"(max-width: 400px) 100vw, 400px\" \/><\/a><\/div><div class=\"vc_col-sm-8 vc_col-sm-pull-4 vc_col-md-8 vc_col-md-pull-4\"><div class=\"image-text-teaser__content-wrapper\"><div class=\"image-text-teaser__content\"><h3>Produkt<\/h3><p style=\"text-align: left\">Najwy\u017cszej jako\u015bci moda i nowoczesny styl \u017cycia s\u0105 nasz\u0105 wielk\u0105 pasj\u0105.\u00a0 Dlatego zwracamy uwag\u0119 na to, aby produkty oferowanych przez nas znanych marek oraz marek w\u0142asnych VAN GRAAF spe\u0142nia\u0142y standardy zr\u00f3wnowa\u017conego rozwoju.<\/p>\n<a class=\"button button--\" href=\"https:\/\/www.vangraaf.com\/pl\/przedsiebiorstwo\/zrownowazony-rozwoj\/produkt\/\" target=\"_self\" rel=\"\" style=\"\">Produkt<\/a><\/div><\/div><\/div><\/div><\/div><div class=\"vg-element image-text-teaser image-text-teaser--left image-text-teaser--dark\" style=\"--season-color: #ffffff\" data-aos=\"fade-up\"><div class=\"vc_row vc_row-flex\"><div class=\"image-text-teaser__image vc_col-sm-4 vc_col-md-4\"><a class=\"\" href=\"https:\/\/www.vangraaf.com\/pl\/przedsiebiorstwo\/zrownowazony-rozwoj\/srodowisko-naturalne\/\" target=\"_self\" rel=\"\" style=\"\"><img loading=\"lazy\" decoding=\"async\" width=\"400\" height=\"400\" src=\"https:\/\/www.vangraaf.com\/pl\/wp-content\/uploads\/sites\/10\/2021\/05\/Imageteaser_Umwelt.jpg\" class=\"vc_single_image-img\" alt=\"\" srcset=\"https:\/\/www.vangraaf.com\/pl\/wp-content\/uploads\/sites\/10\/2021\/05\/Imageteaser_Umwelt.jpg 400w, https:\/\/www.vangraaf.com\/pl\/wp-content\/uploads\/sites\/10\/2021\/05\/Imageteaser_Umwelt-300x300.jpg 300w, https:\/\/www.vangraaf.com\/pl\/wp-content\/uploads\/sites\/10\/2021\/05\/Imageteaser_Umwelt-150x150.jpg 150w\" sizes=\"(max-width: 400px) 100vw, 400px\" \/><\/a><\/div><div class=\"vc_col-sm-8 vc_col-md-8\"><div class=\"image-text-teaser__content-wrapper\"><div class=\"image-text-teaser__content\"><h3>\u015arodowisko naturalne<\/h3><p style=\"text-align: left\">Wszyscy jeste\u015bmy cz\u0119\u015bci\u0105 natury, a oddzia\u0142ywaj\u0105c na klimat mamy wp\u0142yw na nasz\u0105 planet\u0119. Podejmuj\u0105c dzia\u0142ania <span class=\"nobr\">na rzecz<\/span> zwi\u0119kszenia ochrony \u015brodowiska \u2013 szanujemy to, co jest dla nas wa\u017cne.<\/p>\n<a class=\"button button--\" href=\"https:\/\/www.vangraaf.com\/pl\/przedsiebiorstwo\/zrownowazony-rozwoj\/srodowisko-naturalne\/\" target=\"_self\" rel=\"\" style=\"\">\u015arodowisko naturalne<\/a><\/div><\/div><\/div><\/div><\/div><div class=\"vg-element image-text-teaser image-text-teaser--right image-text-teaser--dark\" style=\"--season-color: #ffffff\" data-aos=\"fade-up\"><div class=\"vc_row vc_row-flex\"><div class=\"image-text-teaser__image vc_col-sm-4 vc_col-sm-push-8 vc_col-md-4 vc_col-md-push-8\"><a class=\"\" href=\"https:\/\/www.vangraaf.com\/pl\/przedsiebiorstwo\/zrownowazony-rozwoj\/czlowiek\/\" target=\"_self\" rel=\"\" style=\"\"><img loading=\"lazy\" decoding=\"async\" width=\"400\" height=\"400\" src=\"https:\/\/www.vangraaf.com\/pl\/wp-content\/uploads\/sites\/10\/2022\/02\/M10_M_Portraits_Buero_026.jpg\" class=\"vc_single_image-img\" alt=\"\" srcset=\"https:\/\/www.vangraaf.com\/pl\/wp-content\/uploads\/sites\/10\/2022\/02\/M10_M_Portraits_Buero_026.jpg 400w, https:\/\/www.vangraaf.com\/pl\/wp-content\/uploads\/sites\/10\/2022\/02\/M10_M_Portraits_Buero_026-300x300.jpg 300w, https:\/\/www.vangraaf.com\/pl\/wp-content\/uploads\/sites\/10\/2022\/02\/M10_M_Portraits_Buero_026-150x150.jpg 150w, https:\/\/www.vangraaf.com\/pl\/wp-content\/uploads\/sites\/10\/2022\/02\/M10_M_Portraits_Buero_026-280x280.jpg 280w\" sizes=\"(max-width: 400px) 100vw, 400px\" \/><\/a><\/div><div class=\"vc_col-sm-8 vc_col-sm-pull-4 vc_col-md-8 vc_col-md-pull-4\"><div class=\"image-text-teaser__content-wrapper\"><div class=\"image-text-teaser__content\"><h3>Cz\u0142owiek<\/h3><p style=\"text-align: left\">W <span class=\"nobr\">VAN GRAAF<\/span>, dzia\u0142aj\u0105cej globalnie firmie rodzinnej z tradycjami, wiemy, jak wa\u017cny jest etyczny spos\u00f3b post\u0119powania.<\/p>\n<a class=\"button button--\" href=\"https:\/\/www.vangraaf.com\/pl\/przedsiebiorstwo\/zrownowazony-rozwoj\/czlowiek\/\" target=\"_self\" rel=\"\" style=\"\">Cz\u0142owiek<\/a><\/div><\/div><\/div><\/div><\/div><div class=\"vg-element image-text-teaser image-text-teaser--left image-text-teaser--dark\" style=\"--season-color: #ffffff\" data-aos=\"fade-up\"><div class=\"vc_row vc_row-flex\"><div class=\"image-text-teaser__image hide-for-sm-only vc_col-sm-12 vc_col-md-4\"><a class=\"\" href=\"https:\/\/www.vangraaf.com\/pl\/przedsiebiorstwo\/zrownowazony-rozwoj\/recycling\/\" target=\"_self\" rel=\"\" style=\"\"><img loading=\"lazy\" decoding=\"async\" width=\"400\" height=\"400\" src=\"https:\/\/www.vangraaf.com\/pl\/wp-content\/uploads\/sites\/10\/2023\/01\/iCollect_ImageTeaser.jpg\" class=\"vc_single_image-img\" alt=\"\" srcset=\"https:\/\/www.vangraaf.com\/pl\/wp-content\/uploads\/sites\/10\/2023\/01\/iCollect_ImageTeaser.jpg 400w, https:\/\/www.vangraaf.com\/pl\/wp-content\/uploads\/sites\/10\/2023\/01\/iCollect_ImageTeaser-300x300.jpg 300w, https:\/\/www.vangraaf.com\/pl\/wp-content\/uploads\/sites\/10\/2023\/01\/iCollect_ImageTeaser-150x150.jpg 150w, https:\/\/www.vangraaf.com\/pl\/wp-content\/uploads\/sites\/10\/2023\/01\/iCollect_ImageTeaser-280x280.jpg 280w\" sizes=\"(max-width: 400px) 100vw, 400px\" \/><\/a><\/div><div class=\"vc_col-sm-12 vc_col-md-8\"><div class=\"image-text-teaser__content-wrapper\"><div class=\"image-text-teaser__content\"><h3>Recycling<\/h3><p style=\"text-align: left\">Dzi\u0119ki ofiarowanej odzie\u017cy otrzymasz bon.<\/p>\n<a class=\"button button--\" href=\"https:\/\/www.vangraaf.com\/pl\/przedsiebiorstwo\/zrownowazony-rozwoj\/recycling\/\" target=\"_self\" rel=\"\" style=\"\">Recycling<\/a><\/div><\/div><\/div><\/div><\/div>[\/vc_column][\/vc_row][vc_row][vc_column]\n        <div class=\"vg-element promo-teaser promo-teaser--  promo-teaser--\" style=\"--season-color: #ffffff;\" data-aos=\"fade-up\">\n            <div class=\"vc_row vc_row-flex\">\n                <div class=\"vc_col-sm-6 promo-teaser__image\">\n                    <a class=\"\" href=\"https:\/\/www.vangraaf.com\/pl\/przedsiebiorstwo\/zrownowazony-rozwoj\/zrownowazony-rozwoj-kontakt\/\" target=\"_self\" rel=\"\" style=\"\"><img loading=\"lazy\" decoding=\"async\" width=\"400\" height=\"400\" src=\"https:\/\/www.vangraaf.com\/pl\/wp-content\/uploads\/sites\/10\/2021\/05\/PromoTeaser_Kontakt.jpg\" class=\"vc_single_image-img\" alt=\"\" srcset=\"https:\/\/www.vangraaf.com\/pl\/wp-content\/uploads\/sites\/10\/2021\/05\/PromoTeaser_Kontakt.jpg 400w, https:\/\/www.vangraaf.com\/pl\/wp-content\/uploads\/sites\/10\/2021\/05\/PromoTeaser_Kontakt-300x300.jpg 300w, https:\/\/www.vangraaf.com\/pl\/wp-content\/uploads\/sites\/10\/2021\/05\/PromoTeaser_Kontakt-150x150.jpg 150w\" sizes=\"(max-width: 400px) 100vw, 400px\" \/><\/a>\n                <\/div>\n                <div class=\"vc_col-sm-6\">\n                    <div class=\"promo-teaser__content-wrapper\">\n                        <div class=\"promo-teaser__content promo-teaser__content--center\"><span class=\"h6\">Zr\u00f3wnowa\u017cony rozw\u00f3j<\/span><h3>Informacja i komunikacja<\/h3><p style=\"text-align: center\">Czy Pa\u0144stwo maj\u0105 pytania? Je\u017celi tak, prosimy <span class=\"nobr\">o skontaktowanie<\/span> <span class=\"nobr\">si\u0119 z nami.<\/span><\/p>\n<a class=\"button button--\" href=\"https:\/\/www.vangraaf.com\/pl\/przedsiebiorstwo\/zrownowazony-rozwoj\/zrownowazony-rozwoj-kontakt\/\" target=\"_self\" rel=\"\" style=\"\">Formularz kontaktowy<\/a><\/div>\n                    <\/div>\n                <\/div>\n            <\/div>\n        <\/div>[\/vc_column][\/vc_row]<\/div>","protected":false},"excerpt":{"rendered":"[vc_row bwd_tbc4vd_show_weekday=&#8221;&#8221; full_width=&#8221;stretch_row_content_no_spaces&#8221;][vc_column][vc_column_text] W VAN GRAAF zdajemy sobie doskonale spraw\u0119 z tego, jak wa\u017cne s\u0105 dzia\u0142ania uwzgl\u0119dniaj\u0105ce zr\u00f3wnowa\u017cony rozw\u00f3j oraz jak\u0105 rol\u0119 powinno odegra\u0107 nasze przedsi\u0119biorstwo na tym obszarze. Z tego powodu ju\u017c przed wieloma laty rozpocz\u0119li\u015bmy procesy zmierzaj\u0105ce do wprowadzenia koncepcji zr\u00f3wnowa\u017conego rozwoju. Jako firma rodzinna dzia\u0142aj\u0105ca na rynku mi\u0119dzynarodowym ponosimy odpowiedzialno\u015b\u0107 za nasze [&hellip;]","protected":false},"author":3,"featured_media":0,"parent":6,"menu_order":0,"comment_status":"closed","ping_status":"closed","template":"","meta":{"_acf_changed":false,"inline_featured_image":false,"footnotes":""},"class_list":["post-308","page","type-page","status-publish","hentry"],"acf":[],"yoast_head":"<!-- This site is optimized with the Yoast SEO plugin v27.2 - https:\/\/yoast.com\/product\/yoast-seo-wordpress\/ -->\n<title>VAN GRAAF Polska - Zr\u00f3wnowa\u017cony rozw\u00f3j<\/title>\n<meta name=\"description\" content=\"W VAN GRAAF zdajemy sobie doskonale spraw\u0119 z tego, jak wa\u017cne s\u0105 dzia\u0142ania uwzgl\u0119dniaj\u0105ce zr\u00f3wnowa\u017cony rozw\u00f3j oraz jak\u0105 rol\u0119 powinno odegra\u0107 nasze przedsi\u0119biorstwo na tym obszarze.\" \/>\n<meta name=\"robots\" content=\"index, follow, max-snippet:-1, max-image-preview:large, max-video-preview:-1\" \/>\n<link rel=\"canonical\" href=\"https:\/\/www.vangraaf.com\/pl\/przedsiebiorstwo\/zrownowazony-rozwoj\/\" \/>\n<meta property=\"og:locale\" content=\"pl_PL\" \/>\n<meta property=\"og:type\" content=\"article\" \/>\n<meta property=\"og:title\" content=\"VAN GRAAF Polska - Zr\u00f3wnowa\u017cony rozw\u00f3j\" \/>\n<meta property=\"og:description\" content=\"W VAN GRAAF zdajemy sobie doskonale spraw\u0119 z tego, jak wa\u017cne s\u0105 dzia\u0142ania uwzgl\u0119dniaj\u0105ce zr\u00f3wnowa\u017cony rozw\u00f3j oraz jak\u0105 rol\u0119 powinno odegra\u0107 nasze przedsi\u0119biorstwo na tym obszarze.\" \/>\n<meta property=\"og:url\" content=\"https:\/\/www.vangraaf.com\/pl\/przedsiebiorstwo\/zrownowazony-rozwoj\/\" \/>\n<meta property=\"og:site_name\" content=\"VAN GRAAF Polska\" \/>\n<meta property=\"article:modified_time\" content=\"2023-04-21T12:50:50+00:00\" \/>\n<meta name=\"twitter:card\" content=\"summary_large_image\" \/>\n<meta name=\"twitter:label1\" content=\"Szacowany czas czytania\" \/>\n\t<meta name=\"twitter:data1\" content=\"2 minuty\" \/>\n<script type=\"application\/ld+json\" class=\"yoast-schema-graph\">{\"@context\":\"https:\/\/schema.org\",\"@graph\":[{\"@type\":\"WebPage\",\"@id\":\"https:\/\/www.vangraaf.com\/pl\/przedsiebiorstwo\/zrownowazony-rozwoj\/\",\"url\":\"https:\/\/www.vangraaf.com\/pl\/przedsiebiorstwo\/zrownowazony-rozwoj\/\",\"name\":\"VAN GRAAF Polska - Zr\u00f3wnowa\u017cony rozw\u00f3j\",\"isPartOf\":{\"@id\":\"https:\/\/www.vangraaf.com\/pl\/#website\"},\"datePublished\":\"2021-06-06T22:00:40+00:00\",\"dateModified\":\"2023-04-21T12:50:50+00:00\",\"description\":\"W VAN GRAAF zdajemy sobie doskonale spraw\u0119 z tego, jak wa\u017cne s\u0105 dzia\u0142ania uwzgl\u0119dniaj\u0105ce zr\u00f3wnowa\u017cony rozw\u00f3j oraz jak\u0105 rol\u0119 powinno odegra\u0107 nasze przedsi\u0119biorstwo na tym obszarze.\",\"breadcrumb\":{\"@id\":\"https:\/\/www.vangraaf.com\/pl\/przedsiebiorstwo\/zrownowazony-rozwoj\/#breadcrumb\"},\"inLanguage\":\"pl-PL\",\"potentialAction\":[{\"@type\":\"ReadAction\",\"target\":[\"https:\/\/www.vangraaf.com\/pl\/przedsiebiorstwo\/zrownowazony-rozwoj\/\"]}]},{\"@type\":\"BreadcrumbList\",\"@id\":\"https:\/\/www.vangraaf.com\/pl\/przedsiebiorstwo\/zrownowazony-rozwoj\/#breadcrumb\",\"itemListElement\":[{\"@type\":\"ListItem\",\"position\":1,\"name\":\"Startseite\",\"item\":\"https:\/\/www.vangraaf.com\/pl\/\"},{\"@type\":\"ListItem\",\"position\":2,\"name\":\"Przedsi\u0119biorstwo\",\"item\":\"https:\/\/www.vangraaf.com\/pl\/przedsiebiorstwo\/\"},{\"@type\":\"ListItem\",\"position\":3,\"name\":\"Zr\u00f3wnowa\u017cony rozw\u00f3j\"}]},{\"@type\":\"WebSite\",\"@id\":\"https:\/\/www.vangraaf.com\/pl\/#website\",\"url\":\"https:\/\/www.vangraaf.com\/pl\/\",\"name\":\"VAN GRAAF\",\"description\":\"VAN GRAAF\",\"potentialAction\":[{\"@type\":\"SearchAction\",\"target\":{\"@type\":\"EntryPoint\",\"urlTemplate\":\"https:\/\/www.vangraaf.com\/pl\/?s={search_term_string}\"},\"query-input\":{\"@type\":\"PropertyValueSpecification\",\"valueRequired\":true,\"valueName\":\"search_term_string\"}}],\"inLanguage\":\"pl-PL\"}]}<\/script>\n<!-- \/ Yoast SEO plugin. -->","yoast_head_json":{"title":"VAN GRAAF Polska - Zr\u00f3wnowa\u017cony rozw\u00f3j","description":"W VAN GRAAF zdajemy sobie doskonale spraw\u0119 z tego, jak wa\u017cne s\u0105 dzia\u0142ania uwzgl\u0119dniaj\u0105ce zr\u00f3wnowa\u017cony rozw\u00f3j oraz jak\u0105 rol\u0119 powinno odegra\u0107 nasze przedsi\u0119biorstwo na tym obszarze.","robots":{"index":"index","follow":"follow","max-snippet":"max-snippet:-1","max-image-preview":"max-image-preview:large","max-video-preview":"max-video-preview:-1"},"canonical":"https:\/\/www.vangraaf.com\/pl\/przedsiebiorstwo\/zrownowazony-rozwoj\/","og_locale":"pl_PL","og_type":"article","og_title":"VAN GRAAF Polska - Zr\u00f3wnowa\u017cony rozw\u00f3j","og_description":"W VAN GRAAF zdajemy sobie doskonale spraw\u0119 z tego, jak wa\u017cne s\u0105 dzia\u0142ania uwzgl\u0119dniaj\u0105ce zr\u00f3wnowa\u017cony rozw\u00f3j oraz jak\u0105 rol\u0119 powinno odegra\u0107 nasze przedsi\u0119biorstwo na tym obszarze.","og_url":"https:\/\/www.vangraaf.com\/pl\/przedsiebiorstwo\/zrownowazony-rozwoj\/","og_site_name":"VAN GRAAF Polska","article_modified_time":"2023-04-21T12:50:50+00:00","twitter_card":"summary_large_image","twitter_misc":{"Szacowany czas czytania":"2 minuty"},"schema":{"@context":"https:\/\/schema.org","@graph":[{"@type":"WebPage","@id":"https:\/\/www.vangraaf.com\/pl\/przedsiebiorstwo\/zrownowazony-rozwoj\/","url":"https:\/\/www.vangraaf.com\/pl\/przedsiebiorstwo\/zrownowazony-rozwoj\/","name":"VAN GRAAF Polska - Zr\u00f3wnowa\u017cony rozw\u00f3j","isPartOf":{"@id":"https:\/\/www.vangraaf.com\/pl\/#website"},"datePublished":"2021-06-06T22:00:40+00:00","dateModified":"2023-04-21T12:50:50+00:00","description":"W VAN GRAAF zdajemy sobie doskonale spraw\u0119 z tego, jak wa\u017cne s\u0105 dzia\u0142ania uwzgl\u0119dniaj\u0105ce zr\u00f3wnowa\u017cony rozw\u00f3j oraz jak\u0105 rol\u0119 powinno odegra\u0107 nasze przedsi\u0119biorstwo na tym obszarze.","breadcrumb":{"@id":"https:\/\/www.vangraaf.com\/pl\/przedsiebiorstwo\/zrownowazony-rozwoj\/#breadcrumb"},"inLanguage":"pl-PL","potentialAction":[{"@type":"ReadAction","target":["https:\/\/www.vangraaf.com\/pl\/przedsiebiorstwo\/zrownowazony-rozwoj\/"]}]},{"@type":"BreadcrumbList","@id":"https:\/\/www.vangraaf.com\/pl\/przedsiebiorstwo\/zrownowazony-rozwoj\/#breadcrumb","itemListElement":[{"@type":"ListItem","position":1,"name":"Startseite","item":"https:\/\/www.vangraaf.com\/pl\/"},{"@type":"ListItem","position":2,"name":"Przedsi\u0119biorstwo","item":"https:\/\/www.vangraaf.com\/pl\/przedsiebiorstwo\/"},{"@type":"ListItem","position":3,"name":"Zr\u00f3wnowa\u017cony rozw\u00f3j"}]},{"@type":"WebSite","@id":"https:\/\/www.vangraaf.com\/pl\/#website","url":"https:\/\/www.vangraaf.com\/pl\/","name":"VAN GRAAF","description":"VAN GRAAF","potentialAction":[{"@type":"SearchAction","target":{"@type":"EntryPoint","urlTemplate":"https:\/\/www.vangraaf.com\/pl\/?s={search_term_string}"},"query-input":{"@type":"PropertyValueSpecification","valueRequired":true,"valueName":"search_term_string"}}],"inLanguage":"pl-PL"}]}},"_links":{"self":[{"href":"https:\/\/www.vangraaf.com\/pl\/wp-json\/wp\/v2\/pages\/308","targetHints":{"allow":["GET"]}}],"collection":[{"href":"https:\/\/www.vangraaf.com\/pl\/wp-json\/wp\/v2\/pages"}],"about":[{"href":"https:\/\/www.vangraaf.com\/pl\/wp-json\/wp\/v2\/types\/page"}],"author":[{"embeddable":true,"href":"https:\/\/www.vangraaf.com\/pl\/wp-json\/wp\/v2\/users\/3"}],"replies":[{"embeddable":true,"href":"https:\/\/www.vangraaf.com\/pl\/wp-json\/wp\/v2\/comments?post=308"}],"version-history":[{"count":22,"href":"https:\/\/www.vangraaf.com\/pl\/wp-json\/wp\/v2\/pages\/308\/revisions"}],"predecessor-version":[{"id":1153,"href":"https:\/\/www.vangraaf.com\/pl\/wp-json\/wp\/v2\/pages\/308\/revisions\/1153"}],"up":[{"embeddable":true,"href":"https:\/\/www.vangraaf.com\/pl\/wp-json\/wp\/v2\/pages\/6"}],"wp:attachment":[{"href":"https:\/\/www.vangraaf.com\/pl\/wp-json\/wp\/v2\/media?parent=308"}],"curies":[{"name":"wp","href":"https:\/\/api.w.org\/{rel}","templated":true}]}}