{"id":18,"date":"2020-12-15T09:38:10","date_gmt":"2020-12-15T08:38:10","guid":{"rendered":"https:\/\/van-graaf-live.pluspol-networks.de\/pl\/?page_id=18"},"modified":"2021-01-14T17:21:14","modified_gmt":"2021-01-14T16:21:14","slug":"kontakt-dla-mediow","status":"publish","type":"page","link":"https:\/\/www.vangraaf.com\/pl\/przedsiebiorstwo\/kontakt-dla-mediow\/","title":{"rendered":"Kontakt dla medi\u00f3w"},"content":{"rendered":"<div class=\"wpb-content-wrapper\">[vc_row bwd_tbc4vd_show_weekday=&#8221;&#8221; full_width=&#8221;stretch_row_content_no_spaces&#8221;][vc_column]<div class=\"keyvisual\" data-aos=\"fade-up\" ><img loading=\"lazy\" decoding=\"async\" width=\"1440\" height=\"480\" src=\"https:\/\/www.vangraaf.com\/pl\/wp-content\/uploads\/sites\/10\/2020\/12\/Unternehmen_PresseKontakt_Banner_WP.jpg\" class=\"vc_single_image-img\" alt=\"\" srcset=\"https:\/\/www.vangraaf.com\/pl\/wp-content\/uploads\/sites\/10\/2020\/12\/Unternehmen_PresseKontakt_Banner_WP.jpg 1440w, https:\/\/www.vangraaf.com\/pl\/wp-content\/uploads\/sites\/10\/2020\/12\/Unternehmen_PresseKontakt_Banner_WP-300x100.jpg 300w, https:\/\/www.vangraaf.com\/pl\/wp-content\/uploads\/sites\/10\/2020\/12\/Unternehmen_PresseKontakt_Banner_WP-1024x341.jpg 1024w, https:\/\/www.vangraaf.com\/pl\/wp-content\/uploads\/sites\/10\/2020\/12\/Unternehmen_PresseKontakt_Banner_WP-768x256.jpg 768w, https:\/\/www.vangraaf.com\/pl\/wp-content\/uploads\/sites\/10\/2020\/12\/Unternehmen_PresseKontakt_Banner_WP-1200x400.jpg 1200w, https:\/\/www.vangraaf.com\/pl\/wp-content\/uploads\/sites\/10\/2020\/12\/Unternehmen_PresseKontakt_Banner_WP-992x331.jpg 992w, https:\/\/www.vangraaf.com\/pl\/wp-content\/uploads\/sites\/10\/2020\/12\/Unternehmen_PresseKontakt_Banner_WP-480x160.jpg 480w\" sizes=\"(max-width: 1440px) 100vw, 1440px\" \/><\/div>\n        <div class=\"headlines headlines--center\" data-aos=\"fade-up\">\n            <div class=\"vc_row\">\n                <div class=\"vc_col-md-10 vc_col-md-offset-1 vc_col-lg-10 vc_col-lg-offset-1\"><span class=\"h6\">Kontakt dla medi\u00f3w<\/span><h1 class=\"h2\">Informacja i komunikacja<\/h1><\/div>\n            <\/div>\n        <\/div>[vc_column_text]\r\n<p style=\"text-align: center\">Je\u015bli chc\u0105 Pa\u0144stwo zapyta\u0107 o nasz\u0105 bie\u017c\u0105c\u0105 ofert\u0119 asortymentow\u0105, materia\u0142y prasowe, zdj\u0119cia lub og\u00f3lne informacje o firmie, jeste\u015bmy do Pa\u0144stwa dyspozycji. B\u0119dziemy szcz\u0119\u015bliwi mog\u0105c pom\u00f3c w Pa\u0144stwa pracy redakcyjnej. Wystarczy wys\u0142a\u0107 do nas e-mail zawieraj\u0105cy Pa\u0144stwa pytania. Skontaktujemy si\u0119 z Pa\u0144stwem jak najszybciej.<\/p>\r\n[\/vc_column_text][\/vc_column][\/vc_row][vc_row][vc_column]\n<div class=\"wpcf7 no-js\" id=\"wpcf7-f43-o1\" lang=\"pl-PL\" dir=\"ltr\" data-wpcf7-id=\"43\">\n<div class=\"screen-reader-response\"><p role=\"status\" aria-live=\"polite\" aria-atomic=\"true\"><\/p> <ul><\/ul><\/div>\n<form action=\"\/pl\/wp-json\/wp\/v2\/pages\/18#wpcf7-f43-o1\" method=\"post\" class=\"wpcf7-form init wpcf7-acceptance-as-validation\" aria-label=\"Formularz kontaktowy\" novalidate=\"novalidate\" data-status=\"init\">\n<fieldset class=\"hidden-fields-container\"><input type=\"hidden\" name=\"_wpcf7\" value=\"43\" \/><input type=\"hidden\" name=\"_wpcf7_version\" value=\"6.1.5\" \/><input type=\"hidden\" name=\"_wpcf7_locale\" value=\"pl_PL\" \/><input type=\"hidden\" name=\"_wpcf7_unit_tag\" value=\"wpcf7-f43-o1\" \/><input type=\"hidden\" name=\"_wpcf7_container_post\" value=\"0\" \/><input type=\"hidden\" name=\"_wpcf7_posted_data_hash\" value=\"\" \/><input type=\"hidden\" name=\"_cf7a__timestamp\" value=\"P7HGP6g4wTdNjrgjTENPqg==\" \/><input type=\"hidden\" name=\"_cf7a_version\" value=\"1.0\" \/><input type=\"hidden\" name=\"_cf7a_address\" value=\"\" \/><input type=\"hidden\" name=\"_cf7a_referer\" value=\"\" \/><input type=\"hidden\" name=\"_cf7a_protocol\" value=\"\" \/><input type=\"hidden\" name=\"_cf7a_bot_fingerprint\" value=\"P7HGP6g4wTdNjrgjTENPqg==\" \/><input type=\"hidden\" name=\"_cf7a_bot_fingerprint_extras\" \/><input type=\"hidden\" name=\"_cf7a_append_on_submit\" \/>\n<\/fieldset>\n<div class=\"vc_row\">\n<div class=\"vc_col-sm-6\">\n<div class=\"form-element form-element--select\">\n<span class=\"wpcf7-form-control-wrap\" data-name=\"subject\"><select class=\"wpcf7-form-control wpcf7-select wpcf7-validates-as-required\" aria-required=\"true\" aria-invalid=\"false\" name=\"subject\"><option value=\"\">Wybierz temat*<\/option><option value=\"Zdj\u0119cia produkt\u00f3w\">Zdj\u0119cia produkt\u00f3w<\/option><option value=\"Informacje o aktualnych kolekcjach\">Informacje o aktualnych kolekcjach<\/option><option value=\"Informacje o firmie\">Informacje o firmie<\/option><option value=\"Materia\u0142y prasowe\">Materia\u0142y prasowe<\/option><option value=\"Skontaktuj si\u0119 z nami\">Skontaktuj si\u0119 z nami<\/option><option value=\"Inne\">Inne<\/option><\/select><\/span>\n<\/div>\n<\/div>\n<\/div>\n\n<div class=\"vc_row\">\n<div class=\"vc_col-sm-6\">\n<div class=\"form-element form-element--select\">\n<span class=\"wpcf7-form-control-wrap\" data-name=\"salutation\"><select class=\"wpcf7-form-control wpcf7-select wpcf7-validates-as-required\" aria-required=\"true\" aria-invalid=\"false\" name=\"salutation\"><option value=\"\">Wybierz tytu\u0142*<\/option><option value=\"Pan\">Pan<\/option><option value=\"Pani\">Pani<\/option><\/select><\/span>\n<\/div>\n<\/div>\n<\/div>\n\n<div class=\"vc_row\">\n<div class=\"vc_col-sm-6\">\n<div class=\"form-element form-element--input\">\n<span class=\"wpcf7-form-control-wrap\" data-name=\"firstname\"><input size=\"40\" maxlength=\"400\" class=\"wpcf7-form-control wpcf7-text wpcf7-validates-as-required\" id=\"firstname\" aria-required=\"true\" aria-invalid=\"false\" value=\"\" type=\"text\" name=\"firstname\" \/><\/span> <label for=\"firstname\">Imi\u0119*<\/label>\n<\/div>\n<\/div>\n<div class=\"vc_col-sm-6\">\n<div class=\"form-element form-element--input\">\n<span class=\"wpcf7-form-control-wrap\" data-name=\"lastname\"><input size=\"40\" maxlength=\"400\" class=\"wpcf7-form-control wpcf7-text wpcf7-validates-as-required\" id=\"lastname\" aria-required=\"true\" aria-invalid=\"false\" value=\"\" type=\"text\" name=\"lastname\" \/><\/span> <label for=\"lastname\">Nazwisko*<\/label>\n<\/div>\n<\/div>\n<\/div>\n\n<div class=\"vc_row\">\n<div class=\"vc_col-sm-6\">\n<div class=\"form-element form-element--input\">\n<span class=\"wpcf7-form-control-wrap\" data-name=\"email\"><input size=\"40\" maxlength=\"400\" class=\"wpcf7-form-control wpcf7-email wpcf7-validates-as-required wpcf7-text wpcf7-validates-as-email\" id=\"email\" aria-required=\"true\" aria-invalid=\"false\" value=\"\" type=\"email\" name=\"email\" \/><\/span> <label for=\"email\">E-mail*<\/label>\n<\/div>\n<\/div>\n<\/div>\n\n<div class=\"vc_row\">\n<div class=\"vc_col-sm-6\">\n<div class=\"form-element form-element--select\">\n<span class=\"wpcf7-form-control-wrap\" data-name=\"media\"><select class=\"wpcf7-form-control wpcf7-select wpcf7-validates-as-required\" aria-required=\"true\" aria-invalid=\"false\" name=\"media\"><option value=\"\">Wybierz no\u015bnik*<\/option><option value=\"TV\">TV<\/option><option value=\"Radio\">Radio<\/option><option value=\"Internet\">Internet<\/option><option value=\"Prasa\">Prasa<\/option><option value=\"Magazyn\">Magazyn<\/option><\/select><\/span>\n<\/div>\n<\/div>\n<div class=\"vc_col-sm-6\">\n<div class=\"form-element form-element--input\">\n<span class=\"wpcf7-form-control-wrap\" data-name=\"editorial-office\"><input size=\"40\" maxlength=\"400\" class=\"wpcf7-form-control wpcf7-text\" id=\"editorial-office\" aria-invalid=\"false\" value=\"\" type=\"text\" name=\"editorial-office\" \/><\/span> <label for=\"editorial-office\">Redakcja<\/label>\n<\/div>\n<\/div>\n<\/div>\n\n<div class=\"vc_row\">\n<div class=\"vc_col-sm-6\">\n<div class=\"form-element form-element--input\">\n<span class=\"wpcf7-form-control-wrap\" data-name=\"street\"><input size=\"40\" maxlength=\"400\" class=\"wpcf7-form-control wpcf7-text\" id=\"street\" aria-invalid=\"false\" value=\"\" type=\"text\" name=\"street\" \/><\/span> <label for=\"street\">Ulica<\/label>\n<\/div>\n<\/div>\n<div class=\"vc_col-sm-6\">\n<div class=\"form-element form-element--input\">\n<span class=\"wpcf7-form-control-wrap\" data-name=\"number\"><input size=\"40\" maxlength=\"400\" class=\"wpcf7-form-control wpcf7-text\" id=\"number\" aria-invalid=\"false\" value=\"\" type=\"text\" name=\"number\" \/><\/span> <label for=\"number\">Nr<\/label>\n<\/div>\n<\/div>\n<\/div>\n\n<div class=\"vc_row\">\n<div class=\"vc_col-sm-6\">\n<div class=\"form-element form-element--input\">\n<span class=\"wpcf7-form-control-wrap\" data-name=\"zip\"><input size=\"40\" maxlength=\"400\" class=\"wpcf7-form-control wpcf7-text\" id=\"zip\" aria-invalid=\"false\" value=\"\" type=\"text\" name=\"zip\" \/><\/span> <label for=\"zip\">Kod pocztowy<\/label>\n<\/div>\n<\/div>\n<div class=\"vc_col-sm-6\">\n<div class=\"form-element form-element--input\">\n<span class=\"wpcf7-form-control-wrap\" data-name=\"city\"><input size=\"40\" maxlength=\"400\" class=\"wpcf7-form-control wpcf7-text\" id=\"city\" aria-invalid=\"false\" value=\"\" type=\"text\" name=\"city\" \/><\/span> <label for=\"city\">Miejscowo\u015b\u0107<\/label>\n<\/div>\n<\/div>\n<\/div>\n\n<div class=\"vc_row\">\n<div class=\"vc_col-sm-6\">\n<div class=\"form-element form-element--input\">\n<span class=\"wpcf7-form-control-wrap\" data-name=\"country\"><input size=\"40\" maxlength=\"400\" class=\"wpcf7-form-control wpcf7-text\" id=\"country\" aria-invalid=\"false\" value=\"\" type=\"text\" name=\"country\" \/><\/span> <label for=\"country\">Kraj<\/label>\n<\/div>\n<\/div>\n<\/div>\n\n<div class=\"vc_row\">\n<div class=\"vc_col-sm-6\">\n<div class=\"form-element form-element--input\">\n<span class=\"wpcf7-form-control-wrap\" data-name=\"phone\"><input size=\"40\" maxlength=\"400\" class=\"wpcf7-form-control wpcf7-tel wpcf7-text wpcf7-validates-as-tel\" id=\"phone\" aria-invalid=\"false\" value=\"\" type=\"tel\" name=\"phone\" \/><\/span> <label for=\"phone\">Telefon<\/label>\n<\/div>\n<\/div>\n<\/div>\n\n<div class=\"vc_row\">\n<div class=\"vc_col-sm-12\">\n<div class=\"form-element form-element--textarea\">\n<span class=\"wpcf7-form-control-wrap\" data-name=\"message\"><textarea cols=\"40\" rows=\"10\" maxlength=\"2000\" class=\"wpcf7-form-control wpcf7-textarea wpcf7-validates-as-required\" id=\"message\" aria-required=\"true\" aria-invalid=\"false\" name=\"message\"><\/textarea><\/span> <label for=\"message\">Twoja wiadomo\u015b\u0107*<\/label>\n<\/div>\n<\/div>\n<\/div>\n\n<div class=\"vc_row\">\n<div class=\"vc_col-sm-12\">\n<div class=\"form-element form-element--checkbox\">\n<span class=\"wpcf7-form-control-wrap\" data-name=\"privacy\"><span class=\"wpcf7-form-control wpcf7-acceptance\"><span class=\"wpcf7-list-item\"><input type=\"checkbox\" name=\"privacy\" value=\"1\" id=\"privacy\" aria-invalid=\"false\" \/><\/span><\/span><\/span> <label for=\"privacy\">* Zgadzam si\u0119 na przetwarzanie moich danych osobowych przez VAN&nbsp;GRAAF i przekazanie mojego zapytania za po\u015brednictwem poczty e-mail, telefonicznie i\/ lub drog\u0105 pocztow\u0105. Znam zasady <a href=\"\/pl\/polityka-prywatnosci\/\" target=\"_blank\">polityki prywatno\u015bci<\/a> VAN&nbsp;GRAAF i akceptuj\u0119 je.*<\/label>\n<\/div>\n<\/div>\n<\/div>\n\n<div class=\"vc_row\">\n<div class=\"vc_col-sm-12\">\n<small>Prosz\u0119 uzupe\u0142ni\u0107 wszystkie pola zaznaczone *<\/small>\n<\/div>\n<\/div>\n\n<div class=\"wpcf7-response-output\" aria-hidden=\"true\"><\/div>\n\n<div class=\"vc_row\">\n<div class=\"vc_col-sm-12 form__buttons\">\n<button id=\"submit\" type=\"submit\" class=\"wpcf7-form-control wpcf7-submit button\">Wy\u015blij<\/button>\n<\/div>\n<\/div>\n\n<span id=\"wpcf7-69fb0dd2dc055-wrapper\" class=\"wpcf7-form-control-wrap credit-card-wrap\" ><input type=\"hidden\" name=\"credit-card-time-start\" value=\"1778060754\"><input type=\"hidden\" name=\"credit-card-time-check\" value=\"4\"><input id=\"wpcf7-69fb0dd2dc055-field\"  class=\"wpcf7-form-control wpcf7-text\" type=\"text\" name=\"credit-card\" value=\"\" size=\"40\" tabindex=\"-1\" autocomplete=\"new-password\" \/><\/span>\n<\/form>\n<\/div>\n[\/vc_column][\/vc_row]<\/div>","protected":false},"excerpt":{"rendered":"[vc_row bwd_tbc4vd_show_weekday=&#8221;&#8221; full_width=&#8221;stretch_row_content_no_spaces&#8221;][vc_column][vc_column_text] Je\u015bli chc\u0105 Pa\u0144stwo zapyta\u0107 o nasz\u0105 bie\u017c\u0105c\u0105 ofert\u0119 asortymentow\u0105, materia\u0142y prasowe, zdj\u0119cia lub og\u00f3lne informacje o firmie, jeste\u015bmy do Pa\u0144stwa dyspozycji. B\u0119dziemy szcz\u0119\u015bliwi mog\u0105c pom\u00f3c w Pa\u0144stwa pracy redakcyjnej. Wystarczy wys\u0142a\u0107 do nas e-mail zawieraj\u0105cy Pa\u0144stwa pytania. Skontaktujemy si\u0119 z Pa\u0144stwem jak najszybciej. [\/vc_column_text][\/vc_column][\/vc_row][vc_row][vc_column][\/vc_column][\/vc_row]","protected":false},"author":6,"featured_media":0,"parent":6,"menu_order":0,"comment_status":"closed","ping_status":"closed","template":"","meta":{"_acf_changed":false,"inline_featured_image":false,"footnotes":""},"class_list":["post-18","page","type-page","status-publish","hentry"],"acf":[],"yoast_head":"<!-- This site is optimized with the Yoast SEO plugin v27.2 - https:\/\/yoast.com\/product\/yoast-seo-wordpress\/ -->\n<title>VAN GRAAF Polska - Kontakt dla medi\u00f3w<\/title>\n<meta name=\"description\" content=\"Je\u015bli chcieliby\u015bcie Pa\u0144stwo zapyta\u0107 o nasz\u0105 bie\u017c\u0105c\u0105 ofert\u0119 asortymentow\u0105, materia\u0142y prasowe, zdj\u0119cia lub og\u00f3lne informacje o firmie, jeste\u015bmy do Pa\u0144stwa dyspozycji.\" \/>\n<meta name=\"robots\" content=\"index, follow, max-snippet:-1, max-image-preview:large, max-video-preview:-1\" \/>\n<link rel=\"canonical\" href=\"https:\/\/www.vangraaf.com\/pl\/przedsiebiorstwo\/kontakt-dla-mediow\/\" \/>\n<meta property=\"og:locale\" content=\"pl_PL\" \/>\n<meta property=\"og:type\" content=\"article\" \/>\n<meta property=\"og:title\" content=\"VAN GRAAF Polska - Kontakt dla medi\u00f3w\" \/>\n<meta property=\"og:description\" content=\"Je\u015bli chcieliby\u015bcie Pa\u0144stwo zapyta\u0107 o nasz\u0105 bie\u017c\u0105c\u0105 ofert\u0119 asortymentow\u0105, materia\u0142y prasowe, zdj\u0119cia lub og\u00f3lne informacje o firmie, jeste\u015bmy do Pa\u0144stwa dyspozycji.\" \/>\n<meta property=\"og:url\" content=\"https:\/\/www.vangraaf.com\/pl\/przedsiebiorstwo\/kontakt-dla-mediow\/\" \/>\n<meta property=\"og:site_name\" content=\"VAN GRAAF Polska\" \/>\n<meta property=\"article:modified_time\" content=\"2021-01-14T16:21:14+00:00\" \/>\n<meta name=\"twitter:card\" content=\"summary_large_image\" \/>\n<meta name=\"twitter:label1\" content=\"Szacowany czas czytania\" \/>\n\t<meta name=\"twitter:data1\" content=\"1 minuta\" \/>\n<script type=\"application\/ld+json\" class=\"yoast-schema-graph\">{\"@context\":\"https:\/\/schema.org\",\"@graph\":[{\"@type\":\"WebPage\",\"@id\":\"https:\/\/www.vangraaf.com\/pl\/przedsiebiorstwo\/kontakt-dla-mediow\/\",\"url\":\"https:\/\/www.vangraaf.com\/pl\/przedsiebiorstwo\/kontakt-dla-mediow\/\",\"name\":\"VAN GRAAF Polska - Kontakt dla medi\u00f3w\",\"isPartOf\":{\"@id\":\"https:\/\/www.vangraaf.com\/pl\/#website\"},\"datePublished\":\"2020-12-15T08:38:10+00:00\",\"dateModified\":\"2021-01-14T16:21:14+00:00\",\"description\":\"Je\u015bli chcieliby\u015bcie Pa\u0144stwo zapyta\u0107 o nasz\u0105 bie\u017c\u0105c\u0105 ofert\u0119 asortymentow\u0105, materia\u0142y prasowe, zdj\u0119cia lub og\u00f3lne informacje o firmie, jeste\u015bmy do Pa\u0144stwa dyspozycji.\",\"breadcrumb\":{\"@id\":\"https:\/\/www.vangraaf.com\/pl\/przedsiebiorstwo\/kontakt-dla-mediow\/#breadcrumb\"},\"inLanguage\":\"pl-PL\",\"potentialAction\":[{\"@type\":\"ReadAction\",\"target\":[\"https:\/\/www.vangraaf.com\/pl\/przedsiebiorstwo\/kontakt-dla-mediow\/\"]}]},{\"@type\":\"BreadcrumbList\",\"@id\":\"https:\/\/www.vangraaf.com\/pl\/przedsiebiorstwo\/kontakt-dla-mediow\/#breadcrumb\",\"itemListElement\":[{\"@type\":\"ListItem\",\"position\":1,\"name\":\"Startseite\",\"item\":\"https:\/\/www.vangraaf.com\/pl\/\"},{\"@type\":\"ListItem\",\"position\":2,\"name\":\"Przedsi\u0119biorstwo\",\"item\":\"https:\/\/www.vangraaf.com\/pl\/przedsiebiorstwo\/\"},{\"@type\":\"ListItem\",\"position\":3,\"name\":\"Kontakt dla medi\u00f3w\"}]},{\"@type\":\"WebSite\",\"@id\":\"https:\/\/www.vangraaf.com\/pl\/#website\",\"url\":\"https:\/\/www.vangraaf.com\/pl\/\",\"name\":\"VAN GRAAF\",\"description\":\"VAN GRAAF\",\"potentialAction\":[{\"@type\":\"SearchAction\",\"target\":{\"@type\":\"EntryPoint\",\"urlTemplate\":\"https:\/\/www.vangraaf.com\/pl\/?s={search_term_string}\"},\"query-input\":{\"@type\":\"PropertyValueSpecification\",\"valueRequired\":true,\"valueName\":\"search_term_string\"}}],\"inLanguage\":\"pl-PL\"}]}<\/script>\n<!-- \/ Yoast SEO plugin. -->","yoast_head_json":{"title":"VAN GRAAF Polska - Kontakt dla medi\u00f3w","description":"Je\u015bli chcieliby\u015bcie Pa\u0144stwo zapyta\u0107 o nasz\u0105 bie\u017c\u0105c\u0105 ofert\u0119 asortymentow\u0105, materia\u0142y prasowe, zdj\u0119cia lub og\u00f3lne informacje o firmie, jeste\u015bmy do Pa\u0144stwa dyspozycji.","robots":{"index":"index","follow":"follow","max-snippet":"max-snippet:-1","max-image-preview":"max-image-preview:large","max-video-preview":"max-video-preview:-1"},"canonical":"https:\/\/www.vangraaf.com\/pl\/przedsiebiorstwo\/kontakt-dla-mediow\/","og_locale":"pl_PL","og_type":"article","og_title":"VAN GRAAF Polska - Kontakt dla medi\u00f3w","og_description":"Je\u015bli chcieliby\u015bcie Pa\u0144stwo zapyta\u0107 o nasz\u0105 bie\u017c\u0105c\u0105 ofert\u0119 asortymentow\u0105, materia\u0142y prasowe, zdj\u0119cia lub og\u00f3lne informacje o firmie, jeste\u015bmy do Pa\u0144stwa dyspozycji.","og_url":"https:\/\/www.vangraaf.com\/pl\/przedsiebiorstwo\/kontakt-dla-mediow\/","og_site_name":"VAN GRAAF Polska","article_modified_time":"2021-01-14T16:21:14+00:00","twitter_card":"summary_large_image","twitter_misc":{"Szacowany czas czytania":"1 minuta"},"schema":{"@context":"https:\/\/schema.org","@graph":[{"@type":"WebPage","@id":"https:\/\/www.vangraaf.com\/pl\/przedsiebiorstwo\/kontakt-dla-mediow\/","url":"https:\/\/www.vangraaf.com\/pl\/przedsiebiorstwo\/kontakt-dla-mediow\/","name":"VAN GRAAF Polska - Kontakt dla medi\u00f3w","isPartOf":{"@id":"https:\/\/www.vangraaf.com\/pl\/#website"},"datePublished":"2020-12-15T08:38:10+00:00","dateModified":"2021-01-14T16:21:14+00:00","description":"Je\u015bli chcieliby\u015bcie Pa\u0144stwo zapyta\u0107 o nasz\u0105 bie\u017c\u0105c\u0105 ofert\u0119 asortymentow\u0105, materia\u0142y prasowe, zdj\u0119cia lub og\u00f3lne informacje o firmie, jeste\u015bmy do Pa\u0144stwa dyspozycji.","breadcrumb":{"@id":"https:\/\/www.vangraaf.com\/pl\/przedsiebiorstwo\/kontakt-dla-mediow\/#breadcrumb"},"inLanguage":"pl-PL","potentialAction":[{"@type":"ReadAction","target":["https:\/\/www.vangraaf.com\/pl\/przedsiebiorstwo\/kontakt-dla-mediow\/"]}]},{"@type":"BreadcrumbList","@id":"https:\/\/www.vangraaf.com\/pl\/przedsiebiorstwo\/kontakt-dla-mediow\/#breadcrumb","itemListElement":[{"@type":"ListItem","position":1,"name":"Startseite","item":"https:\/\/www.vangraaf.com\/pl\/"},{"@type":"ListItem","position":2,"name":"Przedsi\u0119biorstwo","item":"https:\/\/www.vangraaf.com\/pl\/przedsiebiorstwo\/"},{"@type":"ListItem","position":3,"name":"Kontakt dla medi\u00f3w"}]},{"@type":"WebSite","@id":"https:\/\/www.vangraaf.com\/pl\/#website","url":"https:\/\/www.vangraaf.com\/pl\/","name":"VAN GRAAF","description":"VAN GRAAF","potentialAction":[{"@type":"SearchAction","target":{"@type":"EntryPoint","urlTemplate":"https:\/\/www.vangraaf.com\/pl\/?s={search_term_string}"},"query-input":{"@type":"PropertyValueSpecification","valueRequired":true,"valueName":"search_term_string"}}],"inLanguage":"pl-PL"}]}},"_links":{"self":[{"href":"https:\/\/www.vangraaf.com\/pl\/wp-json\/wp\/v2\/pages\/18","targetHints":{"allow":["GET"]}}],"collection":[{"href":"https:\/\/www.vangraaf.com\/pl\/wp-json\/wp\/v2\/pages"}],"about":[{"href":"https:\/\/www.vangraaf.com\/pl\/wp-json\/wp\/v2\/types\/page"}],"author":[{"embeddable":true,"href":"https:\/\/www.vangraaf.com\/pl\/wp-json\/wp\/v2\/users\/6"}],"replies":[{"embeddable":true,"href":"https:\/\/www.vangraaf.com\/pl\/wp-json\/wp\/v2\/comments?post=18"}],"version-history":[{"count":6,"href":"https:\/\/www.vangraaf.com\/pl\/wp-json\/wp\/v2\/pages\/18\/revisions"}],"predecessor-version":[{"id":208,"href":"https:\/\/www.vangraaf.com\/pl\/wp-json\/wp\/v2\/pages\/18\/revisions\/208"}],"up":[{"embeddable":true,"href":"https:\/\/www.vangraaf.com\/pl\/wp-json\/wp\/v2\/pages\/6"}],"wp:attachment":[{"href":"https:\/\/www.vangraaf.com\/pl\/wp-json\/wp\/v2\/media?parent=18"}],"curies":[{"name":"wp","href":"https:\/\/api.w.org\/{rel}","templated":true}]}}