{"id":16,"date":"2020-12-15T09:37:39","date_gmt":"2020-12-15T08:37:39","guid":{"rendered":"https:\/\/van-graaf-live.pluspol-networks.de\/pl\/?page_id=16"},"modified":"2021-06-08T10:27:23","modified_gmt":"2021-06-08T08:27:23","slug":"architektura","status":"publish","type":"page","link":"https:\/\/www.vangraaf.com\/pl\/przedsiebiorstwo\/grupa-przedsiebiorstw\/architektura\/","title":{"rendered":"Architektura"},"content":{"rendered":"<div class=\"wpb-content-wrapper\">[vc_row bwd_tbc4vd_show_weekday=&#8221;&#8221; full_width=&#8221;stretch_row_content_no_spaces&#8221;][vc_column]<div class=\"keyvisual\" data-aos=\"fade-up\" ><img loading=\"lazy\" decoding=\"async\" width=\"1440\" height=\"480\" src=\"https:\/\/www.vangraaf.com\/pl\/wp-content\/uploads\/sites\/10\/2020\/12\/Unternehmen_Architektur_Banner_VG_WP.jpg\" class=\"vc_single_image-img\" alt=\"\" srcset=\"https:\/\/www.vangraaf.com\/pl\/wp-content\/uploads\/sites\/10\/2020\/12\/Unternehmen_Architektur_Banner_VG_WP.jpg 1440w, https:\/\/www.vangraaf.com\/pl\/wp-content\/uploads\/sites\/10\/2020\/12\/Unternehmen_Architektur_Banner_VG_WP-300x100.jpg 300w, https:\/\/www.vangraaf.com\/pl\/wp-content\/uploads\/sites\/10\/2020\/12\/Unternehmen_Architektur_Banner_VG_WP-1024x341.jpg 1024w, https:\/\/www.vangraaf.com\/pl\/wp-content\/uploads\/sites\/10\/2020\/12\/Unternehmen_Architektur_Banner_VG_WP-768x256.jpg 768w, https:\/\/www.vangraaf.com\/pl\/wp-content\/uploads\/sites\/10\/2020\/12\/Unternehmen_Architektur_Banner_VG_WP-1200x400.jpg 1200w, https:\/\/www.vangraaf.com\/pl\/wp-content\/uploads\/sites\/10\/2020\/12\/Unternehmen_Architektur_Banner_VG_WP-992x331.jpg 992w, https:\/\/www.vangraaf.com\/pl\/wp-content\/uploads\/sites\/10\/2020\/12\/Unternehmen_Architektur_Banner_VG_WP-480x160.jpg 480w\" sizes=\"(max-width: 1440px) 100vw, 1440px\" \/><\/div>\n        <div class=\"headlines headlines--center\" data-aos=\"fade-up\">\n            <div class=\"vc_row\">\n                <div class=\"vc_col-md-10 vc_col-md-offset-1 vc_col-lg-10 vc_col-lg-offset-1\"><span class=\"h6\">Architektura<\/span><h1 class=\"h2\">Witamy i zapraszamy<\/h1><\/div>\n            <\/div>\n        <\/div>[vc_column_text]\r\n<p style=\"text-align: center\">Robimy du\u017co dla naszych klientek i klient\u00f3w, aby zakupy sta\u0142y si\u0119 wyj\u0105tkowym wydarzeniem. Pierwszych pozytywnych wra\u017ce\u0144 klientki i klienci do\u015bwiadczaj\u0105 zaraz po wej\u015bciu do naszych Dom\u00f3w Mody. Na miejscu czekaj\u0105 zaanga\u017cowane, profesjonalne oraz pomocne konsultantki i konsultanci. W Domach Mody <span class=\"nobr\">VAN GRAAF<\/span> mod\u0119 ch\u0142onie si\u0119 ka\u017cdym zmys\u0142em. Przy wyborze miejsca zawsze zwracamy starann\u0105 uwag\u0119 na lokalizacj\u0119, okoliczn\u0105 architektur\u0119 oraz na to czy wn\u0119trze jest stylowe, a atmosfera przyjazna. Podobnie jak poprzez indywidualne doradztwo i starannie dobrane stylizacje, tak samo dzi\u0119ki konfiguracji i wystrojowi naszych Dom\u00f3w Mody, stwarzamy klientkom i klientom optymalny klimat <span class=\"nobr\">do robienia zakup\u00f3w.<\/span><\/p>\r\n[\/vc_column_text][\/vc_column][\/vc_row][vc_row bwd_tbc4vd_show_weekday=&#8221;&#8221; full_width=&#8221;stretch_row_content_no_spaces&#8221;][vc_column]<div class=\"vice-versa-teaser vice-versa-teaser--dark\" style=\"--season-color: #ededed\" data-aos=\"fade-up\"><div class=\"vice-versa-teaser__inner\">\n                        <div class=\"content_wrap\"><div class=\"vg-element vice-versa-teaser__item vice-versa-teaser__item--left\"><div class=\"vc_row vc_row-flex\"><div class=\"vc_col-xs-12 vc_col-sm-6\"><div class=\"vice-versa-teaser__item__image-wrap\"><img loading=\"lazy\" decoding=\"async\" width=\"555\" height=\"735\" src=\"https:\/\/www.vangraaf.com\/pl\/wp-content\/uploads\/sites\/10\/2020\/12\/Unternehmen_Architektur_Prag_aussen_WP.jpg\" class=\"attachment-van-graaf-vice-versa-teaser size-van-graaf-vice-versa-teaser\" alt=\"\" srcset=\"https:\/\/www.vangraaf.com\/pl\/wp-content\/uploads\/sites\/10\/2020\/12\/Unternehmen_Architektur_Prag_aussen_WP.jpg 555w, https:\/\/www.vangraaf.com\/pl\/wp-content\/uploads\/sites\/10\/2020\/12\/Unternehmen_Architektur_Prag_aussen_WP-227x300.jpg 227w, https:\/\/www.vangraaf.com\/pl\/wp-content\/uploads\/sites\/10\/2020\/12\/Unternehmen_Architektur_Prag_aussen_WP-480x636.jpg 480w\" sizes=\"(max-width: 555px) 100vw, 555px\" \/><\/div><\/div><div class=\"vice-versa-teaser__item__content-wrap vc_col-xs-12 vc_col-sm-6 vc_col-md-4 vc_col-md-offset-1\"><div class=\"vice-versa-teaser__item__content\"><p>Nasze Domy Mody s\u0105 nasz\u0105 wizyt\u00f3wk\u0105. Zgodnie z ustalon\u0105 w przedsi\u0119biorstwie koncepcj\u0105 architektonicz\u0105, wszystkie obiekty handlowe utrzymane s\u0105 w jednolitej stylistyce. Pocz\u0105wszy od rozpoznawalnych <span class=\"nobr\">i widocznych<\/span> z daleka fasad, poprzez powtarzaj\u0105ce si\u0119 motywy <span class=\"nobr\">do charakterystycznych<\/span> kompozycji powierzchni handlowych.<\/p><\/div><\/div><\/div><\/div><div class=\"vg-element vice-versa-teaser__item vice-versa-teaser__item--right\"><div class=\"vc_row vc_row-flex\"><div class=\"vc_col-xs-12 vc_col-sm-6 vc_col-sm-push-6\"><div class=\"vice-versa-teaser__item__image-wrap\"><img loading=\"lazy\" decoding=\"async\" width=\"555\" height=\"735\" src=\"https:\/\/www.vangraaf.com\/pl\/wp-content\/uploads\/sites\/10\/2020\/12\/Unternehmen_Architektur_Prag_WP.jpg\" class=\"attachment-van-graaf-vice-versa-teaser size-van-graaf-vice-versa-teaser\" alt=\"\" srcset=\"https:\/\/www.vangraaf.com\/pl\/wp-content\/uploads\/sites\/10\/2020\/12\/Unternehmen_Architektur_Prag_WP.jpg 555w, https:\/\/www.vangraaf.com\/pl\/wp-content\/uploads\/sites\/10\/2020\/12\/Unternehmen_Architektur_Prag_WP-227x300.jpg 227w, https:\/\/www.vangraaf.com\/pl\/wp-content\/uploads\/sites\/10\/2020\/12\/Unternehmen_Architektur_Prag_WP-480x636.jpg 480w\" sizes=\"(max-width: 555px) 100vw, 555px\" \/><\/div><\/div><div class=\"vice-versa-teaser__item__content-wrap vc_col-xs-12 vc_col-sm-6 vc_col-md-4 vc_col-md-offset-1 vc_col-sm-pull-6\"><div class=\"vice-versa-teaser__item__content\"><p>Niezale\u017cnie od tego, czy Dom Mody mie\u015bci si\u0119 <span class=\"nobr\">w zabytkowej kamienicy<\/span> <span class=\"nobr\">czy nowoczesnym<\/span> centrum handlowym \u2013 <span class=\"nobr\">w projektowaniu<\/span> wn\u0119trz stawiamy zawsze na czyste, eleganckie linie <span class=\"nobr\">i urz\u0105dzone ze smakiem przestrzenie.<\/span><\/p><\/div><\/div><\/div><\/div><\/div><\/div><\/div>[\/vc_column][\/vc_row][vc_row][vc_column][vc_column_text]\r\n<p style=\"text-align: center\"><a class=\"button\" href=\"https:\/\/www.vangraaf.com\/pl\/przedsiebiorstwo\/fakty\/\">Przejd\u017a do Dom\u00f3w Mody VAN GRAAF<\/a><\/p>\r\n[\/vc_column_text][\/vc_column][\/vc_row][vc_row][vc_column]\n        <div class=\"headlines headlines--center\" data-aos=\"fade-up\">\n            <div class=\"vc_row\">\n                <div class=\"vc_col-md-10 vc_col-md-offset-1 vc_col-lg-10 vc_col-lg-offset-1\"><span class=\"h6\">Architektura<\/span><h2 class=\"h2\">Wizyt\u00f3wka przedsi\u0119biorstwa<\/h2><\/div>\n            <\/div>\n        <\/div>[vc_column_text]W przejrzy\u015bcie zorganizowanych i inspiruj\u0105cych wn\u0119trzach nasze klientki i klienci mog\u0105 \u0142atwo zorientowa\u0107 si\u0119 w ofercie asortymentowej <span class=\"nobr\">VAN GRAAF<\/span> i w poczuciu komfortu odda\u0107 si\u0119 ulubionym zakupom. Niczego nie pozostawiamy przypadkowi \u2013 starannie wybieramy zar\u00f3wno struktur\u0119 jak i cechy techniczne mebli. Nasi specjali\u015bci na bie\u017c\u0105co dogl\u0105daj\u0105 porz\u0105dku <span class=\"nobr\">i wystroju.<\/span> Wszystkie elementy wn\u0119trz zachwycaj\u0105 precyzj\u0105 wykonania. Wyb\u00f3r materia\u0142\u00f3w u\u017cytych <span class=\"nobr\">do wyko\u0144czenia<\/span> wn\u0119trz tak\u017ce podlega \u015bci\u015ble okre\u015blonym kryteriom. Wysokiej jako\u015bci drewno, naturalne kamienne pod\u0142ogi, nastrojowe o\u015bwietlenie i stylowe meble sk\u0142adaj\u0105 si\u0119 na niepowtarzaln\u0105 atmosfer\u0119 naszych Dom\u00f3w Mody oraz tworz\u0105 przytulny i swobodny klimat.[\/vc_column_text]\n        <div class=\"headlines headlines--center\" data-aos=\"fade-up\">\n            <div class=\"vc_row\">\n                <div class=\"vc_col-md-10 vc_col-md-offset-1 vc_col-lg-10 vc_col-lg-offset-1\"><span class=\"h6\">Architektura<\/span><h2 class=\"h2\">Wyj\u0105tkowy nastr\u00f3j<\/h2><\/div>\n            <\/div>\n        <\/div>[vc_column_text]Dobrze wiemy, \u017ce tylko zakupy robione w mi\u0142ej atmosferze mog\u0105 by\u0107 naprawd\u0119 udane. Zrelaksowani znajdujemy dok\u0142adnie to czego szukamy i pe\u0142nymi gar\u015bciami czerpiemy z najlepszych modowych inspracji. Dlatego VAN GRAAF zapewnia klientkom i klientom komfortowe strefy wypoczynku, przestrze\u0144 do swobodnego przemieszczania si\u0119, idealn\u0105 temperatur\u0119 wn\u0119trza, przyjazne o\u015bwietlenie, przejrzyst\u0105 prezentacj\u0119 asortymentu oraz starannie dobran\u0105 opraw\u0119 muzyczn\u0105. Du\u017c\u0105 wag\u0119 przyk\u0142adamy tak\u017ce do atrakcyjnej ekspozycji towaru i aran\u017cacji witryn sklepowych.\r\nNa wyj\u0105tkow\u0105 atmosfer\u0119 zakup\u00f3w sk\u0142ada si\u0119 te\u017c profesjonalne doradztwo indywidualne oraz szeroka oferta us\u0142ug, <span class=\"nobr\">kt\u00f3re sprawiaj\u0105,<\/span> \u017ce wizyta w Domu Mody <span class=\"nobr\">VAN GRAAF<\/span> staje si\u0119 naprawd\u0119 wyj\u0105tkowym do\u015bwiadczeniem.\r\n<p style=\"text-align: center\"><a class=\"button\" href=\"https:\/\/www.vangraaf.com\/pl\/salony\/zakupy-w-salonach-van-graaf\/\" target=\"_blank\" rel=\"noopener noreferrer\">Przejd\u017a do naszych us\u0142ug<\/a><\/p>\r\n[\/vc_column_text][\/vc_column][\/vc_row]<\/div>","protected":false},"excerpt":{"rendered":"[vc_row bwd_tbc4vd_show_weekday=&#8221;&#8221; full_width=&#8221;stretch_row_content_no_spaces&#8221;][vc_column][vc_column_text] Robimy du\u017co dla naszych klientek i klient\u00f3w, aby zakupy sta\u0142y si\u0119 wyj\u0105tkowym wydarzeniem. Pierwszych pozytywnych wra\u017ce\u0144 klientki i klienci do\u015bwiadczaj\u0105 zaraz po wej\u015bciu do naszych Dom\u00f3w Mody. Na miejscu czekaj\u0105 zaanga\u017cowane, profesjonalne oraz pomocne konsultantki i konsultanci. W Domach Mody VAN GRAAF mod\u0119 ch\u0142onie si\u0119 ka\u017cdym zmys\u0142em. Przy wyborze miejsca zawsze zwracamy [&hellip;]","protected":false},"author":6,"featured_media":0,"parent":10,"menu_order":0,"comment_status":"closed","ping_status":"closed","template":"","meta":{"_acf_changed":false,"inline_featured_image":false,"footnotes":""},"class_list":["post-16","page","type-page","status-publish","hentry"],"acf":[],"yoast_head":"<!-- This site is optimized with the Yoast SEO plugin v27.2 - https:\/\/yoast.com\/product\/yoast-seo-wordpress\/ -->\n<title>VAN GRAAF Polska - Architektura<\/title>\n<meta name=\"description\" content=\"Oferujemy naszym klientom wiele sposob\u00f3w na uczynienie z zakup\u00f3w wyj\u0105tkowego wydarzenia. Pierwsze pozytywne wra\u017cenia oferujemy klientom ju\u017c w naszych salonach stacjonarnych.\" \/>\n<meta name=\"robots\" content=\"index, follow, max-snippet:-1, max-image-preview:large, max-video-preview:-1\" \/>\n<link rel=\"canonical\" href=\"https:\/\/www.vangraaf.com\/pl\/przedsiebiorstwo\/grupa-przedsiebiorstw\/architektura\/\" \/>\n<meta property=\"og:locale\" content=\"pl_PL\" \/>\n<meta property=\"og:type\" content=\"article\" \/>\n<meta property=\"og:title\" content=\"VAN GRAAF Polska - Architektura\" \/>\n<meta property=\"og:description\" content=\"Oferujemy naszym klientom wiele sposob\u00f3w na uczynienie z zakup\u00f3w wyj\u0105tkowego wydarzenia. Pierwsze pozytywne wra\u017cenia oferujemy klientom ju\u017c w naszych salonach stacjonarnych.\" \/>\n<meta property=\"og:url\" content=\"https:\/\/www.vangraaf.com\/pl\/przedsiebiorstwo\/grupa-przedsiebiorstw\/architektura\/\" \/>\n<meta property=\"og:site_name\" content=\"VAN GRAAF Polska\" \/>\n<meta property=\"article:modified_time\" content=\"2021-06-08T08:27:23+00:00\" \/>\n<meta name=\"twitter:card\" content=\"summary_large_image\" \/>\n<meta name=\"twitter:label1\" content=\"Szacowany czas czytania\" \/>\n\t<meta name=\"twitter:data1\" content=\"3 minuty\" \/>\n<script type=\"application\/ld+json\" class=\"yoast-schema-graph\">{\"@context\":\"https:\/\/schema.org\",\"@graph\":[{\"@type\":\"WebPage\",\"@id\":\"https:\/\/www.vangraaf.com\/pl\/przedsiebiorstwo\/grupa-przedsiebiorstw\/architektura\/\",\"url\":\"https:\/\/www.vangraaf.com\/pl\/przedsiebiorstwo\/grupa-przedsiebiorstw\/architektura\/\",\"name\":\"VAN GRAAF Polska - Architektura\",\"isPartOf\":{\"@id\":\"https:\/\/www.vangraaf.com\/pl\/#website\"},\"datePublished\":\"2020-12-15T08:37:39+00:00\",\"dateModified\":\"2021-06-08T08:27:23+00:00\",\"description\":\"Oferujemy naszym klientom wiele sposob\u00f3w na uczynienie z zakup\u00f3w wyj\u0105tkowego wydarzenia. Pierwsze pozytywne wra\u017cenia oferujemy klientom ju\u017c w naszych salonach stacjonarnych.\",\"breadcrumb\":{\"@id\":\"https:\/\/www.vangraaf.com\/pl\/przedsiebiorstwo\/grupa-przedsiebiorstw\/architektura\/#breadcrumb\"},\"inLanguage\":\"pl-PL\",\"potentialAction\":[{\"@type\":\"ReadAction\",\"target\":[\"https:\/\/www.vangraaf.com\/pl\/przedsiebiorstwo\/grupa-przedsiebiorstw\/architektura\/\"]}]},{\"@type\":\"BreadcrumbList\",\"@id\":\"https:\/\/www.vangraaf.com\/pl\/przedsiebiorstwo\/grupa-przedsiebiorstw\/architektura\/#breadcrumb\",\"itemListElement\":[{\"@type\":\"ListItem\",\"position\":1,\"name\":\"Startseite\",\"item\":\"https:\/\/www.vangraaf.com\/pl\/\"},{\"@type\":\"ListItem\",\"position\":2,\"name\":\"Przedsi\u0119biorstwo\",\"item\":\"https:\/\/www.vangraaf.com\/pl\/przedsiebiorstwo\/\"},{\"@type\":\"ListItem\",\"position\":3,\"name\":\"Grupa przedsi\u0119biorstw\",\"item\":\"https:\/\/www.vangraaf.com\/pl\/przedsiebiorstwo\/grupa-przedsiebiorstw\/\"},{\"@type\":\"ListItem\",\"position\":4,\"name\":\"Architektura\"}]},{\"@type\":\"WebSite\",\"@id\":\"https:\/\/www.vangraaf.com\/pl\/#website\",\"url\":\"https:\/\/www.vangraaf.com\/pl\/\",\"name\":\"VAN GRAAF\",\"description\":\"VAN GRAAF\",\"potentialAction\":[{\"@type\":\"SearchAction\",\"target\":{\"@type\":\"EntryPoint\",\"urlTemplate\":\"https:\/\/www.vangraaf.com\/pl\/?s={search_term_string}\"},\"query-input\":{\"@type\":\"PropertyValueSpecification\",\"valueRequired\":true,\"valueName\":\"search_term_string\"}}],\"inLanguage\":\"pl-PL\"}]}<\/script>\n<!-- \/ Yoast SEO plugin. -->","yoast_head_json":{"title":"VAN GRAAF Polska - Architektura","description":"Oferujemy naszym klientom wiele sposob\u00f3w na uczynienie z zakup\u00f3w wyj\u0105tkowego wydarzenia. Pierwsze pozytywne wra\u017cenia oferujemy klientom ju\u017c w naszych salonach stacjonarnych.","robots":{"index":"index","follow":"follow","max-snippet":"max-snippet:-1","max-image-preview":"max-image-preview:large","max-video-preview":"max-video-preview:-1"},"canonical":"https:\/\/www.vangraaf.com\/pl\/przedsiebiorstwo\/grupa-przedsiebiorstw\/architektura\/","og_locale":"pl_PL","og_type":"article","og_title":"VAN GRAAF Polska - Architektura","og_description":"Oferujemy naszym klientom wiele sposob\u00f3w na uczynienie z zakup\u00f3w wyj\u0105tkowego wydarzenia. Pierwsze pozytywne wra\u017cenia oferujemy klientom ju\u017c w naszych salonach stacjonarnych.","og_url":"https:\/\/www.vangraaf.com\/pl\/przedsiebiorstwo\/grupa-przedsiebiorstw\/architektura\/","og_site_name":"VAN GRAAF Polska","article_modified_time":"2021-06-08T08:27:23+00:00","twitter_card":"summary_large_image","twitter_misc":{"Szacowany czas czytania":"3 minuty"},"schema":{"@context":"https:\/\/schema.org","@graph":[{"@type":"WebPage","@id":"https:\/\/www.vangraaf.com\/pl\/przedsiebiorstwo\/grupa-przedsiebiorstw\/architektura\/","url":"https:\/\/www.vangraaf.com\/pl\/przedsiebiorstwo\/grupa-przedsiebiorstw\/architektura\/","name":"VAN GRAAF Polska - Architektura","isPartOf":{"@id":"https:\/\/www.vangraaf.com\/pl\/#website"},"datePublished":"2020-12-15T08:37:39+00:00","dateModified":"2021-06-08T08:27:23+00:00","description":"Oferujemy naszym klientom wiele sposob\u00f3w na uczynienie z zakup\u00f3w wyj\u0105tkowego wydarzenia. Pierwsze pozytywne wra\u017cenia oferujemy klientom ju\u017c w naszych salonach stacjonarnych.","breadcrumb":{"@id":"https:\/\/www.vangraaf.com\/pl\/przedsiebiorstwo\/grupa-przedsiebiorstw\/architektura\/#breadcrumb"},"inLanguage":"pl-PL","potentialAction":[{"@type":"ReadAction","target":["https:\/\/www.vangraaf.com\/pl\/przedsiebiorstwo\/grupa-przedsiebiorstw\/architektura\/"]}]},{"@type":"BreadcrumbList","@id":"https:\/\/www.vangraaf.com\/pl\/przedsiebiorstwo\/grupa-przedsiebiorstw\/architektura\/#breadcrumb","itemListElement":[{"@type":"ListItem","position":1,"name":"Startseite","item":"https:\/\/www.vangraaf.com\/pl\/"},{"@type":"ListItem","position":2,"name":"Przedsi\u0119biorstwo","item":"https:\/\/www.vangraaf.com\/pl\/przedsiebiorstwo\/"},{"@type":"ListItem","position":3,"name":"Grupa przedsi\u0119biorstw","item":"https:\/\/www.vangraaf.com\/pl\/przedsiebiorstwo\/grupa-przedsiebiorstw\/"},{"@type":"ListItem","position":4,"name":"Architektura"}]},{"@type":"WebSite","@id":"https:\/\/www.vangraaf.com\/pl\/#website","url":"https:\/\/www.vangraaf.com\/pl\/","name":"VAN GRAAF","description":"VAN GRAAF","potentialAction":[{"@type":"SearchAction","target":{"@type":"EntryPoint","urlTemplate":"https:\/\/www.vangraaf.com\/pl\/?s={search_term_string}"},"query-input":{"@type":"PropertyValueSpecification","valueRequired":true,"valueName":"search_term_string"}}],"inLanguage":"pl-PL"}]}},"_links":{"self":[{"href":"https:\/\/www.vangraaf.com\/pl\/wp-json\/wp\/v2\/pages\/16","targetHints":{"allow":["GET"]}}],"collection":[{"href":"https:\/\/www.vangraaf.com\/pl\/wp-json\/wp\/v2\/pages"}],"about":[{"href":"https:\/\/www.vangraaf.com\/pl\/wp-json\/wp\/v2\/types\/page"}],"author":[{"embeddable":true,"href":"https:\/\/www.vangraaf.com\/pl\/wp-json\/wp\/v2\/users\/6"}],"replies":[{"embeddable":true,"href":"https:\/\/www.vangraaf.com\/pl\/wp-json\/wp\/v2\/comments?post=16"}],"version-history":[{"count":16,"href":"https:\/\/www.vangraaf.com\/pl\/wp-json\/wp\/v2\/pages\/16\/revisions"}],"predecessor-version":[{"id":287,"href":"https:\/\/www.vangraaf.com\/pl\/wp-json\/wp\/v2\/pages\/16\/revisions\/287"}],"up":[{"embeddable":true,"href":"https:\/\/www.vangraaf.com\/pl\/wp-json\/wp\/v2\/pages\/10"}],"wp:attachment":[{"href":"https:\/\/www.vangraaf.com\/pl\/wp-json\/wp\/v2\/media?parent=16"}],"curies":[{"name":"wp","href":"https:\/\/api.w.org\/{rel}","templated":true}]}}