{"id":14,"date":"2020-12-15T09:37:16","date_gmt":"2020-12-15T08:37:16","guid":{"rendered":"https:\/\/van-graaf-live.pluspol-networks.de\/pl\/?page_id=14"},"modified":"2023-03-01T14:53:15","modified_gmt":"2023-03-01T13:53:15","slug":"ekspert-w-dziedzinie-mody","status":"publish","type":"page","link":"https:\/\/www.vangraaf.com\/pl\/przedsiebiorstwo\/grupa-przedsiebiorstw\/ekspert-w-dziedzinie-mody\/","title":{"rendered":"Ekspert w dziedzinie mody"},"content":{"rendered":"<div class=\"wpb-content-wrapper\"><p>[vc_row bwd_tbc4vd_show_weekday=&#8221;&#8221; full_width=&#8221;stretch_row_content_no_spaces&#8221;][vc_column]<div class=\"keyvisual\" data-aos=\"fade-up\" ><img loading=\"lazy\" decoding=\"async\" width=\"1440\" height=\"480\" src=\"https:\/\/www.vangraaf.com\/pl\/wp-content\/uploads\/sites\/10\/2020\/12\/Unternehmen_Modekompetenz_Banner_WP.jpg\" class=\"vc_single_image-img\" alt=\"\" srcset=\"https:\/\/www.vangraaf.com\/pl\/wp-content\/uploads\/sites\/10\/2020\/12\/Unternehmen_Modekompetenz_Banner_WP.jpg 1440w, https:\/\/www.vangraaf.com\/pl\/wp-content\/uploads\/sites\/10\/2020\/12\/Unternehmen_Modekompetenz_Banner_WP-300x100.jpg 300w, https:\/\/www.vangraaf.com\/pl\/wp-content\/uploads\/sites\/10\/2020\/12\/Unternehmen_Modekompetenz_Banner_WP-1024x341.jpg 1024w, https:\/\/www.vangraaf.com\/pl\/wp-content\/uploads\/sites\/10\/2020\/12\/Unternehmen_Modekompetenz_Banner_WP-768x256.jpg 768w, https:\/\/www.vangraaf.com\/pl\/wp-content\/uploads\/sites\/10\/2020\/12\/Unternehmen_Modekompetenz_Banner_WP-1200x400.jpg 1200w, https:\/\/www.vangraaf.com\/pl\/wp-content\/uploads\/sites\/10\/2020\/12\/Unternehmen_Modekompetenz_Banner_WP-992x331.jpg 992w, https:\/\/www.vangraaf.com\/pl\/wp-content\/uploads\/sites\/10\/2020\/12\/Unternehmen_Modekompetenz_Banner_WP-480x160.jpg 480w, https:\/\/www.vangraaf.com\/pl\/wp-content\/uploads\/sites\/10\/2020\/12\/Unternehmen_Modekompetenz_Banner_WP-690x230.jpg 690w\" sizes=\"(max-width: 1440px) 100vw, 1440px\" \/><\/div>\n        <div class=\"headlines headlines--center\" data-aos=\"fade-up\">\n            <div class=\"vc_row\">\n                <div class=\"vc_col-md-10 vc_col-md-offset-1 vc_col-lg-10 vc_col-lg-offset-1\"><span class=\"h6\">Ekspert w dziedzinie mody<\/span><h1 class=\"h2\">Fachowe doradztwo i us\u0142ugi<\/h1><\/div>\n            <\/div>\n        <\/div>[vc_column_text]<\/p>\n<p style=\"text-align: center;\">Filozofia naszego przedsi\u0119biorstwa jest jednocze\u015bnie nasz\u0105 recept\u0105 na sukces: bezkompromisowa jako\u015b\u0107 na wszystkich poziomach, pocz\u0105wszy od bogatej oferty marek i artyku\u0142\u00f3w do szerokiej gamy us\u0142ug oferowanych w naszych sklepach stacjonarnych. K\u0142adziemy szczeg\u00f3lny nacisk na do\u015bwiadczenie naszych pracownic i pracownik\u00f3w, kt\u00f3rzy nie tylko reprezentuj\u0105 wysoki poziom wiedzy fachowej, doskona\u0142e wyczucie stylu i aktualnych trend\u00f3w, ale s\u0105 tak\u017ce w pe\u0142ni zaanga\u017cowani <span class=\"nobr\">w profesjonalne<\/span> doradztwo oraz pomoc klientkom i klientom. Takie po\u0142\u0105czenie solidnej wiedzy, prawdziwej pasji, najwy\u017cszej jako\u015bci i r\u00f3\u017cnorodno\u015bci asortymentu czyni nasz zesp\u00f3\u0142 wyj\u0105tkowym \u2013 ju\u017c od ponad 100 lat.<\/p>\n<p>[\/vc_column_text][vc_column_text]W naszych sklepach stacjonarnych bazujemy na sprawdzonej koncepcji dzia\u0142\u00f3w. Stawiamy na podzia\u0142 artyku\u0142\u00f3w wed\u0142ug klucza asortymentowego: od garnitur\u00f3w, kurtek, sukienek i spodni \u2013 dla pe\u0142nej czytelno\u015bci i najlepszej organizacji przestrzeni <span class=\"nobr\">po segregacj\u0119<\/span> odzie\u017cy wed\u0142ug rozmiar\u00f3w, styl\u00f3w, materia\u0142\u00f3w i marek. Nasze klientki i nasi klienci zyskuj\u0105 poczucie komfortu <span class=\"nobr\">i przejrzysto\u015bci<\/span> oferty, a tak\u017ce mo\u017cliwo\u015b\u0107 skorzystania z fachowej wiedzy naszych konsultantek i konsultant\u00f3w, kt\u00f3rzy <span class=\"nobr\">w ramach<\/span> swojego dzia\u0142u specjalizuj\u0105 si\u0119 w profesjonalnym doradztwie z zakresu danego asortymentu. Podobnie jest <span class=\"nobr\">z pracownicami<\/span> i pracownikami dzia\u0142u zakup\u00f3w, kt\u00f3rzy maj\u0105 specjalistyczn\u0105 wiedz\u0119 na temat poszczeg\u00f3lnych <span class=\"nobr\">kolekcji mody.<\/span><\/p>\n<p style=\"text-align: center;\"><a class=\"button\" href=\"https:\/\/www.vangraaf.com\/pl\/salony\/nasze-filie\/\" target=\"_blank\" rel=\"noopener noreferrer\">Przejd\u017a do naszych dzia\u0142\u00f3w<\/a><\/p>\n<p>[\/vc_column_text][\/vc_column][\/vc_row][vc_row bwd_tbc4vd_show_weekday=&#8221;&#8221;][vc_column]\n        <div class=\"headlines headlines--center\" data-aos=\"fade-up\">\n            <div class=\"vc_row\">\n                <div class=\"vc_col-md-10 vc_col-md-offset-1 vc_col-lg-10 vc_col-lg-offset-1\"><span class=\"h6\">Ekspert w dziedzinie mody<\/span><h2 class=\"h2\">Fascynuj\u0105ca r\u00f3\u017cnorodno\u015b\u0107<\/h2><\/div>\n            <\/div>\n        <\/div>[vc_column_text]Kolekcje klasyczne, na co dzie\u0144 oraz na wyj\u0105tkowe okazje &#8211; nasza szeroka oferta asortymentowa zadowoli najbardziej wyrafinowane gusty. Ka\u017cdy znajdzie u nas odpowiedni\u0105 dla siebie odzie\u017c w rozmaitych stylach, rozmiarach, kolorach i w przedziale cenowym. Nasze przedsi\u0119biorstwo mo\u017ce poszczyci\u0107 si\u0119 szerok\u0105 gam\u0105 artyku\u0142\u00f3w blisko 300 najlepszych marek odzie\u017cowych i ich mi\u0119dzynarodowych kolekcji \u2013 jak cho\u0107by Armani czy Zaffiri. Wy\u0142\u0105cznie <span class=\"nobr\">w VAN GRAAF<\/span> oferujemy naszym klientkom i klientom specjalne kolekcje, charakteryzuj\u0105ce si\u0119 pe\u0142n\u0105 zgodno\u015bci\u0105 <span class=\"nobr\">z najnowszymi<\/span> trendami w modzie, wysok\u0105 jako\u015bci\u0105 wykonania, a tak\u017ce korzystnym stosunkiem ceny do jako\u015bci. W\u015br\u00f3d naszych autorskich kolekcji znajduj\u0105 si\u0119 takie marki jak: <span class=\"nobr\">Marie Lund<\/span>, <span class=\"nobr\">Franco Callegari<\/span> i Apriori dla kobiet oraz <span class=\"nobr\">Finshley&amp;Harding<\/span> i <span class=\"nobr\">Nils Sundstr\u00f6m<\/span> dla m\u0119\u017cczyzn. Naszym klientkom i klientom korzystaj\u0105cym ze sklep\u00f3w stacjonarnych <span class=\"nobr\">VAN GRAAF<\/span> <span class=\"nobr\">i sklepu<\/span> internetowego VANGRAAF.COM oferujemy tak\u017ce autorski przegl\u0105d najnowszych modowych inspiracji oraz praktyczne porady stylistyczne \u2013 wszystko dla jeszcze pe\u0142niejszego do\u015bwiadczenia niezwyk\u0142ej przygody z mod\u0105.[\/vc_column_text]<div class=\"vg-element brand-slider brand-slider--light\" data-aos=\"fade-up\"><div class=\"brand-slider__inner\"><div class=\"brand-slider__slider js-brand-slider\"><div class=\"brand-slider__slider__item\"><img loading=\"lazy\" decoding=\"async\" width=\"1\" height=\"1\" src=\"https:\/\/www.vangraaf.com\/pl\/wp-content\/uploads\/sites\/10\/2020\/12\/Adidas_Logo_grau_OK.svg\" class=\"attachment-full size-full\" alt=\"\" \/><\/div><div class=\"brand-slider__slider__item\"><img loading=\"lazy\" decoding=\"async\" width=\"1\" height=\"1\" src=\"https:\/\/www.vangraaf.com\/pl\/wp-content\/uploads\/sites\/10\/2020\/12\/Alpha_Industries_Logo_grau_OK.svg\" class=\"attachment-full size-full\" alt=\"\" \/><\/div><div class=\"brand-slider__slider__item\"><img loading=\"lazy\" decoding=\"async\" width=\"1\" height=\"1\" src=\"https:\/\/www.vangraaf.com\/pl\/wp-content\/uploads\/sites\/10\/2020\/12\/Armani-Exchange-Logo-grau_OK.svg\" class=\"attachment-full size-full\" alt=\"\" \/><\/div><div class=\"brand-slider__slider__item\"><img loading=\"lazy\" decoding=\"async\" width=\"1\" height=\"1\" src=\"https:\/\/www.vangraaf.com\/pl\/wp-content\/uploads\/sites\/10\/2020\/12\/Boss_Logo_grau_OK.svg\" class=\"attachment-full size-full\" alt=\"\" \/><\/div><div class=\"brand-slider__slider__item\"><img loading=\"lazy\" decoding=\"async\" width=\"1\" height=\"1\" src=\"https:\/\/www.vangraaf.com\/pl\/wp-content\/uploads\/sites\/10\/2020\/12\/Calvin-Klein-Logo-grau_OK.svg\" class=\"attachment-full size-full\" alt=\"\" \/><\/div><div class=\"brand-slider__slider__item\"><img loading=\"lazy\" decoding=\"async\" width=\"1\" height=\"1\" src=\"https:\/\/www.vangraaf.com\/pl\/wp-content\/uploads\/sites\/10\/2020\/12\/Champion_Logo_grau_OK.svg\" class=\"attachment-full size-full\" alt=\"\" \/><\/div><div class=\"brand-slider__slider__item\"><img loading=\"lazy\" decoding=\"async\" width=\"1\" height=\"1\" src=\"https:\/\/www.vangraaf.com\/pl\/wp-content\/uploads\/sites\/10\/2020\/12\/Fila-Logo-grau_OK.svg\" class=\"attachment-full size-full\" alt=\"\" \/><\/div><div class=\"brand-slider__slider__item\"><img loading=\"lazy\" decoding=\"async\" width=\"1\" height=\"1\" src=\"https:\/\/www.vangraaf.com\/pl\/wp-content\/uploads\/sites\/10\/2020\/12\/FinshleyHarding_London_Logo_grau_OK.svg\" class=\"attachment-full size-full\" alt=\"\" \/><\/div><div class=\"brand-slider__slider__item\"><img loading=\"lazy\" decoding=\"async\" width=\"1\" height=\"1\" src=\"https:\/\/www.vangraaf.com\/pl\/wp-content\/uploads\/sites\/10\/2020\/12\/G_Star_Logo_grau_OK.svg\" class=\"attachment-full size-full\" alt=\"\" \/><\/div><div class=\"brand-slider__slider__item\"><img loading=\"lazy\" decoding=\"async\" width=\"1\" height=\"1\" src=\"https:\/\/www.vangraaf.com\/pl\/wp-content\/uploads\/sites\/10\/2020\/12\/Lacoste_Logo_4c_grau_Ausnahme_OK.svg\" class=\"attachment-full size-full\" alt=\"\" \/><\/div><div class=\"brand-slider__slider__item\"><img loading=\"lazy\" decoding=\"async\" width=\"1\" height=\"1\" src=\"https:\/\/www.vangraaf.com\/pl\/wp-content\/uploads\/sites\/10\/2020\/12\/Levis_Logo_grau_OK.svg\" class=\"attachment-full size-full\" alt=\"\" \/><\/div><div class=\"brand-slider__slider__item\"><img loading=\"lazy\" decoding=\"async\" width=\"1\" height=\"1\" src=\"https:\/\/www.vangraaf.com\/pl\/wp-content\/uploads\/sites\/10\/2020\/12\/Marie_Lund_Logo_grau_OK.svg\" class=\"attachment-full size-full\" alt=\"\" \/><\/div><div class=\"brand-slider__slider__item\"><img loading=\"lazy\" decoding=\"async\" width=\"1\" height=\"1\" src=\"https:\/\/www.vangraaf.com\/pl\/wp-content\/uploads\/sites\/10\/2020\/12\/Polo_Ralph_Lauren_Logo_grau_OK.svg\" class=\"attachment-full size-full\" alt=\"\" \/><\/div><div class=\"brand-slider__slider__item\"><img loading=\"lazy\" decoding=\"async\" width=\"1\" height=\"1\" src=\"https:\/\/www.vangraaf.com\/pl\/wp-content\/uploads\/sites\/10\/2020\/12\/Superdry_Logo_grau_OK.svg\" class=\"attachment-full size-full\" alt=\"\" \/><\/div><div class=\"brand-slider__slider__item\"><img loading=\"lazy\" decoding=\"async\" width=\"1\" height=\"1\" src=\"https:\/\/www.vangraaf.com\/pl\/wp-content\/uploads\/sites\/10\/2020\/12\/Tom_Tailor_Logo_grau_OK.svg\" class=\"attachment-full size-full\" alt=\"\" \/><\/div><div class=\"brand-slider__slider__item\"><img loading=\"lazy\" decoding=\"async\" width=\"1\" height=\"1\" src=\"https:\/\/www.vangraaf.com\/pl\/wp-content\/uploads\/sites\/10\/2020\/12\/Tommy_Jeans_Logo_4c_grau.svg\" class=\"attachment-full size-full\" alt=\"\" \/><\/div><div class=\"brand-slider__slider__item\"><img loading=\"lazy\" decoding=\"async\" width=\"1\" height=\"1\" src=\"https:\/\/www.vangraaf.com\/pl\/wp-content\/uploads\/sites\/10\/2020\/12\/Vila_Logo_grau_OK.svg\" class=\"attachment-full size-full\" alt=\"\" \/><\/div><\/div><\/div><\/div>[\/vc_column][\/vc_row][vc_row][vc_column]\n        <div class=\"headlines headlines--center\" data-aos=\"fade-up\">\n            <div class=\"vc_row\">\n                <div class=\"vc_col-md-10 vc_col-md-offset-1 vc_col-lg-10 vc_col-lg-offset-1\"><span class=\"h6\">Nasza misja<\/span><h2 class=\"h2\">Pasja do mody i ludzi<\/h2><\/div>\n            <\/div>\n        <\/div>[vc_column_text]Zami\u0142owanie do mody po prostu mamy w genach. Od 1911 roku stawiamy na najwy\u017csz\u0105 jako\u015b\u0107, zgodno\u015b\u0107 z aktualnymi trendami i najlepsze kolekcje odzie\u017cowe. Nasza pasja do mody i ludzi dzie\u0144 po dniu nap\u0119dza nas do dzia\u0142ania. Zawsze uwa\u017cnie ws\u0142uchujemy si\u0119 w potrzeby naszych klientek i klient\u00f3w tak, aby m\u00f3c s\u0142u\u017cy\u0107 im najlepsz\u0105 rad\u0105 i indywidualnie dobranymi propozycjami stylizacji. Jak to robimy? Oferujemy naszym klientkom i klientom szeroki wyb\u00f3r najlepszej jako\u015bci artyku\u0142\u00f3w, starannie wybrane inspiracje i profesjonalne doradztwo osobiste \u2013 dla idealnych wybor\u00f3w <span class=\"nobr\">i najwspanialszych<\/span> efekt\u00f3w stylizacyjnych.<\/p>\n<p><b>Zasady, jakie przyj\u0119li\u015bmy, s\u0142u\u017c\u0105 nam do tego, aby codziennie oferowa\u0107 naszym klientkom i klientom najwy\u017csz\u0105 jako\u015b\u0107 <span class=\"nobr\">we wszystkich<\/span> aspektach zakup\u00f3w:<\/b><\/p>\n<ul>\n<li>Gustowny i stylowy wyb\u00f3r najlepszych kolekcji<\/li>\n<li>Zgodne z najnowszymi trendami inspiracje<\/li>\n<li>Profesjonalne doradztwo osobiste i serwis us\u0142ug<\/li>\n<li>Niezwyk\u0142a atmosfera<\/li>\n<\/ul>\n<p>[\/vc_column_text][\/vc_column][\/vc_row][vc_row][vc_column]\n        <div class=\"headlines headlines--center\" data-aos=\"fade-up\">\n            <div class=\"vc_row\">\n                <div class=\"vc_col-md-10 vc_col-md-offset-1 vc_col-lg-10 vc_col-lg-offset-1\"><span class=\"h6\">Kariera<\/span><h2 class=\"h2\">Pracownice i pracownicy z fachow\u0105 wiedz\u0105<\/h2><\/div>\n            <\/div>\n        <\/div>[vc_column_text]VAN GRAAF zatrudnia blisko 800 pracownic i pracownik\u00f3w w pi\u0119ciu europejskich krajach. Kto ma apetyt na karier\u0119 <span class=\"nobr\">w mi\u0119dzynarodowym<\/span> przedsi\u0119biorstwie, dla tego perspektywy rozwoju stoj\u0105 otworem. Wyj\u0105tkowi ludzie z zami\u0142owaniem <span class=\"nobr\">do jako\u015bci<\/span> i mody znajd\u0105 u nas atrakcyjne mo\u017cliwo\u015bci rozwoju zawodowego.[\/vc_column_text]\n        <div class=\"vg-element promo-teaser promo-teaser--  promo-teaser--\" style=\"--season-color: #ffffff;\" data-aos=\"fade-up\">\n            <div class=\"vc_row vc_row-flex\">\n                <div class=\"vc_col-sm-6 promo-teaser__image\">\n                    <img loading=\"lazy\" decoding=\"async\" width=\"599\" height=\"549\" src=\"https:\/\/www.vangraaf.com\/pl\/wp-content\/uploads\/sites\/10\/2020\/12\/Unternehmen_Fakten_Karriere_WP.jpg\" class=\"vc_single_image-img\" alt=\"\" srcset=\"https:\/\/www.vangraaf.com\/pl\/wp-content\/uploads\/sites\/10\/2020\/12\/Unternehmen_Fakten_Karriere_WP.jpg 599w, https:\/\/www.vangraaf.com\/pl\/wp-content\/uploads\/sites\/10\/2020\/12\/Unternehmen_Fakten_Karriere_WP-300x275.jpg 300w, https:\/\/www.vangraaf.com\/pl\/wp-content\/uploads\/sites\/10\/2020\/12\/Unternehmen_Fakten_Karriere_WP-480x440.jpg 480w\" sizes=\"(max-width: 599px) 100vw, 599px\" \/>\n                <\/div>\n                <div class=\"vc_col-sm-6\">\n                    <div class=\"promo-teaser__content-wrapper\">\n                        <div class=\"promo-teaser__content promo-teaser__content--center\"><h3>Kariera<\/h3><\/p>\n<p style=\"text-align: center;\">Dodatkowe informacje i aktualne oferty pracy <span class=\"nobr\">w VAN GRAAF<\/span> mo\u017cna znale\u017a\u0107 tutaj:<\/p>\n<p style=\"text-align: center;\"><a class=\"button\" href=\"https:\/\/www.vangraaf.com\/pl\/kariera\/\">Praca w VAN GRAAF<\/a><\/p>\n<p>\n<\/div>\n                    <\/div>\n                <\/div>\n            <\/div>\n        <\/div>[\/vc_column][\/vc_row]<\/p>\n<\/div>","protected":false},"excerpt":{"rendered":"[vc_row bwd_tbc4vd_show_weekday=&#8221;&#8221; full_width=&#8221;stretch_row_content_no_spaces&#8221;][vc_column][vc_column_text] Filozofia naszego przedsi\u0119biorstwa jest jednocze\u015bnie nasz\u0105 recept\u0105 na sukces: bezkompromisowa jako\u015b\u0107 na wszystkich poziomach, pocz\u0105wszy od bogatej oferty marek i artyku\u0142\u00f3w do szerokiej gamy us\u0142ug oferowanych w naszych sklepach stacjonarnych. K\u0142adziemy szczeg\u00f3lny nacisk na do\u015bwiadczenie naszych pracownic i pracownik\u00f3w, kt\u00f3rzy nie tylko reprezentuj\u0105 wysoki poziom wiedzy fachowej, doskona\u0142e wyczucie stylu i aktualnych [&hellip;]","protected":false},"author":6,"featured_media":0,"parent":10,"menu_order":0,"comment_status":"closed","ping_status":"closed","template":"","meta":{"_acf_changed":false,"inline_featured_image":false,"footnotes":""},"class_list":["post-14","page","type-page","status-publish","hentry"],"acf":[],"yoast_head":"<!-- This site is optimized with the Yoast SEO plugin v27.2 - https:\/\/yoast.com\/product\/yoast-seo-wordpress\/ -->\n<title>VAN GRAAF Polska - Ekspert w dziedzinie mody<\/title>\n<meta name=\"description\" content=\"Filozofia naszej firmy jest jednocze\u015bnie nasz\u0105 recept\u0105 na sukces: bezkompromisowa jako\u015b\u0107 na wszystkich poziomach, pocz\u0105wszy od wyboru oferty do szerokiej gamy us\u0142ug dost\u0119pnych w naszych salonach sprzeda\u017cy.\" \/>\n<meta name=\"robots\" content=\"index, follow, max-snippet:-1, max-image-preview:large, max-video-preview:-1\" \/>\n<link rel=\"canonical\" href=\"https:\/\/www.vangraaf.com\/pl\/przedsiebiorstwo\/grupa-przedsiebiorstw\/ekspert-w-dziedzinie-mody\/\" \/>\n<meta property=\"og:locale\" content=\"pl_PL\" \/>\n<meta property=\"og:type\" content=\"article\" \/>\n<meta property=\"og:title\" content=\"VAN GRAAF Polska - Ekspert w dziedzinie mody\" \/>\n<meta property=\"og:description\" content=\"Filozofia naszej firmy jest jednocze\u015bnie nasz\u0105 recept\u0105 na sukces: bezkompromisowa jako\u015b\u0107 na wszystkich poziomach, pocz\u0105wszy od wyboru oferty do szerokiej gamy us\u0142ug dost\u0119pnych w naszych salonach sprzeda\u017cy.\" \/>\n<meta property=\"og:url\" content=\"https:\/\/www.vangraaf.com\/pl\/przedsiebiorstwo\/grupa-przedsiebiorstw\/ekspert-w-dziedzinie-mody\/\" \/>\n<meta property=\"og:site_name\" content=\"VAN GRAAF Polska\" \/>\n<meta property=\"article:modified_time\" content=\"2023-03-01T13:53:15+00:00\" \/>\n<meta name=\"twitter:card\" content=\"summary_large_image\" \/>\n<meta name=\"twitter:label1\" content=\"Szacowany czas czytania\" \/>\n\t<meta name=\"twitter:data1\" content=\"4 minuty\" \/>\n<script type=\"application\/ld+json\" class=\"yoast-schema-graph\">{\"@context\":\"https:\/\/schema.org\",\"@graph\":[{\"@type\":\"WebPage\",\"@id\":\"https:\/\/www.vangraaf.com\/pl\/przedsiebiorstwo\/grupa-przedsiebiorstw\/ekspert-w-dziedzinie-mody\/\",\"url\":\"https:\/\/www.vangraaf.com\/pl\/przedsiebiorstwo\/grupa-przedsiebiorstw\/ekspert-w-dziedzinie-mody\/\",\"name\":\"VAN GRAAF Polska - Ekspert w dziedzinie mody\",\"isPartOf\":{\"@id\":\"https:\/\/www.vangraaf.com\/pl\/#website\"},\"datePublished\":\"2020-12-15T08:37:16+00:00\",\"dateModified\":\"2023-03-01T13:53:15+00:00\",\"description\":\"Filozofia naszej firmy jest jednocze\u015bnie nasz\u0105 recept\u0105 na sukces: bezkompromisowa jako\u015b\u0107 na wszystkich poziomach, pocz\u0105wszy od wyboru oferty do szerokiej gamy us\u0142ug dost\u0119pnych w naszych salonach sprzeda\u017cy.\",\"breadcrumb\":{\"@id\":\"https:\/\/www.vangraaf.com\/pl\/przedsiebiorstwo\/grupa-przedsiebiorstw\/ekspert-w-dziedzinie-mody\/#breadcrumb\"},\"inLanguage\":\"pl-PL\",\"potentialAction\":[{\"@type\":\"ReadAction\",\"target\":[\"https:\/\/www.vangraaf.com\/pl\/przedsiebiorstwo\/grupa-przedsiebiorstw\/ekspert-w-dziedzinie-mody\/\"]}]},{\"@type\":\"BreadcrumbList\",\"@id\":\"https:\/\/www.vangraaf.com\/pl\/przedsiebiorstwo\/grupa-przedsiebiorstw\/ekspert-w-dziedzinie-mody\/#breadcrumb\",\"itemListElement\":[{\"@type\":\"ListItem\",\"position\":1,\"name\":\"Startseite\",\"item\":\"https:\/\/www.vangraaf.com\/pl\/\"},{\"@type\":\"ListItem\",\"position\":2,\"name\":\"Przedsi\u0119biorstwo\",\"item\":\"https:\/\/www.vangraaf.com\/pl\/przedsiebiorstwo\/\"},{\"@type\":\"ListItem\",\"position\":3,\"name\":\"Grupa przedsi\u0119biorstw\",\"item\":\"https:\/\/www.vangraaf.com\/pl\/przedsiebiorstwo\/grupa-przedsiebiorstw\/\"},{\"@type\":\"ListItem\",\"position\":4,\"name\":\"Ekspert w dziedzinie mody\"}]},{\"@type\":\"WebSite\",\"@id\":\"https:\/\/www.vangraaf.com\/pl\/#website\",\"url\":\"https:\/\/www.vangraaf.com\/pl\/\",\"name\":\"VAN GRAAF\",\"description\":\"VAN GRAAF\",\"potentialAction\":[{\"@type\":\"SearchAction\",\"target\":{\"@type\":\"EntryPoint\",\"urlTemplate\":\"https:\/\/www.vangraaf.com\/pl\/?s={search_term_string}\"},\"query-input\":{\"@type\":\"PropertyValueSpecification\",\"valueRequired\":true,\"valueName\":\"search_term_string\"}}],\"inLanguage\":\"pl-PL\"}]}<\/script>\n<!-- \/ Yoast SEO plugin. -->","yoast_head_json":{"title":"VAN GRAAF Polska - Ekspert w dziedzinie mody","description":"Filozofia naszej firmy jest jednocze\u015bnie nasz\u0105 recept\u0105 na sukces: bezkompromisowa jako\u015b\u0107 na wszystkich poziomach, pocz\u0105wszy od wyboru oferty do szerokiej gamy us\u0142ug dost\u0119pnych w naszych salonach sprzeda\u017cy.","robots":{"index":"index","follow":"follow","max-snippet":"max-snippet:-1","max-image-preview":"max-image-preview:large","max-video-preview":"max-video-preview:-1"},"canonical":"https:\/\/www.vangraaf.com\/pl\/przedsiebiorstwo\/grupa-przedsiebiorstw\/ekspert-w-dziedzinie-mody\/","og_locale":"pl_PL","og_type":"article","og_title":"VAN GRAAF Polska - Ekspert w dziedzinie mody","og_description":"Filozofia naszej firmy jest jednocze\u015bnie nasz\u0105 recept\u0105 na sukces: bezkompromisowa jako\u015b\u0107 na wszystkich poziomach, pocz\u0105wszy od wyboru oferty do szerokiej gamy us\u0142ug dost\u0119pnych w naszych salonach sprzeda\u017cy.","og_url":"https:\/\/www.vangraaf.com\/pl\/przedsiebiorstwo\/grupa-przedsiebiorstw\/ekspert-w-dziedzinie-mody\/","og_site_name":"VAN GRAAF Polska","article_modified_time":"2023-03-01T13:53:15+00:00","twitter_card":"summary_large_image","twitter_misc":{"Szacowany czas czytania":"4 minuty"},"schema":{"@context":"https:\/\/schema.org","@graph":[{"@type":"WebPage","@id":"https:\/\/www.vangraaf.com\/pl\/przedsiebiorstwo\/grupa-przedsiebiorstw\/ekspert-w-dziedzinie-mody\/","url":"https:\/\/www.vangraaf.com\/pl\/przedsiebiorstwo\/grupa-przedsiebiorstw\/ekspert-w-dziedzinie-mody\/","name":"VAN GRAAF Polska - Ekspert w dziedzinie mody","isPartOf":{"@id":"https:\/\/www.vangraaf.com\/pl\/#website"},"datePublished":"2020-12-15T08:37:16+00:00","dateModified":"2023-03-01T13:53:15+00:00","description":"Filozofia naszej firmy jest jednocze\u015bnie nasz\u0105 recept\u0105 na sukces: bezkompromisowa jako\u015b\u0107 na wszystkich poziomach, pocz\u0105wszy od wyboru oferty do szerokiej gamy us\u0142ug dost\u0119pnych w naszych salonach sprzeda\u017cy.","breadcrumb":{"@id":"https:\/\/www.vangraaf.com\/pl\/przedsiebiorstwo\/grupa-przedsiebiorstw\/ekspert-w-dziedzinie-mody\/#breadcrumb"},"inLanguage":"pl-PL","potentialAction":[{"@type":"ReadAction","target":["https:\/\/www.vangraaf.com\/pl\/przedsiebiorstwo\/grupa-przedsiebiorstw\/ekspert-w-dziedzinie-mody\/"]}]},{"@type":"BreadcrumbList","@id":"https:\/\/www.vangraaf.com\/pl\/przedsiebiorstwo\/grupa-przedsiebiorstw\/ekspert-w-dziedzinie-mody\/#breadcrumb","itemListElement":[{"@type":"ListItem","position":1,"name":"Startseite","item":"https:\/\/www.vangraaf.com\/pl\/"},{"@type":"ListItem","position":2,"name":"Przedsi\u0119biorstwo","item":"https:\/\/www.vangraaf.com\/pl\/przedsiebiorstwo\/"},{"@type":"ListItem","position":3,"name":"Grupa przedsi\u0119biorstw","item":"https:\/\/www.vangraaf.com\/pl\/przedsiebiorstwo\/grupa-przedsiebiorstw\/"},{"@type":"ListItem","position":4,"name":"Ekspert w dziedzinie mody"}]},{"@type":"WebSite","@id":"https:\/\/www.vangraaf.com\/pl\/#website","url":"https:\/\/www.vangraaf.com\/pl\/","name":"VAN GRAAF","description":"VAN GRAAF","potentialAction":[{"@type":"SearchAction","target":{"@type":"EntryPoint","urlTemplate":"https:\/\/www.vangraaf.com\/pl\/?s={search_term_string}"},"query-input":{"@type":"PropertyValueSpecification","valueRequired":true,"valueName":"search_term_string"}}],"inLanguage":"pl-PL"}]}},"_links":{"self":[{"href":"https:\/\/www.vangraaf.com\/pl\/wp-json\/wp\/v2\/pages\/14","targetHints":{"allow":["GET"]}}],"collection":[{"href":"https:\/\/www.vangraaf.com\/pl\/wp-json\/wp\/v2\/pages"}],"about":[{"href":"https:\/\/www.vangraaf.com\/pl\/wp-json\/wp\/v2\/types\/page"}],"author":[{"embeddable":true,"href":"https:\/\/www.vangraaf.com\/pl\/wp-json\/wp\/v2\/users\/6"}],"replies":[{"embeddable":true,"href":"https:\/\/www.vangraaf.com\/pl\/wp-json\/wp\/v2\/comments?post=14"}],"version-history":[{"count":15,"href":"https:\/\/www.vangraaf.com\/pl\/wp-json\/wp\/v2\/pages\/14\/revisions"}],"predecessor-version":[{"id":1129,"href":"https:\/\/www.vangraaf.com\/pl\/wp-json\/wp\/v2\/pages\/14\/revisions\/1129"}],"up":[{"embeddable":true,"href":"https:\/\/www.vangraaf.com\/pl\/wp-json\/wp\/v2\/pages\/10"}],"wp:attachment":[{"href":"https:\/\/www.vangraaf.com\/pl\/wp-json\/wp\/v2\/media?parent=14"}],"curies":[{"name":"wp","href":"https:\/\/api.w.org\/{rel}","templated":true}]}}