{"id":1082,"date":"2023-01-30T11:49:17","date_gmt":"2023-01-30T10:49:17","guid":{"rendered":"https:\/\/www.vangraaf.com\/pl\/?page_id=1082"},"modified":"2023-04-21T14:58:38","modified_gmt":"2023-04-21T12:58:38","slug":"recycling","status":"publish","type":"page","link":"https:\/\/www.vangraaf.com\/pl\/przedsiebiorstwo\/zrownowazony-rozwoj\/recycling\/","title":{"rendered":"Recycling"},"content":{"rendered":"<div class=\"wpb-content-wrapper\">[vc_row bwd_tbc4vd_show_weekday=&#8221;&#8221; full_width=&#8221;stretch_row_content_no_spaces&#8221;][vc_column]<div class=\"keyvisual\" data-aos=\"fade-up\" ><img loading=\"lazy\" decoding=\"async\" width=\"1440\" height=\"515\" src=\"https:\/\/www.vangraaf.com\/pl\/wp-content\/uploads\/sites\/10\/2023\/01\/PL_Slider_Recycling-1440x515.jpg\" class=\"vc_single_image-img\" alt=\"\" srcset=\"https:\/\/www.vangraaf.com\/pl\/wp-content\/uploads\/sites\/10\/2023\/01\/PL_Slider_Recycling-1440x515.jpg 1440w, https:\/\/www.vangraaf.com\/pl\/wp-content\/uploads\/sites\/10\/2023\/01\/PL_Slider_Recycling-300x107.jpg 300w, https:\/\/www.vangraaf.com\/pl\/wp-content\/uploads\/sites\/10\/2023\/01\/PL_Slider_Recycling-1024x366.jpg 1024w, https:\/\/www.vangraaf.com\/pl\/wp-content\/uploads\/sites\/10\/2023\/01\/PL_Slider_Recycling-768x275.jpg 768w, https:\/\/www.vangraaf.com\/pl\/wp-content\/uploads\/sites\/10\/2023\/01\/PL_Slider_Recycling-1536x549.jpg 1536w, https:\/\/www.vangraaf.com\/pl\/wp-content\/uploads\/sites\/10\/2023\/01\/PL_Slider_Recycling-1200x429.jpg 1200w, https:\/\/www.vangraaf.com\/pl\/wp-content\/uploads\/sites\/10\/2023\/01\/PL_Slider_Recycling-992x355.jpg 992w, https:\/\/www.vangraaf.com\/pl\/wp-content\/uploads\/sites\/10\/2023\/01\/PL_Slider_Recycling-480x172.jpg 480w, https:\/\/www.vangraaf.com\/pl\/wp-content\/uploads\/sites\/10\/2023\/01\/PL_Slider_Recycling-690x247.jpg 690w, https:\/\/www.vangraaf.com\/pl\/wp-content\/uploads\/sites\/10\/2023\/01\/PL_Slider_Recycling.jpg 2048w\" sizes=\"(max-width: 1440px) 100vw, 1440px\" \/><\/div>\n        <div class=\"headlines headlines--center\" data-aos=\"fade-up\">\n            <div class=\"vc_row\">\n                <div class=\"vc_col-md-10 vc_col-md-offset-1 vc_col-lg-10 vc_col-lg-offset-1\"><h1 class=\"h2\">Dzi\u0119ki ofiarowanej odzie\u017cy otrzymasz bon<\/h1><\/div>\n            <\/div>\n        <\/div>[vc_column_text]Klientki i klienci cz\u0119sto posiadaj\u0105 odzie\u017c, kt\u00f3rej same\/sami ju\u017c nie nosz\u0105 , a kt\u00f3rej jednocze\u015bnie nie chc\u0105 wyrzuca\u0107. W naszych sklepach VAN GRAAF w \u0141odzi, Katowicach i Poznaniu (Stary Browar) masz mo\u017cliwo\u015b\u0107 przekazania tej odzie\u017cy w ramach us\u0142ugi I:Collect. Jako podzi\u0119kowanie otrzymasz od nas bon, kt\u00f3ry mo\u017cesz wykorzysta\u0107 przy zakupie kolejnego artyku\u0142u. Przekazan\u0105 odzie\u017c\u0105 i jej odpowiednim zagospodarowaniem zajmie si\u0119 nasz partner I:Collect, kt\u00f3ry udost\u0119pni je innym punktom sprzeda\u017cy, przeka\u017ce w formie darowizny lub odda do recyklingu.[\/vc_column_text][\/vc_column][\/vc_row][vc_row][vc_column][vc_column_text]\r\n<h3 style=\"text-align: center\">Bon za dobry uczynek &#8211;\r\nJak to zrobi\u0107? To bardzo proste:<\/h3>\r\n[\/vc_column_text][vc_row_inner][vc_column_inner width=&#8221;1\/4&#8243;]<div class=\"vg-element cta-teaser cta-teaser--center\" data-aos=\"fade-up\"><div class=\"cta-teaser__text\"><h3>1.<\/h3><p>Przynie\u015b wybran\u0105 odzie\u017c w zamkni\u0119tej torbie.<\/p><\/div><\/div>[\/vc_column_inner][vc_column_inner width=&#8221;1\/4&#8243;]<div class=\"vg-element cta-teaser cta-teaser--center\" data-aos=\"fade-up\"><div class=\"cta-teaser__text\"><h3>2.<\/h3><p>Zg\u0142o\u015b si\u0119 do kogo\u015b z personelu VAN GRAAF.<\/p><\/div><\/div>[\/vc_column_inner][vc_column_inner width=&#8221;1\/4&#8243;]<div class=\"vg-element cta-teaser cta-teaser--center\" data-aos=\"fade-up\"><div class=\"cta-teaser__text\"><h3>3.<\/h3><p>Wrzu\u0107 torb\u0119 do pojemnika.<\/p><\/div><\/div>[\/vc_column_inner][vc_column_inner width=&#8221;1\/4&#8243;]<div class=\"vg-element cta-teaser cta-teaser--center\" data-aos=\"fade-up\"><div class=\"cta-teaser__text\"><h3>4.<\/h3><p>Odbierz bon z 10% rabatem i od razu go wykorzystaj.<\/p><\/div><\/div>[\/vc_column_inner][\/vc_row_inner][\/vc_column][\/vc_row][vc_row][vc_column][vc_column_text]\r\n<h3>The Circle of Fashion<\/h3>\r\nZmniejszanie ilo\u015bci odpad\u00f3w, recykling materia\u0142\u00f3w to oszcz\u0119dzanie naturalnych zasob\u00f3w i ochrona \u015brodowiska.\r\n\r\nOddaj stare ubrania w sklepach VAN GRAAF w \u0141odzi, Katowicach i Poznaniu (Stary Browar), a otrzymasz bon z 10% rabatem na nowy artyku\u0142.\r\n\r\nBon jest wa\u017cny na jednorazowe zakupy w VAN GRAAF i nie mo\u017cna go przekazywa\u0107. Nie mo\u017ce by\u0107 realizowany w po\u0142\u0105czeniu z innymi bonami promocyjnymi. Wyp\u0142ata w got\u00f3wce oraz zakup karty podarunkowej s\u0105 wykluczone.\r\n[\/vc_column_text][\/vc_column][\/vc_row][vc_row bwd_tbc4vd_show_weekday=&#8221;&#8221; full_width=&#8221;stretch_row_content_no_spaces&#8221;][vc_column][vc_row_inner bwd_tbc4vd_show_weekday=&#8221;&#8221; row_design=&#8221;row_square_background&#8221;][vc_column_inner width=&#8221;1\/3&#8243;]<div class=\"vg-element cta-teaser cta-teaser--center\" data-aos=\"fade-up\"><div class=\"cta-teaser__image\"><a class=\"\" href=\"https:\/\/www.vangraaf.com\/pl\/przedsiebiorstwo\/zrownowazony-rozwoj\/produkt\/\" target=\"_self\" rel=\"\" style=\"\"><img loading=\"lazy\" decoding=\"async\" width=\"378\" height=\"252\" src=\"https:\/\/www.vangraaf.com\/pl\/wp-content\/uploads\/sites\/10\/2021\/05\/UnsereProdukte_CTA_teaser_Seitenabschluss.jpg\" class=\"vc_single_image-img attachment-full\" alt=\"Osoba trzymaj\u0105ca stos z\u0142o\u017conych jeans\u00f3w w r\u00f3\u017cnych odcieniach niebieskiego.\" title=\"UnsereProdukte_CTA_teaser_Seitenabschluss\" srcset=\"https:\/\/www.vangraaf.com\/pl\/wp-content\/uploads\/sites\/10\/2021\/05\/UnsereProdukte_CTA_teaser_Seitenabschluss.jpg 378w, https:\/\/www.vangraaf.com\/pl\/wp-content\/uploads\/sites\/10\/2021\/05\/UnsereProdukte_CTA_teaser_Seitenabschluss-300x200.jpg 300w\" sizes=\"(max-width: 378px) 100vw, 378px\" \/><\/a><\/div><div class=\"cta-teaser__text\"><h3>Produkt<\/h3><p>Nasza produkcja i dzia\u0142ania maj\u0105 wp\u0142yw na ludzi \u017cyj\u0105cych wok\u00f3\u0142 nas oraz na nasz\u0105 planet\u0119.<\/p><a class=\"button\" href=\"https:\/\/www.vangraaf.com\/pl\/przedsiebiorstwo\/zrownowazony-rozwoj\/produkt\/\" target=\"_self\" rel=\"\" style=\"\">Wi\u0119cej informacji<\/a><\/div><\/div>[\/vc_column_inner][vc_column_inner width=&#8221;1\/3&#8243;]<div class=\"vg-element cta-teaser cta-teaser--center\" data-aos=\"fade-up\"><div class=\"cta-teaser__image\"><a class=\"\" href=\"https:\/\/www.vangraaf.com\/pl\/przedsiebiorstwo\/zrownowazony-rozwoj\/srodowisko-naturalne\/\" target=\"_self\" rel=\"\" style=\"\"><img loading=\"lazy\" decoding=\"async\" width=\"378\" height=\"252\" src=\"https:\/\/www.vangraaf.com\/pl\/wp-content\/uploads\/sites\/10\/2022\/08\/Umwelt.jpg\" class=\"vc_single_image-img attachment-full\" alt=\"\" title=\"Umwelt\" srcset=\"https:\/\/www.vangraaf.com\/pl\/wp-content\/uploads\/sites\/10\/2022\/08\/Umwelt.jpg 378w, https:\/\/www.vangraaf.com\/pl\/wp-content\/uploads\/sites\/10\/2022\/08\/Umwelt-300x200.jpg 300w\" sizes=\"(max-width: 378px) 100vw, 378px\" \/><\/a><\/div><div class=\"cta-teaser__text\"><h3>\u015arodowisko naturalne<\/h3><p>Wszyscy jeste\u015bmy cz\u0119\u015bci\u0105 natury, a oddzia\u0142ywaj\u0105c na klimat mamy wp\u0142yw na nasz\u0105 planet\u0119.<\/p><a class=\"button\" href=\"https:\/\/www.vangraaf.com\/pl\/przedsiebiorstwo\/zrownowazony-rozwoj\/srodowisko-naturalne\/\" target=\"_self\" rel=\"\" style=\"\">Wi\u0119cej informacji<\/a><\/div><\/div>[\/vc_column_inner][vc_column_inner width=&#8221;1\/3&#8243;]<div class=\"vg-element cta-teaser cta-teaser--center\" data-aos=\"fade-up\"><div class=\"cta-teaser__image\"><a class=\"\" href=\"https:\/\/www.vangraaf.com\/pl\/przedsiebiorstwo\/zrownowazony-rozwoj\/czlowiek\/\" target=\"_self\" rel=\"\" style=\"\"><img loading=\"lazy\" decoding=\"async\" width=\"378\" height=\"252\" src=\"https:\/\/www.vangraaf.com\/pl\/wp-content\/uploads\/sites\/10\/2022\/08\/Mensch.jpg\" class=\"vc_single_image-img attachment-full\" alt=\"\" title=\"Mensch\" srcset=\"https:\/\/www.vangraaf.com\/pl\/wp-content\/uploads\/sites\/10\/2022\/08\/Mensch.jpg 378w, https:\/\/www.vangraaf.com\/pl\/wp-content\/uploads\/sites\/10\/2022\/08\/Mensch-300x200.jpg 300w\" sizes=\"(max-width: 378px) 100vw, 378px\" \/><\/a><\/div><div class=\"cta-teaser__text\"><h3>Cz\u0142owiek<\/h3><p>VAN GRAAF to rodzinna firma z tradycjami; dzia\u0142amy globalnie i etyczny spos\u00f3b post\u0119powania jest dla nas wa\u017cny.<\/p><a class=\"button\" href=\"https:\/\/www.vangraaf.com\/pl\/przedsiebiorstwo\/zrownowazony-rozwoj\/czlowiek\/\" target=\"_self\" rel=\"\" style=\"\">Wi\u0119cej informacji<\/a><\/div><\/div>[\/vc_column_inner][\/vc_row_inner][\/vc_column][\/vc_row]<\/div>","protected":false},"excerpt":{"rendered":"[vc_row bwd_tbc4vd_show_weekday=&#8221;&#8221; full_width=&#8221;stretch_row_content_no_spaces&#8221;][vc_column][vc_column_text]Klientki i klienci cz\u0119sto posiadaj\u0105 odzie\u017c, kt\u00f3rej same\/sami ju\u017c nie nosz\u0105 , a kt\u00f3rej jednocze\u015bnie nie chc\u0105 wyrzuca\u0107. W naszych sklepach VAN GRAAF w \u0141odzi, Katowicach i Poznaniu (Stary Browar) masz mo\u017cliwo\u015b\u0107 przekazania tej odzie\u017cy w ramach us\u0142ugi I:Collect. Jako podzi\u0119kowanie otrzymasz od nas bon, kt\u00f3ry mo\u017cesz wykorzysta\u0107 przy zakupie kolejnego artyku\u0142u. Przekazan\u0105 [&hellip;]","protected":false},"author":6,"featured_media":0,"parent":308,"menu_order":0,"comment_status":"closed","ping_status":"closed","template":"","meta":{"_acf_changed":false,"inline_featured_image":false,"footnotes":""},"class_list":["post-1082","page","type-page","status-publish","hentry"],"acf":[],"yoast_head":"<!-- This site is optimized with the Yoast SEO plugin v27.2 - https:\/\/yoast.com\/product\/yoast-seo-wordpress\/ -->\n<title>Recycling - VAN GRAAF<\/title>\n<meta name=\"robots\" content=\"index, follow, max-snippet:-1, max-image-preview:large, max-video-preview:-1\" \/>\n<link rel=\"canonical\" href=\"https:\/\/www.vangraaf.com\/pl\/przedsiebiorstwo\/zrownowazony-rozwoj\/recycling\/\" \/>\n<meta property=\"og:locale\" content=\"pl_PL\" \/>\n<meta property=\"og:type\" content=\"article\" \/>\n<meta property=\"og:title\" content=\"Recycling - VAN GRAAF\" \/>\n<meta property=\"og:description\" content=\"[vc_row bwd_tbc4vd_show_weekday=&#8221;&#8221; full_width=&#8221;stretch_row_content_no_spaces&#8221;][vc_column][vc_column_text]Klientki i klienci cz\u0119sto posiadaj\u0105 odzie\u017c, kt\u00f3rej same\/sami ju\u017c nie nosz\u0105 , a kt\u00f3rej jednocze\u015bnie nie chc\u0105 wyrzuca\u0107. W naszych sklepach VAN GRAAF w \u0141odzi, Katowicach i Poznaniu (Stary Browar) masz mo\u017cliwo\u015b\u0107 przekazania tej odzie\u017cy w ramach us\u0142ugi I:Collect. Jako podzi\u0119kowanie otrzymasz od nas bon, kt\u00f3ry mo\u017cesz wykorzysta\u0107 przy zakupie kolejnego artyku\u0142u. Przekazan\u0105 [&hellip;]\" \/>\n<meta property=\"og:url\" content=\"https:\/\/www.vangraaf.com\/pl\/przedsiebiorstwo\/zrownowazony-rozwoj\/recycling\/\" \/>\n<meta property=\"og:site_name\" content=\"VAN GRAAF Polska\" \/>\n<meta property=\"article:modified_time\" content=\"2023-04-21T12:58:38+00:00\" \/>\n<meta name=\"twitter:card\" content=\"summary_large_image\" \/>\n<meta name=\"twitter:label1\" content=\"Szacowany czas czytania\" \/>\n\t<meta name=\"twitter:data1\" content=\"2 minuty\" \/>\n<script type=\"application\/ld+json\" class=\"yoast-schema-graph\">{\"@context\":\"https:\/\/schema.org\",\"@graph\":[{\"@type\":\"WebPage\",\"@id\":\"https:\/\/www.vangraaf.com\/pl\/przedsiebiorstwo\/zrownowazony-rozwoj\/recycling\/\",\"url\":\"https:\/\/www.vangraaf.com\/pl\/przedsiebiorstwo\/zrownowazony-rozwoj\/recycling\/\",\"name\":\"Recycling - VAN GRAAF\",\"isPartOf\":{\"@id\":\"https:\/\/www.vangraaf.com\/pl\/#website\"},\"datePublished\":\"2023-01-30T10:49:17+00:00\",\"dateModified\":\"2023-04-21T12:58:38+00:00\",\"breadcrumb\":{\"@id\":\"https:\/\/www.vangraaf.com\/pl\/przedsiebiorstwo\/zrownowazony-rozwoj\/recycling\/#breadcrumb\"},\"inLanguage\":\"pl-PL\",\"potentialAction\":[{\"@type\":\"ReadAction\",\"target\":[\"https:\/\/www.vangraaf.com\/pl\/przedsiebiorstwo\/zrownowazony-rozwoj\/recycling\/\"]}]},{\"@type\":\"BreadcrumbList\",\"@id\":\"https:\/\/www.vangraaf.com\/pl\/przedsiebiorstwo\/zrownowazony-rozwoj\/recycling\/#breadcrumb\",\"itemListElement\":[{\"@type\":\"ListItem\",\"position\":1,\"name\":\"Startseite\",\"item\":\"https:\/\/www.vangraaf.com\/pl\/\"},{\"@type\":\"ListItem\",\"position\":2,\"name\":\"Przedsi\u0119biorstwo\",\"item\":\"https:\/\/www.vangraaf.com\/pl\/przedsiebiorstwo\/\"},{\"@type\":\"ListItem\",\"position\":3,\"name\":\"Zr\u00f3wnowa\u017cony rozw\u00f3j\",\"item\":\"https:\/\/www.vangraaf.com\/pl\/przedsiebiorstwo\/zrownowazony-rozwoj\/\"},{\"@type\":\"ListItem\",\"position\":4,\"name\":\"Recycling\"}]},{\"@type\":\"WebSite\",\"@id\":\"https:\/\/www.vangraaf.com\/pl\/#website\",\"url\":\"https:\/\/www.vangraaf.com\/pl\/\",\"name\":\"VAN GRAAF\",\"description\":\"VAN GRAAF\",\"potentialAction\":[{\"@type\":\"SearchAction\",\"target\":{\"@type\":\"EntryPoint\",\"urlTemplate\":\"https:\/\/www.vangraaf.com\/pl\/?s={search_term_string}\"},\"query-input\":{\"@type\":\"PropertyValueSpecification\",\"valueRequired\":true,\"valueName\":\"search_term_string\"}}],\"inLanguage\":\"pl-PL\"}]}<\/script>\n<!-- \/ Yoast SEO plugin. -->","yoast_head_json":{"title":"Recycling - VAN GRAAF","robots":{"index":"index","follow":"follow","max-snippet":"max-snippet:-1","max-image-preview":"max-image-preview:large","max-video-preview":"max-video-preview:-1"},"canonical":"https:\/\/www.vangraaf.com\/pl\/przedsiebiorstwo\/zrownowazony-rozwoj\/recycling\/","og_locale":"pl_PL","og_type":"article","og_title":"Recycling - VAN GRAAF","og_description":"[vc_row bwd_tbc4vd_show_weekday=&#8221;&#8221; full_width=&#8221;stretch_row_content_no_spaces&#8221;][vc_column][vc_column_text]Klientki i klienci cz\u0119sto posiadaj\u0105 odzie\u017c, kt\u00f3rej same\/sami ju\u017c nie nosz\u0105 , a kt\u00f3rej jednocze\u015bnie nie chc\u0105 wyrzuca\u0107. W naszych sklepach VAN GRAAF w \u0141odzi, Katowicach i Poznaniu (Stary Browar) masz mo\u017cliwo\u015b\u0107 przekazania tej odzie\u017cy w ramach us\u0142ugi I:Collect. Jako podzi\u0119kowanie otrzymasz od nas bon, kt\u00f3ry mo\u017cesz wykorzysta\u0107 przy zakupie kolejnego artyku\u0142u. Przekazan\u0105 [&hellip;]","og_url":"https:\/\/www.vangraaf.com\/pl\/przedsiebiorstwo\/zrownowazony-rozwoj\/recycling\/","og_site_name":"VAN GRAAF Polska","article_modified_time":"2023-04-21T12:58:38+00:00","twitter_card":"summary_large_image","twitter_misc":{"Szacowany czas czytania":"2 minuty"},"schema":{"@context":"https:\/\/schema.org","@graph":[{"@type":"WebPage","@id":"https:\/\/www.vangraaf.com\/pl\/przedsiebiorstwo\/zrownowazony-rozwoj\/recycling\/","url":"https:\/\/www.vangraaf.com\/pl\/przedsiebiorstwo\/zrownowazony-rozwoj\/recycling\/","name":"Recycling - VAN GRAAF","isPartOf":{"@id":"https:\/\/www.vangraaf.com\/pl\/#website"},"datePublished":"2023-01-30T10:49:17+00:00","dateModified":"2023-04-21T12:58:38+00:00","breadcrumb":{"@id":"https:\/\/www.vangraaf.com\/pl\/przedsiebiorstwo\/zrownowazony-rozwoj\/recycling\/#breadcrumb"},"inLanguage":"pl-PL","potentialAction":[{"@type":"ReadAction","target":["https:\/\/www.vangraaf.com\/pl\/przedsiebiorstwo\/zrownowazony-rozwoj\/recycling\/"]}]},{"@type":"BreadcrumbList","@id":"https:\/\/www.vangraaf.com\/pl\/przedsiebiorstwo\/zrownowazony-rozwoj\/recycling\/#breadcrumb","itemListElement":[{"@type":"ListItem","position":1,"name":"Startseite","item":"https:\/\/www.vangraaf.com\/pl\/"},{"@type":"ListItem","position":2,"name":"Przedsi\u0119biorstwo","item":"https:\/\/www.vangraaf.com\/pl\/przedsiebiorstwo\/"},{"@type":"ListItem","position":3,"name":"Zr\u00f3wnowa\u017cony rozw\u00f3j","item":"https:\/\/www.vangraaf.com\/pl\/przedsiebiorstwo\/zrownowazony-rozwoj\/"},{"@type":"ListItem","position":4,"name":"Recycling"}]},{"@type":"WebSite","@id":"https:\/\/www.vangraaf.com\/pl\/#website","url":"https:\/\/www.vangraaf.com\/pl\/","name":"VAN GRAAF","description":"VAN GRAAF","potentialAction":[{"@type":"SearchAction","target":{"@type":"EntryPoint","urlTemplate":"https:\/\/www.vangraaf.com\/pl\/?s={search_term_string}"},"query-input":{"@type":"PropertyValueSpecification","valueRequired":true,"valueName":"search_term_string"}}],"inLanguage":"pl-PL"}]}},"_links":{"self":[{"href":"https:\/\/www.vangraaf.com\/pl\/wp-json\/wp\/v2\/pages\/1082","targetHints":{"allow":["GET"]}}],"collection":[{"href":"https:\/\/www.vangraaf.com\/pl\/wp-json\/wp\/v2\/pages"}],"about":[{"href":"https:\/\/www.vangraaf.com\/pl\/wp-json\/wp\/v2\/types\/page"}],"author":[{"embeddable":true,"href":"https:\/\/www.vangraaf.com\/pl\/wp-json\/wp\/v2\/users\/6"}],"replies":[{"embeddable":true,"href":"https:\/\/www.vangraaf.com\/pl\/wp-json\/wp\/v2\/comments?post=1082"}],"version-history":[{"count":9,"href":"https:\/\/www.vangraaf.com\/pl\/wp-json\/wp\/v2\/pages\/1082\/revisions"}],"predecessor-version":[{"id":1161,"href":"https:\/\/www.vangraaf.com\/pl\/wp-json\/wp\/v2\/pages\/1082\/revisions\/1161"}],"up":[{"embeddable":true,"href":"https:\/\/www.vangraaf.com\/pl\/wp-json\/wp\/v2\/pages\/308"}],"wp:attachment":[{"href":"https:\/\/www.vangraaf.com\/pl\/wp-json\/wp\/v2\/media?parent=1082"}],"curies":[{"name":"wp","href":"https:\/\/api.w.org\/{rel}","templated":true}]}}