{"id":10,"date":"2020-12-15T09:36:35","date_gmt":"2020-12-15T08:36:35","guid":{"rendered":"https:\/\/van-graaf-live.pluspol-networks.de\/pl\/?page_id=10"},"modified":"2026-02-02T13:53:30","modified_gmt":"2026-02-02T12:53:30","slug":"grupa-przedsiebiorstw","status":"publish","type":"page","link":"https:\/\/www.vangraaf.com\/pl\/przedsiebiorstwo\/grupa-przedsiebiorstw\/","title":{"rendered":"Grupa przedsi\u0119biorstw"},"content":{"rendered":"<div class=\"wpb-content-wrapper\">[vc_row bwd_tbc4vd_show_weekday=&#8221;&#8221; full_width=&#8221;stretch_row_content_no_spaces&#8221;][vc_column]<div class=\"keyvisual\" data-aos=\"fade-up\" ><img loading=\"lazy\" decoding=\"async\" width=\"1440\" height=\"480\" src=\"https:\/\/www.vangraaf.com\/pl\/wp-content\/uploads\/sites\/10\/2020\/12\/Unternehmen_Unternehmensgruppe_VG_Banner_WP.jpg\" class=\"vc_single_image-img\" alt=\"\" srcset=\"https:\/\/www.vangraaf.com\/pl\/wp-content\/uploads\/sites\/10\/2020\/12\/Unternehmen_Unternehmensgruppe_VG_Banner_WP.jpg 1440w, https:\/\/www.vangraaf.com\/pl\/wp-content\/uploads\/sites\/10\/2020\/12\/Unternehmen_Unternehmensgruppe_VG_Banner_WP-300x100.jpg 300w, https:\/\/www.vangraaf.com\/pl\/wp-content\/uploads\/sites\/10\/2020\/12\/Unternehmen_Unternehmensgruppe_VG_Banner_WP-1024x341.jpg 1024w, https:\/\/www.vangraaf.com\/pl\/wp-content\/uploads\/sites\/10\/2020\/12\/Unternehmen_Unternehmensgruppe_VG_Banner_WP-768x256.jpg 768w, https:\/\/www.vangraaf.com\/pl\/wp-content\/uploads\/sites\/10\/2020\/12\/Unternehmen_Unternehmensgruppe_VG_Banner_WP-1200x400.jpg 1200w, https:\/\/www.vangraaf.com\/pl\/wp-content\/uploads\/sites\/10\/2020\/12\/Unternehmen_Unternehmensgruppe_VG_Banner_WP-992x331.jpg 992w, https:\/\/www.vangraaf.com\/pl\/wp-content\/uploads\/sites\/10\/2020\/12\/Unternehmen_Unternehmensgruppe_VG_Banner_WP-480x160.jpg 480w\" sizes=\"(max-width: 1440px) 100vw, 1440px\" \/><\/div>\n        <div class=\"headlines headlines--center\" data-aos=\"fade-up\">\n            <div class=\"vc_row\">\n                <div class=\"vc_col-md-10 vc_col-md-offset-1 vc_col-lg-10 vc_col-lg-offset-1\"><span class=\"h6\">VAN GRAAF<\/span><h1 class=\"h2\">Grupa przedsi\u0119biorstw<\/h1><\/div>\n            <\/div>\n        <\/div>[vc_column_text]\r\n<p style=\"text-align: center\">VAN GRAAF jest jedn\u0105 z wiod\u0105cych firm odzie\u017cowych w Europie, znan\u0105 ze swoich wysokich kompetencji w dziedzinie mody i wyj\u0105tkowego wyczucia stylu. Od wysokiej jako\u015bci kolekcji basic przez wyj\u0105tkowe kreacje znanych projektant\u00f3w <span class=\"nobr\">do modnych<\/span> propozycji m\u0142odzie\u017cowych &#8211; jako specjalista w dziedzinie mody VAN GRAAF oferuje jako\u015b\u0107, r\u00f3\u017cnorodno\u015b\u0107 <span class=\"nobr\">i rzetelny<\/span> know-how, a wszystko &#8211; pod jednym dachem.<\/p>\r\n[\/vc_column_text][\/vc_column][\/vc_row][vc_row][vc_column]\n        <div class=\"headlines headlines--center\" data-aos=\"fade-up\">\n            <div class=\"vc_row\">\n                <div class=\"vc_col-md-10 vc_col-md-offset-1 vc_col-lg-10 vc_col-lg-offset-1\"><span class=\"h6\">VAN GRAAF<\/span><h2 class=\"h2\">W Europie, w domu<\/h2><\/div>\n            <\/div>\n        <\/div>[vc_column_text]Pod egid\u0105 <span class=\"nobr\">Peek&amp;Cloppenburg KG Hamburg<\/span> w 2001 roku zosta\u0142 otwarty pierwszy Dom Mody <span class=\"nobr\">VAN GRAAF<\/span> we Wroc\u0142awiu. <span class=\"nobr\">VAN GRAAF<\/span> od pocz\u0105tku charakteryzowa\u0142 si\u0119 du\u017c\u0105 elastyczno\u015bci\u0105 i zrozumieniem bie\u017c\u0105cych potrzeb klientek i klient\u00f3w. <span class=\"nobr\">W ci\u0105gu<\/span> zaledwie kilku lat marka z powodzeniem zago\u015bci\u0142a w wielu miastach Europy. Obecnie przedsi\u0119biorstwo jest reprezentowane przez 17 Dom\u00f3w Mody VAN GRAAF zlokalizowanych w Polsce, Szwajcarii, na W\u0119grzech <span class=\"nobr\">i \u0141otwie.<\/span> G\u0142\u00f3wna siedziba <span class=\"nobr\">VAN GRAAF<\/span> GmbH &amp; Co KG mie\u015bci si\u0119 w Wiedniu.\r\n\r\n<span class=\"nobr\">VAN GRAAF<\/span> jako wszechstronny multibrand opr\u00f3cz sklep\u00f3w stacjonarnych posiada w Niemczech i w Polsce sklepy internetowe<span class=\"nobr\"> VANGRAF.COM.<\/span>\r\n\r\n<span class=\"nobr\">VAN GRAAF <\/span>ma w swojej ofercie wysokiej jako\u015bci kolekcje basic oraz ubrania i dodatki znanych mi\u0119dzynarodowych marek, zar\u00f3wno dla kobiet jak i dla m\u0119\u017cczyzn.\r\nWe wszystkich Domach Mody, a zw\u0142aszcza w najwi\u0119kszym, flagowym <span class=\"nobr\">w Pradze,<\/span> <span class=\"nobr\">VAN GRAAF<\/span> oferuje artyku\u0142y blisko 200 marek znanych ze \u015bwiata mody.[\/vc_column_text][\/vc_column][\/vc_row][vc_row bwd_tbc4vd_show_weekday=&#8221;&#8221; full_width=&#8221;stretch_row_content_no_spaces&#8221;][vc_column]\n        <div class=\"headlines headlines--center\" data-aos=\"fade-up\">\n            <div class=\"vc_row\">\n                <div class=\"vc_col-md-10 vc_col-md-offset-1 vc_col-lg-10 vc_col-lg-offset-1\"><h2 class=\"h2\">Sklep internetowy VANGRAAF.COM<\/h2><\/div>\n            <\/div>\n        <\/div><div class=\"vice-versa-teaser vice-versa-teaser--dark\" style=\"--season-color: #ededed\" data-aos=\"fade-up\"><div class=\"vice-versa-teaser__inner\">\n                        <div class=\"content_wrap\"><div class=\"vg-element vice-versa-teaser__item vice-versa-teaser__item--left\"><div class=\"vc_row vc_row-flex\"><div class=\"vc_col-xs-12 vc_col-sm-6\"><div class=\"vice-versa-teaser__item__image-wrap\"><a class=\"\" href=\"https:\/\/www.vangraaf.com\/de\/\" target=\"_blank\" rel=\"\" style=\"\"><img loading=\"lazy\" decoding=\"async\" width=\"544\" height=\"711\" src=\"https:\/\/www.vangraaf.com\/pl\/wp-content\/uploads\/sites\/10\/2020\/12\/DE_Unternehmen_Online_Shop_ViceVersa_WP.jpg\" class=\"attachment-van-graaf-vice-versa-teaser size-van-graaf-vice-versa-teaser\" alt=\"\" srcset=\"https:\/\/www.vangraaf.com\/pl\/wp-content\/uploads\/sites\/10\/2020\/12\/DE_Unternehmen_Online_Shop_ViceVersa_WP.jpg 544w, https:\/\/www.vangraaf.com\/pl\/wp-content\/uploads\/sites\/10\/2020\/12\/DE_Unternehmen_Online_Shop_ViceVersa_WP-230x300.jpg 230w, https:\/\/www.vangraaf.com\/pl\/wp-content\/uploads\/sites\/10\/2020\/12\/DE_Unternehmen_Online_Shop_ViceVersa_WP-480x627.jpg 480w\" sizes=\"(max-width: 544px) 100vw, 544px\" \/><\/a><\/div><\/div><div class=\"vice-versa-teaser__item__content-wrap vc_col-xs-12 vc_col-sm-6 vc_col-md-4 vc_col-md-offset-1\"><div class=\"vice-versa-teaser__item__content\"><p>VAN GRAAF rozpocz\u0105\u0142 swoj\u0105 dzia\u0142alno\u015b\u0107 online od otwarcia w 2012 roku <span class=\"nobr\">w Niemczech<\/span> pierwszego sklepu internetowego VANGRAAF.COM. <span class=\"nobr\">Od wej\u015bcia na polski rynek<\/span> <span class=\"nobr\">przedsi\u0119biorstwo od pocz\u0105tku postawi\u0142o<\/span> <span class=\"nobr\">na perspektywiczne po\u0142\u0105czenie tradycyjnego<\/span> kana\u0142u sprzeda\u017cy z internetowym. <\/p><a class=\"button button--dark\" href=\"https:\/\/www.vangraaf.com\/de\/\" target=\"_blank\" rel=\"\" style=\"\">Wi\u0119cej informacji<\/a><\/div><\/div><\/div><\/div><div class=\"vg-element vice-versa-teaser__item vice-versa-teaser__item--right\"><div class=\"vc_row vc_row-flex\"><div class=\"vc_col-xs-12 vc_col-sm-6 vc_col-sm-push-6\"><div class=\"vice-versa-teaser__item__image-wrap\"><a class=\"\" href=\"https:\/\/www.vangraaf.com\/pl\/\" target=\"_blank\" rel=\"\" style=\"\"><img loading=\"lazy\" decoding=\"async\" width=\"544\" height=\"711\" src=\"https:\/\/www.vangraaf.com\/pl\/wp-content\/uploads\/sites\/10\/2020\/12\/PL_Unternehmen_Online_Shop_ViceVersa_WP.jpg\" class=\"attachment-van-graaf-vice-versa-teaser size-van-graaf-vice-versa-teaser\" alt=\"\" srcset=\"https:\/\/www.vangraaf.com\/pl\/wp-content\/uploads\/sites\/10\/2020\/12\/PL_Unternehmen_Online_Shop_ViceVersa_WP.jpg 544w, https:\/\/www.vangraaf.com\/pl\/wp-content\/uploads\/sites\/10\/2020\/12\/PL_Unternehmen_Online_Shop_ViceVersa_WP-230x300.jpg 230w, https:\/\/www.vangraaf.com\/pl\/wp-content\/uploads\/sites\/10\/2020\/12\/PL_Unternehmen_Online_Shop_ViceVersa_WP-480x627.jpg 480w\" sizes=\"(max-width: 544px) 100vw, 544px\" \/><\/a><\/div><\/div><div class=\"vice-versa-teaser__item__content-wrap vc_col-xs-12 vc_col-sm-6 vc_col-md-4 vc_col-md-offset-1 vc_col-sm-pull-6\"><div class=\"vice-versa-teaser__item__content\"><p>Sklepy internetowe VAN GRAAF oferuj\u0105 blisko 200 modnych odzie\u017cowych marek dla kobiet <span class=\"nobr\">i m\u0119\u017cczyzn,<\/span> a tak\u017ce profesjonalne doradztwo wizerunkowe.<\/p><a class=\"button button--dark\" href=\"https:\/\/www.vangraaf.com\/pl\/\" target=\"_blank\" rel=\"\" style=\"\">Wi\u0119cej informacji<\/a><\/div><\/div><\/div><\/div><\/div><\/div><\/div>[\/vc_column][\/vc_row][vc_row][vc_column]\n        <div class=\"vg-element promo-teaser promo-teaser--  promo-teaser--\" style=\"--season-color: #ffffff;\" data-aos=\"fade-up\">\n            <div class=\"vc_row vc_row-flex\">\n                <div class=\"vc_col-sm-6 promo-teaser__image\">\n                    <img loading=\"lazy\" decoding=\"async\" width=\"599\" height=\"549\" src=\"https:\/\/www.vangraaf.com\/pl\/wp-content\/uploads\/sites\/10\/2020\/12\/Unternehmen_Fakten_Karriere_WP.jpg\" class=\"vc_single_image-img\" alt=\"\" srcset=\"https:\/\/www.vangraaf.com\/pl\/wp-content\/uploads\/sites\/10\/2020\/12\/Unternehmen_Fakten_Karriere_WP.jpg 599w, https:\/\/www.vangraaf.com\/pl\/wp-content\/uploads\/sites\/10\/2020\/12\/Unternehmen_Fakten_Karriere_WP-300x275.jpg 300w, https:\/\/www.vangraaf.com\/pl\/wp-content\/uploads\/sites\/10\/2020\/12\/Unternehmen_Fakten_Karriere_WP-480x440.jpg 480w\" sizes=\"(max-width: 599px) 100vw, 599px\" \/>\n                <\/div>\n                <div class=\"vc_col-sm-6\">\n                    <div class=\"promo-teaser__content-wrapper\">\n                        <div class=\"promo-teaser__content promo-teaser__content--center\"><h3>Kariera<\/h3><p style=\"text-align: center\">Zainteresowane i zainteresowani prac\u0105 w VAN GRAAF? Serdecznie zapraszamy do sk\u0142adania aplikacji!<\/p>\n<p style=\"text-align: center\"><a class=\"button\" href=\"https:\/\/www.vangraaf.com\/pl\/kariera\/\" target=\"_blank\" rel=\"noopener noreferrer\">Oferty pracy w VAN GRAAF<\/a><\/p>\n<\/div>\n                    <\/div>\n                <\/div>\n            <\/div>\n        <\/div>[\/vc_column][\/vc_row]<\/div>","protected":false},"excerpt":{"rendered":"[vc_row bwd_tbc4vd_show_weekday=&#8221;&#8221; full_width=&#8221;stretch_row_content_no_spaces&#8221;][vc_column][vc_column_text] VAN GRAAF jest jedn\u0105 z wiod\u0105cych firm odzie\u017cowych w Europie, znan\u0105 ze swoich wysokich kompetencji w dziedzinie mody i wyj\u0105tkowego wyczucia stylu. Od wysokiej jako\u015bci kolekcji basic przez wyj\u0105tkowe kreacje znanych projektant\u00f3w do modnych propozycji m\u0142odzie\u017cowych &#8211; jako specjalista w dziedzinie mody VAN GRAAF oferuje jako\u015b\u0107, r\u00f3\u017cnorodno\u015b\u0107 i rzetelny know-how, a wszystko [&hellip;]","protected":false},"author":6,"featured_media":0,"parent":6,"menu_order":0,"comment_status":"closed","ping_status":"closed","template":"","meta":{"_acf_changed":false,"inline_featured_image":false,"footnotes":""},"class_list":["post-10","page","type-page","status-publish","hentry"],"acf":[],"yoast_head":"<!-- This site is optimized with the Yoast SEO plugin v27.2 - https:\/\/yoast.com\/product\/yoast-seo-wordpress\/ -->\n<title>VAN GRAAF Polska - Grupa przedsi\u0119biorstw<\/title>\n<meta name=\"description\" content=\"VAN GRAAF jest jedn\u0105 z wiod\u0105cych firm odzie\u017cowych w Europie, znan\u0105 ze swoich wysokich kompetencji w dziedzinie mody i wyj\u0105tkowego wyczucia stylu.\" \/>\n<meta name=\"robots\" content=\"index, follow, max-snippet:-1, max-image-preview:large, max-video-preview:-1\" \/>\n<link rel=\"canonical\" href=\"https:\/\/www.vangraaf.com\/pl\/przedsiebiorstwo\/grupa-przedsiebiorstw\/\" \/>\n<meta property=\"og:locale\" content=\"pl_PL\" \/>\n<meta property=\"og:type\" content=\"article\" \/>\n<meta property=\"og:title\" content=\"VAN GRAAF Polska - Grupa przedsi\u0119biorstw\" \/>\n<meta property=\"og:description\" content=\"VAN GRAAF jest jedn\u0105 z wiod\u0105cych firm odzie\u017cowych w Europie, znan\u0105 ze swoich wysokich kompetencji w dziedzinie mody i wyj\u0105tkowego wyczucia stylu.\" \/>\n<meta property=\"og:url\" content=\"https:\/\/www.vangraaf.com\/pl\/przedsiebiorstwo\/grupa-przedsiebiorstw\/\" \/>\n<meta property=\"og:site_name\" content=\"VAN GRAAF Polska\" \/>\n<meta property=\"article:modified_time\" content=\"2026-02-02T12:53:30+00:00\" \/>\n<meta name=\"twitter:card\" content=\"summary_large_image\" \/>\n<meta name=\"twitter:label1\" content=\"Szacowany czas czytania\" \/>\n\t<meta name=\"twitter:data1\" content=\"2 minuty\" \/>\n<script type=\"application\/ld+json\" class=\"yoast-schema-graph\">{\"@context\":\"https:\/\/schema.org\",\"@graph\":[{\"@type\":\"WebPage\",\"@id\":\"https:\/\/www.vangraaf.com\/pl\/przedsiebiorstwo\/grupa-przedsiebiorstw\/\",\"url\":\"https:\/\/www.vangraaf.com\/pl\/przedsiebiorstwo\/grupa-przedsiebiorstw\/\",\"name\":\"VAN GRAAF Polska - Grupa przedsi\u0119biorstw\",\"isPartOf\":{\"@id\":\"https:\/\/www.vangraaf.com\/pl\/#website\"},\"datePublished\":\"2020-12-15T08:36:35+00:00\",\"dateModified\":\"2026-02-02T12:53:30+00:00\",\"description\":\"VAN GRAAF jest jedn\u0105 z wiod\u0105cych firm odzie\u017cowych w Europie, znan\u0105 ze swoich wysokich kompetencji w dziedzinie mody i wyj\u0105tkowego wyczucia stylu.\",\"breadcrumb\":{\"@id\":\"https:\/\/www.vangraaf.com\/pl\/przedsiebiorstwo\/grupa-przedsiebiorstw\/#breadcrumb\"},\"inLanguage\":\"pl-PL\",\"potentialAction\":[{\"@type\":\"ReadAction\",\"target\":[\"https:\/\/www.vangraaf.com\/pl\/przedsiebiorstwo\/grupa-przedsiebiorstw\/\"]}]},{\"@type\":\"BreadcrumbList\",\"@id\":\"https:\/\/www.vangraaf.com\/pl\/przedsiebiorstwo\/grupa-przedsiebiorstw\/#breadcrumb\",\"itemListElement\":[{\"@type\":\"ListItem\",\"position\":1,\"name\":\"Startseite\",\"item\":\"https:\/\/www.vangraaf.com\/pl\/\"},{\"@type\":\"ListItem\",\"position\":2,\"name\":\"Przedsi\u0119biorstwo\",\"item\":\"https:\/\/www.vangraaf.com\/pl\/przedsiebiorstwo\/\"},{\"@type\":\"ListItem\",\"position\":3,\"name\":\"Grupa przedsi\u0119biorstw\"}]},{\"@type\":\"WebSite\",\"@id\":\"https:\/\/www.vangraaf.com\/pl\/#website\",\"url\":\"https:\/\/www.vangraaf.com\/pl\/\",\"name\":\"VAN GRAAF\",\"description\":\"VAN GRAAF\",\"potentialAction\":[{\"@type\":\"SearchAction\",\"target\":{\"@type\":\"EntryPoint\",\"urlTemplate\":\"https:\/\/www.vangraaf.com\/pl\/?s={search_term_string}\"},\"query-input\":{\"@type\":\"PropertyValueSpecification\",\"valueRequired\":true,\"valueName\":\"search_term_string\"}}],\"inLanguage\":\"pl-PL\"}]}<\/script>\n<!-- \/ Yoast SEO plugin. -->","yoast_head_json":{"title":"VAN GRAAF Polska - Grupa przedsi\u0119biorstw","description":"VAN GRAAF jest jedn\u0105 z wiod\u0105cych firm odzie\u017cowych w Europie, znan\u0105 ze swoich wysokich kompetencji w dziedzinie mody i wyj\u0105tkowego wyczucia stylu.","robots":{"index":"index","follow":"follow","max-snippet":"max-snippet:-1","max-image-preview":"max-image-preview:large","max-video-preview":"max-video-preview:-1"},"canonical":"https:\/\/www.vangraaf.com\/pl\/przedsiebiorstwo\/grupa-przedsiebiorstw\/","og_locale":"pl_PL","og_type":"article","og_title":"VAN GRAAF Polska - Grupa przedsi\u0119biorstw","og_description":"VAN GRAAF jest jedn\u0105 z wiod\u0105cych firm odzie\u017cowych w Europie, znan\u0105 ze swoich wysokich kompetencji w dziedzinie mody i wyj\u0105tkowego wyczucia stylu.","og_url":"https:\/\/www.vangraaf.com\/pl\/przedsiebiorstwo\/grupa-przedsiebiorstw\/","og_site_name":"VAN GRAAF Polska","article_modified_time":"2026-02-02T12:53:30+00:00","twitter_card":"summary_large_image","twitter_misc":{"Szacowany czas czytania":"2 minuty"},"schema":{"@context":"https:\/\/schema.org","@graph":[{"@type":"WebPage","@id":"https:\/\/www.vangraaf.com\/pl\/przedsiebiorstwo\/grupa-przedsiebiorstw\/","url":"https:\/\/www.vangraaf.com\/pl\/przedsiebiorstwo\/grupa-przedsiebiorstw\/","name":"VAN GRAAF Polska - Grupa przedsi\u0119biorstw","isPartOf":{"@id":"https:\/\/www.vangraaf.com\/pl\/#website"},"datePublished":"2020-12-15T08:36:35+00:00","dateModified":"2026-02-02T12:53:30+00:00","description":"VAN GRAAF jest jedn\u0105 z wiod\u0105cych firm odzie\u017cowych w Europie, znan\u0105 ze swoich wysokich kompetencji w dziedzinie mody i wyj\u0105tkowego wyczucia stylu.","breadcrumb":{"@id":"https:\/\/www.vangraaf.com\/pl\/przedsiebiorstwo\/grupa-przedsiebiorstw\/#breadcrumb"},"inLanguage":"pl-PL","potentialAction":[{"@type":"ReadAction","target":["https:\/\/www.vangraaf.com\/pl\/przedsiebiorstwo\/grupa-przedsiebiorstw\/"]}]},{"@type":"BreadcrumbList","@id":"https:\/\/www.vangraaf.com\/pl\/przedsiebiorstwo\/grupa-przedsiebiorstw\/#breadcrumb","itemListElement":[{"@type":"ListItem","position":1,"name":"Startseite","item":"https:\/\/www.vangraaf.com\/pl\/"},{"@type":"ListItem","position":2,"name":"Przedsi\u0119biorstwo","item":"https:\/\/www.vangraaf.com\/pl\/przedsiebiorstwo\/"},{"@type":"ListItem","position":3,"name":"Grupa przedsi\u0119biorstw"}]},{"@type":"WebSite","@id":"https:\/\/www.vangraaf.com\/pl\/#website","url":"https:\/\/www.vangraaf.com\/pl\/","name":"VAN GRAAF","description":"VAN GRAAF","potentialAction":[{"@type":"SearchAction","target":{"@type":"EntryPoint","urlTemplate":"https:\/\/www.vangraaf.com\/pl\/?s={search_term_string}"},"query-input":{"@type":"PropertyValueSpecification","valueRequired":true,"valueName":"search_term_string"}}],"inLanguage":"pl-PL"}]}},"_links":{"self":[{"href":"https:\/\/www.vangraaf.com\/pl\/wp-json\/wp\/v2\/pages\/10","targetHints":{"allow":["GET"]}}],"collection":[{"href":"https:\/\/www.vangraaf.com\/pl\/wp-json\/wp\/v2\/pages"}],"about":[{"href":"https:\/\/www.vangraaf.com\/pl\/wp-json\/wp\/v2\/types\/page"}],"author":[{"embeddable":true,"href":"https:\/\/www.vangraaf.com\/pl\/wp-json\/wp\/v2\/users\/6"}],"replies":[{"embeddable":true,"href":"https:\/\/www.vangraaf.com\/pl\/wp-json\/wp\/v2\/comments?post=10"}],"version-history":[{"count":31,"href":"https:\/\/www.vangraaf.com\/pl\/wp-json\/wp\/v2\/pages\/10\/revisions"}],"predecessor-version":[{"id":1313,"href":"https:\/\/www.vangraaf.com\/pl\/wp-json\/wp\/v2\/pages\/10\/revisions\/1313"}],"up":[{"embeddable":true,"href":"https:\/\/www.vangraaf.com\/pl\/wp-json\/wp\/v2\/pages\/6"}],"wp:attachment":[{"href":"https:\/\/www.vangraaf.com\/pl\/wp-json\/wp\/v2\/media?parent=10"}],"curies":[{"name":"wp","href":"https:\/\/api.w.org\/{rel}","templated":true}]}}