{"id":5843,"date":"2022-04-28T17:01:55","date_gmt":"2022-04-28T15:01:55","guid":{"rendered":"https:\/\/www.vangraaf.com\/lv\/?page_id=5843"},"modified":"2022-09-12T12:43:49","modified_gmt":"2022-09-12T10:43:49","slug":"modes-precu-aprite","status":"publish","type":"page","link":"https:\/\/www.vangraaf.com\/lv\/uznemums\/ilgtspeja\/modes-precu-aprite\/","title":{"rendered":"Modes pre\u010du aprite"},"content":{"rendered":"<div class=\"wpb-content-wrapper\">[vc_row bwd_tbc4vd_show_weekday=&#8221;&#8221; full_width=&#8221;stretch_row_content_no_spaces&#8221;][vc_column]<div class=\"keyvisual\" data-aos=\"fade-up\" ><img loading=\"lazy\" decoding=\"async\" width=\"1440\" height=\"515\" src=\"https:\/\/www.vangraaf.com\/lv\/wp-content\/uploads\/sites\/5\/2022\/04\/DE_Slider_Recycling-1440x515.jpg\" class=\"vc_single_image-img\" alt=\"\" srcset=\"https:\/\/www.vangraaf.com\/lv\/wp-content\/uploads\/sites\/5\/2022\/04\/DE_Slider_Recycling-1440x515.jpg 1440w, https:\/\/www.vangraaf.com\/lv\/wp-content\/uploads\/sites\/5\/2022\/04\/DE_Slider_Recycling-300x107.jpg 300w, https:\/\/www.vangraaf.com\/lv\/wp-content\/uploads\/sites\/5\/2022\/04\/DE_Slider_Recycling-1024x366.jpg 1024w, https:\/\/www.vangraaf.com\/lv\/wp-content\/uploads\/sites\/5\/2022\/04\/DE_Slider_Recycling-768x274.jpg 768w, https:\/\/www.vangraaf.com\/lv\/wp-content\/uploads\/sites\/5\/2022\/04\/DE_Slider_Recycling-1536x549.jpg 1536w, https:\/\/www.vangraaf.com\/lv\/wp-content\/uploads\/sites\/5\/2022\/04\/DE_Slider_Recycling-2048x732.jpg 2048w, https:\/\/www.vangraaf.com\/lv\/wp-content\/uploads\/sites\/5\/2022\/04\/DE_Slider_Recycling-1200x429.jpg 1200w, https:\/\/www.vangraaf.com\/lv\/wp-content\/uploads\/sites\/5\/2022\/04\/DE_Slider_Recycling-992x355.jpg 992w, https:\/\/www.vangraaf.com\/lv\/wp-content\/uploads\/sites\/5\/2022\/04\/DE_Slider_Recycling-480x172.jpg 480w, https:\/\/www.vangraaf.com\/lv\/wp-content\/uploads\/sites\/5\/2022\/04\/DE_Slider_Recycling-690x247.jpg 690w\" sizes=\"(max-width: 1440px) 100vw, 1440px\" \/><\/div>\n        <div class=\"headlines headlines--center\" data-aos=\"fade-up\">\n            <div class=\"vc_row\">\n                <div class=\"vc_col-md-10 vc_col-md-offset-1 vc_col-lg-10 vc_col-lg-offset-1\"><span class=\"h6\">AP\u0122\u0112RBA OTRREIZ\u0112J\u0100S IZMANTO\u0160ANAS AKCIJA VAN GRAAF VEIKALOS<\/span><h1 class=\"h2\">Ziedojiet ap\u0123\u0113rbu un sa\u0146emiet atlaides kuponu!<\/h1><\/div>\n            <\/div>\n        <\/div>[vc_column_text]\r\n<p style=\"text-align: center\">Ar\u012b j\u016bsu dr\u0113bju skap\u012b \u0161obr\u012bd noteikti ir k\u0101ds ap\u0123\u0113rba gabals, kuru vairs nevelkat, bet izmest \u2013 \u017e\u0113l. M\u0113s pied\u0101v\u0101jam iesp\u0113ju nodot \u0161\u0101du ap\u0123\u0113rbu m\u016bsu veikal\u0101 <a href=\"https:\/\/www.vangraaf.com\/lv\/par-mums\/riga\/\" target=\"_blank\" rel=\"noopener\">VAN GRAAF R\u012bg\u0101<\/a> <em>I:Collect <\/em>servisa punkt\u0101. Teiksim jums paldies ar atlaides kuponu jauna m\u012b\u013c\u0101k\u0101 ap\u0123\u0113rba ieg\u0101dei. M\u016bsu sadarb\u012bbas partneris <em>I:Collect<\/em> g\u0101d\u0101s par nodot\u0101 lietot\u0101 ap\u0123\u0113rba p\u0101rdo\u0161anu, ziedo\u0161anu vai p\u0101rstr\u0101di.<\/p>\r\n[\/vc_column_text][vc_column_text]\r\n<h3 style=\"text-align: center\">Atlai\u017eu kupons par j\u016bsu labo darbu<\/h3>\r\n<h3 style=\"text-align: center\">\u010cetri vienk\u0101r\u0161i so\u013ci!<\/h3>\r\n[\/vc_column_text][vc_row_inner][vc_column_inner width=&#8221;1\/4&#8243;]<div class=\"vg-element cta-teaser cta-teaser--center\" data-aos=\"fade-up\"><div class=\"cta-teaser__text\"><h3>1.<\/h3><p>Atnesiet lietoto ap\u0123\u0113rbu aiztais\u012bt\u0101 maisi\u0146\u0101 uz VAN GRAAF.<\/p><\/div><\/div>[\/vc_column_inner][vc_column_inner width=&#8221;1\/4&#8243;]<div class=\"vg-element cta-teaser cta-teaser--center\" data-aos=\"fade-up\"><div class=\"cta-teaser__text\"><h3>2.<\/h3><p>V\u0113rsieties pie k\u0101da no veikala darbiniekiem.<\/p><\/div><\/div>[\/vc_column_inner][vc_column_inner width=&#8221;1\/4&#8243;]<div class=\"vg-element cta-teaser cta-teaser--center\" data-aos=\"fade-up\"><div class=\"cta-teaser__text\"><h3>3.<\/h3><p>Iemetiet maisi\u0146u kast\u0113.<\/p><\/div><\/div>[\/vc_column_inner][vc_column_inner width=&#8221;1\/4&#8243;]<div class=\"vg-element cta-teaser cta-teaser--center\" data-aos=\"fade-up\"><div class=\"cta-teaser__text\"><h3>4.<\/h3><p>Sa\u0146emiet 10 % atlaides kuponu. Izmantojiet to uzreiz!<\/p><\/div><\/div>[\/vc_column_inner][\/vc_row_inner][\/vc_column][\/vc_row][vc_row][vc_column][vc_column_text]\r\n<h3>The Circle of Fashion \u2013 modes pre\u010du aprite<\/h3>\r\nSamazin\u0101t atkritumu daudzumu, atk\u0101rtoti izmantot materi\u0101lus, taup\u012bt resursus, saudz\u0113t dabu.\r\n\r\nNododiet savu veco ap\u0123\u0113rbu un sa\u0146emiet 10 % atlaides kuponu jauna m\u012b\u013c\u0101k\u0101 ap\u0123\u0113rba ieg\u0101dei!\r\n\r\nAtlaides kupons ir der\u012bgs vienas preces ie<span lang=\"lv\">g\u0101dei<\/span> <a href=\"https:\/\/www.vangraaf.com\/lv\/par-mums\/riga\/\" target=\"_blank\" rel=\"noopener\">VAN GRAAF R\u012bg<\/a>a un nav nododams citai personai. Kuponu nevar izmantot kop\u0101 ar citu akciju kuponiem. Kupona v\u0113rt\u012bbu nevar sa\u0146emt naud\u0101.[\/vc_column_text][\/vc_column][\/vc_row][vc_row bwd_tbc4vd_show_weekday=&#8221;&#8221; disable_element=&#8221;yes&#8221;][vc_column width=&#8221;1\/4&#8243;]<div class=\"vg-element cta-teaser cta-teaser--center\" data-aos=\"fade-up\"><div class=\"cta-teaser__image\"><a class=\"\" href=\"https:\/\/www.vangraaf.com\/lv\/uznemums\/ilgtspeja\/strategija\/\" target=\"_self\" rel=\"\" style=\"\"><img loading=\"lazy\" decoding=\"async\" width=\"400\" height=\"400\" src=\"https:\/\/www.vangraaf.com\/lv\/wp-content\/uploads\/sites\/5\/2021\/07\/ImageTeaser_Strategie.jpg\" class=\"vc_single_image-img attachment-full\" alt=\"\" title=\"ImageTeaser_Strategie\" srcset=\"https:\/\/www.vangraaf.com\/lv\/wp-content\/uploads\/sites\/5\/2021\/07\/ImageTeaser_Strategie.jpg 400w, https:\/\/www.vangraaf.com\/lv\/wp-content\/uploads\/sites\/5\/2021\/07\/ImageTeaser_Strategie-300x300.jpg 300w, https:\/\/www.vangraaf.com\/lv\/wp-content\/uploads\/sites\/5\/2021\/07\/ImageTeaser_Strategie-150x150.jpg 150w\" sizes=\"(max-width: 400px) 100vw, 400px\" \/><\/a><\/div><div class=\"cta-teaser__text\"><a class=\"button\" href=\"https:\/\/www.vangraaf.com\/lv\/uznemums\/ilgtspeja\/strategija\/\" target=\"_self\" rel=\"\" style=\"\">Strat\u0113\u0123ija<\/a><\/div><\/div>[\/vc_column][vc_column width=&#8221;1\/4&#8243;]<div class=\"vg-element cta-teaser cta-teaser--center\" data-aos=\"fade-up\"><div class=\"cta-teaser__image\"><a class=\"\" href=\"https:\/\/www.vangraaf.com\/lv\/uznemums\/ilgtspeja\/produkts\/\" target=\"_self\" rel=\"\" style=\"\"><img loading=\"lazy\" decoding=\"async\" width=\"400\" height=\"400\" src=\"https:\/\/www.vangraaf.com\/lv\/wp-content\/uploads\/sites\/5\/2021\/07\/UnsereProdukte_Teaser.jpg\" class=\"vc_single_image-img attachment-full\" alt=\"\" title=\"UnsereProdukte_Teaser\" srcset=\"https:\/\/www.vangraaf.com\/lv\/wp-content\/uploads\/sites\/5\/2021\/07\/UnsereProdukte_Teaser.jpg 400w, https:\/\/www.vangraaf.com\/lv\/wp-content\/uploads\/sites\/5\/2021\/07\/UnsereProdukte_Teaser-300x300.jpg 300w, https:\/\/www.vangraaf.com\/lv\/wp-content\/uploads\/sites\/5\/2021\/07\/UnsereProdukte_Teaser-150x150.jpg 150w, https:\/\/www.vangraaf.com\/lv\/wp-content\/uploads\/sites\/5\/2021\/07\/UnsereProdukte_Teaser-280x280.jpg 280w\" sizes=\"(max-width: 400px) 100vw, 400px\" \/><\/a><\/div><div class=\"cta-teaser__text\"><a class=\"button\" href=\"https:\/\/www.vangraaf.com\/lv\/uznemums\/ilgtspeja\/produkts\/\" target=\"_self\" rel=\"\" style=\"\">Produkts<\/a><\/div><\/div>[\/vc_column][vc_column width=&#8221;1\/4&#8243;]<div class=\"vg-element cta-teaser cta-teaser--center\" data-aos=\"fade-up\"><div class=\"cta-teaser__image\"><a class=\"\" href=\"https:\/\/www.vangraaf.com\/lv\/uznemums\/ilgtspeja\/vide\/\" target=\"_self\" rel=\"\" style=\"\"><img loading=\"lazy\" decoding=\"async\" width=\"400\" height=\"400\" src=\"https:\/\/www.vangraaf.com\/lv\/wp-content\/uploads\/sites\/5\/2021\/07\/Imageteaser_Umwelt.jpg\" class=\"vc_single_image-img attachment-full\" alt=\"\" title=\"Imageteaser_Umwelt\" srcset=\"https:\/\/www.vangraaf.com\/lv\/wp-content\/uploads\/sites\/5\/2021\/07\/Imageteaser_Umwelt.jpg 400w, https:\/\/www.vangraaf.com\/lv\/wp-content\/uploads\/sites\/5\/2021\/07\/Imageteaser_Umwelt-300x300.jpg 300w, https:\/\/www.vangraaf.com\/lv\/wp-content\/uploads\/sites\/5\/2021\/07\/Imageteaser_Umwelt-150x150.jpg 150w\" sizes=\"(max-width: 400px) 100vw, 400px\" \/><\/a><\/div><div class=\"cta-teaser__text\"><a class=\"button\" href=\"https:\/\/www.vangraaf.com\/lv\/uznemums\/ilgtspeja\/vide\/\" target=\"_self\" rel=\"\" style=\"\">Vide<\/a><\/div><\/div>[\/vc_column][vc_column width=&#8221;1\/4&#8243;]<div class=\"vg-element cta-teaser cta-teaser--center\" data-aos=\"fade-up\"><div class=\"cta-teaser__image\"><a class=\"\" href=\"https:\/\/www.vangraaf.com\/lv\/uznemums\/ilgtspeja\/cilveks\/\" target=\"_self\" rel=\"\" style=\"\"><img loading=\"lazy\" decoding=\"async\" width=\"500\" height=\"500\" src=\"https:\/\/www.vangraaf.com\/lv\/wp-content\/uploads\/sites\/5\/2022\/04\/Mensch.jpg\" class=\"vc_single_image-img attachment-full\" alt=\"\" title=\"Mensch\" srcset=\"https:\/\/www.vangraaf.com\/lv\/wp-content\/uploads\/sites\/5\/2022\/04\/Mensch.jpg 500w, https:\/\/www.vangraaf.com\/lv\/wp-content\/uploads\/sites\/5\/2022\/04\/Mensch-300x300.jpg 300w, https:\/\/www.vangraaf.com\/lv\/wp-content\/uploads\/sites\/5\/2022\/04\/Mensch-150x150.jpg 150w, https:\/\/www.vangraaf.com\/lv\/wp-content\/uploads\/sites\/5\/2022\/04\/Mensch-480x480.jpg 480w, https:\/\/www.vangraaf.com\/lv\/wp-content\/uploads\/sites\/5\/2022\/04\/Mensch-280x280.jpg 280w\" sizes=\"(max-width: 500px) 100vw, 500px\" \/><\/a><\/div><div class=\"cta-teaser__text\"><a class=\"button\" href=\"https:\/\/www.vangraaf.com\/lv\/uznemums\/ilgtspeja\/cilveks\/\" target=\"_self\" rel=\"\" style=\"\">Cilv\u0113ks<\/a><\/div><\/div>[\/vc_column][\/vc_row][vc_row bwd_tbc4vd_show_weekday=&#8221;&#8221; full_width=&#8221;stretch_row_content_no_spaces&#8221;][vc_column][vc_row_inner bwd_tbc4vd_show_weekday=&#8221;&#8221; row_design=&#8221;row_square_background&#8221;][vc_column_inner width=&#8221;1\/3&#8243;]<div class=\"vg-element cta-teaser cta-teaser--center\" data-aos=\"fade-up\"><div class=\"cta-teaser__image\"><a class=\"\" href=\"https:\/\/www.vangraaf.com\/lv\/uznemums\/ilgtspeja\/produkts\/\" target=\"_self\" rel=\"\" style=\"\"><img loading=\"lazy\" decoding=\"async\" width=\"378\" height=\"252\" src=\"https:\/\/www.vangraaf.com\/lv\/wp-content\/uploads\/sites\/5\/2022\/09\/UnsereProdukte_CTA_teaser_Seitenabschluss.jpg\" class=\"vc_single_image-img attachment-full\" alt=\"\" title=\"UnsereProdukte_CTA_teaser_Seitenabschluss\" srcset=\"https:\/\/www.vangraaf.com\/lv\/wp-content\/uploads\/sites\/5\/2022\/09\/UnsereProdukte_CTA_teaser_Seitenabschluss.jpg 378w, https:\/\/www.vangraaf.com\/lv\/wp-content\/uploads\/sites\/5\/2022\/09\/UnsereProdukte_CTA_teaser_Seitenabschluss-300x200.jpg 300w\" sizes=\"(max-width: 378px) 100vw, 378px\" \/><\/a><\/div><div class=\"cta-teaser__text\"><h3>Produkts<\/h3><p>Augst\u0101k\u0101s kvalit\u0101tes mode un moderns dz\u012bvesveids ir m\u016bsu liel\u0101 aizrau\u0161an\u0101s.<\/p><a class=\"button\" href=\"https:\/\/www.vangraaf.com\/lv\/uznemums\/ilgtspeja\/produkts\/\" target=\"_self\" rel=\"\" style=\"\">Uzzin\u0101t vair\u0101k<\/a><\/div><\/div>[\/vc_column_inner][vc_column_inner width=&#8221;1\/3&#8243;]<div class=\"vg-element cta-teaser cta-teaser--center\" data-aos=\"fade-up\"><div class=\"cta-teaser__image\"><a class=\"\" href=\"https:\/\/www.vangraaf.com\/lv\/uznemums\/ilgtspeja\/vide\/\" target=\"_self\" rel=\"\" style=\"\"><img loading=\"lazy\" decoding=\"async\" width=\"378\" height=\"252\" src=\"https:\/\/www.vangraaf.com\/lv\/wp-content\/uploads\/sites\/5\/2022\/09\/Umwelt.jpg\" class=\"vc_single_image-img attachment-full\" alt=\"\" title=\"Umwelt\" srcset=\"https:\/\/www.vangraaf.com\/lv\/wp-content\/uploads\/sites\/5\/2022\/09\/Umwelt.jpg 378w, https:\/\/www.vangraaf.com\/lv\/wp-content\/uploads\/sites\/5\/2022\/09\/Umwelt-300x200.jpg 300w\" sizes=\"(max-width: 378px) 100vw, 378px\" \/><\/a><\/div><div class=\"cta-teaser__text\"><h3>Vide<\/h3><p>Ikvienam projektam ir nepiecie\u0161ama strat\u0113\u0123ija \u2014 jo sevi\u0161\u0137i, ja tas skar ilgtsp\u0113ju.<\/p><a class=\"button\" href=\"https:\/\/www.vangraaf.com\/lv\/uznemums\/ilgtspeja\/vide\/\" target=\"_self\" rel=\"\" style=\"\">Uzzin\u0101t vair\u0101k<\/a><\/div><\/div>[\/vc_column_inner][vc_column_inner width=&#8221;1\/3&#8243;]<div class=\"vg-element cta-teaser cta-teaser--center\" data-aos=\"fade-up\"><div class=\"cta-teaser__image\"><a class=\"\" href=\"https:\/\/www.vangraaf.com\/lv\/uznemums\/ilgtspeja\/cilveks\/\" target=\"_self\" rel=\"\" style=\"\"><img loading=\"lazy\" decoding=\"async\" width=\"378\" height=\"252\" src=\"https:\/\/www.vangraaf.com\/lv\/wp-content\/uploads\/sites\/5\/2022\/09\/Mensch.jpg\" class=\"vc_single_image-img attachment-full\" alt=\"\" title=\"Mensch\" srcset=\"https:\/\/www.vangraaf.com\/lv\/wp-content\/uploads\/sites\/5\/2022\/09\/Mensch.jpg 378w, https:\/\/www.vangraaf.com\/lv\/wp-content\/uploads\/sites\/5\/2022\/09\/Mensch-300x200.jpg 300w\" sizes=\"(max-width: 378px) 100vw, 378px\" \/><\/a><\/div><div class=\"cta-teaser__text\"><h3>Cilv\u0113ks<\/h3><p>M\u0113s zin\u0101m, k\u0101du lomu sp\u0113l\u0113jam sabiedr\u012bb\u0101, un apzin\u0101mies savu korporat\u012bvo atbild\u012bbu.<\/p><a class=\"button\" href=\"https:\/\/www.vangraaf.com\/lv\/uznemums\/ilgtspeja\/cilveks\/\" target=\"_self\" rel=\"\" style=\"\">Uzzin\u0101t vair\u0101k<\/a><\/div><\/div>[\/vc_column_inner][\/vc_row_inner][\/vc_column][\/vc_row]<\/div>","protected":false},"excerpt":{"rendered":"[vc_row bwd_tbc4vd_show_weekday=&#8221;&#8221; full_width=&#8221;stretch_row_content_no_spaces&#8221;][vc_column][vc_column_text] Ar\u012b j\u016bsu dr\u0113bju skap\u012b \u0161obr\u012bd noteikti ir k\u0101ds ap\u0123\u0113rba gabals, kuru vairs nevelkat, bet izmest \u2013 \u017e\u0113l. M\u0113s pied\u0101v\u0101jam iesp\u0113ju nodot \u0161\u0101du ap\u0123\u0113rbu m\u016bsu veikal\u0101 VAN GRAAF R\u012bg\u0101 I:Collect servisa punkt\u0101. Teiksim jums paldies ar atlaides kuponu jauna m\u012b\u013c\u0101k\u0101 ap\u0123\u0113rba ieg\u0101dei. M\u016bsu sadarb\u012bbas partneris I:Collect g\u0101d\u0101s par nodot\u0101 lietot\u0101 ap\u0123\u0113rba p\u0101rdo\u0161anu, ziedo\u0161anu [&hellip;]","protected":false},"author":3,"featured_media":0,"parent":5334,"menu_order":0,"comment_status":"closed","ping_status":"closed","template":"","meta":{"_acf_changed":false,"inline_featured_image":false,"footnotes":""},"class_list":["post-5843","page","type-page","status-publish","hentry"],"acf":[],"yoast_head":"<!-- This site is optimized with the Yoast SEO plugin v27.2 - https:\/\/yoast.com\/product\/yoast-seo-wordpress\/ -->\n<title>Modes pre\u010du aprite<\/title>\n<meta name=\"description\" content=\"Ar\u012b j\u016bsu dr\u0113bju skap\u012b \u0161obr\u012bd noteikti ir k\u0101ds ap\u0123\u0113rba gabals, kuru vairs nevelkat, bet izmest \u2013 \u017e\u0113l. M\u0113s pied\u0101v\u0101jam iesp\u0113ju nodot \u0161\u0101du ap\u0123\u0113rbu m\u016bsu veikal\u0101 VAN GRAAF R\u012bg\u0101 I:Collect servisa punkt\u0101.\" \/>\n<meta name=\"robots\" content=\"index, follow, max-snippet:-1, max-image-preview:large, max-video-preview:-1\" \/>\n<link rel=\"canonical\" href=\"https:\/\/www.vangraaf.com\/lv\/uznemums\/ilgtspeja\/modes-precu-aprite\/\" \/>\n<meta property=\"og:locale\" content=\"lv_LV\" \/>\n<meta property=\"og:type\" content=\"article\" \/>\n<meta property=\"og:title\" content=\"Modes pre\u010du aprite\" \/>\n<meta property=\"og:description\" content=\"Ar\u012b j\u016bsu dr\u0113bju skap\u012b \u0161obr\u012bd noteikti ir k\u0101ds ap\u0123\u0113rba gabals, kuru vairs nevelkat, bet izmest \u2013 \u017e\u0113l. M\u0113s pied\u0101v\u0101jam iesp\u0113ju nodot \u0161\u0101du ap\u0123\u0113rbu m\u016bsu veikal\u0101 VAN GRAAF R\u012bg\u0101 I:Collect servisa punkt\u0101.\" \/>\n<meta property=\"og:url\" content=\"https:\/\/www.vangraaf.com\/lv\/uznemums\/ilgtspeja\/modes-precu-aprite\/\" \/>\n<meta property=\"og:site_name\" content=\"VAN GRAAF Latvija\" \/>\n<meta property=\"article:modified_time\" content=\"2022-09-12T10:43:49+00:00\" \/>\n<meta name=\"twitter:card\" content=\"summary_large_image\" \/>\n<meta name=\"twitter:label1\" content=\"Est. reading time\" \/>\n\t<meta name=\"twitter:data1\" content=\"2 min\u016btes\" \/>\n<script type=\"application\/ld+json\" class=\"yoast-schema-graph\">{\"@context\":\"https:\/\/schema.org\",\"@graph\":[{\"@type\":\"WebPage\",\"@id\":\"https:\/\/www.vangraaf.com\/lv\/uznemums\/ilgtspeja\/modes-precu-aprite\/\",\"url\":\"https:\/\/www.vangraaf.com\/lv\/uznemums\/ilgtspeja\/modes-precu-aprite\/\",\"name\":\"Modes pre\u010du aprite\",\"isPartOf\":{\"@id\":\"https:\/\/www.vangraaf.com\/lv\/#website\"},\"datePublished\":\"2022-04-28T15:01:55+00:00\",\"dateModified\":\"2022-09-12T10:43:49+00:00\",\"description\":\"Ar\u012b j\u016bsu dr\u0113bju skap\u012b \u0161obr\u012bd noteikti ir k\u0101ds ap\u0123\u0113rba gabals, kuru vairs nevelkat, bet izmest \u2013 \u017e\u0113l. M\u0113s pied\u0101v\u0101jam iesp\u0113ju nodot \u0161\u0101du ap\u0123\u0113rbu m\u016bsu veikal\u0101 VAN GRAAF R\u012bg\u0101 I:Collect servisa punkt\u0101.\",\"breadcrumb\":{\"@id\":\"https:\/\/www.vangraaf.com\/lv\/uznemums\/ilgtspeja\/modes-precu-aprite\/#breadcrumb\"},\"inLanguage\":\"lv-LV\",\"potentialAction\":[{\"@type\":\"ReadAction\",\"target\":[\"https:\/\/www.vangraaf.com\/lv\/uznemums\/ilgtspeja\/modes-precu-aprite\/\"]}]},{\"@type\":\"BreadcrumbList\",\"@id\":\"https:\/\/www.vangraaf.com\/lv\/uznemums\/ilgtspeja\/modes-precu-aprite\/#breadcrumb\",\"itemListElement\":[{\"@type\":\"ListItem\",\"position\":1,\"name\":\"Home\",\"item\":\"https:\/\/www.vangraaf.com\/lv\/\"},{\"@type\":\"ListItem\",\"position\":2,\"name\":\"Uz\u0146\u0113mums\",\"item\":\"https:\/\/www.vangraaf.com\/lv\/uznemums\/\"},{\"@type\":\"ListItem\",\"position\":3,\"name\":\"Ilgtsp\u0113ja\",\"item\":\"https:\/\/www.vangraaf.com\/lv\/uznemums\/ilgtspeja\/\"},{\"@type\":\"ListItem\",\"position\":4,\"name\":\"Modes pre\u010du aprite\"}]},{\"@type\":\"WebSite\",\"@id\":\"https:\/\/www.vangraaf.com\/lv\/#website\",\"url\":\"https:\/\/www.vangraaf.com\/lv\/\",\"name\":\"VAN GRAAF\",\"description\":\"VAN GRAAF\",\"potentialAction\":[{\"@type\":\"SearchAction\",\"target\":{\"@type\":\"EntryPoint\",\"urlTemplate\":\"https:\/\/www.vangraaf.com\/lv\/?s={search_term_string}\"},\"query-input\":{\"@type\":\"PropertyValueSpecification\",\"valueRequired\":true,\"valueName\":\"search_term_string\"}}],\"inLanguage\":\"lv-LV\"}]}<\/script>\n<!-- \/ Yoast SEO plugin. -->","yoast_head_json":{"title":"Modes pre\u010du aprite","description":"Ar\u012b j\u016bsu dr\u0113bju skap\u012b \u0161obr\u012bd noteikti ir k\u0101ds ap\u0123\u0113rba gabals, kuru vairs nevelkat, bet izmest \u2013 \u017e\u0113l. M\u0113s pied\u0101v\u0101jam iesp\u0113ju nodot \u0161\u0101du ap\u0123\u0113rbu m\u016bsu veikal\u0101 VAN GRAAF R\u012bg\u0101 I:Collect servisa punkt\u0101.","robots":{"index":"index","follow":"follow","max-snippet":"max-snippet:-1","max-image-preview":"max-image-preview:large","max-video-preview":"max-video-preview:-1"},"canonical":"https:\/\/www.vangraaf.com\/lv\/uznemums\/ilgtspeja\/modes-precu-aprite\/","og_locale":"lv_LV","og_type":"article","og_title":"Modes pre\u010du aprite","og_description":"Ar\u012b j\u016bsu dr\u0113bju skap\u012b \u0161obr\u012bd noteikti ir k\u0101ds ap\u0123\u0113rba gabals, kuru vairs nevelkat, bet izmest \u2013 \u017e\u0113l. M\u0113s pied\u0101v\u0101jam iesp\u0113ju nodot \u0161\u0101du ap\u0123\u0113rbu m\u016bsu veikal\u0101 VAN GRAAF R\u012bg\u0101 I:Collect servisa punkt\u0101.","og_url":"https:\/\/www.vangraaf.com\/lv\/uznemums\/ilgtspeja\/modes-precu-aprite\/","og_site_name":"VAN GRAAF Latvija","article_modified_time":"2022-09-12T10:43:49+00:00","twitter_card":"summary_large_image","twitter_misc":{"Est. reading time":"2 min\u016btes"},"schema":{"@context":"https:\/\/schema.org","@graph":[{"@type":"WebPage","@id":"https:\/\/www.vangraaf.com\/lv\/uznemums\/ilgtspeja\/modes-precu-aprite\/","url":"https:\/\/www.vangraaf.com\/lv\/uznemums\/ilgtspeja\/modes-precu-aprite\/","name":"Modes pre\u010du aprite","isPartOf":{"@id":"https:\/\/www.vangraaf.com\/lv\/#website"},"datePublished":"2022-04-28T15:01:55+00:00","dateModified":"2022-09-12T10:43:49+00:00","description":"Ar\u012b j\u016bsu dr\u0113bju skap\u012b \u0161obr\u012bd noteikti ir k\u0101ds ap\u0123\u0113rba gabals, kuru vairs nevelkat, bet izmest \u2013 \u017e\u0113l. M\u0113s pied\u0101v\u0101jam iesp\u0113ju nodot \u0161\u0101du ap\u0123\u0113rbu m\u016bsu veikal\u0101 VAN GRAAF R\u012bg\u0101 I:Collect servisa punkt\u0101.","breadcrumb":{"@id":"https:\/\/www.vangraaf.com\/lv\/uznemums\/ilgtspeja\/modes-precu-aprite\/#breadcrumb"},"inLanguage":"lv-LV","potentialAction":[{"@type":"ReadAction","target":["https:\/\/www.vangraaf.com\/lv\/uznemums\/ilgtspeja\/modes-precu-aprite\/"]}]},{"@type":"BreadcrumbList","@id":"https:\/\/www.vangraaf.com\/lv\/uznemums\/ilgtspeja\/modes-precu-aprite\/#breadcrumb","itemListElement":[{"@type":"ListItem","position":1,"name":"Home","item":"https:\/\/www.vangraaf.com\/lv\/"},{"@type":"ListItem","position":2,"name":"Uz\u0146\u0113mums","item":"https:\/\/www.vangraaf.com\/lv\/uznemums\/"},{"@type":"ListItem","position":3,"name":"Ilgtsp\u0113ja","item":"https:\/\/www.vangraaf.com\/lv\/uznemums\/ilgtspeja\/"},{"@type":"ListItem","position":4,"name":"Modes pre\u010du aprite"}]},{"@type":"WebSite","@id":"https:\/\/www.vangraaf.com\/lv\/#website","url":"https:\/\/www.vangraaf.com\/lv\/","name":"VAN GRAAF","description":"VAN GRAAF","potentialAction":[{"@type":"SearchAction","target":{"@type":"EntryPoint","urlTemplate":"https:\/\/www.vangraaf.com\/lv\/?s={search_term_string}"},"query-input":{"@type":"PropertyValueSpecification","valueRequired":true,"valueName":"search_term_string"}}],"inLanguage":"lv-LV"}]}},"_links":{"self":[{"href":"https:\/\/www.vangraaf.com\/lv\/wp-json\/wp\/v2\/pages\/5843","targetHints":{"allow":["GET"]}}],"collection":[{"href":"https:\/\/www.vangraaf.com\/lv\/wp-json\/wp\/v2\/pages"}],"about":[{"href":"https:\/\/www.vangraaf.com\/lv\/wp-json\/wp\/v2\/types\/page"}],"author":[{"embeddable":true,"href":"https:\/\/www.vangraaf.com\/lv\/wp-json\/wp\/v2\/users\/3"}],"replies":[{"embeddable":true,"href":"https:\/\/www.vangraaf.com\/lv\/wp-json\/wp\/v2\/comments?post=5843"}],"version-history":[{"count":14,"href":"https:\/\/www.vangraaf.com\/lv\/wp-json\/wp\/v2\/pages\/5843\/revisions"}],"predecessor-version":[{"id":6396,"href":"https:\/\/www.vangraaf.com\/lv\/wp-json\/wp\/v2\/pages\/5843\/revisions\/6396"}],"up":[{"embeddable":true,"href":"https:\/\/www.vangraaf.com\/lv\/wp-json\/wp\/v2\/pages\/5334"}],"wp:attachment":[{"href":"https:\/\/www.vangraaf.com\/lv\/wp-json\/wp\/v2\/media?parent=5843"}],"curies":[{"name":"wp","href":"https:\/\/api.w.org\/{rel}","templated":true}]}}