{"id":5822,"date":"2022-04-26T10:12:12","date_gmt":"2022-04-26T08:12:12","guid":{"rendered":"https:\/\/www.vangraaf.com\/lv\/?page_id=5822"},"modified":"2022-07-13T13:44:14","modified_gmt":"2022-07-13T11:44:14","slug":"logistika-un-tehniskais-nodrosinajums","status":"publish","type":"page","link":"https:\/\/www.vangraaf.com\/lv\/karjera\/darbs-un-karjera\/logistika-un-tehniskais-nodrosinajums\/","title":{"rendered":"Lo\u0123istika un tehniskais nodro\u0161in\u0101jums"},"content":{"rendered":"<div class=\"wpb-content-wrapper\">[vc_row bwd_tbc4vd_show_weekday=&#8221;&#8221; full_width=&#8221;stretch_row_content_no_spaces&#8221;][vc_column]<div class=\"keyvisual\" data-aos=\"fade-up\" ><img loading=\"lazy\" decoding=\"async\" width=\"1440\" height=\"480\" src=\"https:\/\/www.vangraaf.com\/lv\/wp-content\/uploads\/sites\/5\/2022\/05\/M8_E_VK_Logistik_055.jpg\" class=\"vc_single_image-img\" alt=\"Lo\u0123istika un tehnika\" srcset=\"https:\/\/www.vangraaf.com\/lv\/wp-content\/uploads\/sites\/5\/2022\/05\/M8_E_VK_Logistik_055.jpg 1440w, https:\/\/www.vangraaf.com\/lv\/wp-content\/uploads\/sites\/5\/2022\/05\/M8_E_VK_Logistik_055-300x100.jpg 300w, https:\/\/www.vangraaf.com\/lv\/wp-content\/uploads\/sites\/5\/2022\/05\/M8_E_VK_Logistik_055-1024x341.jpg 1024w, https:\/\/www.vangraaf.com\/lv\/wp-content\/uploads\/sites\/5\/2022\/05\/M8_E_VK_Logistik_055-768x256.jpg 768w, https:\/\/www.vangraaf.com\/lv\/wp-content\/uploads\/sites\/5\/2022\/05\/M8_E_VK_Logistik_055-1200x400.jpg 1200w, https:\/\/www.vangraaf.com\/lv\/wp-content\/uploads\/sites\/5\/2022\/05\/M8_E_VK_Logistik_055-992x331.jpg 992w, https:\/\/www.vangraaf.com\/lv\/wp-content\/uploads\/sites\/5\/2022\/05\/M8_E_VK_Logistik_055-480x160.jpg 480w, https:\/\/www.vangraaf.com\/lv\/wp-content\/uploads\/sites\/5\/2022\/05\/M8_E_VK_Logistik_055-690x230.jpg 690w\" sizes=\"(max-width: 1440px) 100vw, 1440px\" \/><\/div>\n        <div class=\"headlines headlines--center\" data-aos=\"fade-up\">\n            <div class=\"vc_row\">\n                <div class=\"vc_col-md-10 vc_col-md-offset-1 vc_col-lg-10 vc_col-lg-offset-1\"><span class=\"h6\">Darbs lo\u0123istikas un tehnikas jom\u0101 VAN GRAAF<\/span><h1 class=\"h2\">Lo\u0123istika un tehnisk\u0101 p\u0101rvald\u012bba<\/h1><\/div>\n            <\/div>\n        <\/div>[vc_column_text]\r\n<h3>Noliktavas darbinieks<\/h3>\r\nStr\u0101d\u0101jot uz\u0146\u0113muma iek\u0161\u0113j\u0101s lo\u0123istikas noda\u013c\u0101, k\u0101 noliktavas darbinieks, Tu veic akt\u012bvu ieguld\u012bjumu m\u016bsu lo\u0123istikas procesos. Ar savu prec\u012bzo un veiklo darba stilu Tev j\u0101nog\u0101d\u0101 preces veikal\u0101 p\u0113c iesp\u0113jas \u0101tr\u0101k, lai ar t\u0101m var\u0113tu iepaz\u012bties m\u016bsu klienti. Noliktavas darbinieks pie\u0146em pieg\u0101d\u0101t\u0101s preces un ir atbild\u012bgs par to komplekt\u0101cijas un kvalit\u0101tes p\u0101rbaudi. K\u0101 ar\u012b, pien\u0101kumos ietilpst sagatavot preci p\u0101rdo\u0161anai un veikt noceno\u0161anu, un r\u016bp\u0113ties par pre\u010du p\u0101rvieto\u0161anu starp veikaliem. Papildinot un \u0161\u0137irojot p\u0101rdo\u0161anai paredz\u0113t\u0101s preces, noliktavas darbinieks ir noz\u012bm\u012bgs atbalsts p\u0101rdo\u0161anas komandai veikal\u0101.[\/vc_column_text][vc_column_text]\r\n<h3>Lo\u0123istikas un tehniskais vad\u012bt\u0101js<\/h3>\r\nK\u0101 lo\u0123istikas un tehniskais vad\u012bt\u0101js Tu esi atbild\u012bgs gan par uz\u0146\u0113muma iek\u0161\u0113jo lo\u0123istiku, gan par tehnisko apr\u012bkojumu. Lo\u0123istikas un tehniskajam vad\u012bt\u0101jam ir j\u0101sp\u0113j veiksm\u012bgi vad\u012bt abas jomas. Ar savu struktur\u0113to darba stilu un organizatora talantu lo\u0123istikas un tehniskais vad\u012bt\u0101js r\u016bp\u0113jas par visu procesu nevainojamu norisi. Turkl\u0101t vad\u012bt\u0101jam nepiecie\u0161ams cie\u0161i sadarboties ar savu komandu ikdienas darb\u0101. Tu saskati un veicini savu darbinieku potenci\u0101lu un nemit\u012bgi sp\u0113j savu komandu iedvesmot. Tavu profesion\u0101lo izaugsmi m\u0113s nodro\u0161inam ar profesion\u0101l\u0101s pilnveides un vad\u012bbas semin\u0101riem m\u016bsu vad\u012bbas apm\u0101c\u012bbas ietvaros.\r\n\r\nM\u016bs vieno kop\u012bga aizraut\u012bba ar modi un cilv\u0113kiem. Tas sp\u0113j m\u016bs iedvesmot katru dienu no jauna. Vai v\u0113lies mums pievienoties?[\/vc_column_text][vc_column_text]<a class=\"button button--primary\" href=\"https:\/\/www.vangraaf.com\/lv\/karjera\/darbs-un-karjera\/vakances\/\" target=\"_blank\" rel=\"noopener\">Piesakies t\u016bl\u012bt<\/a>[\/vc_column_text][vc_column_text]V\u0113lies uzs\u0101kt darbu VAN GRAAF, ta\u010du pa\u0161laik nav piem\u0113rotas vakances? Tad ats\u016bti mums savu <a href=\"https:\/\/www.vangraaf.com\/lv\/karjera\/darbs-un-karjera\/iniciativas-pieteikums\/\"><u>iniciat\u012bvas pieteikumu<\/u><\/a>! Iesp\u0113jams piem\u0113rots izaicin\u0101jums Tevi jau r\u012bt gaid\u012bs m\u016bsu veikal\u0101.[\/vc_column_text][\/vc_column][\/vc_row][vc_row bwd_tbc4vd_show_weekday=&#8221;&#8221; full_width=&#8221;stretch_row_content_no_spaces&#8221;][vc_column]<div class=\"people-story-slider people-story-slider--dark\" style=\"--season-color: #ededed\" data-aos=\"fade-up\"><div class=\"content_wrap\"><div class=\"people-story-slider__slider js-people-story-slider\"><div class=\"people-story-slider__slider__item\"><div class=\"vc_row vc_row-flex\"><div class=\"vc_col-sm-6 people-story-slider__slider__item__image-wrap\"><img loading=\"lazy\" decoding=\"async\" width=\"768\" height=\"1022\" src=\"https:\/\/www.vangraaf.com\/lv\/wp-content\/uploads\/sites\/5\/2022\/05\/M8_A_VK_Logistik_024_VG.jpg\" class=\"attachment-full\" alt=\"Noliktavas darbinieks\" title=\"Noliktavas darbinieks\" srcset=\"https:\/\/www.vangraaf.com\/lv\/wp-content\/uploads\/sites\/5\/2022\/05\/M8_A_VK_Logistik_024_VG.jpg 768w, https:\/\/www.vangraaf.com\/lv\/wp-content\/uploads\/sites\/5\/2022\/05\/M8_A_VK_Logistik_024_VG-225x300.jpg 225w, https:\/\/www.vangraaf.com\/lv\/wp-content\/uploads\/sites\/5\/2022\/05\/M8_A_VK_Logistik_024_VG-480x639.jpg 480w, https:\/\/www.vangraaf.com\/lv\/wp-content\/uploads\/sites\/5\/2022\/05\/M8_A_VK_Logistik_024_VG-690x918.jpg 690w\" sizes=\"(max-width: 768px) 100vw, 768px\" \/><\/div><div class=\"vc_col-sm-6 vc_col-md-4 vc_col-md-offset-1 people-story-slider__slider__item__content-wrap\"><div class=\"people-story-slider__slider__item__content\"><span class=\"h4\">M\u0101rti\u0146\u0161, Noliktavas darbinieks<\/span><p>Modes mazumtirdzniec\u012bb\u0101 iek\u0161\u0113j\u0101 lo\u0123istika ir \u013coti daudzveid\u012bga. Es esmu atbild\u012bgs ne tikai par veiksm\u012bgu pre\u010du pl\u016bsmu veikal\u0101, bet ar\u012b p\u0101rbaudu pre\u010du kvalit\u0101ti. Mums k\u0101 komandai ir \u013coti labi j\u0101str\u0101d\u0101 kop\u0101, lai klienti var\u0113tu veiksm\u012bgi iepirkties m\u016bsu veikal\u0101.<\/p>\n<div class=\"people-story-slider__slider__item__pagination\"><button class=\"slick-prev slick-arrow\" aria-label=\"Iepriek\u0161\u0113jais\" type=\"button\">Iepriek\u0161\u0113jais<\/button><button class=\"slick-next slick-arrow\" aria-label=\"T\u0101l\u0101k\" type=\"button\">T\u0101l\u0101k<\/button><\/div><\/div><\/div><\/div><\/div><div class=\"people-story-slider__slider__item\"><div class=\"vc_row vc_row-flex\"><div class=\"vc_col-sm-6 people-story-slider__slider__item__image-wrap\"><img loading=\"lazy\" decoding=\"async\" width=\"768\" height=\"1022\" src=\"https:\/\/www.vangraaf.com\/lv\/wp-content\/uploads\/sites\/5\/2022\/05\/M8_B_VK_Logistik_017_VG.jpg\" class=\"attachment-full\" alt=\"Lo\u0123istikas un tehniskai vad\u012bt\u0101js\" title=\"Lo\u0123istikas un tehniskai vad\u012bt\u0101js\" srcset=\"https:\/\/www.vangraaf.com\/lv\/wp-content\/uploads\/sites\/5\/2022\/05\/M8_B_VK_Logistik_017_VG.jpg 768w, https:\/\/www.vangraaf.com\/lv\/wp-content\/uploads\/sites\/5\/2022\/05\/M8_B_VK_Logistik_017_VG-225x300.jpg 225w, https:\/\/www.vangraaf.com\/lv\/wp-content\/uploads\/sites\/5\/2022\/05\/M8_B_VK_Logistik_017_VG-480x639.jpg 480w, https:\/\/www.vangraaf.com\/lv\/wp-content\/uploads\/sites\/5\/2022\/05\/M8_B_VK_Logistik_017_VG-690x918.jpg 690w\" sizes=\"(max-width: 768px) 100vw, 768px\" \/><\/div><div class=\"vc_col-sm-6 vc_col-md-4 vc_col-md-offset-1 people-story-slider__slider__item__content-wrap\"><div class=\"people-story-slider__slider__item__content\"><span class=\"h4\">El\u012bna, Lo\u0123istikas un tehniskai vad\u012bt\u0101js<\/span><p>B\u016bt atbild\u012bgam par iek\u0161\u0113jo lo\u0123istiku un tehniskajiem jaut\u0101jumiem ir \u013coti sare\u017e\u0123\u012bti. T\u0101p\u0113c m\u016bsu komand\u0101 ir svar\u012bga struktur\u0113ta sadarb\u012bba. Visi str\u0101d\u0101 kop\u0101, lai daudzi veikal\u0101 notieko\u0161ie procesi norit\u0113tu raiti. K\u0101 vad\u012bt\u0101jam t\u0101 ir lieliska pieredze.<\/p>\n<div class=\"people-story-slider__slider__item__pagination\"><button class=\"slick-prev slick-arrow\" aria-label=\"Iepriek\u0161\u0113jais\" type=\"button\">Iepriek\u0161\u0113jais<\/button><button class=\"slick-next slick-arrow\" aria-label=\"T\u0101l\u0101k\" type=\"button\">T\u0101l\u0101k<\/button><\/div><\/div><\/div><\/div><\/div><\/div><div class=\"people-story-slider__pagination\"><button class=\"slick-prev slick-arrow\" aria-label=\"Iepriek\u0161\u0113jais\" type=\"button\">Iepriek\u0161\u0113jais<\/button><button class=\"slick-next slick-arrow\" aria-label=\"T\u0101l\u0101k\" type=\"button\">T\u0101l\u0101k<\/button><\/div><\/div><\/div>[\/vc_column][\/vc_row][vc_row bwd_tbc4vd_show_weekday=&#8221;&#8221; full_width=&#8221;stretch_row_content_no_spaces&#8221;][vc_column]\n        <div class=\"headlines headlines--center\" data-aos=\"fade-up\">\n            <div class=\"vc_row\">\n                <div class=\"vc_col-md-10 vc_col-md-offset-1 vc_col-lg-10 vc_col-lg-offset-1\"><h2 class=\"h2\">Darba uzs\u0101k\u0161ana VAN GRAAF<\/h2><\/div>\n            <\/div>\n        <\/div>[vc_row_inner bwd_tbc4vd_show_weekday=&#8221;&#8221; equal_height=&#8221;yes&#8221; row_design=&#8221;row_square_background&#8221;][vc_column_inner width=&#8221;1\/2&#8243; offset=&#8221;vc_col-lg-4 vc_col-md-4 vc_col-xs-12&#8243;]<div class=\"vg-element cta-teaser cta-teaser--center\" data-aos=\"fade-up\"><div class=\"cta-teaser__image\"><a class=\"\" href=\"https:\/\/www.vangraaf.com\/lv\/karjera\/mes\/attistiba\/\" target=\"_self\" rel=\"\" style=\"\"><img loading=\"lazy\" decoding=\"async\" width=\"380\" height=\"254\" src=\"https:\/\/www.vangraaf.com\/lv\/wp-content\/uploads\/sites\/5\/2022\/05\/M12_D_GRUPPE_PORTRAIT_TRAINER_025-1.jpg\" class=\"vc_single_image-img attachment-full\" alt=\"Att\u012bst\u012bba\" title=\"Att\u012bst\u012bba\" srcset=\"https:\/\/www.vangraaf.com\/lv\/wp-content\/uploads\/sites\/5\/2022\/05\/M12_D_GRUPPE_PORTRAIT_TRAINER_025-1.jpg 380w, https:\/\/www.vangraaf.com\/lv\/wp-content\/uploads\/sites\/5\/2022\/05\/M12_D_GRUPPE_PORTRAIT_TRAINER_025-1-300x201.jpg 300w\" sizes=\"(max-width: 380px) 100vw, 380px\" \/><\/a><\/div><div class=\"cta-teaser__text\"><h3>Att\u012bst\u012bba<\/h3><p>M\u0101c\u012bties vienm\u0113r ir mod\u0113! Ar daudzveid\u012bg\u0101m apm\u0101c\u012bbu iesp\u0113j\u0101m m\u0113s Tevi sagatavosim n\u0101kotnei VAN GRAAF.<\/p><a class=\"button\" href=\"https:\/\/www.vangraaf.com\/lv\/karjera\/mes\/attistiba\/\" target=\"_self\" rel=\"\" style=\"\">Uzzin\u0101t vair\u0101k<\/a><\/div><\/div>[\/vc_column_inner][vc_column_inner width=&#8221;1\/2&#8243; offset=&#8221;vc_col-lg-4 vc_col-md-4 vc_col-xs-12&#8243;]<div class=\"vg-element cta-teaser cta-teaser--center\" data-aos=\"fade-up\"><div class=\"cta-teaser__image\"><a class=\"\" href=\"https:\/\/www.vangraaf.com\/lv\/karjera\/kontakti\/\" target=\"_self\" rel=\"\" style=\"\"><img loading=\"lazy\" decoding=\"async\" width=\"380\" height=\"254\" src=\"https:\/\/www.vangraaf.com\/lv\/wp-content\/uploads\/sites\/5\/2021\/05\/Andersone.jpg\" class=\"vc_single_image-img attachment-full\" alt=\"\" title=\"Andersone\" srcset=\"https:\/\/www.vangraaf.com\/lv\/wp-content\/uploads\/sites\/5\/2021\/05\/Andersone.jpg 380w, https:\/\/www.vangraaf.com\/lv\/wp-content\/uploads\/sites\/5\/2021\/05\/Andersone-300x201.jpg 300w\" sizes=\"(max-width: 380px) 100vw, 380px\" \/><\/a><\/div><div class=\"cta-teaser__text\"><h3>Kontaktpersona<\/h3><p>Tev ir jaut\u0101jumi par darba uzs\u0101k\u0161anas iesp\u0113j\u0101m VAN GRAAF? Tad sazinies ar Baibu: +371 29463626<\/p><a class=\"button\" href=\"https:\/\/www.vangraaf.com\/lv\/karjera\/kontakti\/\" target=\"_self\" rel=\"\" style=\"\">S\u016bt\u012bt e-pastu<\/a><\/div><\/div>[\/vc_column_inner][vc_column_inner width=&#8221;1\/2&#8243; offset=&#8221;vc_col-lg-4 vc_col-md-4 vc_col-xs-12&#8243;]<div class=\"vg-element cta-teaser cta-teaser--center\" data-aos=\"fade-up\"><div class=\"cta-teaser__image\"><a class=\"\" href=\"https:\/\/www.vangraaf.com\/lv\/karjera\/mes\/ieguvumi\/\" target=\"_self\" rel=\"\" style=\"\"><img loading=\"lazy\" decoding=\"async\" width=\"380\" height=\"254\" src=\"https:\/\/www.vangraaf.com\/lv\/wp-content\/uploads\/sites\/5\/2022\/06\/Benefits.jpg\" class=\"vc_single_image-img attachment-full\" alt=\"Ieguvumi\" title=\"Ieguvumi\" srcset=\"https:\/\/www.vangraaf.com\/lv\/wp-content\/uploads\/sites\/5\/2022\/06\/Benefits.jpg 380w, https:\/\/www.vangraaf.com\/lv\/wp-content\/uploads\/sites\/5\/2022\/06\/Benefits-300x201.jpg 300w\" sizes=\"(max-width: 380px) 100vw, 380px\" \/><\/a><\/div><div class=\"cta-teaser__text\"><h3>Ieguvumi<\/h3><p>Vai esi jau atkl\u0101jis sev interes\u0113jo\u0161as priek\u0161roc\u012bbas? Uzzini vair\u0101k par ieguvumiem, str\u0101d\u0101jot VAN GRAAF.<\/p><a class=\"button\" href=\"https:\/\/www.vangraaf.com\/lv\/karjera\/mes\/ieguvumi\/\" target=\"_self\" rel=\"\" style=\"\">Apskat\u012bt ieguvumus<\/a><\/div><\/div>[\/vc_column_inner][\/vc_row_inner][\/vc_column][\/vc_row]<\/div>","protected":false},"excerpt":{"rendered":"[vc_row bwd_tbc4vd_show_weekday=&#8221;&#8221; full_width=&#8221;stretch_row_content_no_spaces&#8221;][vc_column][vc_column_text] Noliktavas darbinieks Str\u0101d\u0101jot uz\u0146\u0113muma iek\u0161\u0113j\u0101s lo\u0123istikas noda\u013c\u0101, k\u0101 noliktavas darbinieks, Tu veic akt\u012bvu ieguld\u012bjumu m\u016bsu lo\u0123istikas procesos. Ar savu prec\u012bzo un veiklo darba stilu Tev j\u0101nog\u0101d\u0101 preces veikal\u0101 p\u0113c iesp\u0113jas \u0101tr\u0101k, lai ar t\u0101m var\u0113tu iepaz\u012bties m\u016bsu klienti. Noliktavas darbinieks pie\u0146em pieg\u0101d\u0101t\u0101s preces un ir atbild\u012bgs par to komplekt\u0101cijas un kvalit\u0101tes p\u0101rbaudi. [&hellip;]","protected":false},"author":6,"featured_media":0,"parent":5781,"menu_order":0,"comment_status":"closed","ping_status":"closed","template":"","meta":{"_acf_changed":false,"inline_featured_image":false,"footnotes":""},"class_list":["post-5822","page","type-page","status-publish","hentry"],"acf":[],"yoast_head":"<!-- This site is optimized with the Yoast SEO plugin v27.2 - https:\/\/yoast.com\/product\/yoast-seo-wordpress\/ -->\n<title>Pievienojies VAN GRAAF lo\u0123istikas komandai |\u00a0VAN GRAAF<\/title>\n<meta name=\"description\" content=\"Vai esi dom\u0101jis par karjeru modes nozar\u0113? Vai esi atv\u0113rts, apvelt\u012bts ar lo\u0123isko dom\u0101\u0161anu un tev pat\u012bk str\u0101d\u0101t komand\u0101? Pievienojies VAN GRAAF komandai!\" \/>\n<meta name=\"robots\" content=\"index, follow, max-snippet:-1, max-image-preview:large, max-video-preview:-1\" \/>\n<link rel=\"canonical\" href=\"https:\/\/www.vangraaf.com\/lv\/karjera\/darbs-un-karjera\/logistika-un-tehniskais-nodrosinajums\/\" \/>\n<meta property=\"og:locale\" content=\"lv_LV\" \/>\n<meta property=\"og:type\" content=\"article\" \/>\n<meta property=\"og:title\" content=\"Pievienojies VAN GRAAF lo\u0123istikas komandai |\u00a0VAN GRAAF\" \/>\n<meta property=\"og:description\" content=\"Vai esi dom\u0101jis par karjeru modes nozar\u0113? Vai esi atv\u0113rts, apvelt\u012bts ar lo\u0123isko dom\u0101\u0161anu un tev pat\u012bk str\u0101d\u0101t komand\u0101? Pievienojies VAN GRAAF komandai!\" \/>\n<meta property=\"og:url\" content=\"https:\/\/www.vangraaf.com\/lv\/karjera\/darbs-un-karjera\/logistika-un-tehniskais-nodrosinajums\/\" \/>\n<meta property=\"og:site_name\" content=\"VAN GRAAF Latvija\" \/>\n<meta property=\"article:modified_time\" content=\"2022-07-13T11:44:14+00:00\" \/>\n<meta name=\"twitter:card\" content=\"summary_large_image\" \/>\n<meta name=\"twitter:label1\" content=\"Est. reading time\" \/>\n\t<meta name=\"twitter:data1\" content=\"4 min\u016btes\" \/>\n<script type=\"application\/ld+json\" class=\"yoast-schema-graph\">{\"@context\":\"https:\/\/schema.org\",\"@graph\":[{\"@type\":\"WebPage\",\"@id\":\"https:\/\/www.vangraaf.com\/lv\/karjera\/darbs-un-karjera\/logistika-un-tehniskais-nodrosinajums\/\",\"url\":\"https:\/\/www.vangraaf.com\/lv\/karjera\/darbs-un-karjera\/logistika-un-tehniskais-nodrosinajums\/\",\"name\":\"Pievienojies VAN GRAAF lo\u0123istikas komandai |\u00a0VAN GRAAF\",\"isPartOf\":{\"@id\":\"https:\/\/www.vangraaf.com\/lv\/#website\"},\"datePublished\":\"2022-04-26T08:12:12+00:00\",\"dateModified\":\"2022-07-13T11:44:14+00:00\",\"description\":\"Vai esi dom\u0101jis par karjeru modes nozar\u0113? Vai esi atv\u0113rts, apvelt\u012bts ar lo\u0123isko dom\u0101\u0161anu un tev pat\u012bk str\u0101d\u0101t komand\u0101? Pievienojies VAN GRAAF komandai!\",\"breadcrumb\":{\"@id\":\"https:\/\/www.vangraaf.com\/lv\/karjera\/darbs-un-karjera\/logistika-un-tehniskais-nodrosinajums\/#breadcrumb\"},\"inLanguage\":\"lv-LV\",\"potentialAction\":[{\"@type\":\"ReadAction\",\"target\":[\"https:\/\/www.vangraaf.com\/lv\/karjera\/darbs-un-karjera\/logistika-un-tehniskais-nodrosinajums\/\"]}]},{\"@type\":\"BreadcrumbList\",\"@id\":\"https:\/\/www.vangraaf.com\/lv\/karjera\/darbs-un-karjera\/logistika-un-tehniskais-nodrosinajums\/#breadcrumb\",\"itemListElement\":[{\"@type\":\"ListItem\",\"position\":1,\"name\":\"Home\",\"item\":\"https:\/\/www.vangraaf.com\/lv\/\"},{\"@type\":\"ListItem\",\"position\":2,\"name\":\"Karjera\",\"item\":\"https:\/\/www.vangraaf.com\/lv\/karjera\/\"},{\"@type\":\"ListItem\",\"position\":3,\"name\":\"Darbs un Karjera\",\"item\":\"https:\/\/www.vangraaf.com\/lv\/karjera\/darbs-un-karjera\/\"},{\"@type\":\"ListItem\",\"position\":4,\"name\":\"Lo\u0123istika un tehniskais nodro\u0161in\u0101jums\"}]},{\"@type\":\"WebSite\",\"@id\":\"https:\/\/www.vangraaf.com\/lv\/#website\",\"url\":\"https:\/\/www.vangraaf.com\/lv\/\",\"name\":\"VAN GRAAF\",\"description\":\"VAN GRAAF\",\"potentialAction\":[{\"@type\":\"SearchAction\",\"target\":{\"@type\":\"EntryPoint\",\"urlTemplate\":\"https:\/\/www.vangraaf.com\/lv\/?s={search_term_string}\"},\"query-input\":{\"@type\":\"PropertyValueSpecification\",\"valueRequired\":true,\"valueName\":\"search_term_string\"}}],\"inLanguage\":\"lv-LV\"}]}<\/script>\n<!-- \/ Yoast SEO plugin. -->","yoast_head_json":{"title":"Pievienojies VAN GRAAF lo\u0123istikas komandai |\u00a0VAN GRAAF","description":"Vai esi dom\u0101jis par karjeru modes nozar\u0113? Vai esi atv\u0113rts, apvelt\u012bts ar lo\u0123isko dom\u0101\u0161anu un tev pat\u012bk str\u0101d\u0101t komand\u0101? Pievienojies VAN GRAAF komandai!","robots":{"index":"index","follow":"follow","max-snippet":"max-snippet:-1","max-image-preview":"max-image-preview:large","max-video-preview":"max-video-preview:-1"},"canonical":"https:\/\/www.vangraaf.com\/lv\/karjera\/darbs-un-karjera\/logistika-un-tehniskais-nodrosinajums\/","og_locale":"lv_LV","og_type":"article","og_title":"Pievienojies VAN GRAAF lo\u0123istikas komandai |\u00a0VAN GRAAF","og_description":"Vai esi dom\u0101jis par karjeru modes nozar\u0113? Vai esi atv\u0113rts, apvelt\u012bts ar lo\u0123isko dom\u0101\u0161anu un tev pat\u012bk str\u0101d\u0101t komand\u0101? Pievienojies VAN GRAAF komandai!","og_url":"https:\/\/www.vangraaf.com\/lv\/karjera\/darbs-un-karjera\/logistika-un-tehniskais-nodrosinajums\/","og_site_name":"VAN GRAAF Latvija","article_modified_time":"2022-07-13T11:44:14+00:00","twitter_card":"summary_large_image","twitter_misc":{"Est. reading time":"4 min\u016btes"},"schema":{"@context":"https:\/\/schema.org","@graph":[{"@type":"WebPage","@id":"https:\/\/www.vangraaf.com\/lv\/karjera\/darbs-un-karjera\/logistika-un-tehniskais-nodrosinajums\/","url":"https:\/\/www.vangraaf.com\/lv\/karjera\/darbs-un-karjera\/logistika-un-tehniskais-nodrosinajums\/","name":"Pievienojies VAN GRAAF lo\u0123istikas komandai |\u00a0VAN GRAAF","isPartOf":{"@id":"https:\/\/www.vangraaf.com\/lv\/#website"},"datePublished":"2022-04-26T08:12:12+00:00","dateModified":"2022-07-13T11:44:14+00:00","description":"Vai esi dom\u0101jis par karjeru modes nozar\u0113? Vai esi atv\u0113rts, apvelt\u012bts ar lo\u0123isko dom\u0101\u0161anu un tev pat\u012bk str\u0101d\u0101t komand\u0101? Pievienojies VAN GRAAF komandai!","breadcrumb":{"@id":"https:\/\/www.vangraaf.com\/lv\/karjera\/darbs-un-karjera\/logistika-un-tehniskais-nodrosinajums\/#breadcrumb"},"inLanguage":"lv-LV","potentialAction":[{"@type":"ReadAction","target":["https:\/\/www.vangraaf.com\/lv\/karjera\/darbs-un-karjera\/logistika-un-tehniskais-nodrosinajums\/"]}]},{"@type":"BreadcrumbList","@id":"https:\/\/www.vangraaf.com\/lv\/karjera\/darbs-un-karjera\/logistika-un-tehniskais-nodrosinajums\/#breadcrumb","itemListElement":[{"@type":"ListItem","position":1,"name":"Home","item":"https:\/\/www.vangraaf.com\/lv\/"},{"@type":"ListItem","position":2,"name":"Karjera","item":"https:\/\/www.vangraaf.com\/lv\/karjera\/"},{"@type":"ListItem","position":3,"name":"Darbs un Karjera","item":"https:\/\/www.vangraaf.com\/lv\/karjera\/darbs-un-karjera\/"},{"@type":"ListItem","position":4,"name":"Lo\u0123istika un tehniskais nodro\u0161in\u0101jums"}]},{"@type":"WebSite","@id":"https:\/\/www.vangraaf.com\/lv\/#website","url":"https:\/\/www.vangraaf.com\/lv\/","name":"VAN GRAAF","description":"VAN GRAAF","potentialAction":[{"@type":"SearchAction","target":{"@type":"EntryPoint","urlTemplate":"https:\/\/www.vangraaf.com\/lv\/?s={search_term_string}"},"query-input":{"@type":"PropertyValueSpecification","valueRequired":true,"valueName":"search_term_string"}}],"inLanguage":"lv-LV"}]}},"_links":{"self":[{"href":"https:\/\/www.vangraaf.com\/lv\/wp-json\/wp\/v2\/pages\/5822","targetHints":{"allow":["GET"]}}],"collection":[{"href":"https:\/\/www.vangraaf.com\/lv\/wp-json\/wp\/v2\/pages"}],"about":[{"href":"https:\/\/www.vangraaf.com\/lv\/wp-json\/wp\/v2\/types\/page"}],"author":[{"embeddable":true,"href":"https:\/\/www.vangraaf.com\/lv\/wp-json\/wp\/v2\/users\/6"}],"replies":[{"embeddable":true,"href":"https:\/\/www.vangraaf.com\/lv\/wp-json\/wp\/v2\/comments?post=5822"}],"version-history":[{"count":14,"href":"https:\/\/www.vangraaf.com\/lv\/wp-json\/wp\/v2\/pages\/5822\/revisions"}],"predecessor-version":[{"id":6285,"href":"https:\/\/www.vangraaf.com\/lv\/wp-json\/wp\/v2\/pages\/5822\/revisions\/6285"}],"up":[{"embeddable":true,"href":"https:\/\/www.vangraaf.com\/lv\/wp-json\/wp\/v2\/pages\/5781"}],"wp:attachment":[{"href":"https:\/\/www.vangraaf.com\/lv\/wp-json\/wp\/v2\/media?parent=5822"}],"curies":[{"name":"wp","href":"https:\/\/api.w.org\/{rel}","templated":true}]}}