{"id":5811,"date":"2022-04-26T09:33:47","date_gmt":"2022-04-26T07:33:47","guid":{"rendered":"https:\/\/www.vangraaf.com\/lv\/?page_id=5811"},"modified":"2023-04-11T15:00:15","modified_gmt":"2023-04-11T13:00:15","slug":"uznemums","status":"publish","type":"page","link":"https:\/\/www.vangraaf.com\/lv\/karjera\/mes\/uznemums\/","title":{"rendered":"Uz\u0146\u0113mums"},"content":{"rendered":"<div class=\"wpb-content-wrapper\">[vc_row bwd_tbc4vd_show_weekday=&#8221;&#8221; full_width=&#8221;stretch_row_content_no_spaces&#8221;][vc_column]<div class=\"keyvisual\" data-aos=\"fade-up\" ><img loading=\"lazy\" decoding=\"async\" width=\"1440\" height=\"480\" src=\"https:\/\/www.vangraaf.com\/lv\/wp-content\/uploads\/sites\/5\/2022\/05\/DasUnternehmen_VG.jpg\" class=\"vc_single_image-img\" alt=\"Uz\u0146\u0113mums\" srcset=\"https:\/\/www.vangraaf.com\/lv\/wp-content\/uploads\/sites\/5\/2022\/05\/DasUnternehmen_VG.jpg 1440w, https:\/\/www.vangraaf.com\/lv\/wp-content\/uploads\/sites\/5\/2022\/05\/DasUnternehmen_VG-300x100.jpg 300w, https:\/\/www.vangraaf.com\/lv\/wp-content\/uploads\/sites\/5\/2022\/05\/DasUnternehmen_VG-1024x341.jpg 1024w, https:\/\/www.vangraaf.com\/lv\/wp-content\/uploads\/sites\/5\/2022\/05\/DasUnternehmen_VG-768x256.jpg 768w, https:\/\/www.vangraaf.com\/lv\/wp-content\/uploads\/sites\/5\/2022\/05\/DasUnternehmen_VG-1200x400.jpg 1200w, https:\/\/www.vangraaf.com\/lv\/wp-content\/uploads\/sites\/5\/2022\/05\/DasUnternehmen_VG-992x331.jpg 992w, https:\/\/www.vangraaf.com\/lv\/wp-content\/uploads\/sites\/5\/2022\/05\/DasUnternehmen_VG-480x160.jpg 480w, https:\/\/www.vangraaf.com\/lv\/wp-content\/uploads\/sites\/5\/2022\/05\/DasUnternehmen_VG-690x230.jpg 690w\" sizes=\"(max-width: 1440px) 100vw, 1440px\" \/><\/div>\n        <div class=\"headlines headlines--center\" data-aos=\"fade-up\">\n            <div class=\"vc_row\">\n                <div class=\"vc_col-md-10 vc_col-md-offset-1 vc_col-lg-10 vc_col-lg-offset-1\"><span class=\"h6\">M\u0113s esam VAN GRAAF<\/span><h1 class=\"h2\">Fakti un atra\u0161an\u0101s vietas<\/h1><\/div>\n            <\/div>\n        <\/div>[vc_column_text]VAN GRAAF simboliz\u0113 fascin\u0113jo\u0161u modes pieredzi. M\u016bsu veiksm\u012bg\u0101 mazumtirdzniec\u012bbas koncepcija, kas tika dibin\u0101ta Peek&amp;Cloppenburg KG Hamburg pasp\u0101rn\u0113, tagad ietver vair\u0101k nek\u0101 17 veikalus Polij\u0101, \u010cehij\u0101, Ung\u0101rij\u0101, Latvij\u0101 un \u0160veic\u0113.\r\n\r\nK\u0101 daudzkan\u0101lu mazumtirgot\u0101js ar m\u016bsu tie\u0161saistes veikalu VANGRAAF.COM m\u0113s esam veiksm\u012bgi p\u0101rst\u0101v\u0113ti V\u0101cij\u0101 un Polij\u0101. Ar tie\u0161saistes veikla VANGRAAF.COM starpniec\u012bbu m\u0113s saviem klientiem esam gatavi pal\u012bdz\u0113t 24\/7, pied\u0101v\u0101jot daudzveid\u012bgus pakalpojumus un m\u016bsu aizraujo\u0161o z\u012bmolu pasauli.\r\n\r\nAr m\u0113r\u0137i pied\u0101v\u0101t m\u016bsu daudzkan\u0101lu iepirk\u0161an\u0101s pieredzi ar\u012b citviet vis\u0101 Eirop\u0101, m\u0113s kop\u0101 veidojam veiksm\u012bgu n\u0101kotni.\r\n\r\nVai v\u0113lies uzzin\u0101t vair\u0101k par to, kas m\u0113s esam un kas veido m\u016bsu uz\u0146\u0113mumu grupu? S\u0101kot no v\u0113stures l\u012bdz pat m\u016bsu modes kompetencei\u2013 uzzini visu par VAN GRAAF m\u016bsu <a href=\"https:\/\/www.vangraaf.com\/lv\/uznemums\/\">uz\u0146\u0113muma internetvietn\u0113<\/a>![\/vc_column_text][\/vc_column][\/vc_row][vc_row][vc_column]<div data-leaflet-options=\"{&quot;marker&quot;:{&quot;3703&quot;:{&quot;title&quot;:&quot;Budape\\u0161ta, Allee&quot;,&quot;lat&quot;:&quot;47.47537715&quot;,&quot;long&quot;:&quot;19.04934103&quot;,&quot;category&quot;:&quot;vg&quot;,&quot;tooltip&quot;:&quot;&lt;strong&gt;Budape\\u0161ta, Allee&lt;\\\/strong&gt;&lt;p&gt;P\\u0101rdo\\u0161anas noda\\u013ca&lt;\\\/p&gt;&lt;p&gt;&lt;a class=\\&quot;button\\&quot; href=\\&quot;https:\\\/\\\/www.vangraaf.com\\\/hu\\\/divathazaink\\\/budapest-allee\\\/\\&quot;&gt;Atra\\u0161an\\u0101s vieta&lt;\\\/a&gt;&lt;\\\/p&gt;&quot;},&quot;3704&quot;:{&quot;title&quot;:&quot;Budape\\u0161ta, \\u00c1rk\\u00e1d&quot;,&quot;lat&quot;:&quot;47.5030067&quot;,&quot;long&quot;:&quot;19.14136971&quot;,&quot;category&quot;:&quot;vg&quot;,&quot;tooltip&quot;:&quot;&lt;strong&gt;Budape\\u0161ta, \\u00c1rk\\u00e1d&lt;\\\/strong&gt;&lt;p&gt;P\\u0101rdo\\u0161anas noda\\u013ca&lt;\\\/p&gt;&lt;p&gt;&lt;a class=\\&quot;button\\&quot; href=\\&quot;https:\\\/\\\/www.vangraaf.com\\\/hu\\\/divathazaink\\\/budapest-arkad\\\/\\&quot;&gt;Atra\\u0161an\\u0101s vieta&lt;\\\/a&gt;&lt;\\\/p&gt;&quot;},&quot;3705&quot;:{&quot;title&quot;:&quot;Gda\\u0146ska&quot;,&quot;lat&quot;:&quot;54.3493276&quot;,&quot;long&quot;:&quot;18.6442557&quot;,&quot;category&quot;:&quot;vg&quot;,&quot;tooltip&quot;:&quot;&lt;strong&gt;Gda\\u0146ska&lt;\\\/strong&gt;&lt;p&gt;P\\u0101rdo\\u0161anas noda\\u013ca&lt;\\\/p&gt;&lt;p&gt;&lt;a class=\\&quot;button\\&quot; href=\\&quot;https:\\\/\\\/www.vangraaf.com\\\/pl\\\/salony\\\/nasze-filie\\\/gdansk\\\/\\&quot;&gt;Atra\\u0161an\\u0101s vieta&lt;\\\/a&gt;&lt;\\\/p&gt;&quot;},&quot;3706&quot;:{&quot;title&quot;:&quot;Gdi\\u0146ja&quot;,&quot;lat&quot;:&quot;54.5050165&quot;,&quot;long&quot;:&quot;18.5319454&quot;,&quot;category&quot;:&quot;vg&quot;,&quot;tooltip&quot;:&quot;&lt;strong&gt;Gdi\\u0146ja&lt;\\\/strong&gt;&lt;p&gt;P\\u0101rdo\\u0161anas noda\\u013ca&lt;\\\/p&gt;&lt;p&gt;&lt;a class=\\&quot;button\\&quot; href=\\&quot;https:\\\/\\\/www.vangraaf.com\\\/pl\\\/salony\\\/nasze-filie\\\/gdynia\\\/\\&quot;&gt;Atra\\u0161an\\u0101s vieta&lt;\\\/a&gt;&lt;\\\/p&gt;&quot;},&quot;3708&quot;:{&quot;title&quot;:&quot;Katowice Silesia City Center&quot;,&quot;lat&quot;:&quot;50.270513&quot;,&quot;long&quot;:&quot;19.0047342&quot;,&quot;category&quot;:&quot;vg&quot;,&quot;tooltip&quot;:&quot;&lt;strong&gt;Katowice Silesia City Center&lt;\\\/strong&gt;&lt;p&gt;P\\u0101rdo\\u0161anas noda\\u013ca&lt;\\\/p&gt;&lt;p&gt;&lt;a class=\\&quot;button\\&quot; href=\\&quot;https:\\\/\\\/www.vangraaf.com\\\/pl\\\/salony\\\/nasze-filie\\\/katowice\\\/\\&quot;&gt;Atra\\u0161an\\u0101s vieta&lt;\\\/a&gt;&lt;\\\/p&gt;&quot;},&quot;3707&quot;:{&quot;title&quot;:&quot;Kralova&quot;,&quot;lat&quot;:&quot;50.087115&quot;,&quot;long&quot;:&quot;19.977557&quot;,&quot;category&quot;:&quot;vg&quot;,&quot;tooltip&quot;:&quot;&lt;strong&gt;Kralova&lt;\\\/strong&gt;&lt;p&gt;P\\u0101rdo\\u0161anas noda\\u013ca&lt;\\\/p&gt;&lt;p&gt;&lt;a class=\\&quot;button\\&quot; href=\\&quot;https:\\\/\\\/www.vangraaf.com\\\/pl\\\/salony\\\/nasze-filie\\\/krakow\\\/\\&quot;&gt;Atra\\u0161an\\u0101s vieta&lt;\\\/a&gt;&lt;\\\/p&gt;&quot;},&quot;3709&quot;:{&quot;title&quot;:&quot;Lodza&quot;,&quot;lat&quot;:&quot;51.7792577&quot;,&quot;long&quot;:&quot;19.4447859&quot;,&quot;category&quot;:&quot;vg&quot;,&quot;tooltip&quot;:&quot;&lt;strong&gt;Lodza&lt;\\\/strong&gt;&lt;p&gt;P\\u0101rdo\\u0161anas noda\\u013ca&lt;\\\/p&gt;&lt;p&gt;&lt;a class=\\&quot;button\\&quot; href=\\&quot;https:\\\/\\\/www.vangraaf.com\\\/pl\\\/salony\\\/nasze-filie\\\/lodz\\\/\\&quot;&gt;Atra\\u0161an\\u0101s vieta&lt;\\\/a&gt;&lt;\\\/p&gt;&quot;},&quot;3710&quot;:{&quot;title&quot;:&quot;Pozna\\u0146a, Posnania&quot;,&quot;lat&quot;:&quot;52.39808223632361&quot;,&quot;long&quot;:&quot;16.94810108747227&quot;,&quot;category&quot;:&quot;vg&quot;,&quot;tooltip&quot;:&quot;&lt;strong&gt;Pozna\\u0146a, Posnania&lt;\\\/strong&gt;&lt;p&gt;P\\u0101rdo\\u0161anas noda\\u013ca&lt;\\\/p&gt;&lt;p&gt;&lt;a class=\\&quot;button\\&quot; href=\\&quot;https:\\\/\\\/www.vangraaf.com\\\/pl\\\/salony\\\/nasze-filie\\\/poznan-posnania\\\/\\&quot;&gt;Atra\\u0161an\\u0101s vieta&lt;\\\/a&gt;&lt;\\\/p&gt;&quot;},&quot;3711&quot;:{&quot;title&quot;:&quot;Pozna\\u0146a, Stary Browar&quot;,&quot;lat&quot;:&quot;52.4012985&quot;,&quot;long&quot;:&quot;16.9277759&quot;,&quot;category&quot;:&quot;vg&quot;,&quot;tooltip&quot;:&quot;&lt;strong&gt;Pozna\\u0146a, Stary Browar&lt;\\\/strong&gt;&lt;p&gt;P\\u0101rdo\\u0161anas noda\\u013ca&lt;\\\/p&gt;&lt;p&gt;&lt;a class=\\&quot;button\\&quot; href=\\&quot;https:\\\/\\\/www.vangraaf.com\\\/pl\\\/salony\\\/nasze-filie\\\/poznan-stary-browar\\\/\\&quot;&gt;Atra\\u0161an\\u0101s vieta&lt;\\\/a&gt;&lt;\\\/p&gt;&quot;},&quot;3717&quot;:{&quot;title&quot;:&quot;R\\u012bga&quot;,&quot;lat&quot;:&quot;56.9244304&quot;,&quot;long&quot;:&quot;24.1721953&quot;,&quot;category&quot;:&quot;vg&quot;,&quot;tooltip&quot;:&quot;&lt;strong&gt;R\\u012bga&lt;\\\/strong&gt;&lt;p&gt;P\\u0101rdo\\u0161anas noda\\u013ca&lt;\\\/p&gt;&lt;p&gt;&lt;a class=\\&quot;button\\&quot; href=\\&quot;https:\\\/\\\/www.vangraaf.com\\\/lv\\\/par-mums\\\/riga\\\/\\&quot;&gt;Atra\\u0161an\\u0101s vieta&lt;\\\/a&gt;&lt;\\\/p&gt;&quot;},&quot;3722&quot;:{&quot;title&quot;:&quot;Sopota&quot;,&quot;lat&quot;:&quot;54.44455297892016&quot;,&quot;long&quot;:&quot;18.567380152994758&quot;,&quot;category&quot;:&quot;vg&quot;,&quot;tooltip&quot;:&quot;&lt;strong&gt;Sopota&lt;\\\/strong&gt;&lt;p&gt;Outlet&lt;\\\/p&gt;&lt;p&gt;&lt;a class=\\&quot;button\\&quot; href=\\&quot;https:\\\/\\\/www.vangraaf.com\\\/pl\\\/salony\\\/nasze-filie\\\/sopot-outlet\\\/\\&quot;&gt;Atra\\u0161an\\u0101s vieta&lt;\\\/a&gt;&lt;\\\/p&gt;&quot;},&quot;3713&quot;:{&quot;title&quot;:&quot;Spreitenbach pie C\\u012brihes&quot;,&quot;lat&quot;:&quot;47.42360321&quot;,&quot;long&quot;:&quot;8.37162911&quot;,&quot;category&quot;:&quot;vg&quot;,&quot;tooltip&quot;:&quot;&lt;strong&gt;Spreitenbach pie C\\u012brihes&lt;\\\/strong&gt;&lt;p&gt;P\\u0101rdo\\u0161anas noda\\u013ca&lt;\\\/p&gt;&lt;p&gt;&lt;a class=\\&quot;button\\&quot; href=\\&quot;https:\\\/\\\/www.vangraaf.com\\\/ch\\\/haus\\\/spreitenbach\\\/\\&quot;&gt;Atra\\u0161an\\u0101s vieta&lt;\\\/a&gt;&lt;\\\/p&gt;&quot;},&quot;3714&quot;:{&quot;title&quot;:&quot;\\u0160\\u010decina&quot;,&quot;lat&quot;:&quot;53.4277687&quot;,&quot;long&quot;:&quot;14.5511149&quot;,&quot;category&quot;:&quot;vg&quot;,&quot;tooltip&quot;:&quot;&lt;strong&gt;\\u0160\\u010decina&lt;\\\/strong&gt;&lt;p&gt;P\\u0101rdo\\u0161anas noda\\u013ca&lt;\\\/p&gt;&lt;p&gt;&lt;a class=\\&quot;button\\&quot; href=\\&quot;https:\\\/\\\/www.vangraaf.com\\\/pl\\\/salony\\\/nasze-filie\\\/szczecin\\\/\\&quot;&gt;Atra\\u0161an\\u0101s vieta&lt;\\\/a&gt;&lt;\\\/p&gt;&quot;},&quot;3721&quot;:{&quot;title&quot;:&quot;Var\\u0161ava, Galeria M\\u0142ociny&quot;,&quot;lat&quot;:&quot;52.288160&quot;,&quot;long&quot;:&quot;20.928220&quot;,&quot;category&quot;:&quot;vg&quot;,&quot;tooltip&quot;:&quot;&lt;strong&gt;Var\\u0161ava, Galeria M\\u0142ociny&lt;\\\/strong&gt;&lt;p&gt;P\\u0101rdo\\u0161anas noda\\u013ca&lt;\\\/p&gt;&lt;p&gt;&lt;a class=\\&quot;button\\&quot; href=\\&quot;https:\\\/\\\/www.vangraaf.com\\\/pl\\\/salony\\\/nasze-filie\\\/warszawa-galerii-mlociny\\\/\\&quot;&gt;Atra\\u0161an\\u0101s vieta&lt;\\\/a&gt;&lt;\\\/p&gt;&quot;},&quot;3715&quot;:{&quot;title&quot;:&quot;Var\\u0161ava, Z\\u0142ote Tarasy&quot;,&quot;lat&quot;:&quot;52.2307089&quot;,&quot;long&quot;:&quot;21.0021248&quot;,&quot;category&quot;:&quot;vg&quot;,&quot;tooltip&quot;:&quot;&lt;strong&gt;Var\\u0161ava, Z\\u0142ote Tarasy&lt;\\\/strong&gt;&lt;p&gt;P\\u0101rdo\\u0161anas noda\\u013ca&lt;\\\/p&gt;&lt;p&gt;&lt;a class=\\&quot;button\\&quot; href=\\&quot;https:\\\/\\\/www.vangraaf.com\\\/pl\\\/salony\\\/nasze-filie\\\/warszawa-zlote-tarasy\\\/\\&quot;&gt;Atra\\u0161an\\u0101s vieta&lt;\\\/a&gt;&lt;\\\/p&gt;&quot;},&quot;3716&quot;:{&quot;title&quot;:&quot;Vroclava&quot;,&quot;lat&quot;:&quot;51.1083488&quot;,&quot;long&quot;:&quot;17.0404282&quot;,&quot;category&quot;:&quot;vg&quot;,&quot;tooltip&quot;:&quot;&lt;strong&gt;Vroclava&lt;\\\/strong&gt;&lt;p&gt;P\\u0101rdo\\u0161anas noda\\u013ca&lt;\\\/p&gt;&lt;p&gt;&lt;a class=\\&quot;button\\&quot; href=\\&quot;https:\\\/\\\/www.vangraaf.com\\\/pl\\\/salony\\\/nasze-filie\\\/wroclaw\\\/\\&quot;&gt;Atra\\u0161an\\u0101s vieta&lt;\\\/a&gt;&lt;\\\/p&gt;&quot;}},&quot;zoom&quot;:&quot;5&quot;,&quot;center&quot;:{&quot;lat&quot;:&quot;53.08275410884729&quot;,&quot;long&quot;:&quot;15.491434221122145&quot;}}\" data-uc-options=\"{&quot;serviceName&quot;:&quot;OpenStreetMap&quot;,&quot;serviceID&quot;:&quot;j7Igy6o8D&quot;,&quot;description&quot;:&quot;Kartes satura iegul\\u0161anai m\\u0113s izmantojam tre\\u0161\\u0101s personas pakalpojumu. \\u0160is pakalpojums var apkopot datus par j\\u016bsu aktivit\\u0101t\\u0113m. Lai apskat\\u012btu \\u0161o karti, l\\u016bdzu, izlasiet inform\\u0101ciju un piekr\\u012btiet pakalpojuma izmanto\\u0161anai.&quot;}\"><div id=\"leaflet\"><\/div><\/div>[\/vc_column][\/vc_row][vc_row bwd_tbc4vd_show_weekday=&#8221;&#8221; full_width=&#8221;stretch_row_content_no_spaces&#8221;][vc_column]\n        <div class=\"headlines headlines--center\" data-aos=\"fade-up\">\n            <div class=\"vc_row\">\n                <div class=\"vc_col-md-10 vc_col-md-offset-1 vc_col-lg-10 vc_col-lg-offset-1\"><h2 class=\"h2\">Vair\u0101k par VAN GRAAF<\/h2><\/div>\n            <\/div>\n        <\/div>[vc_row_inner bwd_tbc4vd_show_weekday=&#8221;&#8221; row_design=&#8221;row_square_background&#8221;][vc_column_inner width=&#8221;1\/3&#8243;]<div class=\"vg-element cta-teaser cta-teaser--center\" data-aos=\"fade-up\"><div class=\"cta-teaser__image\"><a class=\"\" href=\"https:\/\/www.vangraaf.com\/lv\/karjera\/mes\/musu-kopejais-darbs\/\" target=\"_self\" rel=\"\" style=\"\"><img loading=\"lazy\" decoding=\"async\" width=\"380\" height=\"254\" src=\"https:\/\/www.vangraaf.com\/lv\/wp-content\/uploads\/sites\/5\/2022\/05\/M7_D_Wir_Headerbild_Gruppe_030-6.jpg\" class=\"vc_single_image-img attachment-full\" alt=\"M\u016bsu kop\u0113jais darbs\" title=\"M\u016bsu kop\u0113jais darbs\" srcset=\"https:\/\/www.vangraaf.com\/lv\/wp-content\/uploads\/sites\/5\/2022\/05\/M7_D_Wir_Headerbild_Gruppe_030-6.jpg 380w, https:\/\/www.vangraaf.com\/lv\/wp-content\/uploads\/sites\/5\/2022\/05\/M7_D_Wir_Headerbild_Gruppe_030-6-300x201.jpg 300w\" sizes=\"(max-width: 380px) 100vw, 380px\" \/><\/a><\/div><div class=\"cta-teaser__text\"><h3>Vienoti kop\u0101<\/h3><p>M\u016bs vieno kop\u012bga aizraut\u012bba ar modi un cilv\u0113kiem. Uzzini vair\u0101k par kult\u016bru VAN GRAAF.<\/p><a class=\"button\" href=\"https:\/\/www.vangraaf.com\/lv\/karjera\/mes\/musu-kopejais-darbs\/\" target=\"_self\" rel=\"\" style=\"\">Uzzin\u0101t vair\u0101k<\/a><\/div><\/div>[\/vc_column_inner][vc_column_inner width=&#8221;1\/3&#8243;]<div class=\"vg-element cta-teaser cta-teaser--center\" data-aos=\"fade-up\"><div class=\"cta-teaser__image\"><a class=\"\" href=\"https:\/\/www.vangraaf.com\/lv\/karjera\/kontakti\/\" target=\"_self\" rel=\"\" style=\"\"><img loading=\"lazy\" decoding=\"async\" width=\"380\" height=\"254\" src=\"https:\/\/www.vangraaf.com\/lv\/wp-content\/uploads\/sites\/5\/2021\/05\/Andersone.jpg\" class=\"vc_single_image-img attachment-full\" alt=\"\" title=\"Andersone\" srcset=\"https:\/\/www.vangraaf.com\/lv\/wp-content\/uploads\/sites\/5\/2021\/05\/Andersone.jpg 380w, https:\/\/www.vangraaf.com\/lv\/wp-content\/uploads\/sites\/5\/2021\/05\/Andersone-300x201.jpg 300w\" sizes=\"(max-width: 380px) 100vw, 380px\" \/><\/a><\/div><div class=\"cta-teaser__text\"><h3>Kontaktpersona<\/h3><p>Tev ir jaut\u0101jumi par darba uzs\u0101k\u0161anas iesp\u0113j\u0101m VAN GRAAF? Tad sazinies ar Baibu: +371 29463626<\/p><a class=\"button\" href=\"https:\/\/www.vangraaf.com\/lv\/karjera\/kontakti\/\" target=\"_self\" rel=\"\" style=\"\">S\u016bt\u012bt e-pastu<\/a><\/div><\/div>[\/vc_column_inner][vc_column_inner width=&#8221;1\/3&#8243;]<div class=\"vg-element cta-teaser cta-teaser--center\" data-aos=\"fade-up\"><div class=\"cta-teaser__image\"><a class=\"\" href=\"https:\/\/www.vangraaf.com\/lv\/karjera\/mes\/attistiba\/\" target=\"_self\" rel=\"\" style=\"\"><img loading=\"lazy\" decoding=\"async\" width=\"380\" height=\"254\" src=\"https:\/\/www.vangraaf.com\/lv\/wp-content\/uploads\/sites\/5\/2022\/05\/M12_D_GRUPPE_PORTRAIT_TRAINER_025-1.jpg\" class=\"vc_single_image-img attachment-full\" alt=\"Att\u012bst\u012bba\" title=\"Att\u012bst\u012bba\" srcset=\"https:\/\/www.vangraaf.com\/lv\/wp-content\/uploads\/sites\/5\/2022\/05\/M12_D_GRUPPE_PORTRAIT_TRAINER_025-1.jpg 380w, https:\/\/www.vangraaf.com\/lv\/wp-content\/uploads\/sites\/5\/2022\/05\/M12_D_GRUPPE_PORTRAIT_TRAINER_025-1-300x201.jpg 300w\" sizes=\"(max-width: 380px) 100vw, 380px\" \/><\/a><\/div><div class=\"cta-teaser__text\"><h3>Att\u012bst\u012bba<\/h3><p>M\u0101c\u012bties vienm\u0113r ir mod\u0113! Ar daudzveid\u012bg\u0101m apm\u0101c\u012bbu iesp\u0113j\u0101m m\u0113s Tevi sagatavosim n\u0101kotnei VAN GRAAF.<\/p><a class=\"button\" href=\"https:\/\/www.vangraaf.com\/lv\/karjera\/mes\/attistiba\/\" target=\"_self\" rel=\"\" style=\"\">Uzzin\u0101t vair\u0101k<\/a><\/div><\/div>[\/vc_column_inner][\/vc_row_inner][\/vc_column][\/vc_row]<\/div>","protected":false},"excerpt":{"rendered":"[vc_row bwd_tbc4vd_show_weekday=&#8221;&#8221; full_width=&#8221;stretch_row_content_no_spaces&#8221;][vc_column][vc_column_text]VAN GRAAF simboliz\u0113 fascin\u0113jo\u0161u modes pieredzi. M\u016bsu veiksm\u012bg\u0101 mazumtirdzniec\u012bbas koncepcija, kas tika dibin\u0101ta Peek&amp;Cloppenburg KG Hamburg pasp\u0101rn\u0113, tagad ietver vair\u0101k nek\u0101 17 veikalus Polij\u0101, \u010cehij\u0101, Ung\u0101rij\u0101, Latvij\u0101 un \u0160veic\u0113. K\u0101 daudzkan\u0101lu mazumtirgot\u0101js ar m\u016bsu tie\u0161saistes veikalu VANGRAAF.COM m\u0113s esam veiksm\u012bgi p\u0101rst\u0101v\u0113ti V\u0101cij\u0101 un Polij\u0101. Ar tie\u0161saistes veikla VANGRAAF.COM starpniec\u012bbu m\u0113s saviem klientiem esam [&hellip;]","protected":false},"author":6,"featured_media":0,"parent":5785,"menu_order":0,"comment_status":"closed","ping_status":"closed","template":"","meta":{"_acf_changed":false,"inline_featured_image":false,"footnotes":""},"class_list":["post-5811","page","type-page","status-publish","hentry"],"acf":[],"yoast_head":"<!-- This site is optimized with the Yoast SEO plugin v27.2 - https:\/\/yoast.com\/product\/yoast-seo-wordpress\/ -->\n<title>Fakti un atra\u0161an\u0101s vietas I VAN GRAAF<\/title>\n<meta name=\"description\" content=\"Eirop\u0101: m\u016bsu VAN GRAAF veikalus Tu atrad\u012bsi vair\u0101k nek\u0101 16 viet\u0101s Polij\u0101, \u010cehij\u0101, Ung\u0101rij\u0101, Latvij\u0101 un \u0160veic\u0113.\" \/>\n<meta name=\"robots\" content=\"index, follow, max-snippet:-1, max-image-preview:large, max-video-preview:-1\" \/>\n<link rel=\"canonical\" href=\"https:\/\/www.vangraaf.com\/lv\/karjera\/mes\/uznemums\/\" \/>\n<meta property=\"og:locale\" content=\"lv_LV\" \/>\n<meta property=\"og:type\" content=\"article\" \/>\n<meta property=\"og:title\" content=\"Fakti un atra\u0161an\u0101s vietas I VAN GRAAF\" \/>\n<meta property=\"og:description\" content=\"Eirop\u0101: m\u016bsu VAN GRAAF veikalus Tu atrad\u012bsi vair\u0101k nek\u0101 16 viet\u0101s Polij\u0101, \u010cehij\u0101, Ung\u0101rij\u0101, Latvij\u0101 un \u0160veic\u0113.\" \/>\n<meta property=\"og:url\" content=\"https:\/\/www.vangraaf.com\/lv\/karjera\/mes\/uznemums\/\" \/>\n<meta property=\"og:site_name\" content=\"VAN GRAAF Latvija\" \/>\n<meta property=\"article:modified_time\" content=\"2023-04-11T13:00:15+00:00\" \/>\n<meta name=\"twitter:card\" content=\"summary_large_image\" \/>\n<meta name=\"twitter:label1\" content=\"Est. reading time\" \/>\n\t<meta name=\"twitter:data1\" content=\"2 min\u016btes\" \/>\n<script type=\"application\/ld+json\" class=\"yoast-schema-graph\">{\"@context\":\"https:\/\/schema.org\",\"@graph\":[{\"@type\":\"WebPage\",\"@id\":\"https:\/\/www.vangraaf.com\/lv\/karjera\/mes\/uznemums\/\",\"url\":\"https:\/\/www.vangraaf.com\/lv\/karjera\/mes\/uznemums\/\",\"name\":\"Fakti un atra\u0161an\u0101s vietas I VAN GRAAF\",\"isPartOf\":{\"@id\":\"https:\/\/www.vangraaf.com\/lv\/#website\"},\"datePublished\":\"2022-04-26T07:33:47+00:00\",\"dateModified\":\"2023-04-11T13:00:15+00:00\",\"description\":\"Eirop\u0101: m\u016bsu VAN GRAAF veikalus Tu atrad\u012bsi vair\u0101k nek\u0101 16 viet\u0101s Polij\u0101, \u010cehij\u0101, Ung\u0101rij\u0101, Latvij\u0101 un \u0160veic\u0113.\",\"breadcrumb\":{\"@id\":\"https:\/\/www.vangraaf.com\/lv\/karjera\/mes\/uznemums\/#breadcrumb\"},\"inLanguage\":\"lv-LV\",\"potentialAction\":[{\"@type\":\"ReadAction\",\"target\":[\"https:\/\/www.vangraaf.com\/lv\/karjera\/mes\/uznemums\/\"]}]},{\"@type\":\"BreadcrumbList\",\"@id\":\"https:\/\/www.vangraaf.com\/lv\/karjera\/mes\/uznemums\/#breadcrumb\",\"itemListElement\":[{\"@type\":\"ListItem\",\"position\":1,\"name\":\"Home\",\"item\":\"https:\/\/www.vangraaf.com\/lv\/\"},{\"@type\":\"ListItem\",\"position\":2,\"name\":\"Karjera\",\"item\":\"https:\/\/www.vangraaf.com\/lv\/karjera\/\"},{\"@type\":\"ListItem\",\"position\":3,\"name\":\"M\u0113s\",\"item\":\"https:\/\/www.vangraaf.com\/lv\/karjera\/mes\/\"},{\"@type\":\"ListItem\",\"position\":4,\"name\":\"Uz\u0146\u0113mums\"}]},{\"@type\":\"WebSite\",\"@id\":\"https:\/\/www.vangraaf.com\/lv\/#website\",\"url\":\"https:\/\/www.vangraaf.com\/lv\/\",\"name\":\"VAN GRAAF\",\"description\":\"VAN GRAAF\",\"potentialAction\":[{\"@type\":\"SearchAction\",\"target\":{\"@type\":\"EntryPoint\",\"urlTemplate\":\"https:\/\/www.vangraaf.com\/lv\/?s={search_term_string}\"},\"query-input\":{\"@type\":\"PropertyValueSpecification\",\"valueRequired\":true,\"valueName\":\"search_term_string\"}}],\"inLanguage\":\"lv-LV\"}]}<\/script>\n<!-- \/ Yoast SEO plugin. -->","yoast_head_json":{"title":"Fakti un atra\u0161an\u0101s vietas I VAN GRAAF","description":"Eirop\u0101: m\u016bsu VAN GRAAF veikalus Tu atrad\u012bsi vair\u0101k nek\u0101 16 viet\u0101s Polij\u0101, \u010cehij\u0101, Ung\u0101rij\u0101, Latvij\u0101 un \u0160veic\u0113.","robots":{"index":"index","follow":"follow","max-snippet":"max-snippet:-1","max-image-preview":"max-image-preview:large","max-video-preview":"max-video-preview:-1"},"canonical":"https:\/\/www.vangraaf.com\/lv\/karjera\/mes\/uznemums\/","og_locale":"lv_LV","og_type":"article","og_title":"Fakti un atra\u0161an\u0101s vietas I VAN GRAAF","og_description":"Eirop\u0101: m\u016bsu VAN GRAAF veikalus Tu atrad\u012bsi vair\u0101k nek\u0101 16 viet\u0101s Polij\u0101, \u010cehij\u0101, Ung\u0101rij\u0101, Latvij\u0101 un \u0160veic\u0113.","og_url":"https:\/\/www.vangraaf.com\/lv\/karjera\/mes\/uznemums\/","og_site_name":"VAN GRAAF Latvija","article_modified_time":"2023-04-11T13:00:15+00:00","twitter_card":"summary_large_image","twitter_misc":{"Est. reading time":"2 min\u016btes"},"schema":{"@context":"https:\/\/schema.org","@graph":[{"@type":"WebPage","@id":"https:\/\/www.vangraaf.com\/lv\/karjera\/mes\/uznemums\/","url":"https:\/\/www.vangraaf.com\/lv\/karjera\/mes\/uznemums\/","name":"Fakti un atra\u0161an\u0101s vietas I VAN GRAAF","isPartOf":{"@id":"https:\/\/www.vangraaf.com\/lv\/#website"},"datePublished":"2022-04-26T07:33:47+00:00","dateModified":"2023-04-11T13:00:15+00:00","description":"Eirop\u0101: m\u016bsu VAN GRAAF veikalus Tu atrad\u012bsi vair\u0101k nek\u0101 16 viet\u0101s Polij\u0101, \u010cehij\u0101, Ung\u0101rij\u0101, Latvij\u0101 un \u0160veic\u0113.","breadcrumb":{"@id":"https:\/\/www.vangraaf.com\/lv\/karjera\/mes\/uznemums\/#breadcrumb"},"inLanguage":"lv-LV","potentialAction":[{"@type":"ReadAction","target":["https:\/\/www.vangraaf.com\/lv\/karjera\/mes\/uznemums\/"]}]},{"@type":"BreadcrumbList","@id":"https:\/\/www.vangraaf.com\/lv\/karjera\/mes\/uznemums\/#breadcrumb","itemListElement":[{"@type":"ListItem","position":1,"name":"Home","item":"https:\/\/www.vangraaf.com\/lv\/"},{"@type":"ListItem","position":2,"name":"Karjera","item":"https:\/\/www.vangraaf.com\/lv\/karjera\/"},{"@type":"ListItem","position":3,"name":"M\u0113s","item":"https:\/\/www.vangraaf.com\/lv\/karjera\/mes\/"},{"@type":"ListItem","position":4,"name":"Uz\u0146\u0113mums"}]},{"@type":"WebSite","@id":"https:\/\/www.vangraaf.com\/lv\/#website","url":"https:\/\/www.vangraaf.com\/lv\/","name":"VAN GRAAF","description":"VAN GRAAF","potentialAction":[{"@type":"SearchAction","target":{"@type":"EntryPoint","urlTemplate":"https:\/\/www.vangraaf.com\/lv\/?s={search_term_string}"},"query-input":{"@type":"PropertyValueSpecification","valueRequired":true,"valueName":"search_term_string"}}],"inLanguage":"lv-LV"}]}},"_links":{"self":[{"href":"https:\/\/www.vangraaf.com\/lv\/wp-json\/wp\/v2\/pages\/5811","targetHints":{"allow":["GET"]}}],"collection":[{"href":"https:\/\/www.vangraaf.com\/lv\/wp-json\/wp\/v2\/pages"}],"about":[{"href":"https:\/\/www.vangraaf.com\/lv\/wp-json\/wp\/v2\/types\/page"}],"author":[{"embeddable":true,"href":"https:\/\/www.vangraaf.com\/lv\/wp-json\/wp\/v2\/users\/6"}],"replies":[{"embeddable":true,"href":"https:\/\/www.vangraaf.com\/lv\/wp-json\/wp\/v2\/comments?post=5811"}],"version-history":[{"count":14,"href":"https:\/\/www.vangraaf.com\/lv\/wp-json\/wp\/v2\/pages\/5811\/revisions"}],"predecessor-version":[{"id":6494,"href":"https:\/\/www.vangraaf.com\/lv\/wp-json\/wp\/v2\/pages\/5811\/revisions\/6494"}],"up":[{"embeddable":true,"href":"https:\/\/www.vangraaf.com\/lv\/wp-json\/wp\/v2\/pages\/5785"}],"wp:attachment":[{"href":"https:\/\/www.vangraaf.com\/lv\/wp-json\/wp\/v2\/media?parent=5811"}],"curies":[{"name":"wp","href":"https:\/\/api.w.org\/{rel}","templated":true}]}}