{"id":5809,"date":"2022-04-26T09:33:26","date_gmt":"2022-04-26T07:33:26","guid":{"rendered":"https:\/\/www.vangraaf.com\/lv\/?page_id=5809"},"modified":"2023-04-20T13:52:52","modified_gmt":"2023-04-20T11:52:52","slug":"ieguvumi","status":"publish","type":"page","link":"https:\/\/www.vangraaf.com\/lv\/karjera\/mes\/ieguvumi\/","title":{"rendered":"Ieguvumi"},"content":{"rendered":"<div class=\"wpb-content-wrapper\">[vc_row bwd_tbc4vd_show_weekday=&#8221;&#8221; full_width=&#8221;stretch_row_content_no_spaces&#8221;][vc_column]<div class=\"keyvisual\" data-aos=\"fade-up\" ><img loading=\"lazy\" decoding=\"async\" width=\"1440\" height=\"480\" src=\"https:\/\/www.vangraaf.com\/lv\/wp-content\/uploads\/sites\/5\/2022\/05\/M7_B_Wir_Headerbild_Gruppe_042.jpg\" class=\"vc_single_image-img\" alt=\"Ieguvumi\" srcset=\"https:\/\/www.vangraaf.com\/lv\/wp-content\/uploads\/sites\/5\/2022\/05\/M7_B_Wir_Headerbild_Gruppe_042.jpg 1440w, https:\/\/www.vangraaf.com\/lv\/wp-content\/uploads\/sites\/5\/2022\/05\/M7_B_Wir_Headerbild_Gruppe_042-300x100.jpg 300w, https:\/\/www.vangraaf.com\/lv\/wp-content\/uploads\/sites\/5\/2022\/05\/M7_B_Wir_Headerbild_Gruppe_042-1024x341.jpg 1024w, https:\/\/www.vangraaf.com\/lv\/wp-content\/uploads\/sites\/5\/2022\/05\/M7_B_Wir_Headerbild_Gruppe_042-768x256.jpg 768w, https:\/\/www.vangraaf.com\/lv\/wp-content\/uploads\/sites\/5\/2022\/05\/M7_B_Wir_Headerbild_Gruppe_042-1200x400.jpg 1200w, https:\/\/www.vangraaf.com\/lv\/wp-content\/uploads\/sites\/5\/2022\/05\/M7_B_Wir_Headerbild_Gruppe_042-992x331.jpg 992w, https:\/\/www.vangraaf.com\/lv\/wp-content\/uploads\/sites\/5\/2022\/05\/M7_B_Wir_Headerbild_Gruppe_042-480x160.jpg 480w, https:\/\/www.vangraaf.com\/lv\/wp-content\/uploads\/sites\/5\/2022\/05\/M7_B_Wir_Headerbild_Gruppe_042-690x230.jpg 690w\" sizes=\"(max-width: 1440px) 100vw, 1440px\" \/><\/div>\n        <div class=\"headlines headlines--center\" data-aos=\"fade-up\">\n            <div class=\"vc_row\">\n                <div class=\"vc_col-md-10 vc_col-md-offset-1 vc_col-lg-10 vc_col-lg-offset-1\"><span class=\"h6\">Tavu ieguvumu p\u0101rskats<\/span><h1 class=\"h2\">Ieguvumi, str\u0101d\u0101jot VAN GRAAF<\/h1><\/div>\n            <\/div>\n        <\/div><div class=\"vg-element icon-teaser icon-teaser--right\" data-aos=\"fade-up\"><div class=\"vc_row icon-teaser__items\"><div class=\"icon-teaser__item vc_col-md-4\"><div class=\"icon-teaser__item__inner\"><div class=\"icon-teaser__item__icon\"><img loading=\"lazy\" decoding=\"async\" width=\"1\" height=\"1\" src=\"https:\/\/www.vangraaf.com\/lv\/wp-content\/uploads\/sites\/5\/2021\/05\/mitarbeiterrabatte.svg\" class=\"attachment-full size-full\" alt=\"Atlaides darbiniekiem\" \/><\/div><div class=\"icon-teaser__item__content\"><h4>Atlaides darbiniekiem<\/h4><p>Pievilc\u012bgas atlaides visam VAN GRAAF sortimentam.<\/p><\/div><\/div><\/div><div class=\"icon-teaser__item vc_col-md-4\"><div class=\"icon-teaser__item__inner\"><div class=\"icon-teaser__item__icon\"><img loading=\"lazy\" decoding=\"async\" width=\"1\" height=\"1\" src=\"https:\/\/www.vangraaf.com\/lv\/wp-content\/uploads\/sites\/5\/2021\/05\/exam.svg\" class=\"attachment-full size-full\" alt=\"VAN GRAAF apm\u0101c\u012bbas\" \/><\/div><div class=\"icon-teaser__item__content\"><h4>VAN GRAAF apm\u0101c\u012bbas<\/h4><p>Daudzveid\u012bgs apm\u0101c\u012bbu pied\u0101v\u0101jums veiksm\u012bgai n\u0101kotnei.<\/p><\/div><\/div><\/div><div class=\"icon-teaser__item vc_col-md-4\"><div class=\"icon-teaser__item__inner\"><div class=\"icon-teaser__item__icon\"><img loading=\"lazy\" decoding=\"async\" width=\"1\" height=\"1\" src=\"https:\/\/www.vangraaf.com\/lv\/wp-content\/uploads\/sites\/5\/2021\/05\/onboarding.svg\" class=\"attachment-full size-full\" alt=\"Ievad\u012b\u0161ana darb\u0101\" \/><\/div><div class=\"icon-teaser__item__content\"><h4>Ievad\u012b\u0161ana darb\u0101<\/h4><p>Tavs pirmais solis VAN GRAAF pasaul\u0113.<\/p><\/div><\/div><\/div><div class=\"icon-teaser__item vc_col-md-4\"><div class=\"icon-teaser__item__inner\"><div class=\"icon-teaser__item__icon\"><img loading=\"lazy\" decoding=\"async\" width=\"1\" height=\"1\" src=\"https:\/\/www.vangraaf.com\/lv\/wp-content\/uploads\/sites\/5\/2021\/05\/unternehmenskultur.svg\" class=\"attachment-full size-full\" alt=\"Uz\u0146\u0113muma kult\u016bra\" \/><\/div><div class=\"icon-teaser__item__content\"><h4>Uz\u0146\u0113muma kult\u016bra<\/h4><p>M\u016bs vieno kop\u012bga aizraut\u012bba ar modi un cilv\u0113kiem.<\/p><\/div><\/div><\/div><div class=\"icon-teaser__item vc_col-md-4\"><div class=\"icon-teaser__item__inner\"><div class=\"icon-teaser__item__icon\"><img loading=\"lazy\" decoding=\"async\" width=\"1\" height=\"1\" src=\"https:\/\/www.vangraaf.com\/lv\/wp-content\/uploads\/sites\/5\/2022\/05\/outfit.svg\" class=\"attachment-full size-full\" alt=\"\" \/><\/div><div class=\"icon-teaser__item__content\"><h4>Tavs VAN GRAAF darba ap\u0123\u0113rbs<\/h4><p>Divreiz gad\u0101 jauns darba ap\u0123\u0113rbs.<\/p><\/div><\/div><\/div><div class=\"icon-teaser__item vc_col-md-4\"><div class=\"icon-teaser__item__inner\"><div class=\"icon-teaser__item__icon\"><img loading=\"lazy\" decoding=\"async\" width=\"1\" height=\"1\" src=\"https:\/\/www.vangraaf.com\/lv\/wp-content\/uploads\/sites\/5\/2021\/05\/benefits.svg\" class=\"attachment-full size-full\" alt=\"\" \/><\/div><div class=\"icon-teaser__item__content\"><h4>Korporat\u012bvie ieguvumi<\/h4><p>Izmanto tirdzniec\u012bbas centra partneru pied\u0101v\u0101jumus.<\/p><\/div><\/div><\/div><div class=\"icon-teaser__item vc_col-md-4\"><div class=\"icon-teaser__item__inner\"><div class=\"icon-teaser__item__icon\"><img loading=\"lazy\" decoding=\"async\" width=\"1\" height=\"1\" src=\"https:\/\/www.vangraaf.com\/lv\/wp-content\/uploads\/sites\/5\/2023\/02\/arztkoffer.svg\" class=\"attachment-full size-full\" alt=\"\" \/><\/div><div class=\"icon-teaser__item__content\"><h4>Vesel\u012bbas apdro\u0161in\u0101\u0161ana<\/h4><p>Nodro\u0161in\u0101s kvalitat\u012bvus \u0101rstniec\u012bbas pakalpojumus.<\/p><\/div><\/div><\/div><div class=\"icon-teaser__item vc_col-md-4\"><div class=\"icon-teaser__item__inner\"><div class=\"icon-teaser__item__icon\"><img loading=\"lazy\" decoding=\"async\" width=\"1\" height=\"1\" src=\"https:\/\/www.vangraaf.com\/lv\/wp-content\/uploads\/sites\/5\/2021\/05\/healthy.svg\" class=\"attachment-full size-full\" alt=\"Aug\u013ci un dz\u0113rieni\" \/><\/div><div class=\"icon-teaser__item__content\"><h4>Aug\u013ci un dz\u0113rieni<\/h4><p>M\u0113s pied\u0101v\u0101jam svaigus aug\u013cus, kafiju, t\u0113ju un \u016bdeni.<\/p><\/div><\/div><\/div><div class=\"icon-teaser__item vc_col-md-4\"><div class=\"icon-teaser__item__inner\"><div class=\"icon-teaser__item__icon\"><img loading=\"lazy\" decoding=\"async\" width=\"1\" height=\"1\" src=\"https:\/\/www.vangraaf.com\/lv\/wp-content\/uploads\/sites\/5\/2021\/05\/wir-feiern.svg\" class=\"attachment-full size-full\" alt=\"Komandas pas\u0101kumi\" \/><\/div><div class=\"icon-teaser__item__content\"><h4>Komandas pas\u0101kumi<\/h4><p>M\u0113s stiprin\u0101m m\u016bsu kult\u016bru un kop\u0101 svinam pan\u0101kumus.<\/p><\/div><\/div><\/div><div class=\"icon-teaser__item vc_col-md-4\"><div class=\"icon-teaser__item__inner\"><div class=\"icon-teaser__item__icon\"><img loading=\"lazy\" decoding=\"async\" width=\"1\" height=\"1\" src=\"https:\/\/www.vangraaf.com\/lv\/wp-content\/uploads\/sites\/5\/2023\/04\/HappySmiley_white_version2.svg\" class=\"attachment-full size-full\" alt=\"\" \/><\/div><div class=\"icon-teaser__item__content\"><h4>Hire a friend<\/h4><p>Ar m\u016bsu programmas starpniec\u012bbu ieg\u016bsti jaunus VAN GRAAF kol\u0113\u0123us.\n<\/p><\/div><\/div><\/div><\/div><\/div>[\/vc_column][\/vc_row]<\/div>","protected":false},"excerpt":{"rendered":"[vc_row bwd_tbc4vd_show_weekday=&#8221;&#8221; full_width=&#8221;stretch_row_content_no_spaces&#8221;][vc_column][\/vc_column][\/vc_row]","protected":false},"author":6,"featured_media":0,"parent":5785,"menu_order":0,"comment_status":"closed","ping_status":"closed","template":"","meta":{"_acf_changed":false,"inline_featured_image":false,"footnotes":""},"class_list":["post-5809","page","type-page","status-publish","hentry"],"acf":[],"yoast_head":"<!-- This site is optimized with the Yoast SEO plugin v27.2 - https:\/\/yoast.com\/product\/yoast-seo-wordpress\/ -->\n<title>Ieguvumi, str\u0101d\u0101jot | VAN GRAAF<\/title>\n<meta name=\"description\" content=\"Uzzini, k\u0101p\u0113c darbs VAN GRAAF ir \u012bpa\u0161s.\" \/>\n<meta name=\"robots\" content=\"index, follow, max-snippet:-1, max-image-preview:large, max-video-preview:-1\" \/>\n<link rel=\"canonical\" href=\"https:\/\/www.vangraaf.com\/lv\/karjera\/mes\/ieguvumi\/\" \/>\n<meta property=\"og:locale\" content=\"lv_LV\" \/>\n<meta property=\"og:type\" content=\"article\" \/>\n<meta property=\"og:title\" content=\"Ieguvumi, str\u0101d\u0101jot | VAN GRAAF\" \/>\n<meta property=\"og:description\" content=\"Uzzini, k\u0101p\u0113c darbs VAN GRAAF ir \u012bpa\u0161s.\" \/>\n<meta property=\"og:url\" content=\"https:\/\/www.vangraaf.com\/lv\/karjera\/mes\/ieguvumi\/\" \/>\n<meta property=\"og:site_name\" content=\"VAN GRAAF Latvija\" \/>\n<meta property=\"article:modified_time\" content=\"2023-04-20T11:52:52+00:00\" \/>\n<meta name=\"twitter:card\" content=\"summary_large_image\" \/>\n<meta name=\"twitter:label1\" content=\"Est. reading time\" \/>\n\t<meta name=\"twitter:data1\" content=\"1 min\u016bte\" \/>\n<script type=\"application\/ld+json\" class=\"yoast-schema-graph\">{\"@context\":\"https:\/\/schema.org\",\"@graph\":[{\"@type\":\"WebPage\",\"@id\":\"https:\/\/www.vangraaf.com\/lv\/karjera\/mes\/ieguvumi\/\",\"url\":\"https:\/\/www.vangraaf.com\/lv\/karjera\/mes\/ieguvumi\/\",\"name\":\"Ieguvumi, str\u0101d\u0101jot | VAN GRAAF\",\"isPartOf\":{\"@id\":\"https:\/\/www.vangraaf.com\/lv\/#website\"},\"datePublished\":\"2022-04-26T07:33:26+00:00\",\"dateModified\":\"2023-04-20T11:52:52+00:00\",\"description\":\"Uzzini, k\u0101p\u0113c darbs VAN GRAAF ir \u012bpa\u0161s.\",\"breadcrumb\":{\"@id\":\"https:\/\/www.vangraaf.com\/lv\/karjera\/mes\/ieguvumi\/#breadcrumb\"},\"inLanguage\":\"lv-LV\",\"potentialAction\":[{\"@type\":\"ReadAction\",\"target\":[\"https:\/\/www.vangraaf.com\/lv\/karjera\/mes\/ieguvumi\/\"]}]},{\"@type\":\"BreadcrumbList\",\"@id\":\"https:\/\/www.vangraaf.com\/lv\/karjera\/mes\/ieguvumi\/#breadcrumb\",\"itemListElement\":[{\"@type\":\"ListItem\",\"position\":1,\"name\":\"Home\",\"item\":\"https:\/\/www.vangraaf.com\/lv\/\"},{\"@type\":\"ListItem\",\"position\":2,\"name\":\"Karjera\",\"item\":\"https:\/\/www.vangraaf.com\/lv\/karjera\/\"},{\"@type\":\"ListItem\",\"position\":3,\"name\":\"M\u0113s\",\"item\":\"https:\/\/www.vangraaf.com\/lv\/karjera\/mes\/\"},{\"@type\":\"ListItem\",\"position\":4,\"name\":\"Ieguvumi\"}]},{\"@type\":\"WebSite\",\"@id\":\"https:\/\/www.vangraaf.com\/lv\/#website\",\"url\":\"https:\/\/www.vangraaf.com\/lv\/\",\"name\":\"VAN GRAAF\",\"description\":\"VAN GRAAF\",\"potentialAction\":[{\"@type\":\"SearchAction\",\"target\":{\"@type\":\"EntryPoint\",\"urlTemplate\":\"https:\/\/www.vangraaf.com\/lv\/?s={search_term_string}\"},\"query-input\":{\"@type\":\"PropertyValueSpecification\",\"valueRequired\":true,\"valueName\":\"search_term_string\"}}],\"inLanguage\":\"lv-LV\"}]}<\/script>\n<!-- \/ Yoast SEO plugin. -->","yoast_head_json":{"title":"Ieguvumi, str\u0101d\u0101jot | VAN GRAAF","description":"Uzzini, k\u0101p\u0113c darbs VAN GRAAF ir \u012bpa\u0161s.","robots":{"index":"index","follow":"follow","max-snippet":"max-snippet:-1","max-image-preview":"max-image-preview:large","max-video-preview":"max-video-preview:-1"},"canonical":"https:\/\/www.vangraaf.com\/lv\/karjera\/mes\/ieguvumi\/","og_locale":"lv_LV","og_type":"article","og_title":"Ieguvumi, str\u0101d\u0101jot | VAN GRAAF","og_description":"Uzzini, k\u0101p\u0113c darbs VAN GRAAF ir \u012bpa\u0161s.","og_url":"https:\/\/www.vangraaf.com\/lv\/karjera\/mes\/ieguvumi\/","og_site_name":"VAN GRAAF Latvija","article_modified_time":"2023-04-20T11:52:52+00:00","twitter_card":"summary_large_image","twitter_misc":{"Est. reading time":"1 min\u016bte"},"schema":{"@context":"https:\/\/schema.org","@graph":[{"@type":"WebPage","@id":"https:\/\/www.vangraaf.com\/lv\/karjera\/mes\/ieguvumi\/","url":"https:\/\/www.vangraaf.com\/lv\/karjera\/mes\/ieguvumi\/","name":"Ieguvumi, str\u0101d\u0101jot | VAN GRAAF","isPartOf":{"@id":"https:\/\/www.vangraaf.com\/lv\/#website"},"datePublished":"2022-04-26T07:33:26+00:00","dateModified":"2023-04-20T11:52:52+00:00","description":"Uzzini, k\u0101p\u0113c darbs VAN GRAAF ir \u012bpa\u0161s.","breadcrumb":{"@id":"https:\/\/www.vangraaf.com\/lv\/karjera\/mes\/ieguvumi\/#breadcrumb"},"inLanguage":"lv-LV","potentialAction":[{"@type":"ReadAction","target":["https:\/\/www.vangraaf.com\/lv\/karjera\/mes\/ieguvumi\/"]}]},{"@type":"BreadcrumbList","@id":"https:\/\/www.vangraaf.com\/lv\/karjera\/mes\/ieguvumi\/#breadcrumb","itemListElement":[{"@type":"ListItem","position":1,"name":"Home","item":"https:\/\/www.vangraaf.com\/lv\/"},{"@type":"ListItem","position":2,"name":"Karjera","item":"https:\/\/www.vangraaf.com\/lv\/karjera\/"},{"@type":"ListItem","position":3,"name":"M\u0113s","item":"https:\/\/www.vangraaf.com\/lv\/karjera\/mes\/"},{"@type":"ListItem","position":4,"name":"Ieguvumi"}]},{"@type":"WebSite","@id":"https:\/\/www.vangraaf.com\/lv\/#website","url":"https:\/\/www.vangraaf.com\/lv\/","name":"VAN GRAAF","description":"VAN GRAAF","potentialAction":[{"@type":"SearchAction","target":{"@type":"EntryPoint","urlTemplate":"https:\/\/www.vangraaf.com\/lv\/?s={search_term_string}"},"query-input":{"@type":"PropertyValueSpecification","valueRequired":true,"valueName":"search_term_string"}}],"inLanguage":"lv-LV"}]}},"_links":{"self":[{"href":"https:\/\/www.vangraaf.com\/lv\/wp-json\/wp\/v2\/pages\/5809","targetHints":{"allow":["GET"]}}],"collection":[{"href":"https:\/\/www.vangraaf.com\/lv\/wp-json\/wp\/v2\/pages"}],"about":[{"href":"https:\/\/www.vangraaf.com\/lv\/wp-json\/wp\/v2\/types\/page"}],"author":[{"embeddable":true,"href":"https:\/\/www.vangraaf.com\/lv\/wp-json\/wp\/v2\/users\/6"}],"replies":[{"embeddable":true,"href":"https:\/\/www.vangraaf.com\/lv\/wp-json\/wp\/v2\/comments?post=5809"}],"version-history":[{"count":19,"href":"https:\/\/www.vangraaf.com\/lv\/wp-json\/wp\/v2\/pages\/5809\/revisions"}],"predecessor-version":[{"id":6501,"href":"https:\/\/www.vangraaf.com\/lv\/wp-json\/wp\/v2\/pages\/5809\/revisions\/6501"}],"up":[{"embeddable":true,"href":"https:\/\/www.vangraaf.com\/lv\/wp-json\/wp\/v2\/pages\/5785"}],"wp:attachment":[{"href":"https:\/\/www.vangraaf.com\/lv\/wp-json\/wp\/v2\/media?parent=5809"}],"curies":[{"name":"wp","href":"https:\/\/api.w.org\/{rel}","templated":true}]}}