{"id":5807,"date":"2022-04-26T09:33:04","date_gmt":"2022-04-26T07:33:04","guid":{"rendered":"https:\/\/www.vangraaf.com\/lv\/?page_id=5807"},"modified":"2022-07-13T13:55:16","modified_gmt":"2022-07-13T11:55:16","slug":"atbildiba","status":"publish","type":"page","link":"https:\/\/www.vangraaf.com\/lv\/karjera\/mes\/atbildiba\/","title":{"rendered":"Atbild\u012bba"},"content":{"rendered":"<div class=\"wpb-content-wrapper\">[vc_row bwd_tbc4vd_show_weekday=&#8221;&#8221; full_width=&#8221;stretch_row_content_no_spaces&#8221;][vc_column]<div class=\"keyvisual\" data-aos=\"fade-up\" ><img loading=\"lazy\" decoding=\"async\" width=\"1440\" height=\"480\" src=\"https:\/\/www.vangraaf.com\/lv\/wp-content\/uploads\/sites\/5\/2022\/05\/M7_D_Wir_Headerbild_Gruppe_030.jpg\" class=\"vc_single_image-img keyvisual__image--big\" alt=\"M\u016bsu kop\u0113jais darbs\" srcset=\"https:\/\/www.vangraaf.com\/lv\/wp-content\/uploads\/sites\/5\/2022\/05\/M7_D_Wir_Headerbild_Gruppe_030.jpg 1440w, https:\/\/www.vangraaf.com\/lv\/wp-content\/uploads\/sites\/5\/2022\/05\/M7_D_Wir_Headerbild_Gruppe_030-300x100.jpg 300w, https:\/\/www.vangraaf.com\/lv\/wp-content\/uploads\/sites\/5\/2022\/05\/M7_D_Wir_Headerbild_Gruppe_030-1024x341.jpg 1024w, https:\/\/www.vangraaf.com\/lv\/wp-content\/uploads\/sites\/5\/2022\/05\/M7_D_Wir_Headerbild_Gruppe_030-768x256.jpg 768w, https:\/\/www.vangraaf.com\/lv\/wp-content\/uploads\/sites\/5\/2022\/05\/M7_D_Wir_Headerbild_Gruppe_030-1200x400.jpg 1200w, https:\/\/www.vangraaf.com\/lv\/wp-content\/uploads\/sites\/5\/2022\/05\/M7_D_Wir_Headerbild_Gruppe_030-992x331.jpg 992w, https:\/\/www.vangraaf.com\/lv\/wp-content\/uploads\/sites\/5\/2022\/05\/M7_D_Wir_Headerbild_Gruppe_030-480x160.jpg 480w, https:\/\/www.vangraaf.com\/lv\/wp-content\/uploads\/sites\/5\/2022\/05\/M7_D_Wir_Headerbild_Gruppe_030-690x230.jpg 690w\" sizes=\"(max-width: 1440px) 100vw, 1440px\" \/><img loading=\"lazy\" decoding=\"async\" width=\"768\" height=\"250\" src=\"https:\/\/www.vangraaf.com\/lv\/wp-content\/uploads\/sites\/5\/2022\/05\/M7_D_Wir_Headerbild_Gruppe_030-1.jpg\" class=\"vc_single_image-img keyvisual__image--small\" alt=\"M\u016bsu kop\u0113jais darbs\" srcset=\"https:\/\/www.vangraaf.com\/lv\/wp-content\/uploads\/sites\/5\/2022\/05\/M7_D_Wir_Headerbild_Gruppe_030-1.jpg 768w, https:\/\/www.vangraaf.com\/lv\/wp-content\/uploads\/sites\/5\/2022\/05\/M7_D_Wir_Headerbild_Gruppe_030-1-300x98.jpg 300w, https:\/\/www.vangraaf.com\/lv\/wp-content\/uploads\/sites\/5\/2022\/05\/M7_D_Wir_Headerbild_Gruppe_030-1-480x156.jpg 480w, https:\/\/www.vangraaf.com\/lv\/wp-content\/uploads\/sites\/5\/2022\/05\/M7_D_Wir_Headerbild_Gruppe_030-1-690x225.jpg 690w\" sizes=\"(max-width: 768px) 100vw, 768px\" \/><\/div>\n        <div class=\"headlines headlines--center\" data-aos=\"fade-up\">\n            <div class=\"vc_row\">\n                <div class=\"vc_col-md-10 vc_col-md-offset-1 vc_col-lg-10 vc_col-lg-offset-1\"><span class=\"h6\">M\u016bsu k\u0101 darba dev\u0113ja iniciat\u012bvas<\/span><h1 class=\"h2\">Atbild\u012bbu iepaz\u012bt un \u012bstenot<\/h1><\/div>\n            <\/div>\n        <\/div>[vc_column_text]K\u0101 \u0123imenes uz\u0146\u0113mumam korporat\u012bv\u0101 atbild\u012bba ir stabila m\u016bsu kult\u016bras sast\u0101vda\u013ca. M\u0113s r\u012bkojamies un pie\u0146emam l\u0113mumus, orient\u0113joties uz n\u0101kotni, p\u0101rredzami un uzticoties.\r\n\r\nUztic\u0113\u0161an\u0101s un atbild\u012bba ir m\u016bsu <a href=\"https:\/\/www.vangraaf.com\/lv\/karjera\/mes\/musu-kopejais-darbs\/\">sadarb\u012bbas<\/a> pamat\u0101, ko m\u0113s akt\u012bvi veicin\u0101m un \u012bstenojam.\r\n\r\nVAN GRAAF m\u0113s visi katru dienu priec\u0101jamies par savu darbu. M\u0113s uzskat\u0101m, ka m\u016bsu pien\u0101kums ir rad\u012bt t\u0101du darba vidi, kur\u0101 ikviens var justies labi un pilnveidoties. Papildus m\u016bsu atgriezenisk\u0101s saites un vad\u012bbas kult\u016brai m\u0113s nov\u0113rt\u0113jam ar\u012b daudzveid\u012bgos <a href=\"https:\/\/www.vangraaf.com\/lv\/karjera\/mes\/ieguvumi\/\">papildus ieguvumus<\/a>.\r\n\r\nM\u0113s v\u0113lamies veidot ilgtsp\u0113j\u012bgu VAN GRAAF n\u0101kotni. Ar individu\u0101lu un m\u0113r\u0137tiec\u012bgu <a href=\"https:\/\/www.vangraaf.com\/lv\/karjera\/mes\/attistiba\/\">t\u0101l\u0101kizgl\u012bt\u012bbu<\/a> m\u0113s nodro\u0161in\u0101m, ka \u0161obr\u012bd un n\u0101kotn\u0113 esam vislab\u0101kaj\u0101 iesp\u0113jam\u0101 poz\u012bcij\u0101 un katrs var person\u012bgi pilnveidoties.\r\n\r\nM\u016bsu m\u0113r\u0137is ir ilgtsp\u0113j\u012bga uz\u0146\u0113muma darb\u012bba. M\u016bsos ir att\u012bst\u012bjusies sp\u0113c\u012bga izpratne par ilgtsp\u0113j\u012bgas r\u012bc\u012bbas noz\u012bmi un atbild\u012bbu, ko uz\u0146emamies par m\u016bsu sabiedr\u012bbu un vidi. Uzziniet vair\u0101k par m\u016bsu ilgtsp\u0113jas iniciat\u012bv\u0101m vis\u0101 pievienot\u0101s v\u0113rt\u012bbas \u0137\u0113d\u0113 <a href=\"https:\/\/www.vangraaf.com\/lv\/uznemums\/ilgtspeja\/\">\u0161eit<\/a>.[\/vc_column_text][\/vc_column][\/vc_row][vc_row bwd_tbc4vd_show_weekday=&#8221;&#8221; full_width=&#8221;stretch_row_content_no_spaces&#8221;][vc_column]\n        <div class=\"headlines headlines--center\" data-aos=\"fade-up\">\n            <div class=\"vc_row\">\n                <div class=\"vc_col-md-10 vc_col-md-offset-1 vc_col-lg-10 vc_col-lg-offset-1\"><h2 class=\"h2\">Vair\u0101k par VAN GRAAF<\/h2><\/div>\n            <\/div>\n        <\/div>[vc_row_inner bwd_tbc4vd_show_weekday=&#8221;&#8221; row_design=&#8221;row_square_background&#8221;][vc_column_inner width=&#8221;1\/3&#8243;]<div class=\"vg-element cta-teaser cta-teaser--center\" data-aos=\"fade-up\"><div class=\"cta-teaser__image\"><a class=\"\" href=\"https:\/\/www.vangraaf.com\/lv\/karjera\/mes\/attistiba\/\" target=\"_self\" rel=\"\" style=\"\"><img loading=\"lazy\" decoding=\"async\" width=\"380\" height=\"254\" src=\"https:\/\/www.vangraaf.com\/lv\/wp-content\/uploads\/sites\/5\/2022\/05\/M12_D_GRUPPE_PORTRAIT_TRAINER_025-1.jpg\" class=\"vc_single_image-img attachment-full\" alt=\"Att\u012bst\u012bba\" title=\"Att\u012bst\u012bba\" srcset=\"https:\/\/www.vangraaf.com\/lv\/wp-content\/uploads\/sites\/5\/2022\/05\/M12_D_GRUPPE_PORTRAIT_TRAINER_025-1.jpg 380w, https:\/\/www.vangraaf.com\/lv\/wp-content\/uploads\/sites\/5\/2022\/05\/M12_D_GRUPPE_PORTRAIT_TRAINER_025-1-300x201.jpg 300w\" sizes=\"(max-width: 380px) 100vw, 380px\" \/><\/a><\/div><div class=\"cta-teaser__text\"><h3>Att\u012bst\u012bba<\/h3><p>M\u0101c\u012bties vienm\u0113r ir mod\u0113! Ar daudzveid\u012bg\u0101m apm\u0101c\u012bbu iesp\u0113j\u0101m m\u0113s Tevi sagatavosim n\u0101kotnei VAN GRAAF.<\/p><a class=\"button\" href=\"https:\/\/www.vangraaf.com\/lv\/karjera\/mes\/attistiba\/\" target=\"_self\" rel=\"\" style=\"\">Uzzin\u0101t vair\u0101k<\/a><\/div><\/div>[\/vc_column_inner][vc_column_inner width=&#8221;1\/3&#8243;]<div class=\"vg-element cta-teaser cta-teaser--center\" data-aos=\"fade-up\"><div class=\"cta-teaser__image\"><a class=\"\" href=\"https:\/\/www.vangraaf.com\/lv\/karjera\/mes\/uznemums\/\" target=\"_self\" rel=\"\" style=\"\"><img loading=\"lazy\" decoding=\"async\" width=\"380\" height=\"254\" src=\"https:\/\/www.vangraaf.com\/lv\/wp-content\/uploads\/sites\/5\/2022\/05\/DasUnternehmen_VG-1.jpg\" class=\"vc_single_image-img attachment-full\" alt=\"Uz\u0146\u0113mums\" title=\"Uz\u0146\u0113mums\" srcset=\"https:\/\/www.vangraaf.com\/lv\/wp-content\/uploads\/sites\/5\/2022\/05\/DasUnternehmen_VG-1.jpg 380w, https:\/\/www.vangraaf.com\/lv\/wp-content\/uploads\/sites\/5\/2022\/05\/DasUnternehmen_VG-1-300x201.jpg 300w\" sizes=\"(max-width: 380px) 100vw, 380px\" \/><\/a><\/div><div class=\"cta-teaser__text\"><h3>Uz\u0146\u0113mums<\/h3><p>VAN GRAAF ir starptautiski veiksm\u012bga mazumtirdzniec\u012bbas koncepcija. Uzzini par mums k\u0101 uz\u0146\u0113mumu vair\u0101k.<\/p><a class=\"button\" href=\"https:\/\/www.vangraaf.com\/lv\/karjera\/mes\/uznemums\/\" target=\"_self\" rel=\"\" style=\"\">Uzzin\u0101t vair\u0101k<\/a><\/div><\/div>[\/vc_column_inner][vc_column_inner width=&#8221;1\/3&#8243;]<div class=\"vg-element cta-teaser cta-teaser--center\" data-aos=\"fade-up\"><div class=\"cta-teaser__image\"><a class=\"\" href=\"https:\/\/www.vangraaf.com\/lv\/karjera\/darbs-un-karjera\/vakances\/\" target=\"_self\" rel=\"\" style=\"\"><img loading=\"lazy\" decoding=\"async\" width=\"380\" height=\"254\" src=\"https:\/\/www.vangraaf.com\/lv\/wp-content\/uploads\/sites\/5\/2022\/05\/M10_M_Portraits_Buero_026-2.jpg\" class=\"vc_single_image-img attachment-full\" alt=\"Vakances\" title=\"Vakances\" srcset=\"https:\/\/www.vangraaf.com\/lv\/wp-content\/uploads\/sites\/5\/2022\/05\/M10_M_Portraits_Buero_026-2.jpg 380w, https:\/\/www.vangraaf.com\/lv\/wp-content\/uploads\/sites\/5\/2022\/05\/M10_M_Portraits_Buero_026-2-300x201.jpg 300w\" sizes=\"(max-width: 380px) 100vw, 380px\" \/><\/a><\/div><div class=\"cta-teaser__text\"><h3>VAN GRAAF vakances<\/h3><p>Vai esi gatavs n\u0101kamajam karjeras solim? M\u0113s pied\u0101v\u0101jam Tev daudz iesp\u0113ju. Atrodi savu sap\u0146u darbu VAN GRAAF.<\/p><a class=\"button button--primary\" href=\"https:\/\/www.vangraaf.com\/lv\/karjera\/darbs-un-karjera\/vakances\/\" target=\"_self\" rel=\"\" style=\"\">Apskat\u012bt vakances<\/a><\/div><\/div>[\/vc_column_inner][\/vc_row_inner][\/vc_column][\/vc_row]<\/div>","protected":false},"excerpt":{"rendered":"[vc_row bwd_tbc4vd_show_weekday=&#8221;&#8221; full_width=&#8221;stretch_row_content_no_spaces&#8221;][vc_column][vc_column_text]K\u0101 \u0123imenes uz\u0146\u0113mumam korporat\u012bv\u0101 atbild\u012bba ir stabila m\u016bsu kult\u016bras sast\u0101vda\u013ca. M\u0113s r\u012bkojamies un pie\u0146emam l\u0113mumus, orient\u0113joties uz n\u0101kotni, p\u0101rredzami un uzticoties. Uztic\u0113\u0161an\u0101s un atbild\u012bba ir m\u016bsu sadarb\u012bbas pamat\u0101, ko m\u0113s akt\u012bvi veicin\u0101m un \u012bstenojam. VAN GRAAF m\u0113s visi katru dienu priec\u0101jamies par savu darbu. M\u0113s uzskat\u0101m, ka m\u016bsu pien\u0101kums ir rad\u012bt t\u0101du darba [&hellip;]","protected":false},"author":6,"featured_media":0,"parent":5785,"menu_order":0,"comment_status":"closed","ping_status":"closed","template":"","meta":{"_acf_changed":false,"inline_featured_image":false,"footnotes":""},"class_list":["post-5807","page","type-page","status-publish","hentry"],"acf":[],"yoast_head":"<!-- This site is optimized with the Yoast SEO plugin v27.2 - https:\/\/yoast.com\/product\/yoast-seo-wordpress\/ -->\n<title>M\u016bsu k\u0101 darba dev\u0113ja atbild\u012bba I VAN GRAAF<\/title>\n<meta name=\"description\" content=\"Korporat\u012bv\u0101 atbild\u012bba ir stabila m\u016bsu kult\u016bras sast\u0101vda\u013ca. Uzziniet vair\u0101k par iniciat\u012bv\u0101m, ko m\u0113s k\u0101 darba dev\u0113js \u012bstenojam!\" \/>\n<meta name=\"robots\" content=\"index, follow, max-snippet:-1, max-image-preview:large, max-video-preview:-1\" \/>\n<link rel=\"canonical\" href=\"https:\/\/www.vangraaf.com\/lv\/karjera\/mes\/atbildiba\/\" \/>\n<meta property=\"og:locale\" content=\"lv_LV\" \/>\n<meta property=\"og:type\" content=\"article\" \/>\n<meta property=\"og:title\" content=\"M\u016bsu k\u0101 darba dev\u0113ja atbild\u012bba I VAN GRAAF\" \/>\n<meta property=\"og:description\" content=\"Korporat\u012bv\u0101 atbild\u012bba ir stabila m\u016bsu kult\u016bras sast\u0101vda\u013ca. Uzziniet vair\u0101k par iniciat\u012bv\u0101m, ko m\u0113s k\u0101 darba dev\u0113js \u012bstenojam!\" \/>\n<meta property=\"og:url\" content=\"https:\/\/www.vangraaf.com\/lv\/karjera\/mes\/atbildiba\/\" \/>\n<meta property=\"og:site_name\" content=\"VAN GRAAF Latvija\" \/>\n<meta property=\"article:modified_time\" content=\"2022-07-13T11:55:16+00:00\" \/>\n<meta name=\"twitter:card\" content=\"summary_large_image\" \/>\n<meta name=\"twitter:label1\" content=\"Est. reading time\" \/>\n\t<meta name=\"twitter:data1\" content=\"2 min\u016btes\" \/>\n<script type=\"application\/ld+json\" class=\"yoast-schema-graph\">{\"@context\":\"https:\/\/schema.org\",\"@graph\":[{\"@type\":\"WebPage\",\"@id\":\"https:\/\/www.vangraaf.com\/lv\/karjera\/mes\/atbildiba\/\",\"url\":\"https:\/\/www.vangraaf.com\/lv\/karjera\/mes\/atbildiba\/\",\"name\":\"M\u016bsu k\u0101 darba dev\u0113ja atbild\u012bba I VAN GRAAF\",\"isPartOf\":{\"@id\":\"https:\/\/www.vangraaf.com\/lv\/#website\"},\"datePublished\":\"2022-04-26T07:33:04+00:00\",\"dateModified\":\"2022-07-13T11:55:16+00:00\",\"description\":\"Korporat\u012bv\u0101 atbild\u012bba ir stabila m\u016bsu kult\u016bras sast\u0101vda\u013ca. Uzziniet vair\u0101k par iniciat\u012bv\u0101m, ko m\u0113s k\u0101 darba dev\u0113js \u012bstenojam!\",\"breadcrumb\":{\"@id\":\"https:\/\/www.vangraaf.com\/lv\/karjera\/mes\/atbildiba\/#breadcrumb\"},\"inLanguage\":\"lv-LV\",\"potentialAction\":[{\"@type\":\"ReadAction\",\"target\":[\"https:\/\/www.vangraaf.com\/lv\/karjera\/mes\/atbildiba\/\"]}]},{\"@type\":\"BreadcrumbList\",\"@id\":\"https:\/\/www.vangraaf.com\/lv\/karjera\/mes\/atbildiba\/#breadcrumb\",\"itemListElement\":[{\"@type\":\"ListItem\",\"position\":1,\"name\":\"Home\",\"item\":\"https:\/\/www.vangraaf.com\/lv\/\"},{\"@type\":\"ListItem\",\"position\":2,\"name\":\"Karjera\",\"item\":\"https:\/\/www.vangraaf.com\/lv\/karjera\/\"},{\"@type\":\"ListItem\",\"position\":3,\"name\":\"M\u0113s\",\"item\":\"https:\/\/www.vangraaf.com\/lv\/karjera\/mes\/\"},{\"@type\":\"ListItem\",\"position\":4,\"name\":\"Atbild\u012bba\"}]},{\"@type\":\"WebSite\",\"@id\":\"https:\/\/www.vangraaf.com\/lv\/#website\",\"url\":\"https:\/\/www.vangraaf.com\/lv\/\",\"name\":\"VAN GRAAF\",\"description\":\"VAN GRAAF\",\"potentialAction\":[{\"@type\":\"SearchAction\",\"target\":{\"@type\":\"EntryPoint\",\"urlTemplate\":\"https:\/\/www.vangraaf.com\/lv\/?s={search_term_string}\"},\"query-input\":{\"@type\":\"PropertyValueSpecification\",\"valueRequired\":true,\"valueName\":\"search_term_string\"}}],\"inLanguage\":\"lv-LV\"}]}<\/script>\n<!-- \/ Yoast SEO plugin. -->","yoast_head_json":{"title":"M\u016bsu k\u0101 darba dev\u0113ja atbild\u012bba I VAN GRAAF","description":"Korporat\u012bv\u0101 atbild\u012bba ir stabila m\u016bsu kult\u016bras sast\u0101vda\u013ca. Uzziniet vair\u0101k par iniciat\u012bv\u0101m, ko m\u0113s k\u0101 darba dev\u0113js \u012bstenojam!","robots":{"index":"index","follow":"follow","max-snippet":"max-snippet:-1","max-image-preview":"max-image-preview:large","max-video-preview":"max-video-preview:-1"},"canonical":"https:\/\/www.vangraaf.com\/lv\/karjera\/mes\/atbildiba\/","og_locale":"lv_LV","og_type":"article","og_title":"M\u016bsu k\u0101 darba dev\u0113ja atbild\u012bba I VAN GRAAF","og_description":"Korporat\u012bv\u0101 atbild\u012bba ir stabila m\u016bsu kult\u016bras sast\u0101vda\u013ca. Uzziniet vair\u0101k par iniciat\u012bv\u0101m, ko m\u0113s k\u0101 darba dev\u0113js \u012bstenojam!","og_url":"https:\/\/www.vangraaf.com\/lv\/karjera\/mes\/atbildiba\/","og_site_name":"VAN GRAAF Latvija","article_modified_time":"2022-07-13T11:55:16+00:00","twitter_card":"summary_large_image","twitter_misc":{"Est. reading time":"2 min\u016btes"},"schema":{"@context":"https:\/\/schema.org","@graph":[{"@type":"WebPage","@id":"https:\/\/www.vangraaf.com\/lv\/karjera\/mes\/atbildiba\/","url":"https:\/\/www.vangraaf.com\/lv\/karjera\/mes\/atbildiba\/","name":"M\u016bsu k\u0101 darba dev\u0113ja atbild\u012bba I VAN GRAAF","isPartOf":{"@id":"https:\/\/www.vangraaf.com\/lv\/#website"},"datePublished":"2022-04-26T07:33:04+00:00","dateModified":"2022-07-13T11:55:16+00:00","description":"Korporat\u012bv\u0101 atbild\u012bba ir stabila m\u016bsu kult\u016bras sast\u0101vda\u013ca. Uzziniet vair\u0101k par iniciat\u012bv\u0101m, ko m\u0113s k\u0101 darba dev\u0113js \u012bstenojam!","breadcrumb":{"@id":"https:\/\/www.vangraaf.com\/lv\/karjera\/mes\/atbildiba\/#breadcrumb"},"inLanguage":"lv-LV","potentialAction":[{"@type":"ReadAction","target":["https:\/\/www.vangraaf.com\/lv\/karjera\/mes\/atbildiba\/"]}]},{"@type":"BreadcrumbList","@id":"https:\/\/www.vangraaf.com\/lv\/karjera\/mes\/atbildiba\/#breadcrumb","itemListElement":[{"@type":"ListItem","position":1,"name":"Home","item":"https:\/\/www.vangraaf.com\/lv\/"},{"@type":"ListItem","position":2,"name":"Karjera","item":"https:\/\/www.vangraaf.com\/lv\/karjera\/"},{"@type":"ListItem","position":3,"name":"M\u0113s","item":"https:\/\/www.vangraaf.com\/lv\/karjera\/mes\/"},{"@type":"ListItem","position":4,"name":"Atbild\u012bba"}]},{"@type":"WebSite","@id":"https:\/\/www.vangraaf.com\/lv\/#website","url":"https:\/\/www.vangraaf.com\/lv\/","name":"VAN GRAAF","description":"VAN GRAAF","potentialAction":[{"@type":"SearchAction","target":{"@type":"EntryPoint","urlTemplate":"https:\/\/www.vangraaf.com\/lv\/?s={search_term_string}"},"query-input":{"@type":"PropertyValueSpecification","valueRequired":true,"valueName":"search_term_string"}}],"inLanguage":"lv-LV"}]}},"_links":{"self":[{"href":"https:\/\/www.vangraaf.com\/lv\/wp-json\/wp\/v2\/pages\/5807","targetHints":{"allow":["GET"]}}],"collection":[{"href":"https:\/\/www.vangraaf.com\/lv\/wp-json\/wp\/v2\/pages"}],"about":[{"href":"https:\/\/www.vangraaf.com\/lv\/wp-json\/wp\/v2\/types\/page"}],"author":[{"embeddable":true,"href":"https:\/\/www.vangraaf.com\/lv\/wp-json\/wp\/v2\/users\/6"}],"replies":[{"embeddable":true,"href":"https:\/\/www.vangraaf.com\/lv\/wp-json\/wp\/v2\/comments?post=5807"}],"version-history":[{"count":13,"href":"https:\/\/www.vangraaf.com\/lv\/wp-json\/wp\/v2\/pages\/5807\/revisions"}],"predecessor-version":[{"id":6299,"href":"https:\/\/www.vangraaf.com\/lv\/wp-json\/wp\/v2\/pages\/5807\/revisions\/6299"}],"up":[{"embeddable":true,"href":"https:\/\/www.vangraaf.com\/lv\/wp-json\/wp\/v2\/pages\/5785"}],"wp:attachment":[{"href":"https:\/\/www.vangraaf.com\/lv\/wp-json\/wp\/v2\/media?parent=5807"}],"curies":[{"name":"wp","href":"https:\/\/api.w.org\/{rel}","templated":true}]}}