{"id":5805,"date":"2022-04-26T09:32:40","date_gmt":"2022-04-26T07:32:40","guid":{"rendered":"https:\/\/www.vangraaf.com\/lv\/?page_id=5805"},"modified":"2022-07-15T14:21:10","modified_gmt":"2022-07-15T12:21:10","slug":"attistiba","status":"publish","type":"page","link":"https:\/\/www.vangraaf.com\/lv\/karjera\/mes\/attistiba\/","title":{"rendered":"Att\u012bst\u012bba"},"content":{"rendered":"<div class=\"wpb-content-wrapper\">[vc_row bwd_tbc4vd_show_weekday=&#8221;&#8221; full_width=&#8221;stretch_row_content_no_spaces&#8221;][vc_column]<div class=\"keyvisual\" data-aos=\"fade-up\" ><img loading=\"lazy\" decoding=\"async\" width=\"1440\" height=\"480\" src=\"https:\/\/www.vangraaf.com\/lv\/wp-content\/uploads\/sites\/5\/2022\/05\/M12_D_GRUPPE_PORTRAIT_TRAINER_025.jpg\" class=\"vc_single_image-img\" alt=\"Att\u012bst\u012bba\" srcset=\"https:\/\/www.vangraaf.com\/lv\/wp-content\/uploads\/sites\/5\/2022\/05\/M12_D_GRUPPE_PORTRAIT_TRAINER_025.jpg 1440w, https:\/\/www.vangraaf.com\/lv\/wp-content\/uploads\/sites\/5\/2022\/05\/M12_D_GRUPPE_PORTRAIT_TRAINER_025-300x100.jpg 300w, https:\/\/www.vangraaf.com\/lv\/wp-content\/uploads\/sites\/5\/2022\/05\/M12_D_GRUPPE_PORTRAIT_TRAINER_025-1024x341.jpg 1024w, https:\/\/www.vangraaf.com\/lv\/wp-content\/uploads\/sites\/5\/2022\/05\/M12_D_GRUPPE_PORTRAIT_TRAINER_025-768x256.jpg 768w, https:\/\/www.vangraaf.com\/lv\/wp-content\/uploads\/sites\/5\/2022\/05\/M12_D_GRUPPE_PORTRAIT_TRAINER_025-1200x400.jpg 1200w, https:\/\/www.vangraaf.com\/lv\/wp-content\/uploads\/sites\/5\/2022\/05\/M12_D_GRUPPE_PORTRAIT_TRAINER_025-992x331.jpg 992w, https:\/\/www.vangraaf.com\/lv\/wp-content\/uploads\/sites\/5\/2022\/05\/M12_D_GRUPPE_PORTRAIT_TRAINER_025-480x160.jpg 480w, https:\/\/www.vangraaf.com\/lv\/wp-content\/uploads\/sites\/5\/2022\/05\/M12_D_GRUPPE_PORTRAIT_TRAINER_025-690x230.jpg 690w\" sizes=\"(max-width: 1440px) 100vw, 1440px\" \/><\/div>\n        <div class=\"headlines headlines--center\" data-aos=\"fade-up\">\n            <div class=\"vc_row\">\n                <div class=\"vc_col-md-10 vc_col-md-offset-1 vc_col-lg-10 vc_col-lg-offset-1\"><span class=\"h6\">Potenci\u0101la atkl\u0101\u0161ana un n\u0101kotnes veido\u0161ana<\/span><h1 class=\"h2\">M\u0101c\u012bties vienm\u0113r ir mod\u0113<\/h1><\/div>\n            <\/div>\n        <\/div>[vc_column_text]\r\n<p style=\"text-align: center\">VAN GRAAF atbalsta \u00a0Tavu\u00a0 person\u012bgo att\u012bst\u012bbu. Neatkar\u012bgi no t\u0101, vai str\u0101d\u0101 p\u0101rdo\u0161anas vai lo\u0123istikas jom\u0101, vai esi darbinieks vai vad\u012bt\u0101js &#8211; m\u016bsu pla\u0161aj\u0101 kl\u0101tienes un tie\u0161saistes apm\u0101c\u012bbu pied\u0101v\u0101jum\u0101 ikviens atrad\u012bs sev ko piem\u0113rotu!<\/p>\r\n[\/vc_column_text][vc_column_text]\r\n<h3>M\u016bsu apm\u0101c\u012bbu pied\u0101v\u0101jums<\/h3>\r\nM\u0113s vienm\u0113r v\u0113lamies savus klientus p\u0101rsteigt un iedvesmot. Konsult\u0101cij\u0101s m\u0113s galvenok\u0101rt p\u0101rliecin\u0101m ar savu kompetenci un aizraut\u012bbu ar modi. Tie ir nosac\u012bjumi, kas padara m\u016bs veiksm\u012bgus. M\u016bsu <strong>darba uzs\u0101k\u0161anas apm\u0101c\u012bb\u0101s<\/strong> m\u0113s jau pa\u0161\u0101 s\u0101kum\u0101 sniegsim Tev praktiskas pamatzin\u0101\u0161anas. T\u0101 Tu b\u016bsi labi sagatavots uzdevumiem un izaicin\u0101jumiem modes mazumtirdzniec\u012bb\u0101.\r\n\r\nPadzi\u013cin\u0101t\u0101s <strong>p\u0101rdo\u0161anas apm\u0101c\u012bbas<\/strong> pied\u0101v\u0101 pla\u0161u p\u0101rdo\u0161anas un person\u012bbas apm\u0101c\u012bbu kl\u0101stu, lai m\u0113r\u0137tiec\u012bgi pilnveidotu Tavas prasmes un Tu apg\u016btu jaunas zin\u0101\u0161anas.\r\n\r\nAr m\u016bsu <strong>l\u012bderu apm\u0101c\u012bb\u0101m<\/strong> Tu var\u0113si m\u0113r\u0137tiec\u012bgi att\u012bst\u012bties t\u0101l\u0101k k\u0101 vad\u012bt\u0101js. Neatkar\u012bgi no t\u0101, vai t\u0101 ir Tavu prasmju t\u0101l\u0101ka att\u012bst\u012bba vai Tavas person\u012bg\u0101s vad\u012bbas kompetences pilnveido\u0161ana un papla\u0161in\u0101\u0161ana. Tevi gaida lieliski pasniedz\u0113ji un iedvesmojo\u0161a pieredzes apmai\u0146a ar citiem dal\u012bbniekiem.[\/vc_column_text][\/vc_column][\/vc_row][vc_row][vc_column]<div class=\"quote-teaser quote-teaser--light\" style=\"--bg-image: url(https:\/\/www.vangraaf.com\/lv\/wp-content\/uploads\/sites\/5\/2022\/05\/M3_C_Schueler_075-1200x542.jpg); --season-color: #002045\" data-aos=\"fade-up\"><div class=\"vc_row vc_row-flex\"><div class=\"vc_col-sm-6 vc_col-sm-offset-6\"><div class=\"quote-teaser__content\"><img loading=\"lazy\" decoding=\"async\" width=\"768\" height=\"650\" src=\"https:\/\/www.vangraaf.com\/lv\/wp-content\/uploads\/sites\/5\/2022\/05\/M3_C_Schueler_075_MO.jpg\" class=\"quote-teaser__content__image\" alt=\"Vizu\u0101lais noform\u0113t\u0101js\" srcset=\"https:\/\/www.vangraaf.com\/lv\/wp-content\/uploads\/sites\/5\/2022\/05\/M3_C_Schueler_075_MO.jpg 768w, https:\/\/www.vangraaf.com\/lv\/wp-content\/uploads\/sites\/5\/2022\/05\/M3_C_Schueler_075_MO-300x254.jpg 300w, https:\/\/www.vangraaf.com\/lv\/wp-content\/uploads\/sites\/5\/2022\/05\/M3_C_Schueler_075_MO-480x406.jpg 480w, https:\/\/www.vangraaf.com\/lv\/wp-content\/uploads\/sites\/5\/2022\/05\/M3_C_Schueler_075_MO-690x584.jpg 690w\" sizes=\"(max-width: 768px) 100vw, 768px\" \/><div class=\"quote-teaser__content__quote\">Mana att\u012bst\u012bba ir individu\u0101la, ilgtsp\u0113j\u012bga un uz n\u0101kotni v\u0113rsta.<\/div><div class=\"quote-teaser__content__author\"><p>Lilija, Vizu\u0101lais noform\u0113t\u0101js<\/p>\n<\/div><a class=\"button button--light\" href=\"https:\/\/www.cvmarket.lv\/van-graaf-latvia-sia-uznemuma-darba-piedavajumi-122701\" target=\"_self\" rel=\"\" style=\"\">Pievienojies m\u016bsu komandai!<\/a><\/div><\/div><\/div><\/div>[\/vc_column][\/vc_row][vc_row bwd_tbc4vd_show_weekday=&#8221;&#8221; full_width=&#8221;stretch_row_content_no_spaces&#8221;][vc_column]\n        <div class=\"headlines headlines--center\" data-aos=\"fade-up\">\n            <div class=\"vc_row\">\n                <div class=\"vc_col-md-10 vc_col-md-offset-1 vc_col-lg-10 vc_col-lg-offset-1\"><h2 class=\"h2\">Vair\u0101k par VAN GRAAF<\/h2><\/div>\n            <\/div>\n        <\/div>[vc_row_inner bwd_tbc4vd_show_weekday=&#8221;&#8221; row_design=&#8221;row_square_background&#8221;][vc_column_inner width=&#8221;1\/3&#8243;]<div class=\"vg-element cta-teaser cta-teaser--center\" data-aos=\"fade-up\"><div class=\"cta-teaser__image\"><a class=\"\" href=\"https:\/\/www.vangraaf.com\/lv\/karjera\/mes\/atbildiba\/\" target=\"_self\" rel=\"\" style=\"\"><img loading=\"lazy\" decoding=\"async\" width=\"380\" height=\"254\" src=\"https:\/\/www.vangraaf.com\/lv\/wp-content\/uploads\/sites\/5\/2022\/05\/M7_D_Wir_Headerbild_Gruppe_030-6.jpg\" class=\"vc_single_image-img attachment-full\" alt=\"M\u016bsu kop\u0113jais darbs\" title=\"M\u016bsu kop\u0113jais darbs\" srcset=\"https:\/\/www.vangraaf.com\/lv\/wp-content\/uploads\/sites\/5\/2022\/05\/M7_D_Wir_Headerbild_Gruppe_030-6.jpg 380w, https:\/\/www.vangraaf.com\/lv\/wp-content\/uploads\/sites\/5\/2022\/05\/M7_D_Wir_Headerbild_Gruppe_030-6-300x201.jpg 300w\" sizes=\"(max-width: 380px) 100vw, 380px\" \/><\/a><\/div><div class=\"cta-teaser__text\"><h3>Atbild\u012bba<\/h3><p>Korporat\u012bv\u0101 atbild\u012bba ir cie\u0161i nostiprin\u0101jusies m\u016bsu kult\u016br\u0101. Uzzini vair\u0101k par m\u016bsu k\u0101 darba dev\u0113ja iniciat\u012bv\u0101m.<\/p><a class=\"button\" href=\"https:\/\/www.vangraaf.com\/lv\/karjera\/mes\/atbildiba\/\" target=\"_self\" rel=\"\" style=\"\">Uzzin\u0101t vair\u0101k<\/a><\/div><\/div>[\/vc_column_inner][vc_column_inner width=&#8221;1\/3&#8243;]<div class=\"vg-element cta-teaser cta-teaser--center\" data-aos=\"fade-up\"><div class=\"cta-teaser__image\"><a class=\"\" href=\"https:\/\/www.vangraaf.com\/lv\/karjera\/mes\/uznemums\/\" target=\"_self\" rel=\"\" style=\"\"><img loading=\"lazy\" decoding=\"async\" width=\"380\" height=\"254\" src=\"https:\/\/www.vangraaf.com\/lv\/wp-content\/uploads\/sites\/5\/2022\/05\/DasUnternehmen_VG-1.jpg\" class=\"vc_single_image-img attachment-full\" alt=\"Uz\u0146\u0113mums\" title=\"Uz\u0146\u0113mums\" srcset=\"https:\/\/www.vangraaf.com\/lv\/wp-content\/uploads\/sites\/5\/2022\/05\/DasUnternehmen_VG-1.jpg 380w, https:\/\/www.vangraaf.com\/lv\/wp-content\/uploads\/sites\/5\/2022\/05\/DasUnternehmen_VG-1-300x201.jpg 300w\" sizes=\"(max-width: 380px) 100vw, 380px\" \/><\/a><\/div><div class=\"cta-teaser__text\"><h3>Uz\u0146\u0113mums<\/h3><p>VAN GRAAF ir starptautiski veiksm\u012bga mazumtirdzniec\u012bbas koncepcija. Uzzini par mums k\u0101 uz\u0146\u0113mumu vair\u0101k.<\/p><a class=\"button\" href=\"https:\/\/www.vangraaf.com\/lv\/karjera\/mes\/uznemums\/\" target=\"_self\" rel=\"\" style=\"\">Uzzin\u0101t vair\u0101k<\/a><\/div><\/div>[\/vc_column_inner][vc_column_inner width=&#8221;1\/3&#8243;]<div class=\"vg-element cta-teaser cta-teaser--center\" data-aos=\"fade-up\"><div class=\"cta-teaser__image\"><a class=\"\" href=\"https:\/\/www.vangraaf.com\/lv\/karjera\/darbs-un-karjera\/vakances\/\" target=\"_self\" rel=\"\" style=\"\"><img loading=\"lazy\" decoding=\"async\" width=\"380\" height=\"254\" src=\"https:\/\/www.vangraaf.com\/lv\/wp-content\/uploads\/sites\/5\/2022\/05\/M10_M_Portraits_Buero_026-2.jpg\" class=\"vc_single_image-img attachment-full\" alt=\"Vakances\" title=\"Vakances\" srcset=\"https:\/\/www.vangraaf.com\/lv\/wp-content\/uploads\/sites\/5\/2022\/05\/M10_M_Portraits_Buero_026-2.jpg 380w, https:\/\/www.vangraaf.com\/lv\/wp-content\/uploads\/sites\/5\/2022\/05\/M10_M_Portraits_Buero_026-2-300x201.jpg 300w\" sizes=\"(max-width: 380px) 100vw, 380px\" \/><\/a><\/div><div class=\"cta-teaser__text\"><h3>VAN GRAAF vakances<\/h3><p>Vai esi gatavs n\u0101kamajam karjeras solim? M\u0113s pied\u0101v\u0101jam Tev daudz iesp\u0113ju. Atrodi savu sap\u0146u darbu VAN GRAAF.<\/p><a class=\"button button--primary\" href=\"https:\/\/www.vangraaf.com\/lv\/karjera\/darbs-un-karjera\/vakances\/\" target=\"_self\" rel=\"\" style=\"\">Apskat\u012bt vakances<\/a><\/div><\/div>[\/vc_column_inner][\/vc_row_inner][\/vc_column][\/vc_row]<\/div>","protected":false},"excerpt":{"rendered":"[vc_row bwd_tbc4vd_show_weekday=&#8221;&#8221; full_width=&#8221;stretch_row_content_no_spaces&#8221;][vc_column][vc_column_text] VAN GRAAF atbalsta \u00a0Tavu\u00a0 person\u012bgo att\u012bst\u012bbu. Neatkar\u012bgi no t\u0101, vai str\u0101d\u0101 p\u0101rdo\u0161anas vai lo\u0123istikas jom\u0101, vai esi darbinieks vai vad\u012bt\u0101js &#8211; m\u016bsu pla\u0161aj\u0101 kl\u0101tienes un tie\u0161saistes apm\u0101c\u012bbu pied\u0101v\u0101jum\u0101 ikviens atrad\u012bs sev ko piem\u0113rotu! [\/vc_column_text][vc_column_text] M\u016bsu apm\u0101c\u012bbu pied\u0101v\u0101jums M\u0113s vienm\u0113r v\u0113lamies savus klientus p\u0101rsteigt un iedvesmot. Konsult\u0101cij\u0101s m\u0113s galvenok\u0101rt p\u0101rliecin\u0101m ar savu kompetenci [&hellip;]","protected":false},"author":6,"featured_media":0,"parent":5785,"menu_order":0,"comment_status":"closed","ping_status":"closed","template":"","meta":{"_acf_changed":false,"inline_featured_image":false,"footnotes":""},"class_list":["post-5805","page","type-page","status-publish","hentry"],"acf":[],"yoast_head":"<!-- This site is optimized with the Yoast SEO plugin v27.2 - https:\/\/yoast.com\/product\/yoast-seo-wordpress\/ -->\n<title>Tava att\u012bst\u012bba | VAN GRAAF<\/title>\n<meta name=\"description\" content=\"M\u0101c\u012bties vienm\u0113r ir mod\u0113! Ar m\u016bsu daudzveid\u012bgaj\u0101m apm\u0101c\u012bb\u0101m un programm\u0101m m\u0113s Tevi sagatavosim n\u0101kotnei VAN GRAAF.\" \/>\n<meta name=\"robots\" content=\"index, follow, max-snippet:-1, max-image-preview:large, max-video-preview:-1\" \/>\n<link rel=\"canonical\" href=\"https:\/\/www.vangraaf.com\/lv\/karjera\/mes\/attistiba\/\" \/>\n<meta property=\"og:locale\" content=\"lv_LV\" \/>\n<meta property=\"og:type\" content=\"article\" \/>\n<meta property=\"og:title\" content=\"Tava att\u012bst\u012bba | VAN GRAAF\" \/>\n<meta property=\"og:description\" content=\"M\u0101c\u012bties vienm\u0113r ir mod\u0113! Ar m\u016bsu daudzveid\u012bgaj\u0101m apm\u0101c\u012bb\u0101m un programm\u0101m m\u0113s Tevi sagatavosim n\u0101kotnei VAN GRAAF.\" \/>\n<meta property=\"og:url\" content=\"https:\/\/www.vangraaf.com\/lv\/karjera\/mes\/attistiba\/\" \/>\n<meta property=\"og:site_name\" content=\"VAN GRAAF Latvija\" \/>\n<meta property=\"article:modified_time\" content=\"2022-07-15T12:21:10+00:00\" \/>\n<meta name=\"twitter:card\" content=\"summary_large_image\" \/>\n<meta name=\"twitter:label1\" content=\"Est. reading time\" \/>\n\t<meta name=\"twitter:data1\" content=\"3 min\u016btes\" \/>\n<script type=\"application\/ld+json\" class=\"yoast-schema-graph\">{\"@context\":\"https:\/\/schema.org\",\"@graph\":[{\"@type\":\"WebPage\",\"@id\":\"https:\/\/www.vangraaf.com\/lv\/karjera\/mes\/attistiba\/\",\"url\":\"https:\/\/www.vangraaf.com\/lv\/karjera\/mes\/attistiba\/\",\"name\":\"Tava att\u012bst\u012bba | VAN GRAAF\",\"isPartOf\":{\"@id\":\"https:\/\/www.vangraaf.com\/lv\/#website\"},\"datePublished\":\"2022-04-26T07:32:40+00:00\",\"dateModified\":\"2022-07-15T12:21:10+00:00\",\"description\":\"M\u0101c\u012bties vienm\u0113r ir mod\u0113! Ar m\u016bsu daudzveid\u012bgaj\u0101m apm\u0101c\u012bb\u0101m un programm\u0101m m\u0113s Tevi sagatavosim n\u0101kotnei VAN GRAAF.\",\"breadcrumb\":{\"@id\":\"https:\/\/www.vangraaf.com\/lv\/karjera\/mes\/attistiba\/#breadcrumb\"},\"inLanguage\":\"lv-LV\",\"potentialAction\":[{\"@type\":\"ReadAction\",\"target\":[\"https:\/\/www.vangraaf.com\/lv\/karjera\/mes\/attistiba\/\"]}]},{\"@type\":\"BreadcrumbList\",\"@id\":\"https:\/\/www.vangraaf.com\/lv\/karjera\/mes\/attistiba\/#breadcrumb\",\"itemListElement\":[{\"@type\":\"ListItem\",\"position\":1,\"name\":\"Home\",\"item\":\"https:\/\/www.vangraaf.com\/lv\/\"},{\"@type\":\"ListItem\",\"position\":2,\"name\":\"Karjera\",\"item\":\"https:\/\/www.vangraaf.com\/lv\/karjera\/\"},{\"@type\":\"ListItem\",\"position\":3,\"name\":\"M\u0113s\",\"item\":\"https:\/\/www.vangraaf.com\/lv\/karjera\/mes\/\"},{\"@type\":\"ListItem\",\"position\":4,\"name\":\"Att\u012bst\u012bba\"}]},{\"@type\":\"WebSite\",\"@id\":\"https:\/\/www.vangraaf.com\/lv\/#website\",\"url\":\"https:\/\/www.vangraaf.com\/lv\/\",\"name\":\"VAN GRAAF\",\"description\":\"VAN GRAAF\",\"potentialAction\":[{\"@type\":\"SearchAction\",\"target\":{\"@type\":\"EntryPoint\",\"urlTemplate\":\"https:\/\/www.vangraaf.com\/lv\/?s={search_term_string}\"},\"query-input\":{\"@type\":\"PropertyValueSpecification\",\"valueRequired\":true,\"valueName\":\"search_term_string\"}}],\"inLanguage\":\"lv-LV\"}]}<\/script>\n<!-- \/ Yoast SEO plugin. -->","yoast_head_json":{"title":"Tava att\u012bst\u012bba | VAN GRAAF","description":"M\u0101c\u012bties vienm\u0113r ir mod\u0113! Ar m\u016bsu daudzveid\u012bgaj\u0101m apm\u0101c\u012bb\u0101m un programm\u0101m m\u0113s Tevi sagatavosim n\u0101kotnei VAN GRAAF.","robots":{"index":"index","follow":"follow","max-snippet":"max-snippet:-1","max-image-preview":"max-image-preview:large","max-video-preview":"max-video-preview:-1"},"canonical":"https:\/\/www.vangraaf.com\/lv\/karjera\/mes\/attistiba\/","og_locale":"lv_LV","og_type":"article","og_title":"Tava att\u012bst\u012bba | VAN GRAAF","og_description":"M\u0101c\u012bties vienm\u0113r ir mod\u0113! Ar m\u016bsu daudzveid\u012bgaj\u0101m apm\u0101c\u012bb\u0101m un programm\u0101m m\u0113s Tevi sagatavosim n\u0101kotnei VAN GRAAF.","og_url":"https:\/\/www.vangraaf.com\/lv\/karjera\/mes\/attistiba\/","og_site_name":"VAN GRAAF Latvija","article_modified_time":"2022-07-15T12:21:10+00:00","twitter_card":"summary_large_image","twitter_misc":{"Est. reading time":"3 min\u016btes"},"schema":{"@context":"https:\/\/schema.org","@graph":[{"@type":"WebPage","@id":"https:\/\/www.vangraaf.com\/lv\/karjera\/mes\/attistiba\/","url":"https:\/\/www.vangraaf.com\/lv\/karjera\/mes\/attistiba\/","name":"Tava att\u012bst\u012bba | VAN GRAAF","isPartOf":{"@id":"https:\/\/www.vangraaf.com\/lv\/#website"},"datePublished":"2022-04-26T07:32:40+00:00","dateModified":"2022-07-15T12:21:10+00:00","description":"M\u0101c\u012bties vienm\u0113r ir mod\u0113! Ar m\u016bsu daudzveid\u012bgaj\u0101m apm\u0101c\u012bb\u0101m un programm\u0101m m\u0113s Tevi sagatavosim n\u0101kotnei VAN GRAAF.","breadcrumb":{"@id":"https:\/\/www.vangraaf.com\/lv\/karjera\/mes\/attistiba\/#breadcrumb"},"inLanguage":"lv-LV","potentialAction":[{"@type":"ReadAction","target":["https:\/\/www.vangraaf.com\/lv\/karjera\/mes\/attistiba\/"]}]},{"@type":"BreadcrumbList","@id":"https:\/\/www.vangraaf.com\/lv\/karjera\/mes\/attistiba\/#breadcrumb","itemListElement":[{"@type":"ListItem","position":1,"name":"Home","item":"https:\/\/www.vangraaf.com\/lv\/"},{"@type":"ListItem","position":2,"name":"Karjera","item":"https:\/\/www.vangraaf.com\/lv\/karjera\/"},{"@type":"ListItem","position":3,"name":"M\u0113s","item":"https:\/\/www.vangraaf.com\/lv\/karjera\/mes\/"},{"@type":"ListItem","position":4,"name":"Att\u012bst\u012bba"}]},{"@type":"WebSite","@id":"https:\/\/www.vangraaf.com\/lv\/#website","url":"https:\/\/www.vangraaf.com\/lv\/","name":"VAN GRAAF","description":"VAN GRAAF","potentialAction":[{"@type":"SearchAction","target":{"@type":"EntryPoint","urlTemplate":"https:\/\/www.vangraaf.com\/lv\/?s={search_term_string}"},"query-input":{"@type":"PropertyValueSpecification","valueRequired":true,"valueName":"search_term_string"}}],"inLanguage":"lv-LV"}]}},"_links":{"self":[{"href":"https:\/\/www.vangraaf.com\/lv\/wp-json\/wp\/v2\/pages\/5805","targetHints":{"allow":["GET"]}}],"collection":[{"href":"https:\/\/www.vangraaf.com\/lv\/wp-json\/wp\/v2\/pages"}],"about":[{"href":"https:\/\/www.vangraaf.com\/lv\/wp-json\/wp\/v2\/types\/page"}],"author":[{"embeddable":true,"href":"https:\/\/www.vangraaf.com\/lv\/wp-json\/wp\/v2\/users\/6"}],"replies":[{"embeddable":true,"href":"https:\/\/www.vangraaf.com\/lv\/wp-json\/wp\/v2\/comments?post=5805"}],"version-history":[{"count":19,"href":"https:\/\/www.vangraaf.com\/lv\/wp-json\/wp\/v2\/pages\/5805\/revisions"}],"predecessor-version":[{"id":6308,"href":"https:\/\/www.vangraaf.com\/lv\/wp-json\/wp\/v2\/pages\/5805\/revisions\/6308"}],"up":[{"embeddable":true,"href":"https:\/\/www.vangraaf.com\/lv\/wp-json\/wp\/v2\/pages\/5785"}],"wp:attachment":[{"href":"https:\/\/www.vangraaf.com\/lv\/wp-json\/wp\/v2\/media?parent=5805"}],"curies":[{"name":"wp","href":"https:\/\/api.w.org\/{rel}","templated":true}]}}