{"id":5803,"date":"2022-04-26T09:32:18","date_gmt":"2022-04-26T07:32:18","guid":{"rendered":"https:\/\/www.vangraaf.com\/lv\/?page_id=5803"},"modified":"2022-08-15T09:20:40","modified_gmt":"2022-08-15T07:20:40","slug":"musu-kopejais-darbs","status":"publish","type":"page","link":"https:\/\/www.vangraaf.com\/lv\/karjera\/mes\/musu-kopejais-darbs\/","title":{"rendered":"M\u016bsu kop\u0113jais darbs"},"content":{"rendered":"<div class=\"wpb-content-wrapper\">[vc_row bwd_tbc4vd_show_weekday=&#8221;&#8221; full_width=&#8221;stretch_row_content_no_spaces&#8221; row_spacing=&#8221;row_less_space&#8221;][vc_column]<div class=\"keyvisual\" data-aos=\"fade-up\" ><img loading=\"lazy\" decoding=\"async\" width=\"1440\" height=\"480\" src=\"https:\/\/www.vangraaf.com\/lv\/wp-content\/uploads\/sites\/5\/2022\/05\/M7_D_Wir_Headerbild_Gruppe_030.jpg\" class=\"vc_single_image-img keyvisual__image--big\" alt=\"M\u016bsu kop\u0113jais darbs\" srcset=\"https:\/\/www.vangraaf.com\/lv\/wp-content\/uploads\/sites\/5\/2022\/05\/M7_D_Wir_Headerbild_Gruppe_030.jpg 1440w, https:\/\/www.vangraaf.com\/lv\/wp-content\/uploads\/sites\/5\/2022\/05\/M7_D_Wir_Headerbild_Gruppe_030-300x100.jpg 300w, https:\/\/www.vangraaf.com\/lv\/wp-content\/uploads\/sites\/5\/2022\/05\/M7_D_Wir_Headerbild_Gruppe_030-1024x341.jpg 1024w, https:\/\/www.vangraaf.com\/lv\/wp-content\/uploads\/sites\/5\/2022\/05\/M7_D_Wir_Headerbild_Gruppe_030-768x256.jpg 768w, https:\/\/www.vangraaf.com\/lv\/wp-content\/uploads\/sites\/5\/2022\/05\/M7_D_Wir_Headerbild_Gruppe_030-1200x400.jpg 1200w, https:\/\/www.vangraaf.com\/lv\/wp-content\/uploads\/sites\/5\/2022\/05\/M7_D_Wir_Headerbild_Gruppe_030-992x331.jpg 992w, https:\/\/www.vangraaf.com\/lv\/wp-content\/uploads\/sites\/5\/2022\/05\/M7_D_Wir_Headerbild_Gruppe_030-480x160.jpg 480w, https:\/\/www.vangraaf.com\/lv\/wp-content\/uploads\/sites\/5\/2022\/05\/M7_D_Wir_Headerbild_Gruppe_030-690x230.jpg 690w\" sizes=\"(max-width: 1440px) 100vw, 1440px\" \/><img loading=\"lazy\" decoding=\"async\" width=\"768\" height=\"250\" src=\"https:\/\/www.vangraaf.com\/lv\/wp-content\/uploads\/sites\/5\/2022\/05\/M7_D_Wir_Headerbild_Gruppe_030-1.jpg\" class=\"vc_single_image-img keyvisual__image--small\" alt=\"M\u016bsu kop\u0113jais darbs\" srcset=\"https:\/\/www.vangraaf.com\/lv\/wp-content\/uploads\/sites\/5\/2022\/05\/M7_D_Wir_Headerbild_Gruppe_030-1.jpg 768w, https:\/\/www.vangraaf.com\/lv\/wp-content\/uploads\/sites\/5\/2022\/05\/M7_D_Wir_Headerbild_Gruppe_030-1-300x98.jpg 300w, https:\/\/www.vangraaf.com\/lv\/wp-content\/uploads\/sites\/5\/2022\/05\/M7_D_Wir_Headerbild_Gruppe_030-1-480x156.jpg 480w, https:\/\/www.vangraaf.com\/lv\/wp-content\/uploads\/sites\/5\/2022\/05\/M7_D_Wir_Headerbild_Gruppe_030-1-690x225.jpg 690w\" sizes=\"(max-width: 768px) 100vw, 768px\" \/><\/div>\n        <div class=\"headlines headlines--center\" data-aos=\"fade-up\">\n            <div class=\"vc_row\">\n                <div class=\"vc_col-md-10 vc_col-md-offset-1 vc_col-lg-10 vc_col-lg-offset-1\"><span class=\"h6\">Kop\u0101 pret\u012b pan\u0101kumiem<\/span><h1 class=\"h2\">Ar aizraut\u012bbu pret modi un cilv\u0113kiem<\/h1><\/div>\n            <\/div>\n        <\/div>[vc_column_text]\r\n<p style=\"text-align: center;\">K\u0101 \u0123imenes uz\u0146\u0113mumam mums ir \u012bpa\u0161i svar\u012bga kop\u0101 b\u016b\u0161anas saj\u016bta, kam rakstur\u012bga uztic\u0113\u0161an\u0101s un sapratnes pilnas attiec\u012bbas. M\u016bsu sadarb\u012bbas principos m\u0113s aprakst\u0101m kop\u012bgas v\u0113rt\u012bbas, ko m\u0113s akt\u012bvi izdz\u012bvojam ikdien\u0101. Str\u0101d\u0101jot roku rok\u0101, m\u0113s varam iedesmot gan viens otru, gan citus un kop\u0101 sasniegt m\u016bsu m\u0113r\u0137us.<\/p>\r\n[\/vc_column_text][vc_tta_accordion collapsible_all=&#8221;true&#8221;][vc_tta_section title=&#8221;Pan\u0101kumi, kas balst\u012bti uz aizraut\u012bbu ar modi un cilv\u0113kiem&#8221; tab_id=&#8221;1645467407505-86991baf-7998&#8243;][vc_column_text]\r\n<ul>\r\n \t<li>M\u016bs vieno kop\u012bga aizraut\u012bba ar modi un cilv\u0113kiem.<\/li>\r\n \t<li>M\u0113s sasniedzam m\u016bsu m\u0113r\u0137us ar prieku un dinamiski.<\/li>\r\n \t<li>M\u0113s iedvesmojam gan viens otru, gan citus.<\/li>\r\n<\/ul>\r\n[\/vc_column_text][\/vc_tta_section][vc_tta_section title=&#8221;Uztic\u0113\u0161an\u0101s atbild\u012bbai&#8221; tab_id=&#8221;1645467407517-e404311f-bf76&#8243;][vc_column_text]\r\n<ul>\r\n \t<li>M\u0113s pa\u013caujamies uz ikviena kompetenci un v\u0113lmi g\u016bt pan\u0101kumus.<\/li>\r\n \t<li>M\u0113s ticam m\u016bsu sp\u0113kiem un uz\u0146emamies atbild\u012bbu.<\/li>\r\n \t<li>M\u0113s pa\u013caujamies uz ikviena v\u0113lmi uz\u0146emties atbild\u012bbu un to atbalst\u0101m.<\/li>\r\n<\/ul>\r\n[\/vc_column_text][\/vc_tta_section][vc_tta_section title=&#8221;Vienk\u0101r\u0161\u0101k, bet lab\u0101k &#8211; katru dienu&#8221; tab_id=&#8221;1645467462258-e2be262b-63a6&#8243;][vc_column_text]\r\n<ul>\r\n \t<li>M\u0113s koncentr\u0113jamies uz svar\u012bg\u0101ko.<\/li>\r\n \t<li>M\u0113s lemjam par labu kam kop\u0113jamam un nevis kam atsevi\u0161\u0137am.<\/li>\r\n \t<li>M\u0113s pie\u0146emam skaidrus l\u0113mumus un tos konsekventi \u012bstenojam.<\/li>\r\n<\/ul>\r\n[\/vc_column_text][\/vc_tta_section][\/vc_tta_accordion][\/vc_column][\/vc_row][vc_row][vc_column][vc_column_text]\r\n<h3>M\u016bsu atgriezenisk\u0101s saites kult\u016bra<\/h3>\r\nAtv\u0113rta un konstrukt\u012bva atgriezenisk\u0101s saites kult\u016bra padara m\u016bs stiprus. T\u0101p\u0113c m\u0113s velt\u0101m viens otram laiku: papildus regul\u0101rai atgriezenisk\u0101s saistes snieg\u0161anai ikdien\u0101 m\u0113s veicin\u0101m inform\u0101cijas apmai\u0146u starp Tevi un Tavu vad\u012bt\u0101ju, darbinieku ikgad\u0113j\u0101s p\u0101rrun\u0101s &#8220;Dialogs k\u0101 iesp\u0113ja&#8221;. \u0160is dialogs \u012bpa\u0161i rada iesp\u0113ju atzin\u012bbas izteik\u0161anai un savstarp\u0113jai atgriezeniskajai saitei. Tu sa\u0146emsi ar\u012b nov\u0113rt\u0113jumu par sav\u0101m profesion\u0101laj\u0101m un person\u012bgaj\u0101m prasm\u0113m. \u0160\u0101d\u0101 veid\u0101 abas puses var izmantot darbinieku ikgad\u0113j\u0101s p\u0101rrunas, lai m\u0101c\u012btos viena no otras, vienotos par kop\u012bg\u0101m v\u0113lm\u0113m un atkl\u0101tu perspekt\u012bvas.[\/vc_column_text][vc_column_text]\r\n<h3>M\u016bsu vad\u012bba<\/h3>\r\nVad\u012bba ir p\u0101rliecino\u0161a tikai tad, ja t\u0101 ir autentiska. M\u016bsu &#8220;HIGH FIVE&#8221; vad\u012bbas koncepcijas ietvaros m\u0113s sniedzam Tev k\u0101 vad\u012bt\u0101jam ievirzi un vienlaikus rad\u0101m telpu, kur\u0101 izpausties Tavai person\u012bbai un pieredzei. Tu iem\u0101c\u012bsies paskat\u012bties uz sevi no malas un att\u012bst\u012bt savas person\u012bg\u0101s vad\u012bbas prasmes. Tev k\u0101 darbiniekam tas dod iesp\u0113ju str\u0101d\u0101t kop\u0101 t\u0101, lai pilnveidotos un att\u012bst\u012btu savas stipr\u0101s puses. VAN GRAAF m\u0113s kop\u0101 veidojam l\u012bder\u012bbu: Autentiski. Individu\u0101li. Uz n\u0101kotni v\u0113rstu.[\/vc_column_text][\/vc_column][\/vc_row][vc_row bwd_tbc4vd_show_weekday=&#8221;&#8221; full_width=&#8221;stretch_row_content_no_spaces&#8221;][vc_column]\n        <div class=\"headlines headlines--center\" data-aos=\"fade-up\">\n            <div class=\"vc_row\">\n                <div class=\"vc_col-md-10 vc_col-md-offset-1 vc_col-lg-10 vc_col-lg-offset-1\"><h2 class=\"h2\">Vair\u0101k par VAN GRAAF<\/h2><\/div>\n            <\/div>\n        <\/div>[vc_row_inner bwd_tbc4vd_show_weekday=&#8221;&#8221; row_design=&#8221;row_square_background&#8221;][vc_column_inner width=&#8221;1\/3&#8243;]<div class=\"vg-element cta-teaser cta-teaser--center\" data-aos=\"fade-up\"><div class=\"cta-teaser__image\"><a class=\"\" href=\"https:\/\/www.vangraaf.com\/lv\/karjera\/mes\/attistiba\/\" target=\"_self\" rel=\"\" style=\"\"><img loading=\"lazy\" decoding=\"async\" width=\"380\" height=\"254\" src=\"https:\/\/www.vangraaf.com\/lv\/wp-content\/uploads\/sites\/5\/2022\/05\/M12_D_GRUPPE_PORTRAIT_TRAINER_025-1.jpg\" class=\"vc_single_image-img attachment-full\" alt=\"Att\u012bst\u012bba\" title=\"Att\u012bst\u012bba\" srcset=\"https:\/\/www.vangraaf.com\/lv\/wp-content\/uploads\/sites\/5\/2022\/05\/M12_D_GRUPPE_PORTRAIT_TRAINER_025-1.jpg 380w, https:\/\/www.vangraaf.com\/lv\/wp-content\/uploads\/sites\/5\/2022\/05\/M12_D_GRUPPE_PORTRAIT_TRAINER_025-1-300x201.jpg 300w\" sizes=\"(max-width: 380px) 100vw, 380px\" \/><\/a><\/div><div class=\"cta-teaser__text\"><h3>Att\u012bst\u012bba<\/h3><p>M\u0101c\u012bties vienm\u0113r ir mod\u0113! Ar daudzveid\u012bg\u0101m apm\u0101c\u012bbu iesp\u0113j\u0101m m\u0113s Tevi sagatavosim n\u0101kotnei VAN GRAAF.<\/p><a class=\"button\" href=\"https:\/\/www.vangraaf.com\/lv\/karjera\/mes\/attistiba\/\" target=\"_self\" rel=\"\" style=\"\">Uzzin\u0101t vair\u0101k<\/a><\/div><\/div>[\/vc_column_inner][vc_column_inner width=&#8221;1\/3&#8243;]<div class=\"vg-element cta-teaser cta-teaser--center\" data-aos=\"fade-up\"><div class=\"cta-teaser__image\"><a class=\"\" href=\"https:\/\/www.vangraaf.com\/lv\/karjera\/mes\/uznemums\/\" target=\"_self\" rel=\"\" style=\"\"><img loading=\"lazy\" decoding=\"async\" width=\"380\" height=\"254\" src=\"https:\/\/www.vangraaf.com\/lv\/wp-content\/uploads\/sites\/5\/2022\/05\/DasUnternehmen_VG-1.jpg\" class=\"vc_single_image-img attachment-full\" alt=\"Uz\u0146\u0113mums\" title=\"Uz\u0146\u0113mums\" srcset=\"https:\/\/www.vangraaf.com\/lv\/wp-content\/uploads\/sites\/5\/2022\/05\/DasUnternehmen_VG-1.jpg 380w, https:\/\/www.vangraaf.com\/lv\/wp-content\/uploads\/sites\/5\/2022\/05\/DasUnternehmen_VG-1-300x201.jpg 300w\" sizes=\"(max-width: 380px) 100vw, 380px\" \/><\/a><\/div><div class=\"cta-teaser__text\"><h3>Uz\u0146\u0113mums<\/h3><p>VAN GRAAF ir starptautiski veiksm\u012bga mazumtirdzniec\u012bbas koncepcija. Uzzini par mums k\u0101 uz\u0146\u0113mumu vair\u0101k.<\/p><a class=\"button\" href=\"https:\/\/www.vangraaf.com\/lv\/karjera\/mes\/uznemums\/\" target=\"_self\" rel=\"\" style=\"\">Uzzin\u0101t vair\u0101k<\/a><\/div><\/div>[\/vc_column_inner][vc_column_inner width=&#8221;1\/3&#8243;]<div class=\"vg-element cta-teaser cta-teaser--center\" data-aos=\"fade-up\"><div class=\"cta-teaser__image\"><a class=\"\" href=\"https:\/\/www.vangraaf.com\/lv\/karjera\/darbs-un-karjera\/vakances\/\" target=\"_self\" rel=\"\" style=\"\"><img loading=\"lazy\" decoding=\"async\" width=\"380\" height=\"254\" src=\"https:\/\/www.vangraaf.com\/lv\/wp-content\/uploads\/sites\/5\/2022\/05\/M10_M_Portraits_Buero_026-2.jpg\" class=\"vc_single_image-img attachment-full\" alt=\"Vakances\" title=\"Vakances\" srcset=\"https:\/\/www.vangraaf.com\/lv\/wp-content\/uploads\/sites\/5\/2022\/05\/M10_M_Portraits_Buero_026-2.jpg 380w, https:\/\/www.vangraaf.com\/lv\/wp-content\/uploads\/sites\/5\/2022\/05\/M10_M_Portraits_Buero_026-2-300x201.jpg 300w\" sizes=\"(max-width: 380px) 100vw, 380px\" \/><\/a><\/div><div class=\"cta-teaser__text\"><h3>VAN GRAAF vakances<\/h3><p>Vai esi gatavs n\u0101kamajam karjeras solim? M\u0113s pied\u0101v\u0101jam Tev daudz iesp\u0113ju. Atrodi savu sap\u0146u darbu VAN GRAAF.<\/p><a class=\"button button--primary\" href=\"https:\/\/www.vangraaf.com\/lv\/karjera\/darbs-un-karjera\/vakances\/\" target=\"_self\" rel=\"\" style=\"\">Apskat\u012bt vakances<\/a><\/div><\/div>[\/vc_column_inner][\/vc_row_inner][\/vc_column][\/vc_row]<\/div>","protected":false},"excerpt":{"rendered":"[vc_row bwd_tbc4vd_show_weekday=&#8221;&#8221; full_width=&#8221;stretch_row_content_no_spaces&#8221; row_spacing=&#8221;row_less_space&#8221;][vc_column][vc_column_text] K\u0101 \u0123imenes uz\u0146\u0113mumam mums ir \u012bpa\u0161i svar\u012bga kop\u0101 b\u016b\u0161anas saj\u016bta, kam rakstur\u012bga uztic\u0113\u0161an\u0101s un sapratnes pilnas attiec\u012bbas. M\u016bsu sadarb\u012bbas principos m\u0113s aprakst\u0101m kop\u012bgas v\u0113rt\u012bbas, ko m\u0113s akt\u012bvi izdz\u012bvojam ikdien\u0101. Str\u0101d\u0101jot roku rok\u0101, m\u0113s varam iedesmot gan viens otru, gan citus un kop\u0101 sasniegt m\u016bsu m\u0113r\u0137us. [\/vc_column_text][vc_tta_accordion collapsible_all=&#8221;true&#8221;][vc_tta_section title=&#8221;Pan\u0101kumi, kas balst\u012bti uz [&hellip;]","protected":false},"author":6,"featured_media":0,"parent":5785,"menu_order":0,"comment_status":"closed","ping_status":"closed","template":"","meta":{"_acf_changed":false,"inline_featured_image":false,"footnotes":""},"class_list":["post-5803","page","type-page","status-publish","hentry"],"acf":[],"yoast_head":"<!-- This site is optimized with the Yoast SEO plugin v27.2 - https:\/\/yoast.com\/product\/yoast-seo-wordpress\/ -->\n<title>M\u016bsu kop\u0101 b\u016b\u0161ana I VAN GRAAF<\/title>\n<meta name=\"description\" content=\"Tevi interes\u0113 darba iesp\u0113jas VAN GRAAF? Iepaz\u012bsti m\u016bsu uz\u0146\u0113muma kult\u016bru un piesakies jau \u0161odien!\" \/>\n<meta name=\"robots\" content=\"index, follow, max-snippet:-1, max-image-preview:large, max-video-preview:-1\" \/>\n<link rel=\"canonical\" href=\"https:\/\/www.vangraaf.com\/lv\/karjera\/mes\/musu-kopejais-darbs\/\" \/>\n<meta property=\"og:locale\" content=\"lv_LV\" \/>\n<meta property=\"og:type\" content=\"article\" \/>\n<meta property=\"og:title\" content=\"M\u016bsu kop\u0101 b\u016b\u0161ana I VAN GRAAF\" \/>\n<meta property=\"og:description\" content=\"Tevi interes\u0113 darba iesp\u0113jas VAN GRAAF? Iepaz\u012bsti m\u016bsu uz\u0146\u0113muma kult\u016bru un piesakies jau \u0161odien!\" \/>\n<meta property=\"og:url\" content=\"https:\/\/www.vangraaf.com\/lv\/karjera\/mes\/musu-kopejais-darbs\/\" \/>\n<meta property=\"og:site_name\" content=\"VAN GRAAF Latvija\" \/>\n<meta property=\"article:modified_time\" content=\"2022-08-15T07:20:40+00:00\" \/>\n<meta name=\"twitter:card\" content=\"summary_large_image\" \/>\n<meta name=\"twitter:label1\" content=\"Est. reading time\" \/>\n\t<meta name=\"twitter:data1\" content=\"3 min\u016btes\" \/>\n<script type=\"application\/ld+json\" class=\"yoast-schema-graph\">{\"@context\":\"https:\/\/schema.org\",\"@graph\":[{\"@type\":\"WebPage\",\"@id\":\"https:\/\/www.vangraaf.com\/lv\/karjera\/mes\/musu-kopejais-darbs\/\",\"url\":\"https:\/\/www.vangraaf.com\/lv\/karjera\/mes\/musu-kopejais-darbs\/\",\"name\":\"M\u016bsu kop\u0101 b\u016b\u0161ana I VAN GRAAF\",\"isPartOf\":{\"@id\":\"https:\/\/www.vangraaf.com\/lv\/#website\"},\"datePublished\":\"2022-04-26T07:32:18+00:00\",\"dateModified\":\"2022-08-15T07:20:40+00:00\",\"description\":\"Tevi interes\u0113 darba iesp\u0113jas VAN GRAAF? Iepaz\u012bsti m\u016bsu uz\u0146\u0113muma kult\u016bru un piesakies jau \u0161odien!\",\"breadcrumb\":{\"@id\":\"https:\/\/www.vangraaf.com\/lv\/karjera\/mes\/musu-kopejais-darbs\/#breadcrumb\"},\"inLanguage\":\"lv-LV\",\"potentialAction\":[{\"@type\":\"ReadAction\",\"target\":[\"https:\/\/www.vangraaf.com\/lv\/karjera\/mes\/musu-kopejais-darbs\/\"]}]},{\"@type\":\"BreadcrumbList\",\"@id\":\"https:\/\/www.vangraaf.com\/lv\/karjera\/mes\/musu-kopejais-darbs\/#breadcrumb\",\"itemListElement\":[{\"@type\":\"ListItem\",\"position\":1,\"name\":\"Home\",\"item\":\"https:\/\/www.vangraaf.com\/lv\/\"},{\"@type\":\"ListItem\",\"position\":2,\"name\":\"Karjera\",\"item\":\"https:\/\/www.vangraaf.com\/lv\/karjera\/\"},{\"@type\":\"ListItem\",\"position\":3,\"name\":\"M\u0113s\",\"item\":\"https:\/\/www.vangraaf.com\/lv\/karjera\/mes\/\"},{\"@type\":\"ListItem\",\"position\":4,\"name\":\"M\u016bsu kop\u0113jais darbs\"}]},{\"@type\":\"WebSite\",\"@id\":\"https:\/\/www.vangraaf.com\/lv\/#website\",\"url\":\"https:\/\/www.vangraaf.com\/lv\/\",\"name\":\"VAN GRAAF\",\"description\":\"VAN GRAAF\",\"potentialAction\":[{\"@type\":\"SearchAction\",\"target\":{\"@type\":\"EntryPoint\",\"urlTemplate\":\"https:\/\/www.vangraaf.com\/lv\/?s={search_term_string}\"},\"query-input\":{\"@type\":\"PropertyValueSpecification\",\"valueRequired\":true,\"valueName\":\"search_term_string\"}}],\"inLanguage\":\"lv-LV\"}]}<\/script>\n<!-- \/ Yoast SEO plugin. -->","yoast_head_json":{"title":"M\u016bsu kop\u0101 b\u016b\u0161ana I VAN GRAAF","description":"Tevi interes\u0113 darba iesp\u0113jas VAN GRAAF? Iepaz\u012bsti m\u016bsu uz\u0146\u0113muma kult\u016bru un piesakies jau \u0161odien!","robots":{"index":"index","follow":"follow","max-snippet":"max-snippet:-1","max-image-preview":"max-image-preview:large","max-video-preview":"max-video-preview:-1"},"canonical":"https:\/\/www.vangraaf.com\/lv\/karjera\/mes\/musu-kopejais-darbs\/","og_locale":"lv_LV","og_type":"article","og_title":"M\u016bsu kop\u0101 b\u016b\u0161ana I VAN GRAAF","og_description":"Tevi interes\u0113 darba iesp\u0113jas VAN GRAAF? Iepaz\u012bsti m\u016bsu uz\u0146\u0113muma kult\u016bru un piesakies jau \u0161odien!","og_url":"https:\/\/www.vangraaf.com\/lv\/karjera\/mes\/musu-kopejais-darbs\/","og_site_name":"VAN GRAAF Latvija","article_modified_time":"2022-08-15T07:20:40+00:00","twitter_card":"summary_large_image","twitter_misc":{"Est. reading time":"3 min\u016btes"},"schema":{"@context":"https:\/\/schema.org","@graph":[{"@type":"WebPage","@id":"https:\/\/www.vangraaf.com\/lv\/karjera\/mes\/musu-kopejais-darbs\/","url":"https:\/\/www.vangraaf.com\/lv\/karjera\/mes\/musu-kopejais-darbs\/","name":"M\u016bsu kop\u0101 b\u016b\u0161ana I VAN GRAAF","isPartOf":{"@id":"https:\/\/www.vangraaf.com\/lv\/#website"},"datePublished":"2022-04-26T07:32:18+00:00","dateModified":"2022-08-15T07:20:40+00:00","description":"Tevi interes\u0113 darba iesp\u0113jas VAN GRAAF? Iepaz\u012bsti m\u016bsu uz\u0146\u0113muma kult\u016bru un piesakies jau \u0161odien!","breadcrumb":{"@id":"https:\/\/www.vangraaf.com\/lv\/karjera\/mes\/musu-kopejais-darbs\/#breadcrumb"},"inLanguage":"lv-LV","potentialAction":[{"@type":"ReadAction","target":["https:\/\/www.vangraaf.com\/lv\/karjera\/mes\/musu-kopejais-darbs\/"]}]},{"@type":"BreadcrumbList","@id":"https:\/\/www.vangraaf.com\/lv\/karjera\/mes\/musu-kopejais-darbs\/#breadcrumb","itemListElement":[{"@type":"ListItem","position":1,"name":"Home","item":"https:\/\/www.vangraaf.com\/lv\/"},{"@type":"ListItem","position":2,"name":"Karjera","item":"https:\/\/www.vangraaf.com\/lv\/karjera\/"},{"@type":"ListItem","position":3,"name":"M\u0113s","item":"https:\/\/www.vangraaf.com\/lv\/karjera\/mes\/"},{"@type":"ListItem","position":4,"name":"M\u016bsu kop\u0113jais darbs"}]},{"@type":"WebSite","@id":"https:\/\/www.vangraaf.com\/lv\/#website","url":"https:\/\/www.vangraaf.com\/lv\/","name":"VAN GRAAF","description":"VAN GRAAF","potentialAction":[{"@type":"SearchAction","target":{"@type":"EntryPoint","urlTemplate":"https:\/\/www.vangraaf.com\/lv\/?s={search_term_string}"},"query-input":{"@type":"PropertyValueSpecification","valueRequired":true,"valueName":"search_term_string"}}],"inLanguage":"lv-LV"}]}},"_links":{"self":[{"href":"https:\/\/www.vangraaf.com\/lv\/wp-json\/wp\/v2\/pages\/5803","targetHints":{"allow":["GET"]}}],"collection":[{"href":"https:\/\/www.vangraaf.com\/lv\/wp-json\/wp\/v2\/pages"}],"about":[{"href":"https:\/\/www.vangraaf.com\/lv\/wp-json\/wp\/v2\/types\/page"}],"author":[{"embeddable":true,"href":"https:\/\/www.vangraaf.com\/lv\/wp-json\/wp\/v2\/users\/6"}],"replies":[{"embeddable":true,"href":"https:\/\/www.vangraaf.com\/lv\/wp-json\/wp\/v2\/comments?post=5803"}],"version-history":[{"count":15,"href":"https:\/\/www.vangraaf.com\/lv\/wp-json\/wp\/v2\/pages\/5803\/revisions"}],"predecessor-version":[{"id":6016,"href":"https:\/\/www.vangraaf.com\/lv\/wp-json\/wp\/v2\/pages\/5803\/revisions\/6016"}],"up":[{"embeddable":true,"href":"https:\/\/www.vangraaf.com\/lv\/wp-json\/wp\/v2\/pages\/5785"}],"wp:attachment":[{"href":"https:\/\/www.vangraaf.com\/lv\/wp-json\/wp\/v2\/media?parent=5803"}],"curies":[{"name":"wp","href":"https:\/\/api.w.org\/{rel}","templated":true}]}}