{"id":5801,"date":"2022-04-26T09:31:58","date_gmt":"2022-04-26T07:31:58","guid":{"rendered":"https:\/\/www.vangraaf.com\/lv\/?page_id=5801"},"modified":"2022-07-13T13:53:27","modified_gmt":"2022-07-13T11:53:27","slug":"kandidata-koptels","status":"publish","type":"page","link":"https:\/\/www.vangraaf.com\/lv\/karjera\/pievienojies\/kandidata-koptels\/","title":{"rendered":"Kandid\u0101ta kopt\u0113ls"},"content":{"rendered":"<div class=\"wpb-content-wrapper\">[vc_row bwd_tbc4vd_show_weekday=&#8221;&#8221; full_width=&#8221;stretch_row_content_no_spaces&#8221;][vc_column]<div class=\"keyvisual\" data-aos=\"fade-up\" ><img loading=\"lazy\" decoding=\"async\" width=\"1440\" height=\"480\" src=\"https:\/\/www.vangraaf.com\/lv\/wp-content\/uploads\/sites\/5\/2022\/05\/M2_B_Azubis_im_Verkauf_010.jpg\" class=\"vc_single_image-img keyvisual__image--big\" alt=\"Kandid\u0101ta kopt\u0113ls\" srcset=\"https:\/\/www.vangraaf.com\/lv\/wp-content\/uploads\/sites\/5\/2022\/05\/M2_B_Azubis_im_Verkauf_010.jpg 1440w, https:\/\/www.vangraaf.com\/lv\/wp-content\/uploads\/sites\/5\/2022\/05\/M2_B_Azubis_im_Verkauf_010-300x100.jpg 300w, https:\/\/www.vangraaf.com\/lv\/wp-content\/uploads\/sites\/5\/2022\/05\/M2_B_Azubis_im_Verkauf_010-1024x341.jpg 1024w, https:\/\/www.vangraaf.com\/lv\/wp-content\/uploads\/sites\/5\/2022\/05\/M2_B_Azubis_im_Verkauf_010-768x256.jpg 768w, https:\/\/www.vangraaf.com\/lv\/wp-content\/uploads\/sites\/5\/2022\/05\/M2_B_Azubis_im_Verkauf_010-1200x400.jpg 1200w, https:\/\/www.vangraaf.com\/lv\/wp-content\/uploads\/sites\/5\/2022\/05\/M2_B_Azubis_im_Verkauf_010-992x331.jpg 992w, https:\/\/www.vangraaf.com\/lv\/wp-content\/uploads\/sites\/5\/2022\/05\/M2_B_Azubis_im_Verkauf_010-480x160.jpg 480w, https:\/\/www.vangraaf.com\/lv\/wp-content\/uploads\/sites\/5\/2022\/05\/M2_B_Azubis_im_Verkauf_010-690x230.jpg 690w\" sizes=\"(max-width: 1440px) 100vw, 1440px\" \/><img loading=\"lazy\" decoding=\"async\" width=\"768\" height=\"250\" src=\"https:\/\/www.vangraaf.com\/lv\/wp-content\/uploads\/sites\/5\/2022\/05\/M2_B_Azubis_im_Verkauf_010_mobil.jpg\" class=\"vc_single_image-img keyvisual__image--small\" alt=\"Kandid\u0101ta kopt\u0113ls\" srcset=\"https:\/\/www.vangraaf.com\/lv\/wp-content\/uploads\/sites\/5\/2022\/05\/M2_B_Azubis_im_Verkauf_010_mobil.jpg 768w, https:\/\/www.vangraaf.com\/lv\/wp-content\/uploads\/sites\/5\/2022\/05\/M2_B_Azubis_im_Verkauf_010_mobil-300x98.jpg 300w, https:\/\/www.vangraaf.com\/lv\/wp-content\/uploads\/sites\/5\/2022\/05\/M2_B_Azubis_im_Verkauf_010_mobil-480x156.jpg 480w, https:\/\/www.vangraaf.com\/lv\/wp-content\/uploads\/sites\/5\/2022\/05\/M2_B_Azubis_im_Verkauf_010_mobil-690x225.jpg 690w\" sizes=\"(max-width: 768px) 100vw, 768px\" \/><\/div>\n        <div class=\"headlines headlines--center\" data-aos=\"fade-up\">\n            <div class=\"vc_row\">\n                <div class=\"vc_col-md-10 vc_col-md-offset-1 vc_col-lg-10 vc_col-lg-offset-1\"><span class=\"h6\">Padomi, lai Tavs ap\u0123\u0113rbs darba intervij\u0101 b\u016btu perfekts<\/span><h1 class=\"h2\">Piem\u0113rots ap\u0123\u0113rbs<\/h1><\/div>\n            <\/div>\n        <\/div>[vc_column_text]\r\n<p style=\"text-align: center\">Ar piem\u0113rotu ap\u0123\u0113rbu Tu b\u016bsi p\u0101rliecino\u0161s gan person\u012bgaj\u0101, gan virtu\u0101laj\u0101 intervij\u0101. Tas, cik nopietnam vai stil\u012bgam j\u0101b\u016bt Tavam ap\u0123\u0113rbam, ir atkar\u012bgs no nozares un Tava n\u0101kam\u0101 darba dev\u0113ja. Vai esi pieteicies darb\u0101 modes industrij\u0101? Tad iesakam Tev izv\u0113l\u0113ties br\u012bvu, bet taj\u0101 pa\u0161\u0101 laik\u0101 modernu ap\u0123\u0113rbu. Tradicion\u0101laj\u0101s nozar\u0113s, piem\u0113ram, banku vai apdro\u0161in\u0101\u0161anas jom\u0101s, parasti tiek piepras\u012bti klasiski un nopietni ap\u0123\u0113rbi.<\/p>\r\n[\/vc_column_text][\/vc_column][\/vc_row][vc_row][vc_column][vc_column_text]\r\n<h3>Lab\u0101kie stila padomi<\/h3>\r\nIzzini, k\u0101ds ir konkret\u0101s nozares ierastais \u0123\u0113rb\u0161an\u0101s kodekss. Ar\u012b uz\u0146\u0113muma karjeras vietne un soci\u0101lo t\u012bklu apmekl\u0113jums var sniegt inform\u0101ciju par to, ko uz\u0146\u0113mums dom\u0101 par \u0123\u0113rb\u0161an\u0101s noteikumiem. Atbilsto\u0161ai ap\u0123\u0113rba izv\u0113lei var b\u016bt noz\u012bme Tavam n\u0101kotnes amatam Ja n\u0101kotn\u0113 sav\u0101 darb\u0101 Tu daudz kontakt\u0113sies ar klientiem vai uz\u0146emsies vad\u012bbas pien\u0101kumus, Tavs ap\u0123\u0113rbs var b\u016bt klasisk\u0101ks. Atbilsto\u0161i \u0123\u0113rb\u0161an\u0101s kodeksam izv\u0113lies ap\u0123\u0113rbu, kur\u0101 j\u016bties \u0113rti un p\u0101rliecino\u0161i. Tad ar\u012b intervij\u0101 Tu izstarosi p\u0101rliec\u012bbu par sevi un individualit\u0101ti.[\/vc_column_text][vc_row_inner][vc_column_inner]<div class=\"vg-element image-text-teaser image-text-teaser--left image-text-teaser--dark\" style=\"--season-color: #ffffff\" data-aos=\"fade-up\"><div class=\"vc_row vc_row-flex\"><div class=\"image-text-teaser__image hide-for-sm-only vc_col-sm-12 vc_col-md-4\"><img loading=\"lazy\" decoding=\"async\" width=\"599\" height=\"549\" src=\"https:\/\/www.vangraaf.com\/lv\/wp-content\/uploads\/sites\/5\/2022\/05\/Man_Business_Favorit.jpg\" class=\"vc_single_image-img\" alt=\"klasisks un nopietns\" srcset=\"https:\/\/www.vangraaf.com\/lv\/wp-content\/uploads\/sites\/5\/2022\/05\/Man_Business_Favorit.jpg 599w, https:\/\/www.vangraaf.com\/lv\/wp-content\/uploads\/sites\/5\/2022\/05\/Man_Business_Favorit-300x275.jpg 300w, https:\/\/www.vangraaf.com\/lv\/wp-content\/uploads\/sites\/5\/2022\/05\/Man_Business_Favorit-480x440.jpg 480w\" sizes=\"(max-width: 599px) 100vw, 599px\" \/><\/div><div class=\"vc_col-sm-12 vc_col-md-8\"><div class=\"image-text-teaser__content-wrapper\"><div class=\"image-text-teaser__content\"><h3>\u0122\u0113rb\u0161an\u0101s stils Business Attire: klasisks un nopietns<\/h3><p>Vai Tav\u0101 v\u0113lamaj\u0101 darb\u0101 tiek piepras\u012bts nopietns un klasisks \u0123\u0113rb\u0161an\u0101s stils? Tad tradicion\u0101ls, bet m\u016bsdien\u012bgs darba intervijas ap\u0123\u0113rba salikums ir piem\u0113rots tie\u0161i Tev. Piem\u0113ram, sieviet\u0113m ir piem\u0113rots vienk\u0101r\u0161s kost\u012bms, eleganta lieti\u0161\u0137a kleita vai bik\u0161kost\u012bms ar bl\u016bzi. V\u012brie\u0161i izv\u0113las klasisku uzvalku ar gar\u0101m piedurkn\u0113m, kreklu un kaklasaiti.<\/p>\n<\/div><\/div><\/div><\/div><\/div>[\/vc_column_inner][\/vc_row_inner][vc_row_inner][vc_column_inner]<div class=\"vg-element image-text-teaser image-text-teaser--right image-text-teaser--dark\" style=\"--season-color: #ffffff\" data-aos=\"fade-up\"><div class=\"vc_row vc_row-flex\"><div class=\"image-text-teaser__image hide-for-sm-only vc_col-sm-12 vc_col-sm-push-8 vc_col-md-4 vc_col-md-push-8\"><img loading=\"lazy\" decoding=\"async\" width=\"599\" height=\"549\" src=\"https:\/\/www.vangraaf.com\/lv\/wp-content\/uploads\/sites\/5\/2022\/05\/Female_Smart-Casual_Favorit.jpg\" class=\"vc_single_image-img\" alt=\"Business Casual un Smart Casual\" srcset=\"https:\/\/www.vangraaf.com\/lv\/wp-content\/uploads\/sites\/5\/2022\/05\/Female_Smart-Casual_Favorit.jpg 599w, https:\/\/www.vangraaf.com\/lv\/wp-content\/uploads\/sites\/5\/2022\/05\/Female_Smart-Casual_Favorit-300x275.jpg 300w, https:\/\/www.vangraaf.com\/lv\/wp-content\/uploads\/sites\/5\/2022\/05\/Female_Smart-Casual_Favorit-480x440.jpg 480w\" sizes=\"(max-width: 599px) 100vw, 599px\" \/><\/div><div class=\"vc_col-sm-12 vc_col-sm-pull-0 vc_col-md-8 vc_col-md-pull-4\"><div class=\"image-text-teaser__content-wrapper\"><div class=\"image-text-teaser__content\"><h3>\u0122\u0113rb\u0161an\u0101s stils Business Casual un Smart Casual<\/h3><p>Tirdzniec\u012bb\u0101, amatniec\u012bb\u0101 un IT jom\u0101 parasti var \u0123\u0113rbties daudz br\u012bv\u0101k. Var izv\u0113l\u0113ties gan vieglas elegances, gan sportiskus elementus. \u0160eit ieteicams jaunekl\u012bgs un svaigs ap\u0123\u0113rbs. V\u012brietis var izv\u0113l\u0113ties elegantu izskatu ar sportisku \u017eaketi vai ad\u012bjumu kop\u0101 ar chino stila biks\u0113m vai tum\u0161iem d\u017einsiem. Sievietes var kombin\u0113t auduma bikses vai sv\u0101rkus ar augstas kvalit\u0101tes smalkiem ad\u012bjumiem vai stil\u012bg\u0101m \u017eaket\u0113m.<\/p>\n<\/div><\/div><\/div><\/div><\/div>[\/vc_column_inner][\/vc_row_inner][vc_row_inner][vc_column_inner]<div class=\"vg-element image-text-teaser image-text-teaser--left image-text-teaser--dark\" style=\"--season-color: #ffffff\" data-aos=\"fade-up\"><div class=\"vc_row vc_row-flex\"><div class=\"image-text-teaser__image hide-for-sm-only vc_col-sm-12 vc_col-md-4\"><img loading=\"lazy\" decoding=\"async\" width=\"599\" height=\"549\" src=\"https:\/\/www.vangraaf.com\/lv\/wp-content\/uploads\/sites\/5\/2022\/05\/Man_Casual_Favorit.jpg\" class=\"vc_single_image-img\" alt=\"\u0122\u0113rb\u0161an\u0101s stils Casual\" srcset=\"https:\/\/www.vangraaf.com\/lv\/wp-content\/uploads\/sites\/5\/2022\/05\/Man_Casual_Favorit.jpg 599w, https:\/\/www.vangraaf.com\/lv\/wp-content\/uploads\/sites\/5\/2022\/05\/Man_Casual_Favorit-300x275.jpg 300w, https:\/\/www.vangraaf.com\/lv\/wp-content\/uploads\/sites\/5\/2022\/05\/Man_Casual_Favorit-480x440.jpg 480w\" sizes=\"(max-width: 599px) 100vw, 599px\" \/><\/div><div class=\"vc_col-sm-12 vc_col-md-8\"><div class=\"image-text-teaser__content-wrapper\"><div class=\"image-text-teaser__content\"><h3>\u0122\u0113rb\u0161an\u0101s stils Casual<\/h3><p>Vai Tevis izv\u0113l\u0113tais darba dev\u0113js dod priek\u0161roku br\u012bvam \u0123\u0113rb\u0161an\u0101s stilam? Tie\u0161i rado\u0161aj\u0101s jom\u0101s Tev ir daudz iesp\u0113ju izv\u0113l\u0113ties, k\u0101 \u0123\u0113rbties. Svar\u012bgi, lai Tavs ap\u0123\u0113rba salikums b\u016btu stil\u012bgs un kopts. Sievietes var izv\u0113l\u0113ties savu m\u012b\u013c\u0101ko kr\u0101saino kleitu kop\u0101 ar for\u0161u d\u017einsa jaku. V\u012brie\u0161i var kombin\u0113t augstas kvalit\u0101tes kreklu ar sportisku \u017eaketi un d\u017eemperi vai modernu slim-fit kreklu ar st\u0101vapkakli.<\/p>\n<p>Vai Tu v\u0113l mekl\u0113 perfektu ap\u0123\u0113rbu savai darba intervijai? M\u016bsu VAN GRAAF <a href=\"https:\/\/www.vangraaf.com\/lv\/par-mums\/riga\/\" target=\"_blank\" rel=\"noopener\">veikal\u0101<\/a>, pieredz\u0113ju\u0161i p\u0101rdev\u0113ji konsultanti Tev sniegs personiskus padomus par perfektu stilu.<\/p>\n<\/div><\/div><\/div><\/div><\/div>[\/vc_column_inner][\/vc_row_inner][\/vc_column][\/vc_row][vc_row bwd_tbc4vd_show_weekday=&#8221;&#8221; full_width=&#8221;stretch_row_content_no_spaces&#8221;][vc_column]\n        <div class=\"headlines headlines--center\" data-aos=\"fade-up\">\n            <div class=\"vc_row\">\n                <div class=\"vc_col-md-10 vc_col-md-offset-1 vc_col-lg-10 vc_col-lg-offset-1\"><h2 class=\"h2\">K\u0101 pan\u0101kt, lai Tavs pieteikums tiktu paman\u012bts<\/h2><\/div>\n            <\/div>\n        <\/div>[vc_row_inner bwd_tbc4vd_show_weekday=&#8221;&#8221; row_design=&#8221;row_square_background&#8221;][vc_column_inner width=&#8221;1\/3&#8243;]<div class=\"vg-element cta-teaser cta-teaser--center\" data-aos=\"fade-up\"><div class=\"cta-teaser__image\"><a class=\"\" href=\"https:\/\/www.vangraaf.com\/lv\/karjera\/darbs-un-karjera\/vakances\/\" target=\"_self\" rel=\"\" style=\"\"><img loading=\"lazy\" decoding=\"async\" width=\"380\" height=\"254\" src=\"https:\/\/www.vangraaf.com\/lv\/wp-content\/uploads\/sites\/5\/2022\/05\/M10_M_Portraits_Buero_026-2.jpg\" class=\"vc_single_image-img attachment-full\" alt=\"Vakances\" title=\"Vakances\" srcset=\"https:\/\/www.vangraaf.com\/lv\/wp-content\/uploads\/sites\/5\/2022\/05\/M10_M_Portraits_Buero_026-2.jpg 380w, https:\/\/www.vangraaf.com\/lv\/wp-content\/uploads\/sites\/5\/2022\/05\/M10_M_Portraits_Buero_026-2-300x201.jpg 300w\" sizes=\"(max-width: 380px) 100vw, 380px\" \/><\/a><\/div><div class=\"cta-teaser__text\"><h3>VAN GRAAF vakances<\/h3><p>Vai esi gatavs n\u0101kamajam karjeras solim? M\u0113s pied\u0101v\u0101jam Tev daudz iesp\u0113ju. Atrodi savu sap\u0146u darbu VAN GRAAF.<\/p><a class=\"button button--primary\" href=\"https:\/\/www.vangraaf.com\/lv\/karjera\/darbs-un-karjera\/vakances\/\" target=\"_self\" rel=\"\" style=\"\">Apskat\u012bt vakances<\/a><\/div><\/div>[\/vc_column_inner][vc_column_inner width=&#8221;1\/3&#8243;]<div class=\"vg-element cta-teaser cta-teaser--center\" data-aos=\"fade-up\"><div class=\"cta-teaser__image\"><a class=\"\" href=\"https:\/\/www.vangraaf.com\/lv\/karjera\/kontakti\/\" target=\"_self\" rel=\"\" style=\"\"><img loading=\"lazy\" decoding=\"async\" width=\"380\" height=\"254\" src=\"https:\/\/www.vangraaf.com\/lv\/wp-content\/uploads\/sites\/5\/2021\/05\/Andersone.jpg\" class=\"vc_single_image-img attachment-full\" alt=\"\" title=\"Andersone\" srcset=\"https:\/\/www.vangraaf.com\/lv\/wp-content\/uploads\/sites\/5\/2021\/05\/Andersone.jpg 380w, https:\/\/www.vangraaf.com\/lv\/wp-content\/uploads\/sites\/5\/2021\/05\/Andersone-300x201.jpg 300w\" sizes=\"(max-width: 380px) 100vw, 380px\" \/><\/a><\/div><div class=\"cta-teaser__text\"><h3>Kontaktpersona<\/h3><p>Tev ir jaut\u0101jumi par darba uzs\u0101k\u0161anas iesp\u0113j\u0101m VAN GRAAF? Tad sazinies ar Baibu: +371 29463626<\/p><a class=\"button\" href=\"https:\/\/www.vangraaf.com\/lv\/karjera\/kontakti\/\" target=\"_self\" rel=\"\" style=\"\">S\u016bt\u012bt e-pastu<\/a><\/div><\/div>[\/vc_column_inner][vc_column_inner width=&#8221;1\/3&#8243;]<div class=\"vg-element cta-teaser cta-teaser--center\" data-aos=\"fade-up\"><div class=\"cta-teaser__image\"><a class=\"\" href=\"https:\/\/www.vangraaf.com\/lv\/karjera\/pievienojies\/padomi-pieteikumam\/\" target=\"_self\" rel=\"\" style=\"\"><img loading=\"lazy\" decoding=\"async\" width=\"380\" height=\"254\" src=\"https:\/\/www.vangraaf.com\/lv\/wp-content\/uploads\/sites\/5\/2022\/05\/M3_C_Schueler_054-2.jpg\" class=\"vc_single_image-img attachment-full\" alt=\"Padomi pieteikumam\" title=\"Padomi pieteikumam\" srcset=\"https:\/\/www.vangraaf.com\/lv\/wp-content\/uploads\/sites\/5\/2022\/05\/M3_C_Schueler_054-2.jpg 380w, https:\/\/www.vangraaf.com\/lv\/wp-content\/uploads\/sites\/5\/2022\/05\/M3_C_Schueler_054-2-300x201.jpg 300w\" sizes=\"(max-width: 380px) 100vw, 380px\" \/><\/a><\/div><div class=\"cta-teaser__text\"><h3>Padomi pieteikumam<\/h3><p>Vai v\u0113lies pieteikties pie mums darb\u0101? M\u0113s sniegsim Tev visus padomu, lai pieteik\u0161an\u0101s process b\u016btu veiksm\u012bgs.<\/p><a class=\"button\" href=\"https:\/\/www.vangraaf.com\/lv\/karjera\/pievienojies\/padomi-pieteikumam\/\" target=\"_self\" rel=\"\" style=\"\">Padomi Tavam pieteikumam<\/a><\/div><\/div>[\/vc_column_inner][\/vc_row_inner][\/vc_column][\/vc_row]<\/div>","protected":false},"excerpt":{"rendered":"[vc_row bwd_tbc4vd_show_weekday=&#8221;&#8221; full_width=&#8221;stretch_row_content_no_spaces&#8221;][vc_column][vc_column_text] Ar piem\u0113rotu ap\u0123\u0113rbu Tu b\u016bsi p\u0101rliecino\u0161s gan person\u012bgaj\u0101, gan virtu\u0101laj\u0101 intervij\u0101. Tas, cik nopietnam vai stil\u012bgam j\u0101b\u016bt Tavam ap\u0123\u0113rbam, ir atkar\u012bgs no nozares un Tava n\u0101kam\u0101 darba dev\u0113ja. Vai esi pieteicies darb\u0101 modes industrij\u0101? Tad iesakam Tev izv\u0113l\u0113ties br\u012bvu, bet taj\u0101 pa\u0161\u0101 laik\u0101 modernu ap\u0123\u0113rbu. Tradicion\u0101laj\u0101s nozar\u0113s, piem\u0113ram, banku vai apdro\u0161in\u0101\u0161anas jom\u0101s, [&hellip;]","protected":false},"author":6,"featured_media":0,"parent":5783,"menu_order":0,"comment_status":"closed","ping_status":"closed","template":"","meta":{"_acf_changed":false,"inline_featured_image":false,"footnotes":""},"class_list":["post-5801","page","type-page","status-publish","hentry"],"acf":[],"yoast_head":"<!-- This site is optimized with the Yoast SEO plugin v27.2 - https:\/\/yoast.com\/product\/yoast-seo-wordpress\/ -->\n<title>Tavs ap\u0123\u0113rbs darba intervijai | VAN GRAAF<\/title>\n<meta name=\"description\" content=\"Vai Tu mekl\u0113 perfektu ap\u0123\u0113rbu savai darba intervijai? Mums ir lab\u0101kie stila padomi! Visu inform\u0101ciju vari atrast \u0161eit.\" \/>\n<meta name=\"robots\" content=\"index, follow, max-snippet:-1, max-image-preview:large, max-video-preview:-1\" \/>\n<link rel=\"canonical\" href=\"https:\/\/www.vangraaf.com\/lv\/karjera\/pievienojies\/kandidata-koptels\/\" \/>\n<meta property=\"og:locale\" content=\"lv_LV\" \/>\n<meta property=\"og:type\" content=\"article\" \/>\n<meta property=\"og:title\" content=\"Tavs ap\u0123\u0113rbs darba intervijai | VAN GRAAF\" \/>\n<meta property=\"og:description\" content=\"Vai Tu mekl\u0113 perfektu ap\u0123\u0113rbu savai darba intervijai? Mums ir lab\u0101kie stila padomi! Visu inform\u0101ciju vari atrast \u0161eit.\" \/>\n<meta property=\"og:url\" content=\"https:\/\/www.vangraaf.com\/lv\/karjera\/pievienojies\/kandidata-koptels\/\" \/>\n<meta property=\"og:site_name\" content=\"VAN GRAAF Latvija\" \/>\n<meta property=\"article:modified_time\" content=\"2022-07-13T11:53:27+00:00\" \/>\n<meta name=\"twitter:card\" content=\"summary_large_image\" \/>\n<meta name=\"twitter:label1\" content=\"Est. reading time\" \/>\n\t<meta name=\"twitter:data1\" content=\"4 min\u016btes\" \/>\n<script type=\"application\/ld+json\" class=\"yoast-schema-graph\">{\"@context\":\"https:\/\/schema.org\",\"@graph\":[{\"@type\":\"WebPage\",\"@id\":\"https:\/\/www.vangraaf.com\/lv\/karjera\/pievienojies\/kandidata-koptels\/\",\"url\":\"https:\/\/www.vangraaf.com\/lv\/karjera\/pievienojies\/kandidata-koptels\/\",\"name\":\"Tavs ap\u0123\u0113rbs darba intervijai | VAN GRAAF\",\"isPartOf\":{\"@id\":\"https:\/\/www.vangraaf.com\/lv\/#website\"},\"datePublished\":\"2022-04-26T07:31:58+00:00\",\"dateModified\":\"2022-07-13T11:53:27+00:00\",\"description\":\"Vai Tu mekl\u0113 perfektu ap\u0123\u0113rbu savai darba intervijai? Mums ir lab\u0101kie stila padomi! Visu inform\u0101ciju vari atrast \u0161eit.\",\"breadcrumb\":{\"@id\":\"https:\/\/www.vangraaf.com\/lv\/karjera\/pievienojies\/kandidata-koptels\/#breadcrumb\"},\"inLanguage\":\"lv-LV\",\"potentialAction\":[{\"@type\":\"ReadAction\",\"target\":[\"https:\/\/www.vangraaf.com\/lv\/karjera\/pievienojies\/kandidata-koptels\/\"]}]},{\"@type\":\"BreadcrumbList\",\"@id\":\"https:\/\/www.vangraaf.com\/lv\/karjera\/pievienojies\/kandidata-koptels\/#breadcrumb\",\"itemListElement\":[{\"@type\":\"ListItem\",\"position\":1,\"name\":\"Home\",\"item\":\"https:\/\/www.vangraaf.com\/lv\/\"},{\"@type\":\"ListItem\",\"position\":2,\"name\":\"Karjera\",\"item\":\"https:\/\/www.vangraaf.com\/lv\/karjera\/\"},{\"@type\":\"ListItem\",\"position\":3,\"name\":\"Pievienojies\",\"item\":\"https:\/\/www.vangraaf.com\/lv\/karjera\/pievienojies\/\"},{\"@type\":\"ListItem\",\"position\":4,\"name\":\"Kandid\u0101ta kopt\u0113ls\"}]},{\"@type\":\"WebSite\",\"@id\":\"https:\/\/www.vangraaf.com\/lv\/#website\",\"url\":\"https:\/\/www.vangraaf.com\/lv\/\",\"name\":\"VAN GRAAF\",\"description\":\"VAN GRAAF\",\"potentialAction\":[{\"@type\":\"SearchAction\",\"target\":{\"@type\":\"EntryPoint\",\"urlTemplate\":\"https:\/\/www.vangraaf.com\/lv\/?s={search_term_string}\"},\"query-input\":{\"@type\":\"PropertyValueSpecification\",\"valueRequired\":true,\"valueName\":\"search_term_string\"}}],\"inLanguage\":\"lv-LV\"}]}<\/script>\n<!-- \/ Yoast SEO plugin. -->","yoast_head_json":{"title":"Tavs ap\u0123\u0113rbs darba intervijai | VAN GRAAF","description":"Vai Tu mekl\u0113 perfektu ap\u0123\u0113rbu savai darba intervijai? Mums ir lab\u0101kie stila padomi! Visu inform\u0101ciju vari atrast \u0161eit.","robots":{"index":"index","follow":"follow","max-snippet":"max-snippet:-1","max-image-preview":"max-image-preview:large","max-video-preview":"max-video-preview:-1"},"canonical":"https:\/\/www.vangraaf.com\/lv\/karjera\/pievienojies\/kandidata-koptels\/","og_locale":"lv_LV","og_type":"article","og_title":"Tavs ap\u0123\u0113rbs darba intervijai | VAN GRAAF","og_description":"Vai Tu mekl\u0113 perfektu ap\u0123\u0113rbu savai darba intervijai? Mums ir lab\u0101kie stila padomi! Visu inform\u0101ciju vari atrast \u0161eit.","og_url":"https:\/\/www.vangraaf.com\/lv\/karjera\/pievienojies\/kandidata-koptels\/","og_site_name":"VAN GRAAF Latvija","article_modified_time":"2022-07-13T11:53:27+00:00","twitter_card":"summary_large_image","twitter_misc":{"Est. reading time":"4 min\u016btes"},"schema":{"@context":"https:\/\/schema.org","@graph":[{"@type":"WebPage","@id":"https:\/\/www.vangraaf.com\/lv\/karjera\/pievienojies\/kandidata-koptels\/","url":"https:\/\/www.vangraaf.com\/lv\/karjera\/pievienojies\/kandidata-koptels\/","name":"Tavs ap\u0123\u0113rbs darba intervijai | VAN GRAAF","isPartOf":{"@id":"https:\/\/www.vangraaf.com\/lv\/#website"},"datePublished":"2022-04-26T07:31:58+00:00","dateModified":"2022-07-13T11:53:27+00:00","description":"Vai Tu mekl\u0113 perfektu ap\u0123\u0113rbu savai darba intervijai? Mums ir lab\u0101kie stila padomi! Visu inform\u0101ciju vari atrast \u0161eit.","breadcrumb":{"@id":"https:\/\/www.vangraaf.com\/lv\/karjera\/pievienojies\/kandidata-koptels\/#breadcrumb"},"inLanguage":"lv-LV","potentialAction":[{"@type":"ReadAction","target":["https:\/\/www.vangraaf.com\/lv\/karjera\/pievienojies\/kandidata-koptels\/"]}]},{"@type":"BreadcrumbList","@id":"https:\/\/www.vangraaf.com\/lv\/karjera\/pievienojies\/kandidata-koptels\/#breadcrumb","itemListElement":[{"@type":"ListItem","position":1,"name":"Home","item":"https:\/\/www.vangraaf.com\/lv\/"},{"@type":"ListItem","position":2,"name":"Karjera","item":"https:\/\/www.vangraaf.com\/lv\/karjera\/"},{"@type":"ListItem","position":3,"name":"Pievienojies","item":"https:\/\/www.vangraaf.com\/lv\/karjera\/pievienojies\/"},{"@type":"ListItem","position":4,"name":"Kandid\u0101ta kopt\u0113ls"}]},{"@type":"WebSite","@id":"https:\/\/www.vangraaf.com\/lv\/#website","url":"https:\/\/www.vangraaf.com\/lv\/","name":"VAN GRAAF","description":"VAN GRAAF","potentialAction":[{"@type":"SearchAction","target":{"@type":"EntryPoint","urlTemplate":"https:\/\/www.vangraaf.com\/lv\/?s={search_term_string}"},"query-input":{"@type":"PropertyValueSpecification","valueRequired":true,"valueName":"search_term_string"}}],"inLanguage":"lv-LV"}]}},"_links":{"self":[{"href":"https:\/\/www.vangraaf.com\/lv\/wp-json\/wp\/v2\/pages\/5801","targetHints":{"allow":["GET"]}}],"collection":[{"href":"https:\/\/www.vangraaf.com\/lv\/wp-json\/wp\/v2\/pages"}],"about":[{"href":"https:\/\/www.vangraaf.com\/lv\/wp-json\/wp\/v2\/types\/page"}],"author":[{"embeddable":true,"href":"https:\/\/www.vangraaf.com\/lv\/wp-json\/wp\/v2\/users\/6"}],"replies":[{"embeddable":true,"href":"https:\/\/www.vangraaf.com\/lv\/wp-json\/wp\/v2\/comments?post=5801"}],"version-history":[{"count":23,"href":"https:\/\/www.vangraaf.com\/lv\/wp-json\/wp\/v2\/pages\/5801\/revisions"}],"predecessor-version":[{"id":6295,"href":"https:\/\/www.vangraaf.com\/lv\/wp-json\/wp\/v2\/pages\/5801\/revisions\/6295"}],"up":[{"embeddable":true,"href":"https:\/\/www.vangraaf.com\/lv\/wp-json\/wp\/v2\/pages\/5783"}],"wp:attachment":[{"href":"https:\/\/www.vangraaf.com\/lv\/wp-json\/wp\/v2\/media?parent=5801"}],"curies":[{"name":"wp","href":"https:\/\/api.w.org\/{rel}","templated":true}]}}