{"id":5799,"date":"2022-04-26T09:31:33","date_gmt":"2022-04-26T07:31:33","guid":{"rendered":"https:\/\/www.vangraaf.com\/lv\/?page_id=5799"},"modified":"2022-08-15T10:59:05","modified_gmt":"2022-08-15T08:59:05","slug":"padomi-pieteikumam","status":"publish","type":"page","link":"https:\/\/www.vangraaf.com\/lv\/karjera\/pievienojies\/padomi-pieteikumam\/","title":{"rendered":"Padomi pieteikumam"},"content":{"rendered":"<div class=\"wpb-content-wrapper\">[vc_row bwd_tbc4vd_show_weekday=&#8221;&#8221; full_width=&#8221;stretch_row_content_no_spaces&#8221; row_spacing=&#8221;row_less_space&#8221;][vc_column]<div class=\"keyvisual\" data-aos=\"fade-up\" ><img loading=\"lazy\" decoding=\"async\" width=\"1440\" height=\"480\" src=\"https:\/\/www.vangraaf.com\/lv\/wp-content\/uploads\/sites\/5\/2022\/05\/M3_C_Schueler_054.jpg\" class=\"vc_single_image-img\" alt=\"Padomi pieteikumam\" srcset=\"https:\/\/www.vangraaf.com\/lv\/wp-content\/uploads\/sites\/5\/2022\/05\/M3_C_Schueler_054.jpg 1440w, https:\/\/www.vangraaf.com\/lv\/wp-content\/uploads\/sites\/5\/2022\/05\/M3_C_Schueler_054-300x100.jpg 300w, https:\/\/www.vangraaf.com\/lv\/wp-content\/uploads\/sites\/5\/2022\/05\/M3_C_Schueler_054-1024x341.jpg 1024w, https:\/\/www.vangraaf.com\/lv\/wp-content\/uploads\/sites\/5\/2022\/05\/M3_C_Schueler_054-768x256.jpg 768w, https:\/\/www.vangraaf.com\/lv\/wp-content\/uploads\/sites\/5\/2022\/05\/M3_C_Schueler_054-1200x400.jpg 1200w, https:\/\/www.vangraaf.com\/lv\/wp-content\/uploads\/sites\/5\/2022\/05\/M3_C_Schueler_054-992x331.jpg 992w, https:\/\/www.vangraaf.com\/lv\/wp-content\/uploads\/sites\/5\/2022\/05\/M3_C_Schueler_054-480x160.jpg 480w, https:\/\/www.vangraaf.com\/lv\/wp-content\/uploads\/sites\/5\/2022\/05\/M3_C_Schueler_054-690x230.jpg 690w\" sizes=\"(max-width: 1440px) 100vw, 1440px\" \/><\/div>\n        <div class=\"headlines headlines--center\" data-aos=\"fade-up\">\n            <div class=\"vc_row\">\n                <div class=\"vc_col-md-10 vc_col-md-offset-1 vc_col-lg-10 vc_col-lg-offset-1\"><span class=\"h6\">Padomi veiksm\u012bgam pieteik\u0161an\u0101s procesam<\/span><h1 class=\"h2\">Tavs pieteikums VAN GRAAF<\/h1><\/div>\n            <\/div>\n        <\/div>[vc_column_text]\r\n<p style=\"text-align: center;\">Piesakoties darb\u0101, Tu sper pirmo soli n\u0101kotn\u0113 kop\u0101 ar mums. M\u016bsu standartiz\u0113tais atlases process nodro\u0161ina, ka visiem pretendentiem ir vien\u0101das iesp\u0113jas. Tavs piln\u012bb\u0101 aizpild\u012btais tie\u0161saistes pieteikums VAN GRAAF rad\u012bs pirmo iespaidu par Tevi. P\u0113c tam Tu var\u0113si p\u0101rliecin\u0101t m\u016bs ar savu person\u012bbu darba intervij\u0101. \u0160eit m\u0113s sniedzam padomus, lai pieteik\u0161an\u0101s process norit\u0113tu veiksm\u012bgi.<\/p>\r\n[\/vc_column_text][vc_tta_accordion collapsible_all=&#8221;true&#8221;][vc_tta_section title=&#8221;Tava motiv\u0101cijas v\u0113stule&#8221; tab_id=&#8221;Motiv\u0101cijas-v\u0113stule&#8221;][vc_column_text]Tava motiv\u0101cijas v\u0113stule ir lielisks s\u0101kums, lai paustu savu motiv\u0101ciju str\u0101d\u0101t VAN GRAAF. Vai Tu esi apdom\u0101jis, k\u0101p\u0113c m\u0113s var\u0113tu b\u016bt Tev piem\u0113rots darba dev\u0113js un kas Tevi uzrun\u0101 potenci\u0101laj\u0101 darb\u0101? Motiv\u0101cijas v\u0113stuli papildini ar \u012bsu aprakstu par sav\u0101m stipraj\u0101m pus\u0113m un atsauc\u0113m uz attiec\u012bgo pieredzi un zin\u0101\u0161an\u0101m.[\/vc_column_text][\/vc_tta_section][vc_tta_section title=&#8221;Tavs CV&#8221; tab_id=&#8221;CV&#8221;][vc_column_text]Piesakoties darb\u0101 VAN GRAAF, Tavs CV veido izteiksm\u012bgu kopainu. Papildus personiskajai inform\u0101cijai struktur\u0113ti un hronolo\u0123iski nor\u0101di savu iepriek\u0161\u0113jo darba pieredzi. Pa punktiem apraksti savus uzdevumus un pien\u0101kumus attiec\u012bgaj\u0101 amat\u0101. Sniedz s\u012bk\u0101ku inform\u0101ciju par darb\u012bb\u0101m, kas var\u0113tu noder\u0113t darb\u0101 VAN GRAAF.[\/vc_column_text][\/vc_tta_section][\/vc_tta_accordion][\/vc_column][\/vc_row][vc_row][vc_column][vc_column_text]\r\n<h3>Veiksm\u012bgs pieteikums VAN GRAAF: uzaicin\u0101jums uz darba interviju<\/h3>\r\nMums pat\u012bk Tavs pieteikums! Tagad m\u0113s ar nepaciet\u012bbu gaid\u0101m iesp\u0113ju iepaz\u012bties ar Tevi. Darba intervij\u0101 m\u0113s v\u0113lamies kop\u012bgi noskaidrot, vai m\u0113s viens otram esam piem\u0113roti, jo ar\u012b m\u0113s ien\u0101kam Tav\u0101 dz\u012bv\u0113. T\u0101l\u0101k sniegtie padomi pal\u012bdz\u0113s Tev p\u0113c iesp\u0113jas lab\u0101k sagatavoties intervijai:[\/vc_column_text][vc_tta_accordion collapsible_all=&#8221;true&#8221;][vc_tta_section title=&#8221;Sagatavo\u0161an\u0101s intervijai&#8221; tab_id=&#8221;Sagatavo\u0161an\u0101s&#8221;][vc_column_text]Pirms pieteik\u0161an\u0101s tie\u0161saist\u0113 VAN GRAAF Tev noteikti jau bija radies pirmais iespaids par mums. Pirms darba intervijas vislab\u0101k ir uzzin\u0101t vair\u0101k par m\u016bsu uz\u0146\u0113mumu grupu un apmekl\u0113t <a href=\"https:\/\/www.vangraaf.com\/lv\/par-mums\/riga\/\">m\u016bsu veikalu<\/a>. Spilgtu iespaidu par VAN GRAAF var g\u016bt ar\u012b <a href=\"https:\/\/www.facebook.com\/vangraaflatvia\/\" target=\"_blank\" rel=\"noopener\">Facebook<\/a> un <a href=\"https:\/\/www.instagram.com\/vangraaflatvia\" target=\"_blank\" rel=\"noopener\">Instagram<\/a>.\r\n\r\nT\u0101pat v\u0113lreiz pajaut\u0101 sev, k\u0101p\u0113c Tu pieteicies tie\u0161i \u0161im darbam? Kas Tev pat\u012bk aprakst\u012btajos uzdevumos? K\u0101p\u0113c Tu b\u016btu piem\u0113rots kandid\u0101ts \u0161im amatam? Protams, mums ir ar\u012b interesanti, k\u0101di b\u016bs Tavi jaut\u0101jumi intervijas laik\u0101. T\u0101p\u0113c no savas puses apdom\u0101, ko v\u0113l Tu v\u0113l\u0113tos zin\u0101t par VAN GRAAF un darbu.[\/vc_column_text][\/vc_tta_section][vc_tta_section title=&#8221;Piem\u0113rots ap\u0123\u0113rbs&#8221; tab_id=&#8221;Ap\u0123\u0113rbs&#8221;][vc_column_text]Mums k\u0101 ap\u0123\u0113rbu mazumtirdzniec\u012bbas uz\u0146\u0113mumam, protams, ir svar\u012bgs stil\u012bgs un kopts ap\u0123\u0113rbs. \u0160eit Tu atrad\u012bsi vair\u0101kas stila idejas, savam <a href=\"https:\/\/www.vangraaf.com\/lv\/karjera\/pievienojies\/kandidata-koptels\/\">darba intervijas ap\u0123\u0113rbam<\/a>.[\/vc_column_text][\/vc_tta_section][vc_tta_section title=&#8221;P\u0101rliecino\u0161a intervija&#8221; tab_id=&#8221;Intervija&#8221;][vc_column_text]Tavs pieteikums VAN GRAAF mums jau ir rad\u012bjis pirmo iespaidu par Tevi, un darba intervij\u0101 m\u0113s v\u0113lamies Tevi iepaz\u012bt tuv\u0101k gan person\u012bgi, gan profesion\u0101li. P\u0113c m\u016bsu iepaz\u012b\u0161an\u0101s, m\u0113s Tev uzdosim jaut\u0101jumus par Tavu person\u012bbu, darba pieredzi un iesp\u0113j\u0101m str\u0101d\u0101t. Protams, zin\u0101ms uztraukums ir neizb\u0113gams, ta\u010du m\u0113s v\u0113lamies Tevi iedro\u0161in\u0101t b\u016bt atv\u0113rtam, p\u0101rliecin\u0101tam par sevi un patiesam.\r\n\r\nMums ir svar\u012bgi, lai Tu g\u016btu visaptvero\u0161u ieskatu par VAN GRAAF pasauli, komandu un saviem turpm\u0101kajiem uzdevumiem. Turkl\u0101t m\u0113s v\u0113lamies sniegt atbildes uz Taviem jaut\u0101jumiem.[\/vc_column_text][\/vc_tta_section][\/vc_tta_accordion][\/vc_column][\/vc_row][vc_row bwd_tbc4vd_show_weekday=&#8221;&#8221; full_width=&#8221;stretch_row_content_no_spaces&#8221;][vc_column]\n        <div class=\"headlines headlines--center\" data-aos=\"fade-up\">\n            <div class=\"vc_row\">\n                <div class=\"vc_col-md-10 vc_col-md-offset-1 vc_col-lg-10 vc_col-lg-offset-1\"><h2 class=\"h2\">K\u0101 pan\u0101kt, lai Tavs pieteikums tiktu paman\u012bts<\/h2><\/div>\n            <\/div>\n        <\/div>[vc_row_inner bwd_tbc4vd_show_weekday=&#8221;&#8221; row_design=&#8221;row_square_background&#8221;][vc_column_inner width=&#8221;1\/3&#8243;]<div class=\"vg-element cta-teaser cta-teaser--center\" data-aos=\"fade-up\"><div class=\"cta-teaser__image\"><a class=\"\" href=\"https:\/\/www.vangraaf.com\/lv\/karjera\/darbs-un-karjera\/vakances\/\" target=\"_self\" rel=\"\" style=\"\"><img loading=\"lazy\" decoding=\"async\" width=\"380\" height=\"254\" src=\"https:\/\/www.vangraaf.com\/lv\/wp-content\/uploads\/sites\/5\/2022\/05\/M10_M_Portraits_Buero_026-2.jpg\" class=\"vc_single_image-img attachment-full\" alt=\"Vakances\" title=\"Vakances\" srcset=\"https:\/\/www.vangraaf.com\/lv\/wp-content\/uploads\/sites\/5\/2022\/05\/M10_M_Portraits_Buero_026-2.jpg 380w, https:\/\/www.vangraaf.com\/lv\/wp-content\/uploads\/sites\/5\/2022\/05\/M10_M_Portraits_Buero_026-2-300x201.jpg 300w\" sizes=\"(max-width: 380px) 100vw, 380px\" \/><\/a><\/div><div class=\"cta-teaser__text\"><h3>VAN GRAAF vakances<\/h3><p>Vai esi gatavs n\u0101kamajam karjeras solim? M\u0113s pied\u0101v\u0101jam Tev daudz iesp\u0113ju. Atrodi savu sap\u0146u darbu VAN GRAAF.<\/p><a class=\"button button--primary\" href=\"https:\/\/www.vangraaf.com\/lv\/karjera\/darbs-un-karjera\/vakances\/\" target=\"_self\" rel=\"\" style=\"\">Apskat\u012bt vakances<\/a><\/div><\/div>[\/vc_column_inner][vc_column_inner width=&#8221;1\/3&#8243;]<div class=\"vg-element cta-teaser cta-teaser--center\" data-aos=\"fade-up\"><div class=\"cta-teaser__image\"><a class=\"\" href=\"https:\/\/www.vangraaf.com\/lv\/karjera\/kontakti\/\" target=\"_self\" rel=\"\" style=\"\"><img loading=\"lazy\" decoding=\"async\" width=\"380\" height=\"254\" src=\"https:\/\/www.vangraaf.com\/lv\/wp-content\/uploads\/sites\/5\/2021\/05\/Andersone.jpg\" class=\"vc_single_image-img attachment-full\" alt=\"\" title=\"Andersone\" srcset=\"https:\/\/www.vangraaf.com\/lv\/wp-content\/uploads\/sites\/5\/2021\/05\/Andersone.jpg 380w, https:\/\/www.vangraaf.com\/lv\/wp-content\/uploads\/sites\/5\/2021\/05\/Andersone-300x201.jpg 300w\" sizes=\"(max-width: 380px) 100vw, 380px\" \/><\/a><\/div><div class=\"cta-teaser__text\"><h3>Kontaktpersona<\/h3><p>Tev ir jaut\u0101jumi par darba uzs\u0101k\u0161anas iesp\u0113j\u0101m VAN GRAAF? Tad sazinies ar Baibu: +371 29463626<\/p><a class=\"button\" href=\"https:\/\/www.vangraaf.com\/lv\/karjera\/kontakti\/\" target=\"_self\" rel=\"\" style=\"\">S\u016bt\u012bt e-pastu<\/a><\/div><\/div>[\/vc_column_inner][vc_column_inner width=&#8221;1\/3&#8243;]<div class=\"vg-element cta-teaser cta-teaser--center\" data-aos=\"fade-up\"><div class=\"cta-teaser__image\"><a class=\"\" href=\"https:\/\/www.vangraaf.com\/lv\/karjera\/pievienojies\/atlases-process\/\" target=\"_self\" rel=\"\" style=\"\"><img loading=\"lazy\" decoding=\"async\" width=\"380\" height=\"254\" src=\"https:\/\/www.vangraaf.com\/lv\/wp-content\/uploads\/sites\/5\/2022\/07\/Bewerbungsprozess.jpeg\" class=\"vc_single_image-img attachment-full\" alt=\"\" title=\"Bewerbungsprozess\" srcset=\"https:\/\/www.vangraaf.com\/lv\/wp-content\/uploads\/sites\/5\/2022\/07\/Bewerbungsprozess.jpeg 380w, https:\/\/www.vangraaf.com\/lv\/wp-content\/uploads\/sites\/5\/2022\/07\/Bewerbungsprozess-300x201.jpeg 300w\" sizes=\"(max-width: 380px) 100vw, 380px\" \/><\/a><\/div><div class=\"cta-teaser__text\"><h3>Pieteik\u0161an\u0101s process<\/h3><p>Person\u0101la atlases proces\u0101 galven\u0101 uzman\u012bba tiek piev\u0113rsta Tev. M\u0113s ar prieku sniegsim visu nepiecie\u0161amo inform\u0101ciju.<\/p><a class=\"button\" href=\"https:\/\/www.vangraaf.com\/lv\/karjera\/pievienojies\/atlases-process\/\" target=\"_self\" rel=\"\" style=\"\">Uzzin\u0101t vair\u0101k<\/a><\/div><\/div>[\/vc_column_inner][\/vc_row_inner][\/vc_column][\/vc_row]<\/div>","protected":false},"excerpt":{"rendered":"[vc_row bwd_tbc4vd_show_weekday=&#8221;&#8221; full_width=&#8221;stretch_row_content_no_spaces&#8221; row_spacing=&#8221;row_less_space&#8221;][vc_column][vc_column_text] Piesakoties darb\u0101, Tu sper pirmo soli n\u0101kotn\u0113 kop\u0101 ar mums. M\u016bsu standartiz\u0113tais atlases process nodro\u0161ina, ka visiem pretendentiem ir vien\u0101das iesp\u0113jas. Tavs piln\u012bb\u0101 aizpild\u012btais tie\u0161saistes pieteikums VAN GRAAF rad\u012bs pirmo iespaidu par Tevi. P\u0113c tam Tu var\u0113si p\u0101rliecin\u0101t m\u016bs ar savu person\u012bbu darba intervij\u0101. \u0160eit m\u0113s sniedzam padomus, lai pieteik\u0161an\u0101s process [&hellip;]","protected":false},"author":6,"featured_media":0,"parent":5783,"menu_order":0,"comment_status":"closed","ping_status":"closed","template":"","meta":{"_acf_changed":false,"inline_featured_image":false,"footnotes":""},"class_list":["post-5799","page","type-page","status-publish","hentry"],"acf":[],"yoast_head":"<!-- This site is optimized with the Yoast SEO plugin v27.2 - https:\/\/yoast.com\/product\/yoast-seo-wordpress\/ -->\n<title>Tavs darba pieteikums | VAN GRAAF<\/title>\n<meta name=\"description\" content=\"Vai Tevi interes\u0113 aizraujo\u0161s un izaicin\u0101jumiem bag\u0101ts darbs mazumtirdzniec\u012bbas nozar\u0113? Tad piesakies darb\u0101 VAN GRAAF tie\u0161saist\u0113! Visu inform\u0101ciju atrad\u012bsi \u0161eit.\" \/>\n<meta name=\"robots\" content=\"index, follow, max-snippet:-1, max-image-preview:large, max-video-preview:-1\" \/>\n<link rel=\"canonical\" href=\"https:\/\/www.vangraaf.com\/lv\/karjera\/pievienojies\/padomi-pieteikumam\/\" \/>\n<meta property=\"og:locale\" content=\"lv_LV\" \/>\n<meta property=\"og:type\" content=\"article\" \/>\n<meta property=\"og:title\" content=\"Tavs darba pieteikums | VAN GRAAF\" \/>\n<meta property=\"og:description\" content=\"Vai Tevi interes\u0113 aizraujo\u0161s un izaicin\u0101jumiem bag\u0101ts darbs mazumtirdzniec\u012bbas nozar\u0113? Tad piesakies darb\u0101 VAN GRAAF tie\u0161saist\u0113! Visu inform\u0101ciju atrad\u012bsi \u0161eit.\" \/>\n<meta property=\"og:url\" content=\"https:\/\/www.vangraaf.com\/lv\/karjera\/pievienojies\/padomi-pieteikumam\/\" \/>\n<meta property=\"og:site_name\" content=\"VAN GRAAF Latvija\" \/>\n<meta property=\"article:modified_time\" content=\"2022-08-15T08:59:05+00:00\" \/>\n<meta name=\"twitter:card\" content=\"summary_large_image\" \/>\n<meta name=\"twitter:label1\" content=\"Est. reading time\" \/>\n\t<meta name=\"twitter:data1\" content=\"3 min\u016btes\" \/>\n<script type=\"application\/ld+json\" class=\"yoast-schema-graph\">{\"@context\":\"https:\/\/schema.org\",\"@graph\":[{\"@type\":\"WebPage\",\"@id\":\"https:\/\/www.vangraaf.com\/lv\/karjera\/pievienojies\/padomi-pieteikumam\/\",\"url\":\"https:\/\/www.vangraaf.com\/lv\/karjera\/pievienojies\/padomi-pieteikumam\/\",\"name\":\"Tavs darba pieteikums | VAN GRAAF\",\"isPartOf\":{\"@id\":\"https:\/\/www.vangraaf.com\/lv\/#website\"},\"datePublished\":\"2022-04-26T07:31:33+00:00\",\"dateModified\":\"2022-08-15T08:59:05+00:00\",\"description\":\"Vai Tevi interes\u0113 aizraujo\u0161s un izaicin\u0101jumiem bag\u0101ts darbs mazumtirdzniec\u012bbas nozar\u0113? Tad piesakies darb\u0101 VAN GRAAF tie\u0161saist\u0113! Visu inform\u0101ciju atrad\u012bsi \u0161eit.\",\"breadcrumb\":{\"@id\":\"https:\/\/www.vangraaf.com\/lv\/karjera\/pievienojies\/padomi-pieteikumam\/#breadcrumb\"},\"inLanguage\":\"lv-LV\",\"potentialAction\":[{\"@type\":\"ReadAction\",\"target\":[\"https:\/\/www.vangraaf.com\/lv\/karjera\/pievienojies\/padomi-pieteikumam\/\"]}]},{\"@type\":\"BreadcrumbList\",\"@id\":\"https:\/\/www.vangraaf.com\/lv\/karjera\/pievienojies\/padomi-pieteikumam\/#breadcrumb\",\"itemListElement\":[{\"@type\":\"ListItem\",\"position\":1,\"name\":\"Home\",\"item\":\"https:\/\/www.vangraaf.com\/lv\/\"},{\"@type\":\"ListItem\",\"position\":2,\"name\":\"Karjera\",\"item\":\"https:\/\/www.vangraaf.com\/lv\/karjera\/\"},{\"@type\":\"ListItem\",\"position\":3,\"name\":\"Pievienojies\",\"item\":\"https:\/\/www.vangraaf.com\/lv\/karjera\/pievienojies\/\"},{\"@type\":\"ListItem\",\"position\":4,\"name\":\"Padomi pieteikumam\"}]},{\"@type\":\"WebSite\",\"@id\":\"https:\/\/www.vangraaf.com\/lv\/#website\",\"url\":\"https:\/\/www.vangraaf.com\/lv\/\",\"name\":\"VAN GRAAF\",\"description\":\"VAN GRAAF\",\"potentialAction\":[{\"@type\":\"SearchAction\",\"target\":{\"@type\":\"EntryPoint\",\"urlTemplate\":\"https:\/\/www.vangraaf.com\/lv\/?s={search_term_string}\"},\"query-input\":{\"@type\":\"PropertyValueSpecification\",\"valueRequired\":true,\"valueName\":\"search_term_string\"}}],\"inLanguage\":\"lv-LV\"}]}<\/script>\n<!-- \/ Yoast SEO plugin. -->","yoast_head_json":{"title":"Tavs darba pieteikums | VAN GRAAF","description":"Vai Tevi interes\u0113 aizraujo\u0161s un izaicin\u0101jumiem bag\u0101ts darbs mazumtirdzniec\u012bbas nozar\u0113? Tad piesakies darb\u0101 VAN GRAAF tie\u0161saist\u0113! Visu inform\u0101ciju atrad\u012bsi \u0161eit.","robots":{"index":"index","follow":"follow","max-snippet":"max-snippet:-1","max-image-preview":"max-image-preview:large","max-video-preview":"max-video-preview:-1"},"canonical":"https:\/\/www.vangraaf.com\/lv\/karjera\/pievienojies\/padomi-pieteikumam\/","og_locale":"lv_LV","og_type":"article","og_title":"Tavs darba pieteikums | VAN GRAAF","og_description":"Vai Tevi interes\u0113 aizraujo\u0161s un izaicin\u0101jumiem bag\u0101ts darbs mazumtirdzniec\u012bbas nozar\u0113? Tad piesakies darb\u0101 VAN GRAAF tie\u0161saist\u0113! Visu inform\u0101ciju atrad\u012bsi \u0161eit.","og_url":"https:\/\/www.vangraaf.com\/lv\/karjera\/pievienojies\/padomi-pieteikumam\/","og_site_name":"VAN GRAAF Latvija","article_modified_time":"2022-08-15T08:59:05+00:00","twitter_card":"summary_large_image","twitter_misc":{"Est. reading time":"3 min\u016btes"},"schema":{"@context":"https:\/\/schema.org","@graph":[{"@type":"WebPage","@id":"https:\/\/www.vangraaf.com\/lv\/karjera\/pievienojies\/padomi-pieteikumam\/","url":"https:\/\/www.vangraaf.com\/lv\/karjera\/pievienojies\/padomi-pieteikumam\/","name":"Tavs darba pieteikums | VAN GRAAF","isPartOf":{"@id":"https:\/\/www.vangraaf.com\/lv\/#website"},"datePublished":"2022-04-26T07:31:33+00:00","dateModified":"2022-08-15T08:59:05+00:00","description":"Vai Tevi interes\u0113 aizraujo\u0161s un izaicin\u0101jumiem bag\u0101ts darbs mazumtirdzniec\u012bbas nozar\u0113? Tad piesakies darb\u0101 VAN GRAAF tie\u0161saist\u0113! Visu inform\u0101ciju atrad\u012bsi \u0161eit.","breadcrumb":{"@id":"https:\/\/www.vangraaf.com\/lv\/karjera\/pievienojies\/padomi-pieteikumam\/#breadcrumb"},"inLanguage":"lv-LV","potentialAction":[{"@type":"ReadAction","target":["https:\/\/www.vangraaf.com\/lv\/karjera\/pievienojies\/padomi-pieteikumam\/"]}]},{"@type":"BreadcrumbList","@id":"https:\/\/www.vangraaf.com\/lv\/karjera\/pievienojies\/padomi-pieteikumam\/#breadcrumb","itemListElement":[{"@type":"ListItem","position":1,"name":"Home","item":"https:\/\/www.vangraaf.com\/lv\/"},{"@type":"ListItem","position":2,"name":"Karjera","item":"https:\/\/www.vangraaf.com\/lv\/karjera\/"},{"@type":"ListItem","position":3,"name":"Pievienojies","item":"https:\/\/www.vangraaf.com\/lv\/karjera\/pievienojies\/"},{"@type":"ListItem","position":4,"name":"Padomi pieteikumam"}]},{"@type":"WebSite","@id":"https:\/\/www.vangraaf.com\/lv\/#website","url":"https:\/\/www.vangraaf.com\/lv\/","name":"VAN GRAAF","description":"VAN GRAAF","potentialAction":[{"@type":"SearchAction","target":{"@type":"EntryPoint","urlTemplate":"https:\/\/www.vangraaf.com\/lv\/?s={search_term_string}"},"query-input":{"@type":"PropertyValueSpecification","valueRequired":true,"valueName":"search_term_string"}}],"inLanguage":"lv-LV"}]}},"_links":{"self":[{"href":"https:\/\/www.vangraaf.com\/lv\/wp-json\/wp\/v2\/pages\/5799","targetHints":{"allow":["GET"]}}],"collection":[{"href":"https:\/\/www.vangraaf.com\/lv\/wp-json\/wp\/v2\/pages"}],"about":[{"href":"https:\/\/www.vangraaf.com\/lv\/wp-json\/wp\/v2\/types\/page"}],"author":[{"embeddable":true,"href":"https:\/\/www.vangraaf.com\/lv\/wp-json\/wp\/v2\/users\/6"}],"replies":[{"embeddable":true,"href":"https:\/\/www.vangraaf.com\/lv\/wp-json\/wp\/v2\/comments?post=5799"}],"version-history":[{"count":27,"href":"https:\/\/www.vangraaf.com\/lv\/wp-json\/wp\/v2\/pages\/5799\/revisions"}],"predecessor-version":[{"id":6371,"href":"https:\/\/www.vangraaf.com\/lv\/wp-json\/wp\/v2\/pages\/5799\/revisions\/6371"}],"up":[{"embeddable":true,"href":"https:\/\/www.vangraaf.com\/lv\/wp-json\/wp\/v2\/pages\/5783"}],"wp:attachment":[{"href":"https:\/\/www.vangraaf.com\/lv\/wp-json\/wp\/v2\/media?parent=5799"}],"curies":[{"name":"wp","href":"https:\/\/api.w.org\/{rel}","templated":true}]}}