{"id":5797,"date":"2022-04-26T09:31:14","date_gmt":"2022-04-26T07:31:14","guid":{"rendered":"https:\/\/www.vangraaf.com\/lv\/?page_id=5797"},"modified":"2022-07-13T13:51:25","modified_gmt":"2022-07-13T11:51:25","slug":"atlases-process","status":"publish","type":"page","link":"https:\/\/www.vangraaf.com\/lv\/karjera\/pievienojies\/atlases-process\/","title":{"rendered":"Atlases process"},"content":{"rendered":"<div class=\"wpb-content-wrapper\">[vc_row bwd_tbc4vd_show_weekday=&#8221;&#8221; full_width=&#8221;stretch_row_content_no_spaces&#8221;][vc_column]<div class=\"keyvisual\" data-aos=\"fade-up\" ><img loading=\"lazy\" decoding=\"async\" width=\"1440\" height=\"480\" src=\"https:\/\/www.vangraaf.com\/lv\/wp-content\/uploads\/sites\/5\/2022\/05\/M11_F_PORTRAITS_TRAINER_034_1-1.jpg\" class=\"vc_single_image-img\" alt=\"Atlases process\" srcset=\"https:\/\/www.vangraaf.com\/lv\/wp-content\/uploads\/sites\/5\/2022\/05\/M11_F_PORTRAITS_TRAINER_034_1-1.jpg 1440w, https:\/\/www.vangraaf.com\/lv\/wp-content\/uploads\/sites\/5\/2022\/05\/M11_F_PORTRAITS_TRAINER_034_1-1-300x100.jpg 300w, https:\/\/www.vangraaf.com\/lv\/wp-content\/uploads\/sites\/5\/2022\/05\/M11_F_PORTRAITS_TRAINER_034_1-1-1024x341.jpg 1024w, https:\/\/www.vangraaf.com\/lv\/wp-content\/uploads\/sites\/5\/2022\/05\/M11_F_PORTRAITS_TRAINER_034_1-1-768x256.jpg 768w, https:\/\/www.vangraaf.com\/lv\/wp-content\/uploads\/sites\/5\/2022\/05\/M11_F_PORTRAITS_TRAINER_034_1-1-1200x400.jpg 1200w, https:\/\/www.vangraaf.com\/lv\/wp-content\/uploads\/sites\/5\/2022\/05\/M11_F_PORTRAITS_TRAINER_034_1-1-992x331.jpg 992w, https:\/\/www.vangraaf.com\/lv\/wp-content\/uploads\/sites\/5\/2022\/05\/M11_F_PORTRAITS_TRAINER_034_1-1-480x160.jpg 480w, https:\/\/www.vangraaf.com\/lv\/wp-content\/uploads\/sites\/5\/2022\/05\/M11_F_PORTRAITS_TRAINER_034_1-1-690x230.jpg 690w\" sizes=\"(max-width: 1440px) 100vw, 1440px\" \/><\/div>\n        <div class=\"headlines headlines--center\" data-aos=\"fade-up\">\n            <div class=\"vc_row\">\n                <div class=\"vc_col-md-10 vc_col-md-offset-1 vc_col-lg-10 vc_col-lg-offset-1\"><span class=\"h6\">Pieteik\u0161an\u0101s darb\u0101 VAN GRAAF<\/span><h1 class=\"h2\">Pieteik\u0161an\u0101s darb\u0101<\/h1><\/div>\n            <\/div>\n        <\/div>[vc_column_text]\r\n<p style=\"text-align: center\">Proces\u0101, kas saist\u012bts ar pieteik\u0161anos darb\u0101 VAN GRAAF, galven\u0101 uzman\u012bba tiek piev\u0113rsta Tev. M\u016bsu standartiz\u0113tais atlases process, m\u016bsupr\u0101t, ir vienk\u0101r\u0161s un efekt\u012bvs, lai pietiktu laika tuv\u0101k iepaz\u012bties vienam ar otru.\u00a0 M\u016bsu m\u0113r\u0137is ir \u013coti person\u012bgi un p\u0101rredzami vienm\u0113r b\u016bt kop\u0101 ar Tevi visos person\u0101la atlases posmos. Lai Tu var\u0113tu optim\u0101li sagatavoties sava pieteikuma iesnieg\u0161anai, m\u0113s Tevi iepaz\u012bstin\u0101sim ar atlases procesu.<\/p>\r\n[\/vc_column_text][\/vc_column][\/vc_row][vc_row][vc_column width=&#8221;1\/3&#8243;][vc_column_text]<img loading=\"lazy\" decoding=\"async\" class=\"aligncenter\" src=\"https:\/\/www.vangraaf.com\/ch\/wp-content\/uploads\/sites\/6\/2022\/03\/Ausbildungssuche_300.png\" alt=\"\" width=\"125\" height=\"125\" \/>\r\n<p style=\"text-align: center\"><strong>Vakan\u010du mekl\u0113\u0161ana<\/strong><\/p>\r\n<p style=\"text-align: center\">Atrodi savu sap\u0146u darbu m\u016bsu aktu\u0101laj\u0101s <a href=\"https:\/\/www.vangraaf.com\/lv\/karjera\/darbs-un-karjera\/vakances\/\">Vakanc\u0113s<\/a>. Vai neatradi neko piem\u0113rotu? Tad piesakies darb\u0101 pie mums <a href=\"https:\/\/www.vangraaf.com\/lv\/karjera\/darbs-un-karjera\/iniciativas-pieteikums\/\">p\u0113c savas iniciat\u012bvas<\/a>!<\/p>\r\n[\/vc_column_text][\/vc_column][vc_column width=&#8221;1\/3&#8243;][vc_column_text]<img loading=\"lazy\" decoding=\"async\" class=\"aligncenter\" src=\"https:\/\/www.vangraaf.com\/ch\/wp-content\/uploads\/sites\/6\/2022\/03\/Onlinebewerben_300.png\" alt=\"\" width=\"125\" height=\"125\" \/>\r\n<p style=\"text-align: center\"><strong>Pieteik\u0161an\u0101s tie\u0161saist\u0113<\/strong><\/p>\r\n<p style=\"text-align: center\">Pavisam vienk\u0101r\u0161i iel\u0101d\u0113 savu pieteikumu tie\u0161saist\u0113, izmantojot pieteik\u0161an\u0101s formu. Vai Tev ir jaut\u0101jumi par savu pieteikumu? Tad Tev var\u0113tu noder\u0113t <a href=\"https:\/\/www.vangraaf.com\/lv\/karjera\/pievienojies\/padomi-pieteikumam\/\">Padomi, piesakoties darb\u0101<\/a> vai vari sazin\u0101ties ar <a href=\"https:\/\/www.vangraaf.com\/lv\/karjera\/kontakti\/\">Baibu<\/a>.<\/p>\r\n[\/vc_column_text][\/vc_column][vc_column width=&#8221;1\/3&#8243;][vc_column_text]<img loading=\"lazy\" decoding=\"async\" class=\"aligncenter\" src=\"https:\/\/www.vangraaf.com\/ch\/wp-content\/uploads\/sites\/6\/2022\/03\/Sichtung_300.png\" alt=\"\" width=\"125\" height=\"125\" \/>\r\n<p style=\"text-align: center\"><strong>Tava pieteikuma izskat\u012b\u0161ana <\/strong><\/p>\r\n<p style=\"text-align: center\">P\u0113c pieteikuma sa\u0146em\u0161anas, m\u0113s izv\u0113rt\u0113sim Tavu profilu un p\u0113c iesp\u0113jas \u0101tri inform\u0113sim par iesp\u0113ju iepaz\u012bties personiski. L\u016bdzu \u0146em v\u0113r\u0101, ka reiz\u0113m tas aiz\u0146em vair\u0101k laika nek\u0101 m\u0113s to v\u0113l\u0113tos.<\/p>\r\n[\/vc_column_text][\/vc_column][\/vc_row][vc_row][vc_column width=&#8221;1\/3&#8243;][vc_column_text]<img loading=\"lazy\" decoding=\"async\" class=\"aligncenter\" src=\"https:\/\/www.vangraaf.com\/ch\/wp-content\/uploads\/sites\/6\/2022\/03\/Telefoninterview_300.png\" alt=\"\" width=\"125\" height=\"125\" \/>\r\n<p style=\"text-align: center\"><strong>Intervija pa t\u0101lruni<\/strong><\/p>\r\n<p style=\"text-align: center\">Intervij\u0101 pa t\u0101lruni m\u0113s g\u016bsim pirmo iespaidu viens par otru. M\u0113s sniegsim s\u0101kotn\u0113jo inform\u0101ciju par vakanci un atbild\u0113sim uz Taviem jaut\u0101jumiem.<\/p>\r\n[\/vc_column_text][\/vc_column][vc_column width=&#8221;1\/3&#8243;][vc_column_text]<img loading=\"lazy\" decoding=\"async\" class=\"aligncenter\" src=\"https:\/\/www.vangraaf.com\/ch\/wp-content\/uploads\/sites\/6\/2022\/03\/Gespraech_300.png\" alt=\"\" width=\"125\" height=\"125\" \/>\r\n<p style=\"text-align: center\"><strong>Darba p\u0101rrunas ar veikala komandu<\/strong><\/p>\r\n<p style=\"text-align: center\">Darba p\u0101rrun\u0101s m\u0113s velt\u012bsim Tev pietiekami daudz laiku. M\u0113s v\u0113lamies ne tikai Tevi iepaz\u012bt, bet ar\u012b vair\u0101k izst\u0101st\u012bt par darbu un komandu.<\/p>\r\n[\/vc_column_text][\/vc_column][vc_column width=&#8221;1\/3&#8243;][vc_column_text]<img loading=\"lazy\" decoding=\"async\" class=\"aligncenter\" src=\"https:\/\/www.vangraaf.com\/ch\/wp-content\/uploads\/sites\/6\/2022\/03\/Zusage_300.png\" alt=\"\" width=\"125\" height=\"125\" \/>\r\n<p style=\"text-align: center\"><strong>Pie\u0146em\u0161ana darb\u0101<\/strong><\/p>\r\n<p style=\"text-align: center\">V\u0113lam veiksmi un laipni l\u016bdzam VAN GRAAF! M\u0113s priec\u0101jamies, ka esi da\u013ca no m\u016bsu komandas un Tava n\u0101kotne s\u0101kas kop\u0101 ar mums.<\/p>\r\n[\/vc_column_text][\/vc_column][\/vc_row][vc_row bwd_tbc4vd_show_weekday=&#8221;&#8221; full_width=&#8221;stretch_row_content_no_spaces&#8221;][vc_column]\n        <div class=\"headlines headlines--center\" data-aos=\"fade-up\">\n            <div class=\"vc_row\">\n                <div class=\"vc_col-md-10 vc_col-md-offset-1 vc_col-lg-10 vc_col-lg-offset-1\"><h2 class=\"h2\">K\u0101 pan\u0101kt, lai Tavs pieteikums tiktu paman\u012bts<\/h2><\/div>\n            <\/div>\n        <\/div>[vc_row_inner bwd_tbc4vd_show_weekday=&#8221;&#8221; row_design=&#8221;row_square_background&#8221;][vc_column_inner width=&#8221;1\/3&#8243;]<div class=\"vg-element cta-teaser cta-teaser--center\" data-aos=\"fade-up\"><div class=\"cta-teaser__image\"><a class=\"\" href=\"https:\/\/www.vangraaf.com\/lv\/karjera\/darbs-un-karjera\/vakances\/\" target=\"_self\" rel=\"\" style=\"\"><img loading=\"lazy\" decoding=\"async\" width=\"380\" height=\"254\" src=\"https:\/\/www.vangraaf.com\/lv\/wp-content\/uploads\/sites\/5\/2022\/05\/M10_M_Portraits_Buero_026-2.jpg\" class=\"vc_single_image-img attachment-full\" alt=\"Vakances\" title=\"Vakances\" srcset=\"https:\/\/www.vangraaf.com\/lv\/wp-content\/uploads\/sites\/5\/2022\/05\/M10_M_Portraits_Buero_026-2.jpg 380w, https:\/\/www.vangraaf.com\/lv\/wp-content\/uploads\/sites\/5\/2022\/05\/M10_M_Portraits_Buero_026-2-300x201.jpg 300w\" sizes=\"(max-width: 380px) 100vw, 380px\" \/><\/a><\/div><div class=\"cta-teaser__text\"><h3>VAN GRAAF vakances<\/h3><p>Vai esi gatavs n\u0101kamajam karjeras solim? M\u0113s pied\u0101v\u0101jam Tev daudz iesp\u0113ju. Atrodi savu sap\u0146u darbu VAN GRAAF.<\/p><a class=\"button button--primary\" href=\"https:\/\/www.vangraaf.com\/lv\/karjera\/darbs-un-karjera\/vakances\/\" target=\"_self\" rel=\"\" style=\"\">Apskat\u012bt vakances<\/a><\/div><\/div>[\/vc_column_inner][vc_column_inner width=&#8221;1\/3&#8243;]<div class=\"vg-element cta-teaser cta-teaser--center\" data-aos=\"fade-up\"><div class=\"cta-teaser__image\"><a class=\"\" href=\"https:\/\/www.vangraaf.com\/lv\/karjera\/kontakti\/\" target=\"_self\" rel=\"\" style=\"\"><img loading=\"lazy\" decoding=\"async\" width=\"380\" height=\"254\" src=\"https:\/\/www.vangraaf.com\/lv\/wp-content\/uploads\/sites\/5\/2021\/05\/Andersone.jpg\" class=\"vc_single_image-img attachment-full\" alt=\"\" title=\"Andersone\" srcset=\"https:\/\/www.vangraaf.com\/lv\/wp-content\/uploads\/sites\/5\/2021\/05\/Andersone.jpg 380w, https:\/\/www.vangraaf.com\/lv\/wp-content\/uploads\/sites\/5\/2021\/05\/Andersone-300x201.jpg 300w\" sizes=\"(max-width: 380px) 100vw, 380px\" \/><\/a><\/div><div class=\"cta-teaser__text\"><h3>Kontaktpersona<\/h3><p>Tev ir jaut\u0101jumi par darba uzs\u0101k\u0161anas iesp\u0113j\u0101m VAN GRAAF? Tad sazinies ar Baibu: +371 29463626<\/p><a class=\"button\" href=\"https:\/\/www.vangraaf.com\/lv\/karjera\/kontakti\/\" target=\"_self\" rel=\"\" style=\"\">S\u016bt\u012bt e-pastu<\/a><\/div><\/div>[\/vc_column_inner][vc_column_inner width=&#8221;1\/3&#8243;]<div class=\"vg-element cta-teaser cta-teaser--center\" data-aos=\"fade-up\"><div class=\"cta-teaser__image\"><a class=\"\" href=\"https:\/\/www.vangraaf.com\/lv\/karjera\/pievienojies\/padomi-pieteikumam\/\" target=\"_self\" rel=\"\" style=\"\"><img loading=\"lazy\" decoding=\"async\" width=\"380\" height=\"254\" src=\"https:\/\/www.vangraaf.com\/lv\/wp-content\/uploads\/sites\/5\/2022\/05\/M3_C_Schueler_054-2.jpg\" class=\"vc_single_image-img attachment-full\" alt=\"Padomi pieteikumam\" title=\"Padomi pieteikumam\" srcset=\"https:\/\/www.vangraaf.com\/lv\/wp-content\/uploads\/sites\/5\/2022\/05\/M3_C_Schueler_054-2.jpg 380w, https:\/\/www.vangraaf.com\/lv\/wp-content\/uploads\/sites\/5\/2022\/05\/M3_C_Schueler_054-2-300x201.jpg 300w\" sizes=\"(max-width: 380px) 100vw, 380px\" \/><\/a><\/div><div class=\"cta-teaser__text\"><h3>Padomi pieteikumam<\/h3><p>Vai v\u0113lies pieteikties pie mums darb\u0101? M\u0113s sniegsim Tev visus padomu, lai pieteik\u0161an\u0101s process b\u016btu veiksm\u012bgs.<\/p><a class=\"button\" href=\"https:\/\/www.vangraaf.com\/lv\/karjera\/pievienojies\/padomi-pieteikumam\/\" target=\"_self\" rel=\"\" style=\"\">Padomi Tavam pieteikumam<\/a><\/div><\/div>[\/vc_column_inner][\/vc_row_inner][\/vc_column][\/vc_row]<\/div>","protected":false},"excerpt":{"rendered":"[vc_row bwd_tbc4vd_show_weekday=&#8221;&#8221; full_width=&#8221;stretch_row_content_no_spaces&#8221;][vc_column][vc_column_text] Proces\u0101, kas saist\u012bts ar pieteik\u0161anos darb\u0101 VAN GRAAF, galven\u0101 uzman\u012bba tiek piev\u0113rsta Tev. M\u016bsu standartiz\u0113tais atlases process, m\u016bsupr\u0101t, ir vienk\u0101r\u0161s un efekt\u012bvs, lai pietiktu laika tuv\u0101k iepaz\u012bties vienam ar otru.\u00a0 M\u016bsu m\u0113r\u0137is ir \u013coti person\u012bgi un p\u0101rredzami vienm\u0113r b\u016bt kop\u0101 ar Tevi visos person\u0101la atlases posmos. Lai Tu var\u0113tu optim\u0101li sagatavoties sava [&hellip;]","protected":false},"author":6,"featured_media":0,"parent":5783,"menu_order":0,"comment_status":"closed","ping_status":"closed","template":"","meta":{"_acf_changed":false,"inline_featured_image":false,"footnotes":""},"class_list":["post-5797","page","type-page","status-publish","hentry"],"acf":[],"yoast_head":"<!-- This site is optimized with the Yoast SEO plugin v27.2 - https:\/\/yoast.com\/product\/yoast-seo-wordpress\/ -->\n<title>Pieteik\u0161an\u0101s darb\u0101 | VAN GRAAF<\/title>\n<meta name=\"description\" content=\"V\u0113lies pieteikties darb\u0101 pie mums? M\u0113s sniegsim Tev visu inform\u0101ciju par pieteik\u0161anos darb\u0101 VAN GRAAF.\" \/>\n<meta name=\"robots\" content=\"index, follow, max-snippet:-1, max-image-preview:large, max-video-preview:-1\" \/>\n<link rel=\"canonical\" href=\"https:\/\/www.vangraaf.com\/lv\/karjera\/pievienojies\/atlases-process\/\" \/>\n<meta property=\"og:locale\" content=\"lv_LV\" \/>\n<meta property=\"og:type\" content=\"article\" \/>\n<meta property=\"og:title\" content=\"Pieteik\u0161an\u0101s darb\u0101 | VAN GRAAF\" \/>\n<meta property=\"og:description\" content=\"V\u0113lies pieteikties darb\u0101 pie mums? M\u0113s sniegsim Tev visu inform\u0101ciju par pieteik\u0161anos darb\u0101 VAN GRAAF.\" \/>\n<meta property=\"og:url\" content=\"https:\/\/www.vangraaf.com\/lv\/karjera\/pievienojies\/atlases-process\/\" \/>\n<meta property=\"og:site_name\" content=\"VAN GRAAF Latvija\" \/>\n<meta property=\"article:modified_time\" content=\"2022-07-13T11:51:25+00:00\" \/>\n<meta property=\"og:image\" content=\"https:\/\/www.vangraaf.com\/ch\/wp-content\/uploads\/sites\/6\/2022\/03\/Ausbildungssuche_300.png\" \/>\n<meta name=\"twitter:card\" content=\"summary_large_image\" \/>\n<meta name=\"twitter:label1\" content=\"Est. reading time\" \/>\n\t<meta name=\"twitter:data1\" content=\"3 min\u016btes\" \/>\n<script type=\"application\/ld+json\" class=\"yoast-schema-graph\">{\"@context\":\"https:\/\/schema.org\",\"@graph\":[{\"@type\":\"WebPage\",\"@id\":\"https:\/\/www.vangraaf.com\/lv\/karjera\/pievienojies\/atlases-process\/\",\"url\":\"https:\/\/www.vangraaf.com\/lv\/karjera\/pievienojies\/atlases-process\/\",\"name\":\"Pieteik\u0161an\u0101s darb\u0101 | VAN GRAAF\",\"isPartOf\":{\"@id\":\"https:\/\/www.vangraaf.com\/lv\/#website\"},\"primaryImageOfPage\":{\"@id\":\"https:\/\/www.vangraaf.com\/lv\/karjera\/pievienojies\/atlases-process\/#primaryimage\"},\"image\":{\"@id\":\"https:\/\/www.vangraaf.com\/lv\/karjera\/pievienojies\/atlases-process\/#primaryimage\"},\"thumbnailUrl\":\"https:\/\/www.vangraaf.com\/ch\/wp-content\/uploads\/sites\/6\/2022\/03\/Ausbildungssuche_300.png\",\"datePublished\":\"2022-04-26T07:31:14+00:00\",\"dateModified\":\"2022-07-13T11:51:25+00:00\",\"description\":\"V\u0113lies pieteikties darb\u0101 pie mums? M\u0113s sniegsim Tev visu inform\u0101ciju par pieteik\u0161anos darb\u0101 VAN GRAAF.\",\"breadcrumb\":{\"@id\":\"https:\/\/www.vangraaf.com\/lv\/karjera\/pievienojies\/atlases-process\/#breadcrumb\"},\"inLanguage\":\"lv-LV\",\"potentialAction\":[{\"@type\":\"ReadAction\",\"target\":[\"https:\/\/www.vangraaf.com\/lv\/karjera\/pievienojies\/atlases-process\/\"]}]},{\"@type\":\"ImageObject\",\"inLanguage\":\"lv-LV\",\"@id\":\"https:\/\/www.vangraaf.com\/lv\/karjera\/pievienojies\/atlases-process\/#primaryimage\",\"url\":\"https:\/\/www.vangraaf.com\/ch\/wp-content\/uploads\/sites\/6\/2022\/03\/Ausbildungssuche_300.png\",\"contentUrl\":\"https:\/\/www.vangraaf.com\/ch\/wp-content\/uploads\/sites\/6\/2022\/03\/Ausbildungssuche_300.png\"},{\"@type\":\"BreadcrumbList\",\"@id\":\"https:\/\/www.vangraaf.com\/lv\/karjera\/pievienojies\/atlases-process\/#breadcrumb\",\"itemListElement\":[{\"@type\":\"ListItem\",\"position\":1,\"name\":\"Home\",\"item\":\"https:\/\/www.vangraaf.com\/lv\/\"},{\"@type\":\"ListItem\",\"position\":2,\"name\":\"Karjera\",\"item\":\"https:\/\/www.vangraaf.com\/lv\/karjera\/\"},{\"@type\":\"ListItem\",\"position\":3,\"name\":\"Pievienojies\",\"item\":\"https:\/\/www.vangraaf.com\/lv\/karjera\/pievienojies\/\"},{\"@type\":\"ListItem\",\"position\":4,\"name\":\"Atlases process\"}]},{\"@type\":\"WebSite\",\"@id\":\"https:\/\/www.vangraaf.com\/lv\/#website\",\"url\":\"https:\/\/www.vangraaf.com\/lv\/\",\"name\":\"VAN GRAAF\",\"description\":\"VAN GRAAF\",\"potentialAction\":[{\"@type\":\"SearchAction\",\"target\":{\"@type\":\"EntryPoint\",\"urlTemplate\":\"https:\/\/www.vangraaf.com\/lv\/?s={search_term_string}\"},\"query-input\":{\"@type\":\"PropertyValueSpecification\",\"valueRequired\":true,\"valueName\":\"search_term_string\"}}],\"inLanguage\":\"lv-LV\"}]}<\/script>\n<!-- \/ Yoast SEO plugin. -->","yoast_head_json":{"title":"Pieteik\u0161an\u0101s darb\u0101 | VAN GRAAF","description":"V\u0113lies pieteikties darb\u0101 pie mums? M\u0113s sniegsim Tev visu inform\u0101ciju par pieteik\u0161anos darb\u0101 VAN GRAAF.","robots":{"index":"index","follow":"follow","max-snippet":"max-snippet:-1","max-image-preview":"max-image-preview:large","max-video-preview":"max-video-preview:-1"},"canonical":"https:\/\/www.vangraaf.com\/lv\/karjera\/pievienojies\/atlases-process\/","og_locale":"lv_LV","og_type":"article","og_title":"Pieteik\u0161an\u0101s darb\u0101 | VAN GRAAF","og_description":"V\u0113lies pieteikties darb\u0101 pie mums? M\u0113s sniegsim Tev visu inform\u0101ciju par pieteik\u0161anos darb\u0101 VAN GRAAF.","og_url":"https:\/\/www.vangraaf.com\/lv\/karjera\/pievienojies\/atlases-process\/","og_site_name":"VAN GRAAF Latvija","article_modified_time":"2022-07-13T11:51:25+00:00","og_image":[{"url":"https:\/\/www.vangraaf.com\/ch\/wp-content\/uploads\/sites\/6\/2022\/03\/Ausbildungssuche_300.png","type":"","width":"","height":""}],"twitter_card":"summary_large_image","twitter_misc":{"Est. reading time":"3 min\u016btes"},"schema":{"@context":"https:\/\/schema.org","@graph":[{"@type":"WebPage","@id":"https:\/\/www.vangraaf.com\/lv\/karjera\/pievienojies\/atlases-process\/","url":"https:\/\/www.vangraaf.com\/lv\/karjera\/pievienojies\/atlases-process\/","name":"Pieteik\u0161an\u0101s darb\u0101 | VAN GRAAF","isPartOf":{"@id":"https:\/\/www.vangraaf.com\/lv\/#website"},"primaryImageOfPage":{"@id":"https:\/\/www.vangraaf.com\/lv\/karjera\/pievienojies\/atlases-process\/#primaryimage"},"image":{"@id":"https:\/\/www.vangraaf.com\/lv\/karjera\/pievienojies\/atlases-process\/#primaryimage"},"thumbnailUrl":"https:\/\/www.vangraaf.com\/ch\/wp-content\/uploads\/sites\/6\/2022\/03\/Ausbildungssuche_300.png","datePublished":"2022-04-26T07:31:14+00:00","dateModified":"2022-07-13T11:51:25+00:00","description":"V\u0113lies pieteikties darb\u0101 pie mums? M\u0113s sniegsim Tev visu inform\u0101ciju par pieteik\u0161anos darb\u0101 VAN GRAAF.","breadcrumb":{"@id":"https:\/\/www.vangraaf.com\/lv\/karjera\/pievienojies\/atlases-process\/#breadcrumb"},"inLanguage":"lv-LV","potentialAction":[{"@type":"ReadAction","target":["https:\/\/www.vangraaf.com\/lv\/karjera\/pievienojies\/atlases-process\/"]}]},{"@type":"ImageObject","inLanguage":"lv-LV","@id":"https:\/\/www.vangraaf.com\/lv\/karjera\/pievienojies\/atlases-process\/#primaryimage","url":"https:\/\/www.vangraaf.com\/ch\/wp-content\/uploads\/sites\/6\/2022\/03\/Ausbildungssuche_300.png","contentUrl":"https:\/\/www.vangraaf.com\/ch\/wp-content\/uploads\/sites\/6\/2022\/03\/Ausbildungssuche_300.png"},{"@type":"BreadcrumbList","@id":"https:\/\/www.vangraaf.com\/lv\/karjera\/pievienojies\/atlases-process\/#breadcrumb","itemListElement":[{"@type":"ListItem","position":1,"name":"Home","item":"https:\/\/www.vangraaf.com\/lv\/"},{"@type":"ListItem","position":2,"name":"Karjera","item":"https:\/\/www.vangraaf.com\/lv\/karjera\/"},{"@type":"ListItem","position":3,"name":"Pievienojies","item":"https:\/\/www.vangraaf.com\/lv\/karjera\/pievienojies\/"},{"@type":"ListItem","position":4,"name":"Atlases process"}]},{"@type":"WebSite","@id":"https:\/\/www.vangraaf.com\/lv\/#website","url":"https:\/\/www.vangraaf.com\/lv\/","name":"VAN GRAAF","description":"VAN GRAAF","potentialAction":[{"@type":"SearchAction","target":{"@type":"EntryPoint","urlTemplate":"https:\/\/www.vangraaf.com\/lv\/?s={search_term_string}"},"query-input":{"@type":"PropertyValueSpecification","valueRequired":true,"valueName":"search_term_string"}}],"inLanguage":"lv-LV"}]}},"_links":{"self":[{"href":"https:\/\/www.vangraaf.com\/lv\/wp-json\/wp\/v2\/pages\/5797","targetHints":{"allow":["GET"]}}],"collection":[{"href":"https:\/\/www.vangraaf.com\/lv\/wp-json\/wp\/v2\/pages"}],"about":[{"href":"https:\/\/www.vangraaf.com\/lv\/wp-json\/wp\/v2\/types\/page"}],"author":[{"embeddable":true,"href":"https:\/\/www.vangraaf.com\/lv\/wp-json\/wp\/v2\/users\/6"}],"replies":[{"embeddable":true,"href":"https:\/\/www.vangraaf.com\/lv\/wp-json\/wp\/v2\/comments?post=5797"}],"version-history":[{"count":23,"href":"https:\/\/www.vangraaf.com\/lv\/wp-json\/wp\/v2\/pages\/5797\/revisions"}],"predecessor-version":[{"id":6292,"href":"https:\/\/www.vangraaf.com\/lv\/wp-json\/wp\/v2\/pages\/5797\/revisions\/6292"}],"up":[{"embeddable":true,"href":"https:\/\/www.vangraaf.com\/lv\/wp-json\/wp\/v2\/pages\/5783"}],"wp:attachment":[{"href":"https:\/\/www.vangraaf.com\/lv\/wp-json\/wp\/v2\/media?parent=5797"}],"curies":[{"name":"wp","href":"https:\/\/api.w.org\/{rel}","templated":true}]}}