{"id":5795,"date":"2022-04-26T09:30:44","date_gmt":"2022-04-26T07:30:44","guid":{"rendered":"https:\/\/www.vangraaf.com\/lv\/?page_id=5795"},"modified":"2022-08-01T10:35:45","modified_gmt":"2022-08-01T08:35:45","slug":"iniciativas-pieteikums","status":"publish","type":"page","link":"https:\/\/www.vangraaf.com\/lv\/karjera\/darbs-un-karjera\/iniciativas-pieteikums\/","title":{"rendered":"Iniciat\u012bvas pieteikums"},"content":{"rendered":"<div class=\"wpb-content-wrapper\">[vc_row bwd_tbc4vd_show_weekday=&#8221;&#8221; full_width=&#8221;stretch_row_content_no_spaces&#8221;][vc_column]<div class=\"keyvisual\" data-aos=\"fade-up\" ><img loading=\"lazy\" decoding=\"async\" width=\"1440\" height=\"480\" src=\"https:\/\/www.vangraaf.com\/lv\/wp-content\/uploads\/sites\/5\/2022\/05\/M9_E_VK_ZENTRALEE-COMMERCE_134-1.jpg\" class=\"vc_single_image-img\" alt=\"Iniciat\u012bvas pieteikums\" srcset=\"https:\/\/www.vangraaf.com\/lv\/wp-content\/uploads\/sites\/5\/2022\/05\/M9_E_VK_ZENTRALEE-COMMERCE_134-1.jpg 1440w, https:\/\/www.vangraaf.com\/lv\/wp-content\/uploads\/sites\/5\/2022\/05\/M9_E_VK_ZENTRALEE-COMMERCE_134-1-300x100.jpg 300w, https:\/\/www.vangraaf.com\/lv\/wp-content\/uploads\/sites\/5\/2022\/05\/M9_E_VK_ZENTRALEE-COMMERCE_134-1-1024x341.jpg 1024w, https:\/\/www.vangraaf.com\/lv\/wp-content\/uploads\/sites\/5\/2022\/05\/M9_E_VK_ZENTRALEE-COMMERCE_134-1-768x256.jpg 768w, https:\/\/www.vangraaf.com\/lv\/wp-content\/uploads\/sites\/5\/2022\/05\/M9_E_VK_ZENTRALEE-COMMERCE_134-1-1200x400.jpg 1200w, https:\/\/www.vangraaf.com\/lv\/wp-content\/uploads\/sites\/5\/2022\/05\/M9_E_VK_ZENTRALEE-COMMERCE_134-1-992x331.jpg 992w, https:\/\/www.vangraaf.com\/lv\/wp-content\/uploads\/sites\/5\/2022\/05\/M9_E_VK_ZENTRALEE-COMMERCE_134-1-480x160.jpg 480w, https:\/\/www.vangraaf.com\/lv\/wp-content\/uploads\/sites\/5\/2022\/05\/M9_E_VK_ZENTRALEE-COMMERCE_134-1-690x230.jpg 690w\" sizes=\"(max-width: 1440px) 100vw, 1440px\" \/><\/div>\n        <div class=\"headlines headlines--center\" data-aos=\"fade-up\">\n            <div class=\"vc_row\">\n                <div class=\"vc_col-md-10 vc_col-md-offset-1 vc_col-lg-10 vc_col-lg-offset-1\"><span class=\"h6\">Tavs iniciat\u012bvas pieteikums VAN GRAAF<\/span><h1 class=\"h2\">Iniciat\u012bvas pieteikums<\/h1><\/div>\n            <\/div>\n        <\/div>[vc_column_text]V\u0113lies uzs\u0101kt darbu VAN GRAAF, ta\u010du pa\u0161laik nav piem\u0113rotas vakances? Tad ats\u016bti mums savu iniciat\u012bvas pieteikumu! M\u016bsu daudzveid\u012bgaj\u0101s <a href=\"https:\/\/www.vangraaf.com\/lv\/karjera\/darbs-un-karjera\/\">darba iesp\u0113j\u0101s<\/a> Tev piem\u0113rots izaicin\u0101jums varb\u016bt jau r\u012bt Tevi gaid\u012bs m\u016bsu veikal\u0101.\r\n\r\nS\u0101c str\u0101d\u0101t k\u0101 <a href=\"https:\/\/www.vangraaf.com\/lv\/karjera\/darbs-un-karjera\/pardosana\/\">talant\u012bgs p\u0101rdev\u0113js konsultants<\/a> un liec liet\u0101 savas zin\u0101\u0161anas par modes pasaules tendenc\u0113m. Vai ar savu rado\u0161umu un stila izj\u016btu radi fascin\u0113ju\u0161u modes piedz\u012bvojumu tirdzniec\u012bbas vietas <a href=\"https:\/\/www.vangraaf.com\/lv\/karjera\/darbs-un-karjera\/vizuala-noformesana\/\">vizu\u0101laj\u0101 noform\u0113\u0161an\u0101<\/a>. Tevi saista iek\u0161\u0113j\u0101 lo\u0123istika un Tu sp\u0113j p\u0101rliecin\u0101t ar struktur\u0113tu un r\u016bp\u012bgu darba stilu? Tad pievienojies <a href=\"https:\/\/www.vangraaf.com\/lv\/karjera\/darbs-un-karjera\/logistika-un-tehniskais-nodrosinajums\/\">lo\u0123istikas un tehniskajai<\/a> komandai un akt\u012bvi iesaisties veiksm\u012bg\u0101 m\u016bsu veikala darb\u012bb\u0101!\r\n\r\nSav\u0101 tie\u0161saistes pieteikum\u0101, l\u016bdzu, nor\u0101di jomu, kur\u0101 v\u0113lies uzs\u0101kt darbu VAN GRAAF un izst\u0101sti mums savu pieredzi un idejas, ko v\u0113lies \u012bstenot VAN GRAAF.[\/vc_column_text][vc_column_text]<a class=\"button button--primary\" href=\"mailto:Baiba.Andersone@vangraaf.lv\">Piesakies t\u016bl\u012bt<\/a>[\/vc_column_text][\/vc_column][\/vc_row][vc_row bwd_tbc4vd_show_weekday=&#8221;&#8221; full_width=&#8221;stretch_row_content_no_spaces&#8221;][vc_column]\n        <div class=\"headlines headlines--center\" data-aos=\"fade-up\">\n            <div class=\"vc_row\">\n                <div class=\"vc_col-md-10 vc_col-md-offset-1 vc_col-lg-10 vc_col-lg-offset-1\"><h2 class=\"h2\">Darba uzs\u0101k\u0161ana VAN GRAAF<\/h2><\/div>\n            <\/div>\n        <\/div>[vc_row_inner bwd_tbc4vd_show_weekday=&#8221;&#8221; equal_height=&#8221;yes&#8221; row_design=&#8221;row_square_background&#8221;][vc_column_inner width=&#8221;1\/2&#8243; offset=&#8221;vc_col-lg-4 vc_col-md-4 vc_col-xs-12&#8243;]<div class=\"vg-element cta-teaser cta-teaser--center\" data-aos=\"fade-up\"><div class=\"cta-teaser__image\"><a class=\"\" href=\"https:\/\/www.vangraaf.com\/lv\/karjera\/mes\/ieguvumi\/\" target=\"_self\" rel=\"\" style=\"\"><img loading=\"lazy\" decoding=\"async\" width=\"380\" height=\"254\" src=\"https:\/\/www.vangraaf.com\/lv\/wp-content\/uploads\/sites\/5\/2022\/06\/Benefits.jpg\" class=\"vc_single_image-img attachment-full\" alt=\"Ieguvumi\" title=\"Ieguvumi\" srcset=\"https:\/\/www.vangraaf.com\/lv\/wp-content\/uploads\/sites\/5\/2022\/06\/Benefits.jpg 380w, https:\/\/www.vangraaf.com\/lv\/wp-content\/uploads\/sites\/5\/2022\/06\/Benefits-300x201.jpg 300w\" sizes=\"(max-width: 380px) 100vw, 380px\" \/><\/a><\/div><div class=\"cta-teaser__text\"><h3>Ieguvumi<\/h3><p>Vai esi jau atkl\u0101jis sev interes\u0113jo\u0161as priek\u0161roc\u012bbas? Uzzini vair\u0101k par ieguvumiem, str\u0101d\u0101jot VAN GRAAF.<\/p><a class=\"button\" href=\"https:\/\/www.vangraaf.com\/lv\/karjera\/mes\/ieguvumi\/\" target=\"_self\" rel=\"\" style=\"\">Apskat\u012bt ieguvumus<\/a><\/div><\/div>[\/vc_column_inner][vc_column_inner width=&#8221;1\/2&#8243; offset=&#8221;vc_col-lg-4 vc_col-md-4 vc_col-xs-12&#8243;]<div class=\"vg-element cta-teaser cta-teaser--center\" data-aos=\"fade-up\"><div class=\"cta-teaser__image\"><a class=\"\" href=\"https:\/\/www.vangraaf.com\/lv\/karjera\/kontakti\/\" target=\"_self\" rel=\"\" style=\"\"><img loading=\"lazy\" decoding=\"async\" width=\"380\" height=\"254\" src=\"https:\/\/www.vangraaf.com\/lv\/wp-content\/uploads\/sites\/5\/2021\/05\/Andersone.jpg\" class=\"vc_single_image-img attachment-full\" alt=\"\" title=\"Andersone\" srcset=\"https:\/\/www.vangraaf.com\/lv\/wp-content\/uploads\/sites\/5\/2021\/05\/Andersone.jpg 380w, https:\/\/www.vangraaf.com\/lv\/wp-content\/uploads\/sites\/5\/2021\/05\/Andersone-300x201.jpg 300w\" sizes=\"(max-width: 380px) 100vw, 380px\" \/><\/a><\/div><div class=\"cta-teaser__text\"><h3>Kontaktpersona<\/h3><p>Tev ir jaut\u0101jumi par darba uzs\u0101k\u0161anas iesp\u0113j\u0101m VAN GRAAF? Tad sazinies ar Baibu: +371 29463626<\/p><a class=\"button\" href=\"https:\/\/www.vangraaf.com\/lv\/karjera\/kontakti\/\" target=\"_self\" rel=\"\" style=\"\">S\u016bt\u012bt e-pastu<\/a><\/div><\/div>[\/vc_column_inner][vc_column_inner width=&#8221;1\/2&#8243; offset=&#8221;vc_col-lg-4 vc_col-md-4 vc_col-xs-12&#8243;]<div class=\"vg-element cta-teaser cta-teaser--center\" data-aos=\"fade-up\"><div class=\"cta-teaser__image\"><a class=\"\" href=\"https:\/\/www.vangraaf.com\/lv\/karjera\/darbs-un-karjera\/vakances\/\" target=\"_self\" rel=\"\" style=\"\"><img loading=\"lazy\" decoding=\"async\" width=\"380\" height=\"254\" src=\"https:\/\/www.vangraaf.com\/lv\/wp-content\/uploads\/sites\/5\/2022\/05\/M10_M_Portraits_Buero_026-2.jpg\" class=\"vc_single_image-img attachment-full\" alt=\"Vakances\" title=\"Vakances\" srcset=\"https:\/\/www.vangraaf.com\/lv\/wp-content\/uploads\/sites\/5\/2022\/05\/M10_M_Portraits_Buero_026-2.jpg 380w, https:\/\/www.vangraaf.com\/lv\/wp-content\/uploads\/sites\/5\/2022\/05\/M10_M_Portraits_Buero_026-2-300x201.jpg 300w\" sizes=\"(max-width: 380px) 100vw, 380px\" \/><\/a><\/div><div class=\"cta-teaser__text\"><h3>VAN GRAAF vakances<\/h3><p>Vai esi gatavs n\u0101kamajam karjeras solim? M\u0113s pied\u0101v\u0101jam Tev daudz iesp\u0113ju. Atrodi savu sap\u0146u darbu VAN GRAAF.<\/p><a class=\"button button--primary\" href=\"https:\/\/www.vangraaf.com\/lv\/karjera\/darbs-un-karjera\/vakances\/\" target=\"_self\" rel=\"\" style=\"\">Apskat\u012bt vakances<\/a><\/div><\/div>[\/vc_column_inner][\/vc_row_inner][\/vc_column][\/vc_row]<\/div>","protected":false},"excerpt":{"rendered":"[vc_row bwd_tbc4vd_show_weekday=&#8221;&#8221; full_width=&#8221;stretch_row_content_no_spaces&#8221;][vc_column][vc_column_text]V\u0113lies uzs\u0101kt darbu VAN GRAAF, ta\u010du pa\u0161laik nav piem\u0113rotas vakances? Tad ats\u016bti mums savu iniciat\u012bvas pieteikumu! M\u016bsu daudzveid\u012bgaj\u0101s darba iesp\u0113j\u0101s Tev piem\u0113rots izaicin\u0101jums varb\u016bt jau r\u012bt Tevi gaid\u012bs m\u016bsu veikal\u0101. S\u0101c str\u0101d\u0101t k\u0101 talant\u012bgs p\u0101rdev\u0113js konsultants un liec liet\u0101 savas zin\u0101\u0161anas par modes pasaules tendenc\u0113m. Vai ar savu rado\u0161umu un stila izj\u016btu radi [&hellip;]","protected":false},"author":6,"featured_media":0,"parent":5781,"menu_order":0,"comment_status":"closed","ping_status":"closed","template":"","meta":{"_acf_changed":false,"inline_featured_image":false,"footnotes":""},"class_list":["post-5795","page","type-page","status-publish","hentry"],"acf":[],"yoast_head":"<!-- This site is optimized with the Yoast SEO plugin v27.2 - https:\/\/yoast.com\/product\/yoast-seo-wordpress\/ -->\n<title>Iniciat\u012bvas pieteikums | VAN GRAAF<\/title>\n<meta name=\"description\" content=\"Pa\u0161laik nav piem\u0113rotu vakan\u010du? Tad piesakies darb\u0101 p\u0113c savas iniciat\u012bvas un s\u0101c karjeru VAN GRAAF jau t\u016bl\u012bt!\" \/>\n<meta name=\"robots\" content=\"index, follow, max-snippet:-1, max-image-preview:large, max-video-preview:-1\" \/>\n<link rel=\"canonical\" href=\"https:\/\/www.vangraaf.com\/lv\/karjera\/darbs-un-karjera\/iniciativas-pieteikums\/\" \/>\n<meta property=\"og:locale\" content=\"lv_LV\" \/>\n<meta property=\"og:type\" content=\"article\" \/>\n<meta property=\"og:title\" content=\"Iniciat\u012bvas pieteikums | VAN GRAAF\" \/>\n<meta property=\"og:description\" content=\"Pa\u0161laik nav piem\u0113rotu vakan\u010du? Tad piesakies darb\u0101 p\u0113c savas iniciat\u012bvas un s\u0101c karjeru VAN GRAAF jau t\u016bl\u012bt!\" \/>\n<meta property=\"og:url\" content=\"https:\/\/www.vangraaf.com\/lv\/karjera\/darbs-un-karjera\/iniciativas-pieteikums\/\" \/>\n<meta property=\"og:site_name\" content=\"VAN GRAAF Latvija\" \/>\n<meta property=\"article:modified_time\" content=\"2022-08-01T08:35:45+00:00\" \/>\n<meta name=\"twitter:card\" content=\"summary_large_image\" \/>\n<meta name=\"twitter:label1\" content=\"Est. reading time\" \/>\n\t<meta name=\"twitter:data1\" content=\"2 min\u016btes\" \/>\n<script type=\"application\/ld+json\" class=\"yoast-schema-graph\">{\"@context\":\"https:\/\/schema.org\",\"@graph\":[{\"@type\":\"WebPage\",\"@id\":\"https:\/\/www.vangraaf.com\/lv\/karjera\/darbs-un-karjera\/iniciativas-pieteikums\/\",\"url\":\"https:\/\/www.vangraaf.com\/lv\/karjera\/darbs-un-karjera\/iniciativas-pieteikums\/\",\"name\":\"Iniciat\u012bvas pieteikums | VAN GRAAF\",\"isPartOf\":{\"@id\":\"https:\/\/www.vangraaf.com\/lv\/#website\"},\"datePublished\":\"2022-04-26T07:30:44+00:00\",\"dateModified\":\"2022-08-01T08:35:45+00:00\",\"description\":\"Pa\u0161laik nav piem\u0113rotu vakan\u010du? Tad piesakies darb\u0101 p\u0113c savas iniciat\u012bvas un s\u0101c karjeru VAN GRAAF jau t\u016bl\u012bt!\",\"breadcrumb\":{\"@id\":\"https:\/\/www.vangraaf.com\/lv\/karjera\/darbs-un-karjera\/iniciativas-pieteikums\/#breadcrumb\"},\"inLanguage\":\"lv-LV\",\"potentialAction\":[{\"@type\":\"ReadAction\",\"target\":[\"https:\/\/www.vangraaf.com\/lv\/karjera\/darbs-un-karjera\/iniciativas-pieteikums\/\"]}]},{\"@type\":\"BreadcrumbList\",\"@id\":\"https:\/\/www.vangraaf.com\/lv\/karjera\/darbs-un-karjera\/iniciativas-pieteikums\/#breadcrumb\",\"itemListElement\":[{\"@type\":\"ListItem\",\"position\":1,\"name\":\"Home\",\"item\":\"https:\/\/www.vangraaf.com\/lv\/\"},{\"@type\":\"ListItem\",\"position\":2,\"name\":\"Karjera\",\"item\":\"https:\/\/www.vangraaf.com\/lv\/karjera\/\"},{\"@type\":\"ListItem\",\"position\":3,\"name\":\"Darbs un Karjera\",\"item\":\"https:\/\/www.vangraaf.com\/lv\/karjera\/darbs-un-karjera\/\"},{\"@type\":\"ListItem\",\"position\":4,\"name\":\"Iniciat\u012bvas pieteikums\"}]},{\"@type\":\"WebSite\",\"@id\":\"https:\/\/www.vangraaf.com\/lv\/#website\",\"url\":\"https:\/\/www.vangraaf.com\/lv\/\",\"name\":\"VAN GRAAF\",\"description\":\"VAN GRAAF\",\"potentialAction\":[{\"@type\":\"SearchAction\",\"target\":{\"@type\":\"EntryPoint\",\"urlTemplate\":\"https:\/\/www.vangraaf.com\/lv\/?s={search_term_string}\"},\"query-input\":{\"@type\":\"PropertyValueSpecification\",\"valueRequired\":true,\"valueName\":\"search_term_string\"}}],\"inLanguage\":\"lv-LV\"}]}<\/script>\n<!-- \/ Yoast SEO plugin. -->","yoast_head_json":{"title":"Iniciat\u012bvas pieteikums | VAN GRAAF","description":"Pa\u0161laik nav piem\u0113rotu vakan\u010du? Tad piesakies darb\u0101 p\u0113c savas iniciat\u012bvas un s\u0101c karjeru VAN GRAAF jau t\u016bl\u012bt!","robots":{"index":"index","follow":"follow","max-snippet":"max-snippet:-1","max-image-preview":"max-image-preview:large","max-video-preview":"max-video-preview:-1"},"canonical":"https:\/\/www.vangraaf.com\/lv\/karjera\/darbs-un-karjera\/iniciativas-pieteikums\/","og_locale":"lv_LV","og_type":"article","og_title":"Iniciat\u012bvas pieteikums | VAN GRAAF","og_description":"Pa\u0161laik nav piem\u0113rotu vakan\u010du? Tad piesakies darb\u0101 p\u0113c savas iniciat\u012bvas un s\u0101c karjeru VAN GRAAF jau t\u016bl\u012bt!","og_url":"https:\/\/www.vangraaf.com\/lv\/karjera\/darbs-un-karjera\/iniciativas-pieteikums\/","og_site_name":"VAN GRAAF Latvija","article_modified_time":"2022-08-01T08:35:45+00:00","twitter_card":"summary_large_image","twitter_misc":{"Est. reading time":"2 min\u016btes"},"schema":{"@context":"https:\/\/schema.org","@graph":[{"@type":"WebPage","@id":"https:\/\/www.vangraaf.com\/lv\/karjera\/darbs-un-karjera\/iniciativas-pieteikums\/","url":"https:\/\/www.vangraaf.com\/lv\/karjera\/darbs-un-karjera\/iniciativas-pieteikums\/","name":"Iniciat\u012bvas pieteikums | VAN GRAAF","isPartOf":{"@id":"https:\/\/www.vangraaf.com\/lv\/#website"},"datePublished":"2022-04-26T07:30:44+00:00","dateModified":"2022-08-01T08:35:45+00:00","description":"Pa\u0161laik nav piem\u0113rotu vakan\u010du? Tad piesakies darb\u0101 p\u0113c savas iniciat\u012bvas un s\u0101c karjeru VAN GRAAF jau t\u016bl\u012bt!","breadcrumb":{"@id":"https:\/\/www.vangraaf.com\/lv\/karjera\/darbs-un-karjera\/iniciativas-pieteikums\/#breadcrumb"},"inLanguage":"lv-LV","potentialAction":[{"@type":"ReadAction","target":["https:\/\/www.vangraaf.com\/lv\/karjera\/darbs-un-karjera\/iniciativas-pieteikums\/"]}]},{"@type":"BreadcrumbList","@id":"https:\/\/www.vangraaf.com\/lv\/karjera\/darbs-un-karjera\/iniciativas-pieteikums\/#breadcrumb","itemListElement":[{"@type":"ListItem","position":1,"name":"Home","item":"https:\/\/www.vangraaf.com\/lv\/"},{"@type":"ListItem","position":2,"name":"Karjera","item":"https:\/\/www.vangraaf.com\/lv\/karjera\/"},{"@type":"ListItem","position":3,"name":"Darbs un Karjera","item":"https:\/\/www.vangraaf.com\/lv\/karjera\/darbs-un-karjera\/"},{"@type":"ListItem","position":4,"name":"Iniciat\u012bvas pieteikums"}]},{"@type":"WebSite","@id":"https:\/\/www.vangraaf.com\/lv\/#website","url":"https:\/\/www.vangraaf.com\/lv\/","name":"VAN GRAAF","description":"VAN GRAAF","potentialAction":[{"@type":"SearchAction","target":{"@type":"EntryPoint","urlTemplate":"https:\/\/www.vangraaf.com\/lv\/?s={search_term_string}"},"query-input":{"@type":"PropertyValueSpecification","valueRequired":true,"valueName":"search_term_string"}}],"inLanguage":"lv-LV"}]}},"_links":{"self":[{"href":"https:\/\/www.vangraaf.com\/lv\/wp-json\/wp\/v2\/pages\/5795","targetHints":{"allow":["GET"]}}],"collection":[{"href":"https:\/\/www.vangraaf.com\/lv\/wp-json\/wp\/v2\/pages"}],"about":[{"href":"https:\/\/www.vangraaf.com\/lv\/wp-json\/wp\/v2\/types\/page"}],"author":[{"embeddable":true,"href":"https:\/\/www.vangraaf.com\/lv\/wp-json\/wp\/v2\/users\/6"}],"replies":[{"embeddable":true,"href":"https:\/\/www.vangraaf.com\/lv\/wp-json\/wp\/v2\/comments?post=5795"}],"version-history":[{"count":13,"href":"https:\/\/www.vangraaf.com\/lv\/wp-json\/wp\/v2\/pages\/5795\/revisions"}],"predecessor-version":[{"id":6324,"href":"https:\/\/www.vangraaf.com\/lv\/wp-json\/wp\/v2\/pages\/5795\/revisions\/6324"}],"up":[{"embeddable":true,"href":"https:\/\/www.vangraaf.com\/lv\/wp-json\/wp\/v2\/pages\/5781"}],"wp:attachment":[{"href":"https:\/\/www.vangraaf.com\/lv\/wp-json\/wp\/v2\/media?parent=5795"}],"curies":[{"name":"wp","href":"https:\/\/api.w.org\/{rel}","templated":true}]}}