{"id":5793,"date":"2022-04-26T09:30:28","date_gmt":"2022-04-26T07:30:28","guid":{"rendered":"https:\/\/www.vangraaf.com\/lv\/?page_id=5793"},"modified":"2022-07-13T13:50:13","modified_gmt":"2022-07-13T11:50:13","slug":"vizuala-noformesana","status":"publish","type":"page","link":"https:\/\/www.vangraaf.com\/lv\/karjera\/darbs-un-karjera\/vizuala-noformesana\/","title":{"rendered":"Vizu\u0101l\u0101 noform\u0113\u0161ana"},"content":{"rendered":"<div class=\"wpb-content-wrapper\">[vc_row bwd_tbc4vd_show_weekday=&#8221;&#8221; full_width=&#8221;stretch_row_content_no_spaces&#8221;][vc_column]<div class=\"keyvisual\" data-aos=\"fade-up\" ><img loading=\"lazy\" decoding=\"async\" width=\"1440\" height=\"480\" src=\"https:\/\/www.vangraaf.com\/lv\/wp-content\/uploads\/sites\/5\/2022\/05\/M4_C_Berufserfahrene_083-1.jpg\" class=\"vc_single_image-img\" alt=\"Vizu\u0101l\u0101 noform\u0113\u0161ana\" srcset=\"https:\/\/www.vangraaf.com\/lv\/wp-content\/uploads\/sites\/5\/2022\/05\/M4_C_Berufserfahrene_083-1.jpg 1440w, https:\/\/www.vangraaf.com\/lv\/wp-content\/uploads\/sites\/5\/2022\/05\/M4_C_Berufserfahrene_083-1-300x100.jpg 300w, https:\/\/www.vangraaf.com\/lv\/wp-content\/uploads\/sites\/5\/2022\/05\/M4_C_Berufserfahrene_083-1-1024x341.jpg 1024w, https:\/\/www.vangraaf.com\/lv\/wp-content\/uploads\/sites\/5\/2022\/05\/M4_C_Berufserfahrene_083-1-768x256.jpg 768w, https:\/\/www.vangraaf.com\/lv\/wp-content\/uploads\/sites\/5\/2022\/05\/M4_C_Berufserfahrene_083-1-1200x400.jpg 1200w, https:\/\/www.vangraaf.com\/lv\/wp-content\/uploads\/sites\/5\/2022\/05\/M4_C_Berufserfahrene_083-1-992x331.jpg 992w, https:\/\/www.vangraaf.com\/lv\/wp-content\/uploads\/sites\/5\/2022\/05\/M4_C_Berufserfahrene_083-1-480x160.jpg 480w, https:\/\/www.vangraaf.com\/lv\/wp-content\/uploads\/sites\/5\/2022\/05\/M4_C_Berufserfahrene_083-1-690x230.jpg 690w\" sizes=\"(max-width: 1440px) 100vw, 1440px\" \/><\/div>\n        <div class=\"headlines headlines--center\" data-aos=\"fade-up\">\n            <div class=\"vc_row\">\n                <div class=\"vc_col-md-10 vc_col-md-offset-1 vc_col-lg-10 vc_col-lg-offset-1\"><span class=\"h6\">Fascin\u0113jo\u0161as modes pasaules izveide<\/span><h1 class=\"h2\">Vizu\u0101l\u0101 noform\u0113\u0161ana<\/h1><\/div>\n            <\/div>\n        <\/div>[vc_column_text]\r\n<p style=\"text-align: center\">Tevi interes\u0113 mode un Tev ir rado\u0161as idejas un izteikta stila izj\u016bta? Tevi aizrauj telpu koncepcijas un Tu labpr\u0101t kaut ko meistaro ar rok\u0101m? Tad uzs\u0101c darbu \u00a0VAN GRAAF vizu\u0101l\u0101s noform\u0113\u0161anas jom\u0101 un padari p\u0101rdo\u0161anas vietu par fascin\u0113jo\u0161u modes piedz\u012bvojumu. M\u0113s pied\u0101v\u0101jam vislab\u0101k\u0101s darba uzs\u0101k\u0161anas un izaugsmes iesp\u0113jas, k\u0101 ar\u012b pla\u0161u r\u012bc\u012bbas br\u012bv\u012bbu Tav\u0101m rado\u0161aj\u0101m idej\u0101m.<\/p>\r\n[\/vc_column_text][vc_column_text]\r\n<h3>Vizu\u0101lais\u00a0 noform\u0113t\u0101js<\/h3>\r\nTu meistar\u012bgi izvieto t\u0113rpu salikumus un noform\u0113 skatlogus un tirdzniec\u012bbas telpas ar iedvesmojo\u0161\u0101m un gaum\u012bg\u0101m dekor\u0101cij\u0101m. Turkl\u0101t Tu pal\u012bdzi savai komandai pievilc\u012bgi izk\u0101rtot veikala preces, lai m\u016bsu klienti var\u0113tu piedz\u012bvot neaizmirstamu iepirk\u0161anos. Tu \u013cauj va\u013cu savam rado\u0161umam un izmanto savas noform\u0113t\u0101ja prasmes, lai \u012bstenotu gan pa\u0161a izstr\u0101d\u0101tas, gan iepriek\u0161 noteiktas koncepcijas.[\/vc_column_text][vc_column_text]\r\n<h3>Vizu\u0101l\u0101 noform\u0113juma vad\u012bt\u0101js<\/h3>\r\nJa Tev ir daudzveid\u012bga pieredze vizu\u0101l\u0101s noform\u0113\u0161anas jom\u0101 un komerci\u0101las zin\u0101\u0161anas, Tu vari pievienoties VAN GRAAF k\u0101 vizu\u0101l\u0101 nofom\u0113juma vad\u012bt\u0101js. Kop\u0101 ar savu komandu Tu \u012bsteno rado\u0161as idejas un radi iedvesmojo\u0161u iepirk\u0161an\u0101s atmosf\u0113ru m\u016bsu klientiem. Savu aizrau\u0161anos ar vizu\u0101lo noform\u0113\u0161anu Tu nodod ar\u012b savai komandai, atpaz\u012bstot un individu\u0101li att\u012bstot t\u0101s potenci\u0101lu. Tavu person\u012bgo izaugsmi m\u0113s nodro\u0161in\u0101sim ar profesion\u0101s pilnveides un vad\u012bbas semin\u0101riem m\u016bsu <a href=\"https:\/\/www.vangraaf.com\/lv\/karjera\/mes\/attistiba\/\">vad\u012bbas apm\u0101c\u012bbas<\/a>.\r\n\r\nM\u016bs vieno kop\u012bga aizraut\u012bba par modi un cilv\u0113kiem. Tas sp\u0113j m\u016bs saj\u016bsmin\u0101t katru dienu no jauna. Vai v\u0113lies b\u016bt kop\u0101 ar mums?[\/vc_column_text][vc_column_text]<a class=\"button button--primary\" href=\"https:\/\/www.vangraaf.com\/lv\/karjera\/darbs-un-karjera\/vakances\/\" target=\"_blank\" rel=\"noopener\">Pieteikties t\u016bl\u012bt<\/a>[\/vc_column_text][vc_column_text]V\u0113lies uzs\u0101kt darbu VAN GRAAF, ta\u010du pa\u0161laik nav piem\u0113rotas vakances? Tad ats\u016bti mums savu <a href=\"https:\/\/www.vangraaf.com\/lv\/karjera\/darbs-un-karjera\/iniciativas-pieteikums\/\"><u>iniciat\u012bvas pieteikumu<\/u><\/a><u>!<\/u> Iesp\u0113jams piem\u0113rots izaicin\u0101jums Tevi jau r\u012bt gaid\u012bs m\u016bsu veikal\u0101.[\/vc_column_text][\/vc_column][\/vc_row][vc_row bwd_tbc4vd_show_weekday=&#8221;&#8221; full_width=&#8221;stretch_row_content_no_spaces&#8221;][vc_column]<div class=\"people-story-slider people-story-slider--dark\" style=\"--season-color: #ededed\" data-aos=\"fade-up\"><div class=\"content_wrap\"><div class=\"people-story-slider__slider js-people-story-slider\"><div class=\"people-story-slider__slider__item\"><div class=\"vc_row vc_row-flex\"><div class=\"vc_col-sm-6 people-story-slider__slider__item__image-wrap\"><img loading=\"lazy\" decoding=\"async\" width=\"768\" height=\"1022\" src=\"https:\/\/www.vangraaf.com\/lv\/wp-content\/uploads\/sites\/5\/2022\/05\/M10_D_Portraits_Buero_056.jpg\" class=\"attachment-full\" alt=\"Vizu\u0101lais nofrom\u0113tajs\" title=\"Vizu\u0101lais nofrom\u0113tajs\" srcset=\"https:\/\/www.vangraaf.com\/lv\/wp-content\/uploads\/sites\/5\/2022\/05\/M10_D_Portraits_Buero_056.jpg 768w, https:\/\/www.vangraaf.com\/lv\/wp-content\/uploads\/sites\/5\/2022\/05\/M10_D_Portraits_Buero_056-225x300.jpg 225w, https:\/\/www.vangraaf.com\/lv\/wp-content\/uploads\/sites\/5\/2022\/05\/M10_D_Portraits_Buero_056-480x639.jpg 480w, https:\/\/www.vangraaf.com\/lv\/wp-content\/uploads\/sites\/5\/2022\/05\/M10_D_Portraits_Buero_056-690x918.jpg 690w\" sizes=\"(max-width: 768px) 100vw, 768px\" \/><\/div><div class=\"vc_col-sm-6 vc_col-md-4 vc_col-md-offset-1 people-story-slider__slider__item__content-wrap\"><div class=\"people-story-slider__slider__item__content\"><span class=\"h4\">Laura,Vizu\u0101lais nofrom\u0113tajs<\/span><p>Man vienm\u0113r ir bijis skaidrs, ka v\u0113los str\u0101d\u0101t rado\u0161i un ar rok\u0101m. Man \u012bpa\u0161i pat\u012bk tas, ka VAN GRAAF koncepcij\u0101s es varu iek\u013caut savas idejas. Kad m\u016bsu klienti apbr\u012bno veikal\u0101 izveidoto pasauli, man tie vienm\u0113r ir \u012bpa\u0161i br\u012b\u017ei.<\/p>\n<div class=\"people-story-slider__slider__item__pagination\"><button class=\"slick-prev slick-arrow\" aria-label=\"Iepriek\u0161\u0113jais\" type=\"button\">Iepriek\u0161\u0113jais<\/button><button class=\"slick-next slick-arrow\" aria-label=\"T\u0101l\u0101k\" type=\"button\">T\u0101l\u0101k<\/button><\/div><\/div><\/div><\/div><\/div><div class=\"people-story-slider__slider__item\"><div class=\"vc_row vc_row-flex\"><div class=\"vc_col-sm-6 people-story-slider__slider__item__image-wrap\"><img loading=\"lazy\" decoding=\"async\" width=\"768\" height=\"1022\" src=\"https:\/\/www.vangraaf.com\/lv\/wp-content\/uploads\/sites\/5\/2022\/05\/M10_E_Portraits_Buero_032.jpg\" class=\"attachment-full\" alt=\"Vizu\u0101l\u0101 nofrom\u0113juma vad\u012bt\u0101js\" title=\"Vizu\u0101l\u0101 nofrom\u0113juma vad\u012bt\u0101js\" srcset=\"https:\/\/www.vangraaf.com\/lv\/wp-content\/uploads\/sites\/5\/2022\/05\/M10_E_Portraits_Buero_032.jpg 768w, https:\/\/www.vangraaf.com\/lv\/wp-content\/uploads\/sites\/5\/2022\/05\/M10_E_Portraits_Buero_032-225x300.jpg 225w, https:\/\/www.vangraaf.com\/lv\/wp-content\/uploads\/sites\/5\/2022\/05\/M10_E_Portraits_Buero_032-480x639.jpg 480w, https:\/\/www.vangraaf.com\/lv\/wp-content\/uploads\/sites\/5\/2022\/05\/M10_E_Portraits_Buero_032-690x918.jpg 690w\" sizes=\"(max-width: 768px) 100vw, 768px\" \/><\/div><div class=\"vc_col-sm-6 vc_col-md-4 vc_col-md-offset-1 people-story-slider__slider__item__content-wrap\"><div class=\"people-story-slider__slider__item__content\"><span class=\"h4\">Andris, Vizu\u0101l\u0101 nofrom\u0113juma vad\u012bt\u0101js<\/span><p>Vizu\u0101l\u0101 noform\u0113juma vad\u012bt\u0101ja amata uz\u0146em\u0161an\u0101s man bija aizraujo\u0161s solis, kam VAN GRAAF mani labi sagatavoja. Man pat\u012bk \u012bstenot rado\u0161as idejas komand\u0101. Sp\u0113ja atpaz\u012bt un veicin\u0101t individu\u0101lus talantus ir uzdevums, kas sniedz piepild\u012bjuma saj\u016btu.<\/p>\n<div class=\"people-story-slider__slider__item__pagination\"><button class=\"slick-prev slick-arrow\" aria-label=\"Iepriek\u0161\u0113jais\" type=\"button\">Iepriek\u0161\u0113jais<\/button><button class=\"slick-next slick-arrow\" aria-label=\"T\u0101l\u0101k\" type=\"button\">T\u0101l\u0101k<\/button><\/div><\/div><\/div><\/div><\/div><\/div><div class=\"people-story-slider__pagination\"><button class=\"slick-prev slick-arrow\" aria-label=\"Iepriek\u0161\u0113jais\" type=\"button\">Iepriek\u0161\u0113jais<\/button><button class=\"slick-next slick-arrow\" aria-label=\"T\u0101l\u0101k\" type=\"button\">T\u0101l\u0101k<\/button><\/div><\/div><\/div>[\/vc_column][\/vc_row][vc_row bwd_tbc4vd_show_weekday=&#8221;&#8221; full_width=&#8221;stretch_row_content_no_spaces&#8221;][vc_column]\n        <div class=\"headlines headlines--center\" data-aos=\"fade-up\">\n            <div class=\"vc_row\">\n                <div class=\"vc_col-md-10 vc_col-md-offset-1 vc_col-lg-10 vc_col-lg-offset-1\"><h2 class=\"h2\">Darba uzs\u0101k\u0161ana VAN GRAAF<\/h2><\/div>\n            <\/div>\n        <\/div>[vc_row_inner bwd_tbc4vd_show_weekday=&#8221;&#8221; equal_height=&#8221;yes&#8221; row_design=&#8221;row_square_background&#8221;][vc_column_inner width=&#8221;1\/2&#8243; offset=&#8221;vc_col-lg-4 vc_col-md-4 vc_col-xs-12&#8243;]<div class=\"vg-element cta-teaser cta-teaser--center\" data-aos=\"fade-up\"><div class=\"cta-teaser__image\"><a class=\"\" href=\"https:\/\/www.vangraaf.com\/lv\/karjera\/mes\/musu-kopejais-darbs\/\" target=\"_self\" rel=\"\" style=\"\"><img loading=\"lazy\" decoding=\"async\" width=\"380\" height=\"254\" src=\"https:\/\/www.vangraaf.com\/lv\/wp-content\/uploads\/sites\/5\/2022\/05\/M7_D_Wir_Headerbild_Gruppe_030-6.jpg\" class=\"vc_single_image-img attachment-full\" alt=\"M\u016bsu kop\u0113jais darbs\" title=\"M\u016bsu kop\u0113jais darbs\" srcset=\"https:\/\/www.vangraaf.com\/lv\/wp-content\/uploads\/sites\/5\/2022\/05\/M7_D_Wir_Headerbild_Gruppe_030-6.jpg 380w, https:\/\/www.vangraaf.com\/lv\/wp-content\/uploads\/sites\/5\/2022\/05\/M7_D_Wir_Headerbild_Gruppe_030-6-300x201.jpg 300w\" sizes=\"(max-width: 380px) 100vw, 380px\" \/><\/a><\/div><div class=\"cta-teaser__text\"><h3>Vienoti kop\u0101<\/h3><p>M\u016bs vieno kop\u012bga aizraut\u012bba ar modi un cilv\u0113kiem. Uzzini vair\u0101k par kult\u016bru VAN GRAAF.<\/p><a class=\"button\" href=\"https:\/\/www.vangraaf.com\/lv\/karjera\/mes\/musu-kopejais-darbs\/\" target=\"_self\" rel=\"\" style=\"\">Uzzin\u0101t vair\u0101k<\/a><\/div><\/div>[\/vc_column_inner][vc_column_inner width=&#8221;1\/2&#8243; offset=&#8221;vc_col-lg-4 vc_col-md-4 vc_col-xs-12&#8243;]<div class=\"vg-element cta-teaser cta-teaser--center\" data-aos=\"fade-up\"><div class=\"cta-teaser__image\"><a class=\"\" href=\"https:\/\/www.vangraaf.com\/lv\/karjera\/kontakti\/\" target=\"_self\" rel=\"\" style=\"\"><img loading=\"lazy\" decoding=\"async\" width=\"380\" height=\"254\" src=\"https:\/\/www.vangraaf.com\/lv\/wp-content\/uploads\/sites\/5\/2021\/05\/Andersone.jpg\" class=\"vc_single_image-img attachment-full\" alt=\"\" title=\"Andersone\" srcset=\"https:\/\/www.vangraaf.com\/lv\/wp-content\/uploads\/sites\/5\/2021\/05\/Andersone.jpg 380w, https:\/\/www.vangraaf.com\/lv\/wp-content\/uploads\/sites\/5\/2021\/05\/Andersone-300x201.jpg 300w\" sizes=\"(max-width: 380px) 100vw, 380px\" \/><\/a><\/div><div class=\"cta-teaser__text\"><h3>Kontaktpersona<\/h3><p>Tev ir jaut\u0101jumi par darba uzs\u0101k\u0161anas iesp\u0113j\u0101m VAN GRAAF? Tad sazinies ar Baibu: +371 29463626<\/p><a class=\"button\" href=\"https:\/\/www.vangraaf.com\/lv\/karjera\/kontakti\/\" target=\"_self\" rel=\"\" style=\"\">S\u016bt\u012bt e-pastu<\/a><\/div><\/div>[\/vc_column_inner][vc_column_inner width=&#8221;1\/2&#8243; offset=&#8221;vc_col-lg-4 vc_col-md-4 vc_col-xs-12&#8243;]<div class=\"vg-element cta-teaser cta-teaser--center\" data-aos=\"fade-up\"><div class=\"cta-teaser__image\"><a class=\"\" href=\"https:\/\/www.vangraaf.com\/lv\/karjera\/mes\/ieguvumi\/\" target=\"_self\" rel=\"\" style=\"\"><img loading=\"lazy\" decoding=\"async\" width=\"380\" height=\"254\" src=\"https:\/\/www.vangraaf.com\/lv\/wp-content\/uploads\/sites\/5\/2022\/06\/Benefits.jpg\" class=\"vc_single_image-img attachment-full\" alt=\"Ieguvumi\" title=\"Ieguvumi\" srcset=\"https:\/\/www.vangraaf.com\/lv\/wp-content\/uploads\/sites\/5\/2022\/06\/Benefits.jpg 380w, https:\/\/www.vangraaf.com\/lv\/wp-content\/uploads\/sites\/5\/2022\/06\/Benefits-300x201.jpg 300w\" sizes=\"(max-width: 380px) 100vw, 380px\" \/><\/a><\/div><div class=\"cta-teaser__text\"><h3>Ieguvumi<\/h3><p>Vai esi jau atkl\u0101jis sev interes\u0113jo\u0161as priek\u0161roc\u012bbas? Uzzini vair\u0101k par ieguvumiem, str\u0101d\u0101jot VAN GRAAF.<\/p><a class=\"button\" href=\"https:\/\/www.vangraaf.com\/lv\/karjera\/mes\/ieguvumi\/\" target=\"_self\" rel=\"\" style=\"\">Apskat\u012bt ieguvumus<\/a><\/div><\/div>[\/vc_column_inner][\/vc_row_inner][\/vc_column][\/vc_row]<\/div>","protected":false},"excerpt":{"rendered":"[vc_row bwd_tbc4vd_show_weekday=&#8221;&#8221; full_width=&#8221;stretch_row_content_no_spaces&#8221;][vc_column][vc_column_text] Tevi interes\u0113 mode un Tev ir rado\u0161as idejas un izteikta stila izj\u016bta? Tevi aizrauj telpu koncepcijas un Tu labpr\u0101t kaut ko meistaro ar rok\u0101m? Tad uzs\u0101c darbu \u00a0VAN GRAAF vizu\u0101l\u0101s noform\u0113\u0161anas jom\u0101 un padari p\u0101rdo\u0161anas vietu par fascin\u0113jo\u0161u modes piedz\u012bvojumu. M\u0113s pied\u0101v\u0101jam vislab\u0101k\u0101s darba uzs\u0101k\u0161anas un izaugsmes iesp\u0113jas, k\u0101 ar\u012b pla\u0161u r\u012bc\u012bbas [&hellip;]","protected":false},"author":6,"featured_media":0,"parent":5781,"menu_order":0,"comment_status":"closed","ping_status":"closed","template":"","meta":{"_acf_changed":false,"inline_featured_image":false,"footnotes":""},"class_list":["post-5793","page","type-page","status-publish","hentry"],"acf":[],"yoast_head":"<!-- This site is optimized with the Yoast SEO plugin v27.2 - https:\/\/yoast.com\/product\/yoast-seo-wordpress\/ -->\n<title>Darbs vizu\u0101laj\u0101 noform\u0113\u0161an\u0101 VAN GRAAF<\/title>\n<meta name=\"description\" content=\"Tu esi rado\u0161s un Tevi interes\u0113 mode? Tad s\u0101c savu karjeru vizu\u0101l\u0101s noform\u0113\u0161anas jom\u0101 VAN GRAAF!\" \/>\n<meta name=\"robots\" content=\"index, follow, max-snippet:-1, max-image-preview:large, max-video-preview:-1\" \/>\n<link rel=\"canonical\" href=\"https:\/\/www.vangraaf.com\/lv\/karjera\/darbs-un-karjera\/vizuala-noformesana\/\" \/>\n<meta property=\"og:locale\" content=\"lv_LV\" \/>\n<meta property=\"og:type\" content=\"article\" \/>\n<meta property=\"og:title\" content=\"Darbs vizu\u0101laj\u0101 noform\u0113\u0161an\u0101 VAN GRAAF\" \/>\n<meta property=\"og:description\" content=\"Tu esi rado\u0161s un Tevi interes\u0113 mode? Tad s\u0101c savu karjeru vizu\u0101l\u0101s noform\u0113\u0161anas jom\u0101 VAN GRAAF!\" \/>\n<meta property=\"og:url\" content=\"https:\/\/www.vangraaf.com\/lv\/karjera\/darbs-un-karjera\/vizuala-noformesana\/\" \/>\n<meta property=\"og:site_name\" content=\"VAN GRAAF Latvija\" \/>\n<meta property=\"article:modified_time\" content=\"2022-07-13T11:50:13+00:00\" \/>\n<meta name=\"twitter:card\" content=\"summary_large_image\" \/>\n<meta name=\"twitter:label1\" content=\"Est. reading time\" \/>\n\t<meta name=\"twitter:data1\" content=\"4 min\u016btes\" \/>\n<script type=\"application\/ld+json\" class=\"yoast-schema-graph\">{\"@context\":\"https:\/\/schema.org\",\"@graph\":[{\"@type\":\"WebPage\",\"@id\":\"https:\/\/www.vangraaf.com\/lv\/karjera\/darbs-un-karjera\/vizuala-noformesana\/\",\"url\":\"https:\/\/www.vangraaf.com\/lv\/karjera\/darbs-un-karjera\/vizuala-noformesana\/\",\"name\":\"Darbs vizu\u0101laj\u0101 noform\u0113\u0161an\u0101 VAN GRAAF\",\"isPartOf\":{\"@id\":\"https:\/\/www.vangraaf.com\/lv\/#website\"},\"datePublished\":\"2022-04-26T07:30:28+00:00\",\"dateModified\":\"2022-07-13T11:50:13+00:00\",\"description\":\"Tu esi rado\u0161s un Tevi interes\u0113 mode? Tad s\u0101c savu karjeru vizu\u0101l\u0101s noform\u0113\u0161anas jom\u0101 VAN GRAAF!\",\"breadcrumb\":{\"@id\":\"https:\/\/www.vangraaf.com\/lv\/karjera\/darbs-un-karjera\/vizuala-noformesana\/#breadcrumb\"},\"inLanguage\":\"lv-LV\",\"potentialAction\":[{\"@type\":\"ReadAction\",\"target\":[\"https:\/\/www.vangraaf.com\/lv\/karjera\/darbs-un-karjera\/vizuala-noformesana\/\"]}]},{\"@type\":\"BreadcrumbList\",\"@id\":\"https:\/\/www.vangraaf.com\/lv\/karjera\/darbs-un-karjera\/vizuala-noformesana\/#breadcrumb\",\"itemListElement\":[{\"@type\":\"ListItem\",\"position\":1,\"name\":\"Home\",\"item\":\"https:\/\/www.vangraaf.com\/lv\/\"},{\"@type\":\"ListItem\",\"position\":2,\"name\":\"Karjera\",\"item\":\"https:\/\/www.vangraaf.com\/lv\/karjera\/\"},{\"@type\":\"ListItem\",\"position\":3,\"name\":\"Darbs un Karjera\",\"item\":\"https:\/\/www.vangraaf.com\/lv\/karjera\/darbs-un-karjera\/\"},{\"@type\":\"ListItem\",\"position\":4,\"name\":\"Vizu\u0101l\u0101 noform\u0113\u0161ana\"}]},{\"@type\":\"WebSite\",\"@id\":\"https:\/\/www.vangraaf.com\/lv\/#website\",\"url\":\"https:\/\/www.vangraaf.com\/lv\/\",\"name\":\"VAN GRAAF\",\"description\":\"VAN GRAAF\",\"potentialAction\":[{\"@type\":\"SearchAction\",\"target\":{\"@type\":\"EntryPoint\",\"urlTemplate\":\"https:\/\/www.vangraaf.com\/lv\/?s={search_term_string}\"},\"query-input\":{\"@type\":\"PropertyValueSpecification\",\"valueRequired\":true,\"valueName\":\"search_term_string\"}}],\"inLanguage\":\"lv-LV\"}]}<\/script>\n<!-- \/ Yoast SEO plugin. -->","yoast_head_json":{"title":"Darbs vizu\u0101laj\u0101 noform\u0113\u0161an\u0101 VAN GRAAF","description":"Tu esi rado\u0161s un Tevi interes\u0113 mode? Tad s\u0101c savu karjeru vizu\u0101l\u0101s noform\u0113\u0161anas jom\u0101 VAN GRAAF!","robots":{"index":"index","follow":"follow","max-snippet":"max-snippet:-1","max-image-preview":"max-image-preview:large","max-video-preview":"max-video-preview:-1"},"canonical":"https:\/\/www.vangraaf.com\/lv\/karjera\/darbs-un-karjera\/vizuala-noformesana\/","og_locale":"lv_LV","og_type":"article","og_title":"Darbs vizu\u0101laj\u0101 noform\u0113\u0161an\u0101 VAN GRAAF","og_description":"Tu esi rado\u0161s un Tevi interes\u0113 mode? Tad s\u0101c savu karjeru vizu\u0101l\u0101s noform\u0113\u0161anas jom\u0101 VAN GRAAF!","og_url":"https:\/\/www.vangraaf.com\/lv\/karjera\/darbs-un-karjera\/vizuala-noformesana\/","og_site_name":"VAN GRAAF Latvija","article_modified_time":"2022-07-13T11:50:13+00:00","twitter_card":"summary_large_image","twitter_misc":{"Est. reading time":"4 min\u016btes"},"schema":{"@context":"https:\/\/schema.org","@graph":[{"@type":"WebPage","@id":"https:\/\/www.vangraaf.com\/lv\/karjera\/darbs-un-karjera\/vizuala-noformesana\/","url":"https:\/\/www.vangraaf.com\/lv\/karjera\/darbs-un-karjera\/vizuala-noformesana\/","name":"Darbs vizu\u0101laj\u0101 noform\u0113\u0161an\u0101 VAN GRAAF","isPartOf":{"@id":"https:\/\/www.vangraaf.com\/lv\/#website"},"datePublished":"2022-04-26T07:30:28+00:00","dateModified":"2022-07-13T11:50:13+00:00","description":"Tu esi rado\u0161s un Tevi interes\u0113 mode? Tad s\u0101c savu karjeru vizu\u0101l\u0101s noform\u0113\u0161anas jom\u0101 VAN GRAAF!","breadcrumb":{"@id":"https:\/\/www.vangraaf.com\/lv\/karjera\/darbs-un-karjera\/vizuala-noformesana\/#breadcrumb"},"inLanguage":"lv-LV","potentialAction":[{"@type":"ReadAction","target":["https:\/\/www.vangraaf.com\/lv\/karjera\/darbs-un-karjera\/vizuala-noformesana\/"]}]},{"@type":"BreadcrumbList","@id":"https:\/\/www.vangraaf.com\/lv\/karjera\/darbs-un-karjera\/vizuala-noformesana\/#breadcrumb","itemListElement":[{"@type":"ListItem","position":1,"name":"Home","item":"https:\/\/www.vangraaf.com\/lv\/"},{"@type":"ListItem","position":2,"name":"Karjera","item":"https:\/\/www.vangraaf.com\/lv\/karjera\/"},{"@type":"ListItem","position":3,"name":"Darbs un Karjera","item":"https:\/\/www.vangraaf.com\/lv\/karjera\/darbs-un-karjera\/"},{"@type":"ListItem","position":4,"name":"Vizu\u0101l\u0101 noform\u0113\u0161ana"}]},{"@type":"WebSite","@id":"https:\/\/www.vangraaf.com\/lv\/#website","url":"https:\/\/www.vangraaf.com\/lv\/","name":"VAN GRAAF","description":"VAN GRAAF","potentialAction":[{"@type":"SearchAction","target":{"@type":"EntryPoint","urlTemplate":"https:\/\/www.vangraaf.com\/lv\/?s={search_term_string}"},"query-input":{"@type":"PropertyValueSpecification","valueRequired":true,"valueName":"search_term_string"}}],"inLanguage":"lv-LV"}]}},"_links":{"self":[{"href":"https:\/\/www.vangraaf.com\/lv\/wp-json\/wp\/v2\/pages\/5793","targetHints":{"allow":["GET"]}}],"collection":[{"href":"https:\/\/www.vangraaf.com\/lv\/wp-json\/wp\/v2\/pages"}],"about":[{"href":"https:\/\/www.vangraaf.com\/lv\/wp-json\/wp\/v2\/types\/page"}],"author":[{"embeddable":true,"href":"https:\/\/www.vangraaf.com\/lv\/wp-json\/wp\/v2\/users\/6"}],"replies":[{"embeddable":true,"href":"https:\/\/www.vangraaf.com\/lv\/wp-json\/wp\/v2\/comments?post=5793"}],"version-history":[{"count":19,"href":"https:\/\/www.vangraaf.com\/lv\/wp-json\/wp\/v2\/pages\/5793\/revisions"}],"predecessor-version":[{"id":6290,"href":"https:\/\/www.vangraaf.com\/lv\/wp-json\/wp\/v2\/pages\/5793\/revisions\/6290"}],"up":[{"embeddable":true,"href":"https:\/\/www.vangraaf.com\/lv\/wp-json\/wp\/v2\/pages\/5781"}],"wp:attachment":[{"href":"https:\/\/www.vangraaf.com\/lv\/wp-json\/wp\/v2\/media?parent=5793"}],"curies":[{"name":"wp","href":"https:\/\/api.w.org\/{rel}","templated":true}]}}