{"id":5791,"date":"2022-04-26T09:30:11","date_gmt":"2022-04-26T07:30:11","guid":{"rendered":"https:\/\/www.vangraaf.com\/lv\/?page_id=5791"},"modified":"2022-07-13T15:18:06","modified_gmt":"2022-07-13T13:18:06","slug":"pardosana","status":"publish","type":"page","link":"https:\/\/www.vangraaf.com\/lv\/karjera\/darbs-un-karjera\/pardosana\/","title":{"rendered":"P\u0101rdo\u0161ana"},"content":{"rendered":"<div class=\"wpb-content-wrapper\">[vc_row bwd_tbc4vd_show_weekday=&#8221;&#8221; full_width=&#8221;stretch_row_content_no_spaces&#8221;][vc_column]<div class=\"keyvisual\" data-aos=\"fade-up\" ><img loading=\"lazy\" decoding=\"async\" width=\"1440\" height=\"480\" src=\"https:\/\/www.vangraaf.com\/lv\/wp-content\/uploads\/sites\/5\/2022\/05\/M1_F_Schueler_Eltern_Lehrer_003.jpg\" class=\"vc_single_image-img\" alt=\"P\u0101rdo\u0161ana\" srcset=\"https:\/\/www.vangraaf.com\/lv\/wp-content\/uploads\/sites\/5\/2022\/05\/M1_F_Schueler_Eltern_Lehrer_003.jpg 1440w, https:\/\/www.vangraaf.com\/lv\/wp-content\/uploads\/sites\/5\/2022\/05\/M1_F_Schueler_Eltern_Lehrer_003-300x100.jpg 300w, https:\/\/www.vangraaf.com\/lv\/wp-content\/uploads\/sites\/5\/2022\/05\/M1_F_Schueler_Eltern_Lehrer_003-1024x341.jpg 1024w, https:\/\/www.vangraaf.com\/lv\/wp-content\/uploads\/sites\/5\/2022\/05\/M1_F_Schueler_Eltern_Lehrer_003-768x256.jpg 768w, https:\/\/www.vangraaf.com\/lv\/wp-content\/uploads\/sites\/5\/2022\/05\/M1_F_Schueler_Eltern_Lehrer_003-1200x400.jpg 1200w, https:\/\/www.vangraaf.com\/lv\/wp-content\/uploads\/sites\/5\/2022\/05\/M1_F_Schueler_Eltern_Lehrer_003-992x331.jpg 992w, https:\/\/www.vangraaf.com\/lv\/wp-content\/uploads\/sites\/5\/2022\/05\/M1_F_Schueler_Eltern_Lehrer_003-480x160.jpg 480w, https:\/\/www.vangraaf.com\/lv\/wp-content\/uploads\/sites\/5\/2022\/05\/M1_F_Schueler_Eltern_Lehrer_003-690x230.jpg 690w\" sizes=\"(max-width: 1440px) 100vw, 1440px\" \/><\/div>\n        <div class=\"headlines headlines--center\" data-aos=\"fade-up\">\n            <div class=\"vc_row\">\n                <div class=\"vc_col-md-10 vc_col-md-offset-1 vc_col-lg-10 vc_col-lg-offset-1\"><span class=\"h6\">Darbs p\u0101rdo\u0161an\u0101 VAN GRAAF<\/span><h1 class=\"h2\">P\u0101rdo\u0161ana<\/h1><\/div>\n            <\/div>\n        <\/div>[vc_column_text]\r\n<p style=\"text-align: center;\">Tevi interes\u0113 mode? M\u016bs ar\u012b! Savu interesi par modes pasaules tendenc\u0113m Tu katru dienu var\u0113si apliecin\u0101t saskarsm\u0113 ar m\u016bsu klientiem, pal\u012bdzot vi\u0146iem veiksm\u012bgi iepirkties. M\u016bsu veikal\u0101 m\u0113s pied\u0101v\u0101jam izaicin\u0101jumiem un p\u0101rmai\u0146\u0101m bag\u0101tu darbu, kas katru dienu b\u016bs cit\u0101d\u0101ks!<\/p>\r\n[\/vc_column_text][vc_column_text]\r\n<h3>P\u0101rdev\u0113js konsultants<\/h3>\r\nMekl\u0113jam p\u0101rdev\u0113ju konsultantu, kas ir modi p\u0101rzino\u0161s profesion\u0101lis un prot ieteikt ide\u0101lu t\u0113rpu visiem dz\u012bves gad\u012bjumiem. P\u0101rdev\u0113ja konsultanta pien\u0101kumos ietilpst sniegt klientiem padomus par veikal\u0101 eso\u0161ajiem z\u012bmoliem un tendenc\u0113m, padarot iepirk\u0161anos neaizmirstamu. K\u0101 ar\u012b, p\u0101rdev\u0113jas konsultants apkalpo klientus pie kases, akt\u012bvi veicinot klientu lojalit\u0101ti.[\/vc_column_text][vc_column_text]\r\n<h3>P\u0101rdo\u0161anas komadas vad\u012bt\u0101js<\/h3>\r\nMekl\u0113jam p\u0101rdo\u0161anas komandas vad\u012bt\u0101ju, kur\u0161 m\u012bl visu ar modu saist\u012bto. \u0160o saj\u016bsmu, ko Tu rodi aizvien no jauna, Tu nodod ar\u012b savai komandai. P\u0101rdo\u0161anas komandas vad\u012bt\u0101js analiz\u0113 p\u0101rdo\u0161anas r\u0101d\u012bt\u0101jus, atkl\u0101j jaun\u0101k\u0101s tendences un sniedz impulsus iepirkumu noda\u013cai, cie\u0161i sadarbojoties ar veikala vad\u012bt\u0101ju. Tavas idejas vizu\u0101laj\u0101 noform\u0113\u0161an\u0101, k\u0101 ar\u012b uz\u0146\u0113m\u0113ja dom\u0101\u0161ana un r\u012bc\u012bba ir neat\u0146emama p\u0101rdo\u0161anas procesu sast\u0101vda\u013ca.[\/vc_column_text][vc_column_text]\r\n<h3>Potenci\u0101ls turpm\u0101kajai att\u012bst\u012bbai: Tavas karjeras iesp\u0113jas<\/h3>\r\nAr profesion\u0101l\u0101s pilnveides un vad\u012bbas semin\u0101riem Tu past\u0101v\u012bgi pilnveidojies m\u016bsu daudzveid\u012bgaj\u0101 <a href=\"https:\/\/www.vangraaf.com\/lv\/karjera\/mes\/attistiba\/\">apm\u0101c\u012bbu vid\u0113<\/a>.\r\n\r\nV\u0113lies uz\u0146emties liel\u0101ku atbild\u012bbu? Ar veiksm\u012bgu vad\u012bt\u0101ja pieredzi p\u0101rdo\u0161anas komandas vad\u012bt\u0101ja amat\u0101 un atbilsto\u0161\u0101m prasm\u0113m Tev ir iesp\u0113ja k\u013c\u016bt par veikala vad\u012bt\u0101ju k\u0101d\u0101 no VAN GRAAF veikaliem.\r\n\r\nM\u016bs vieno kop\u012bga aizraut\u012bba ar modi un cilv\u0113kiem. Tas sp\u0113j m\u016bs iedvesmot katru dienu no jauna. Vai v\u0113lies mums pievienoties?[\/vc_column_text][vc_column_text]<a class=\"button button--primary\" href=\"https:\/\/www.vangraaf.com\/lv\/karjera\/darbs-un-karjera\/vakances\/\" target=\"_blank\" rel=\"noopener\">Piesakies t\u016bl\u012bt<\/a>[\/vc_column_text][vc_column_text]V\u0113lies uzs\u0101kt darbu VAN GRAAF, ta\u010du pa\u0161laik nav piem\u0113rotas vakances? Tad ats\u016bti mums savu <a href=\"https:\/\/www.vangraaf.com\/lv\/karjera\/darbs-un-karjera\/iniciativas-pieteikums\/\"><u>iniciat\u012bvas pieteikumu<\/u><\/a>! Iesp\u0113jams piem\u0113rots izaicin\u0101jums Tevi jau r\u012bt gaid\u012bs m\u016bsu veikal\u0101.[\/vc_column_text][\/vc_column][\/vc_row][vc_row bwd_tbc4vd_show_weekday=&#8221;&#8221; full_width=&#8221;stretch_row_content_no_spaces&#8221;][vc_column]<div class=\"people-story-slider people-story-slider--dark\" style=\"--season-color: #ededed\" data-aos=\"fade-up\"><div class=\"content_wrap\"><div class=\"people-story-slider__slider js-people-story-slider\"><div class=\"people-story-slider__slider__item\"><div class=\"vc_row vc_row-flex\"><div class=\"vc_col-sm-6 people-story-slider__slider__item__image-wrap\"><img loading=\"lazy\" decoding=\"async\" width=\"768\" height=\"1022\" src=\"https:\/\/www.vangraaf.com\/lv\/wp-content\/uploads\/sites\/5\/2022\/05\/M3_A_Schueler_099-1.jpg\" class=\"attachment-full\" alt=\"P\u0101rdev\u0113js konsultants\" title=\"P\u0101rdev\u0113js konsultants\" srcset=\"https:\/\/www.vangraaf.com\/lv\/wp-content\/uploads\/sites\/5\/2022\/05\/M3_A_Schueler_099-1.jpg 768w, https:\/\/www.vangraaf.com\/lv\/wp-content\/uploads\/sites\/5\/2022\/05\/M3_A_Schueler_099-1-225x300.jpg 225w, https:\/\/www.vangraaf.com\/lv\/wp-content\/uploads\/sites\/5\/2022\/05\/M3_A_Schueler_099-1-480x639.jpg 480w, https:\/\/www.vangraaf.com\/lv\/wp-content\/uploads\/sites\/5\/2022\/05\/M3_A_Schueler_099-1-690x918.jpg 690w\" sizes=\"(max-width: 768px) 100vw, 768px\" \/><\/div><div class=\"vc_col-sm-6 vc_col-md-4 vc_col-md-offset-1 people-story-slider__slider__item__content-wrap\"><div class=\"people-story-slider__slider__item__content\"><span class=\"h4\">J\u0101nis, P\u0101rdev\u0113js konsultants<\/span><p>Es v\u0113l\u0113jos str\u0101d\u0101t ar popul\u0101riem z\u012bmoliem un k\u0101 jaunpien\u0101c\u0113js modes pre\u010du mazumtirdzniec\u012bb\u0101 daudz ko iem\u0101c\u012bties.  Darba uzs\u0101k\u0161anas apmac\u012bbas mani lieliski sagatavoja darba uzdevumiem un es var\u0113ju \u0101tri s\u0101kt darbu komand\u0101.<\/p>\n<div class=\"people-story-slider__slider__item__pagination\"><button class=\"slick-prev slick-arrow\" aria-label=\"Iepriek\u0161\u0113jais\" type=\"button\">Iepriek\u0161\u0113jais<\/button><button class=\"slick-next slick-arrow\" aria-label=\"T\u0101l\u0101k\" type=\"button\">T\u0101l\u0101k<\/button><\/div><\/div><\/div><\/div><\/div><div class=\"people-story-slider__slider__item\"><div class=\"vc_row vc_row-flex\"><div class=\"vc_col-sm-6 people-story-slider__slider__item__image-wrap\"><img loading=\"lazy\" decoding=\"async\" width=\"768\" height=\"1022\" src=\"https:\/\/www.vangraaf.com\/lv\/wp-content\/uploads\/sites\/5\/2022\/05\/M7_B_Wir_Headerbild_Gruppe_034-2.jpg\" class=\"attachment-full\" alt=\"P\u0101rdo\u0161anas komandas vad\u012bt\u0101js\" title=\"P\u0101rdo\u0161anas komandas vad\u012bt\u0101js\" srcset=\"https:\/\/www.vangraaf.com\/lv\/wp-content\/uploads\/sites\/5\/2022\/05\/M7_B_Wir_Headerbild_Gruppe_034-2.jpg 768w, https:\/\/www.vangraaf.com\/lv\/wp-content\/uploads\/sites\/5\/2022\/05\/M7_B_Wir_Headerbild_Gruppe_034-2-225x300.jpg 225w, https:\/\/www.vangraaf.com\/lv\/wp-content\/uploads\/sites\/5\/2022\/05\/M7_B_Wir_Headerbild_Gruppe_034-2-480x639.jpg 480w, https:\/\/www.vangraaf.com\/lv\/wp-content\/uploads\/sites\/5\/2022\/05\/M7_B_Wir_Headerbild_Gruppe_034-2-690x918.jpg 690w\" sizes=\"(max-width: 768px) 100vw, 768px\" \/><\/div><div class=\"vc_col-sm-6 vc_col-md-4 vc_col-md-offset-1 people-story-slider__slider__item__content-wrap\"><div class=\"people-story-slider__slider__item__content\"><span class=\"h4\">Anna, P\u0101rdo\u0161anas komandas vad\u012bt\u0101js<\/span><p>Papildus aizraut\u012bbai ar modi mana liel\u0101k\u0101 motiv\u0101cija ir mana komanda. M\u0113s daudz str\u0101d\u0101jam kop\u0101 da\u017e\u0101d\u0101s veikala noda\u013c\u0101s, lai iedvesmotu m\u016bsu klientus atkal un atkal. T\u0101p\u0113c mums ir \u013coti svar\u012bga laba komunik\u0101cija un sp\u0113c\u012bgs komandas gars.<\/p>\n<div class=\"people-story-slider__slider__item__pagination\"><button class=\"slick-prev slick-arrow\" aria-label=\"Iepriek\u0161\u0113jais\" type=\"button\">Iepriek\u0161\u0113jais<\/button><button class=\"slick-next slick-arrow\" aria-label=\"T\u0101l\u0101k\" type=\"button\">T\u0101l\u0101k<\/button><\/div><\/div><\/div><\/div><\/div><\/div><div class=\"people-story-slider__pagination\"><button class=\"slick-prev slick-arrow\" aria-label=\"Iepriek\u0161\u0113jais\" type=\"button\">Iepriek\u0161\u0113jais<\/button><button class=\"slick-next slick-arrow\" aria-label=\"T\u0101l\u0101k\" type=\"button\">T\u0101l\u0101k<\/button><\/div><\/div><\/div>[\/vc_column][\/vc_row][vc_row bwd_tbc4vd_show_weekday=&#8221;&#8221; full_width=&#8221;stretch_row_content_no_spaces&#8221;][vc_column]\n        <div class=\"headlines headlines--center\" data-aos=\"fade-up\">\n            <div class=\"vc_row\">\n                <div class=\"vc_col-md-10 vc_col-md-offset-1 vc_col-lg-10 vc_col-lg-offset-1\"><h2 class=\"h2\">Darba uzs\u0101k\u0161ana VAN GRAAF<\/h2><\/div>\n            <\/div>\n        <\/div>[vc_row_inner bwd_tbc4vd_show_weekday=&#8221;&#8221; equal_height=&#8221;yes&#8221; row_design=&#8221;row_square_background&#8221;][vc_column_inner width=&#8221;1\/2&#8243; offset=&#8221;vc_col-lg-4 vc_col-md-4 vc_col-xs-12&#8243;]<div class=\"vg-element cta-teaser cta-teaser--center\" data-aos=\"fade-up\"><div class=\"cta-teaser__image\"><a class=\"\" href=\"https:\/\/www.vangraaf.com\/lv\/karjera\/mes\/attistiba\/\" target=\"_self\" rel=\"\" style=\"\"><img loading=\"lazy\" decoding=\"async\" width=\"380\" height=\"254\" src=\"https:\/\/www.vangraaf.com\/lv\/wp-content\/uploads\/sites\/5\/2022\/05\/M12_D_GRUPPE_PORTRAIT_TRAINER_025-1.jpg\" class=\"vc_single_image-img attachment-full\" alt=\"Att\u012bst\u012bba\" title=\"Att\u012bst\u012bba\" srcset=\"https:\/\/www.vangraaf.com\/lv\/wp-content\/uploads\/sites\/5\/2022\/05\/M12_D_GRUPPE_PORTRAIT_TRAINER_025-1.jpg 380w, https:\/\/www.vangraaf.com\/lv\/wp-content\/uploads\/sites\/5\/2022\/05\/M12_D_GRUPPE_PORTRAIT_TRAINER_025-1-300x201.jpg 300w\" sizes=\"(max-width: 380px) 100vw, 380px\" \/><\/a><\/div><div class=\"cta-teaser__text\"><h3>Att\u012bst\u012bba<\/h3><p>M\u0101c\u012bties vienm\u0113r ir mod\u0113! Ar daudzveid\u012bg\u0101m apm\u0101c\u012bbu iesp\u0113j\u0101m m\u0113s Tevi sagatavosim n\u0101kotnei VAN GRAAF.<\/p><a class=\"button\" href=\"https:\/\/www.vangraaf.com\/lv\/karjera\/mes\/attistiba\/\" target=\"_self\" rel=\"\" style=\"\">Uzzin\u0101t vair\u0101k<\/a><\/div><\/div>[\/vc_column_inner][vc_column_inner width=&#8221;1\/2&#8243; offset=&#8221;vc_col-lg-4 vc_col-md-4 vc_col-xs-12&#8243;]<div class=\"vg-element cta-teaser cta-teaser--center\" data-aos=\"fade-up\"><div class=\"cta-teaser__image\"><a class=\"\" href=\"https:\/\/www.vangraaf.com\/lv\/karjera\/kontakti\/\" target=\"_self\" rel=\"\" style=\"\"><img loading=\"lazy\" decoding=\"async\" width=\"380\" height=\"254\" src=\"https:\/\/www.vangraaf.com\/lv\/wp-content\/uploads\/sites\/5\/2021\/05\/Andersone.jpg\" class=\"vc_single_image-img attachment-full\" alt=\"\" title=\"Andersone\" srcset=\"https:\/\/www.vangraaf.com\/lv\/wp-content\/uploads\/sites\/5\/2021\/05\/Andersone.jpg 380w, https:\/\/www.vangraaf.com\/lv\/wp-content\/uploads\/sites\/5\/2021\/05\/Andersone-300x201.jpg 300w\" sizes=\"(max-width: 380px) 100vw, 380px\" \/><\/a><\/div><div class=\"cta-teaser__text\"><h3>Kontaktpersona<\/h3><p>Tev ir jaut\u0101jumi par darba uzs\u0101k\u0161anas iesp\u0113j\u0101m VAN GRAAF? Tad sazinies ar Baibu: +371 29463626<\/p><a class=\"button\" href=\"https:\/\/www.vangraaf.com\/lv\/karjera\/kontakti\/\" target=\"_self\" rel=\"\" style=\"\">S\u016bt\u012bt e-pastu<\/a><\/div><\/div>[\/vc_column_inner][vc_column_inner width=&#8221;1\/2&#8243; offset=&#8221;vc_col-lg-4 vc_col-md-4 vc_col-xs-12&#8243;]<div class=\"vg-element cta-teaser cta-teaser--center\" data-aos=\"fade-up\"><div class=\"cta-teaser__image\"><a class=\"\" href=\"https:\/\/www.vangraaf.com\/lv\/karjera\/mes\/ieguvumi\/\" target=\"_self\" rel=\"\" style=\"\"><img loading=\"lazy\" decoding=\"async\" width=\"380\" height=\"254\" src=\"https:\/\/www.vangraaf.com\/lv\/wp-content\/uploads\/sites\/5\/2022\/06\/Benefits.jpg\" class=\"vc_single_image-img attachment-full\" alt=\"Ieguvumi\" title=\"Ieguvumi\" srcset=\"https:\/\/www.vangraaf.com\/lv\/wp-content\/uploads\/sites\/5\/2022\/06\/Benefits.jpg 380w, https:\/\/www.vangraaf.com\/lv\/wp-content\/uploads\/sites\/5\/2022\/06\/Benefits-300x201.jpg 300w\" sizes=\"(max-width: 380px) 100vw, 380px\" \/><\/a><\/div><div class=\"cta-teaser__text\"><h3>Ieguvumi<\/h3><p>Vai esi jau atkl\u0101jis sev interes\u0113jo\u0161as priek\u0161roc\u012bbas? Uzzini vair\u0101k par ieguvumiem, str\u0101d\u0101jot VAN GRAAF.<\/p><a class=\"button\" href=\"https:\/\/www.vangraaf.com\/lv\/karjera\/mes\/ieguvumi\/\" target=\"_self\" rel=\"\" style=\"\">Apskat\u012bt ieguvumus<\/a><\/div><\/div>[\/vc_column_inner][\/vc_row_inner][\/vc_column][\/vc_row]<\/div>","protected":false},"excerpt":{"rendered":"[vc_row bwd_tbc4vd_show_weekday=&#8221;&#8221; full_width=&#8221;stretch_row_content_no_spaces&#8221;][vc_column][vc_column_text] Tevi interes\u0113 mode? M\u016bs ar\u012b! Savu interesi par modes pasaules tendenc\u0113m Tu katru dienu var\u0113si apliecin\u0101t saskarsm\u0113 ar m\u016bsu klientiem, pal\u012bdzot vi\u0146iem veiksm\u012bgi iepirkties. M\u016bsu veikal\u0101 m\u0113s pied\u0101v\u0101jam izaicin\u0101jumiem un p\u0101rmai\u0146\u0101m bag\u0101tu darbu, kas katru dienu b\u016bs cit\u0101d\u0101ks! [\/vc_column_text][vc_column_text] P\u0101rdev\u0113js konsultants Mekl\u0113jam p\u0101rdev\u0113ju konsultantu, kas ir modi p\u0101rzino\u0161s profesion\u0101lis un prot ieteikt [&hellip;]","protected":false},"author":6,"featured_media":0,"parent":5781,"menu_order":0,"comment_status":"closed","ping_status":"closed","template":"","meta":{"_acf_changed":false,"inline_featured_image":false,"footnotes":""},"class_list":["post-5791","page","type-page","status-publish","hentry"],"acf":[],"yoast_head":"<!-- This site is optimized with the Yoast SEO plugin v27.2 - https:\/\/yoast.com\/product\/yoast-seo-wordpress\/ -->\n<title>Pievienojies VAN GRAAF p\u0101rdo\u0161anas komandai |\u00a0VAN GRAAF<\/title>\n<meta name=\"description\" content=\"Vai esi komunikalbs un tev interes\u0113 mode? Pievienojies modes pre\u010du veikalam VAN GRAAF k\u0101 p\u0101rdev\u0113js konsultants vai p\u0101rdo\u0161anas komandas vad\u012bt\u0101js!\" \/>\n<meta name=\"robots\" content=\"index, follow, max-snippet:-1, max-image-preview:large, max-video-preview:-1\" \/>\n<link rel=\"canonical\" href=\"https:\/\/www.vangraaf.com\/lv\/karjera\/darbs-un-karjera\/pardosana\/\" \/>\n<meta property=\"og:locale\" content=\"lv_LV\" \/>\n<meta property=\"og:type\" content=\"article\" \/>\n<meta property=\"og:title\" content=\"Pievienojies VAN GRAAF p\u0101rdo\u0161anas komandai |\u00a0VAN GRAAF\" \/>\n<meta property=\"og:description\" content=\"Vai esi komunikalbs un tev interes\u0113 mode? Pievienojies modes pre\u010du veikalam VAN GRAAF k\u0101 p\u0101rdev\u0113js konsultants vai p\u0101rdo\u0161anas komandas vad\u012bt\u0101js!\" \/>\n<meta property=\"og:url\" content=\"https:\/\/www.vangraaf.com\/lv\/karjera\/darbs-un-karjera\/pardosana\/\" \/>\n<meta property=\"og:site_name\" content=\"VAN GRAAF Latvija\" \/>\n<meta property=\"article:modified_time\" content=\"2022-07-13T13:18:06+00:00\" \/>\n<meta name=\"twitter:card\" content=\"summary_large_image\" \/>\n<meta name=\"twitter:label1\" content=\"Est. reading time\" \/>\n\t<meta name=\"twitter:data1\" content=\"5 min\u016btes\" \/>\n<script type=\"application\/ld+json\" class=\"yoast-schema-graph\">{\"@context\":\"https:\/\/schema.org\",\"@graph\":[{\"@type\":\"WebPage\",\"@id\":\"https:\/\/www.vangraaf.com\/lv\/karjera\/darbs-un-karjera\/pardosana\/\",\"url\":\"https:\/\/www.vangraaf.com\/lv\/karjera\/darbs-un-karjera\/pardosana\/\",\"name\":\"Pievienojies VAN GRAAF p\u0101rdo\u0161anas komandai |\u00a0VAN GRAAF\",\"isPartOf\":{\"@id\":\"https:\/\/www.vangraaf.com\/lv\/#website\"},\"datePublished\":\"2022-04-26T07:30:11+00:00\",\"dateModified\":\"2022-07-13T13:18:06+00:00\",\"description\":\"Vai esi komunikalbs un tev interes\u0113 mode? Pievienojies modes pre\u010du veikalam VAN GRAAF k\u0101 p\u0101rdev\u0113js konsultants vai p\u0101rdo\u0161anas komandas vad\u012bt\u0101js!\",\"breadcrumb\":{\"@id\":\"https:\/\/www.vangraaf.com\/lv\/karjera\/darbs-un-karjera\/pardosana\/#breadcrumb\"},\"inLanguage\":\"lv-LV\",\"potentialAction\":[{\"@type\":\"ReadAction\",\"target\":[\"https:\/\/www.vangraaf.com\/lv\/karjera\/darbs-un-karjera\/pardosana\/\"]}]},{\"@type\":\"BreadcrumbList\",\"@id\":\"https:\/\/www.vangraaf.com\/lv\/karjera\/darbs-un-karjera\/pardosana\/#breadcrumb\",\"itemListElement\":[{\"@type\":\"ListItem\",\"position\":1,\"name\":\"Home\",\"item\":\"https:\/\/www.vangraaf.com\/lv\/\"},{\"@type\":\"ListItem\",\"position\":2,\"name\":\"Karjera\",\"item\":\"https:\/\/www.vangraaf.com\/lv\/karjera\/\"},{\"@type\":\"ListItem\",\"position\":3,\"name\":\"Darbs un Karjera\",\"item\":\"https:\/\/www.vangraaf.com\/lv\/karjera\/darbs-un-karjera\/\"},{\"@type\":\"ListItem\",\"position\":4,\"name\":\"P\u0101rdo\u0161ana\"}]},{\"@type\":\"WebSite\",\"@id\":\"https:\/\/www.vangraaf.com\/lv\/#website\",\"url\":\"https:\/\/www.vangraaf.com\/lv\/\",\"name\":\"VAN GRAAF\",\"description\":\"VAN GRAAF\",\"potentialAction\":[{\"@type\":\"SearchAction\",\"target\":{\"@type\":\"EntryPoint\",\"urlTemplate\":\"https:\/\/www.vangraaf.com\/lv\/?s={search_term_string}\"},\"query-input\":{\"@type\":\"PropertyValueSpecification\",\"valueRequired\":true,\"valueName\":\"search_term_string\"}}],\"inLanguage\":\"lv-LV\"}]}<\/script>\n<!-- \/ Yoast SEO plugin. -->","yoast_head_json":{"title":"Pievienojies VAN GRAAF p\u0101rdo\u0161anas komandai |\u00a0VAN GRAAF","description":"Vai esi komunikalbs un tev interes\u0113 mode? Pievienojies modes pre\u010du veikalam VAN GRAAF k\u0101 p\u0101rdev\u0113js konsultants vai p\u0101rdo\u0161anas komandas vad\u012bt\u0101js!","robots":{"index":"index","follow":"follow","max-snippet":"max-snippet:-1","max-image-preview":"max-image-preview:large","max-video-preview":"max-video-preview:-1"},"canonical":"https:\/\/www.vangraaf.com\/lv\/karjera\/darbs-un-karjera\/pardosana\/","og_locale":"lv_LV","og_type":"article","og_title":"Pievienojies VAN GRAAF p\u0101rdo\u0161anas komandai |\u00a0VAN GRAAF","og_description":"Vai esi komunikalbs un tev interes\u0113 mode? Pievienojies modes pre\u010du veikalam VAN GRAAF k\u0101 p\u0101rdev\u0113js konsultants vai p\u0101rdo\u0161anas komandas vad\u012bt\u0101js!","og_url":"https:\/\/www.vangraaf.com\/lv\/karjera\/darbs-un-karjera\/pardosana\/","og_site_name":"VAN GRAAF Latvija","article_modified_time":"2022-07-13T13:18:06+00:00","twitter_card":"summary_large_image","twitter_misc":{"Est. reading time":"5 min\u016btes"},"schema":{"@context":"https:\/\/schema.org","@graph":[{"@type":"WebPage","@id":"https:\/\/www.vangraaf.com\/lv\/karjera\/darbs-un-karjera\/pardosana\/","url":"https:\/\/www.vangraaf.com\/lv\/karjera\/darbs-un-karjera\/pardosana\/","name":"Pievienojies VAN GRAAF p\u0101rdo\u0161anas komandai |\u00a0VAN GRAAF","isPartOf":{"@id":"https:\/\/www.vangraaf.com\/lv\/#website"},"datePublished":"2022-04-26T07:30:11+00:00","dateModified":"2022-07-13T13:18:06+00:00","description":"Vai esi komunikalbs un tev interes\u0113 mode? Pievienojies modes pre\u010du veikalam VAN GRAAF k\u0101 p\u0101rdev\u0113js konsultants vai p\u0101rdo\u0161anas komandas vad\u012bt\u0101js!","breadcrumb":{"@id":"https:\/\/www.vangraaf.com\/lv\/karjera\/darbs-un-karjera\/pardosana\/#breadcrumb"},"inLanguage":"lv-LV","potentialAction":[{"@type":"ReadAction","target":["https:\/\/www.vangraaf.com\/lv\/karjera\/darbs-un-karjera\/pardosana\/"]}]},{"@type":"BreadcrumbList","@id":"https:\/\/www.vangraaf.com\/lv\/karjera\/darbs-un-karjera\/pardosana\/#breadcrumb","itemListElement":[{"@type":"ListItem","position":1,"name":"Home","item":"https:\/\/www.vangraaf.com\/lv\/"},{"@type":"ListItem","position":2,"name":"Karjera","item":"https:\/\/www.vangraaf.com\/lv\/karjera\/"},{"@type":"ListItem","position":3,"name":"Darbs un Karjera","item":"https:\/\/www.vangraaf.com\/lv\/karjera\/darbs-un-karjera\/"},{"@type":"ListItem","position":4,"name":"P\u0101rdo\u0161ana"}]},{"@type":"WebSite","@id":"https:\/\/www.vangraaf.com\/lv\/#website","url":"https:\/\/www.vangraaf.com\/lv\/","name":"VAN GRAAF","description":"VAN GRAAF","potentialAction":[{"@type":"SearchAction","target":{"@type":"EntryPoint","urlTemplate":"https:\/\/www.vangraaf.com\/lv\/?s={search_term_string}"},"query-input":{"@type":"PropertyValueSpecification","valueRequired":true,"valueName":"search_term_string"}}],"inLanguage":"lv-LV"}]}},"_links":{"self":[{"href":"https:\/\/www.vangraaf.com\/lv\/wp-json\/wp\/v2\/pages\/5791","targetHints":{"allow":["GET"]}}],"collection":[{"href":"https:\/\/www.vangraaf.com\/lv\/wp-json\/wp\/v2\/pages"}],"about":[{"href":"https:\/\/www.vangraaf.com\/lv\/wp-json\/wp\/v2\/types\/page"}],"author":[{"embeddable":true,"href":"https:\/\/www.vangraaf.com\/lv\/wp-json\/wp\/v2\/users\/6"}],"replies":[{"embeddable":true,"href":"https:\/\/www.vangraaf.com\/lv\/wp-json\/wp\/v2\/comments?post=5791"}],"version-history":[{"count":20,"href":"https:\/\/www.vangraaf.com\/lv\/wp-json\/wp\/v2\/pages\/5791\/revisions"}],"predecessor-version":[{"id":6307,"href":"https:\/\/www.vangraaf.com\/lv\/wp-json\/wp\/v2\/pages\/5791\/revisions\/6307"}],"up":[{"embeddable":true,"href":"https:\/\/www.vangraaf.com\/lv\/wp-json\/wp\/v2\/pages\/5781"}],"wp:attachment":[{"href":"https:\/\/www.vangraaf.com\/lv\/wp-json\/wp\/v2\/media?parent=5791"}],"curies":[{"name":"wp","href":"https:\/\/api.w.org\/{rel}","templated":true}]}}