{"id":5787,"date":"2022-04-26T09:29:19","date_gmt":"2022-04-26T07:29:19","guid":{"rendered":"https:\/\/www.vangraaf.com\/lv\/?page_id=5787"},"modified":"2022-07-13T08:36:51","modified_gmt":"2022-07-13T06:36:51","slug":"kontakti","status":"publish","type":"page","link":"https:\/\/www.vangraaf.com\/lv\/karjera\/kontakti\/","title":{"rendered":"Kontakti"},"content":{"rendered":"<div class=\"wpb-content-wrapper\">[vc_row bwd_tbc4vd_show_weekday=&#8221;&#8221; full_width=&#8221;stretch_row_content_no_spaces&#8221;][vc_column]<div class=\"keyvisual\" data-aos=\"fade-up\" ><img loading=\"lazy\" decoding=\"async\" width=\"1440\" height=\"480\" src=\"https:\/\/www.vangraaf.com\/lv\/wp-content\/uploads\/sites\/5\/2022\/05\/M10_M_Portraits_Buero_124.jpg\" class=\"vc_single_image-img keyvisual__image--big\" alt=\"Kontakti\" srcset=\"https:\/\/www.vangraaf.com\/lv\/wp-content\/uploads\/sites\/5\/2022\/05\/M10_M_Portraits_Buero_124.jpg 1440w, https:\/\/www.vangraaf.com\/lv\/wp-content\/uploads\/sites\/5\/2022\/05\/M10_M_Portraits_Buero_124-300x100.jpg 300w, https:\/\/www.vangraaf.com\/lv\/wp-content\/uploads\/sites\/5\/2022\/05\/M10_M_Portraits_Buero_124-1024x341.jpg 1024w, https:\/\/www.vangraaf.com\/lv\/wp-content\/uploads\/sites\/5\/2022\/05\/M10_M_Portraits_Buero_124-768x256.jpg 768w, https:\/\/www.vangraaf.com\/lv\/wp-content\/uploads\/sites\/5\/2022\/05\/M10_M_Portraits_Buero_124-1200x400.jpg 1200w, https:\/\/www.vangraaf.com\/lv\/wp-content\/uploads\/sites\/5\/2022\/05\/M10_M_Portraits_Buero_124-992x331.jpg 992w, https:\/\/www.vangraaf.com\/lv\/wp-content\/uploads\/sites\/5\/2022\/05\/M10_M_Portraits_Buero_124-480x160.jpg 480w, https:\/\/www.vangraaf.com\/lv\/wp-content\/uploads\/sites\/5\/2022\/05\/M10_M_Portraits_Buero_124-690x230.jpg 690w\" sizes=\"(max-width: 1440px) 100vw, 1440px\" \/><img loading=\"lazy\" decoding=\"async\" width=\"768\" height=\"250\" src=\"https:\/\/www.vangraaf.com\/lv\/wp-content\/uploads\/sites\/5\/2022\/05\/M10_M_Portraits_Buero_124_2.jpg\" class=\"vc_single_image-img keyvisual__image--small\" alt=\"Kontakti\" srcset=\"https:\/\/www.vangraaf.com\/lv\/wp-content\/uploads\/sites\/5\/2022\/05\/M10_M_Portraits_Buero_124_2.jpg 768w, https:\/\/www.vangraaf.com\/lv\/wp-content\/uploads\/sites\/5\/2022\/05\/M10_M_Portraits_Buero_124_2-300x98.jpg 300w, https:\/\/www.vangraaf.com\/lv\/wp-content\/uploads\/sites\/5\/2022\/05\/M10_M_Portraits_Buero_124_2-480x156.jpg 480w, https:\/\/www.vangraaf.com\/lv\/wp-content\/uploads\/sites\/5\/2022\/05\/M10_M_Portraits_Buero_124_2-690x225.jpg 690w\" sizes=\"(max-width: 768px) 100vw, 768px\" \/><\/div>\n        <div class=\"headlines headlines--center\" data-aos=\"fade-up\">\n            <div class=\"vc_row\">\n                <div class=\"vc_col-md-10 vc_col-md-offset-1 vc_col-lg-10 vc_col-lg-offset-1\"><span class=\"h6\">Tava tie\u0161\u0101 kontaktpersona VAN GRAAF<\/span><h1 class=\"h2\">Kontaktpersona<\/h1><\/div>\n            <\/div>\n        <\/div>[vc_column_text]\r\n<p style=\"text-align: center;\">Tev ir jaut\u0101jumi par karjeras uzs\u0101k\u0161anu VAN GRAAF? M\u0113s priec\u0101simies par Tavu zi\u0146u! Ats\u016bti mums savu jaut\u0101jumu, izmantojot kontaktveidlapu, vai person\u012bgi piezvani mums. Savam pieteikumam noteikti izmanto pieteikuma veidlapu pie m\u016bsu <a href=\"https:\/\/www.vangraaf.com\/lv\/karjera\/darbs-un-karjera\/vakances\/\" target=\"_blank\" rel=\"noopener\">Vakanc\u0113m<\/a>. Pieteikumus, kas ats\u016bt\u012bti kontaktveidlap\u0101, m\u0113s diem\u017e\u0113l nevaram \u0146emt v\u0113r\u0101.<\/p>\r\n[\/vc_column_text][\/vc_column][\/vc_row][vc_row][vc_column]\n<div class=\"wpcf7 no-js\" id=\"wpcf7-f5836-o1\" lang=\"lv\" dir=\"ltr\" data-wpcf7-id=\"5836\">\n<div class=\"screen-reader-response\"><p role=\"status\" aria-live=\"polite\" aria-atomic=\"true\"><\/p> <ul><\/ul><\/div>\n<form action=\"\/lv\/wp-json\/wp\/v2\/pages\/5787#wpcf7-f5836-o1\" method=\"post\" class=\"wpcf7-form init wpcf7-acceptance-as-validation\" aria-label=\"Contact form\" novalidate=\"novalidate\" data-status=\"init\">\n<fieldset class=\"hidden-fields-container\"><input type=\"hidden\" name=\"_wpcf7\" value=\"5836\" \/><input type=\"hidden\" name=\"_wpcf7_version\" value=\"6.1.5\" \/><input type=\"hidden\" name=\"_wpcf7_locale\" value=\"lv\" \/><input type=\"hidden\" name=\"_wpcf7_unit_tag\" value=\"wpcf7-f5836-o1\" \/><input type=\"hidden\" name=\"_wpcf7_container_post\" value=\"0\" \/><input type=\"hidden\" name=\"_wpcf7_posted_data_hash\" value=\"\" \/><input type=\"hidden\" name=\"_cf7a__timestamp\" value=\"zuTPGzXDuPRmoT3+kcDqeA==\" \/><input type=\"hidden\" name=\"_cf7a_version\" value=\"1.0\" \/><input type=\"hidden\" name=\"_cf7a_address\" value=\"\" \/><input type=\"hidden\" name=\"_cf7a_referer\" value=\"\" \/><input type=\"hidden\" name=\"_cf7a_protocol\" value=\"\" \/><input type=\"hidden\" name=\"_cf7a_bot_fingerprint\" value=\"zuTPGzXDuPRmoT3+kcDqeA==\" \/><input type=\"hidden\" name=\"_cf7a_bot_fingerprint_extras\" \/><input type=\"hidden\" name=\"_cf7a_append_on_submit\" \/>\n<\/fieldset>\n<div class=\"vc_row\">\n<div class=\"vc_col-sm-6\">\n<div class=\"form-element form-element--select\">\n<span class=\"wpcf7-form-control-wrap recipient\" data-name=\"recipient\"><select class=\"wpcf7-form-control wpcf7-contact_person_select wpcf7-validates-as-required\" required=\"true\" aria-required=\"true\" aria-invalid=\"false\" name=\"recipient\"><option value=\"\">L\u016bdzu, izv\u0113lieties kontaktpersonu*<\/option><optgroup label=\"Person\u0101la vad\u012bt\u0101ja\"><option value=\"6053\">Baiba Andersone<\/option><\/optgroup><\/select><\/span>\n<\/div>\n<\/div>\n<\/div>\n\n<div class=\"vc_row\">\n<div class=\"vc_col-sm-6\">\n<div class=\"form-element form-element--input\">\n<span class=\"wpcf7-form-control-wrap\" data-name=\"firstname\"><input size=\"40\" maxlength=\"400\" class=\"wpcf7-form-control wpcf7-text wpcf7-validates-as-required\" id=\"firstname\" aria-required=\"true\" aria-invalid=\"false\" value=\"\" type=\"text\" name=\"firstname\" \/><\/span> <label for=\"firstname\">V\u0101rds*<\/label>\n<\/div>\n<\/div>\n<div class=\"vc_col-sm-6\">\n<div class=\"form-element form-element--input\">\n<span class=\"wpcf7-form-control-wrap\" data-name=\"lastname\"><input size=\"40\" maxlength=\"400\" class=\"wpcf7-form-control wpcf7-text wpcf7-validates-as-required\" id=\"lastname\" aria-required=\"true\" aria-invalid=\"false\" value=\"\" type=\"text\" name=\"lastname\" \/><\/span> <label for=\"lastname\">Uzv\u0101rds*<\/label>\n<\/div>\n<\/div>\n<\/div>\n\n<div class=\"vc_row\">\n<div class=\"vc_col-sm-6\">\n<div class=\"form-element form-element--input\">\n<span class=\"wpcf7-form-control-wrap\" data-name=\"email\"><input size=\"40\" maxlength=\"400\" class=\"wpcf7-form-control wpcf7-email wpcf7-validates-as-required wpcf7-text wpcf7-validates-as-email\" id=\"email\" aria-required=\"true\" aria-invalid=\"false\" value=\"\" type=\"email\" name=\"email\" \/><\/span> <label for=\"email\">E-pasta adrese*<\/label>\n<\/div>\n<\/div>\n<\/div>\n\n<div class=\"vc_row\">\n<div class=\"vc_col-sm-12\">\n<div class=\"form-element form-element--textarea\">\n<span class=\"wpcf7-form-control-wrap\" data-name=\"message\"><textarea cols=\"40\" rows=\"10\" maxlength=\"2000\" class=\"wpcf7-form-control wpcf7-textarea wpcf7-validates-as-required\" id=\"message\" aria-required=\"true\" aria-invalid=\"false\" name=\"message\"><\/textarea><\/span> <label for=\"message\">J\u016bsu zi\u0146ojums*<\/label>\n<\/div>\n<\/div>\n<\/div>\n\n<div class=\"vc_row\">\n<div class=\"vc_col-sm-12\">\n<div class=\"form-element form-element--checkbox\">\n<span class=\"wpcf7-form-control-wrap\" data-name=\"privacy\"><span class=\"wpcf7-form-control wpcf7-acceptance\"><span class=\"wpcf7-list-item\"><input type=\"checkbox\" name=\"privacy\" value=\"1\" id=\"privacy\" aria-invalid=\"false\" \/><\/span><\/span><\/span> <label for=\"privacy\">Piekr\u012btu, ka manus iepriek\u0161 ievad\u012btos datus VAN&nbsp;GRAAF apstr\u0101d\u0101, lai atbild\u0113tu uz manu piepras\u012bjumu pa e-pastu, t\u0101lruni un\/vai pa pastu. <a href=\"\/lv\/datu-aizsardziba\/\" target=\"_blank\">Datu aizsardz\u012bbas noteikumi<\/a> esmu izlas\u012bjis un piekr\u012btu tiem.*<\/label>\n<\/div>\n<\/div>\n<\/div>\n\n<div class=\"vc_row\">\n<div class=\"vc_col-sm-12\">\n<small>L\u016bdzu, aizpildiet visus ar * atz\u012bm\u0113tos laukus.<\/small>\n<\/div>\n<\/div>\n\n<div class=\"wpcf7-response-output\" aria-hidden=\"true\"><\/div>\n\n<div class=\"vc_row\">\n<div class=\"vc_col-sm-12 form__buttons\">\n<button id=\"submit\" type=\"submit\" class=\"wpcf7-form-control wpcf7-submit button\">Nos\u016bt\u012bt<\/button>\n<\/div>\n<\/div>\n\n<input class=\"wpcf7-form-control wpcf7-hidden\" value=\"Career Contact Form\" type=\"hidden\" name=\"career\" \/>\n<span id=\"wpcf7-69fc9c799816b-wrapper\" class=\"wpcf7-form-control-wrap credit-card-wrap\" ><input type=\"hidden\" name=\"credit-card-time-start\" value=\"1778162809\"><input type=\"hidden\" name=\"credit-card-time-check\" value=\"4\"><input id=\"wpcf7-69fc9c799816b-field\"  class=\"wpcf7-form-control wpcf7-text\" type=\"text\" name=\"credit-card\" value=\"\" size=\"40\" tabindex=\"-1\" autocomplete=\"new-password\" \/><\/span>\n<\/form>\n<\/div>\n[\/vc_column][\/vc_row][vc_row][vc_column]<div class=\"vg-element contact-persons-teaser\" data-aos=\"fade-up\"><div class=\"vc_row\"><div class=\"vc_col-md-10 vc_col-md-offset-1\"><div class=\"contact-persons-teaser__items vc_row\"><div class=\"contact-persons-teaser__item vc_col-sm-6\"><div class=\"vc_row vc_row-flex\"><div class=\"vc_col-xs-4 contact-persons-teaser__item__image\"><img loading=\"lazy\" decoding=\"async\" width=\"280\" height=\"280\" src=\"https:\/\/www.vangraaf.com\/lv\/wp-content\/uploads\/sites\/5\/2022\/05\/Andersone-280x280.jpg\" class=\"attachment-van-graaf-small-square-teaser size-van-graaf-small-square-teaser\" alt=\"\" srcset=\"https:\/\/www.vangraaf.com\/lv\/wp-content\/uploads\/sites\/5\/2022\/05\/Andersone-280x280.jpg 280w, https:\/\/www.vangraaf.com\/lv\/wp-content\/uploads\/sites\/5\/2022\/05\/Andersone-300x300.jpg 300w, https:\/\/www.vangraaf.com\/lv\/wp-content\/uploads\/sites\/5\/2022\/05\/Andersone-150x150.jpg 150w, https:\/\/www.vangraaf.com\/lv\/wp-content\/uploads\/sites\/5\/2022\/05\/Andersone.jpg 399w\" sizes=\"(max-width: 280px) 100vw, 280px\" \/><\/div><div class=\"vc_col-xs-8 contact-persons-teaser__item__text\"><div class=\"contact-persons-teaser__item__text__inner\"><span class=\"h4\">Person\u0101la vad\u012bt\u0101ja<\/span><p><span class=\"contact-persons-teaser__item__name\">Baiba Andersone<\/span><br\/><a class=\"contact-persons-teaser__item__phone\" href=\"tel:+37129463626\">+371 29463626<\/a><br\/><a class=\"contact-persons-teaser__item__email\" href=\"mailto:Baiba.Andersone@vangraaf.lv\">S\u016bt\u012bt e-pastu<\/a><\/p><\/div><\/div><\/div><\/div><\/div><\/div><\/div><\/div>[\/vc_column][\/vc_row]<\/div>","protected":false},"excerpt":{"rendered":"[vc_row bwd_tbc4vd_show_weekday=&#8221;&#8221; full_width=&#8221;stretch_row_content_no_spaces&#8221;][vc_column][vc_column_text] Tev ir jaut\u0101jumi par karjeras uzs\u0101k\u0161anu VAN GRAAF? M\u0113s priec\u0101simies par Tavu zi\u0146u! Ats\u016bti mums savu jaut\u0101jumu, izmantojot kontaktveidlapu, vai person\u012bgi piezvani mums. Savam pieteikumam noteikti izmanto pieteikuma veidlapu pie m\u016bsu Vakanc\u0113m. Pieteikumus, kas ats\u016bt\u012bti kontaktveidlap\u0101, m\u0113s diem\u017e\u0113l nevaram \u0146emt v\u0113r\u0101. [\/vc_column_text][\/vc_column][\/vc_row][vc_row][vc_column][\/vc_column][\/vc_row][vc_row][vc_column][\/vc_column][\/vc_row]","protected":false},"author":6,"featured_media":0,"parent":5778,"menu_order":0,"comment_status":"closed","ping_status":"closed","template":"","meta":{"_acf_changed":false,"inline_featured_image":false,"footnotes":""},"class_list":["post-5787","page","type-page","status-publish","hentry"],"acf":[],"yoast_head":"<!-- This site is optimized with the Yoast SEO plugin v27.2 - https:\/\/yoast.com\/product\/yoast-seo-wordpress\/ -->\n<title>Kontakti I VAN GRAAF<\/title>\n<meta name=\"description\" content=\"V\u0113lies sa\u0146emt inform\u0101ciju par karjeras iesp\u0113j\u0101m VAN GRAAF? \u0160eit atrad\u012bsi m\u016bsu kontaktinform\u0101ciju.\" \/>\n<meta name=\"robots\" content=\"index, follow, max-snippet:-1, max-image-preview:large, max-video-preview:-1\" \/>\n<link rel=\"canonical\" href=\"https:\/\/www.vangraaf.com\/lv\/karjera\/kontakti\/\" \/>\n<meta property=\"og:locale\" content=\"lv_LV\" \/>\n<meta property=\"og:type\" content=\"article\" \/>\n<meta property=\"og:title\" content=\"Kontakti I VAN GRAAF\" \/>\n<meta property=\"og:description\" content=\"V\u0113lies sa\u0146emt inform\u0101ciju par karjeras iesp\u0113j\u0101m VAN GRAAF? \u0160eit atrad\u012bsi m\u016bsu kontaktinform\u0101ciju.\" \/>\n<meta property=\"og:url\" content=\"https:\/\/www.vangraaf.com\/lv\/karjera\/kontakti\/\" \/>\n<meta property=\"og:site_name\" content=\"VAN GRAAF Latvija\" \/>\n<meta property=\"article:modified_time\" content=\"2022-07-13T06:36:51+00:00\" \/>\n<meta name=\"twitter:card\" content=\"summary_large_image\" \/>\n<meta name=\"twitter:label1\" content=\"Est. reading time\" \/>\n\t<meta name=\"twitter:data1\" content=\"1 min\u016bte\" \/>\n<script type=\"application\/ld+json\" class=\"yoast-schema-graph\">{\"@context\":\"https:\/\/schema.org\",\"@graph\":[{\"@type\":\"WebPage\",\"@id\":\"https:\/\/www.vangraaf.com\/lv\/karjera\/kontakti\/\",\"url\":\"https:\/\/www.vangraaf.com\/lv\/karjera\/kontakti\/\",\"name\":\"Kontakti I VAN GRAAF\",\"isPartOf\":{\"@id\":\"https:\/\/www.vangraaf.com\/lv\/#website\"},\"datePublished\":\"2022-04-26T07:29:19+00:00\",\"dateModified\":\"2022-07-13T06:36:51+00:00\",\"description\":\"V\u0113lies sa\u0146emt inform\u0101ciju par karjeras iesp\u0113j\u0101m VAN GRAAF? \u0160eit atrad\u012bsi m\u016bsu kontaktinform\u0101ciju.\",\"breadcrumb\":{\"@id\":\"https:\/\/www.vangraaf.com\/lv\/karjera\/kontakti\/#breadcrumb\"},\"inLanguage\":\"lv-LV\",\"potentialAction\":[{\"@type\":\"ReadAction\",\"target\":[\"https:\/\/www.vangraaf.com\/lv\/karjera\/kontakti\/\"]}]},{\"@type\":\"BreadcrumbList\",\"@id\":\"https:\/\/www.vangraaf.com\/lv\/karjera\/kontakti\/#breadcrumb\",\"itemListElement\":[{\"@type\":\"ListItem\",\"position\":1,\"name\":\"Home\",\"item\":\"https:\/\/www.vangraaf.com\/lv\/\"},{\"@type\":\"ListItem\",\"position\":2,\"name\":\"Karjera\",\"item\":\"https:\/\/www.vangraaf.com\/lv\/karjera\/\"},{\"@type\":\"ListItem\",\"position\":3,\"name\":\"Kontakti\"}]},{\"@type\":\"WebSite\",\"@id\":\"https:\/\/www.vangraaf.com\/lv\/#website\",\"url\":\"https:\/\/www.vangraaf.com\/lv\/\",\"name\":\"VAN GRAAF\",\"description\":\"VAN GRAAF\",\"potentialAction\":[{\"@type\":\"SearchAction\",\"target\":{\"@type\":\"EntryPoint\",\"urlTemplate\":\"https:\/\/www.vangraaf.com\/lv\/?s={search_term_string}\"},\"query-input\":{\"@type\":\"PropertyValueSpecification\",\"valueRequired\":true,\"valueName\":\"search_term_string\"}}],\"inLanguage\":\"lv-LV\"}]}<\/script>\n<!-- \/ Yoast SEO plugin. -->","yoast_head_json":{"title":"Kontakti I VAN GRAAF","description":"V\u0113lies sa\u0146emt inform\u0101ciju par karjeras iesp\u0113j\u0101m VAN GRAAF? \u0160eit atrad\u012bsi m\u016bsu kontaktinform\u0101ciju.","robots":{"index":"index","follow":"follow","max-snippet":"max-snippet:-1","max-image-preview":"max-image-preview:large","max-video-preview":"max-video-preview:-1"},"canonical":"https:\/\/www.vangraaf.com\/lv\/karjera\/kontakti\/","og_locale":"lv_LV","og_type":"article","og_title":"Kontakti I VAN GRAAF","og_description":"V\u0113lies sa\u0146emt inform\u0101ciju par karjeras iesp\u0113j\u0101m VAN GRAAF? \u0160eit atrad\u012bsi m\u016bsu kontaktinform\u0101ciju.","og_url":"https:\/\/www.vangraaf.com\/lv\/karjera\/kontakti\/","og_site_name":"VAN GRAAF Latvija","article_modified_time":"2022-07-13T06:36:51+00:00","twitter_card":"summary_large_image","twitter_misc":{"Est. reading time":"1 min\u016bte"},"schema":{"@context":"https:\/\/schema.org","@graph":[{"@type":"WebPage","@id":"https:\/\/www.vangraaf.com\/lv\/karjera\/kontakti\/","url":"https:\/\/www.vangraaf.com\/lv\/karjera\/kontakti\/","name":"Kontakti I VAN GRAAF","isPartOf":{"@id":"https:\/\/www.vangraaf.com\/lv\/#website"},"datePublished":"2022-04-26T07:29:19+00:00","dateModified":"2022-07-13T06:36:51+00:00","description":"V\u0113lies sa\u0146emt inform\u0101ciju par karjeras iesp\u0113j\u0101m VAN GRAAF? \u0160eit atrad\u012bsi m\u016bsu kontaktinform\u0101ciju.","breadcrumb":{"@id":"https:\/\/www.vangraaf.com\/lv\/karjera\/kontakti\/#breadcrumb"},"inLanguage":"lv-LV","potentialAction":[{"@type":"ReadAction","target":["https:\/\/www.vangraaf.com\/lv\/karjera\/kontakti\/"]}]},{"@type":"BreadcrumbList","@id":"https:\/\/www.vangraaf.com\/lv\/karjera\/kontakti\/#breadcrumb","itemListElement":[{"@type":"ListItem","position":1,"name":"Home","item":"https:\/\/www.vangraaf.com\/lv\/"},{"@type":"ListItem","position":2,"name":"Karjera","item":"https:\/\/www.vangraaf.com\/lv\/karjera\/"},{"@type":"ListItem","position":3,"name":"Kontakti"}]},{"@type":"WebSite","@id":"https:\/\/www.vangraaf.com\/lv\/#website","url":"https:\/\/www.vangraaf.com\/lv\/","name":"VAN GRAAF","description":"VAN GRAAF","potentialAction":[{"@type":"SearchAction","target":{"@type":"EntryPoint","urlTemplate":"https:\/\/www.vangraaf.com\/lv\/?s={search_term_string}"},"query-input":{"@type":"PropertyValueSpecification","valueRequired":true,"valueName":"search_term_string"}}],"inLanguage":"lv-LV"}]}},"_links":{"self":[{"href":"https:\/\/www.vangraaf.com\/lv\/wp-json\/wp\/v2\/pages\/5787","targetHints":{"allow":["GET"]}}],"collection":[{"href":"https:\/\/www.vangraaf.com\/lv\/wp-json\/wp\/v2\/pages"}],"about":[{"href":"https:\/\/www.vangraaf.com\/lv\/wp-json\/wp\/v2\/types\/page"}],"author":[{"embeddable":true,"href":"https:\/\/www.vangraaf.com\/lv\/wp-json\/wp\/v2\/users\/6"}],"replies":[{"embeddable":true,"href":"https:\/\/www.vangraaf.com\/lv\/wp-json\/wp\/v2\/comments?post=5787"}],"version-history":[{"count":8,"href":"https:\/\/www.vangraaf.com\/lv\/wp-json\/wp\/v2\/pages\/5787\/revisions"}],"predecessor-version":[{"id":6222,"href":"https:\/\/www.vangraaf.com\/lv\/wp-json\/wp\/v2\/pages\/5787\/revisions\/6222"}],"up":[{"embeddable":true,"href":"https:\/\/www.vangraaf.com\/lv\/wp-json\/wp\/v2\/pages\/5778"}],"wp:attachment":[{"href":"https:\/\/www.vangraaf.com\/lv\/wp-json\/wp\/v2\/media?parent=5787"}],"curies":[{"name":"wp","href":"https:\/\/api.w.org\/{rel}","templated":true}]}}