{"id":5785,"date":"2022-04-26T09:28:50","date_gmt":"2022-04-26T07:28:50","guid":{"rendered":"https:\/\/www.vangraaf.com\/lv\/?page_id=5785"},"modified":"2022-07-13T13:54:01","modified_gmt":"2022-07-13T11:54:01","slug":"mes","status":"publish","type":"page","link":"https:\/\/www.vangraaf.com\/lv\/karjera\/mes\/","title":{"rendered":"M\u0113s"},"content":{"rendered":"<div class=\"wpb-content-wrapper\">[vc_row bwd_tbc4vd_show_weekday=&#8221;&#8221; full_width=&#8221;stretch_row_content_no_spaces&#8221;][vc_column]<div class=\"keyvisual\" data-aos=\"fade-up\" ><img loading=\"lazy\" decoding=\"async\" width=\"1440\" height=\"480\" src=\"https:\/\/www.vangraaf.com\/lv\/wp-content\/uploads\/sites\/5\/2022\/05\/M7_D_Wir_Headerbild_Gruppe_030-4.jpg\" class=\"vc_single_image-img keyvisual__image--big\" alt=\"M\u016bsu kop\u0113jais darbs\" srcset=\"https:\/\/www.vangraaf.com\/lv\/wp-content\/uploads\/sites\/5\/2022\/05\/M7_D_Wir_Headerbild_Gruppe_030-4.jpg 1440w, https:\/\/www.vangraaf.com\/lv\/wp-content\/uploads\/sites\/5\/2022\/05\/M7_D_Wir_Headerbild_Gruppe_030-4-300x100.jpg 300w, https:\/\/www.vangraaf.com\/lv\/wp-content\/uploads\/sites\/5\/2022\/05\/M7_D_Wir_Headerbild_Gruppe_030-4-1024x341.jpg 1024w, https:\/\/www.vangraaf.com\/lv\/wp-content\/uploads\/sites\/5\/2022\/05\/M7_D_Wir_Headerbild_Gruppe_030-4-768x256.jpg 768w, https:\/\/www.vangraaf.com\/lv\/wp-content\/uploads\/sites\/5\/2022\/05\/M7_D_Wir_Headerbild_Gruppe_030-4-1200x400.jpg 1200w, https:\/\/www.vangraaf.com\/lv\/wp-content\/uploads\/sites\/5\/2022\/05\/M7_D_Wir_Headerbild_Gruppe_030-4-992x331.jpg 992w, https:\/\/www.vangraaf.com\/lv\/wp-content\/uploads\/sites\/5\/2022\/05\/M7_D_Wir_Headerbild_Gruppe_030-4-480x160.jpg 480w, https:\/\/www.vangraaf.com\/lv\/wp-content\/uploads\/sites\/5\/2022\/05\/M7_D_Wir_Headerbild_Gruppe_030-4-690x230.jpg 690w\" sizes=\"(max-width: 1440px) 100vw, 1440px\" \/><img loading=\"lazy\" decoding=\"async\" width=\"768\" height=\"250\" src=\"https:\/\/www.vangraaf.com\/lv\/wp-content\/uploads\/sites\/5\/2022\/05\/M7_D_Wir_Headerbild_Gruppe_030-3.jpg\" class=\"vc_single_image-img keyvisual__image--small\" alt=\"M\u016bsu kop\u0113jais darbs\" srcset=\"https:\/\/www.vangraaf.com\/lv\/wp-content\/uploads\/sites\/5\/2022\/05\/M7_D_Wir_Headerbild_Gruppe_030-3.jpg 768w, https:\/\/www.vangraaf.com\/lv\/wp-content\/uploads\/sites\/5\/2022\/05\/M7_D_Wir_Headerbild_Gruppe_030-3-300x98.jpg 300w, https:\/\/www.vangraaf.com\/lv\/wp-content\/uploads\/sites\/5\/2022\/05\/M7_D_Wir_Headerbild_Gruppe_030-3-480x156.jpg 480w, https:\/\/www.vangraaf.com\/lv\/wp-content\/uploads\/sites\/5\/2022\/05\/M7_D_Wir_Headerbild_Gruppe_030-3-690x225.jpg 690w\" sizes=\"(max-width: 768px) 100vw, 768px\" \/><\/div>\n        <div class=\"headlines headlines--center\" data-aos=\"fade-up\">\n            <div class=\"vc_row\">\n                <div class=\"vc_col-md-10 vc_col-md-offset-1 vc_col-lg-10 vc_col-lg-offset-1\"><span class=\"h6\">VAN GRAAF k\u0101 darba dev\u0113js<\/span><h1 class=\"h2\">M\u016bsu kop\u0113jais darbs<\/h1><\/div>\n            <\/div>\n        <\/div>[vc_column_text]\r\n<p style=\"text-align: center\">Str\u0101d\u0101jot VAN GRAAF Tu vari ieg\u016bt \u013coti daudz. Struktur\u0113t\u0101 hierarhija un m\u016bsu atv\u0113rt\u0101 atgriezenisk\u0101s saites kult\u016bra \u013cauj Tev kop\u0101 ar mums drosm\u012bgi spert jaunus so\u013cus un uz\u0146emties liel\u0101ku atbild\u012bbu. Mums ir \u012bpa\u0161i svar\u012bgas t\u0101das kop\u012bgas v\u0113rt\u012bbas k\u0101 uztic\u0113\u0161an\u0101s, atzin\u012bba un god\u012bgums. Tas ir veiksm\u012bga m\u016bsu kop\u0113j\u0101 darba pamats.<\/p>\r\n[\/vc_column_text][\/vc_column][\/vc_row][vc_row][vc_column]\n        <div class=\"vg-element promo-teaser promo-teaser--  promo-teaser--\" style=\"--season-color: #ffffff;\" data-aos=\"fade-up\">\n            <div class=\"vc_row vc_row-flex\">\n                <div class=\"vc_col-sm-6 promo-teaser__image\">\n                    <a class=\"\" href=\"https:\/\/www.vangraaf.com\/lv\/karjera\/mes\/musu-kopejais-darbs\/\" target=\"_self\" rel=\"\" style=\"\"><img loading=\"lazy\" decoding=\"async\" width=\"599\" height=\"549\" src=\"https:\/\/www.vangraaf.com\/lv\/wp-content\/uploads\/sites\/5\/2022\/05\/M7_E_Wir_Headerbild_Gruppe_021.jpg\" class=\"vc_single_image-img\" alt=\"Kop\u0101\" srcset=\"https:\/\/www.vangraaf.com\/lv\/wp-content\/uploads\/sites\/5\/2022\/05\/M7_E_Wir_Headerbild_Gruppe_021.jpg 599w, https:\/\/www.vangraaf.com\/lv\/wp-content\/uploads\/sites\/5\/2022\/05\/M7_E_Wir_Headerbild_Gruppe_021-300x275.jpg 300w, https:\/\/www.vangraaf.com\/lv\/wp-content\/uploads\/sites\/5\/2022\/05\/M7_E_Wir_Headerbild_Gruppe_021-480x440.jpg 480w\" sizes=\"(max-width: 599px) 100vw, 599px\" \/><\/a>\n                <\/div>\n                <div class=\"vc_col-sm-6\">\n                    <div class=\"promo-teaser__content-wrapper\">\n                        <div class=\"promo-teaser__content promo-teaser__content--center\"><h3>Kop\u0101<\/h3><p>M\u016bs vieno kop\u012bga aizraut\u012bba ar modi un cilv\u0113kiem. M\u0113s izdz\u012bvojam un akt\u012bvi veicin\u0101m savu salied\u0113t\u012bbu, lai iedvesmotu sevi un citus. Pateicoties uz n\u0101kotni v\u0113rstai vad\u012bbai, m\u0113s rad\u0101m kop\u012bbu, kur\u0101 ikviens var pilnv\u0113rt\u012bgi att\u012bst\u012bt savu potenci\u0101lu.<\/p>\n<a class=\"button button--\" href=\"https:\/\/www.vangraaf.com\/lv\/karjera\/mes\/musu-kopejais-darbs\/\" target=\"_self\" rel=\"\" style=\"\">Uzzin\u0101t vair\u0101k<\/a><\/div>\n                    <\/div>\n                <\/div>\n            <\/div>\n        <\/div>[\/vc_column][\/vc_row][vc_row][vc_column width=&#8221;1\/3&#8243;]<div class=\"vg-element cta-teaser cta-teaser--center\" data-aos=\"fade-up\"><div class=\"cta-teaser__text\"><h3>Att\u012bst\u012bba<\/h3><p>Tava att\u012bst\u012bba ir m\u016bsu uzman\u012bbas centr\u0101. VAN GRAAF pied\u0101v\u0101 pla\u0161u apm\u0101c\u012bbu un pilnveides programmu kl\u0101stu, lai Tu b\u016btu labi sagatavots savai n\u0101kotnei VAN GRAAF.<\/p><a class=\"button\" href=\"https:\/\/www.vangraaf.com\/lv\/karjera\/mes\/attistiba\/\" target=\"_self\" rel=\"\" style=\"\">Uzzin\u0101t vair\u0101k<\/a><\/div><\/div>[\/vc_column][vc_column width=&#8221;1\/3&#8243;]<div class=\"vg-element cta-teaser cta-teaser--center\" data-aos=\"fade-up\"><div class=\"cta-teaser__text\"><h3>Atbild\u012bba<\/h3><p>M\u0113s v\u0113lamies veidot ilgtsp\u0113j\u012bgu VAN GRAAF n\u0101kotni. K\u0101 \u0123imenes uz\u0146\u0113mumam, korporat\u012bv\u0101 atbild\u012bba ir neat\u0146emama m\u016bsu kult\u016bras sast\u0101vda\u013ca.<\/p><a class=\"button\" href=\"https:\/\/www.vangraaf.com\/lv\/karjera\/mes\/atbildiba\/\" target=\"_self\" rel=\"\" style=\"\">Uzzin\u0101t vair\u0101k<\/a><\/div><\/div>[\/vc_column][vc_column width=&#8221;1\/3&#8243;]<div class=\"vg-element cta-teaser cta-teaser--center\" data-aos=\"fade-up\"><div class=\"cta-teaser__text\"><h3>Ieguvumi<\/h3><p>Pie mums Tev b\u016bs iesp\u0113ja izbaud\u012bt vair\u0101kas priek\u0161roc\u012bbas. Ar pla\u0161u papildus ieguvumu pied\u0101v\u0101jumu m\u0113s v\u0113lamies, lai str\u0101d\u0101t VAN GRAAF b\u016btu v\u0113l pat\u012bkam\u0101k.<\/p><a class=\"button\" href=\"https:\/\/www.vangraaf.com\/lv\/karjera\/mes\/ieguvumi\/\" target=\"_self\" rel=\"\" style=\"\">Uzzin\u0101t vair\u0101k<\/a><\/div><\/div>[\/vc_column][\/vc_row][vc_row][vc_column]\n        <div class=\"headlines headlines--center\" data-aos=\"fade-up\">\n            <div class=\"vc_row\">\n                <div class=\"vc_col-md-10 vc_col-md-offset-1 vc_col-lg-10 vc_col-lg-offset-1\"><h2 class=\"h2\">Uz\u0146\u0113mums<\/h2><\/div>\n            <\/div>\n        <\/div>[vc_column_text]VAN GRAAF ir viens no vado\u0161ajiem modes pre\u010du uz\u0146\u0113mumiem Eirop\u0101. Kop\u0161 dibin\u0101\u0161anas Peek&amp;Cloppenburg KG Hamburg pasp\u0101rn\u0113 pa\u0161laik mums ir vair\u0101k nek\u0101 16\u00a0veikali t\u0101d\u0101s valst\u012bs k\u0101 Polija, \u010cehija, Ung\u0101rija, Latvija un \u0160veice, kuri veiksm\u012bgi \u012bsteno m\u016bsu mazumtirdzniec\u012bbas koncepciju. <u><\/u>Uzzini vair\u0101k par m\u016bsu <a href=\"https:\/\/www.vangraaf.com\/lv\/karjera\/mes\/uznemums\/\">uz\u0146\u0113mumu grupu<\/a>.[\/vc_column_text][\/vc_column][\/vc_row][vc_row][vc_column]<div class=\"quote-teaser quote-teaser--light\" style=\"--bg-image: url(https:\/\/www.vangraaf.com\/lv\/wp-content\/uploads\/sites\/5\/2022\/05\/M7_F_Wir_Headerbild_Gruppe_023-1200x542.jpg); --season-color: #002045\" data-aos=\"fade-up\"><div class=\"vc_row vc_row-flex\"><div class=\"vc_col-sm-6 vc_col-sm-offset-6\"><div class=\"quote-teaser__content\"><img loading=\"lazy\" decoding=\"async\" width=\"768\" height=\"650\" src=\"https:\/\/www.vangraaf.com\/lv\/wp-content\/uploads\/sites\/5\/2022\/05\/M7_F_Wir_Headerbild_Gruppe_023-1.jpg\" class=\"quote-teaser__content__image\" alt=\"P\u0101rdo\u0161anas komandas vad\u012bt\u0101js\" srcset=\"https:\/\/www.vangraaf.com\/lv\/wp-content\/uploads\/sites\/5\/2022\/05\/M7_F_Wir_Headerbild_Gruppe_023-1.jpg 768w, https:\/\/www.vangraaf.com\/lv\/wp-content\/uploads\/sites\/5\/2022\/05\/M7_F_Wir_Headerbild_Gruppe_023-1-300x254.jpg 300w, https:\/\/www.vangraaf.com\/lv\/wp-content\/uploads\/sites\/5\/2022\/05\/M7_F_Wir_Headerbild_Gruppe_023-1-480x406.jpg 480w, https:\/\/www.vangraaf.com\/lv\/wp-content\/uploads\/sites\/5\/2022\/05\/M7_F_Wir_Headerbild_Gruppe_023-1-690x584.jpg 690w\" sizes=\"(max-width: 768px) 100vw, 768px\" \/><div class=\"quote-teaser__content__quote\">\u0122imeniska, cie\u0146pilna un patiesa saska\u0146a.<\/div><div class=\"quote-teaser__content__author\"><p>Andris, P\u0101rdo\u0161anas komandas vad\u012bt\u0101js<\/p>\n<\/div><a class=\"button button--light\" href=\"https:\/\/www.vangraaf.com\/lv\/karjera\/darbs-un-karjera\/vakances\/\" target=\"_self\" rel=\"\" style=\"\">Pievienojies m\u016bsu komandai!<\/a><\/div><\/div><\/div><\/div>[\/vc_column][\/vc_row]<\/div>","protected":false},"excerpt":{"rendered":"[vc_row bwd_tbc4vd_show_weekday=&#8221;&#8221; full_width=&#8221;stretch_row_content_no_spaces&#8221;][vc_column][vc_column_text] Str\u0101d\u0101jot VAN GRAAF Tu vari ieg\u016bt \u013coti daudz. Struktur\u0113t\u0101 hierarhija un m\u016bsu atv\u0113rt\u0101 atgriezenisk\u0101s saites kult\u016bra \u013cauj Tev kop\u0101 ar mums drosm\u012bgi spert jaunus so\u013cus un uz\u0146emties liel\u0101ku atbild\u012bbu. Mums ir \u012bpa\u0161i svar\u012bgas t\u0101das kop\u012bgas v\u0113rt\u012bbas k\u0101 uztic\u0113\u0161an\u0101s, atzin\u012bba un god\u012bgums. Tas ir veiksm\u012bga m\u016bsu kop\u0113j\u0101 darba pamats. [\/vc_column_text][\/vc_column][\/vc_row][vc_row][vc_column][\/vc_column][\/vc_row][vc_row][vc_column width=&#8221;1\/3&#8243;][\/vc_column][vc_column width=&#8221;1\/3&#8243;][\/vc_column][vc_column width=&#8221;1\/3&#8243;][\/vc_column][\/vc_row][vc_row][vc_column][vc_column_text]VAN [&hellip;]","protected":false},"author":6,"featured_media":0,"parent":5778,"menu_order":0,"comment_status":"closed","ping_status":"closed","template":"","meta":{"_acf_changed":false,"inline_featured_image":false,"footnotes":""},"class_list":["post-5785","page","type-page","status-publish","hentry"],"acf":[],"yoast_head":"<!-- This site is optimized with the Yoast SEO plugin v27.2 - https:\/\/yoast.com\/product\/yoast-seo-wordpress\/ -->\n<title>M\u016bsu kop\u0113jais darbs I VAN GRAAF<\/title>\n<meta name=\"description\" content=\"Kas Tevi sagaida str\u0101d\u0101jot VAN GRAAF? \u013boti daudz! Piesakies darb\u0101 pie mums un iepaz\u012bsties ar m\u016bsu uz\u0146\u0113muma kult\u016bru!\" \/>\n<meta name=\"robots\" content=\"index, follow, max-snippet:-1, max-image-preview:large, max-video-preview:-1\" \/>\n<link rel=\"canonical\" href=\"https:\/\/www.vangraaf.com\/lv\/karjera\/mes\/\" \/>\n<meta property=\"og:locale\" content=\"lv_LV\" \/>\n<meta property=\"og:type\" content=\"article\" \/>\n<meta property=\"og:title\" content=\"M\u016bsu kop\u0113jais darbs I VAN GRAAF\" \/>\n<meta property=\"og:description\" content=\"Kas Tevi sagaida str\u0101d\u0101jot VAN GRAAF? \u013boti daudz! Piesakies darb\u0101 pie mums un iepaz\u012bsties ar m\u016bsu uz\u0146\u0113muma kult\u016bru!\" \/>\n<meta property=\"og:url\" content=\"https:\/\/www.vangraaf.com\/lv\/karjera\/mes\/\" \/>\n<meta property=\"og:site_name\" content=\"VAN GRAAF Latvija\" \/>\n<meta property=\"article:modified_time\" content=\"2022-07-13T11:54:01+00:00\" \/>\n<meta name=\"twitter:card\" content=\"summary_large_image\" \/>\n<meta name=\"twitter:label1\" content=\"Est. reading time\" \/>\n\t<meta name=\"twitter:data1\" content=\"3 min\u016btes\" \/>\n<script type=\"application\/ld+json\" class=\"yoast-schema-graph\">{\"@context\":\"https:\/\/schema.org\",\"@graph\":[{\"@type\":\"WebPage\",\"@id\":\"https:\/\/www.vangraaf.com\/lv\/karjera\/mes\/\",\"url\":\"https:\/\/www.vangraaf.com\/lv\/karjera\/mes\/\",\"name\":\"M\u016bsu kop\u0113jais darbs I VAN GRAAF\",\"isPartOf\":{\"@id\":\"https:\/\/www.vangraaf.com\/lv\/#website\"},\"datePublished\":\"2022-04-26T07:28:50+00:00\",\"dateModified\":\"2022-07-13T11:54:01+00:00\",\"description\":\"Kas Tevi sagaida str\u0101d\u0101jot VAN GRAAF? \u013boti daudz! Piesakies darb\u0101 pie mums un iepaz\u012bsties ar m\u016bsu uz\u0146\u0113muma kult\u016bru!\",\"breadcrumb\":{\"@id\":\"https:\/\/www.vangraaf.com\/lv\/karjera\/mes\/#breadcrumb\"},\"inLanguage\":\"lv-LV\",\"potentialAction\":[{\"@type\":\"ReadAction\",\"target\":[\"https:\/\/www.vangraaf.com\/lv\/karjera\/mes\/\"]}]},{\"@type\":\"BreadcrumbList\",\"@id\":\"https:\/\/www.vangraaf.com\/lv\/karjera\/mes\/#breadcrumb\",\"itemListElement\":[{\"@type\":\"ListItem\",\"position\":1,\"name\":\"Home\",\"item\":\"https:\/\/www.vangraaf.com\/lv\/\"},{\"@type\":\"ListItem\",\"position\":2,\"name\":\"Karjera\",\"item\":\"https:\/\/www.vangraaf.com\/lv\/karjera\/\"},{\"@type\":\"ListItem\",\"position\":3,\"name\":\"M\u0113s\"}]},{\"@type\":\"WebSite\",\"@id\":\"https:\/\/www.vangraaf.com\/lv\/#website\",\"url\":\"https:\/\/www.vangraaf.com\/lv\/\",\"name\":\"VAN GRAAF\",\"description\":\"VAN GRAAF\",\"potentialAction\":[{\"@type\":\"SearchAction\",\"target\":{\"@type\":\"EntryPoint\",\"urlTemplate\":\"https:\/\/www.vangraaf.com\/lv\/?s={search_term_string}\"},\"query-input\":{\"@type\":\"PropertyValueSpecification\",\"valueRequired\":true,\"valueName\":\"search_term_string\"}}],\"inLanguage\":\"lv-LV\"}]}<\/script>\n<!-- \/ Yoast SEO plugin. -->","yoast_head_json":{"title":"M\u016bsu kop\u0113jais darbs I VAN GRAAF","description":"Kas Tevi sagaida str\u0101d\u0101jot VAN GRAAF? \u013boti daudz! Piesakies darb\u0101 pie mums un iepaz\u012bsties ar m\u016bsu uz\u0146\u0113muma kult\u016bru!","robots":{"index":"index","follow":"follow","max-snippet":"max-snippet:-1","max-image-preview":"max-image-preview:large","max-video-preview":"max-video-preview:-1"},"canonical":"https:\/\/www.vangraaf.com\/lv\/karjera\/mes\/","og_locale":"lv_LV","og_type":"article","og_title":"M\u016bsu kop\u0113jais darbs I VAN GRAAF","og_description":"Kas Tevi sagaida str\u0101d\u0101jot VAN GRAAF? \u013boti daudz! Piesakies darb\u0101 pie mums un iepaz\u012bsties ar m\u016bsu uz\u0146\u0113muma kult\u016bru!","og_url":"https:\/\/www.vangraaf.com\/lv\/karjera\/mes\/","og_site_name":"VAN GRAAF Latvija","article_modified_time":"2022-07-13T11:54:01+00:00","twitter_card":"summary_large_image","twitter_misc":{"Est. reading time":"3 min\u016btes"},"schema":{"@context":"https:\/\/schema.org","@graph":[{"@type":"WebPage","@id":"https:\/\/www.vangraaf.com\/lv\/karjera\/mes\/","url":"https:\/\/www.vangraaf.com\/lv\/karjera\/mes\/","name":"M\u016bsu kop\u0113jais darbs I VAN GRAAF","isPartOf":{"@id":"https:\/\/www.vangraaf.com\/lv\/#website"},"datePublished":"2022-04-26T07:28:50+00:00","dateModified":"2022-07-13T11:54:01+00:00","description":"Kas Tevi sagaida str\u0101d\u0101jot VAN GRAAF? \u013boti daudz! Piesakies darb\u0101 pie mums un iepaz\u012bsties ar m\u016bsu uz\u0146\u0113muma kult\u016bru!","breadcrumb":{"@id":"https:\/\/www.vangraaf.com\/lv\/karjera\/mes\/#breadcrumb"},"inLanguage":"lv-LV","potentialAction":[{"@type":"ReadAction","target":["https:\/\/www.vangraaf.com\/lv\/karjera\/mes\/"]}]},{"@type":"BreadcrumbList","@id":"https:\/\/www.vangraaf.com\/lv\/karjera\/mes\/#breadcrumb","itemListElement":[{"@type":"ListItem","position":1,"name":"Home","item":"https:\/\/www.vangraaf.com\/lv\/"},{"@type":"ListItem","position":2,"name":"Karjera","item":"https:\/\/www.vangraaf.com\/lv\/karjera\/"},{"@type":"ListItem","position":3,"name":"M\u0113s"}]},{"@type":"WebSite","@id":"https:\/\/www.vangraaf.com\/lv\/#website","url":"https:\/\/www.vangraaf.com\/lv\/","name":"VAN GRAAF","description":"VAN GRAAF","potentialAction":[{"@type":"SearchAction","target":{"@type":"EntryPoint","urlTemplate":"https:\/\/www.vangraaf.com\/lv\/?s={search_term_string}"},"query-input":{"@type":"PropertyValueSpecification","valueRequired":true,"valueName":"search_term_string"}}],"inLanguage":"lv-LV"}]}},"_links":{"self":[{"href":"https:\/\/www.vangraaf.com\/lv\/wp-json\/wp\/v2\/pages\/5785","targetHints":{"allow":["GET"]}}],"collection":[{"href":"https:\/\/www.vangraaf.com\/lv\/wp-json\/wp\/v2\/pages"}],"about":[{"href":"https:\/\/www.vangraaf.com\/lv\/wp-json\/wp\/v2\/types\/page"}],"author":[{"embeddable":true,"href":"https:\/\/www.vangraaf.com\/lv\/wp-json\/wp\/v2\/users\/6"}],"replies":[{"embeddable":true,"href":"https:\/\/www.vangraaf.com\/lv\/wp-json\/wp\/v2\/comments?post=5785"}],"version-history":[{"count":19,"href":"https:\/\/www.vangraaf.com\/lv\/wp-json\/wp\/v2\/pages\/5785\/revisions"}],"predecessor-version":[{"id":6296,"href":"https:\/\/www.vangraaf.com\/lv\/wp-json\/wp\/v2\/pages\/5785\/revisions\/6296"}],"up":[{"embeddable":true,"href":"https:\/\/www.vangraaf.com\/lv\/wp-json\/wp\/v2\/pages\/5778"}],"wp:attachment":[{"href":"https:\/\/www.vangraaf.com\/lv\/wp-json\/wp\/v2\/media?parent=5785"}],"curies":[{"name":"wp","href":"https:\/\/api.w.org\/{rel}","templated":true}]}}