{"id":5783,"date":"2022-04-26T09:28:25","date_gmt":"2022-04-26T07:28:25","guid":{"rendered":"https:\/\/www.vangraaf.com\/lv\/?page_id=5783"},"modified":"2022-07-19T12:52:04","modified_gmt":"2022-07-19T10:52:04","slug":"pievienojies","status":"publish","type":"page","link":"https:\/\/www.vangraaf.com\/lv\/karjera\/pievienojies\/","title":{"rendered":"Pievienojies"},"content":{"rendered":"<div class=\"wpb-content-wrapper\">[vc_row bwd_tbc4vd_show_weekday=&#8221;&#8221; full_width=&#8221;stretch_row_content_no_spaces&#8221;][vc_column]<div class=\"keyvisual\" data-aos=\"fade-up\" ><img loading=\"lazy\" decoding=\"async\" width=\"1440\" height=\"480\" src=\"https:\/\/www.vangraaf.com\/lv\/wp-content\/uploads\/sites\/5\/2022\/05\/M11_B_PORTRAITS_TRAINER_004.jpg\" class=\"vc_single_image-img\" alt=\"Pieteikties pareizi\" srcset=\"https:\/\/www.vangraaf.com\/lv\/wp-content\/uploads\/sites\/5\/2022\/05\/M11_B_PORTRAITS_TRAINER_004.jpg 1440w, https:\/\/www.vangraaf.com\/lv\/wp-content\/uploads\/sites\/5\/2022\/05\/M11_B_PORTRAITS_TRAINER_004-300x100.jpg 300w, https:\/\/www.vangraaf.com\/lv\/wp-content\/uploads\/sites\/5\/2022\/05\/M11_B_PORTRAITS_TRAINER_004-1024x341.jpg 1024w, https:\/\/www.vangraaf.com\/lv\/wp-content\/uploads\/sites\/5\/2022\/05\/M11_B_PORTRAITS_TRAINER_004-768x256.jpg 768w, https:\/\/www.vangraaf.com\/lv\/wp-content\/uploads\/sites\/5\/2022\/05\/M11_B_PORTRAITS_TRAINER_004-1200x400.jpg 1200w, https:\/\/www.vangraaf.com\/lv\/wp-content\/uploads\/sites\/5\/2022\/05\/M11_B_PORTRAITS_TRAINER_004-992x331.jpg 992w, https:\/\/www.vangraaf.com\/lv\/wp-content\/uploads\/sites\/5\/2022\/05\/M11_B_PORTRAITS_TRAINER_004-480x160.jpg 480w, https:\/\/www.vangraaf.com\/lv\/wp-content\/uploads\/sites\/5\/2022\/05\/M11_B_PORTRAITS_TRAINER_004-690x230.jpg 690w\" sizes=\"(max-width: 1440px) 100vw, 1440px\" \/><\/div>\n        <div class=\"headlines headlines--center\" data-aos=\"fade-up\">\n            <div class=\"vc_row\">\n                <div class=\"vc_col-md-10 vc_col-md-offset-1 vc_col-lg-10 vc_col-lg-offset-1\"><span class=\"h6\">Tavs pieteikums darbam VAN GRAAF<\/span><h1 class=\"h2\">Pieteikties pareizi<\/h1><\/div>\n            <\/div>\n        <\/div>[vc_column_text]\r\n<p style=\"text-align: center\">Veiksm\u012bgs person\u0101la atlases process mums noz\u012bm\u0113 galvenok\u0101rt vienu\u00a0\u2013 iepaz\u012bt vienam otru k\u0101 l\u012bdzv\u0113rt\u012bgus. Darba intervij\u0101s m\u0113s tam velt\u0101m daudz laika. M\u016bsu uzman\u012bbas centr\u0101 esi Tu\u00a0\u2013 m\u0113s v\u0113lamies ne tikai iepaz\u012bt Tevi, bet ar\u012b sniegt Tev re\u0101lu priek\u0161statu par Taviem n\u0101kotnes uzdevumiem un VAN GRAAF kult\u016bru.<\/p>\r\n[\/vc_column_text][\/vc_column][\/vc_row][vc_row bwd_tbc4vd_show_weekday=&#8221;&#8221; full_width=&#8221;stretch_row_content_no_spaces&#8221;][vc_column]<div class=\"vice-versa-teaser vice-versa-teaser--dark\" style=\"--season-color: #ededed\" data-aos=\"fade-up\"><div class=\"vice-versa-teaser__inner\">\n                        <div class=\"content_wrap\"><div class=\"vg-element vice-versa-teaser__item vice-versa-teaser__item--left\"><div class=\"vc_row vc_row-flex\"><div class=\"vc_col-xs-12 vc_col-sm-6\"><div class=\"vice-versa-teaser__item__image-wrap\"><a class=\"\" href=\"https:\/\/www.vangraaf.com\/lv\/karjera\/pievienojies\/atlases-process\/\" target=\"_self\" rel=\"\" style=\"\"><img loading=\"lazy\" decoding=\"async\" width=\"555\" height=\"735\" src=\"https:\/\/www.vangraaf.com\/lv\/wp-content\/uploads\/sites\/5\/2022\/05\/M11_F_PORTRAITS_TRAINER_034_1.jpg\" class=\"attachment-van-graaf-vice-versa-teaser size-van-graaf-vice-versa-teaser\" alt=\"Person\u0101la atlases process\" srcset=\"https:\/\/www.vangraaf.com\/lv\/wp-content\/uploads\/sites\/5\/2022\/05\/M11_F_PORTRAITS_TRAINER_034_1.jpg 555w, https:\/\/www.vangraaf.com\/lv\/wp-content\/uploads\/sites\/5\/2022\/05\/M11_F_PORTRAITS_TRAINER_034_1-227x300.jpg 227w, https:\/\/www.vangraaf.com\/lv\/wp-content\/uploads\/sites\/5\/2022\/05\/M11_F_PORTRAITS_TRAINER_034_1-480x636.jpg 480w\" sizes=\"(max-width: 555px) 100vw, 555px\" \/><\/a><\/div><\/div><div class=\"vice-versa-teaser__item__content-wrap vc_col-xs-12 vc_col-sm-6 vc_col-md-4 vc_col-md-offset-1\"><div class=\"vice-versa-teaser__item__content\"><h3>Person\u0101la atlases process<\/h3><p>M\u0113s v\u0113lamies, lai person\u0101la atlases process b\u016btu p\u0113c iesp\u0113jas vienk\u0101r\u0161\u0101ks. M\u016bsu person\u0101la atlases procesa posmi ir racion\u0101li un efekt\u012bvi, lai b\u016btu pietiekami laika svar\u012bg\u0101kajam \u2013 Tev un Tavai potenci\u0101lajai n\u0101kotnei VAN GRAAF.<\/p><a class=\"button button--dark\" href=\"https:\/\/www.vangraaf.com\/lv\/karjera\/pievienojies\/atlases-process\/\" target=\"_self\" rel=\"\" style=\"\">Uzzin\u0101t vair\u0101k<\/a><\/div><\/div><\/div><\/div><div class=\"vg-element vice-versa-teaser__item vice-versa-teaser__item--right\"><div class=\"vc_row vc_row-flex\"><div class=\"vc_col-xs-12 vc_col-sm-6 vc_col-sm-push-6\"><div class=\"vice-versa-teaser__item__image-wrap\"><a class=\"\" href=\"https:\/\/www.vangraaf.com\/lv\/karjera\/pievienojies\/padomi-pieteikumam\/\" target=\"_self\" rel=\"\" style=\"\"><img loading=\"lazy\" decoding=\"async\" width=\"555\" height=\"735\" src=\"https:\/\/www.vangraaf.com\/lv\/wp-content\/uploads\/sites\/5\/2022\/05\/M3_C_Schueler_054-1.jpg\" class=\"attachment-van-graaf-vice-versa-teaser size-van-graaf-vice-versa-teaser\" alt=\"Padomi Tavam pieteikumam\" srcset=\"https:\/\/www.vangraaf.com\/lv\/wp-content\/uploads\/sites\/5\/2022\/05\/M3_C_Schueler_054-1.jpg 555w, https:\/\/www.vangraaf.com\/lv\/wp-content\/uploads\/sites\/5\/2022\/05\/M3_C_Schueler_054-1-227x300.jpg 227w, https:\/\/www.vangraaf.com\/lv\/wp-content\/uploads\/sites\/5\/2022\/05\/M3_C_Schueler_054-1-480x636.jpg 480w\" sizes=\"(max-width: 555px) 100vw, 555px\" \/><\/a><\/div><\/div><div class=\"vice-versa-teaser__item__content-wrap vc_col-xs-12 vc_col-sm-6 vc_col-md-4 vc_col-md-offset-1 vc_col-sm-pull-6\"><div class=\"vice-versa-teaser__item__content\"><h3>Padomi Tavam pieteikumam<\/h3><p>Aizpildot tie\u0161saistes pieteikumu, Tu sper pirmo soli ce\u013c\u0101 uz savu sap\u0146u darbu VAN GRAAF. P\u0113c tam Tu m\u016bs vari p\u0101rliecin\u0101t person\u012bgi intervij\u0101. M\u0113s sniegsim Tev visu inform\u0101ciju un padomus, lai darb\u0101 pieteik\u0161an\u0101s process b\u016btu veiksm\u012bgs.<\/p><a class=\"button button--dark\" href=\"https:\/\/www.vangraaf.com\/lv\/karjera\/pievienojies\/padomi-pieteikumam\/\" target=\"_self\" rel=\"\" style=\"\">Uzzin\u0101t vair\u0101k<\/a><\/div><\/div><\/div><\/div><div class=\"vg-element vice-versa-teaser__item vice-versa-teaser__item--left\"><div class=\"vc_row vc_row-flex\"><div class=\"vc_col-xs-12 vc_col-sm-6\"><div class=\"vice-versa-teaser__item__image-wrap\"><a class=\"\" href=\"https:\/\/www.vangraaf.com\/lv\/karjera\/pievienojies\/kandidata-koptels\/\" target=\"_self\" rel=\"\" style=\"\"><img loading=\"lazy\" decoding=\"async\" width=\"555\" height=\"735\" src=\"https:\/\/www.vangraaf.com\/lv\/wp-content\/uploads\/sites\/5\/2022\/05\/M2_B_Azubis_im_Verkauf_010-1.jpg\" class=\"attachment-van-graaf-vice-versa-teaser size-van-graaf-vice-versa-teaser\" alt=\"Stila padomi\" srcset=\"https:\/\/www.vangraaf.com\/lv\/wp-content\/uploads\/sites\/5\/2022\/05\/M2_B_Azubis_im_Verkauf_010-1.jpg 555w, https:\/\/www.vangraaf.com\/lv\/wp-content\/uploads\/sites\/5\/2022\/05\/M2_B_Azubis_im_Verkauf_010-1-227x300.jpg 227w, https:\/\/www.vangraaf.com\/lv\/wp-content\/uploads\/sites\/5\/2022\/05\/M2_B_Azubis_im_Verkauf_010-1-480x636.jpg 480w\" sizes=\"(max-width: 555px) 100vw, 555px\" \/><\/a><\/div><\/div><div class=\"vice-versa-teaser__item__content-wrap vc_col-xs-12 vc_col-sm-6 vc_col-md-4 vc_col-md-offset-1\"><div class=\"vice-versa-teaser__item__content\"><h3>Stila padomi<\/h3><p>Ar piem\u0113rotu ap\u0123\u0113rbu Tu vari b\u016bt v\u0113l p\u0101rliecino\u0161\u0101ks individu\u0101laj\u0101 darba intervij\u0101.Cik nopietnam vai stil\u012bgam ir j\u0101b\u016bt Tavam ap\u0123\u0113rbam? M\u0113s sniegsim Tev vislab\u0101kos padomus, lai Tavs izskats b\u016btu p\u0101rliecino\u0161s.<\/p><a class=\"button button--dark\" href=\"https:\/\/www.vangraaf.com\/lv\/karjera\/pievienojies\/kandidata-koptels\/\" target=\"_self\" rel=\"\" style=\"\">Uzzin\u0101t vair\u0101k<\/a><\/div><\/div><\/div><\/div><\/div><\/div><\/div>[\/vc_column][\/vc_row][vc_row][vc_column]<div class=\"quote-teaser quote-teaser--light\" style=\"--bg-image: url(https:\/\/www.vangraaf.com\/lv\/wp-content\/uploads\/sites\/5\/2022\/05\/M8_D_VK_Logistik_024-1200x542.jpg); --season-color: #002045\" data-aos=\"fade-up\"><div class=\"vc_row vc_row-flex\"><div class=\"vc_col-sm-6 vc_col-sm-offset-6\"><div class=\"quote-teaser__content\"><img loading=\"lazy\" decoding=\"async\" width=\"768\" height=\"650\" src=\"https:\/\/www.vangraaf.com\/lv\/wp-content\/uploads\/sites\/5\/2022\/05\/M8_D_VK_Logistik_024_mo.jpg\" class=\"quote-teaser__content__image\" alt=\"Noliktavas darbinieks\" srcset=\"https:\/\/www.vangraaf.com\/lv\/wp-content\/uploads\/sites\/5\/2022\/05\/M8_D_VK_Logistik_024_mo.jpg 768w, https:\/\/www.vangraaf.com\/lv\/wp-content\/uploads\/sites\/5\/2022\/05\/M8_D_VK_Logistik_024_mo-300x254.jpg 300w, https:\/\/www.vangraaf.com\/lv\/wp-content\/uploads\/sites\/5\/2022\/05\/M8_D_VK_Logistik_024_mo-480x406.jpg 480w, https:\/\/www.vangraaf.com\/lv\/wp-content\/uploads\/sites\/5\/2022\/05\/M8_D_VK_Logistik_024_mo-690x584.jpg 690w\" sizes=\"(max-width: 768px) 100vw, 768px\" \/><div class=\"quote-teaser__content__quote\">Pievienojies VAN GRAAF un jau r\u012bt s\u0101c str\u0101d\u0101t n\u0101kotnes mazumtirdzniec\u012bbas nozar\u0113.<\/div><div class=\"quote-teaser__content__author\"><p>J\u0101nis, Noliktavas darbinieks<\/p>\n<\/div><a class=\"button button--light\" href=\"https:\/\/www.vangraaf.com\/lv\/karjera\/darbs-un-karjera\/vakances\/\" target=\"_blank\" rel=\"\" style=\"\">Pievienojies m\u016bsu komandai!<\/a><\/div><\/div><\/div><\/div>[\/vc_column][\/vc_row]<\/div>","protected":false},"excerpt":{"rendered":"[vc_row bwd_tbc4vd_show_weekday=&#8221;&#8221; full_width=&#8221;stretch_row_content_no_spaces&#8221;][vc_column][vc_column_text] Veiksm\u012bgs person\u0101la atlases process mums noz\u012bm\u0113 galvenok\u0101rt vienu\u00a0\u2013 iepaz\u012bt vienam otru k\u0101 l\u012bdzv\u0113rt\u012bgus. Darba intervij\u0101s m\u0113s tam velt\u0101m daudz laika. M\u016bsu uzman\u012bbas centr\u0101 esi Tu\u00a0\u2013 m\u0113s v\u0113lamies ne tikai iepaz\u012bt Tevi, bet ar\u012b sniegt Tev re\u0101lu priek\u0161statu par Taviem n\u0101kotnes uzdevumiem un VAN GRAAF kult\u016bru. [\/vc_column_text][\/vc_column][\/vc_row][vc_row bwd_tbc4vd_show_weekday=&#8221;&#8221; full_width=&#8221;stretch_row_content_no_spaces&#8221;][vc_column][\/vc_column][\/vc_row][vc_row][vc_column][\/vc_column][\/vc_row]","protected":false},"author":6,"featured_media":0,"parent":5778,"menu_order":0,"comment_status":"closed","ping_status":"closed","template":"","meta":{"_acf_changed":false,"inline_featured_image":false,"footnotes":""},"class_list":["post-5783","page","type-page","status-publish","hentry"],"acf":[],"yoast_head":"<!-- This site is optimized with the Yoast SEO plugin v27.2 - https:\/\/yoast.com\/product\/yoast-seo-wordpress\/ -->\n<title>Pieteik\u0161an\u0101s darb\u0101 I VAN GRAAF<\/title>\n<meta name=\"description\" content=\"V\u0113lies pieteikties darb\u0101 VAN GRAAF? M\u0113s sniegsim Tev visu inform\u0101ciju un padomus, lai pieteik\u0161an\u0101s process norit\u0113tu veiksm\u012bgi.\" \/>\n<meta name=\"robots\" content=\"index, follow, max-snippet:-1, max-image-preview:large, max-video-preview:-1\" \/>\n<link rel=\"canonical\" href=\"https:\/\/www.vangraaf.com\/lv\/karjera\/pievienojies\/\" \/>\n<meta property=\"og:locale\" content=\"lv_LV\" \/>\n<meta property=\"og:type\" content=\"article\" \/>\n<meta property=\"og:title\" content=\"Pieteik\u0161an\u0101s darb\u0101 I VAN GRAAF\" \/>\n<meta property=\"og:description\" content=\"V\u0113lies pieteikties darb\u0101 VAN GRAAF? M\u0113s sniegsim Tev visu inform\u0101ciju un padomus, lai pieteik\u0161an\u0101s process norit\u0113tu veiksm\u012bgi.\" \/>\n<meta property=\"og:url\" content=\"https:\/\/www.vangraaf.com\/lv\/karjera\/pievienojies\/\" \/>\n<meta property=\"og:site_name\" content=\"VAN GRAAF Latvija\" \/>\n<meta property=\"article:modified_time\" content=\"2022-07-19T10:52:04+00:00\" \/>\n<meta name=\"twitter:card\" content=\"summary_large_image\" \/>\n<meta name=\"twitter:label1\" content=\"Est. reading time\" \/>\n\t<meta name=\"twitter:data1\" content=\"3 min\u016btes\" \/>\n<script type=\"application\/ld+json\" class=\"yoast-schema-graph\">{\"@context\":\"https:\/\/schema.org\",\"@graph\":[{\"@type\":\"WebPage\",\"@id\":\"https:\/\/www.vangraaf.com\/lv\/karjera\/pievienojies\/\",\"url\":\"https:\/\/www.vangraaf.com\/lv\/karjera\/pievienojies\/\",\"name\":\"Pieteik\u0161an\u0101s darb\u0101 I VAN GRAAF\",\"isPartOf\":{\"@id\":\"https:\/\/www.vangraaf.com\/lv\/#website\"},\"datePublished\":\"2022-04-26T07:28:25+00:00\",\"dateModified\":\"2022-07-19T10:52:04+00:00\",\"description\":\"V\u0113lies pieteikties darb\u0101 VAN GRAAF? M\u0113s sniegsim Tev visu inform\u0101ciju un padomus, lai pieteik\u0161an\u0101s process norit\u0113tu veiksm\u012bgi.\",\"breadcrumb\":{\"@id\":\"https:\/\/www.vangraaf.com\/lv\/karjera\/pievienojies\/#breadcrumb\"},\"inLanguage\":\"lv-LV\",\"potentialAction\":[{\"@type\":\"ReadAction\",\"target\":[\"https:\/\/www.vangraaf.com\/lv\/karjera\/pievienojies\/\"]}]},{\"@type\":\"BreadcrumbList\",\"@id\":\"https:\/\/www.vangraaf.com\/lv\/karjera\/pievienojies\/#breadcrumb\",\"itemListElement\":[{\"@type\":\"ListItem\",\"position\":1,\"name\":\"Home\",\"item\":\"https:\/\/www.vangraaf.com\/lv\/\"},{\"@type\":\"ListItem\",\"position\":2,\"name\":\"Karjera\",\"item\":\"https:\/\/www.vangraaf.com\/lv\/karjera\/\"},{\"@type\":\"ListItem\",\"position\":3,\"name\":\"Pievienojies\"}]},{\"@type\":\"WebSite\",\"@id\":\"https:\/\/www.vangraaf.com\/lv\/#website\",\"url\":\"https:\/\/www.vangraaf.com\/lv\/\",\"name\":\"VAN GRAAF\",\"description\":\"VAN GRAAF\",\"potentialAction\":[{\"@type\":\"SearchAction\",\"target\":{\"@type\":\"EntryPoint\",\"urlTemplate\":\"https:\/\/www.vangraaf.com\/lv\/?s={search_term_string}\"},\"query-input\":{\"@type\":\"PropertyValueSpecification\",\"valueRequired\":true,\"valueName\":\"search_term_string\"}}],\"inLanguage\":\"lv-LV\"}]}<\/script>\n<!-- \/ Yoast SEO plugin. -->","yoast_head_json":{"title":"Pieteik\u0161an\u0101s darb\u0101 I VAN GRAAF","description":"V\u0113lies pieteikties darb\u0101 VAN GRAAF? M\u0113s sniegsim Tev visu inform\u0101ciju un padomus, lai pieteik\u0161an\u0101s process norit\u0113tu veiksm\u012bgi.","robots":{"index":"index","follow":"follow","max-snippet":"max-snippet:-1","max-image-preview":"max-image-preview:large","max-video-preview":"max-video-preview:-1"},"canonical":"https:\/\/www.vangraaf.com\/lv\/karjera\/pievienojies\/","og_locale":"lv_LV","og_type":"article","og_title":"Pieteik\u0161an\u0101s darb\u0101 I VAN GRAAF","og_description":"V\u0113lies pieteikties darb\u0101 VAN GRAAF? M\u0113s sniegsim Tev visu inform\u0101ciju un padomus, lai pieteik\u0161an\u0101s process norit\u0113tu veiksm\u012bgi.","og_url":"https:\/\/www.vangraaf.com\/lv\/karjera\/pievienojies\/","og_site_name":"VAN GRAAF Latvija","article_modified_time":"2022-07-19T10:52:04+00:00","twitter_card":"summary_large_image","twitter_misc":{"Est. reading time":"3 min\u016btes"},"schema":{"@context":"https:\/\/schema.org","@graph":[{"@type":"WebPage","@id":"https:\/\/www.vangraaf.com\/lv\/karjera\/pievienojies\/","url":"https:\/\/www.vangraaf.com\/lv\/karjera\/pievienojies\/","name":"Pieteik\u0161an\u0101s darb\u0101 I VAN GRAAF","isPartOf":{"@id":"https:\/\/www.vangraaf.com\/lv\/#website"},"datePublished":"2022-04-26T07:28:25+00:00","dateModified":"2022-07-19T10:52:04+00:00","description":"V\u0113lies pieteikties darb\u0101 VAN GRAAF? M\u0113s sniegsim Tev visu inform\u0101ciju un padomus, lai pieteik\u0161an\u0101s process norit\u0113tu veiksm\u012bgi.","breadcrumb":{"@id":"https:\/\/www.vangraaf.com\/lv\/karjera\/pievienojies\/#breadcrumb"},"inLanguage":"lv-LV","potentialAction":[{"@type":"ReadAction","target":["https:\/\/www.vangraaf.com\/lv\/karjera\/pievienojies\/"]}]},{"@type":"BreadcrumbList","@id":"https:\/\/www.vangraaf.com\/lv\/karjera\/pievienojies\/#breadcrumb","itemListElement":[{"@type":"ListItem","position":1,"name":"Home","item":"https:\/\/www.vangraaf.com\/lv\/"},{"@type":"ListItem","position":2,"name":"Karjera","item":"https:\/\/www.vangraaf.com\/lv\/karjera\/"},{"@type":"ListItem","position":3,"name":"Pievienojies"}]},{"@type":"WebSite","@id":"https:\/\/www.vangraaf.com\/lv\/#website","url":"https:\/\/www.vangraaf.com\/lv\/","name":"VAN GRAAF","description":"VAN GRAAF","potentialAction":[{"@type":"SearchAction","target":{"@type":"EntryPoint","urlTemplate":"https:\/\/www.vangraaf.com\/lv\/?s={search_term_string}"},"query-input":{"@type":"PropertyValueSpecification","valueRequired":true,"valueName":"search_term_string"}}],"inLanguage":"lv-LV"}]}},"_links":{"self":[{"href":"https:\/\/www.vangraaf.com\/lv\/wp-json\/wp\/v2\/pages\/5783","targetHints":{"allow":["GET"]}}],"collection":[{"href":"https:\/\/www.vangraaf.com\/lv\/wp-json\/wp\/v2\/pages"}],"about":[{"href":"https:\/\/www.vangraaf.com\/lv\/wp-json\/wp\/v2\/types\/page"}],"author":[{"embeddable":true,"href":"https:\/\/www.vangraaf.com\/lv\/wp-json\/wp\/v2\/users\/6"}],"replies":[{"embeddable":true,"href":"https:\/\/www.vangraaf.com\/lv\/wp-json\/wp\/v2\/comments?post=5783"}],"version-history":[{"count":17,"href":"https:\/\/www.vangraaf.com\/lv\/wp-json\/wp\/v2\/pages\/5783\/revisions"}],"predecessor-version":[{"id":6311,"href":"https:\/\/www.vangraaf.com\/lv\/wp-json\/wp\/v2\/pages\/5783\/revisions\/6311"}],"up":[{"embeddable":true,"href":"https:\/\/www.vangraaf.com\/lv\/wp-json\/wp\/v2\/pages\/5778"}],"wp:attachment":[{"href":"https:\/\/www.vangraaf.com\/lv\/wp-json\/wp\/v2\/media?parent=5783"}],"curies":[{"name":"wp","href":"https:\/\/api.w.org\/{rel}","templated":true}]}}