{"id":5781,"date":"2022-04-26T09:27:11","date_gmt":"2022-04-26T07:27:11","guid":{"rendered":"https:\/\/www.vangraaf.com\/lv\/?page_id=5781"},"modified":"2022-07-13T13:57:09","modified_gmt":"2022-07-13T11:57:09","slug":"darbs-un-karjera","status":"publish","type":"page","link":"https:\/\/www.vangraaf.com\/lv\/karjera\/darbs-un-karjera\/","title":{"rendered":"Darbs un Karjera"},"content":{"rendered":"<div class=\"wpb-content-wrapper\">[vc_row bwd_tbc4vd_show_weekday=&#8221;&#8221; full_width=&#8221;stretch_row_content_no_spaces&#8221;][vc_column]<div class=\"keyvisual\" data-aos=\"fade-up\" ><img loading=\"lazy\" decoding=\"async\" width=\"1440\" height=\"480\" src=\"https:\/\/www.vangraaf.com\/lv\/wp-content\/uploads\/sites\/5\/2021\/05\/M10_M_Portraits_Buero_026.jpg\" class=\"vc_single_image-img keyvisual__image--big\" alt=\"Darbs un Karjera\" srcset=\"https:\/\/www.vangraaf.com\/lv\/wp-content\/uploads\/sites\/5\/2021\/05\/M10_M_Portraits_Buero_026.jpg 1440w, https:\/\/www.vangraaf.com\/lv\/wp-content\/uploads\/sites\/5\/2021\/05\/M10_M_Portraits_Buero_026-300x100.jpg 300w, https:\/\/www.vangraaf.com\/lv\/wp-content\/uploads\/sites\/5\/2021\/05\/M10_M_Portraits_Buero_026-1024x341.jpg 1024w, https:\/\/www.vangraaf.com\/lv\/wp-content\/uploads\/sites\/5\/2021\/05\/M10_M_Portraits_Buero_026-768x256.jpg 768w, https:\/\/www.vangraaf.com\/lv\/wp-content\/uploads\/sites\/5\/2021\/05\/M10_M_Portraits_Buero_026-1200x400.jpg 1200w, https:\/\/www.vangraaf.com\/lv\/wp-content\/uploads\/sites\/5\/2021\/05\/M10_M_Portraits_Buero_026-992x331.jpg 992w, https:\/\/www.vangraaf.com\/lv\/wp-content\/uploads\/sites\/5\/2021\/05\/M10_M_Portraits_Buero_026-480x160.jpg 480w, https:\/\/www.vangraaf.com\/lv\/wp-content\/uploads\/sites\/5\/2021\/05\/M10_M_Portraits_Buero_026-690x230.jpg 690w\" sizes=\"(max-width: 1440px) 100vw, 1440px\" \/><img loading=\"lazy\" decoding=\"async\" width=\"768\" height=\"250\" src=\"https:\/\/www.vangraaf.com\/lv\/wp-content\/uploads\/sites\/5\/2022\/05\/M10_M_Portraits_Buero_026_Mobile.jpg\" class=\"vc_single_image-img keyvisual__image--small\" alt=\"Darbs un Karjera\" srcset=\"https:\/\/www.vangraaf.com\/lv\/wp-content\/uploads\/sites\/5\/2022\/05\/M10_M_Portraits_Buero_026_Mobile.jpg 768w, https:\/\/www.vangraaf.com\/lv\/wp-content\/uploads\/sites\/5\/2022\/05\/M10_M_Portraits_Buero_026_Mobile-300x98.jpg 300w, https:\/\/www.vangraaf.com\/lv\/wp-content\/uploads\/sites\/5\/2022\/05\/M10_M_Portraits_Buero_026_Mobile-480x156.jpg 480w, https:\/\/www.vangraaf.com\/lv\/wp-content\/uploads\/sites\/5\/2022\/05\/M10_M_Portraits_Buero_026_Mobile-690x225.jpg 690w\" sizes=\"(max-width: 768px) 100vw, 768px\" \/><\/div>\n        <div class=\"headlines headlines--center\" data-aos=\"fade-up\">\n            <div class=\"vc_row\">\n                <div class=\"vc_col-md-10 vc_col-md-offset-1 vc_col-lg-10 vc_col-lg-offset-1\"><span class=\"h6\">Karjeras s\u0101kums VAN GRAAF<\/span><h1 class=\"h2\">Darbs un karjera<\/h1><\/div>\n            <\/div>\n        <\/div>[vc_column_text]\r\n<p style=\"text-align: center\">Vai v\u0113lies jau r\u012bt pal\u012bdz\u0113t veidot n\u0101kotnes modes pre\u010du veikalu? Tad mums Tev ir piem\u0113rots darbs! M\u016bsu veikala komand\u0101s Tevi sagaida struktur\u0113ta hierarhija, kult\u016bra, kura tiek augsti nov\u0113rt\u0113ta\u00a0 un daudz vietas Tav\u0101m idej\u0101m. M\u0113s individu\u0101li, ilgtsp\u0113j\u012bgi un m\u0113r\u0137tiec\u012bgi ievad\u012bsim Tevi darb\u0101 VAN GRAAF \u2013 neatkar\u012bgi no t\u0101, vai s\u0101c str\u0101d\u0101t k\u0101 ies\u0101c\u0113js vai vad\u012bt\u0101js. Ko m\u0113s sagaid\u0101m no Tevis? Gatav\u012bbu m\u0101c\u012bties, zin\u0101tk\u0101ri un entuziasmu par daudzkr\u0101saino modes veikala pasauli.<\/p>\r\n[\/vc_column_text][\/vc_column][\/vc_row][vc_row bwd_tbc4vd_show_weekday=&#8221;&#8221; el_class=&#8221;vg-padding&#8221;][vc_column]\n        <div class=\"vg-element promo-teaser promo-teaser--  promo-teaser--\" style=\"--season-color: #ffffff;\" data-aos=\"fade-up\">\n            <div class=\"vc_row vc_row-flex\">\n                <div class=\"vc_col-sm-6 promo-teaser__image\">\n                    <a class=\"\" href=\"https:\/\/www.vangraaf.com\/lv\/karjera\/darbs-un-karjera\/vakances\/\" target=\"_blank\" rel=\"\" style=\"\"><img loading=\"lazy\" decoding=\"async\" width=\"599\" height=\"549\" src=\"https:\/\/www.vangraaf.com\/lv\/wp-content\/uploads\/sites\/5\/2022\/05\/M11_F_PORTRAITS_TRAINER_088.jpg\" class=\"vc_single_image-img\" alt=\"Vakances\" srcset=\"https:\/\/www.vangraaf.com\/lv\/wp-content\/uploads\/sites\/5\/2022\/05\/M11_F_PORTRAITS_TRAINER_088.jpg 599w, https:\/\/www.vangraaf.com\/lv\/wp-content\/uploads\/sites\/5\/2022\/05\/M11_F_PORTRAITS_TRAINER_088-300x275.jpg 300w, https:\/\/www.vangraaf.com\/lv\/wp-content\/uploads\/sites\/5\/2022\/05\/M11_F_PORTRAITS_TRAINER_088-480x440.jpg 480w\" sizes=\"(max-width: 599px) 100vw, 599px\" \/><\/a>\n                <\/div>\n                <div class=\"vc_col-sm-6\">\n                    <div class=\"promo-teaser__content-wrapper\">\n                        <div class=\"promo-teaser__content promo-teaser__content--center\"><h3>Vakances<\/h3><p>VAN GRAAF Tev pied\u0101v\u0101 daudz iesp\u0113ju. Neatkar\u012bgi no t\u0101, vai str\u0101d\u0101 p\u0101rdo\u0161anas, vizu\u0101l\u0101s noform\u0113\u0161anas vai iek\u0161\u0113j\u0101s lo\u0123istikas jom\u0101, m\u0113s pied\u0101v\u0101jam Tev daudzveid\u012bgu darbu m\u016bsu veikal\u0101, kas katru dienu ir at\u0161\u0137ir\u012bgs!<\/p>\n<a class=\"button button--\" href=\"https:\/\/www.vangraaf.com\/lv\/karjera\/darbs-un-karjera\/vakances\/\" target=\"_blank\" rel=\"\" style=\"\">Vakances<\/a><\/div>\n                    <\/div>\n                <\/div>\n            <\/div>\n        <\/div>[\/vc_column][\/vc_row][vc_row][vc_column width=&#8221;1\/3&#8243;]<div class=\"vg-element cta-teaser cta-teaser--center\" data-aos=\"fade-up\"><div class=\"cta-teaser__image\"><a class=\"\" href=\"https:\/\/www.vangraaf.com\/lv\/karjera\/darbs-un-karjera\/pardosana\/\" target=\"_self\" rel=\"\" style=\"\"><img loading=\"lazy\" decoding=\"async\" width=\"378\" height=\"565\" src=\"https:\/\/www.vangraaf.com\/lv\/wp-content\/uploads\/sites\/5\/2022\/05\/M1_F_Schueler_Eltern_Lehrer_003-1.jpg\" class=\"vc_single_image-img attachment-full\" alt=\"P\u0101rdo\u0161ana\" title=\"P\u0101rdo\u0161ana\" srcset=\"https:\/\/www.vangraaf.com\/lv\/wp-content\/uploads\/sites\/5\/2022\/05\/M1_F_Schueler_Eltern_Lehrer_003-1.jpg 378w, https:\/\/www.vangraaf.com\/lv\/wp-content\/uploads\/sites\/5\/2022\/05\/M1_F_Schueler_Eltern_Lehrer_003-1-201x300.jpg 201w\" sizes=\"(max-width: 378px) 100vw, 378px\" \/><\/a><\/div><div class=\"cta-teaser__text\"><h3>P\u0101rdo\u0161ana<\/h3><p>Vai Tevi interes\u0113 mode? VAN GRAAF p\u0101rdev\u0113ja konsultanta darb\u0101 Tu katru dienu kontakt\u0113sies ar m\u016bsu klientiem un izmantosi savas zin\u0101\u0161anas, lai izveidotu perfektu klienta iet\u0113rpu ikvienam pas\u0101kumam.<\/p><a class=\"button\" href=\"https:\/\/www.vangraaf.com\/lv\/karjera\/darbs-un-karjera\/pardosana\/\" target=\"_self\" rel=\"\" style=\"\">Uzzin\u0101t vair\u0101k<\/a><\/div><\/div>[\/vc_column][vc_column width=&#8221;1\/3&#8243;]<div class=\"vg-element cta-teaser cta-teaser--center\" data-aos=\"fade-up\"><div class=\"cta-teaser__image\"><a class=\"\" href=\"https:\/\/www.vangraaf.com\/lv\/karjera\/darbs-un-karjera\/logistika-un-tehniskais-nodrosinajums\/\" target=\"_self\" rel=\"\" style=\"\"><img loading=\"lazy\" decoding=\"async\" width=\"378\" height=\"565\" src=\"https:\/\/www.vangraaf.com\/lv\/wp-content\/uploads\/sites\/5\/2022\/05\/M8_E_VK_Logistik_055_1.jpg\" class=\"vc_single_image-img attachment-full\" alt=\"Lo\u0123istika un tehnika\" title=\"Lo\u0123istika un tehnika\" srcset=\"https:\/\/www.vangraaf.com\/lv\/wp-content\/uploads\/sites\/5\/2022\/05\/M8_E_VK_Logistik_055_1.jpg 378w, https:\/\/www.vangraaf.com\/lv\/wp-content\/uploads\/sites\/5\/2022\/05\/M8_E_VK_Logistik_055_1-201x300.jpg 201w\" sizes=\"(max-width: 378px) 100vw, 378px\" \/><\/a><\/div><div class=\"cta-teaser__text\"><h3>Lo\u0123istika un tehnika<\/h3><p>Tevi saista lo\u0123istikas nozare vai ar\u012b Tu labi p\u0101rzini tehnisko apr\u012bkojumu? M\u016bsu lo\u0123istikas un tehniskaj\u0101 komand\u0101 Tevi gaida daudzveid\u012bgas iesp\u0113jas un aizraujo\u0161i darba uzdevumi.<\/p><a class=\"button\" href=\"https:\/\/www.vangraaf.com\/lv\/karjera\/darbs-un-karjera\/logistika-un-tehniskais-nodrosinajums\/\" target=\"_self\" rel=\"\" style=\"\">Uzzin\u0101t vair\u0101k<\/a><\/div><\/div>[\/vc_column][vc_column width=&#8221;1\/3&#8243;]<div class=\"vg-element cta-teaser cta-teaser--center\" data-aos=\"fade-up\"><div class=\"cta-teaser__image\"><a class=\"\" href=\"https:\/\/www.vangraaf.com\/lv\/karjera\/darbs-un-karjera\/vizuala-noformesana\/\" target=\"_self\" rel=\"\" style=\"\"><img loading=\"lazy\" decoding=\"async\" width=\"378\" height=\"565\" src=\"https:\/\/www.vangraaf.com\/lv\/wp-content\/uploads\/sites\/5\/2022\/05\/M4_C_Berufserfahrene_083.jpg\" class=\"vc_single_image-img attachment-full\" alt=\"Vizu\u0101l\u0101 noform\u0113\u0161ana\" title=\"Vizu\u0101l\u0101 noform\u0113\u0161ana\" srcset=\"https:\/\/www.vangraaf.com\/lv\/wp-content\/uploads\/sites\/5\/2022\/05\/M4_C_Berufserfahrene_083.jpg 378w, https:\/\/www.vangraaf.com\/lv\/wp-content\/uploads\/sites\/5\/2022\/05\/M4_C_Berufserfahrene_083-201x300.jpg 201w\" sizes=\"(max-width: 378px) 100vw, 378px\" \/><\/a><\/div><div class=\"cta-teaser__text\"><h3>Vizu\u0101l\u0101 noform\u0113\u0161ana<\/h3><p>Tev pat\u012bk prasm\u012bgi noform\u0113t veikalu skatlogus? VAN GRAAF vizu\u0101l\u0101s noform\u0113\u0161anas jom\u0101 Tu \u012bstenosi savas rado\u0161\u0101s idejas un r\u016bp\u0113sies par iedvesmojo\u0161u veikala atmosf\u0113ru.<\/p><a class=\"button\" href=\"https:\/\/www.vangraaf.com\/lv\/karjera\/darbs-un-karjera\/vizuala-noformesana\/\" target=\"_self\" rel=\"\" style=\"\">Uzzin\u0101t vair\u0101k<\/a><\/div><\/div>[\/vc_column][\/vc_row][vc_row][vc_column]\n        <div class=\"vg-element promo-teaser promo-teaser--  promo-teaser--\" style=\"--season-color: #ffffff;\" data-aos=\"fade-up\">\n            <div class=\"vc_row vc_row-flex\">\n                <div class=\"vc_col-sm-6 promo-teaser__image\">\n                    <a class=\"\" href=\"https:\/\/www.vangraaf.com\/lv\/karjera\/darbs-un-karjera\/iniciativas-pieteikums\/\" target=\"_self\" rel=\"\" style=\"\"><img loading=\"lazy\" decoding=\"async\" width=\"599\" height=\"549\" src=\"https:\/\/www.vangraaf.com\/lv\/wp-content\/uploads\/sites\/5\/2022\/05\/M9_E_VK_ZENTRALEE-COMMERCE_134.jpg\" class=\"vc_single_image-img\" alt=\"Iniciat\u012bvas pieteikums\" srcset=\"https:\/\/www.vangraaf.com\/lv\/wp-content\/uploads\/sites\/5\/2022\/05\/M9_E_VK_ZENTRALEE-COMMERCE_134.jpg 599w, https:\/\/www.vangraaf.com\/lv\/wp-content\/uploads\/sites\/5\/2022\/05\/M9_E_VK_ZENTRALEE-COMMERCE_134-300x275.jpg 300w, https:\/\/www.vangraaf.com\/lv\/wp-content\/uploads\/sites\/5\/2022\/05\/M9_E_VK_ZENTRALEE-COMMERCE_134-480x440.jpg 480w\" sizes=\"(max-width: 599px) 100vw, 599px\" \/><\/a>\n                <\/div>\n                <div class=\"vc_col-sm-6\">\n                    <div class=\"promo-teaser__content-wrapper\">\n                        <div class=\"promo-teaser__content promo-teaser__content--center\"><h3>Iniciat\u012bvas pieteikums<\/h3><p>Tu v\u0113lies s\u0101kt str\u0101d\u0101t VAN GRAAF, ta\u010du pa\u0161laik nav piem\u0113rotu vakan\u010du? M\u0113s vienm\u0113r mekl\u0113jam cilv\u0113kus, kuri kop\u0101 ar mums v\u0113las dar\u012bt lielas lietas. Ats\u016bti mums savu iniciat\u012bvas pieteikumu nor\u0101dot, k\u0101das VAN GRAAF jomas Tevi interes\u0113!<\/p>\n<a class=\"button button--\" href=\"https:\/\/www.vangraaf.com\/lv\/karjera\/darbs-un-karjera\/iniciativas-pieteikums\/\" target=\"_self\" rel=\"\" style=\"\">Uzzin\u0101t vair\u0101k<\/a><\/div>\n                    <\/div>\n                <\/div>\n            <\/div>\n        <\/div>[\/vc_column][\/vc_row][vc_row][vc_column]<div class=\"quote-teaser quote-teaser--light\" style=\"--bg-image: url(https:\/\/www.vangraaf.com\/lv\/wp-content\/uploads\/sites\/5\/2022\/05\/M7_C_Wir_Headerbild_Gruppe_018-1200x542.jpg); --season-color: #002045\" data-aos=\"fade-up\"><div class=\"vc_row vc_row-flex\"><div class=\"vc_col-sm-6 vc_col-sm-offset-6\"><div class=\"quote-teaser__content\"><img loading=\"lazy\" decoding=\"async\" width=\"768\" height=\"650\" src=\"https:\/\/www.vangraaf.com\/lv\/wp-content\/uploads\/sites\/5\/2022\/05\/M7_C_Wir_Headerbild_Gruppe_018-1.jpg\" class=\"quote-teaser__content__image\" alt=\"P\u0101rdev\u0113js konsultants\" srcset=\"https:\/\/www.vangraaf.com\/lv\/wp-content\/uploads\/sites\/5\/2022\/05\/M7_C_Wir_Headerbild_Gruppe_018-1.jpg 768w, https:\/\/www.vangraaf.com\/lv\/wp-content\/uploads\/sites\/5\/2022\/05\/M7_C_Wir_Headerbild_Gruppe_018-1-300x254.jpg 300w, https:\/\/www.vangraaf.com\/lv\/wp-content\/uploads\/sites\/5\/2022\/05\/M7_C_Wir_Headerbild_Gruppe_018-1-480x406.jpg 480w, https:\/\/www.vangraaf.com\/lv\/wp-content\/uploads\/sites\/5\/2022\/05\/M7_C_Wir_Headerbild_Gruppe_018-1-690x584.jpg 690w\" sizes=\"(max-width: 768px) 100vw, 768px\" \/><div class=\"quote-teaser__content__quote\">Moderni z\u012bmoli, for\u0161a komanda un liela rado\u0161\u0101 br\u012bv\u012bba.<\/div><div class=\"quote-teaser__content__author\"><p>M\u0101ra, P\u0101rdev\u0113js konsultants<\/p>\n<\/div><a class=\"button button--light\" href=\"https:\/\/www.vangraaf.com\/lv\/karjera\/darbs-un-karjera\/vakances\/\" target=\"_self\" rel=\"\" style=\"\">Pievienojies m\u016bsu komandai!<\/a><\/div><\/div><\/div><\/div>[\/vc_column][\/vc_row]<\/div>","protected":false},"excerpt":{"rendered":"[vc_row bwd_tbc4vd_show_weekday=&#8221;&#8221; full_width=&#8221;stretch_row_content_no_spaces&#8221;][vc_column][vc_column_text] Vai v\u0113lies jau r\u012bt pal\u012bdz\u0113t veidot n\u0101kotnes modes pre\u010du veikalu? Tad mums Tev ir piem\u0113rots darbs! M\u016bsu veikala komand\u0101s Tevi sagaida struktur\u0113ta hierarhija, kult\u016bra, kura tiek augsti nov\u0113rt\u0113ta\u00a0 un daudz vietas Tav\u0101m idej\u0101m. M\u0113s individu\u0101li, ilgtsp\u0113j\u012bgi un m\u0113r\u0137tiec\u012bgi ievad\u012bsim Tevi darb\u0101 VAN GRAAF \u2013 neatkar\u012bgi no t\u0101, vai s\u0101c str\u0101d\u0101t k\u0101 ies\u0101c\u0113js [&hellip;]","protected":false},"author":6,"featured_media":0,"parent":5778,"menu_order":0,"comment_status":"closed","ping_status":"closed","template":"","meta":{"_acf_changed":false,"inline_featured_image":false,"footnotes":""},"class_list":["post-5781","page","type-page","status-publish","hentry"],"acf":[],"yoast_head":"<!-- This site is optimized with the Yoast SEO plugin v27.2 - https:\/\/yoast.com\/product\/yoast-seo-wordpress\/ -->\n<title>Aktu\u0101l\u0101s vakances I VAN GRAAF<\/title>\n<meta name=\"description\" content=\"Atrodi savu ide\u0101lo darbu pie VAN GRAAF! Neatkar\u012bgi no t\u0101, vai Tu sper pirmos so\u013cus sav\u0101 karjer\u0101 vai esi jau komandas vad\u012bt\u0101js, m\u016bsu veikalam m\u0113s mekl\u0113jam tie\u0161i Tevi!\" \/>\n<meta name=\"robots\" content=\"index, follow, max-snippet:-1, max-image-preview:large, max-video-preview:-1\" \/>\n<link rel=\"canonical\" href=\"https:\/\/www.vangraaf.com\/lv\/karjera\/darbs-un-karjera\/\" \/>\n<meta property=\"og:locale\" content=\"lv_LV\" \/>\n<meta property=\"og:type\" content=\"article\" \/>\n<meta property=\"og:title\" content=\"Aktu\u0101l\u0101s vakances I VAN GRAAF\" \/>\n<meta property=\"og:description\" content=\"Atrodi savu ide\u0101lo darbu pie VAN GRAAF! Neatkar\u012bgi no t\u0101, vai Tu sper pirmos so\u013cus sav\u0101 karjer\u0101 vai esi jau komandas vad\u012bt\u0101js, m\u016bsu veikalam m\u0113s mekl\u0113jam tie\u0161i Tevi!\" \/>\n<meta property=\"og:url\" content=\"https:\/\/www.vangraaf.com\/lv\/karjera\/darbs-un-karjera\/\" \/>\n<meta property=\"og:site_name\" content=\"VAN GRAAF Latvija\" \/>\n<meta property=\"article:modified_time\" content=\"2022-07-13T11:57:09+00:00\" \/>\n<meta name=\"twitter:card\" content=\"summary_large_image\" \/>\n<meta name=\"twitter:label1\" content=\"Est. reading time\" \/>\n\t<meta name=\"twitter:data1\" content=\"3 min\u016btes\" \/>\n<script type=\"application\/ld+json\" class=\"yoast-schema-graph\">{\"@context\":\"https:\/\/schema.org\",\"@graph\":[{\"@type\":\"WebPage\",\"@id\":\"https:\/\/www.vangraaf.com\/lv\/karjera\/darbs-un-karjera\/\",\"url\":\"https:\/\/www.vangraaf.com\/lv\/karjera\/darbs-un-karjera\/\",\"name\":\"Aktu\u0101l\u0101s vakances I VAN GRAAF\",\"isPartOf\":{\"@id\":\"https:\/\/www.vangraaf.com\/lv\/#website\"},\"datePublished\":\"2022-04-26T07:27:11+00:00\",\"dateModified\":\"2022-07-13T11:57:09+00:00\",\"description\":\"Atrodi savu ide\u0101lo darbu pie VAN GRAAF! Neatkar\u012bgi no t\u0101, vai Tu sper pirmos so\u013cus sav\u0101 karjer\u0101 vai esi jau komandas vad\u012bt\u0101js, m\u016bsu veikalam m\u0113s mekl\u0113jam tie\u0161i Tevi!\",\"breadcrumb\":{\"@id\":\"https:\/\/www.vangraaf.com\/lv\/karjera\/darbs-un-karjera\/#breadcrumb\"},\"inLanguage\":\"lv-LV\",\"potentialAction\":[{\"@type\":\"ReadAction\",\"target\":[\"https:\/\/www.vangraaf.com\/lv\/karjera\/darbs-un-karjera\/\"]}]},{\"@type\":\"BreadcrumbList\",\"@id\":\"https:\/\/www.vangraaf.com\/lv\/karjera\/darbs-un-karjera\/#breadcrumb\",\"itemListElement\":[{\"@type\":\"ListItem\",\"position\":1,\"name\":\"Home\",\"item\":\"https:\/\/www.vangraaf.com\/lv\/\"},{\"@type\":\"ListItem\",\"position\":2,\"name\":\"Karjera\",\"item\":\"https:\/\/www.vangraaf.com\/lv\/karjera\/\"},{\"@type\":\"ListItem\",\"position\":3,\"name\":\"Darbs un Karjera\"}]},{\"@type\":\"WebSite\",\"@id\":\"https:\/\/www.vangraaf.com\/lv\/#website\",\"url\":\"https:\/\/www.vangraaf.com\/lv\/\",\"name\":\"VAN GRAAF\",\"description\":\"VAN GRAAF\",\"potentialAction\":[{\"@type\":\"SearchAction\",\"target\":{\"@type\":\"EntryPoint\",\"urlTemplate\":\"https:\/\/www.vangraaf.com\/lv\/?s={search_term_string}\"},\"query-input\":{\"@type\":\"PropertyValueSpecification\",\"valueRequired\":true,\"valueName\":\"search_term_string\"}}],\"inLanguage\":\"lv-LV\"}]}<\/script>\n<!-- \/ Yoast SEO plugin. -->","yoast_head_json":{"title":"Aktu\u0101l\u0101s vakances I VAN GRAAF","description":"Atrodi savu ide\u0101lo darbu pie VAN GRAAF! Neatkar\u012bgi no t\u0101, vai Tu sper pirmos so\u013cus sav\u0101 karjer\u0101 vai esi jau komandas vad\u012bt\u0101js, m\u016bsu veikalam m\u0113s mekl\u0113jam tie\u0161i Tevi!","robots":{"index":"index","follow":"follow","max-snippet":"max-snippet:-1","max-image-preview":"max-image-preview:large","max-video-preview":"max-video-preview:-1"},"canonical":"https:\/\/www.vangraaf.com\/lv\/karjera\/darbs-un-karjera\/","og_locale":"lv_LV","og_type":"article","og_title":"Aktu\u0101l\u0101s vakances I VAN GRAAF","og_description":"Atrodi savu ide\u0101lo darbu pie VAN GRAAF! Neatkar\u012bgi no t\u0101, vai Tu sper pirmos so\u013cus sav\u0101 karjer\u0101 vai esi jau komandas vad\u012bt\u0101js, m\u016bsu veikalam m\u0113s mekl\u0113jam tie\u0161i Tevi!","og_url":"https:\/\/www.vangraaf.com\/lv\/karjera\/darbs-un-karjera\/","og_site_name":"VAN GRAAF Latvija","article_modified_time":"2022-07-13T11:57:09+00:00","twitter_card":"summary_large_image","twitter_misc":{"Est. reading time":"3 min\u016btes"},"schema":{"@context":"https:\/\/schema.org","@graph":[{"@type":"WebPage","@id":"https:\/\/www.vangraaf.com\/lv\/karjera\/darbs-un-karjera\/","url":"https:\/\/www.vangraaf.com\/lv\/karjera\/darbs-un-karjera\/","name":"Aktu\u0101l\u0101s vakances I VAN GRAAF","isPartOf":{"@id":"https:\/\/www.vangraaf.com\/lv\/#website"},"datePublished":"2022-04-26T07:27:11+00:00","dateModified":"2022-07-13T11:57:09+00:00","description":"Atrodi savu ide\u0101lo darbu pie VAN GRAAF! Neatkar\u012bgi no t\u0101, vai Tu sper pirmos so\u013cus sav\u0101 karjer\u0101 vai esi jau komandas vad\u012bt\u0101js, m\u016bsu veikalam m\u0113s mekl\u0113jam tie\u0161i Tevi!","breadcrumb":{"@id":"https:\/\/www.vangraaf.com\/lv\/karjera\/darbs-un-karjera\/#breadcrumb"},"inLanguage":"lv-LV","potentialAction":[{"@type":"ReadAction","target":["https:\/\/www.vangraaf.com\/lv\/karjera\/darbs-un-karjera\/"]}]},{"@type":"BreadcrumbList","@id":"https:\/\/www.vangraaf.com\/lv\/karjera\/darbs-un-karjera\/#breadcrumb","itemListElement":[{"@type":"ListItem","position":1,"name":"Home","item":"https:\/\/www.vangraaf.com\/lv\/"},{"@type":"ListItem","position":2,"name":"Karjera","item":"https:\/\/www.vangraaf.com\/lv\/karjera\/"},{"@type":"ListItem","position":3,"name":"Darbs un Karjera"}]},{"@type":"WebSite","@id":"https:\/\/www.vangraaf.com\/lv\/#website","url":"https:\/\/www.vangraaf.com\/lv\/","name":"VAN GRAAF","description":"VAN GRAAF","potentialAction":[{"@type":"SearchAction","target":{"@type":"EntryPoint","urlTemplate":"https:\/\/www.vangraaf.com\/lv\/?s={search_term_string}"},"query-input":{"@type":"PropertyValueSpecification","valueRequired":true,"valueName":"search_term_string"}}],"inLanguage":"lv-LV"}]}},"_links":{"self":[{"href":"https:\/\/www.vangraaf.com\/lv\/wp-json\/wp\/v2\/pages\/5781","targetHints":{"allow":["GET"]}}],"collection":[{"href":"https:\/\/www.vangraaf.com\/lv\/wp-json\/wp\/v2\/pages"}],"about":[{"href":"https:\/\/www.vangraaf.com\/lv\/wp-json\/wp\/v2\/types\/page"}],"author":[{"embeddable":true,"href":"https:\/\/www.vangraaf.com\/lv\/wp-json\/wp\/v2\/users\/6"}],"replies":[{"embeddable":true,"href":"https:\/\/www.vangraaf.com\/lv\/wp-json\/wp\/v2\/comments?post=5781"}],"version-history":[{"count":22,"href":"https:\/\/www.vangraaf.com\/lv\/wp-json\/wp\/v2\/pages\/5781\/revisions"}],"predecessor-version":[{"id":6300,"href":"https:\/\/www.vangraaf.com\/lv\/wp-json\/wp\/v2\/pages\/5781\/revisions\/6300"}],"up":[{"embeddable":true,"href":"https:\/\/www.vangraaf.com\/lv\/wp-json\/wp\/v2\/pages\/5778"}],"wp:attachment":[{"href":"https:\/\/www.vangraaf.com\/lv\/wp-json\/wp\/v2\/media?parent=5781"}],"curies":[{"name":"wp","href":"https:\/\/api.w.org\/{rel}","templated":true}]}}