{"id":5778,"date":"2022-04-26T09:18:24","date_gmt":"2022-04-26T07:18:24","guid":{"rendered":"https:\/\/www.vangraaf.com\/lv\/?page_id=5778"},"modified":"2022-07-19T12:51:39","modified_gmt":"2022-07-19T10:51:39","slug":"karjera","status":"publish","type":"page","link":"https:\/\/www.vangraaf.com\/lv\/karjera\/","title":{"rendered":"Karjera"},"content":{"rendered":"<div class=\"wpb-content-wrapper\">[vc_row bwd_tbc4vd_show_weekday=&#8221;&#8221; full_width=&#8221;stretch_row_content_no_spaces&#8221;][vc_column]<div class=\"visual-slider js-visual-slider\" data-aos=\"fade-up\"><div class=\"visual-slider__item\" ><div ><div class=\"visual-slider__item__visual\"><img loading=\"lazy\" decoding=\"async\" width=\"1440\" height=\"480\" src=\"https:\/\/www.vangraaf.com\/lv\/wp-content\/uploads\/sites\/5\/2021\/05\/M10_M_Portraits_Buero_026.jpg\" class=\"attachment-van-graaf-visual size-van-graaf-visual\" alt=\"Darbs un Karjera\" srcset=\"https:\/\/www.vangraaf.com\/lv\/wp-content\/uploads\/sites\/5\/2021\/05\/M10_M_Portraits_Buero_026.jpg 1440w, https:\/\/www.vangraaf.com\/lv\/wp-content\/uploads\/sites\/5\/2021\/05\/M10_M_Portraits_Buero_026-300x100.jpg 300w, https:\/\/www.vangraaf.com\/lv\/wp-content\/uploads\/sites\/5\/2021\/05\/M10_M_Portraits_Buero_026-1024x341.jpg 1024w, https:\/\/www.vangraaf.com\/lv\/wp-content\/uploads\/sites\/5\/2021\/05\/M10_M_Portraits_Buero_026-768x256.jpg 768w, https:\/\/www.vangraaf.com\/lv\/wp-content\/uploads\/sites\/5\/2021\/05\/M10_M_Portraits_Buero_026-1200x400.jpg 1200w, https:\/\/www.vangraaf.com\/lv\/wp-content\/uploads\/sites\/5\/2021\/05\/M10_M_Portraits_Buero_026-992x331.jpg 992w, https:\/\/www.vangraaf.com\/lv\/wp-content\/uploads\/sites\/5\/2021\/05\/M10_M_Portraits_Buero_026-480x160.jpg 480w, https:\/\/www.vangraaf.com\/lv\/wp-content\/uploads\/sites\/5\/2021\/05\/M10_M_Portraits_Buero_026-690x230.jpg 690w\" sizes=\"(max-width: 1440px) 100vw, 1440px\" \/><\/div><\/div><\/div><div class=\"visual-slider__item\" data-visual-href=\"https:\/\/www.vangraaf.com\/lv\/karjera\/darbs-un-karjera\/pardosana\/\" data-visual-target=\"_self\"><div ><div class=\"visual-slider__item__visual\"><a class=\"\" href=\"https:\/\/www.vangraaf.com\/lv\/karjera\/darbs-un-karjera\/pardosana\/\" target=\"_self\" rel=\"\" style=\"\"><img loading=\"lazy\" decoding=\"async\" width=\"1440\" height=\"480\" src=\"https:\/\/www.vangraaf.com\/lv\/wp-content\/uploads\/sites\/5\/2022\/05\/M1_F_Schueler_Eltern_Lehrer_003.jpg\" class=\"attachment-van-graaf-visual size-van-graaf-visual\" alt=\"P\u0101rdo\u0161ana\" srcset=\"https:\/\/www.vangraaf.com\/lv\/wp-content\/uploads\/sites\/5\/2022\/05\/M1_F_Schueler_Eltern_Lehrer_003.jpg 1440w, https:\/\/www.vangraaf.com\/lv\/wp-content\/uploads\/sites\/5\/2022\/05\/M1_F_Schueler_Eltern_Lehrer_003-300x100.jpg 300w, https:\/\/www.vangraaf.com\/lv\/wp-content\/uploads\/sites\/5\/2022\/05\/M1_F_Schueler_Eltern_Lehrer_003-1024x341.jpg 1024w, https:\/\/www.vangraaf.com\/lv\/wp-content\/uploads\/sites\/5\/2022\/05\/M1_F_Schueler_Eltern_Lehrer_003-768x256.jpg 768w, https:\/\/www.vangraaf.com\/lv\/wp-content\/uploads\/sites\/5\/2022\/05\/M1_F_Schueler_Eltern_Lehrer_003-1200x400.jpg 1200w, https:\/\/www.vangraaf.com\/lv\/wp-content\/uploads\/sites\/5\/2022\/05\/M1_F_Schueler_Eltern_Lehrer_003-992x331.jpg 992w, https:\/\/www.vangraaf.com\/lv\/wp-content\/uploads\/sites\/5\/2022\/05\/M1_F_Schueler_Eltern_Lehrer_003-480x160.jpg 480w, https:\/\/www.vangraaf.com\/lv\/wp-content\/uploads\/sites\/5\/2022\/05\/M1_F_Schueler_Eltern_Lehrer_003-690x230.jpg 690w\" sizes=\"(max-width: 1440px) 100vw, 1440px\" \/><\/a><\/div><\/div><\/div><div class=\"visual-slider__item\" data-visual-href=\"https:\/\/www.vangraaf.com\/lv\/karjera\/darbs-un-karjera\/logistika-un-tehniskais-nodrosinajums\/\" data-visual-target=\"_self\"><div ><div class=\"visual-slider__item__visual\"><a class=\"\" href=\"https:\/\/www.vangraaf.com\/lv\/karjera\/darbs-un-karjera\/logistika-un-tehniskais-nodrosinajums\/\" target=\"_self\" rel=\"\" style=\"\"><img loading=\"lazy\" decoding=\"async\" width=\"1440\" height=\"480\" src=\"https:\/\/www.vangraaf.com\/lv\/wp-content\/uploads\/sites\/5\/2022\/05\/M8_E_VK_Logistik_055.jpg\" class=\"attachment-van-graaf-visual size-van-graaf-visual\" alt=\"Lo\u0123istika un tehnika\" srcset=\"https:\/\/www.vangraaf.com\/lv\/wp-content\/uploads\/sites\/5\/2022\/05\/M8_E_VK_Logistik_055.jpg 1440w, https:\/\/www.vangraaf.com\/lv\/wp-content\/uploads\/sites\/5\/2022\/05\/M8_E_VK_Logistik_055-300x100.jpg 300w, https:\/\/www.vangraaf.com\/lv\/wp-content\/uploads\/sites\/5\/2022\/05\/M8_E_VK_Logistik_055-1024x341.jpg 1024w, https:\/\/www.vangraaf.com\/lv\/wp-content\/uploads\/sites\/5\/2022\/05\/M8_E_VK_Logistik_055-768x256.jpg 768w, https:\/\/www.vangraaf.com\/lv\/wp-content\/uploads\/sites\/5\/2022\/05\/M8_E_VK_Logistik_055-1200x400.jpg 1200w, https:\/\/www.vangraaf.com\/lv\/wp-content\/uploads\/sites\/5\/2022\/05\/M8_E_VK_Logistik_055-992x331.jpg 992w, https:\/\/www.vangraaf.com\/lv\/wp-content\/uploads\/sites\/5\/2022\/05\/M8_E_VK_Logistik_055-480x160.jpg 480w, https:\/\/www.vangraaf.com\/lv\/wp-content\/uploads\/sites\/5\/2022\/05\/M8_E_VK_Logistik_055-690x230.jpg 690w\" sizes=\"(max-width: 1440px) 100vw, 1440px\" \/><\/a><\/div><\/div><\/div><div class=\"visual-slider__item\" data-visual-href=\"https:\/\/www.vangraaf.com\/lv\/karjera\/darbs-un-karjera\/vizuala-noformesana\/\" data-visual-target=\"_self\"><div ><div class=\"visual-slider__item__visual\"><a class=\"\" href=\"https:\/\/www.vangraaf.com\/lv\/karjera\/darbs-un-karjera\/vizuala-noformesana\/\" target=\"_self\" rel=\"\" style=\"\"><img loading=\"lazy\" decoding=\"async\" width=\"1440\" height=\"480\" src=\"https:\/\/www.vangraaf.com\/lv\/wp-content\/uploads\/sites\/5\/2022\/05\/M4_C_Berufserfahrene_083-1.jpg\" class=\"attachment-van-graaf-visual size-van-graaf-visual\" alt=\"Vizu\u0101l\u0101 noform\u0113\u0161ana\" srcset=\"https:\/\/www.vangraaf.com\/lv\/wp-content\/uploads\/sites\/5\/2022\/05\/M4_C_Berufserfahrene_083-1.jpg 1440w, https:\/\/www.vangraaf.com\/lv\/wp-content\/uploads\/sites\/5\/2022\/05\/M4_C_Berufserfahrene_083-1-300x100.jpg 300w, https:\/\/www.vangraaf.com\/lv\/wp-content\/uploads\/sites\/5\/2022\/05\/M4_C_Berufserfahrene_083-1-1024x341.jpg 1024w, https:\/\/www.vangraaf.com\/lv\/wp-content\/uploads\/sites\/5\/2022\/05\/M4_C_Berufserfahrene_083-1-768x256.jpg 768w, https:\/\/www.vangraaf.com\/lv\/wp-content\/uploads\/sites\/5\/2022\/05\/M4_C_Berufserfahrene_083-1-1200x400.jpg 1200w, https:\/\/www.vangraaf.com\/lv\/wp-content\/uploads\/sites\/5\/2022\/05\/M4_C_Berufserfahrene_083-1-992x331.jpg 992w, https:\/\/www.vangraaf.com\/lv\/wp-content\/uploads\/sites\/5\/2022\/05\/M4_C_Berufserfahrene_083-1-480x160.jpg 480w, https:\/\/www.vangraaf.com\/lv\/wp-content\/uploads\/sites\/5\/2022\/05\/M4_C_Berufserfahrene_083-1-690x230.jpg 690w\" sizes=\"(max-width: 1440px) 100vw, 1440px\" \/><\/a><\/div><\/div><\/div><\/div>[\/vc_column][\/vc_row][vc_row bwd_tbc4vd_show_weekday=&#8221;&#8221; full_width=&#8221;stretch_row_content_no_spaces&#8221;][vc_column]\n        <div class=\"headlines headlines--center\" data-aos=\"fade-up\">\n            <div class=\"vc_row\">\n                <div class=\"vc_col-md-10 vc_col-md-offset-1 vc_col-lg-10 vc_col-lg-offset-1\"><span class=\"h6\">Ar aizraut\u012bbu pret modi un cilv\u0113kiem<\/span><h1 class=\"h2\">Karjera VAN GRAAF<\/h1><\/div>\n            <\/div>\n        <\/div>[vc_column_text]\r\n<p style=\"text-align: center\">Priec\u0101jamies, ka esi \u0161eit \u2013 m\u016bsu karjeras sada\u013c\u0101 un varb\u016bt dr\u012bzum\u0101 ar\u012b m\u016bsu komand\u0101. K\u0101 starptautisku daudzkan\u0101lu mazumtirgot\u0101ju m\u016bs vieno kop\u012bgs redz\u0113jums \u2013 pied\u0101v\u0101t saviem klientiem aizraujo\u0161u iepirk\u0161an\u0101s pieredzi visos kan\u0101los. Neatkar\u012bgi no t\u0101, vai tas ir p\u0101rdo\u0161anas, vizu\u0101l\u0101s noform\u0113\u0161anas vai iek\u0161\u0113j\u0101s lo\u0123istikas jom\u0101: starptautisk\u0101 modes ap\u0123\u0113rbu mazumtirdzniec\u012bba ir aizraujo\u0161a izaugsmes joma, kur\u0101 m\u0113s mekl\u0113jam Tevi, Tavas prasmes un talantus.<\/p>\r\n[\/vc_column_text][\/vc_column][\/vc_row][vc_row bwd_tbc4vd_show_weekday=&#8221;&#8221; full_width=&#8221;stretch_row_content_no_spaces&#8221;][vc_column]<div class=\"vice-versa-teaser vice-versa-teaser--dark\" style=\"--season-color: #ededed\" data-aos=\"fade-up\"><div class=\"vice-versa-teaser__inner\">\n                        <div class=\"content_wrap\"><div class=\"vg-element vice-versa-teaser__item vice-versa-teaser__item--left\"><div class=\"vc_row vc_row-flex\"><div class=\"vc_col-xs-12 vc_col-sm-6\"><div class=\"vice-versa-teaser__item__image-wrap\"><a class=\"\" href=\"https:\/\/www.vangraaf.com\/lv\/karjera\/mes\/musu-kopejais-darbs\/\" target=\"_self\" rel=\"\" style=\"\"><img loading=\"lazy\" decoding=\"async\" width=\"555\" height=\"735\" src=\"https:\/\/www.vangraaf.com\/lv\/wp-content\/uploads\/sites\/5\/2022\/05\/M7_D_Wir_Headerbild_Gruppe_030-5.jpg\" class=\"attachment-van-graaf-vice-versa-teaser size-van-graaf-vice-versa-teaser\" alt=\"Vienoti kop\u0101\" srcset=\"https:\/\/www.vangraaf.com\/lv\/wp-content\/uploads\/sites\/5\/2022\/05\/M7_D_Wir_Headerbild_Gruppe_030-5.jpg 555w, https:\/\/www.vangraaf.com\/lv\/wp-content\/uploads\/sites\/5\/2022\/05\/M7_D_Wir_Headerbild_Gruppe_030-5-227x300.jpg 227w, https:\/\/www.vangraaf.com\/lv\/wp-content\/uploads\/sites\/5\/2022\/05\/M7_D_Wir_Headerbild_Gruppe_030-5-480x636.jpg 480w\" sizes=\"(max-width: 555px) 100vw, 555px\" \/><\/a><\/div><\/div><div class=\"vice-versa-teaser__item__content-wrap vc_col-xs-12 vc_col-sm-6 vc_col-md-4 vc_col-md-offset-1\"><div class=\"vice-versa-teaser__item__content\"><h3>Vienoti kop\u0101<\/h3><p>M\u016bs vieno kop\u012bga aizraut\u012bba ar modi un cilv\u0113kiem. M\u0113s izdz\u012bvojam un akt\u012bvi veicin\u0101m savu salied\u0113t\u012bbu, lai iedvesmotu sevi un citus. Uzziniet, kas padara darbu VAN GRAAF tik \u012bpa\u0161u.<\/p><a class=\"button button--dark\" href=\"https:\/\/www.vangraaf.com\/lv\/karjera\/mes\/musu-kopejais-darbs\/\" target=\"_self\" rel=\"\" style=\"\">Uzzin\u0101t vair\u0101k<\/a><\/div><\/div><\/div><\/div><div class=\"vg-element vice-versa-teaser__item vice-versa-teaser__item--right\"><div class=\"vc_row vc_row-flex\"><div class=\"vc_col-xs-12 vc_col-sm-6 vc_col-sm-push-6\"><div class=\"vice-versa-teaser__item__image-wrap\"><a class=\"\" href=\"https:\/\/www.vangraaf.com\/lv\/karjera\/mes\/attistiba\/\" target=\"_self\" rel=\"\" style=\"\"><img loading=\"lazy\" decoding=\"async\" width=\"555\" height=\"735\" src=\"https:\/\/www.vangraaf.com\/lv\/wp-content\/uploads\/sites\/5\/2022\/05\/M12_A_GRUPPE_PORTRAIT_TRAINER_005-2.jpg\" class=\"attachment-van-graaf-vice-versa-teaser size-van-graaf-vice-versa-teaser\" alt=\"Att\u012bst\u012bba\" srcset=\"https:\/\/www.vangraaf.com\/lv\/wp-content\/uploads\/sites\/5\/2022\/05\/M12_A_GRUPPE_PORTRAIT_TRAINER_005-2.jpg 555w, https:\/\/www.vangraaf.com\/lv\/wp-content\/uploads\/sites\/5\/2022\/05\/M12_A_GRUPPE_PORTRAIT_TRAINER_005-2-227x300.jpg 227w, https:\/\/www.vangraaf.com\/lv\/wp-content\/uploads\/sites\/5\/2022\/05\/M12_A_GRUPPE_PORTRAIT_TRAINER_005-2-480x636.jpg 480w\" sizes=\"(max-width: 555px) 100vw, 555px\" \/><\/a><\/div><\/div><div class=\"vice-versa-teaser__item__content-wrap vc_col-xs-12 vc_col-sm-6 vc_col-md-4 vc_col-md-offset-1 vc_col-sm-pull-6\"><div class=\"vice-versa-teaser__item__content\"><h3>Att\u012bst\u012bba<\/h3><p>Uz\u0146\u0113mum\u0101 VAN GRAAF galvenais ir Tava person\u012bg\u0101 izaugsme. Neatkar\u012bgi no t\u0101, vai esi darbinieks vai vad\u012bt\u0101js \u2013 ar daudzveid\u012bg\u0101m apm\u0101c\u012bbas un att\u012bst\u012bbas programm\u0101m m\u0113s nodro\u0161in\u0101sim, lai Tu b\u016btu gatavs n\u0101kotnei kop\u0101 ar mums.<\/p><a class=\"button button--dark\" href=\"https:\/\/www.vangraaf.com\/lv\/karjera\/mes\/attistiba\/\" target=\"_self\" rel=\"\" style=\"\">Uzzin\u0101t vair\u0101k<\/a><\/div><\/div><\/div><\/div><\/div><\/div><\/div>[\/vc_column][\/vc_row][vc_row][vc_column]\n        <div class=\"headlines headlines--center\" data-aos=\"fade-up\">\n            <div class=\"vc_row\">\n                <div class=\"vc_col-md-10 vc_col-md-offset-1 vc_col-lg-10 vc_col-lg-offset-1\"><h2 class=\"h2\">Noda\u013cas<\/h2><\/div>\n            <\/div>\n        <\/div>[vc_column_text]\r\n<p style=\"text-align: center\">VAN GRAAF ir daudzpus\u012bgs, kr\u0101sains un starptautisks. M\u0113s izdz\u012bvojam un dal\u0101mies sav\u0101 redz\u0113jum\u0101 vis\u0101s uz\u0146\u0113muma noda\u013c\u0101s. Tev tas noz\u012bm\u0113 dinamiskus un aizraujo\u0161us uzdevumus komand\u0101, kur\u0101 Tu uzreiz jut\u012bsies gaid\u012bts. Iepaz\u012bsties ar darba iesp\u0113ju daudzveid\u012bbu da\u017e\u0101d\u0101s VAN GRAAF noda\u013c\u0101s.<\/p>\r\n[\/vc_column_text][\/vc_column][\/vc_row][vc_row][vc_column width=&#8221;1\/3&#8243;]<div class=\"vg-element cta-teaser cta-teaser--center\" data-aos=\"fade-up\"><div class=\"cta-teaser__image\"><a class=\"\" href=\"https:\/\/www.vangraaf.com\/lv\/karjera\/darbs-un-karjera\/pardosana\/\" target=\"_self\" rel=\"\" style=\"\"><img loading=\"lazy\" decoding=\"async\" width=\"378\" height=\"565\" src=\"https:\/\/www.vangraaf.com\/lv\/wp-content\/uploads\/sites\/5\/2022\/05\/M1_F_Schueler_Eltern_Lehrer_003-1.jpg\" class=\"vc_single_image-img attachment-full\" alt=\"P\u0101rdo\u0161ana\" title=\"P\u0101rdo\u0161ana\" srcset=\"https:\/\/www.vangraaf.com\/lv\/wp-content\/uploads\/sites\/5\/2022\/05\/M1_F_Schueler_Eltern_Lehrer_003-1.jpg 378w, https:\/\/www.vangraaf.com\/lv\/wp-content\/uploads\/sites\/5\/2022\/05\/M1_F_Schueler_Eltern_Lehrer_003-1-201x300.jpg 201w\" sizes=\"(max-width: 378px) 100vw, 378px\" \/><\/a><\/div><div class=\"cta-teaser__text\"><h3>P\u0101rdo\u0161ana<\/h3><p>Vai Tevi interes\u0113 mode? VAN GRAAF p\u0101rdev\u0113ja konsultanta darb\u0101 Tu katru dienu kontakt\u0113sies ar m\u016bsu klientiem un izmantosi savas zin\u0101\u0161anas, lai izveidotu perfektu klienta iet\u0113rpu ikvienam pas\u0101kumam.<\/p><a class=\"button\" href=\"https:\/\/www.vangraaf.com\/lv\/karjera\/darbs-un-karjera\/pardosana\/\" target=\"_self\" rel=\"\" style=\"\">Uzzin\u0101t vair\u0101k<\/a><\/div><\/div>[\/vc_column][vc_column width=&#8221;1\/3&#8243;]<div class=\"vg-element cta-teaser cta-teaser--center\" data-aos=\"fade-up\"><div class=\"cta-teaser__image\"><a class=\"\" href=\"https:\/\/www.vangraaf.com\/lv\/karjera\/darbs-un-karjera\/logistika-un-tehniskais-nodrosinajums\/\" target=\"_self\" rel=\"\" style=\"\"><img loading=\"lazy\" decoding=\"async\" width=\"378\" height=\"565\" src=\"https:\/\/www.vangraaf.com\/lv\/wp-content\/uploads\/sites\/5\/2022\/05\/M8_E_VK_Logistik_055_1.jpg\" class=\"vc_single_image-img attachment-full\" alt=\"Lo\u0123istika un tehnika\" title=\"Lo\u0123istika un tehnika\" srcset=\"https:\/\/www.vangraaf.com\/lv\/wp-content\/uploads\/sites\/5\/2022\/05\/M8_E_VK_Logistik_055_1.jpg 378w, https:\/\/www.vangraaf.com\/lv\/wp-content\/uploads\/sites\/5\/2022\/05\/M8_E_VK_Logistik_055_1-201x300.jpg 201w\" sizes=\"(max-width: 378px) 100vw, 378px\" \/><\/a><\/div><div class=\"cta-teaser__text\"><h3>Lo\u0123istika un tehnika<\/h3><p>Tevi saista lo\u0123istikas nozare vai ar\u012b Tu labi p\u0101rzini tehnisko apr\u012bkojumu? M\u016bsu lo\u0123istikas un tehniskaj\u0101 komand\u0101 Tevi gaida daudzveid\u012bgas iesp\u0113jas un aizraujo\u0161i darba uzdevumi.<\/p><a class=\"button\" href=\"https:\/\/www.vangraaf.com\/lv\/karjera\/darbs-un-karjera\/logistika-un-tehniskais-nodrosinajums\/\" target=\"_self\" rel=\"\" style=\"\">Uzzin\u0101t vair\u0101k<\/a><\/div><\/div>[\/vc_column][vc_column width=&#8221;1\/3&#8243;]<div class=\"vg-element cta-teaser cta-teaser--center\" data-aos=\"fade-up\"><div class=\"cta-teaser__image\"><a class=\"\" href=\"https:\/\/www.vangraaf.com\/lv\/karjera\/darbs-un-karjera\/vizuala-noformesana\/\" target=\"_self\" rel=\"\" style=\"\"><img loading=\"lazy\" decoding=\"async\" width=\"378\" height=\"565\" src=\"https:\/\/www.vangraaf.com\/lv\/wp-content\/uploads\/sites\/5\/2022\/05\/M4_C_Berufserfahrene_083.jpg\" class=\"vc_single_image-img attachment-full\" alt=\"Vizu\u0101l\u0101 noform\u0113\u0161ana\" title=\"Vizu\u0101l\u0101 noform\u0113\u0161ana\" srcset=\"https:\/\/www.vangraaf.com\/lv\/wp-content\/uploads\/sites\/5\/2022\/05\/M4_C_Berufserfahrene_083.jpg 378w, https:\/\/www.vangraaf.com\/lv\/wp-content\/uploads\/sites\/5\/2022\/05\/M4_C_Berufserfahrene_083-201x300.jpg 201w\" sizes=\"(max-width: 378px) 100vw, 378px\" \/><\/a><\/div><div class=\"cta-teaser__text\"><h3>Vizu\u0101l\u0101 noform\u0113\u0161ana<\/h3><p>Tev pat\u012bk prasm\u012bgi noform\u0113t veikalu skatlogus? VAN GRAAF vizu\u0101l\u0101s noform\u0113\u0161anas jom\u0101 Tu \u012bstenosi savas rado\u0161\u0101s idejas un r\u016bp\u0113sies par iedvesmojo\u0161u veikala atmosf\u0113ru.<\/p><a class=\"button\" href=\"https:\/\/www.vangraaf.com\/lv\/karjera\/darbs-un-karjera\/vizuala-noformesana\/\" target=\"_self\" rel=\"\" style=\"\">Uzzin\u0101t vair\u0101k<\/a><\/div><\/div>[\/vc_column][\/vc_row][vc_row][vc_column]\n        <div class=\"headlines headlines--center\" data-aos=\"fade-up\">\n            <div class=\"vc_row\">\n                <div class=\"vc_col-md-10 vc_col-md-offset-1 vc_col-lg-10 vc_col-lg-offset-1\"><h2 class=\"h2\">Ieguvumi, str\u0101d\u0101jot VAN GRAAF<\/h2><\/div>\n            <\/div>\n        <\/div><div class=\"vg-element icon-teaser icon-teaser--right\" data-aos=\"fade-up\"><div class=\"vc_row icon-teaser__items\"><div class=\"icon-teaser__item vc_col-md-4\"><div class=\"icon-teaser__item__inner\"><div class=\"icon-teaser__item__icon\"><img loading=\"lazy\" decoding=\"async\" width=\"1\" height=\"1\" src=\"https:\/\/www.vangraaf.com\/lv\/wp-content\/uploads\/sites\/5\/2021\/05\/mitarbeiterrabatte.svg\" class=\"attachment-full size-full\" alt=\"Atlaides darbiniekiem\" \/><\/div><div class=\"icon-teaser__item__content\"><h4>Darbinieku atlaides<\/h4><p>Pievilc\u012bgas atlaides visam VAN GRAAF pied\u0101v\u0101tajam sortimentam.<\/p><\/div><\/div><\/div><div class=\"icon-teaser__item vc_col-md-4\"><div class=\"icon-teaser__item__inner\"><div class=\"icon-teaser__item__icon\"><img loading=\"lazy\" decoding=\"async\" width=\"1\" height=\"1\" src=\"https:\/\/www.vangraaf.com\/lv\/wp-content\/uploads\/sites\/5\/2021\/05\/trainingswelt.svg\" class=\"attachment-full size-full\" alt=\"VAN GRAAF apm\u0101c\u012bbas\" \/><\/div><div class=\"icon-teaser__item__content\"><h4>VAN GRAAF apm\u0101c\u012bbas<\/h4><p>Daudzveid\u012bgs apm\u0101c\u012bbu pied\u0101v\u0101jums veiksm\u012bgai n\u0101kotnei.<\/p><\/div><\/div><\/div><div class=\"icon-teaser__item vc_col-md-4\"><div class=\"icon-teaser__item__inner\"><div class=\"icon-teaser__item__icon\"><img loading=\"lazy\" decoding=\"async\" width=\"1\" height=\"1\" src=\"https:\/\/www.vangraaf.com\/lv\/wp-content\/uploads\/sites\/5\/2022\/05\/outfit.svg\" class=\"attachment-full size-full\" alt=\"\" \/><\/div><div class=\"icon-teaser__item__content\"><h4>Tavs VAN GRAAF darba ap\u0123\u0113rbs<\/h4><p>Divreiz gad\u0101 jauns darba ap\u0123\u0113rbs.<\/p><\/div><\/div><\/div><\/div><div class=\"icon-teaser__cta\"><a class=\"button\" href=\"https:\/\/www.vangraaf.com\/lv\/karjera\/mes\/ieguvumi\/\" target=\"_self\" rel=\"\" style=\"\">Atkl\u0101t visas priek\u0161roc\u012bbas<\/a><\/div><\/div>[\/vc_column][\/vc_row]<\/div>","protected":false},"excerpt":{"rendered":"[vc_row bwd_tbc4vd_show_weekday=&#8221;&#8221; full_width=&#8221;stretch_row_content_no_spaces&#8221;][vc_column][\/vc_column][\/vc_row][vc_row bwd_tbc4vd_show_weekday=&#8221;&#8221; full_width=&#8221;stretch_row_content_no_spaces&#8221;][vc_column][vc_column_text] Priec\u0101jamies, ka esi \u0161eit \u2013 m\u016bsu karjeras sada\u013c\u0101 un varb\u016bt dr\u012bzum\u0101 ar\u012b m\u016bsu komand\u0101. K\u0101 starptautisku daudzkan\u0101lu mazumtirgot\u0101ju m\u016bs vieno kop\u012bgs redz\u0113jums \u2013 pied\u0101v\u0101t saviem klientiem aizraujo\u0161u iepirk\u0161an\u0101s pieredzi visos kan\u0101los. Neatkar\u012bgi no t\u0101, vai tas ir p\u0101rdo\u0161anas, vizu\u0101l\u0101s noform\u0113\u0161anas vai iek\u0161\u0113j\u0101s lo\u0123istikas jom\u0101: starptautisk\u0101 modes ap\u0123\u0113rbu mazumtirdzniec\u012bba ir aizraujo\u0161a [&hellip;]","protected":false},"author":6,"featured_media":0,"parent":0,"menu_order":0,"comment_status":"closed","ping_status":"closed","template":"","meta":{"_acf_changed":false,"inline_featured_image":false,"footnotes":""},"class_list":["post-5778","page","type-page","status-publish","hentry"],"acf":[],"yoast_head":"<!-- This site is optimized with the Yoast SEO plugin v27.2 - https:\/\/yoast.com\/product\/yoast-seo-wordpress\/ -->\n<title>Karjera I VAN GRAAF<\/title>\n<meta name=\"description\" content=\"M\u0113s veidojam n\u0101kotnes modes ap\u0123\u0113rbu mazumtirdzniec\u012bbu. Neatkar\u012bgi no t\u0101, vai str\u0101d\u0101 p\u0101rdo\u0161anas, vizu\u0101l\u0101s noform\u0113\u0161anas vai iek\u0161\u0113j\u0101s lo\u0123istikas jom\u0101: atrodi savu sap\u0146u darbu VAN GRAAF.\" \/>\n<meta name=\"robots\" content=\"index, follow, max-snippet:-1, max-image-preview:large, max-video-preview:-1\" \/>\n<link rel=\"canonical\" href=\"https:\/\/www.vangraaf.com\/lv\/karjera\/\" \/>\n<meta property=\"og:locale\" content=\"lv_LV\" \/>\n<meta property=\"og:type\" content=\"article\" \/>\n<meta property=\"og:title\" content=\"Karjera I VAN GRAAF\" \/>\n<meta property=\"og:description\" content=\"M\u0113s veidojam n\u0101kotnes modes ap\u0123\u0113rbu mazumtirdzniec\u012bbu. Neatkar\u012bgi no t\u0101, vai str\u0101d\u0101 p\u0101rdo\u0161anas, vizu\u0101l\u0101s noform\u0113\u0161anas vai iek\u0161\u0113j\u0101s lo\u0123istikas jom\u0101: atrodi savu sap\u0146u darbu VAN GRAAF.\" \/>\n<meta property=\"og:url\" content=\"https:\/\/www.vangraaf.com\/lv\/karjera\/\" \/>\n<meta property=\"og:site_name\" content=\"VAN GRAAF Latvija\" \/>\n<meta property=\"article:modified_time\" content=\"2022-07-19T10:51:39+00:00\" \/>\n<meta name=\"twitter:card\" content=\"summary_large_image\" \/>\n<meta name=\"twitter:label1\" content=\"Est. reading time\" \/>\n\t<meta name=\"twitter:data1\" content=\"5 min\u016btes\" \/>\n<script type=\"application\/ld+json\" class=\"yoast-schema-graph\">{\"@context\":\"https:\/\/schema.org\",\"@graph\":[{\"@type\":\"WebPage\",\"@id\":\"https:\/\/www.vangraaf.com\/lv\/karjera\/\",\"url\":\"https:\/\/www.vangraaf.com\/lv\/karjera\/\",\"name\":\"Karjera I VAN GRAAF\",\"isPartOf\":{\"@id\":\"https:\/\/www.vangraaf.com\/lv\/#website\"},\"datePublished\":\"2022-04-26T07:18:24+00:00\",\"dateModified\":\"2022-07-19T10:51:39+00:00\",\"description\":\"M\u0113s veidojam n\u0101kotnes modes ap\u0123\u0113rbu mazumtirdzniec\u012bbu. Neatkar\u012bgi no t\u0101, vai str\u0101d\u0101 p\u0101rdo\u0161anas, vizu\u0101l\u0101s noform\u0113\u0161anas vai iek\u0161\u0113j\u0101s lo\u0123istikas jom\u0101: atrodi savu sap\u0146u darbu VAN GRAAF.\",\"breadcrumb\":{\"@id\":\"https:\/\/www.vangraaf.com\/lv\/karjera\/#breadcrumb\"},\"inLanguage\":\"lv-LV\",\"potentialAction\":[{\"@type\":\"ReadAction\",\"target\":[\"https:\/\/www.vangraaf.com\/lv\/karjera\/\"]}]},{\"@type\":\"BreadcrumbList\",\"@id\":\"https:\/\/www.vangraaf.com\/lv\/karjera\/#breadcrumb\",\"itemListElement\":[{\"@type\":\"ListItem\",\"position\":1,\"name\":\"Home\",\"item\":\"https:\/\/www.vangraaf.com\/lv\/\"},{\"@type\":\"ListItem\",\"position\":2,\"name\":\"Karjera\"}]},{\"@type\":\"WebSite\",\"@id\":\"https:\/\/www.vangraaf.com\/lv\/#website\",\"url\":\"https:\/\/www.vangraaf.com\/lv\/\",\"name\":\"VAN GRAAF\",\"description\":\"VAN GRAAF\",\"potentialAction\":[{\"@type\":\"SearchAction\",\"target\":{\"@type\":\"EntryPoint\",\"urlTemplate\":\"https:\/\/www.vangraaf.com\/lv\/?s={search_term_string}\"},\"query-input\":{\"@type\":\"PropertyValueSpecification\",\"valueRequired\":true,\"valueName\":\"search_term_string\"}}],\"inLanguage\":\"lv-LV\"}]}<\/script>\n<!-- \/ Yoast SEO plugin. -->","yoast_head_json":{"title":"Karjera I VAN GRAAF","description":"M\u0113s veidojam n\u0101kotnes modes ap\u0123\u0113rbu mazumtirdzniec\u012bbu. Neatkar\u012bgi no t\u0101, vai str\u0101d\u0101 p\u0101rdo\u0161anas, vizu\u0101l\u0101s noform\u0113\u0161anas vai iek\u0161\u0113j\u0101s lo\u0123istikas jom\u0101: atrodi savu sap\u0146u darbu VAN GRAAF.","robots":{"index":"index","follow":"follow","max-snippet":"max-snippet:-1","max-image-preview":"max-image-preview:large","max-video-preview":"max-video-preview:-1"},"canonical":"https:\/\/www.vangraaf.com\/lv\/karjera\/","og_locale":"lv_LV","og_type":"article","og_title":"Karjera I VAN GRAAF","og_description":"M\u0113s veidojam n\u0101kotnes modes ap\u0123\u0113rbu mazumtirdzniec\u012bbu. Neatkar\u012bgi no t\u0101, vai str\u0101d\u0101 p\u0101rdo\u0161anas, vizu\u0101l\u0101s noform\u0113\u0161anas vai iek\u0161\u0113j\u0101s lo\u0123istikas jom\u0101: atrodi savu sap\u0146u darbu VAN GRAAF.","og_url":"https:\/\/www.vangraaf.com\/lv\/karjera\/","og_site_name":"VAN GRAAF Latvija","article_modified_time":"2022-07-19T10:51:39+00:00","twitter_card":"summary_large_image","twitter_misc":{"Est. reading time":"5 min\u016btes"},"schema":{"@context":"https:\/\/schema.org","@graph":[{"@type":"WebPage","@id":"https:\/\/www.vangraaf.com\/lv\/karjera\/","url":"https:\/\/www.vangraaf.com\/lv\/karjera\/","name":"Karjera I VAN GRAAF","isPartOf":{"@id":"https:\/\/www.vangraaf.com\/lv\/#website"},"datePublished":"2022-04-26T07:18:24+00:00","dateModified":"2022-07-19T10:51:39+00:00","description":"M\u0113s veidojam n\u0101kotnes modes ap\u0123\u0113rbu mazumtirdzniec\u012bbu. Neatkar\u012bgi no t\u0101, vai str\u0101d\u0101 p\u0101rdo\u0161anas, vizu\u0101l\u0101s noform\u0113\u0161anas vai iek\u0161\u0113j\u0101s lo\u0123istikas jom\u0101: atrodi savu sap\u0146u darbu VAN GRAAF.","breadcrumb":{"@id":"https:\/\/www.vangraaf.com\/lv\/karjera\/#breadcrumb"},"inLanguage":"lv-LV","potentialAction":[{"@type":"ReadAction","target":["https:\/\/www.vangraaf.com\/lv\/karjera\/"]}]},{"@type":"BreadcrumbList","@id":"https:\/\/www.vangraaf.com\/lv\/karjera\/#breadcrumb","itemListElement":[{"@type":"ListItem","position":1,"name":"Home","item":"https:\/\/www.vangraaf.com\/lv\/"},{"@type":"ListItem","position":2,"name":"Karjera"}]},{"@type":"WebSite","@id":"https:\/\/www.vangraaf.com\/lv\/#website","url":"https:\/\/www.vangraaf.com\/lv\/","name":"VAN GRAAF","description":"VAN GRAAF","potentialAction":[{"@type":"SearchAction","target":{"@type":"EntryPoint","urlTemplate":"https:\/\/www.vangraaf.com\/lv\/?s={search_term_string}"},"query-input":{"@type":"PropertyValueSpecification","valueRequired":true,"valueName":"search_term_string"}}],"inLanguage":"lv-LV"}]}},"_links":{"self":[{"href":"https:\/\/www.vangraaf.com\/lv\/wp-json\/wp\/v2\/pages\/5778","targetHints":{"allow":["GET"]}}],"collection":[{"href":"https:\/\/www.vangraaf.com\/lv\/wp-json\/wp\/v2\/pages"}],"about":[{"href":"https:\/\/www.vangraaf.com\/lv\/wp-json\/wp\/v2\/types\/page"}],"author":[{"embeddable":true,"href":"https:\/\/www.vangraaf.com\/lv\/wp-json\/wp\/v2\/users\/6"}],"replies":[{"embeddable":true,"href":"https:\/\/www.vangraaf.com\/lv\/wp-json\/wp\/v2\/comments?post=5778"}],"version-history":[{"count":34,"href":"https:\/\/www.vangraaf.com\/lv\/wp-json\/wp\/v2\/pages\/5778\/revisions"}],"predecessor-version":[{"id":6310,"href":"https:\/\/www.vangraaf.com\/lv\/wp-json\/wp\/v2\/pages\/5778\/revisions\/6310"}],"wp:attachment":[{"href":"https:\/\/www.vangraaf.com\/lv\/wp-json\/wp\/v2\/media?parent=5778"}],"curies":[{"name":"wp","href":"https:\/\/api.w.org\/{rel}","templated":true}]}}