{"id":5471,"date":"2021-07-06T16:59:51","date_gmt":"2021-07-06T14:59:51","guid":{"rendered":"https:\/\/www.vangraaf.com\/lv\/?page_id=5471"},"modified":"2021-07-15T09:43:49","modified_gmt":"2021-07-15T07:43:49","slug":"sazinaties-par-ilgtspeju","status":"publish","type":"page","link":"https:\/\/www.vangraaf.com\/lv\/uznemums\/ilgtspeja\/sazinaties-par-ilgtspeju\/","title":{"rendered":"\ufeffSazin\u0101ties par ilgtsp\u0113ju"},"content":{"rendered":"<div class=\"wpb-content-wrapper\">[vc_row bwd_tbc4vd_show_weekday=&#8221;&#8221; full_width=&#8221;stretch_row_content_no_spaces&#8221;][vc_column]<div class=\"keyvisual\" data-aos=\"fade-up\" ><img loading=\"lazy\" decoding=\"async\" width=\"1440\" height=\"480\" src=\"https:\/\/www.vangraaf.com\/lv\/wp-content\/uploads\/sites\/5\/2021\/07\/Banner_Kontakt.jpg\" class=\"vc_single_image-img\" alt=\"\" srcset=\"https:\/\/www.vangraaf.com\/lv\/wp-content\/uploads\/sites\/5\/2021\/07\/Banner_Kontakt.jpg 1440w, https:\/\/www.vangraaf.com\/lv\/wp-content\/uploads\/sites\/5\/2021\/07\/Banner_Kontakt-300x100.jpg 300w, https:\/\/www.vangraaf.com\/lv\/wp-content\/uploads\/sites\/5\/2021\/07\/Banner_Kontakt-1024x341.jpg 1024w, https:\/\/www.vangraaf.com\/lv\/wp-content\/uploads\/sites\/5\/2021\/07\/Banner_Kontakt-768x256.jpg 768w, https:\/\/www.vangraaf.com\/lv\/wp-content\/uploads\/sites\/5\/2021\/07\/Banner_Kontakt-1200x400.jpg 1200w, https:\/\/www.vangraaf.com\/lv\/wp-content\/uploads\/sites\/5\/2021\/07\/Banner_Kontakt-992x331.jpg 992w, https:\/\/www.vangraaf.com\/lv\/wp-content\/uploads\/sites\/5\/2021\/07\/Banner_Kontakt-480x160.jpg 480w\" sizes=\"(max-width: 1440px) 100vw, 1440px\" \/><\/div>\n        <div class=\"headlines headlines--center\" data-aos=\"fade-up\">\n            <div class=\"vc_row\">\n                <div class=\"vc_col-md-10 vc_col-md-offset-1 vc_col-lg-10 vc_col-lg-offset-1\"><span class=\"h6\">Sazin\u0101ties jaut\u0101jumos par ilgtsp\u0113ju<\/span><h1 class=\"h2\">Sazin\u0101ties<\/h1><\/div>\n            <\/div>\n        <\/div>[vc_column_text]\r\n<p style=\"text-align: center\">Vai jums ir jaut\u0101jumi par ilgtsp\u0113ju? L\u016bdzu, sazinieties ar mums.<\/p>\r\n<p style=\"text-align: center\">L\u016bdzu izmantot \u0161o sazi\u0146as veidlapu tikai jaut\u0101jumiem par ilgtsp\u0113ju VAN GRAAF.<\/p>\r\n[\/vc_column_text][\/vc_column][\/vc_row][vc_row][vc_column]\n<div class=\"wpcf7 no-js\" id=\"wpcf7-f5351-o1\" lang=\"lv\" dir=\"ltr\" data-wpcf7-id=\"5351\">\n<div class=\"screen-reader-response\"><p role=\"status\" aria-live=\"polite\" aria-atomic=\"true\"><\/p> <ul><\/ul><\/div>\n<form action=\"\/lv\/wp-json\/wp\/v2\/pages\/5471#wpcf7-f5351-o1\" method=\"post\" class=\"wpcf7-form init wpcf7-acceptance-as-validation\" aria-label=\"Contact form\" novalidate=\"novalidate\" data-status=\"init\">\n<fieldset class=\"hidden-fields-container\"><input type=\"hidden\" name=\"_wpcf7\" value=\"5351\" \/><input type=\"hidden\" name=\"_wpcf7_version\" value=\"6.1.5\" \/><input type=\"hidden\" name=\"_wpcf7_locale\" value=\"lv\" \/><input type=\"hidden\" name=\"_wpcf7_unit_tag\" value=\"wpcf7-f5351-o1\" \/><input type=\"hidden\" name=\"_wpcf7_container_post\" value=\"0\" \/><input type=\"hidden\" name=\"_wpcf7_posted_data_hash\" value=\"\" \/><input type=\"hidden\" name=\"_cf7a__timestamp\" value=\"OJpMJOJZaym5Qc1kWlOb1A==\" \/><input type=\"hidden\" name=\"_cf7a_version\" value=\"1.0\" \/><input type=\"hidden\" name=\"_cf7a_address\" value=\"\" \/><input type=\"hidden\" name=\"_cf7a_referer\" value=\"\" \/><input type=\"hidden\" name=\"_cf7a_protocol\" value=\"\" \/><input type=\"hidden\" name=\"_cf7a_bot_fingerprint\" value=\"OJpMJOJZaym5Qc1kWlOb1A==\" \/><input type=\"hidden\" name=\"_cf7a_bot_fingerprint_extras\" \/><input type=\"hidden\" name=\"_cf7a_append_on_submit\" \/>\n<\/fieldset>\n<div class=\"vc_row\">\n<div class=\"vc_col-sm-6\">\n<div class=\"form-element form-element--select\">\n<span class=\"wpcf7-form-control-wrap\" data-name=\"salutation\"><select class=\"wpcf7-form-control wpcf7-select wpcf7-validates-as-required\" aria-required=\"true\" aria-invalid=\"false\" name=\"salutation\"><option value=\"\">Uzruna*<\/option><option value=\"Kungs\">Kungs<\/option><option value=\"Kundze\">Kundze<\/option><\/select><\/span>\n<\/div>\n<\/div>\n<\/div>\n\n<div class=\"vc_row\">\n<div class=\"vc_col-sm-6\">\n<div class=\"form-element form-element--input\">\n<span class=\"wpcf7-form-control-wrap\" data-name=\"firstname\"><input size=\"40\" maxlength=\"400\" class=\"wpcf7-form-control wpcf7-text wpcf7-validates-as-required\" id=\"firstname\" aria-required=\"true\" aria-invalid=\"false\" value=\"\" type=\"text\" name=\"firstname\" \/><\/span> <label for=\"firstname\">V\u0101rds*<\/label>\n<\/div>\n<\/div>\n<div class=\"vc_col-sm-6\">\n<div class=\"form-element form-element--input\">\n<span class=\"wpcf7-form-control-wrap\" data-name=\"lastname\"><input size=\"40\" maxlength=\"400\" class=\"wpcf7-form-control wpcf7-text wpcf7-validates-as-required\" id=\"lastname\" aria-required=\"true\" aria-invalid=\"false\" value=\"\" type=\"text\" name=\"lastname\" \/><\/span> <label for=\"lastname\">Uzv\u0101rds*<\/label>\n<\/div>\n<\/div>\n<\/div>\n\n<div class=\"vc_row\">\n<div class=\"vc_col-sm-6\">\n<div class=\"form-element form-element--input\">\n<span class=\"wpcf7-form-control-wrap\" data-name=\"email\"><input size=\"40\" maxlength=\"400\" class=\"wpcf7-form-control wpcf7-email wpcf7-validates-as-required wpcf7-text wpcf7-validates-as-email\" id=\"email\" aria-required=\"true\" aria-invalid=\"false\" value=\"\" type=\"email\" name=\"email\" \/><\/span> <label for=\"email\">E-pasta adrese*<\/label>\n<\/div>\n<\/div>\n<\/div>\n\n<div class=\"vc_row\">\n<div class=\"vc_col-sm-12\">\n<div class=\"form-element form-element--textarea\">\n<span class=\"wpcf7-form-control-wrap\" data-name=\"message\"><textarea cols=\"40\" rows=\"10\" maxlength=\"2000\" class=\"wpcf7-form-control wpcf7-textarea wpcf7-validates-as-required\" id=\"message\" aria-required=\"true\" aria-invalid=\"false\" name=\"message\"><\/textarea><\/span> <label for=\"message\">J\u016bsu zi\u0146ojums*<\/label>\n<\/div>\n<\/div>\n<\/div>\n\n<div class=\"vc_row\">\n<div class=\"vc_col-sm-12\">\n<div class=\"form-element form-element--checkbox\">\n<span class=\"wpcf7-form-control-wrap\" data-name=\"privacy\"><span class=\"wpcf7-form-control wpcf7-acceptance\"><span class=\"wpcf7-list-item\"><input type=\"checkbox\" name=\"privacy\" value=\"1\" id=\"privacy\" aria-invalid=\"false\" \/><\/span><\/span><\/span> <label for=\"privacy\">Piekr\u012btu, ka manus iepriek\u0161 ievad\u012btos datus VAN&nbsp;GRAAF apstr\u0101d\u0101, lai atbild\u0113tu uz manu piepras\u012bjumu pa e-pastu, t\u0101lruni un\/vai pa pastu. <a href=\"\/lv\/datu-aizsardziba\/\" target=\"_blank\">Datu aizsardz\u012bbas noteikumi<\/a> esmu izlas\u012bjis un piekr\u012btu tiem.*<\/label>\n<\/div>\n<\/div>\n<\/div>\n\n<div class=\"vc_row\">\n<div class=\"vc_col-sm-12\">\n<small>L\u016bdzu, aizpildiet visus ar * atz\u012bm\u0113tos laukus.<\/small>\n<\/div>\n<\/div>\n\n<div class=\"wpcf7-response-output\" aria-hidden=\"true\"><\/div>\n\n<div class=\"vc_row\">\n<div class=\"vc_col-sm-12 form__buttons\">\n<button id=\"submit\" type=\"submit\" class=\"wpcf7-form-control wpcf7-submit button\">Nos\u016bt\u012bt<\/button>\n<\/div>\n<\/div>\n\n<span id=\"wpcf7-69fc0c880fc6e-wrapper\" class=\"wpcf7-form-control-wrap credit-card-wrap\" ><input type=\"hidden\" name=\"credit-card-time-start\" value=\"1778125960\"><input type=\"hidden\" name=\"credit-card-time-check\" value=\"4\"><input id=\"wpcf7-69fc0c880fc6e-field\"  class=\"wpcf7-form-control wpcf7-text\" type=\"text\" name=\"credit-card\" value=\"\" size=\"40\" tabindex=\"-1\" autocomplete=\"new-password\" \/><\/span>\n<\/form>\n<\/div>\n[\/vc_column][\/vc_row]<\/div>","protected":false},"excerpt":{"rendered":"[vc_row bwd_tbc4vd_show_weekday=&#8221;&#8221; full_width=&#8221;stretch_row_content_no_spaces&#8221;][vc_column][vc_column_text] Vai jums ir jaut\u0101jumi par ilgtsp\u0113ju? L\u016bdzu, sazinieties ar mums. L\u016bdzu izmantot \u0161o sazi\u0146as veidlapu tikai jaut\u0101jumiem par ilgtsp\u0113ju VAN GRAAF. [\/vc_column_text][\/vc_column][\/vc_row][vc_row][vc_column][\/vc_column][\/vc_row]","protected":false},"author":3,"featured_media":0,"parent":5334,"menu_order":0,"comment_status":"closed","ping_status":"closed","template":"","meta":{"_acf_changed":false,"inline_featured_image":false,"footnotes":""},"class_list":["post-5471","page","type-page","status-publish","hentry"],"acf":[],"yoast_head":"<!-- This site is optimized with the Yoast SEO plugin v27.2 - https:\/\/yoast.com\/product\/yoast-seo-wordpress\/ -->\n<title>VAN GRAAF R\u012bg\u0101 - Ilgtsp\u0113ja - \ufeffSazin\u0101ties par ilgtsp\u0113ju<\/title>\n<meta name=\"description\" content=\"L\u016bdzu izmantot \u0161o sazi\u0146as veidlapu tikai jaut\u0101jumiem par ilgtsp\u0113ju VAN GRAAF.\" \/>\n<meta name=\"robots\" content=\"index, follow, max-snippet:-1, max-image-preview:large, max-video-preview:-1\" \/>\n<link rel=\"canonical\" href=\"https:\/\/www.vangraaf.com\/lv\/uznemums\/ilgtspeja\/sazinaties-par-ilgtspeju\/\" \/>\n<meta property=\"og:locale\" content=\"lv_LV\" \/>\n<meta property=\"og:type\" content=\"article\" \/>\n<meta property=\"og:title\" content=\"VAN GRAAF R\u012bg\u0101 - Ilgtsp\u0113ja - \ufeffSazin\u0101ties par ilgtsp\u0113ju\" \/>\n<meta property=\"og:description\" content=\"L\u016bdzu izmantot \u0161o sazi\u0146as veidlapu tikai jaut\u0101jumiem par ilgtsp\u0113ju VAN GRAAF.\" \/>\n<meta property=\"og:url\" content=\"https:\/\/www.vangraaf.com\/lv\/uznemums\/ilgtspeja\/sazinaties-par-ilgtspeju\/\" \/>\n<meta property=\"og:site_name\" content=\"VAN GRAAF Latvija\" \/>\n<meta property=\"article:modified_time\" content=\"2021-07-15T07:43:49+00:00\" \/>\n<meta name=\"twitter:card\" content=\"summary_large_image\" \/>\n<meta name=\"twitter:label1\" content=\"Est. reading time\" \/>\n\t<meta name=\"twitter:data1\" content=\"1 min\u016bte\" \/>\n<script type=\"application\/ld+json\" class=\"yoast-schema-graph\">{\"@context\":\"https:\/\/schema.org\",\"@graph\":[{\"@type\":\"WebPage\",\"@id\":\"https:\/\/www.vangraaf.com\/lv\/uznemums\/ilgtspeja\/sazinaties-par-ilgtspeju\/\",\"url\":\"https:\/\/www.vangraaf.com\/lv\/uznemums\/ilgtspeja\/sazinaties-par-ilgtspeju\/\",\"name\":\"VAN GRAAF R\u012bg\u0101 - Ilgtsp\u0113ja - \ufeffSazin\u0101ties par ilgtsp\u0113ju\",\"isPartOf\":{\"@id\":\"https:\/\/www.vangraaf.com\/lv\/#website\"},\"datePublished\":\"2021-07-06T14:59:51+00:00\",\"dateModified\":\"2021-07-15T07:43:49+00:00\",\"description\":\"L\u016bdzu izmantot \u0161o sazi\u0146as veidlapu tikai jaut\u0101jumiem par ilgtsp\u0113ju VAN GRAAF.\",\"breadcrumb\":{\"@id\":\"https:\/\/www.vangraaf.com\/lv\/uznemums\/ilgtspeja\/sazinaties-par-ilgtspeju\/#breadcrumb\"},\"inLanguage\":\"lv-LV\",\"potentialAction\":[{\"@type\":\"ReadAction\",\"target\":[\"https:\/\/www.vangraaf.com\/lv\/uznemums\/ilgtspeja\/sazinaties-par-ilgtspeju\/\"]}]},{\"@type\":\"BreadcrumbList\",\"@id\":\"https:\/\/www.vangraaf.com\/lv\/uznemums\/ilgtspeja\/sazinaties-par-ilgtspeju\/#breadcrumb\",\"itemListElement\":[{\"@type\":\"ListItem\",\"position\":1,\"name\":\"Home\",\"item\":\"https:\/\/www.vangraaf.com\/lv\/\"},{\"@type\":\"ListItem\",\"position\":2,\"name\":\"Uz\u0146\u0113mums\",\"item\":\"https:\/\/www.vangraaf.com\/lv\/uznemums\/\"},{\"@type\":\"ListItem\",\"position\":3,\"name\":\"Ilgtsp\u0113ja\",\"item\":\"https:\/\/www.vangraaf.com\/lv\/uznemums\/ilgtspeja\/\"},{\"@type\":\"ListItem\",\"position\":4,\"name\":\"\ufeffSazin\u0101ties par ilgtsp\u0113ju\"}]},{\"@type\":\"WebSite\",\"@id\":\"https:\/\/www.vangraaf.com\/lv\/#website\",\"url\":\"https:\/\/www.vangraaf.com\/lv\/\",\"name\":\"VAN GRAAF\",\"description\":\"VAN GRAAF\",\"potentialAction\":[{\"@type\":\"SearchAction\",\"target\":{\"@type\":\"EntryPoint\",\"urlTemplate\":\"https:\/\/www.vangraaf.com\/lv\/?s={search_term_string}\"},\"query-input\":{\"@type\":\"PropertyValueSpecification\",\"valueRequired\":true,\"valueName\":\"search_term_string\"}}],\"inLanguage\":\"lv-LV\"}]}<\/script>\n<!-- \/ Yoast SEO plugin. -->","yoast_head_json":{"title":"VAN GRAAF R\u012bg\u0101 - Ilgtsp\u0113ja - \ufeffSazin\u0101ties par ilgtsp\u0113ju","description":"L\u016bdzu izmantot \u0161o sazi\u0146as veidlapu tikai jaut\u0101jumiem par ilgtsp\u0113ju VAN GRAAF.","robots":{"index":"index","follow":"follow","max-snippet":"max-snippet:-1","max-image-preview":"max-image-preview:large","max-video-preview":"max-video-preview:-1"},"canonical":"https:\/\/www.vangraaf.com\/lv\/uznemums\/ilgtspeja\/sazinaties-par-ilgtspeju\/","og_locale":"lv_LV","og_type":"article","og_title":"VAN GRAAF R\u012bg\u0101 - Ilgtsp\u0113ja - \ufeffSazin\u0101ties par ilgtsp\u0113ju","og_description":"L\u016bdzu izmantot \u0161o sazi\u0146as veidlapu tikai jaut\u0101jumiem par ilgtsp\u0113ju VAN GRAAF.","og_url":"https:\/\/www.vangraaf.com\/lv\/uznemums\/ilgtspeja\/sazinaties-par-ilgtspeju\/","og_site_name":"VAN GRAAF Latvija","article_modified_time":"2021-07-15T07:43:49+00:00","twitter_card":"summary_large_image","twitter_misc":{"Est. reading time":"1 min\u016bte"},"schema":{"@context":"https:\/\/schema.org","@graph":[{"@type":"WebPage","@id":"https:\/\/www.vangraaf.com\/lv\/uznemums\/ilgtspeja\/sazinaties-par-ilgtspeju\/","url":"https:\/\/www.vangraaf.com\/lv\/uznemums\/ilgtspeja\/sazinaties-par-ilgtspeju\/","name":"VAN GRAAF R\u012bg\u0101 - Ilgtsp\u0113ja - \ufeffSazin\u0101ties par ilgtsp\u0113ju","isPartOf":{"@id":"https:\/\/www.vangraaf.com\/lv\/#website"},"datePublished":"2021-07-06T14:59:51+00:00","dateModified":"2021-07-15T07:43:49+00:00","description":"L\u016bdzu izmantot \u0161o sazi\u0146as veidlapu tikai jaut\u0101jumiem par ilgtsp\u0113ju VAN GRAAF.","breadcrumb":{"@id":"https:\/\/www.vangraaf.com\/lv\/uznemums\/ilgtspeja\/sazinaties-par-ilgtspeju\/#breadcrumb"},"inLanguage":"lv-LV","potentialAction":[{"@type":"ReadAction","target":["https:\/\/www.vangraaf.com\/lv\/uznemums\/ilgtspeja\/sazinaties-par-ilgtspeju\/"]}]},{"@type":"BreadcrumbList","@id":"https:\/\/www.vangraaf.com\/lv\/uznemums\/ilgtspeja\/sazinaties-par-ilgtspeju\/#breadcrumb","itemListElement":[{"@type":"ListItem","position":1,"name":"Home","item":"https:\/\/www.vangraaf.com\/lv\/"},{"@type":"ListItem","position":2,"name":"Uz\u0146\u0113mums","item":"https:\/\/www.vangraaf.com\/lv\/uznemums\/"},{"@type":"ListItem","position":3,"name":"Ilgtsp\u0113ja","item":"https:\/\/www.vangraaf.com\/lv\/uznemums\/ilgtspeja\/"},{"@type":"ListItem","position":4,"name":"\ufeffSazin\u0101ties par ilgtsp\u0113ju"}]},{"@type":"WebSite","@id":"https:\/\/www.vangraaf.com\/lv\/#website","url":"https:\/\/www.vangraaf.com\/lv\/","name":"VAN GRAAF","description":"VAN GRAAF","potentialAction":[{"@type":"SearchAction","target":{"@type":"EntryPoint","urlTemplate":"https:\/\/www.vangraaf.com\/lv\/?s={search_term_string}"},"query-input":{"@type":"PropertyValueSpecification","valueRequired":true,"valueName":"search_term_string"}}],"inLanguage":"lv-LV"}]}},"_links":{"self":[{"href":"https:\/\/www.vangraaf.com\/lv\/wp-json\/wp\/v2\/pages\/5471","targetHints":{"allow":["GET"]}}],"collection":[{"href":"https:\/\/www.vangraaf.com\/lv\/wp-json\/wp\/v2\/pages"}],"about":[{"href":"https:\/\/www.vangraaf.com\/lv\/wp-json\/wp\/v2\/types\/page"}],"author":[{"embeddable":true,"href":"https:\/\/www.vangraaf.com\/lv\/wp-json\/wp\/v2\/users\/3"}],"replies":[{"embeddable":true,"href":"https:\/\/www.vangraaf.com\/lv\/wp-json\/wp\/v2\/comments?post=5471"}],"version-history":[{"count":2,"href":"https:\/\/www.vangraaf.com\/lv\/wp-json\/wp\/v2\/pages\/5471\/revisions"}],"predecessor-version":[{"id":5549,"href":"https:\/\/www.vangraaf.com\/lv\/wp-json\/wp\/v2\/pages\/5471\/revisions\/5549"}],"up":[{"embeddable":true,"href":"https:\/\/www.vangraaf.com\/lv\/wp-json\/wp\/v2\/pages\/5334"}],"wp:attachment":[{"href":"https:\/\/www.vangraaf.com\/lv\/wp-json\/wp\/v2\/media?parent=5471"}],"curies":[{"name":"wp","href":"https:\/\/api.w.org\/{rel}","templated":true}]}}