{"id":5468,"date":"2021-07-07T15:43:41","date_gmt":"2021-07-07T13:43:41","guid":{"rendered":"https:\/\/www.vangraaf.com\/lv\/?page_id=5468"},"modified":"2024-09-17T16:28:44","modified_gmt":"2024-09-17T14:28:44","slug":"vide","status":"publish","type":"page","link":"https:\/\/www.vangraaf.com\/lv\/uznemums\/ilgtspeja\/vide\/","title":{"rendered":"Vide"},"content":{"rendered":"<div class=\"wpb-content-wrapper\">[vc_row bwd_tbc4vd_show_weekday=&#8221;&#8221; full_width=&#8221;stretch_row_content_no_spaces&#8221;][vc_column]<div class=\"keyvisual\" data-aos=\"fade-up\" ><img loading=\"lazy\" decoding=\"async\" width=\"1440\" height=\"480\" src=\"https:\/\/www.vangraaf.com\/lv\/wp-content\/uploads\/sites\/5\/2021\/07\/Banner_Umwelt.jpg\" class=\"vc_single_image-img\" alt=\"\" srcset=\"https:\/\/www.vangraaf.com\/lv\/wp-content\/uploads\/sites\/5\/2021\/07\/Banner_Umwelt.jpg 1440w, https:\/\/www.vangraaf.com\/lv\/wp-content\/uploads\/sites\/5\/2021\/07\/Banner_Umwelt-300x100.jpg 300w, https:\/\/www.vangraaf.com\/lv\/wp-content\/uploads\/sites\/5\/2021\/07\/Banner_Umwelt-1024x341.jpg 1024w, https:\/\/www.vangraaf.com\/lv\/wp-content\/uploads\/sites\/5\/2021\/07\/Banner_Umwelt-768x256.jpg 768w, https:\/\/www.vangraaf.com\/lv\/wp-content\/uploads\/sites\/5\/2021\/07\/Banner_Umwelt-1200x400.jpg 1200w, https:\/\/www.vangraaf.com\/lv\/wp-content\/uploads\/sites\/5\/2021\/07\/Banner_Umwelt-992x331.jpg 992w, https:\/\/www.vangraaf.com\/lv\/wp-content\/uploads\/sites\/5\/2021\/07\/Banner_Umwelt-480x160.jpg 480w\" sizes=\"(max-width: 1440px) 100vw, 1440px\" \/><\/div>\n        <div class=\"headlines headlines--center\" data-aos=\"fade-up\">\n            <div class=\"vc_row\">\n                <div class=\"vc_col-md-10 vc_col-md-offset-1 vc_col-lg-10 vc_col-lg-offset-1\"><span class=\"h6\">Vide<\/span><h1 class=\"h2\">Par\u0101d\u012bt ap\u0146em\u0161anos. Izm\u0113r\u012bt pan\u0101kumus.<\/h1><\/div>\n            <\/div>\n        <\/div>[vc_column_text]Ilgtsp\u0113ja ir ne vien redzama, bet ar\u012b izm\u0113r\u0101ma vairum\u0101 jomu, piem\u0113ram CO<sup>2<\/sup> emisijas vai plastmasas iepakojuma samazin\u0101jums. VAN GRAAF cen\u0161as samazin\u0101t savu ekolo\u0123isk\u0101s p\u0113das nospiedumu, k\u0101 piem\u0113ram, savu iepirkumu maisi\u0146u ra\u017eo\u0161an\u0101 izmantojot otreiz p\u0101rstr\u0101d\u0101tu un FSC sertific\u0113tu materi\u0101lu.[\/vc_column_text][\/vc_column][\/vc_row][vc_row bwd_tbc4vd_show_weekday=&#8221;&#8221; full_width=&#8221;stretch_row_content_no_spaces&#8221;][vc_column]\n            <div class=\"vg-element topic-slider topic-slider--right topic-slider--dark\" style=\"--season-color-1: #ededed; --season-color-2: #002045\" data-aos=\"fade-up\">\n                <div class=\"topic-slider__inner\">\n                    <div class=\"content_wrap\">\n                        <div class=\"vc_row\">\n                            <div class=\"vc_col-md-12 vc_col-lg-10 vc_col-lg-offset-1\">\n                                <div class=\"vc_row\">\n                                    <div class=\"vc_col-sm-6 vc_col-sm-push-6 vc_col-md-push-5 vc_col-md-offset-1\"><div class=\"topic-slider__image-wrap\"><div class=\"topic-slider__slider-wrap\"><div class=\"js-topic-slider\"><div class=\"topic-slider__slider__item\"><img loading=\"lazy\" decoding=\"async\" width=\"427\" height=\"639\" src=\"https:\/\/www.vangraaf.com\/lv\/wp-content\/uploads\/sites\/5\/2021\/07\/TopicSlider_Footprints.jpg\" class=\"vc_single_image-img attachment-full\" alt=\"\" title=\"TopicSlider_Footprints\" srcset=\"https:\/\/www.vangraaf.com\/lv\/wp-content\/uploads\/sites\/5\/2021\/07\/TopicSlider_Footprints.jpg 427w, https:\/\/www.vangraaf.com\/lv\/wp-content\/uploads\/sites\/5\/2021\/07\/TopicSlider_Footprints-200x300.jpg 200w\" sizes=\"(max-width: 427px) 100vw, 427px\" \/><\/div><\/div><\/div><\/div><\/div><div class=\"vc_col-sm-6 vc_col-md-5 vc_col-sm-pull-6 vc_col-md-pull-7\"><div class=\"topic-slider__content\"><p style=\"text-align: left\"><strong>Virz\u012bba uz n\u0101kotni ar maz\u0101ku ietekmi.<\/strong><\/p>\n<p style=\"text-align: left\">Ikviena VAN GRAAF r\u012bc\u012bba un solis atst\u0101j ietekmi, ekolo\u0123isk\u0101s p\u0113das nospiedumu. \u0160o p\u0113das nospiedumu var izm\u0113r\u012bt. Tas par\u0101da, vai uz\u0146\u0113mums virzas pareizaj\u0101 virzien\u0101, lai b\u016btu videi draudz\u012bg\u0101ks, un par\u0101da, ko m\u0113s varam dar\u012bt lab\u0101k. M\u0113s apr\u0113\u0137in\u0101m CO<sup>2<\/sup> emisijas, ko rada m\u016bsu centr\u0101lais birojs, lo\u0123istikas cents Hamburg\u0101 un m\u016bsu fili\u0101les V\u0101cij\u0101.<\/p>\n<\/div><\/div>\n                                <\/div>\n                            <\/div>\n                        <\/div>\n                    <\/div>\n                <\/div>\n            <\/div>[\/vc_column][\/vc_row][vc_row][vc_column][vc_column_text]Pamatojoties uz \u0161iem datiem, m\u0113s izveidojam CO<sup>2<\/sup> bilanci, no kuras izriet m\u016bsu klimata strat\u0113\u0123ija. Vienlaikus m\u0113s piev\u0113r\u0161am \u012bpa\u0161u uzman\u012bbu CO2 emisiju samazin\u0101\u0161anai vai nov\u0113r\u0161anai.[\/vc_column_text][\/vc_column][\/vc_row][vc_row bwd_tbc4vd_show_weekday=&#8221;&#8221; full_width=&#8221;stretch_row_content_no_spaces&#8221;][vc_column]\n            <div class=\"vg-element topic-slider topic-slider--left topic-slider--dark\" style=\"--season-color-1: #ededed; --season-color-2: #002045\" data-aos=\"fade-up\">\n                <div class=\"topic-slider__inner\">\n                    <div class=\"content_wrap\">\n                        <div class=\"vc_row\">\n                            <div class=\"vc_col-md-12 vc_col-lg-10 vc_col-lg-offset-1\">\n                                <div class=\"vc_row\">\n                                    <div class=\"vc_col-sm-6\"><div class=\"topic-slider__image-wrap\"><div class=\"topic-slider__slider-wrap\"><div class=\"js-topic-slider\"><div class=\"topic-slider__slider__item\"><img loading=\"lazy\" decoding=\"async\" width=\"427\" height=\"639\" src=\"https:\/\/www.vangraaf.com\/lv\/wp-content\/uploads\/sites\/5\/2021\/07\/Umwelt_TopicSlider_WP.jpg\" class=\"vc_single_image-img attachment-full\" alt=\"\" title=\"Umwelt_TopicSlider_WP\" srcset=\"https:\/\/www.vangraaf.com\/lv\/wp-content\/uploads\/sites\/5\/2021\/07\/Umwelt_TopicSlider_WP.jpg 427w, https:\/\/www.vangraaf.com\/lv\/wp-content\/uploads\/sites\/5\/2021\/07\/Umwelt_TopicSlider_WP-200x300.jpg 200w\" sizes=\"(max-width: 427px) 100vw, 427px\" \/><\/div><\/div><\/div><\/div><\/div><div class=\"vc_col-sm-6 vc_col-md-5 vc_col-md-offset-1\"><div class=\"topic-slider__content\"><p><strong>Plastmasas viet\u0101 pap\u012brs.<\/strong><\/p>\n<p>Augst\u0101k\u0101s kvalit\u0101tes produktiem ir j\u0101b\u016bt labi iepakotiem, jo labs iepakojums ir da\u013ca no m\u016bsu kvalit\u0101tes standarta. Ta\u010du iz\u0161\u0137iro\u0161ais ir veids, k\u0101 tas tiek sasniegts. VAN GRAAF ir b\u016btiski samazin\u0101jis plastmasas maisi\u0146u izmanto\u0161anu. T\u0101 viet\u0101 m\u0113s saviem klientiem rad\u0101m iepirk\u0161an\u0101s pieredzi pied\u0101v\u0101jot no pap\u012bra izgatavotus iepirkumu maisi\u0146us, kas ir 100% p\u0101rstr\u0101d\u0101jami un ar FSC z\u012bmi. Citiem v\u0101rdiem: maisi\u0146u ra\u017eo\u0161anai izmantotais koks n\u0101k no me\u017eiem, kas apsaimniekoti atbild\u012bg\u0101 un ilgtsp\u0113j\u012bg\u0101 veid\u0101. Kad pas\u016bt\u012bjums tiek veikts internet\u0101, m\u0113s nos\u016bt\u0101m preces kartona kast\u0113s, kas ar\u012b ir sertific\u0113tas atbilsto\u0161i FSC standartam.<\/p>\n<\/div><\/div>\n                                <\/div>\n                            <\/div>\n                        <\/div>\n                    <\/div>\n                <\/div>\n            <\/div>[\/vc_column][\/vc_row][vc_row bwd_tbc4vd_show_weekday=&#8221;&#8221; disable_element=&#8221;yes&#8221;][vc_column width=&#8221;1\/4&#8243;]<div class=\"vg-element cta-teaser cta-teaser--center\" data-aos=\"fade-up\"><div class=\"cta-teaser__image\"><a class=\"\" href=\"https:\/\/www.vangraaf.com\/lv\/uznemums\/ilgtspeja\/strategija\/\" target=\"_self\" rel=\"\" style=\"\"><img loading=\"lazy\" decoding=\"async\" width=\"400\" height=\"400\" src=\"https:\/\/www.vangraaf.com\/lv\/wp-content\/uploads\/sites\/5\/2021\/07\/ImageTeaser_Strategie.jpg\" class=\"vc_single_image-img attachment-full\" alt=\"\" title=\"ImageTeaser_Strategie\" srcset=\"https:\/\/www.vangraaf.com\/lv\/wp-content\/uploads\/sites\/5\/2021\/07\/ImageTeaser_Strategie.jpg 400w, https:\/\/www.vangraaf.com\/lv\/wp-content\/uploads\/sites\/5\/2021\/07\/ImageTeaser_Strategie-300x300.jpg 300w, https:\/\/www.vangraaf.com\/lv\/wp-content\/uploads\/sites\/5\/2021\/07\/ImageTeaser_Strategie-150x150.jpg 150w\" sizes=\"(max-width: 400px) 100vw, 400px\" \/><\/a><\/div><div class=\"cta-teaser__text\"><a class=\"button\" href=\"https:\/\/www.vangraaf.com\/lv\/uznemums\/ilgtspeja\/strategija\/\" target=\"_self\" rel=\"\" style=\"\">Strat\u0113\u0123ija<\/a><\/div><\/div>[\/vc_column][vc_column width=&#8221;1\/4&#8243;]<div class=\"vg-element cta-teaser cta-teaser--center\" data-aos=\"fade-up\"><div class=\"cta-teaser__image\"><a class=\"\" href=\"https:\/\/www.vangraaf.com\/lv\/uznemums\/ilgtspeja\/produkts\/\" target=\"_self\" rel=\"\" style=\"\"><img loading=\"lazy\" decoding=\"async\" width=\"400\" height=\"400\" src=\"https:\/\/www.vangraaf.com\/lv\/wp-content\/uploads\/sites\/5\/2021\/07\/UnsereProdukte_Teaser.jpg\" class=\"vc_single_image-img attachment-full\" alt=\"\" title=\"UnsereProdukte_Teaser\" srcset=\"https:\/\/www.vangraaf.com\/lv\/wp-content\/uploads\/sites\/5\/2021\/07\/UnsereProdukte_Teaser.jpg 400w, https:\/\/www.vangraaf.com\/lv\/wp-content\/uploads\/sites\/5\/2021\/07\/UnsereProdukte_Teaser-300x300.jpg 300w, https:\/\/www.vangraaf.com\/lv\/wp-content\/uploads\/sites\/5\/2021\/07\/UnsereProdukte_Teaser-150x150.jpg 150w, https:\/\/www.vangraaf.com\/lv\/wp-content\/uploads\/sites\/5\/2021\/07\/UnsereProdukte_Teaser-280x280.jpg 280w\" sizes=\"(max-width: 400px) 100vw, 400px\" \/><\/a><\/div><div class=\"cta-teaser__text\"><a class=\"button\" href=\"https:\/\/www.vangraaf.com\/lv\/uznemums\/ilgtspeja\/produkts\/\" target=\"_self\" rel=\"\" style=\"\">Produkts<\/a><\/div><\/div>[\/vc_column][vc_column width=&#8221;1\/4&#8243;]<div class=\"vg-element cta-teaser cta-teaser--center\" data-aos=\"fade-up\"><div class=\"cta-teaser__image\"><a class=\"\" href=\"https:\/\/www.vangraaf.com\/lv\/uznemums\/ilgtspeja\/cilveks\/\" target=\"_self\" rel=\"\" style=\"\"><img loading=\"lazy\" decoding=\"async\" width=\"500\" height=\"500\" src=\"https:\/\/www.vangraaf.com\/lv\/wp-content\/uploads\/sites\/5\/2022\/04\/Mensch.jpg\" class=\"vc_single_image-img attachment-full\" alt=\"\" title=\"Mensch\" srcset=\"https:\/\/www.vangraaf.com\/lv\/wp-content\/uploads\/sites\/5\/2022\/04\/Mensch.jpg 500w, https:\/\/www.vangraaf.com\/lv\/wp-content\/uploads\/sites\/5\/2022\/04\/Mensch-300x300.jpg 300w, https:\/\/www.vangraaf.com\/lv\/wp-content\/uploads\/sites\/5\/2022\/04\/Mensch-150x150.jpg 150w, https:\/\/www.vangraaf.com\/lv\/wp-content\/uploads\/sites\/5\/2022\/04\/Mensch-480x480.jpg 480w, https:\/\/www.vangraaf.com\/lv\/wp-content\/uploads\/sites\/5\/2022\/04\/Mensch-280x280.jpg 280w\" sizes=\"(max-width: 500px) 100vw, 500px\" \/><\/a><\/div><div class=\"cta-teaser__text\"><a class=\"button\" href=\"https:\/\/www.vangraaf.com\/lv\/uznemums\/ilgtspeja\/cilveks\/\" target=\"_self\" rel=\"\" style=\"\">Cilv\u0113ks<\/a><\/div><\/div>[\/vc_column][vc_column width=&#8221;1\/4&#8243;]<div class=\"vg-element cta-teaser cta-teaser--center\" data-aos=\"fade-up\"><div class=\"cta-teaser__image\"><a class=\"\" href=\"https:\/\/www.vangraaf.com\/lv\/uznemums\/ilgtspeja\/modes-precu-aprite\/\" target=\"_self\" rel=\"\" style=\"\"><img loading=\"lazy\" decoding=\"async\" width=\"400\" height=\"400\" src=\"https:\/\/www.vangraaf.com\/lv\/wp-content\/uploads\/sites\/5\/2022\/06\/iCollect_ImageTeaser.jpg\" class=\"vc_single_image-img attachment-full\" alt=\"\" title=\"iCollect_ImageTeaser\" srcset=\"https:\/\/www.vangraaf.com\/lv\/wp-content\/uploads\/sites\/5\/2022\/06\/iCollect_ImageTeaser.jpg 400w, https:\/\/www.vangraaf.com\/lv\/wp-content\/uploads\/sites\/5\/2022\/06\/iCollect_ImageTeaser-300x300.jpg 300w, https:\/\/www.vangraaf.com\/lv\/wp-content\/uploads\/sites\/5\/2022\/06\/iCollect_ImageTeaser-150x150.jpg 150w, https:\/\/www.vangraaf.com\/lv\/wp-content\/uploads\/sites\/5\/2022\/06\/iCollect_ImageTeaser-280x280.jpg 280w\" sizes=\"(max-width: 400px) 100vw, 400px\" \/><\/a><\/div><div class=\"cta-teaser__text\"><a class=\"button\" href=\"https:\/\/www.vangraaf.com\/lv\/uznemums\/ilgtspeja\/modes-precu-aprite\/\" target=\"_self\" rel=\"\" style=\"\">Modes pre\u010du aprite<\/a><\/div><\/div>[\/vc_column][\/vc_row][vc_row bwd_tbc4vd_show_weekday=&#8221;&#8221; full_width=&#8221;stretch_row_content_no_spaces&#8221;][vc_column][vc_row_inner bwd_tbc4vd_show_weekday=&#8221;&#8221; row_design=&#8221;row_square_background&#8221;][vc_column_inner width=&#8221;1\/3&#8243;]<div class=\"vg-element cta-teaser cta-teaser--center\" data-aos=\"fade-up\"><div class=\"cta-teaser__image\"><a class=\"\" href=\"https:\/\/www.vangraaf.com\/lv\/uznemums\/ilgtspeja\/produkts\/\" target=\"_self\" rel=\"\" style=\"\"><img loading=\"lazy\" decoding=\"async\" width=\"378\" height=\"252\" src=\"https:\/\/www.vangraaf.com\/lv\/wp-content\/uploads\/sites\/5\/2022\/09\/UnsereProdukte_CTA_teaser_Seitenabschluss.jpg\" class=\"vc_single_image-img attachment-full\" alt=\"\" title=\"UnsereProdukte_CTA_teaser_Seitenabschluss\" srcset=\"https:\/\/www.vangraaf.com\/lv\/wp-content\/uploads\/sites\/5\/2022\/09\/UnsereProdukte_CTA_teaser_Seitenabschluss.jpg 378w, https:\/\/www.vangraaf.com\/lv\/wp-content\/uploads\/sites\/5\/2022\/09\/UnsereProdukte_CTA_teaser_Seitenabschluss-300x200.jpg 300w\" sizes=\"(max-width: 378px) 100vw, 378px\" \/><\/a><\/div><div class=\"cta-teaser__text\"><h3>Produkts<\/h3><p>Augst\u0101k\u0101s kvalit\u0101tes mode un moderns dz\u012bvesveids ir m\u016bsu liel\u0101 aizrau\u0161an\u0101s.<\/p><a class=\"button\" href=\"https:\/\/www.vangraaf.com\/lv\/uznemums\/ilgtspeja\/produkts\/\" target=\"_self\" rel=\"\" style=\"\">Uzzin\u0101t vair\u0101k<\/a><\/div><\/div>[\/vc_column_inner][vc_column_inner width=&#8221;1\/3&#8243;]<div class=\"vg-element cta-teaser cta-teaser--center\" data-aos=\"fade-up\"><div class=\"cta-teaser__image\"><a class=\"\" href=\"https:\/\/www.vangraaf.com\/lv\/uznemums\/ilgtspeja\/modes-precu-aprite\/\" target=\"_self\" rel=\"\" style=\"\"><img loading=\"lazy\" decoding=\"async\" width=\"378\" height=\"252\" src=\"https:\/\/www.vangraaf.com\/lv\/wp-content\/uploads\/sites\/5\/2022\/09\/Kreislauf_2.jpg\" class=\"vc_single_image-img attachment-full\" alt=\"\" title=\"Kreislauf_2\" srcset=\"https:\/\/www.vangraaf.com\/lv\/wp-content\/uploads\/sites\/5\/2022\/09\/Kreislauf_2.jpg 378w, https:\/\/www.vangraaf.com\/lv\/wp-content\/uploads\/sites\/5\/2022\/09\/Kreislauf_2-300x200.jpg 300w\" sizes=\"(max-width: 378px) 100vw, 378px\" \/><\/a><\/div><div class=\"cta-teaser__text\"><h3>Modes pre\u010du aprite<\/h3><p>Ziedojiet ap\u0123\u0113rbu un sa\u0146emiet atlaides kuponu!<\/p><a class=\"button\" href=\"https:\/\/www.vangraaf.com\/lv\/uznemums\/ilgtspeja\/modes-precu-aprite\/\" target=\"_self\" rel=\"\" style=\"\">Uzzin\u0101t vair\u0101k<\/a><\/div><\/div>[\/vc_column_inner][vc_column_inner width=&#8221;1\/3&#8243;]<div class=\"vg-element cta-teaser cta-teaser--center\" data-aos=\"fade-up\"><div class=\"cta-teaser__image\"><a class=\"\" href=\"https:\/\/www.vangraaf.com\/lv\/uznemums\/ilgtspeja\/cilveks\/\" target=\"_self\" rel=\"\" style=\"\"><img loading=\"lazy\" decoding=\"async\" width=\"378\" height=\"252\" src=\"https:\/\/www.vangraaf.com\/lv\/wp-content\/uploads\/sites\/5\/2022\/09\/Mensch.jpg\" class=\"vc_single_image-img attachment-full\" alt=\"\" title=\"Mensch\" srcset=\"https:\/\/www.vangraaf.com\/lv\/wp-content\/uploads\/sites\/5\/2022\/09\/Mensch.jpg 378w, https:\/\/www.vangraaf.com\/lv\/wp-content\/uploads\/sites\/5\/2022\/09\/Mensch-300x200.jpg 300w\" sizes=\"(max-width: 378px) 100vw, 378px\" \/><\/a><\/div><div class=\"cta-teaser__text\"><h3>Cilv\u0113ks<\/h3><p>M\u0113s zin\u0101m, k\u0101du lomu sp\u0113l\u0113jam sabiedr\u012bb\u0101, un apzin\u0101mies savu korporat\u012bvo atbild\u012bbu.<\/p><a class=\"button\" href=\"https:\/\/www.vangraaf.com\/lv\/uznemums\/ilgtspeja\/cilveks\/\" target=\"_self\" rel=\"\" style=\"\">Uzzin\u0101t vair\u0101k<\/a><\/div><\/div>[\/vc_column_inner][\/vc_row_inner][\/vc_column][\/vc_row]<\/div>","protected":false},"excerpt":{"rendered":"[vc_row bwd_tbc4vd_show_weekday=&#8221;&#8221; full_width=&#8221;stretch_row_content_no_spaces&#8221;][vc_column][vc_column_text]Ilgtsp\u0113ja ir ne vien redzama, bet ar\u012b izm\u0113r\u0101ma vairum\u0101 jomu, piem\u0113ram CO2 emisijas vai plastmasas iepakojuma samazin\u0101jums. VAN GRAAF cen\u0161as samazin\u0101t savu ekolo\u0123isk\u0101s p\u0113das nospiedumu, k\u0101 piem\u0113ram, savu iepirkumu maisi\u0146u ra\u017eo\u0161an\u0101 izmantojot otreiz p\u0101rstr\u0101d\u0101tu un FSC sertific\u0113tu materi\u0101lu.[\/vc_column_text][\/vc_column][\/vc_row][vc_row bwd_tbc4vd_show_weekday=&#8221;&#8221; full_width=&#8221;stretch_row_content_no_spaces&#8221;][vc_column][\/vc_column][\/vc_row][vc_row][vc_column][vc_column_text]Pamatojoties uz \u0161iem datiem, m\u0113s izveidojam CO2 bilanci, no kuras izriet m\u016bsu klimata strat\u0113\u0123ija. [&hellip;]","protected":false},"author":6,"featured_media":0,"parent":5334,"menu_order":0,"comment_status":"closed","ping_status":"closed","template":"","meta":{"_acf_changed":false,"inline_featured_image":false,"footnotes":""},"class_list":["post-5468","page","type-page","status-publish","hentry"],"acf":[],"yoast_head":"<!-- This site is optimized with the Yoast SEO plugin v27.2 - https:\/\/yoast.com\/product\/yoast-seo-wordpress\/ -->\n<title>VAN GRAAF R\u012bg\u0101 - Ilgtsp\u0113ja - Vide<\/title>\n<meta name=\"description\" content=\"Ilgtsp\u0113ja ir ne vien redzama, bet ar\u012b izm\u0113r\u0101ma vairum\u0101 jomu, piem\u0113ram CO2 emisijas vai plastmasas iepakojuma samazin\u0101jums.\" \/>\n<meta name=\"robots\" content=\"index, follow, max-snippet:-1, max-image-preview:large, max-video-preview:-1\" \/>\n<link rel=\"canonical\" href=\"https:\/\/www.vangraaf.com\/lv\/uznemums\/ilgtspeja\/vide\/\" \/>\n<meta property=\"og:locale\" content=\"lv_LV\" \/>\n<meta property=\"og:type\" content=\"article\" \/>\n<meta property=\"og:title\" content=\"VAN GRAAF R\u012bg\u0101 - Ilgtsp\u0113ja - Vide\" \/>\n<meta property=\"og:description\" content=\"Ilgtsp\u0113ja ir ne vien redzama, bet ar\u012b izm\u0113r\u0101ma vairum\u0101 jomu, piem\u0113ram CO2 emisijas vai plastmasas iepakojuma samazin\u0101jums.\" \/>\n<meta property=\"og:url\" content=\"https:\/\/www.vangraaf.com\/lv\/uznemums\/ilgtspeja\/vide\/\" \/>\n<meta property=\"og:site_name\" content=\"VAN GRAAF Latvija\" \/>\n<meta property=\"article:modified_time\" content=\"2024-09-17T14:28:44+00:00\" \/>\n<meta name=\"twitter:card\" content=\"summary_large_image\" \/>\n<meta name=\"twitter:label1\" content=\"Est. reading time\" \/>\n\t<meta name=\"twitter:data1\" content=\"2 min\u016btes\" \/>\n<script type=\"application\/ld+json\" class=\"yoast-schema-graph\">{\"@context\":\"https:\/\/schema.org\",\"@graph\":[{\"@type\":\"WebPage\",\"@id\":\"https:\/\/www.vangraaf.com\/lv\/uznemums\/ilgtspeja\/vide\/\",\"url\":\"https:\/\/www.vangraaf.com\/lv\/uznemums\/ilgtspeja\/vide\/\",\"name\":\"VAN GRAAF R\u012bg\u0101 - Ilgtsp\u0113ja - Vide\",\"isPartOf\":{\"@id\":\"https:\/\/www.vangraaf.com\/lv\/#website\"},\"datePublished\":\"2021-07-07T13:43:41+00:00\",\"dateModified\":\"2024-09-17T14:28:44+00:00\",\"description\":\"Ilgtsp\u0113ja ir ne vien redzama, bet ar\u012b izm\u0113r\u0101ma vairum\u0101 jomu, piem\u0113ram CO2 emisijas vai plastmasas iepakojuma samazin\u0101jums.\",\"breadcrumb\":{\"@id\":\"https:\/\/www.vangraaf.com\/lv\/uznemums\/ilgtspeja\/vide\/#breadcrumb\"},\"inLanguage\":\"lv-LV\",\"potentialAction\":[{\"@type\":\"ReadAction\",\"target\":[\"https:\/\/www.vangraaf.com\/lv\/uznemums\/ilgtspeja\/vide\/\"]}]},{\"@type\":\"BreadcrumbList\",\"@id\":\"https:\/\/www.vangraaf.com\/lv\/uznemums\/ilgtspeja\/vide\/#breadcrumb\",\"itemListElement\":[{\"@type\":\"ListItem\",\"position\":1,\"name\":\"Home\",\"item\":\"https:\/\/www.vangraaf.com\/lv\/\"},{\"@type\":\"ListItem\",\"position\":2,\"name\":\"Uz\u0146\u0113mums\",\"item\":\"https:\/\/www.vangraaf.com\/lv\/uznemums\/\"},{\"@type\":\"ListItem\",\"position\":3,\"name\":\"Ilgtsp\u0113ja\",\"item\":\"https:\/\/www.vangraaf.com\/lv\/uznemums\/ilgtspeja\/\"},{\"@type\":\"ListItem\",\"position\":4,\"name\":\"Vide\"}]},{\"@type\":\"WebSite\",\"@id\":\"https:\/\/www.vangraaf.com\/lv\/#website\",\"url\":\"https:\/\/www.vangraaf.com\/lv\/\",\"name\":\"VAN GRAAF\",\"description\":\"VAN GRAAF\",\"potentialAction\":[{\"@type\":\"SearchAction\",\"target\":{\"@type\":\"EntryPoint\",\"urlTemplate\":\"https:\/\/www.vangraaf.com\/lv\/?s={search_term_string}\"},\"query-input\":{\"@type\":\"PropertyValueSpecification\",\"valueRequired\":true,\"valueName\":\"search_term_string\"}}],\"inLanguage\":\"lv-LV\"}]}<\/script>\n<!-- \/ Yoast SEO plugin. -->","yoast_head_json":{"title":"VAN GRAAF R\u012bg\u0101 - Ilgtsp\u0113ja - Vide","description":"Ilgtsp\u0113ja ir ne vien redzama, bet ar\u012b izm\u0113r\u0101ma vairum\u0101 jomu, piem\u0113ram CO2 emisijas vai plastmasas iepakojuma samazin\u0101jums.","robots":{"index":"index","follow":"follow","max-snippet":"max-snippet:-1","max-image-preview":"max-image-preview:large","max-video-preview":"max-video-preview:-1"},"canonical":"https:\/\/www.vangraaf.com\/lv\/uznemums\/ilgtspeja\/vide\/","og_locale":"lv_LV","og_type":"article","og_title":"VAN GRAAF R\u012bg\u0101 - Ilgtsp\u0113ja - Vide","og_description":"Ilgtsp\u0113ja ir ne vien redzama, bet ar\u012b izm\u0113r\u0101ma vairum\u0101 jomu, piem\u0113ram CO2 emisijas vai plastmasas iepakojuma samazin\u0101jums.","og_url":"https:\/\/www.vangraaf.com\/lv\/uznemums\/ilgtspeja\/vide\/","og_site_name":"VAN GRAAF Latvija","article_modified_time":"2024-09-17T14:28:44+00:00","twitter_card":"summary_large_image","twitter_misc":{"Est. reading time":"2 min\u016btes"},"schema":{"@context":"https:\/\/schema.org","@graph":[{"@type":"WebPage","@id":"https:\/\/www.vangraaf.com\/lv\/uznemums\/ilgtspeja\/vide\/","url":"https:\/\/www.vangraaf.com\/lv\/uznemums\/ilgtspeja\/vide\/","name":"VAN GRAAF R\u012bg\u0101 - Ilgtsp\u0113ja - Vide","isPartOf":{"@id":"https:\/\/www.vangraaf.com\/lv\/#website"},"datePublished":"2021-07-07T13:43:41+00:00","dateModified":"2024-09-17T14:28:44+00:00","description":"Ilgtsp\u0113ja ir ne vien redzama, bet ar\u012b izm\u0113r\u0101ma vairum\u0101 jomu, piem\u0113ram CO2 emisijas vai plastmasas iepakojuma samazin\u0101jums.","breadcrumb":{"@id":"https:\/\/www.vangraaf.com\/lv\/uznemums\/ilgtspeja\/vide\/#breadcrumb"},"inLanguage":"lv-LV","potentialAction":[{"@type":"ReadAction","target":["https:\/\/www.vangraaf.com\/lv\/uznemums\/ilgtspeja\/vide\/"]}]},{"@type":"BreadcrumbList","@id":"https:\/\/www.vangraaf.com\/lv\/uznemums\/ilgtspeja\/vide\/#breadcrumb","itemListElement":[{"@type":"ListItem","position":1,"name":"Home","item":"https:\/\/www.vangraaf.com\/lv\/"},{"@type":"ListItem","position":2,"name":"Uz\u0146\u0113mums","item":"https:\/\/www.vangraaf.com\/lv\/uznemums\/"},{"@type":"ListItem","position":3,"name":"Ilgtsp\u0113ja","item":"https:\/\/www.vangraaf.com\/lv\/uznemums\/ilgtspeja\/"},{"@type":"ListItem","position":4,"name":"Vide"}]},{"@type":"WebSite","@id":"https:\/\/www.vangraaf.com\/lv\/#website","url":"https:\/\/www.vangraaf.com\/lv\/","name":"VAN GRAAF","description":"VAN GRAAF","potentialAction":[{"@type":"SearchAction","target":{"@type":"EntryPoint","urlTemplate":"https:\/\/www.vangraaf.com\/lv\/?s={search_term_string}"},"query-input":{"@type":"PropertyValueSpecification","valueRequired":true,"valueName":"search_term_string"}}],"inLanguage":"lv-LV"}]}},"_links":{"self":[{"href":"https:\/\/www.vangraaf.com\/lv\/wp-json\/wp\/v2\/pages\/5468","targetHints":{"allow":["GET"]}}],"collection":[{"href":"https:\/\/www.vangraaf.com\/lv\/wp-json\/wp\/v2\/pages"}],"about":[{"href":"https:\/\/www.vangraaf.com\/lv\/wp-json\/wp\/v2\/types\/page"}],"author":[{"embeddable":true,"href":"https:\/\/www.vangraaf.com\/lv\/wp-json\/wp\/v2\/users\/6"}],"replies":[{"embeddable":true,"href":"https:\/\/www.vangraaf.com\/lv\/wp-json\/wp\/v2\/comments?post=5468"}],"version-history":[{"count":15,"href":"https:\/\/www.vangraaf.com\/lv\/wp-json\/wp\/v2\/pages\/5468\/revisions"}],"predecessor-version":[{"id":6687,"href":"https:\/\/www.vangraaf.com\/lv\/wp-json\/wp\/v2\/pages\/5468\/revisions\/6687"}],"up":[{"embeddable":true,"href":"https:\/\/www.vangraaf.com\/lv\/wp-json\/wp\/v2\/pages\/5334"}],"wp:attachment":[{"href":"https:\/\/www.vangraaf.com\/lv\/wp-json\/wp\/v2\/media?parent=5468"}],"curies":[{"name":"wp","href":"https:\/\/api.w.org\/{rel}","templated":true}]}}