{"id":5332,"date":"2021-06-29T14:34:30","date_gmt":"2021-06-29T12:34:30","guid":{"rendered":"https:\/\/www.vangraaf.com\/lv\/?page_id=5332"},"modified":"2021-07-15T09:28:18","modified_gmt":"2021-07-15T07:28:18","slug":"arhitektura","status":"publish","type":"page","link":"https:\/\/www.vangraaf.com\/lv\/uznemums\/uznemumu-grupa\/arhitektura\/","title":{"rendered":"Arhitekt\u016bra"},"content":{"rendered":"<div class=\"wpb-content-wrapper\">[vc_row bwd_tbc4vd_show_weekday=&#8221;&#8221; full_width=&#8221;stretch_row_content_no_spaces&#8221;][vc_column]<div class=\"keyvisual\" data-aos=\"fade-up\" ><img loading=\"lazy\" decoding=\"async\" width=\"1440\" height=\"480\" src=\"https:\/\/www.vangraaf.com\/lv\/wp-content\/uploads\/sites\/5\/2021\/07\/Unternehmen_Architektur_Banner_VG_WP.jpg\" class=\"vc_single_image-img\" alt=\"\" srcset=\"https:\/\/www.vangraaf.com\/lv\/wp-content\/uploads\/sites\/5\/2021\/07\/Unternehmen_Architektur_Banner_VG_WP.jpg 1440w, https:\/\/www.vangraaf.com\/lv\/wp-content\/uploads\/sites\/5\/2021\/07\/Unternehmen_Architektur_Banner_VG_WP-300x100.jpg 300w, https:\/\/www.vangraaf.com\/lv\/wp-content\/uploads\/sites\/5\/2021\/07\/Unternehmen_Architektur_Banner_VG_WP-1024x341.jpg 1024w, https:\/\/www.vangraaf.com\/lv\/wp-content\/uploads\/sites\/5\/2021\/07\/Unternehmen_Architektur_Banner_VG_WP-768x256.jpg 768w, https:\/\/www.vangraaf.com\/lv\/wp-content\/uploads\/sites\/5\/2021\/07\/Unternehmen_Architektur_Banner_VG_WP-1200x400.jpg 1200w, https:\/\/www.vangraaf.com\/lv\/wp-content\/uploads\/sites\/5\/2021\/07\/Unternehmen_Architektur_Banner_VG_WP-992x331.jpg 992w, https:\/\/www.vangraaf.com\/lv\/wp-content\/uploads\/sites\/5\/2021\/07\/Unternehmen_Architektur_Banner_VG_WP-480x160.jpg 480w\" sizes=\"(max-width: 1440px) 100vw, 1440px\" \/><\/div>\n        <div class=\"headlines headlines--center\" data-aos=\"fade-up\">\n            <div class=\"vc_row\">\n                <div class=\"vc_col-md-10 vc_col-md-offset-1 vc_col-lg-10 vc_col-lg-offset-1\"><span class=\"h6\">Arhitekt\u016bra<\/span><h1 class=\"h2\">Ien\u0101ciet un j\u016btieties k\u0101 m\u0101j\u0101s<\/h1><\/div>\n            <\/div>\n        <\/div>[vc_column_text]\r\n<p style=\"text-align: center\">M\u0113s saviem pirc\u0113jiem pied\u0101v\u0101jam neskait\u0101mas iesp\u0113jas, k\u0101 izbaud\u012bt patiesi neatk\u0101rtojamu iepirk\u0161an\u0101s pieredzi. Modes cien\u012bt\u0101ji var piln\u012bb\u0101 izbaud\u012bt \u012bpa\u0161u iepirk\u0161an\u0101s piedz\u012bvojumu, kl\u0101tien\u0113 iep\u0113rkoties m\u016bsu veikalos, kur vi\u0146i ar vis\u0101m sav\u0101m ma\u0146\u0101m var izjust m\u016bsu aizrau\u0161anos ar cilv\u0113kiem un modi. Jau pirms ien\u0101k\u0161anas m\u016bsu modes pasaul\u0113 pirc\u0113jus neizb\u0113gami p\u0101rsteigs m\u016bsu veikalu apbr\u012bnojam\u0101 arhitekt\u016bra, ko papildina m\u016bsu stingr\u0101 ap\u0146em\u0161an\u0101s rad\u012bt nevainojamu dizainu ikkatram veikalam. Ien\u0101kot pa durv\u012bm, vi\u0146us sagaid\u012bs vis\u0101m m\u016bsu veikalu telp\u0101m rakstur\u012bg\u0101 draudz\u012bg\u0101 un m\u016bsdien\u012bg\u0101 atmosf\u0113ra. Pavadot m\u016bsu pirc\u0113jus modes atkl\u0101\u0161anas ce\u013cojum\u0101, m\u0113s sniedzam savu atbalstu un padomus, pied\u0101v\u0101jam iedvesmojo\u0161as \u0123\u0113rb\u0161an\u0101s idejas un individu\u0101lus pakalpojumus, lai pirc\u0113ji iep\u0113rkoties justos k\u0101 m\u0101j\u0101s.<\/p>\r\n[\/vc_column_text][\/vc_column][\/vc_row][vc_row][vc_column]<div class=\"vice-versa-teaser vice-versa-teaser--dark\" style=\"--season-color: #ededed\" data-aos=\"fade-up\"><div class=\"vice-versa-teaser__inner\">\n                        <div class=\"content_wrap\"><div class=\"vg-element vice-versa-teaser__item vice-versa-teaser__item--left\"><div class=\"vc_row vc_row-flex\"><div class=\"vc_col-xs-12 vc_col-sm-6\"><div class=\"vice-versa-teaser__item__image-wrap\"><img loading=\"lazy\" decoding=\"async\" width=\"555\" height=\"735\" src=\"https:\/\/www.vangraaf.com\/lv\/wp-content\/uploads\/sites\/5\/2021\/07\/Unternehmen_Architektur_Prag_aussen_WP.jpg\" class=\"attachment-van-graaf-vice-versa-teaser size-van-graaf-vice-versa-teaser\" alt=\"\" srcset=\"https:\/\/www.vangraaf.com\/lv\/wp-content\/uploads\/sites\/5\/2021\/07\/Unternehmen_Architektur_Prag_aussen_WP.jpg 555w, https:\/\/www.vangraaf.com\/lv\/wp-content\/uploads\/sites\/5\/2021\/07\/Unternehmen_Architektur_Prag_aussen_WP-227x300.jpg 227w, https:\/\/www.vangraaf.com\/lv\/wp-content\/uploads\/sites\/5\/2021\/07\/Unternehmen_Architektur_Prag_aussen_WP-480x636.jpg 480w\" sizes=\"(max-width: 555px) 100vw, 555px\" \/><\/div><\/div><div class=\"vice-versa-teaser__item__content-wrap vc_col-xs-12 vc_col-sm-6 vc_col-md-4 vc_col-md-offset-1\"><div class=\"vice-versa-teaser__item__content\"><p>M\u016bsu veikalu dizains atspogu\u013co m\u016bsu uz\u0146\u0113muma kvalit\u0101ti. VAN GRAAF uz\u0146\u0113muma identit\u0101tes pamat\u0101 m\u0113s izmantojam vado\u0161us arhitektoniskos principus, lai nodro\u0161in\u0101tu, ka visi m\u016bsu uz\u0146\u0113mumu grupai piedero\u0161ie veikali atbilst vien\u0101diem standartiem attiec\u012bb\u0101 uz to izskatu, s\u0101kot ar m\u016bsu veikaliem rakstur\u012bgaj\u0101m fas\u0101d\u0113m, kuras var atpaz\u012bt jau no att\u0101luma, un beidzot ar vien\u0101do veikala pl\u0101nojumu un iek\u0161\u0113j\u0101m konstrukcij\u0101m. <\/p><\/div><\/div><\/div><\/div><div class=\"vg-element vice-versa-teaser__item vice-versa-teaser__item--right\"><div class=\"vc_row vc_row-flex\"><div class=\"vc_col-xs-12 vc_col-sm-6 vc_col-sm-push-6\"><div class=\"vice-versa-teaser__item__image-wrap\"><img loading=\"lazy\" decoding=\"async\" width=\"555\" height=\"735\" src=\"https:\/\/www.vangraaf.com\/lv\/wp-content\/uploads\/sites\/5\/2021\/07\/Unternehmen_Architektur_Prag_WP.jpg\" class=\"attachment-van-graaf-vice-versa-teaser size-van-graaf-vice-versa-teaser\" alt=\"\" srcset=\"https:\/\/www.vangraaf.com\/lv\/wp-content\/uploads\/sites\/5\/2021\/07\/Unternehmen_Architektur_Prag_WP.jpg 555w, https:\/\/www.vangraaf.com\/lv\/wp-content\/uploads\/sites\/5\/2021\/07\/Unternehmen_Architektur_Prag_WP-227x300.jpg 227w, https:\/\/www.vangraaf.com\/lv\/wp-content\/uploads\/sites\/5\/2021\/07\/Unternehmen_Architektur_Prag_WP-480x636.jpg 480w\" sizes=\"(max-width: 555px) 100vw, 555px\" \/><\/div><\/div><div class=\"vice-versa-teaser__item__content-wrap vc_col-xs-12 vc_col-sm-6 vc_col-md-4 vc_col-md-offset-1 vc_col-sm-pull-6\"><div class=\"vice-versa-teaser__item__content\"><p>Neatkar\u012bgi no t\u0101, vai t\u0101 b\u016btu v\u0113sturiska \u0113ka vai pla\u0161i paz\u012bstams iepirk\u0161an\u0101s centrs, m\u016bsu veikali vienm\u0113r ir atpaz\u012bstami ar to iek\u0161telpu dizainu, kam rakstur\u012bgas skaidras un m\u016bsdien\u012bgas l\u012bnijas un pla\u0161as tirdzniec\u012bbas z\u0101les.<\/p><\/div><\/div><\/div><\/div><\/div><\/div><\/div>[\/vc_column][\/vc_row][vc_row][vc_column][vc_column_text]\r\n<p style=\"text-align: center\"><a class=\"button\" href=\"https:\/\/www.vangraaf.com\/lv\/uznemums\/fakti\/#stores\">Apmekl\u0113jiet VAN GRAAF veikalus<\/a><\/p>\r\n[\/vc_column_text][\/vc_column][\/vc_row][vc_row][vc_column]\n        <div class=\"headlines headlines--center\" data-aos=\"fade-up\">\n            <div class=\"vc_row\">\n                <div class=\"vc_col-md-10 vc_col-md-offset-1 vc_col-lg-10 vc_col-lg-offset-1\"><h2 class=\"h2\">Draudz\u012bgs veikalu pl\u0101nojums un apr\u012bkojums<\/h2><\/div>\n            <\/div>\n        <\/div>[vc_column_text]M\u016bsu saprotami struktur\u0113t\u0101 un iedvesmojo\u0161\u0101 modes pasaule \u013cauj apmekl\u0113t\u0101jiem veikalos viegli orient\u0113ties un justies k\u0101 m\u0101j\u0101s, t\u0101 nodro\u0161inot pat\u012bkamu iepirk\u0161an\u0101s pieredzi. S\u0101kot ar m\u016bsu tehniskajiem un konstrukt\u012bvajiem elementiem l\u012bdz pat m\u016bsu veikalu apr\u012bkojumam, m\u0113s visu r\u016bp\u012bgi pl\u0101nojam un tiecamies rad\u012bt izcilu dizainu l\u012bdz pat vismaz\u0101kajai deta\u013cai. M\u016bsu veikalu b\u016bvniec\u012bbas speci\u0101listi izstr\u0101d\u0101 un p\u0101rvalda visus m\u016bsu veikalu elementus, sasniedzot augst\u0101k\u0101s kvalit\u0101tes rezult\u0101tus, t\u0101d\u0101 veid\u0101 demonstr\u0113jot visaugst\u0101k\u0101s meistar\u012bbas paraugu. Stingri noteikti krit\u0113riji attiecas ar\u012b uz m\u016bsu veikalos izmantotajiem materi\u0101liem. Augstas kvalit\u0101tes koka un dab\u012bg\u0101 akmens gr\u012bdas segums, pat\u012bkamu atmosf\u0113ru rado\u0161s apgaismojums un stil\u012bgas m\u0113beles \u013cauj izcelt m\u016bsu veikalu unikalit\u0101ti un rad\u012bt izsmalcin\u0101tu un draudz\u012bgu atmosf\u0113ru.[\/vc_column_text]\n        <div class=\"headlines headlines--center\" data-aos=\"fade-up\">\n            <div class=\"vc_row\">\n                <div class=\"vc_col-md-10 vc_col-md-offset-1 vc_col-lg-10 vc_col-lg-offset-1\"><h2 class=\"h2\">Iedvesmojo\u0161a vide<\/h2><\/div>\n            <\/div>\n        <\/div>[vc_column_text]Kad runa ir par relaks\u0113jo\u0161as iepirk\u0161an\u0101s baud\u012b\u0161anu, iedvesmas g\u016b\u0161anu no jaun\u0101m modes idej\u0101m un ide\u0101li piem\u0113rotu ap\u0123\u0113rba gabalu atra\u0161anu savai garderobei, pirc\u0113ji ir j\u0101sagaida ar pat\u012bkamu atmosf\u0113ru, lai padar\u012btu vi\u0146u iepirk\u0161anos p\u0113c iesp\u0113jas veiksm\u012bg\u0101ku. M\u0113s \u0161\u0101du ide\u0101lu vidi nodro\u0161in\u0101m, veidojot \u0113rtas telpas un atp\u016btas zonas, kas apmekl\u0113t\u0101jiem dod iesp\u0113ju pastaig\u0101ties vai vienk\u0101r\u0161i atp\u016bsties, nevainojamu veikala apgaismojumu un temperat\u016bru, t\u012bras un sak\u0101rtot\u0101 vid\u0113 izvietotas preces un r\u016bp\u012bgi izv\u0113l\u0113tu m\u016bziku. Lai nodro\u0161in\u0101tu nevainojamu m\u016bsu modes kolekciju, \u0123\u0113rb\u0161an\u0101s ideju un stila padomu demonstr\u0113\u0161anu, m\u0113s uzticamies profesion\u0101\u013ciem no m\u016bsu Vizu\u0101l\u0101s noform\u0113\u0161anas komandas. \u0160\u012bs komandas dal\u012bbniekiem ir izcilas zin\u0101\u0161anas da\u017e\u0101d\u0101s jom\u0101s, s\u0101kot ar skatlogu dizainu un beidzot ar nevainojamu pre\u010du izvieto\u0161anu. Turkl\u0101t m\u016bsu individu\u0101lo padomu un atbalsta un vispus\u012bg\u0101 pakalpojumu kl\u0101sta apvienojums pal\u012bdz nodro\u0161in\u0101t to, ka ikkatrs VAN GRAAF apmekl\u0113jums k\u013c\u016bst par neaizmirstamu iepirk\u0161an\u0101s piedz\u012bvojumu.[\/vc_column_text][\/vc_column][\/vc_row]<\/div>","protected":false},"excerpt":{"rendered":"[vc_row bwd_tbc4vd_show_weekday=&#8221;&#8221; full_width=&#8221;stretch_row_content_no_spaces&#8221;][vc_column][vc_column_text] M\u0113s saviem pirc\u0113jiem pied\u0101v\u0101jam neskait\u0101mas iesp\u0113jas, k\u0101 izbaud\u012bt patiesi neatk\u0101rtojamu iepirk\u0161an\u0101s pieredzi. Modes cien\u012bt\u0101ji var piln\u012bb\u0101 izbaud\u012bt \u012bpa\u0161u iepirk\u0161an\u0101s piedz\u012bvojumu, kl\u0101tien\u0113 iep\u0113rkoties m\u016bsu veikalos, kur vi\u0146i ar vis\u0101m sav\u0101m ma\u0146\u0101m var izjust m\u016bsu aizrau\u0161anos ar cilv\u0113kiem un modi. Jau pirms ien\u0101k\u0161anas m\u016bsu modes pasaul\u0113 pirc\u0113jus neizb\u0113gami p\u0101rsteigs m\u016bsu veikalu apbr\u012bnojam\u0101 arhitekt\u016bra, ko [&hellip;]","protected":false},"author":6,"featured_media":0,"parent":5325,"menu_order":0,"comment_status":"closed","ping_status":"closed","template":"","meta":{"_acf_changed":false,"inline_featured_image":false,"footnotes":""},"class_list":["post-5332","page","type-page","status-publish","hentry"],"acf":[],"yoast_head":"<!-- This site is optimized with the Yoast SEO plugin v27.2 - https:\/\/yoast.com\/product\/yoast-seo-wordpress\/ -->\n<title>VAN GRAAF R\u012bg\u0101 - Arhitekt\u016bra<\/title>\n<meta name=\"description\" content=\"M\u0113s saviem pirc\u0113jiem pied\u0101v\u0101jam neskait\u0101mas iesp\u0113jas, k\u0101 izbaud\u012bt patiesi neatk\u0101rtojamu iepirk\u0161an\u0101s pieredzi.\" \/>\n<meta name=\"robots\" content=\"index, follow, max-snippet:-1, max-image-preview:large, max-video-preview:-1\" \/>\n<link rel=\"canonical\" href=\"https:\/\/www.vangraaf.com\/lv\/uznemums\/uznemumu-grupa\/arhitektura\/\" \/>\n<meta property=\"og:locale\" content=\"lv_LV\" \/>\n<meta property=\"og:type\" content=\"article\" \/>\n<meta property=\"og:title\" content=\"VAN GRAAF R\u012bg\u0101 - Arhitekt\u016bra\" \/>\n<meta property=\"og:description\" content=\"M\u0113s saviem pirc\u0113jiem pied\u0101v\u0101jam neskait\u0101mas iesp\u0113jas, k\u0101 izbaud\u012bt patiesi neatk\u0101rtojamu iepirk\u0161an\u0101s pieredzi.\" \/>\n<meta property=\"og:url\" content=\"https:\/\/www.vangraaf.com\/lv\/uznemums\/uznemumu-grupa\/arhitektura\/\" \/>\n<meta property=\"og:site_name\" content=\"VAN GRAAF Latvija\" \/>\n<meta property=\"article:modified_time\" content=\"2021-07-15T07:28:18+00:00\" \/>\n<meta name=\"twitter:card\" content=\"summary_large_image\" \/>\n<meta name=\"twitter:label1\" content=\"Est. reading time\" \/>\n\t<meta name=\"twitter:data1\" content=\"2 min\u016btes\" \/>\n<script type=\"application\/ld+json\" class=\"yoast-schema-graph\">{\"@context\":\"https:\/\/schema.org\",\"@graph\":[{\"@type\":\"WebPage\",\"@id\":\"https:\/\/www.vangraaf.com\/lv\/uznemums\/uznemumu-grupa\/arhitektura\/\",\"url\":\"https:\/\/www.vangraaf.com\/lv\/uznemums\/uznemumu-grupa\/arhitektura\/\",\"name\":\"VAN GRAAF R\u012bg\u0101 - Arhitekt\u016bra\",\"isPartOf\":{\"@id\":\"https:\/\/www.vangraaf.com\/lv\/#website\"},\"datePublished\":\"2021-06-29T12:34:30+00:00\",\"dateModified\":\"2021-07-15T07:28:18+00:00\",\"description\":\"M\u0113s saviem pirc\u0113jiem pied\u0101v\u0101jam neskait\u0101mas iesp\u0113jas, k\u0101 izbaud\u012bt patiesi neatk\u0101rtojamu iepirk\u0161an\u0101s pieredzi.\",\"breadcrumb\":{\"@id\":\"https:\/\/www.vangraaf.com\/lv\/uznemums\/uznemumu-grupa\/arhitektura\/#breadcrumb\"},\"inLanguage\":\"lv-LV\",\"potentialAction\":[{\"@type\":\"ReadAction\",\"target\":[\"https:\/\/www.vangraaf.com\/lv\/uznemums\/uznemumu-grupa\/arhitektura\/\"]}]},{\"@type\":\"BreadcrumbList\",\"@id\":\"https:\/\/www.vangraaf.com\/lv\/uznemums\/uznemumu-grupa\/arhitektura\/#breadcrumb\",\"itemListElement\":[{\"@type\":\"ListItem\",\"position\":1,\"name\":\"Home\",\"item\":\"https:\/\/www.vangraaf.com\/lv\/\"},{\"@type\":\"ListItem\",\"position\":2,\"name\":\"Uz\u0146\u0113mums\",\"item\":\"https:\/\/www.vangraaf.com\/lv\/uznemums\/\"},{\"@type\":\"ListItem\",\"position\":3,\"name\":\"Uz\u0146\u0113mumu grupa\",\"item\":\"https:\/\/www.vangraaf.com\/lv\/uznemums\/uznemumu-grupa\/\"},{\"@type\":\"ListItem\",\"position\":4,\"name\":\"Arhitekt\u016bra\"}]},{\"@type\":\"WebSite\",\"@id\":\"https:\/\/www.vangraaf.com\/lv\/#website\",\"url\":\"https:\/\/www.vangraaf.com\/lv\/\",\"name\":\"VAN GRAAF\",\"description\":\"VAN GRAAF\",\"potentialAction\":[{\"@type\":\"SearchAction\",\"target\":{\"@type\":\"EntryPoint\",\"urlTemplate\":\"https:\/\/www.vangraaf.com\/lv\/?s={search_term_string}\"},\"query-input\":{\"@type\":\"PropertyValueSpecification\",\"valueRequired\":true,\"valueName\":\"search_term_string\"}}],\"inLanguage\":\"lv-LV\"}]}<\/script>\n<!-- \/ Yoast SEO plugin. -->","yoast_head_json":{"title":"VAN GRAAF R\u012bg\u0101 - Arhitekt\u016bra","description":"M\u0113s saviem pirc\u0113jiem pied\u0101v\u0101jam neskait\u0101mas iesp\u0113jas, k\u0101 izbaud\u012bt patiesi neatk\u0101rtojamu iepirk\u0161an\u0101s pieredzi.","robots":{"index":"index","follow":"follow","max-snippet":"max-snippet:-1","max-image-preview":"max-image-preview:large","max-video-preview":"max-video-preview:-1"},"canonical":"https:\/\/www.vangraaf.com\/lv\/uznemums\/uznemumu-grupa\/arhitektura\/","og_locale":"lv_LV","og_type":"article","og_title":"VAN GRAAF R\u012bg\u0101 - Arhitekt\u016bra","og_description":"M\u0113s saviem pirc\u0113jiem pied\u0101v\u0101jam neskait\u0101mas iesp\u0113jas, k\u0101 izbaud\u012bt patiesi neatk\u0101rtojamu iepirk\u0161an\u0101s pieredzi.","og_url":"https:\/\/www.vangraaf.com\/lv\/uznemums\/uznemumu-grupa\/arhitektura\/","og_site_name":"VAN GRAAF Latvija","article_modified_time":"2021-07-15T07:28:18+00:00","twitter_card":"summary_large_image","twitter_misc":{"Est. reading time":"2 min\u016btes"},"schema":{"@context":"https:\/\/schema.org","@graph":[{"@type":"WebPage","@id":"https:\/\/www.vangraaf.com\/lv\/uznemums\/uznemumu-grupa\/arhitektura\/","url":"https:\/\/www.vangraaf.com\/lv\/uznemums\/uznemumu-grupa\/arhitektura\/","name":"VAN GRAAF R\u012bg\u0101 - Arhitekt\u016bra","isPartOf":{"@id":"https:\/\/www.vangraaf.com\/lv\/#website"},"datePublished":"2021-06-29T12:34:30+00:00","dateModified":"2021-07-15T07:28:18+00:00","description":"M\u0113s saviem pirc\u0113jiem pied\u0101v\u0101jam neskait\u0101mas iesp\u0113jas, k\u0101 izbaud\u012bt patiesi neatk\u0101rtojamu iepirk\u0161an\u0101s pieredzi.","breadcrumb":{"@id":"https:\/\/www.vangraaf.com\/lv\/uznemums\/uznemumu-grupa\/arhitektura\/#breadcrumb"},"inLanguage":"lv-LV","potentialAction":[{"@type":"ReadAction","target":["https:\/\/www.vangraaf.com\/lv\/uznemums\/uznemumu-grupa\/arhitektura\/"]}]},{"@type":"BreadcrumbList","@id":"https:\/\/www.vangraaf.com\/lv\/uznemums\/uznemumu-grupa\/arhitektura\/#breadcrumb","itemListElement":[{"@type":"ListItem","position":1,"name":"Home","item":"https:\/\/www.vangraaf.com\/lv\/"},{"@type":"ListItem","position":2,"name":"Uz\u0146\u0113mums","item":"https:\/\/www.vangraaf.com\/lv\/uznemums\/"},{"@type":"ListItem","position":3,"name":"Uz\u0146\u0113mumu grupa","item":"https:\/\/www.vangraaf.com\/lv\/uznemums\/uznemumu-grupa\/"},{"@type":"ListItem","position":4,"name":"Arhitekt\u016bra"}]},{"@type":"WebSite","@id":"https:\/\/www.vangraaf.com\/lv\/#website","url":"https:\/\/www.vangraaf.com\/lv\/","name":"VAN GRAAF","description":"VAN GRAAF","potentialAction":[{"@type":"SearchAction","target":{"@type":"EntryPoint","urlTemplate":"https:\/\/www.vangraaf.com\/lv\/?s={search_term_string}"},"query-input":{"@type":"PropertyValueSpecification","valueRequired":true,"valueName":"search_term_string"}}],"inLanguage":"lv-LV"}]}},"_links":{"self":[{"href":"https:\/\/www.vangraaf.com\/lv\/wp-json\/wp\/v2\/pages\/5332","targetHints":{"allow":["GET"]}}],"collection":[{"href":"https:\/\/www.vangraaf.com\/lv\/wp-json\/wp\/v2\/pages"}],"about":[{"href":"https:\/\/www.vangraaf.com\/lv\/wp-json\/wp\/v2\/types\/page"}],"author":[{"embeddable":true,"href":"https:\/\/www.vangraaf.com\/lv\/wp-json\/wp\/v2\/users\/6"}],"replies":[{"embeddable":true,"href":"https:\/\/www.vangraaf.com\/lv\/wp-json\/wp\/v2\/comments?post=5332"}],"version-history":[{"count":4,"href":"https:\/\/www.vangraaf.com\/lv\/wp-json\/wp\/v2\/pages\/5332\/revisions"}],"predecessor-version":[{"id":5536,"href":"https:\/\/www.vangraaf.com\/lv\/wp-json\/wp\/v2\/pages\/5332\/revisions\/5536"}],"up":[{"embeddable":true,"href":"https:\/\/www.vangraaf.com\/lv\/wp-json\/wp\/v2\/pages\/5325"}],"wp:attachment":[{"href":"https:\/\/www.vangraaf.com\/lv\/wp-json\/wp\/v2\/media?parent=5332"}],"curies":[{"name":"wp","href":"https:\/\/api.w.org\/{rel}","templated":true}]}}