{"id":5330,"date":"2021-06-29T14:34:14","date_gmt":"2021-06-29T12:34:14","guid":{"rendered":"https:\/\/www.vangraaf.com\/lv\/?page_id=5330"},"modified":"2021-07-15T09:27:34","modified_gmt":"2021-07-15T07:27:34","slug":"plasas-zinasanas-par-modi","status":"publish","type":"page","link":"https:\/\/www.vangraaf.com\/lv\/uznemums\/uznemumu-grupa\/plasas-zinasanas-par-modi\/","title":{"rendered":"Pla\u0161as zin\u0101\u0161anas par modi"},"content":{"rendered":"<div class=\"wpb-content-wrapper\">[vc_row bwd_tbc4vd_show_weekday=&#8221;&#8221; full_width=&#8221;stretch_row_content_no_spaces&#8221;][vc_column]<div class=\"keyvisual\" data-aos=\"fade-up\" ><img loading=\"lazy\" decoding=\"async\" width=\"1440\" height=\"480\" src=\"https:\/\/www.vangraaf.com\/lv\/wp-content\/uploads\/sites\/5\/2021\/07\/Unternehmen_Modekompetenz_Banner_WP.jpg\" class=\"vc_single_image-img\" alt=\"\" srcset=\"https:\/\/www.vangraaf.com\/lv\/wp-content\/uploads\/sites\/5\/2021\/07\/Unternehmen_Modekompetenz_Banner_WP.jpg 1440w, https:\/\/www.vangraaf.com\/lv\/wp-content\/uploads\/sites\/5\/2021\/07\/Unternehmen_Modekompetenz_Banner_WP-300x100.jpg 300w, https:\/\/www.vangraaf.com\/lv\/wp-content\/uploads\/sites\/5\/2021\/07\/Unternehmen_Modekompetenz_Banner_WP-1024x341.jpg 1024w, https:\/\/www.vangraaf.com\/lv\/wp-content\/uploads\/sites\/5\/2021\/07\/Unternehmen_Modekompetenz_Banner_WP-768x256.jpg 768w, https:\/\/www.vangraaf.com\/lv\/wp-content\/uploads\/sites\/5\/2021\/07\/Unternehmen_Modekompetenz_Banner_WP-1200x400.jpg 1200w, https:\/\/www.vangraaf.com\/lv\/wp-content\/uploads\/sites\/5\/2021\/07\/Unternehmen_Modekompetenz_Banner_WP-992x331.jpg 992w, https:\/\/www.vangraaf.com\/lv\/wp-content\/uploads\/sites\/5\/2021\/07\/Unternehmen_Modekompetenz_Banner_WP-480x160.jpg 480w, https:\/\/www.vangraaf.com\/lv\/wp-content\/uploads\/sites\/5\/2021\/07\/Unternehmen_Modekompetenz_Banner_WP-690x230.jpg 690w\" sizes=\"(max-width: 1440px) 100vw, 1440px\" \/><\/div>\n        <div class=\"headlines headlines--center\" data-aos=\"fade-up\">\n            <div class=\"vc_row\">\n                <div class=\"vc_col-md-10 vc_col-md-offset-1 vc_col-lg-10 vc_col-lg-offset-1\"><span class=\"h6\">Pla\u0161as zin\u0101\u0161anas par modi<\/span><h1 class=\"h2\">Apkalpo\u0161ana un aizraut\u012bba<\/h1><\/div>\n            <\/div>\n        <\/div>[vc_column_text]\r\n<p style=\"text-align: center\">M\u016bsu filozofija ir ar\u012b m\u016bsu pan\u0101kumu atsl\u0113ga: m\u0113s tiecamies sasniegt augst\u0101kos kvalit\u0101tes standartus, gan attiec\u012bb\u0101 uz m\u016bsu moderno ap\u0123\u0113rbu kl\u0101stu, gan da\u017e\u0101dajiem pakalpojumiem, kas pieejami m\u016bsu tirdzniec\u012bbas viet\u0101s, nepie\u013caujot kompromisus nevien\u0101 jom\u0101. Par \u012bpa\u0161i svar\u012bgu m\u0113s uzskat\u0101m profesion\u0101lo kompetenci, kas piem\u012bt m\u016bsu augsti motiv\u0113tajiem darbiniekiem, kuri savas profesion\u0101l\u0101s zin\u0101\u0161anas, izcilo stila un modes izj\u016btu izmanto sav\u0101 darb\u0101 gan tirdzniec\u012bbas z\u0101l\u0113, gan aizkulis\u0113s. Pateicoties apjom\u012bgaj\u0101m ekspertu zin\u0101\u0161an\u0101m, lielajai aizraut\u012bbai un daudzveid\u012bgajam augstas kvalit\u0101tes produktu kl\u0101stam, m\u016bsu grupa vair\u0101k nek\u0101 simts gadu garum\u0101 ir bijusi un joproj\u0101m ir tik saisto\u0161a m\u016bsu klientiem.<\/p>\r\nDarbojoties stacion\u0101r\u0101s mazumtirdzniec\u012bbas jom\u0101, m\u016bsu tirdzniec\u012bbas darb\u012bbas pamat\u0101 ir veiksm\u012bga koncepcija \u2013 m\u016bsu specializ\u0113t\u0101s noda\u013cas. \u0160\u012bs noda\u013cas \u013cauj mums sak\u0101rtot m\u016bsu pre\u010du kl\u0101stu, sadalot ap\u0123\u0113rbus pa kategorij\u0101m. Neatkar\u012bgi no t\u0101, vai tie b\u016btu uzvalki, jakas, kleitas vai bikses, katr\u0101 no m\u016bsu noda\u013c\u0101m ir pieejama liela izm\u0113ru, stilu, audumu un z\u012bmolu da\u017e\u0101d\u012bba. Pateicoties p\u0101rskat\u0101majam veikalu izk\u0101rtojumam, daudzveid\u012bgajam pre\u010du kl\u0101stam un izpal\u012bdz\u012bgajiem un zino\u0161ajiem darbiniekiem, m\u016bsu klienti var izbaud\u012bt pat\u012bkamu iepirk\u0161an\u0101s pieredzi, jo katrs no veikala darbiniekiem ir \u012bsts lietprat\u0113js sav\u0101 noda\u013c\u0101, t\u0101d\u0113j\u0101di sp\u0113jot pied\u0101v\u0101t \u012bpa\u0161i pla\u0161as zin\u0101\u0161anas sav\u0101 jom\u0101. Tas pats attiecas uz m\u016bsu iepirkumu grupu, kas izmanto savas lietprat\u0113ju zin\u0101\u0161anas sav\u0101s attiec\u012bgaj\u0101s jom\u0101s, izv\u0113loties ap\u0123\u0113rbu m\u016bsu jaun\u0101kaj\u0101m kolekcij\u0101m.[\/vc_column_text][\/vc_column][\/vc_row][vc_row][vc_column]\n        <div class=\"headlines headlines--center\" data-aos=\"fade-up\">\n            <div class=\"vc_row\">\n                <div class=\"vc_col-md-10 vc_col-md-offset-1 vc_col-lg-10 vc_col-lg-offset-1\"><h2 class=\"h2\">Fascin\u0113jo\u0161a daudzveid\u012bba<\/h2><\/div>\n            <\/div>\n        <\/div>[vc_column_text]Neatkar\u012bgi no t\u0101, vai mekl\u0113jat ko klasisku, stil\u012bgu, ikdieni\u0161\u0137u vai izsmalcin\u0101tu, m\u016bsu pla\u0161ais atlas\u012bto modes pre\u010du kl\u0101sts visa veida stiliem un pas\u0101kumiem ir patiesi unik\u0101ls. Paties\u012bb\u0101 neviens cits mazumtirgot\u0101js nepied\u0101v\u0101 v\u012brie\u0161iem, sieviet\u0113m un b\u0113rniem tik lielu izm\u0113ru, piegriezumu, kr\u0101su, stilu un cenu kategoriju da\u017e\u0101d\u012bbu. M\u0113s p\u0101rsteidzam modes cien\u012bt\u0101jus ar m\u016bsu atlas\u012btajiem 300 vado\u0161ajiem modes z\u012bmoliem un to starptautiskaj\u0101m kolekcij\u0101m, s\u0101kot no Armani l\u012bdz pat Zaffiri. Turkl\u0101t VAN GRAAF sniedz saviem pirc\u0113jiem ar\u012b ekskluz\u012bvu priek\u0161roc\u012bbu, pied\u0101v\u0101jot ieg\u0101d\u0101ties aktu\u0101l\u0101k\u0101s preces no neskait\u0101miem augstas kvalit\u0101tes modes z\u012bmoliem par \u012bpa\u0161i pievilc\u012bg\u0101m cen\u0101m, piem\u0113ram, Marie Lund, Franco Callegari un Apriori sieviet\u0113m vai Finshley&amp;Harding un Nils Sundstr\u00f6m v\u012brie\u0161iem. Papildus tam m\u0113s nep\u0101rtraukti sniedzam jaunas ap\u0123\u0113rbu kombin\u0113\u0161anas idejas un stila padomus, kas iepirk\u0161anos VAN GRAAF veikalos un t\u012bmek\u013ca vietn\u0113 VANGRAAF.COM vienm\u0113r padara patiesi pat\u012bkamu.[\/vc_column_text]<div class=\"vg-element brand-slider brand-slider--light\" data-aos=\"fade-up\"><div class=\"brand-slider__inner\"><div class=\"brand-slider__slider js-brand-slider\"><div class=\"brand-slider__slider__item\"><a href=\"https:\/\/www.vangraaf.com\/lv\/zimoli\/adidas-originals\/\" title=\"adidas Originals\"><img loading=\"lazy\" decoding=\"async\" width=\"1\" height=\"1\" src=\"https:\/\/www.vangraaf.com\/lv\/wp-content\/uploads\/sites\/5\/2020\/03\/Adidas_Logo_grau_OK.svg\" class=\"attachment-full size-full\" alt=\"\" \/><\/a><\/div><div class=\"brand-slider__slider__item\"><a href=\"https:\/\/www.vangraaf.com\/lv\/zimoli\/calvin-klein\/\" title=\"Calvin Klein\"><img loading=\"lazy\" decoding=\"async\" width=\"1\" height=\"1\" src=\"https:\/\/www.vangraaf.com\/lv\/wp-content\/uploads\/sites\/5\/2020\/03\/Calvin-Klein-Logo-grau_OK.svg\" class=\"attachment-full size-full\" alt=\"\" \/><\/a><\/div><div class=\"brand-slider__slider__item\"><a href=\"https:\/\/www.vangraaf.com\/lv\/zimoli\/lacoste\/\" title=\"Lacoste\"><img loading=\"lazy\" decoding=\"async\" width=\"1\" height=\"1\" src=\"https:\/\/www.vangraaf.com\/lv\/wp-content\/uploads\/sites\/5\/2020\/03\/Lacoste_Logo_4c_grau_Ausnahme_OK.svg\" class=\"attachment-full size-full\" alt=\"\" \/><\/a><\/div><div class=\"brand-slider__slider__item\"><a href=\"https:\/\/www.vangraaf.com\/lv\/zimoli\/tom-tailor\/\" title=\"TOM TAILOR\"><img loading=\"lazy\" decoding=\"async\" width=\"1\" height=\"1\" src=\"https:\/\/www.vangraaf.com\/lv\/wp-content\/uploads\/sites\/5\/2020\/03\/Tom_Tailor_Logo_grau_OK.svg\" class=\"attachment-full size-full\" alt=\"\" \/><\/a><\/div><div class=\"brand-slider__slider__item\"><a href=\"https:\/\/www.vangraaf.com\/lv\/zimoli\/boss\/\" title=\"BOSS\"><img loading=\"lazy\" decoding=\"async\" width=\"1\" height=\"1\" src=\"https:\/\/www.vangraaf.com\/lv\/wp-content\/uploads\/sites\/5\/2020\/03\/Boss_Logo_grau_OK.svg\" class=\"attachment-full size-full\" alt=\"\" \/><\/a><\/div><div class=\"brand-slider__slider__item\"><a href=\"https:\/\/www.vangraaf.com\/lv\/zimoli\/armani-exchange\/\" title=\"Armani Exchange\"><img loading=\"lazy\" decoding=\"async\" width=\"1\" height=\"1\" src=\"https:\/\/www.vangraaf.com\/lv\/wp-content\/uploads\/sites\/5\/2020\/03\/Armani-Exchange-Logo-grau_OK.svg\" class=\"attachment-full size-full\" alt=\"\" \/><\/a><\/div><div class=\"brand-slider__slider__item\"><a href=\"https:\/\/www.vangraaf.com\/lv\/zimoli\/polo-ralph-lauren\/\" title=\"Polo Ralph Lauren\"><img loading=\"lazy\" decoding=\"async\" width=\"1\" height=\"1\" src=\"https:\/\/www.vangraaf.com\/lv\/wp-content\/uploads\/sites\/5\/2020\/03\/Ralph_Lauren_Logo_grau_OK.svg\" class=\"attachment-full size-full\" alt=\"\" \/><\/a><\/div><div class=\"brand-slider__slider__item\"><a href=\"https:\/\/www.vangraaf.com\/lv\/zimoli\/marie-lund\/\" title=\"Marie Lund\"><img loading=\"lazy\" decoding=\"async\" width=\"1\" height=\"1\" src=\"https:\/\/www.vangraaf.com\/lv\/wp-content\/uploads\/sites\/5\/2020\/03\/Marie_Lund_Logo_grau_OK.svg\" class=\"attachment-full size-full\" alt=\"\" \/><\/a><\/div><div class=\"brand-slider__slider__item\"><a href=\"https:\/\/www.vangraaf.com\/lv\/zimoli\/finshley-harding\/\" title=\"Finshley &amp; Harding\"><img loading=\"lazy\" decoding=\"async\" width=\"1\" height=\"1\" src=\"https:\/\/www.vangraaf.com\/lv\/wp-content\/uploads\/sites\/5\/2020\/03\/Finsley_Harding_Logo_grau_OK.svg\" class=\"attachment-full size-full\" alt=\"\" \/><\/a><\/div><\/div><\/div><\/div>[\/vc_column][\/vc_row][vc_row][vc_column]\n        <div class=\"headlines headlines--center\" data-aos=\"fade-up\">\n            <div class=\"vc_row\">\n                <div class=\"vc_col-md-10 vc_col-md-offset-1 vc_col-lg-10 vc_col-lg-offset-1\"><span class=\"h6\">M\u016bsu vado\u0161ais princips<\/span><h2 class=\"h2\">Ar m\u012blest\u012bbu pret modi un cilv\u0113kiem<\/h2><\/div>\n            <\/div>\n        <\/div>[vc_column_text]Aizrau\u0161an\u0101s ar modes pasauli ir neat\u0146emama m\u016bsu b\u016bt\u012bbas da\u013ca, un to pier\u0101da tas, ka m\u016bsu uz\u0146\u0113mums jau kop\u0161 1911.\u00a0gada ir bijis atpaz\u012bstams ar pied\u0101v\u0101to ap\u0123\u0113rbu kvalit\u0101ti, izcilo modes tenden\u010du izj\u016btu un augst\u0101k\u0101s klases kolekcij\u0101m. M\u016bsu aizrau\u0161an\u0101s ar cilv\u0113kiem ir dzin\u0113jsp\u0113ks, kas m\u016bs dienu no dienas motiv\u0113 darbam. M\u0113s v\u0113lamies piln\u012bb\u0101 izprast m\u016bsu pirc\u0113ju individu\u0101l\u0101s pras\u012bbas un v\u0113lmes, lai sniegtu vi\u0146iem vislab\u0101kos padomus un atbalstu, k\u0101 ar\u012b pied\u0101v\u0101tu tie\u0161i vi\u0146iem piel\u0101gotus \u0123\u0113rb\u0161an\u0101s risin\u0101jumus. M\u0113s veiksm\u012bgi to pan\u0101kam, izmantojot m\u016bsu stila izj\u016btu, kad piemekl\u0113jam vislab\u0101k\u0101s ap\u0123\u0113rbu kombin\u0101cijas, izveidojam iedvesmojo\u0161as pre\u010du demonstr\u0101cijas un sniedzam m\u016bsu profesion\u0101los un individu\u0101los padomus jaut\u0101jumos gan par to, kas vislab\u0101k piest\u0101v, gan par jaun\u0101kaj\u0101m un popul\u0101r\u0101kaj\u0101m modes tendenc\u0113m.\r\n\r\n<b>M\u016bsu vado\u0161ie principi mums pal\u012bdz sasniegt m\u016bsu m\u0113r\u0137i\u00a0\u2013sniegt m\u016bsu pirc\u0113jiem augst\u0101k\u0101s kvalit\u0101tes pakalpojumus katru dienu un jebk\u0101d\u0101 jaut\u0101jum\u0101:<\/b>\r\n<ul>\r\n \t<li>pre\u010du kl\u0101sts, kur\u0101 ir vislab\u0101k\u0101s kolekcijas, kas ir izv\u0113l\u0113tas ar gaumi un izcilu stila izj\u016btu;<\/li>\r\n \t<li>\u0123\u0113rb\u0161an\u0101s idejas atbilsto\u0161i jaun\u0101kaj\u0101m tendenc\u0113m un iedvesmojo\u0161a atmosf\u0113ra;<\/li>\r\n \t<li>kompetents individu\u0101lais atbalsts, konsult\u0101cijas un pakalpojumi.<\/li>\r\n<\/ul>\r\n[\/vc_column_text][\/vc_column][\/vc_row][vc_row][vc_column]\n        <div class=\"headlines headlines--center\" data-aos=\"fade-up\">\n            <div class=\"vc_row\">\n                <div class=\"vc_col-md-10 vc_col-md-offset-1 vc_col-lg-10 vc_col-lg-offset-1\"><h2 class=\"h2\">Zino\u0161i darbinieki<\/h2><\/div>\n            <\/div>\n        <\/div>[vc_column_text]VAN GRAAF septi\u0146\u0101s Eiropas valst\u012bs nodarbina aptuveni 800 darbinieku. Jebkur\u0161, kur\u0161 v\u0113las sasniegt visaugst\u0101k\u0101s virsotnes m\u016bsu starptautiskaj\u0101 modes uz\u0146\u0113mum\u0101, var izmantot visas m\u016bsu sniegt\u0101s iesp\u0113jas. Motiv\u0113tiem cilv\u0113kiem ar labu izpratni par kvalit\u0101ti un aizrau\u0161anos ar modi m\u0113s v\u0113lamies sniegt lieliskas karjeras iesp\u0113jas.[\/vc_column_text]\n        <div class=\"vg-element promo-teaser promo-teaser--  promo-teaser--\" style=\"--season-color: #ffffff;\" data-aos=\"fade-up\">\n            <div class=\"vc_row vc_row-flex\">\n                <div class=\"vc_col-sm-6 promo-teaser__image\">\n                    <a class=\"\" href=\"https:\/\/www.vangraaf.com\/lv\/karjera\/\" target=\"_blank\" rel=\"\" style=\"\"><img loading=\"lazy\" decoding=\"async\" width=\"599\" height=\"549\" src=\"https:\/\/www.vangraaf.com\/lv\/wp-content\/uploads\/sites\/5\/2021\/07\/Unternehmen_Fakten_Karriere_WP.jpg\" class=\"vc_single_image-img\" alt=\"\" srcset=\"https:\/\/www.vangraaf.com\/lv\/wp-content\/uploads\/sites\/5\/2021\/07\/Unternehmen_Fakten_Karriere_WP.jpg 599w, https:\/\/www.vangraaf.com\/lv\/wp-content\/uploads\/sites\/5\/2021\/07\/Unternehmen_Fakten_Karriere_WP-300x275.jpg 300w, https:\/\/www.vangraaf.com\/lv\/wp-content\/uploads\/sites\/5\/2021\/07\/Unternehmen_Fakten_Karriere_WP-480x440.jpg 480w\" sizes=\"(max-width: 599px) 100vw, 599px\" \/><\/a>\n                <\/div>\n                <div class=\"vc_col-sm-6\">\n                    <div class=\"promo-teaser__content-wrapper\">\n                        <div class=\"promo-teaser__content promo-teaser__content--center\"><p style=\"text-align: center\">Vai tev ir interese pievienoties VAN GRAAF komandai?<br \/>\nT\u0101d\u0101 gad\u012bjum\u0101 aicin\u0101m iesniegt savu pieteikuma v\u0113stuli!<\/p>\n<a class=\"button button--\" href=\"https:\/\/www.vangraaf.com\/lv\/karjera\/\" target=\"_blank\" rel=\"\" style=\"\">Uzzin\u0101t vair\u0101k<\/a><\/div>\n                    <\/div>\n                <\/div>\n            <\/div>\n        <\/div>[\/vc_column][\/vc_row]<\/div>","protected":false},"excerpt":{"rendered":"[vc_row bwd_tbc4vd_show_weekday=&#8221;&#8221; full_width=&#8221;stretch_row_content_no_spaces&#8221;][vc_column][vc_column_text] M\u016bsu filozofija ir ar\u012b m\u016bsu pan\u0101kumu atsl\u0113ga: m\u0113s tiecamies sasniegt augst\u0101kos kvalit\u0101tes standartus, gan attiec\u012bb\u0101 uz m\u016bsu moderno ap\u0123\u0113rbu kl\u0101stu, gan da\u017e\u0101dajiem pakalpojumiem, kas pieejami m\u016bsu tirdzniec\u012bbas viet\u0101s, nepie\u013caujot kompromisus nevien\u0101 jom\u0101. Par \u012bpa\u0161i svar\u012bgu m\u0113s uzskat\u0101m profesion\u0101lo kompetenci, kas piem\u012bt m\u016bsu augsti motiv\u0113tajiem darbiniekiem, kuri savas profesion\u0101l\u0101s zin\u0101\u0161anas, izcilo stila un [&hellip;]","protected":false},"author":6,"featured_media":0,"parent":5325,"menu_order":0,"comment_status":"closed","ping_status":"closed","template":"","meta":{"_acf_changed":false,"inline_featured_image":false,"footnotes":""},"class_list":["post-5330","page","type-page","status-publish","hentry"],"acf":[],"yoast_head":"<!-- This site is optimized with the Yoast SEO plugin v27.2 - https:\/\/yoast.com\/product\/yoast-seo-wordpress\/ -->\n<title>VAN GRAAF R\u012bg\u0101 - Pla\u0161as zin\u0101\u0161anas par modi<\/title>\n<meta name=\"description\" content=\"M\u0113s tiecamies sasniegt augst\u0101kos kvalit\u0101tes standartus, gan attiec\u012bb\u0101 uz m\u016bsu moderno ap\u0123\u0113rbu kl\u0101stu, gan da\u017e\u0101dajiem pakalpojumiem, kas pieejami m\u016bsu tirdzniec\u012bbas viet\u0101s, nepie\u013caujot kompromisus neviena jom\u0101.\" \/>\n<meta name=\"robots\" content=\"index, follow, max-snippet:-1, max-image-preview:large, max-video-preview:-1\" \/>\n<link rel=\"canonical\" href=\"https:\/\/www.vangraaf.com\/lv\/uznemums\/uznemumu-grupa\/plasas-zinasanas-par-modi\/\" \/>\n<meta property=\"og:locale\" content=\"lv_LV\" \/>\n<meta property=\"og:type\" content=\"article\" \/>\n<meta property=\"og:title\" content=\"VAN GRAAF R\u012bg\u0101 - Pla\u0161as zin\u0101\u0161anas par modi\" \/>\n<meta property=\"og:description\" content=\"M\u0113s tiecamies sasniegt augst\u0101kos kvalit\u0101tes standartus, gan attiec\u012bb\u0101 uz m\u016bsu moderno ap\u0123\u0113rbu kl\u0101stu, gan da\u017e\u0101dajiem pakalpojumiem, kas pieejami m\u016bsu tirdzniec\u012bbas viet\u0101s, nepie\u013caujot kompromisus neviena jom\u0101.\" \/>\n<meta property=\"og:url\" content=\"https:\/\/www.vangraaf.com\/lv\/uznemums\/uznemumu-grupa\/plasas-zinasanas-par-modi\/\" \/>\n<meta property=\"og:site_name\" content=\"VAN GRAAF Latvija\" \/>\n<meta property=\"article:modified_time\" content=\"2021-07-15T07:27:34+00:00\" \/>\n<meta name=\"twitter:card\" content=\"summary_large_image\" \/>\n<meta name=\"twitter:label1\" content=\"Est. reading time\" \/>\n\t<meta name=\"twitter:data1\" content=\"3 min\u016btes\" \/>\n<script type=\"application\/ld+json\" class=\"yoast-schema-graph\">{\"@context\":\"https:\/\/schema.org\",\"@graph\":[{\"@type\":\"WebPage\",\"@id\":\"https:\/\/www.vangraaf.com\/lv\/uznemums\/uznemumu-grupa\/plasas-zinasanas-par-modi\/\",\"url\":\"https:\/\/www.vangraaf.com\/lv\/uznemums\/uznemumu-grupa\/plasas-zinasanas-par-modi\/\",\"name\":\"VAN GRAAF R\u012bg\u0101 - Pla\u0161as zin\u0101\u0161anas par modi\",\"isPartOf\":{\"@id\":\"https:\/\/www.vangraaf.com\/lv\/#website\"},\"datePublished\":\"2021-06-29T12:34:14+00:00\",\"dateModified\":\"2021-07-15T07:27:34+00:00\",\"description\":\"M\u0113s tiecamies sasniegt augst\u0101kos kvalit\u0101tes standartus, gan attiec\u012bb\u0101 uz m\u016bsu moderno ap\u0123\u0113rbu kl\u0101stu, gan da\u017e\u0101dajiem pakalpojumiem, kas pieejami m\u016bsu tirdzniec\u012bbas viet\u0101s, nepie\u013caujot kompromisus neviena jom\u0101.\",\"breadcrumb\":{\"@id\":\"https:\/\/www.vangraaf.com\/lv\/uznemums\/uznemumu-grupa\/plasas-zinasanas-par-modi\/#breadcrumb\"},\"inLanguage\":\"lv-LV\",\"potentialAction\":[{\"@type\":\"ReadAction\",\"target\":[\"https:\/\/www.vangraaf.com\/lv\/uznemums\/uznemumu-grupa\/plasas-zinasanas-par-modi\/\"]}]},{\"@type\":\"BreadcrumbList\",\"@id\":\"https:\/\/www.vangraaf.com\/lv\/uznemums\/uznemumu-grupa\/plasas-zinasanas-par-modi\/#breadcrumb\",\"itemListElement\":[{\"@type\":\"ListItem\",\"position\":1,\"name\":\"Home\",\"item\":\"https:\/\/www.vangraaf.com\/lv\/\"},{\"@type\":\"ListItem\",\"position\":2,\"name\":\"Uz\u0146\u0113mums\",\"item\":\"https:\/\/www.vangraaf.com\/lv\/uznemums\/\"},{\"@type\":\"ListItem\",\"position\":3,\"name\":\"Uz\u0146\u0113mumu grupa\",\"item\":\"https:\/\/www.vangraaf.com\/lv\/uznemums\/uznemumu-grupa\/\"},{\"@type\":\"ListItem\",\"position\":4,\"name\":\"Pla\u0161as zin\u0101\u0161anas par modi\"}]},{\"@type\":\"WebSite\",\"@id\":\"https:\/\/www.vangraaf.com\/lv\/#website\",\"url\":\"https:\/\/www.vangraaf.com\/lv\/\",\"name\":\"VAN GRAAF\",\"description\":\"VAN GRAAF\",\"potentialAction\":[{\"@type\":\"SearchAction\",\"target\":{\"@type\":\"EntryPoint\",\"urlTemplate\":\"https:\/\/www.vangraaf.com\/lv\/?s={search_term_string}\"},\"query-input\":{\"@type\":\"PropertyValueSpecification\",\"valueRequired\":true,\"valueName\":\"search_term_string\"}}],\"inLanguage\":\"lv-LV\"}]}<\/script>\n<!-- \/ Yoast SEO plugin. -->","yoast_head_json":{"title":"VAN GRAAF R\u012bg\u0101 - Pla\u0161as zin\u0101\u0161anas par modi","description":"M\u0113s tiecamies sasniegt augst\u0101kos kvalit\u0101tes standartus, gan attiec\u012bb\u0101 uz m\u016bsu moderno ap\u0123\u0113rbu kl\u0101stu, gan da\u017e\u0101dajiem pakalpojumiem, kas pieejami m\u016bsu tirdzniec\u012bbas viet\u0101s, nepie\u013caujot kompromisus neviena jom\u0101.","robots":{"index":"index","follow":"follow","max-snippet":"max-snippet:-1","max-image-preview":"max-image-preview:large","max-video-preview":"max-video-preview:-1"},"canonical":"https:\/\/www.vangraaf.com\/lv\/uznemums\/uznemumu-grupa\/plasas-zinasanas-par-modi\/","og_locale":"lv_LV","og_type":"article","og_title":"VAN GRAAF R\u012bg\u0101 - Pla\u0161as zin\u0101\u0161anas par modi","og_description":"M\u0113s tiecamies sasniegt augst\u0101kos kvalit\u0101tes standartus, gan attiec\u012bb\u0101 uz m\u016bsu moderno ap\u0123\u0113rbu kl\u0101stu, gan da\u017e\u0101dajiem pakalpojumiem, kas pieejami m\u016bsu tirdzniec\u012bbas viet\u0101s, nepie\u013caujot kompromisus neviena jom\u0101.","og_url":"https:\/\/www.vangraaf.com\/lv\/uznemums\/uznemumu-grupa\/plasas-zinasanas-par-modi\/","og_site_name":"VAN GRAAF Latvija","article_modified_time":"2021-07-15T07:27:34+00:00","twitter_card":"summary_large_image","twitter_misc":{"Est. reading time":"3 min\u016btes"},"schema":{"@context":"https:\/\/schema.org","@graph":[{"@type":"WebPage","@id":"https:\/\/www.vangraaf.com\/lv\/uznemums\/uznemumu-grupa\/plasas-zinasanas-par-modi\/","url":"https:\/\/www.vangraaf.com\/lv\/uznemums\/uznemumu-grupa\/plasas-zinasanas-par-modi\/","name":"VAN GRAAF R\u012bg\u0101 - Pla\u0161as zin\u0101\u0161anas par modi","isPartOf":{"@id":"https:\/\/www.vangraaf.com\/lv\/#website"},"datePublished":"2021-06-29T12:34:14+00:00","dateModified":"2021-07-15T07:27:34+00:00","description":"M\u0113s tiecamies sasniegt augst\u0101kos kvalit\u0101tes standartus, gan attiec\u012bb\u0101 uz m\u016bsu moderno ap\u0123\u0113rbu kl\u0101stu, gan da\u017e\u0101dajiem pakalpojumiem, kas pieejami m\u016bsu tirdzniec\u012bbas viet\u0101s, nepie\u013caujot kompromisus neviena jom\u0101.","breadcrumb":{"@id":"https:\/\/www.vangraaf.com\/lv\/uznemums\/uznemumu-grupa\/plasas-zinasanas-par-modi\/#breadcrumb"},"inLanguage":"lv-LV","potentialAction":[{"@type":"ReadAction","target":["https:\/\/www.vangraaf.com\/lv\/uznemums\/uznemumu-grupa\/plasas-zinasanas-par-modi\/"]}]},{"@type":"BreadcrumbList","@id":"https:\/\/www.vangraaf.com\/lv\/uznemums\/uznemumu-grupa\/plasas-zinasanas-par-modi\/#breadcrumb","itemListElement":[{"@type":"ListItem","position":1,"name":"Home","item":"https:\/\/www.vangraaf.com\/lv\/"},{"@type":"ListItem","position":2,"name":"Uz\u0146\u0113mums","item":"https:\/\/www.vangraaf.com\/lv\/uznemums\/"},{"@type":"ListItem","position":3,"name":"Uz\u0146\u0113mumu grupa","item":"https:\/\/www.vangraaf.com\/lv\/uznemums\/uznemumu-grupa\/"},{"@type":"ListItem","position":4,"name":"Pla\u0161as zin\u0101\u0161anas par modi"}]},{"@type":"WebSite","@id":"https:\/\/www.vangraaf.com\/lv\/#website","url":"https:\/\/www.vangraaf.com\/lv\/","name":"VAN GRAAF","description":"VAN GRAAF","potentialAction":[{"@type":"SearchAction","target":{"@type":"EntryPoint","urlTemplate":"https:\/\/www.vangraaf.com\/lv\/?s={search_term_string}"},"query-input":{"@type":"PropertyValueSpecification","valueRequired":true,"valueName":"search_term_string"}}],"inLanguage":"lv-LV"}]}},"_links":{"self":[{"href":"https:\/\/www.vangraaf.com\/lv\/wp-json\/wp\/v2\/pages\/5330","targetHints":{"allow":["GET"]}}],"collection":[{"href":"https:\/\/www.vangraaf.com\/lv\/wp-json\/wp\/v2\/pages"}],"about":[{"href":"https:\/\/www.vangraaf.com\/lv\/wp-json\/wp\/v2\/types\/page"}],"author":[{"embeddable":true,"href":"https:\/\/www.vangraaf.com\/lv\/wp-json\/wp\/v2\/users\/6"}],"replies":[{"embeddable":true,"href":"https:\/\/www.vangraaf.com\/lv\/wp-json\/wp\/v2\/comments?post=5330"}],"version-history":[{"count":5,"href":"https:\/\/www.vangraaf.com\/lv\/wp-json\/wp\/v2\/pages\/5330\/revisions"}],"predecessor-version":[{"id":5534,"href":"https:\/\/www.vangraaf.com\/lv\/wp-json\/wp\/v2\/pages\/5330\/revisions\/5534"}],"up":[{"embeddable":true,"href":"https:\/\/www.vangraaf.com\/lv\/wp-json\/wp\/v2\/pages\/5325"}],"wp:attachment":[{"href":"https:\/\/www.vangraaf.com\/lv\/wp-json\/wp\/v2\/media?parent=5330"}],"curies":[{"name":"wp","href":"https:\/\/api.w.org\/{rel}","templated":true}]}}